{"id":15358,"date":"2025-01-19T14:25:46","date_gmt":"2025-01-19T14:25:46","guid":{"rendered":"https:\/\/www.hydraulic-cylinders.net\/product\/bucket-cylinder-for-kobelco-middle-excavator-sk230\/"},"modified":"2025-01-19T14:25:48","modified_gmt":"2025-01-19T14:25:48","slug":"bucket-cylinder-for-kobelco-middle-excavator-sk230","status":"publish","type":"product","link":"https:\/\/www.hydraulic-cylinders.net\/cs\/produkt\/bucket-cylinder-for-kobelco-middle-excavator-sk230\/","title":{"rendered":"V\u00e1lec l\u017e\u00edce pro st\u0159edn\u00ed bagr Kobelco SK230"},"content":{"rendered":"<p><!DOCTYPE html><br \/>\n<html><br \/>\n<head><br \/>\n<title>V\u00e1lec l\u017e\u00edce pro st\u0159edn\u00ed bagr Kobelco SK230<\/title><br \/>\n<\/head><br \/>\n<body><\/p>\n<h1>V\u00e1lec l\u017e\u00edce pro st\u0159edn\u00ed bagr Kobelco SK230<\/h1>\n<h2>Zaveden\u00ed<\/h2>\n<p>Hydraulick\u00fd v\u00e1lec l\u017e\u00edce pro st\u0159edn\u00ed bagr Kobelco SK230 je speci\u00e1ln\u011b navr\u017een\u00fd hydraulick\u00fd v\u00e1lec pou\u017e\u00edvan\u00fd k ovl\u00e1d\u00e1n\u00ed pohybu l\u017e\u00edce v t\u011b\u017ek\u00fdch stroj\u00edch, jako jsou rypadla, r\u00fdpadlo-naklada\u010de a \u010deln\u00ed naklada\u010de. Jeho hlavn\u00ed funkc\u00ed je umo\u017enit zved\u00e1n\u00ed, spou\u0161t\u011bn\u00ed a nakl\u00e1p\u011bn\u00ed l\u017e\u00edce, co\u017e umo\u017e\u0148uje efektivn\u00ed manipulaci s r\u016fzn\u00fdmi materi\u00e1ly. V hydraulick\u00e9m syst\u00e9mu dosahuje v\u00e1lec l\u017e\u00edce p\u0159esn\u00e9ho ovl\u00e1d\u00e1n\u00ed pohybu l\u017e\u00edce zm\u011bnami tlaku hydraulick\u00e9ho oleje, co\u017e umo\u017e\u0148uje obsluze efektivn\u011b manipulovat s t\u011b\u017ek\u00fdmi b\u0159emeny a p\u0159izp\u016fsobovat se slo\u017eit\u00fdm pracovn\u00edm prost\u0159ed\u00edm a rozmanit\u00fdm po\u017eadavk\u016fm na pr\u00e1ci.<\/p>\n<p><img decoding=\"async\" src=\"https:\/\/www.hydraulic-cylinders.net\/wp-content\/uploads\/2025\/01\/songte-company-2.webp\" alt=\"Obr\u00e1zek v\u00e1lce kbel\u00edku\"><\/p>\n<h2>Funkce<\/h2>\n<ul>\n<li>Vysok\u00e1 pevnost a odolnost: Obvykle je vyroben z vysokopevnostn\u00ed oceli nebo hlin\u00edku, odol\u00e1 vysok\u00e9mu tlaku a t\u011b\u017ek\u00e9mu zat\u00ed\u017een\u00ed a p\u0159izp\u016fsob\u00ed se n\u00e1ro\u010dn\u00e9mu pracovn\u00edmu prost\u0159ed\u00ed. Konstrukce zohled\u0148uje odolnost proti opot\u0159eben\u00ed a korozi, aby se prodlou\u017eila jeho \u017eivotnost.<\/li>\n<li>Efektivn\u00ed hydraulick\u00fd provoz: D\u00edky vyu\u017eit\u00ed tlaku hydraulick\u00e9ho oleje k dosa\u017een\u00ed plynul\u00fdch teleskopick\u00fdch pohyb\u016f dok\u00e1\u017ee rychle reagovat na \u0159\u00eddic\u00ed povely a poskytovat siln\u00e9 tla\u010dn\u00e9 a ta\u017en\u00e9 s\u00edly vhodn\u00e9 pro manipulaci s t\u011b\u017ek\u00fdmi b\u0159emeny a slo\u017eit\u00fdmi \u00fakoly.<\/li>\n<li>R\u016fzn\u00e9 typy: K dispozici s jedno\u010dinn\u00fdmi (hydraulick\u00fd pohon se pou\u017e\u00edv\u00e1 pouze v jednom sm\u011bru) nebo dvoj\u010dinn\u00fdmi (hydraulick\u00fd pohon se pou\u017e\u00edv\u00e1 v obou sm\u011brech) v\u00e1lci, co\u017e umo\u017e\u0148uje r\u016fzn\u00e9 provozn\u00ed po\u017eadavky. N\u011bkter\u00e9 modely jsou teleskopick\u00e9, co\u017e umo\u017e\u0148uje v\u011bt\u0161\u00ed v\u00fdsuv bez zv\u011bt\u0161en\u00ed vn\u011bj\u0161\u00edch rozm\u011br\u016f, a proto jsou vhodn\u00e9 pro aplikace s omezen\u00fdm prostorem.<\/li>\n<li>N\u00e1hrada produktu: Na\u0161e produkty mohou tyto hydraulick\u00e9 v\u00e1lce dokonale nahradit. <\/li>\n<\/ul>\n<p><img decoding=\"async\" src=\"https:\/\/www.hydraulic-cylinders.net\/wp-content\/uploads\/2025\/01\/songte-cylinder-head-with-all-kinds-excavator-models.webp\" alt=\"Obr\u00e1zek produktu\"><\/p>\n<h2>Aplikace<\/h2>\n<ul>\n<li>Stavebn\u00ed stroje: Nach\u00e1zej\u00ed se v bagrech a jsou nezbytn\u00e9 pro kop\u00e1n\u00ed, nakl\u00e1d\u00e1n\u00ed a p\u0159emis\u0165ov\u00e1n\u00ed zeminy nebo suti. U rypadlo-naklada\u010d\u016f pom\u00e1haj\u00ed kore\u010dkov\u00e9 v\u00e1lce jak p\u0159i v\u00fdkopu, tak p\u0159i zved\u00e1n\u00ed.<\/li>\n<li>Zem\u011bd\u011blsk\u00e9 stroje: Pou\u017e\u00edvaj\u00ed se v \u010deln\u00edch naklada\u010d\u00edch pro nab\u00edr\u00e1n\u00ed, zved\u00e1n\u00ed a p\u0159epravu p\u016fdy, sena a dal\u0161\u00edch materi\u00e1l\u016f.<\/li>\n<li>Rypadla: V\u00e1lce l\u017e\u00edce umo\u017e\u0148uj\u00ed kop\u00e1n\u00ed t\u00edm, \u017ee umo\u017e\u0148uj\u00ed l\u017e\u00edci proniknout do p\u016fdy.<\/li>\n<li>Naklada\u010de: \u010celn\u00ed naklada\u010de efektivn\u011b pom\u00e1haj\u00ed p\u0159i zved\u00e1n\u00ed a vykl\u00e1dce zbo\u017e\u00ed.<\/li>\n<\/ul>\n<h2>Konstruk\u010dn\u00ed aspekty a krit\u00e9ria v\u00fdb\u011bru<\/h2>\n<ul>\n<li>\u00danosnost: Diskutujte schopnost v\u00e1lce n\u00e9st zat\u00ed\u017een\u00ed a d\u016fle\u017eitost zohledn\u011bn\u00ed specifick\u00fdch po\u017eadavk\u016f aplikace.<\/li>\n<li>T\u011bsn\u011bn\u00ed: Vysv\u011btlete pou\u017eit\u00ed r\u016fzn\u00fdch t\u011bsnic\u00edch prvk\u016f, jako jsou p\u00edstn\u00ed t\u011bsn\u011bn\u00ed a p\u00edstn\u00ed t\u011bsn\u011bn\u00ed vyroben\u00e1 z materi\u00e1l\u016f odoln\u00fdch proti opot\u0159eben\u00ed, jako je polyuretan a nitrilov\u00e1 pry\u017e. Zd\u016frazn\u011bte d\u016fle\u017eitost jemn\u011b opracovan\u00e9ho t\u011blesa v\u00e1lce a z\u00e1vitov\u00fdch koncov\u00fdch ploch pro zv\u00fd\u0161en\u00ed odolnosti proti opot\u0159eben\u00ed.<\/li>\n<li>Trvanlivost: Zd\u016frazn\u011bte pot\u0159ebu vysoce kvalitn\u00edch materi\u00e1l\u016f a p\u0159esn\u00e9 v\u00fdroby, aby byla zaji\u0161t\u011bna trvanlivost a odolnost v\u00e1lce v\u016f\u010di opot\u0159eben\u00ed.<\/li>\n<li>Bezpe\u010dnost: Prodiskutujte bezpe\u010dnostn\u00ed aspekty n\u00e1vrhu, v\u010detn\u011b opat\u0159en\u00ed k prevenci nehod a zaji\u0161t\u011bn\u00ed bezpe\u010dn\u00e9ho provozu v\u00e1lce.<\/li>\n<li>\u00dadr\u017eba: Zam\u011b\u0159te se na snadnou \u00fadr\u017ebu a dostupnost n\u00e1hradn\u00edch d\u00edl\u016f s d\u016frazem na d\u016fle\u017eitost pravideln\u00fdch kontrol a preventivn\u00ed \u00fadr\u017eby.<\/li>\n<\/ul>\n<p><img decoding=\"async\" src=\"https:\/\/www.hydraulic-cylinders.net\/wp-content\/uploads\/2025\/01\/songte-oil-pipes-and-spare-parts.webp\" alt=\"Obr\u00e1zek \u010d\u00e1st\u00ed v\u00e1lce\"><\/p>\n<h2>T\u011bsn\u011bn\u00ed a maz\u00e1n\u00ed<\/h2>\n<p>Kore\u010dkov\u00fd v\u00e1lec vyu\u017e\u00edv\u00e1 r\u016fzn\u00e1 t\u011bsn\u011bn\u00ed, jako jsou p\u00edstn\u00ed a p\u00edstn\u00ed t\u011bsn\u011bn\u00ed, vyroben\u00e1 z odoln\u00fdch materi\u00e1l\u016f, jako je polyuretan a nitrilov\u00e1 pry\u017e. T\u011bleso v\u00e1lce a z\u00e1vitov\u00e9 koncov\u00e9 plochy jsou pe\u010dliv\u011b o\u0161et\u0159eny pro zlep\u0161en\u00ed odolnosti proti opot\u0159eben\u00ed. Pro zaji\u0161t\u011bn\u00ed hladk\u00e9ho provozu je nezbytn\u00e9 pravideln\u00e9 maz\u00e1n\u00ed vhodn\u00fdm mno\u017estv\u00edm hydraulick\u00e9ho oleje.<\/p>\n<h2>\u00dadr\u017eba a preventivn\u00ed opat\u0159en\u00ed<\/h2>\n<ul>\n<li>Pravideln\u00e1 kontrola: Zd\u016frazn\u011bte d\u016fle\u017eitost pravideln\u00fdch kontrol, aby se odhalily p\u0159\u00edpadn\u00e9 probl\u00e9my d\u0159\u00edve, ne\u017e se zhor\u0161\u00ed.<\/li>\n<li>Spr\u00e1vn\u00e9 maz\u00e1n\u00ed: Zd\u016frazn\u011bte d\u016fle\u017eitost spr\u00e1vn\u00e9ho maz\u00e1n\u00ed v\u00e1lce, aby se zabr\u00e1nilo t\u0159en\u00ed a zajistil optim\u00e1ln\u00ed v\u00fdkon.<\/li>\n<li>V\u00fdm\u011bna t\u011bsn\u011bn\u00ed a kontroly kalibrace: Poskytuj\u00ed pokyny, kdy vym\u011bnit t\u011bsn\u011bn\u00ed a jak kalibrovat v\u00e1lec pro zachov\u00e1n\u00ed jeho \u00fa\u010dinnosti.<\/li>\n<\/ul>\n<p><img decoding=\"async\" src=\"https:\/\/www.hydraulic-cylinders.net\/wp-content\/uploads\/2025\/01\/songte-chushion-collar.webp\" alt=\"Obr\u00e1zek \u010d\u00e1st\u00ed v\u00e1lce\"><\/p>\n<h2>Bezpe\u010dnostn\u00ed aspekty a faktory prost\u0159ed\u00ed<\/h2>\n<p>Diskutujte o d\u016fle\u017eitosti dodr\u017eov\u00e1n\u00ed bezpe\u010dnostn\u00edch opat\u0159en\u00ed p\u0159i pou\u017e\u00edv\u00e1n\u00ed kbel\u00edkov\u00e9ho v\u00e1lce a zd\u016frazn\u011bte ve\u0161ker\u00e9 faktory prost\u0159ed\u00ed souvisej\u00edc\u00ed s jeho provozem.<\/p>\n<h2>Odstra\u0148ov\u00e1n\u00ed probl\u00e9m\u016f a b\u011b\u017en\u00e9 probl\u00e9my<\/h2>\n<p>\u0158e\u0161te b\u011b\u017en\u00e9 probl\u00e9my, kter\u00e9 se mohou vyskytnout s v\u00e1lcem kore\u010dkov\u00e9ho motoru, a poskytn\u011bte tipy a \u0159e\u0161en\u00ed probl\u00e9m\u016f pro efektivn\u00ed diagnostiku a vy\u0159e\u0161en\u00ed probl\u00e9m\u016f. Tak\u00e9 navrhn\u011bte preventivn\u00ed opat\u0159en\u00ed k minimalizaci potenci\u00e1ln\u00edch probl\u00e9m\u016f.<\/p>\n<p><img decoding=\"async\" src=\"https:\/\/www.hydraulic-cylinders.net\/wp-content\/uploads\/2025\/01\/songte-bushings-with-all-kinds-of-excavator-models.webp\" alt=\"Obr\u00e1zek \u010d\u00e1st\u00ed v\u00e1lce\"><\/p>\n<h2>O na\u0161\u00ed spole\u010dnosti<\/h2>\n<p>Jsme v\u00fdrobcem n\u00e1hradn\u00edch hydraulick\u00fdch v\u00e1lc\u016f a nab\u00edz\u00edme \u0161irokou \u0161k\u00e1lu produkt\u016f. Stali jsme se jedn\u00edm z p\u0159edn\u00edch v\u00fdrobc\u016f a velkoobchodn\u00edch distributor\u016f hydraulick\u00fdch v\u00e1lc\u016f na dom\u00e1c\u00edm i mezin\u00e1rodn\u00edm trhu. Na\u0161e spole\u010dnost se \u0159\u00edd\u00ed strategi\u00ed industrializovan\u00e9ho \u0159\u00edzen\u00ed v\u00fdroby, zam\u011b\u0159uje se na vynikaj\u00edc\u00ed kvalitu a spol\u00e9h\u00e1 se na sofistikovanou v\u00fdrobn\u00ed d\u00edlnu, pokro\u010dil\u00e9 digit\u00e1ln\u00ed v\u00fdrobn\u00ed za\u0159\u00edzen\u00ed a profesion\u00e1ln\u00ed testovac\u00ed syst\u00e9my. S t\u00fdmem vysoce kvalifikovan\u00fdch odborn\u00edk\u016f a z\u00e1vazkem k efektivit\u011b, p\u0159esnosti a vysok\u00fdm standard\u016fm kvality uspokojujeme rozmanit\u00e9 pot\u0159eby na\u0161ich z\u00e1kazn\u00edk\u016f. <\/p>\n<p><img decoding=\"async\" src=\"https:\/\/hzpt.com\/wp-content\/uploads\/2024\/11\/songte-company-1.webp\" alt=\"Image spole\u010dnosti\"><\/p>\n<h3>Hlavn\u00ed body na\u0161\u00ed spole\u010dnosti:<\/h3>\n<ul>\n<li>Odbornost a mezin\u00e1rodn\u00ed certifikace<\/li>\n<li>Slu\u017eby p\u0159izp\u016fsoben\u00ed<\/li>\n<li>Nejmodern\u011bj\u0161\u00ed v\u00fdrobn\u00ed za\u0159\u00edzen\u00ed<\/li>\n<li>Poprodejn\u00ed servis<\/li>\n<\/ul>\n<p><img decoding=\"async\" src=\"https:\/\/www.hydraulic-cylinders.net\/wp-content\/uploads\/2025\/01\/songte-company-3.webp\" alt=\"Image spole\u010dnosti\"><\/p>\n<p>Autor: lyl<\/p>\n<p><\/body><br \/>\n<\/html><\/p>","protected":false},"excerpt":{"rendered":"<p>Bucket Cylinder For Kobelco Middle Excavator SK230 Bucket Cylinder For Kobelco Middle Excavator SK230 Introduction A bucket cylinder for Kobelco middle excavator SK230 is a specially designed hydraulic cylinder used to control the movement of the bucket in heavy machinery such as excavators, backhoe loaders, and front-end loaders. Its main function is to allow the [&hellip;]<\/p>","protected":false},"featured_media":14788,"comment_status":"open","ping_status":"closed","template":"","meta":{"_et_pb_use_builder":"","_et_pb_old_content":"","_et_gb_content_width":""},"product_brand":[],"product_cat":[1494],"product_tag":[1495,1496],"class_list":{"0":"post-15358","1":"product","2":"type-product","3":"status-publish","4":"has-post-thumbnail","6":"product_cat-bucket-cylinders","7":"product_tag-bucket-cylinders","8":"product_tag-hydraulic-cylinders","10":"first","11":"instock","12":"shipping-taxable","13":"product-type-simple"},"amp_enabled":true,"_links":{"self":[{"href":"https:\/\/www.hydraulic-cylinders.net\/cs\/wp-json\/wp\/v2\/product\/15358","targetHints":{"allow":["GET"]}}],"collection":[{"href":"https:\/\/www.hydraulic-cylinders.net\/cs\/wp-json\/wp\/v2\/product"}],"about":[{"href":"https:\/\/www.hydraulic-cylinders.net\/cs\/wp-json\/wp\/v2\/types\/product"}],"replies":[{"embeddable":true,"href":"https:\/\/www.hydraulic-cylinders.net\/cs\/wp-json\/wp\/v2\/comments?post=15358"}],"wp:featuredmedia":[{"embeddable":true,"href":"https:\/\/www.hydraulic-cylinders.net\/cs\/wp-json\/wp\/v2\/media\/14788"}],"wp:attachment":[{"href":"https:\/\/www.hydraulic-cylinders.net\/cs\/wp-json\/wp\/v2\/media?parent=15358"}],"wp:term":[{"taxonomy":"product_brand","embeddable":true,"href":"https:\/\/www.hydraulic-cylinders.net\/cs\/wp-json\/wp\/v2\/product_brand?post=15358"},{"taxonomy":"product_cat","embeddable":true,"href":"https:\/\/www.hydraulic-cylinders.net\/cs\/wp-json\/wp\/v2\/product_cat?post=15358"},{"taxonomy":"product_tag","embeddable":true,"href":"https:\/\/www.hydraulic-cylinders.net\/cs\/wp-json\/wp\/v2\/product_tag?post=15358"}],"curies":[{"name":"wp","href":"https:\/\/api.w.org\/{rel}","templated":true}]}}