{"id":15372,"date":"2025-01-19T14:26:55","date_gmt":"2025-01-19T14:26:55","guid":{"rendered":"https:\/\/www.hydraulic-cylinders.net\/product\/bucket-cylinder-for-kobelco-large-excavator-sk4608\/"},"modified":"2025-01-19T14:26:57","modified_gmt":"2025-01-19T14:26:57","slug":"bucket-cylinder-for-kobelco-large-excavator-sk4608","status":"publish","type":"product","link":"https:\/\/www.hydraulic-cylinders.net\/cs\/produkt\/bucket-cylinder-for-kobelco-large-excavator-sk4608\/","title":{"rendered":"V\u00e1lec l\u017e\u00edce pro velk\u00e9 rypadlo Kobelco SK4608"},"content":{"rendered":"<p><!DOCTYPE html><br \/>\n<html><br \/>\n<head><br \/>\n<title>V\u00e1lec l\u017e\u00edce pro velk\u00e9 rypadlo Kobelco SK4608<\/title><br \/>\n<\/head><br \/>\n<body><\/p>\n<h1>V\u00e1lec l\u017e\u00edce pro velk\u00e9 rypadlo Kobelco SK4608<\/h1>\n<h2>Zaveden\u00ed<\/h2>\n<p>Hydraulick\u00fd v\u00e1lec l\u017e\u00edce je speci\u00e1ln\u011b navr\u017een\u00fd hydraulick\u00fd v\u00e1lec, kter\u00fd se prim\u00e1rn\u011b pou\u017e\u00edv\u00e1 k ovl\u00e1d\u00e1n\u00ed pohybu l\u017e\u00edce v t\u011b\u017ek\u00fdch stroj\u00edch, jako jsou rypadla, rypadla-naklada\u010de a \u010deln\u00ed naklada\u010de. Jeho hlavn\u00ed funkc\u00ed je umo\u017enit zved\u00e1n\u00ed, spou\u0161t\u011bn\u00ed a nakl\u00e1p\u011bn\u00ed l\u017e\u00edce, co\u017e usnad\u0148uje r\u016fzn\u00e9 \u00fakoly manipulace s materi\u00e1lem. V hydraulick\u00e9m syst\u00e9mu dosahuje v\u00e1lec l\u017e\u00edce p\u0159esn\u00e9ho ovl\u00e1d\u00e1n\u00ed l\u017e\u00edce vyu\u017eit\u00edm zm\u011bn tlaku hydraulick\u00e9ho oleje, co\u017e umo\u017e\u0148uje obsluze efektivn\u011b manipulovat s t\u011b\u017ek\u00fdmi b\u0159emeny a p\u0159izp\u016fsobovat se slo\u017eit\u00fdm pracovn\u00edm prost\u0159ed\u00edm a rozmanit\u00fdm po\u017eadavk\u016fm na pr\u00e1ci.<\/p>\n<p><img decoding=\"async\" src=\"https:\/\/www.hydraulic-cylinders.net\/wp-content\/uploads\/2025\/01\/songte-company-2.webp\" alt=\"Obr\u00e1zek v\u00e1lce kbel\u00edku\"><\/p>\n<h2>Funkce<\/h2>\n<ul>\n<li>Vysok\u00e1 pevnost a trvanlivost: Obvykle je vyroben z vysokopevnostn\u00ed oceli nebo hlin\u00edku, odol\u00e1 vysok\u00e9mu tlaku a velk\u00e9mu zat\u00ed\u017een\u00ed, a p\u0159izp\u016fsob\u00ed se tak n\u00e1ro\u010dn\u00fdm pracovn\u00edm prost\u0159ed\u00edm. Konstrukce zohled\u0148uje odolnost proti opot\u0159eben\u00ed a korozi, co\u017e prodlu\u017euje jeho \u017eivotnost.<\/li>\n<li>Efektivn\u00ed hydraulick\u00fd provoz: D\u00edky vyu\u017eit\u00ed tlaku hydraulick\u00e9ho oleje k dosa\u017een\u00ed plynul\u00e9ho vysouv\u00e1n\u00ed a zasouv\u00e1n\u00ed dok\u00e1\u017ee rychle reagovat na \u0159\u00eddic\u00ed povely a poskytovat siln\u00e9 tla\u010dn\u00e9 a ta\u017en\u00e9 s\u00edly, vhodn\u00e9 pro manipulaci s t\u011b\u017ek\u00fdmi b\u0159emeny a slo\u017eit\u00e9 pracovn\u00ed \u00fakoly.<\/li>\n<li>R\u016fzn\u00e9 typy: Vyberte si mezi jedno\u010dinn\u00fdmi (hydraulick\u00fd tlak pou\u017eit\u00fd pouze v jednom sm\u011bru) nebo dvoj\u010dinn\u00fdmi (hydraulick\u00fd tlak pou\u017eit\u00fd v obou sm\u011brech) v\u00e1lci pro spln\u011bn\u00ed r\u016fzn\u00fdch provozn\u00edch po\u017eadavk\u016f. N\u011bkter\u00e9 modely jsou teleskopick\u00e9, co\u017e umo\u017e\u0148uje v\u011bt\u0161\u00ed vysunut\u00ed bez zv\u011bt\u0161en\u00ed vn\u011bj\u0161\u00edch rozm\u011br\u016f, vhodn\u00e9 pro aplikace s omezen\u00fdm prostorem.<\/li>\n<li>Dokonal\u00e1 n\u00e1hrada: N\u00e1\u0161 produkt dok\u00e1\u017ee tyto hydraulick\u00e9 v\u00e1lce dokonale nahradit.<\/li>\n<\/ul>\n<p><img decoding=\"async\" src=\"https:\/\/www.hydraulic-cylinders.net\/wp-content\/uploads\/2025\/01\/songte-cylinder-head-with-all-kinds-excavator-models.webp\" alt=\"Obr\u00e1zek v\u00fdm\u011bny v\u00e1lce lopaty\"><\/p>\n<h2>Aplikace<\/h2>\n<ul>\n<li>Stavebn\u00ed za\u0159\u00edzen\u00ed: Nach\u00e1zej\u00ed se v bagrech a jsou kl\u00ed\u010dov\u00e9 pro v\u00fdkopov\u00e9 pr\u00e1ce, nakl\u00e1d\u00e1n\u00ed a p\u0159emis\u0165ov\u00e1n\u00ed zeminy nebo suti. U rypadlo-naklada\u010d\u016f pom\u00e1h\u00e1 v\u00e1lec l\u017e\u00edce p\u0159i kop\u00e1n\u00ed i zved\u00e1n\u00ed.<\/li>\n<li>Zem\u011bd\u011blsk\u00e9 stroje: Pou\u017e\u00edvaj\u00ed se v \u010deln\u00edch naklada\u010d\u00edch pro nab\u00edr\u00e1n\u00ed, zved\u00e1n\u00ed a p\u0159epravu p\u016fdy, sena a dal\u0161\u00edch materi\u00e1l\u016f.<\/li>\n<li>Rypadla: V\u00e1lec l\u017e\u00edce umo\u017e\u0148uje kop\u00e1n\u00ed t\u00edm, \u017ee umo\u017e\u0148uje l\u017e\u00edci proniknout do p\u016fdy.<\/li>\n<li>Naklada\u010de: U \u010deln\u00edch naklada\u010d\u016f pom\u00e1haj\u00ed s efektivn\u00edm zved\u00e1n\u00edm a vykl\u00e1dkov\u00e1n\u00edm zbo\u017e\u00ed.<\/li>\n<\/ul>\n<h2>Konstruk\u010dn\u00ed aspekty a krit\u00e9ria v\u00fdb\u011bru<\/h2>\n<ul>\n<li>\u00danosnost: Diskutujte schopnost v\u00e1lce odol\u00e1vat zat\u00ed\u017een\u00ed.<\/li>\n<li>T\u011bsn\u011bn\u00ed: Diskutujte o d\u016fle\u017eitosti pou\u017e\u00edv\u00e1n\u00ed r\u016fzn\u00fdch t\u011bsn\u011bn\u00ed, jako jsou p\u00edstn\u00ed a p\u00edstn\u00ed t\u011bsn\u011bn\u00ed, vyroben\u00fdch z materi\u00e1l\u016f odoln\u00fdch proti opot\u0159eben\u00ed, jako je polyuretan a nitrilov\u00e1 pry\u017e. Zmi\u0148te jemnou povrchovou \u00fapravu t\u011blesa v\u00e1lce a z\u00e1vitov\u00fdch konc\u016f pro zv\u00fd\u0161en\u00ed odolnosti proti opot\u0159eben\u00ed.<\/li>\n<li>Trvanlivost: Diskutujte o \u017eivotnosti v\u00e1lce a jeho odolnosti v\u016f\u010di opot\u0159eben\u00ed.<\/li>\n<li>Bezpe\u010dnost: Proberte bezpe\u010dnostn\u00ed prvky a opat\u0159en\u00ed p\u0159i pou\u017e\u00edv\u00e1n\u00ed lahve.<\/li>\n<li>\u00dadr\u017eba: Proberte d\u016fle\u017eitost pravideln\u00fdch kontrol, maz\u00e1n\u00ed, v\u00fdm\u011bny t\u011bsn\u011bn\u00ed a kalibra\u010dn\u00edch kontrol pro zaji\u0161t\u011bn\u00ed optim\u00e1ln\u00edho v\u00fdkonu a prodlou\u017een\u00ed \u017eivotnosti v\u00e1lce.<\/li>\n<\/ul>\n<p><img decoding=\"async\" src=\"https:\/\/www.hydraulic-cylinders.net\/wp-content\/uploads\/2025\/01\/songte-oil-pipes-and-spare-parts.webp\" alt=\"Obr\u00e1zek \u00fadr\u017eby hydraulick\u00e9ho v\u00e1lce\"><\/p>\n<h2>T\u011bsn\u011bn\u00ed a maz\u00e1n\u00ed<\/h2>\n<p>Ve v\u00e1lci se pou\u017e\u00edvaj\u00ed r\u016fzn\u00e1 t\u011bsn\u011bn\u00ed, jako nap\u0159\u00edklad p\u00edstn\u00ed t\u011bsn\u011bn\u00ed a t\u011bsn\u011bn\u00ed p\u00edstnice. Tato t\u011bsn\u011bn\u00ed jsou vyrobena z materi\u00e1l\u016f odoln\u00fdch proti opot\u0159eben\u00ed, jako je polyuretan a nitrilov\u00e1 pry\u017e. T\u011bleso v\u00e1lce a z\u00e1vitov\u00e9 konce proch\u00e1zej\u00ed jemnou povrchovou \u00fapravou pro zlep\u0161en\u00ed odolnosti proti opot\u0159eben\u00ed. Pravideln\u00e9 maz\u00e1n\u00ed vhodn\u00fdm hydraulick\u00fdm olejem je nezbytn\u00e9 pro zaji\u0161t\u011bn\u00ed plynul\u00e9ho provozu a spr\u00e1vn\u00e9ho maz\u00e1n\u00ed sou\u010d\u00e1st\u00ed v\u00e1lce.<\/p>\n<h2>Inspekce a preventivn\u00ed \u00fadr\u017eba<\/h2>\n<ul>\n<li>Pravideln\u00e1 kontrola: Pravideln\u011b kontrolujte v\u00e1lec, zda nevykazuje zn\u00e1mky opot\u0159eben\u00ed, po\u0161kozen\u00ed nebo net\u011bsnost\u00ed.<\/li>\n<li>Maz\u00e1n\u00ed: Zajist\u011bte \u0159\u00e1dn\u00e9 maz\u00e1n\u00ed v\u0161ech pohybliv\u00fdch \u010d\u00e1st\u00ed.<\/li>\n<li>V\u00fdm\u011bna t\u011bsn\u011bn\u00ed: Opot\u0159ebovan\u00e1 nebo po\u0161kozen\u00e1 t\u011bsn\u011bn\u00ed v\u010das vym\u011b\u0148te, aby byl zachov\u00e1n optim\u00e1ln\u00ed v\u00fdkon.<\/li>\n<li>Kalibra\u010dn\u00ed kontroly: Pravideln\u011b kontrolujte a kalibrujte v\u00e1lec, abyste zajistili jeho p\u0159esn\u00fd provoz.<\/li>\n<\/ul>\n<p><img decoding=\"async\" src=\"https:\/\/www.hydraulic-cylinders.net\/wp-content\/uploads\/2025\/01\/songte-chushion-collar.webp\" alt=\"Obr\u00e1zek kontroly hydraulick\u00e9ho v\u00e1lce\"><\/p>\n<h2>Bezpe\u010dnostn\u00ed aspekty a faktory prost\u0159ed\u00ed<\/h2>\n<p>P\u0159i pou\u017e\u00edv\u00e1n\u00ed kbel\u00edkov\u00e9ho v\u00e1lce je d\u016fle\u017eit\u00e9 dodr\u017eovat bezpe\u010dnostn\u00ed opat\u0159en\u00ed, aby se p\u0159ede\u0161lo nehod\u00e1m a zajistilo bezpe\u010dn\u00e9 pracovn\u00ed prost\u0159ed\u00ed. Zohledn\u011bte faktory prost\u0159ed\u00ed, jako je teplota, vlhkost a vystaven\u00ed korozivn\u00edm l\u00e1tk\u00e1m, kter\u00e9 mohou ovlivnit v\u00fdkon v\u00e1lce.<\/p>\n<h2>Odstra\u0148ov\u00e1n\u00ed probl\u00e9m\u016f a b\u011b\u017en\u00e9 probl\u00e9my<\/h2>\n<p>Proberte b\u011b\u017en\u00e9 tipy pro \u0159e\u0161en\u00ed probl\u00e9m\u016f, nab\u00eddn\u011bte \u0159e\u0161en\u00ed b\u011b\u017en\u00fdch probl\u00e9m\u016f a navrhn\u011bte preventivn\u00ed opat\u0159en\u00ed k minimalizaci potenci\u00e1ln\u00edch probl\u00e9m\u016f.<\/p>\n<p><img decoding=\"async\" src=\"https:\/\/www.hydraulic-cylinders.net\/wp-content\/uploads\/2025\/01\/songte-bushings-with-all-kinds-of-excavator-models.webp\" alt=\"Obr\u00e1zek pro odstra\u0148ov\u00e1n\u00ed probl\u00e9m\u016f s hydraulick\u00fdm v\u00e1lcem\"><\/p>\n<h2>P\u0159ehled spole\u010dnosti<\/h2>\n<p>Jsme p\u0159edn\u00edm v\u00fdrobcem a velkoobchodn\u00edm distributorem hydraulick\u00fdch v\u00e1lc\u016f na dom\u00e1c\u00edm i mezin\u00e1rodn\u00edm trhu. N\u00e1\u0161 \u0161irok\u00fd sortiment, z\u00e1vazek k excelenci a industrializovan\u00e9 strategie \u0159\u00edzen\u00ed v\u00fdroby v na\u0161ich nejmodern\u011bj\u0161\u00edch v\u00fdrobn\u00edch z\u00e1vodech n\u00e1s pozicionovaly jako d\u016fv\u011bryhodn\u00e9ho dodavatele vysoce kvalitn\u00edch hydraulick\u00fdch v\u00e1lc\u016f. Se zam\u011b\u0159en\u00edm na technologick\u00e9 znalosti, modern\u00ed v\u00fdrobn\u00ed za\u0159\u00edzen\u00ed a profesion\u00e1ln\u00ed testovac\u00ed syst\u00e9my neust\u00e1le vylep\u0161ujeme na\u0161i v\u00fdrobn\u00ed platformu a v\u00fdrobn\u00ed postupy zaji\u0161\u0165uj\u00edc\u00ed kvalitu produkt\u016f. Na\u0161e spole\u010dnost m\u00e1 silnou inova\u010dn\u00ed kapacitu, kter\u00e1 zaji\u0161\u0165uje efektivitu, p\u0159esnost a vysoce kvalitn\u00ed produkty, kter\u00e9 spl\u0148uj\u00ed rozmanit\u00e9 pot\u0159eby z\u00e1kazn\u00edk\u016f.<\/p>\n<p><img decoding=\"async\" src=\"https:\/\/hzpt.com\/wp-content\/uploads\/2024\/11\/songte-company-1.webp\" alt=\"Image spole\u010dnosti\"><\/p>\n<h3>Profesionalita<\/h3>\n<p>N\u00e1\u0161 t\u00fdm se skl\u00e1d\u00e1 z profesion\u00e1l\u016f v oboru, kte\u0159\u00ed zaru\u010duj\u00ed nejvy\u0161\u0161\u00ed standardy kvality a v\u00fdkonu.<\/p>\n<h3>Mezin\u00e1rodn\u00ed certifikace<\/h3>\n<p>Z\u00edskali jsme mezin\u00e1rodn\u00ed certifikace, kter\u00e9 prokazuj\u00ed kvalitu a spolehlivost na\u0161ich produkt\u016f.<\/p>\n<h3>Slu\u017eby p\u0159izp\u016fsoben\u00ed<\/h3>\n<p>Nab\u00edz\u00edme slu\u017eby p\u0159izp\u016fsoben\u00ed dle specifick\u00fdch po\u017eadavk\u016f z\u00e1kazn\u00edka.<\/p>\n<h3>V\u00fdrobn\u00ed za\u0159\u00edzen\u00ed<\/h3>\n<p>Pou\u017e\u00edv\u00e1me modern\u00ed v\u00fdrobn\u00ed za\u0159\u00edzen\u00ed, abychom zajistili p\u0159esnost a efektivitu v\u00fdroby.<\/p>\n<h3>Poprodejn\u00ed servis<\/h3>\n<p>Poskytujeme komplexn\u00ed poprodejn\u00ed servis, v\u010detn\u011b v\u00fdm\u011bny d\u00edl\u016f a repas\u00ed, abychom prodlou\u017eili \u017eivotnost na\u0161ich produkt\u016f.<\/p>\n<p><img decoding=\"async\" src=\"https:\/\/www.hydraulic-cylinders.net\/wp-content\/uploads\/2025\/01\/songte-company-3.webp\" alt=\"Obr\u00e1zek s p\u0159ehledem spole\u010dnosti\"><\/p>\n<p>Autor: lyl<\/p>\n<p><\/body><br \/>\n<\/html><\/p>","protected":false},"excerpt":{"rendered":"<p>Bucket Cylinder For Kobelco Large Excavator SK4608 Bucket Cylinder For Kobelco Large Excavator SK4608 Introduction The bucket cylinder is a specially designed hydraulic cylinder that is primarily used to control the movement of the bucket in heavy machinery such as excavators, backhoe loaders, and front loaders. Its main function is to enable the lifting, lowering, [&hellip;]<\/p>","protected":false},"featured_media":14789,"comment_status":"open","ping_status":"closed","template":"","meta":{"_et_pb_use_builder":"","_et_pb_old_content":"","_et_gb_content_width":""},"product_brand":[],"product_cat":[1494],"product_tag":[1495,1496],"class_list":{"0":"post-15372","1":"product","2":"type-product","3":"status-publish","4":"has-post-thumbnail","6":"product_cat-bucket-cylinders","7":"product_tag-bucket-cylinders","8":"product_tag-hydraulic-cylinders","10":"first","11":"instock","12":"shipping-taxable","13":"product-type-simple"},"amp_enabled":true,"_links":{"self":[{"href":"https:\/\/www.hydraulic-cylinders.net\/cs\/wp-json\/wp\/v2\/product\/15372","targetHints":{"allow":["GET"]}}],"collection":[{"href":"https:\/\/www.hydraulic-cylinders.net\/cs\/wp-json\/wp\/v2\/product"}],"about":[{"href":"https:\/\/www.hydraulic-cylinders.net\/cs\/wp-json\/wp\/v2\/types\/product"}],"replies":[{"embeddable":true,"href":"https:\/\/www.hydraulic-cylinders.net\/cs\/wp-json\/wp\/v2\/comments?post=15372"}],"wp:featuredmedia":[{"embeddable":true,"href":"https:\/\/www.hydraulic-cylinders.net\/cs\/wp-json\/wp\/v2\/media\/14789"}],"wp:attachment":[{"href":"https:\/\/www.hydraulic-cylinders.net\/cs\/wp-json\/wp\/v2\/media?parent=15372"}],"wp:term":[{"taxonomy":"product_brand","embeddable":true,"href":"https:\/\/www.hydraulic-cylinders.net\/cs\/wp-json\/wp\/v2\/product_brand?post=15372"},{"taxonomy":"product_cat","embeddable":true,"href":"https:\/\/www.hydraulic-cylinders.net\/cs\/wp-json\/wp\/v2\/product_cat?post=15372"},{"taxonomy":"product_tag","embeddable":true,"href":"https:\/\/www.hydraulic-cylinders.net\/cs\/wp-json\/wp\/v2\/product_tag?post=15372"}],"curies":[{"name":"wp","href":"https:\/\/api.w.org\/{rel}","templated":true}]}}