{"id":15376,"date":"2025-01-19T14:27:11","date_gmt":"2025-01-19T14:27:11","guid":{"rendered":"https:\/\/www.hydraulic-cylinders.net\/product\/bucket-cylinder-for-yugong-wy75-7-8\/"},"modified":"2025-01-19T14:27:13","modified_gmt":"2025-01-19T14:27:13","slug":"bucket-cylinder-for-yugong-wy75-7-8","status":"publish","type":"product","link":"https:\/\/www.hydraulic-cylinders.net\/cs\/produkt\/bucket-cylinder-for-yugong-wy75-7-8\/","title":{"rendered":"V\u00e1lec kope\u010dku pro Yugong WY75-7-8"},"content":{"rendered":"<h2>Zaveden\u00ed<\/h2>\n<h3>Definice kore\u010dkov\u00e9ho v\u00e1lce pro Yugong WY75-7-8<\/h3>\n<p>Hydraulick\u00fd v\u00e1lec l\u017e\u00edce pro Yugong WY75-7-8 je typ specializovan\u00e9ho hydraulick\u00e9ho v\u00e1lce ur\u010den\u00e9ho p\u0159edev\u0161\u00edm k ovl\u00e1d\u00e1n\u00ed pohybu l\u017e\u00edce v t\u011b\u017ek\u00fdch stroj\u00edch, jako jsou rypadla, r\u00fdpadlo-naklada\u010de a \u010deln\u00ed naklada\u010de. Jeho prim\u00e1rn\u00ed funkc\u00ed je umo\u017enit zved\u00e1n\u00ed, spou\u0161t\u011bn\u00ed a nakl\u00e1p\u011bn\u00ed l\u017e\u00edce, co\u017e usnad\u0148uje r\u016fzn\u00e9 \u00fakoly manipulace s materi\u00e1lem. V hydraulick\u00e9m syst\u00e9mu dosahuje v\u00e1lec l\u017e\u00edce p\u0159esn\u00e9ho ovl\u00e1d\u00e1n\u00ed l\u017e\u00edce zm\u011bnami tlaku hydraulick\u00e9ho oleje, co\u017e umo\u017e\u0148uje obsluze efektivn\u011b manipulovat s t\u011b\u017ek\u00fdmi b\u0159emeny a p\u0159izp\u016fsobovat se slo\u017eit\u00fdm pracovn\u00edm prost\u0159ed\u00edm a rozmanit\u00fdm provozn\u00edm po\u017eadavk\u016fm.<\/p>\n<p><img decoding=\"async\" src=\"https:\/\/www.hydraulic-cylinders.net\/wp-content\/uploads\/2025\/01\/songte-company-2.webp\"\/><\/p>\n<h3>Vlastnosti kore\u010dkov\u00e9ho v\u00e1lce pro Yugong WY75-7-8<\/h3>\n<ul>\n<li><strong>Vysok\u00e1 pevnost a trvanlivost:<\/strong> Obvykle je vyroben z vysokopevnostn\u00ed oceli nebo hlin\u00edku, odol\u00e1 vysok\u00e9mu tlaku a t\u011b\u017ek\u00e9mu zat\u00ed\u017een\u00ed, p\u0159izp\u016fsob\u00ed se n\u00e1ro\u010dn\u00e9mu pracovn\u00edmu prost\u0159ed\u00ed a je navr\u017een s odolnost\u00ed proti opot\u0159eben\u00ed a korozi, aby se prodlou\u017eila jeho \u017eivotnost.<\/li>\n<li><strong>Efektivn\u00ed hydraulick\u00fd provoz:<\/strong> D\u00edky tlaku hydraulick\u00e9ho oleje k dosa\u017een\u00ed plynul\u00e9ho roztahov\u00e1n\u00ed a smr\u0161\u0165ov\u00e1n\u00ed dok\u00e1\u017ee rychle reagovat na \u0159\u00eddic\u00ed povely a poskytovat siln\u00e9 tla\u010dn\u00e9 a ta\u017en\u00e9 s\u00edly, vhodn\u00e9 pro manipulaci s t\u011b\u017ek\u00fdmi b\u0159emeny a slo\u017eit\u00e9 provozn\u00ed \u00fakoly.<\/li>\n<li><strong>R\u016fzn\u00e9 typy:<\/strong> Podle po\u017eadavk\u016f lze pro spln\u011bn\u00ed r\u016fzn\u00fdch provozn\u00edch pot\u0159eb zvolit jedno\u010dinn\u00e9 (hydraulicky ovl\u00e1dan\u00e9 pouze v jednom sm\u011bru) nebo dvoj\u010dinn\u00e9 (hydraulicky ovl\u00e1dan\u00e9 ve dvou sm\u011brech) v\u00e1lce. N\u011bkter\u00e9 modely jsou teleskopick\u00e9, co\u017e umo\u017e\u0148uje v\u011bt\u0161\u00ed v\u00fdsuv bez zv\u011bt\u0161en\u00ed vn\u011bj\u0161\u00edch rozm\u011br\u016f, a jsou vhodn\u00e9 pro aplikace s omezen\u00fdm prostorem.<\/li>\n<li><strong>Snadn\u00e1 v\u00fdroba:<\/strong> Na\u0161e produkty dok\u00e1\u017e\u00ed tyto hydraulick\u00e9 v\u00e1lce dokonale nahradit.<\/li>\n<\/ul>\n<p><img decoding=\"async\" src=\"https:\/\/www.hydraulic-cylinders.net\/wp-content\/uploads\/2025\/01\/songte-cylinder-head-with-all-kinds-excavator-models.webp\"\/><\/p>\n<h3>Pou\u017eit\u00ed kore\u010dkov\u00e9ho v\u00e1lce pro Yugong WY75-7-8<\/h3>\n<p>Kore\u010dkov\u00fd v\u00e1lec pro Yugong WY75-7-8 se \u0161iroce pou\u017e\u00edv\u00e1 v r\u016fzn\u00fdch t\u011b\u017ek\u00fdch stroj\u00edch, v\u010detn\u011b:<\/p>\n<ul>\n<li><strong>Stavebn\u00ed vybaven\u00ed:<\/strong> U bagr\u016f jsou nezbytn\u00e9 pro kop\u00e1n\u00ed, nakl\u00e1d\u00e1n\u00ed a p\u0159emis\u0165ov\u00e1n\u00ed zeminy nebo suti. U rypadlo-naklada\u010d\u016f pom\u00e1haj\u00ed kore\u010dkov\u00e9 v\u00e1lce jak p\u0159i kop\u00e1n\u00ed, tak p\u0159i zved\u00e1n\u00ed. <\/li>\n<li><strong>Zem\u011bd\u011blsk\u00e9 stroje:<\/strong> Kore\u010dkov\u00e9 v\u00e1lce v bagrech, kter\u00e9 se pou\u017e\u00edvaj\u00ed v \u010deln\u00edch naklada\u010d\u00edch pro nab\u00edr\u00e1n\u00ed, zved\u00e1n\u00ed a p\u0159epravu zeminy, sena a dal\u0161\u00edch materi\u00e1l\u016f, umo\u017e\u0148uj\u00ed kop\u00e1n\u00ed p\u016fdy. <\/li>\n<li><strong>Naklada\u010d:<\/strong> U \u010deln\u00edch naklada\u010d\u016f pom\u00e1haj\u00ed kore\u010dkov\u00e9 v\u00e1lce efektivn\u011b zvedat a vykl\u00e1dat zbo\u017e\u00ed.<\/li>\n<\/ul>\n<h3>Konstruk\u010dn\u00ed aspekty a krit\u00e9ria v\u00fdb\u011bru pro kore\u010dkov\u00fd v\u00e1lec pro Yugong WY75-7-8<\/h3>\n<p>P\u0159i navrhov\u00e1n\u00ed a v\u00fdb\u011bru kore\u010dkov\u00fdch v\u00e1lc\u016f je t\u0159eba zv\u00e1\u017eit r\u016fzn\u00e9 faktory, aby byla zaji\u0161t\u011bna jejich spolehlivost a v\u00fdkon. Mezi tyto faktory pat\u0159\u00ed:<\/p>\n<ul>\n<li><strong>Nosnost:<\/strong> Zaji\u0161t\u011bn\u00ed, aby v\u00e1lec kore\u010dkov\u00e9ho v\u00e1lce odolal zat\u00ed\u017een\u00ed, kter\u00e9 je na n\u011bj p\u016fsob\u00ed, a bez selh\u00e1n\u00ed vykon\u00e1val sv\u00e9 funkce.<\/li>\n<li><strong>T\u011bsn\u011bn\u00ed:<\/strong> Pou\u017eit\u00edm r\u016fzn\u00fdch t\u011bsn\u011bn\u00ed, jako jsou t\u011bsn\u011bn\u00ed p\u00edst\u016f, t\u011bsn\u011bn\u00ed ty\u010d\u00ed atd., a v\u00fdb\u011brem materi\u00e1l\u016f odoln\u00fdch proti opot\u0159eben\u00ed, jako je polyuretan a nitrilov\u00e1 pry\u017e, jsou t\u011bleso v\u00e1lce a z\u00e1vitov\u00fd konec jemn\u011b opracov\u00e1ny pro zlep\u0161en\u00ed odolnosti proti opot\u0159eben\u00ed a pro maz\u00e1n\u00ed je nutn\u00e9 pravideln\u00e9 dopl\u0148ov\u00e1n\u00ed paliva.<\/li>\n<li><strong>Trvanlivost:<\/strong> Zaji\u0161t\u011bn\u00ed, aby v\u00e1lec kore\u010dkov\u00e9ho v\u00e1lce odolal n\u00e1ro\u010dn\u00fdm podm\u00ednk\u00e1m prost\u0159ed\u00ed a udr\u017eel si sv\u016fj v\u00fdkon po dlouhou dobu.<\/li>\n<li><strong>Bezpe\u010dnost:<\/strong> Zaji\u0161t\u011bn\u00ed bezpe\u010dn\u00e9ho provozu kybl\u00edku a jeho nep\u0159edstavov\u00e1n\u00ed pro obsluhu ani jin\u00e9 za\u0159\u00edzen\u00ed.<\/li>\n<li><strong>\u00dadr\u017eba:<\/strong> Zaji\u0161t\u011bn\u00ed snadn\u00e9 \u00fadr\u017eby a opravy v\u00e1lce kore\u010dkov\u00e9ho v\u00e1lce, co\u017e sni\u017euje prostoje a n\u00e1klady na \u00fadr\u017ebu.<\/li>\n<\/ul>\n<p><img decoding=\"async\" src=\"https:\/\/www.hydraulic-cylinders.net\/wp-content\/uploads\/2025\/01\/songte-oil-pipes-and-spare-parts.webp\"\/><\/p>\n<h3>\u00dadr\u017eba a odstra\u0148ov\u00e1n\u00ed probl\u00e9m\u016f s kore\u010dkov\u00fdm v\u00e1lcem pro Yugong WY75-7-8<\/h3>\n<p>Pravideln\u00e1 \u00fadr\u017eba a kontroly jsou nezbytn\u00e9 pro zaji\u0161t\u011bn\u00ed spolehliv\u00e9ho provozu kore\u010dkov\u00fdch v\u00e1lc\u016f. Mezi b\u011b\u017en\u00e9 \u00fakony \u00fadr\u017eby pat\u0159\u00ed:<\/p>\n<ul>\n<li><strong>Pravideln\u00e1 kontrola:<\/strong> Kontrola t\u011blesa v\u00e1lce, p\u00edstu, ty\u010de a t\u011bsn\u011bn\u00ed, zda nejsou opot\u0159ebovan\u00e9 nebo po\u0161kozen\u00e9.<\/li>\n<li><strong>Maz\u00e1n\u00ed:<\/strong> Nanesen\u00ed odpov\u00eddaj\u00edc\u00edho mno\u017estv\u00ed hydraulick\u00e9ho oleje na t\u011bleso v\u00e1lce a t\u011bsn\u011bn\u00ed pro zaji\u0161t\u011bn\u00ed plynul\u00e9ho provozu a prevenci opot\u0159eben\u00ed a po\u0161kozen\u00ed.<\/li>\n<li><strong>V\u00fdm\u011bna t\u011bsn\u011bn\u00ed:<\/strong> V\u00fdm\u011bna opot\u0159ebovan\u00fdch nebo po\u0161kozen\u00fdch t\u011bsn\u011bn\u00ed pro zachov\u00e1n\u00ed t\u011bsnic\u00edho v\u00fdkonu v\u00e1lce.<\/li>\n<\/ul>\n<p>Spr\u00e1vn\u00e1 instalace, maz\u00e1n\u00ed a se\u0159\u00edzen\u00ed jsou z\u00e1sadn\u00ed pro spolehliv\u00fd a bezpe\u010dn\u00fd provoz kore\u010dkov\u00fdch v\u00e1lc\u016f. B\u011bhem instalace se doporu\u010duje v\u00e1lec spr\u00e1vn\u011b vyrovnat a k jeho upevn\u011bn\u00ed pou\u017e\u00edt vhodn\u00e9 mont\u00e1\u017en\u00ed konzoly. Pro prodlou\u017een\u00ed \u017eivotnosti kore\u010dkov\u00e9ho v\u00e1lce a zv\u00fd\u0161en\u00ed jeho spolehlivosti se doporu\u010duje pravideln\u00e1 kontrola, oprava a v\u00fdm\u011bna.<\/p>\n<p><img decoding=\"async\" src=\"https:\/\/www.hydraulic-cylinders.net\/wp-content\/uploads\/2025\/01\/songte-chushion-collar.webp\"\/><\/p>\n<h3>Bezpe\u010dnostn\u00ed aspekty a faktory prost\u0159ed\u00ed pro kore\u010dkov\u00fd v\u00e1lec pro Yugong WY75-7-8<\/h3>\n<p>P\u0159i pou\u017e\u00edv\u00e1n\u00ed kore\u010dkov\u00fdch lahv\u00ed je t\u0159eba p\u0159ijmout bezpe\u010dnostn\u00ed opat\u0159en\u00ed k prevenci nehod a zaji\u0161t\u011bn\u00ed bezpe\u010dn\u00e9ho provozu. Doporu\u010duje se dodr\u017eovat bezpe\u010dnostn\u00ed pokyny a pou\u017e\u00edvat vhodn\u00e9 osobn\u00ed ochrann\u00e9 prost\u0159edky, jako jsou rukavice a ochrana o\u010d\u00ed. Je t\u0159eba tak\u00e9 zv\u00e1\u017eit faktory prost\u0159ed\u00ed, jako je teplota, vlhkost a vystaven\u00ed chemik\u00e1li\u00edm nebo korozivn\u00edm materi\u00e1l\u016fm, a p\u0159ijmout vhodn\u00e1 opat\u0159en\u00ed k ochran\u011b lahve p\u0159ed po\u0161kozen\u00edm.<\/p>\n<p><img decoding=\"async\" src=\"https:\/\/www.hydraulic-cylinders.net\/wp-content\/uploads\/2025\/01\/songte-bushings-with-all-kinds-of-excavator-models.webp\"\/><\/p>\n<h3>Z\u00e1v\u011br<\/h3>\n<p>Jako p\u0159edn\u00ed v\u00fdrobce a velkoobchodn\u00edk hydraulick\u00fdch v\u00e1lc\u016f nab\u00edz\u00edme \u0161irokou \u0161k\u00e1lu produkt\u016f, kter\u00e9 spl\u0148uj\u00ed r\u016fzn\u00e9 provozn\u00ed pot\u0159eby. N\u00e1\u0161 z\u00e1vazek k vynikaj\u00edc\u00ed kvalit\u011b, \u0159\u00edzen\u00ed v\u00fdroby a z\u00e1kaznick\u00e9mu servisu z n\u00e1s u\u010dinil l\u00eddra na sv\u011btov\u00e9m trhu. D\u00edky na\u0161im modern\u00edm v\u00fdrobn\u00edm za\u0159\u00edzen\u00edm a vysoce kvalifikovan\u00e9mu technick\u00e9mu t\u00fdmu se v\u011bnujeme poskytov\u00e1n\u00ed efektivn\u00edch, p\u0159esn\u00fdch a vysoce kvalitn\u00edch produkt\u016f na\u0161im z\u00e1kazn\u00edk\u016fm. Na\u0161e spole\u010dnost nab\u00edz\u00ed profesion\u00e1ln\u00ed slu\u017eby v oblasti \u00faprav na m\u00edru, mezin\u00e1rodn\u00ed certifikaci a vynikaj\u00edc\u00ed poprodejn\u00ed slu\u017eby, abychom zajistili spokojenost z\u00e1kazn\u00edk\u016f.<\/p>\n<p><img decoding=\"async\" src=\"https:\/\/hzpt.com\/wp-content\/uploads\/2024\/11\/songte-company-1.webp\"\/><\/p>\n<p>Autor: lyl<\/p>","protected":false},"excerpt":{"rendered":"<p>Introduction Definition of Bucket Cylinder For Yugong WY75-7-8 The bucket cylinder for Yugong WY75-7-8 is a type of specialized hydraulic cylinder designed primarily to control the movement of the bucket in heavy machinery such as excavators, backhoe loaders, and front-end loaders. Its primary function is to enable the bucket to lift, lower, and tilt, thus [&hellip;]<\/p>","protected":false},"featured_media":14784,"comment_status":"open","ping_status":"closed","template":"","meta":{"_et_pb_use_builder":"","_et_pb_old_content":"","_et_gb_content_width":""},"product_brand":[],"product_cat":[1494],"product_tag":[1495,1496],"class_list":{"0":"post-15376","1":"product","2":"type-product","3":"status-publish","4":"has-post-thumbnail","6":"product_cat-bucket-cylinders","7":"product_tag-bucket-cylinders","8":"product_tag-hydraulic-cylinders","10":"first","11":"instock","12":"shipping-taxable","13":"product-type-simple"},"amp_enabled":true,"_links":{"self":[{"href":"https:\/\/www.hydraulic-cylinders.net\/cs\/wp-json\/wp\/v2\/product\/15376","targetHints":{"allow":["GET"]}}],"collection":[{"href":"https:\/\/www.hydraulic-cylinders.net\/cs\/wp-json\/wp\/v2\/product"}],"about":[{"href":"https:\/\/www.hydraulic-cylinders.net\/cs\/wp-json\/wp\/v2\/types\/product"}],"replies":[{"embeddable":true,"href":"https:\/\/www.hydraulic-cylinders.net\/cs\/wp-json\/wp\/v2\/comments?post=15376"}],"wp:featuredmedia":[{"embeddable":true,"href":"https:\/\/www.hydraulic-cylinders.net\/cs\/wp-json\/wp\/v2\/media\/14784"}],"wp:attachment":[{"href":"https:\/\/www.hydraulic-cylinders.net\/cs\/wp-json\/wp\/v2\/media?parent=15376"}],"wp:term":[{"taxonomy":"product_brand","embeddable":true,"href":"https:\/\/www.hydraulic-cylinders.net\/cs\/wp-json\/wp\/v2\/product_brand?post=15376"},{"taxonomy":"product_cat","embeddable":true,"href":"https:\/\/www.hydraulic-cylinders.net\/cs\/wp-json\/wp\/v2\/product_cat?post=15376"},{"taxonomy":"product_tag","embeddable":true,"href":"https:\/\/www.hydraulic-cylinders.net\/cs\/wp-json\/wp\/v2\/product_tag?post=15376"}],"curies":[{"name":"wp","href":"https:\/\/api.w.org\/{rel}","templated":true}]}}