{"id":15385,"date":"2025-01-19T14:27:53","date_gmt":"2025-01-19T14:27:53","guid":{"rendered":"https:\/\/www.hydraulic-cylinders.net\/product\/bucket-cylinder-for-volvo-small-excavator-ec140blc\/"},"modified":"2025-01-19T14:27:55","modified_gmt":"2025-01-19T14:27:55","slug":"bucket-cylinder-for-volvo-small-excavator-ec140blc","status":"publish","type":"product","link":"https:\/\/www.hydraulic-cylinders.net\/cs\/produkt\/bucket-cylinder-for-volvo-small-excavator-ec140blc\/","title":{"rendered":"V\u00e1lec kope\u010dku pro mal\u00e9 rypadlo Volvo EC140BLC"},"content":{"rendered":"<h1>V\u00e1lec kope\u010dku pro mal\u00e9 rypadlo Volvo EC140BLC<\/h1>\n<h2>Zaveden\u00ed<\/h2>\n<p>Hydraulick\u00fd v\u00e1lec l\u017e\u00edce pro mal\u00e9 rypadlo Volvo EC140BLC je specializovan\u00fd hydraulick\u00fd v\u00e1lec pou\u017e\u00edvan\u00fd k ovl\u00e1d\u00e1n\u00ed pohybu l\u017e\u00edce v t\u011b\u017ek\u00fdch stroj\u00edch, jako jsou rypadla, bagry a \u010deln\u00ed naklada\u010de. Jeho hlavn\u00ed funkc\u00ed je umo\u017enit zved\u00e1n\u00ed, spou\u0161t\u011bn\u00ed a nakl\u00e1p\u011bn\u00ed l\u017e\u00edce, co\u017e usnad\u0148uje p\u0159epravu r\u016fzn\u00fdch druh\u016f materi\u00e1l\u016f. V hydraulick\u00e9m syst\u00e9mu v\u00e1lec l\u017e\u00edce vyu\u017e\u00edv\u00e1 zm\u011bnu tlaku hydraulick\u00e9ho oleje k ovl\u00e1d\u00e1n\u00ed p\u0159esn\u00e9ho pohybu l\u017e\u00edce, co\u017e umo\u017e\u0148uje obsluze efektivn\u011b manipulovat s t\u011b\u017ek\u00fdmi p\u0159edm\u011bty a p\u0159izp\u016fsobovat se slo\u017eit\u00fdm pracovn\u00edm prost\u0159ed\u00edm a rozmanit\u00fdm provozn\u00edm po\u017eadavk\u016fm.<\/p>\n<p><img decoding=\"async\" src=\"https:\/\/www.hydraulic-cylinders.net\/wp-content\/uploads\/2025\/01\/songte-company-2.webp\" alt=\"V\u00e1lec kope\u010dku pro mal\u00e9 rypadlo Volvo EC140BLC\" \/><\/p>\n<h2>Funkce<\/h2>\n<ul>\n<li>\n<h3>Vysok\u00e1 pevnost a trvanlivost<\/h3>\n<p>Kore\u010dkov\u00e9 v\u00e1lce jsou obvykle vyrobeny z vysokopevnostn\u00ed oceli nebo hlin\u00edku, kter\u00e9 odol\u00e1vaj\u00ed vysok\u00e9mu tlaku a velk\u00e9mu zat\u00ed\u017een\u00ed, a jsou navr\u017eeny s ohledem na odolnost proti opot\u0159eben\u00ed a korozi, aby se prodlou\u017eila \u017eivotnost v\u00e1lce.<\/p>\n<\/li>\n<li>\n<h3>Efektivn\u00ed hydraulick\u00fd provoz<\/h3>\n<p>V\u00e1lce kore\u010dk\u016f vyu\u017e\u00edvaj\u00ed tlak hydraulick\u00e9ho oleje k dosa\u017een\u00ed plynul\u00e9ho vysouv\u00e1n\u00ed a zasouv\u00e1n\u00ed, jsou schopny rychle reagovat na \u0159\u00eddic\u00ed povely a poskytovat silnou tla\u010dnou a ta\u017enou s\u00edlu, vhodn\u00e9 pro manipulaci s t\u011b\u017ek\u00fdmi p\u0159edm\u011bty a slo\u017eit\u00e9 operace.<\/p>\n<\/li>\n<li>\n<h3>R\u016fzn\u00e9 typy<\/h3>\n<p>Kore\u010dkov\u00e9 v\u00e1lce mohou b\u00fdt jedno\u010dinn\u00e9 (hydraulicky ovl\u00e1dan\u00e9 pouze v jednom sm\u011bru) nebo dvoj\u010dinn\u00e9 (hydraulicky ovl\u00e1dan\u00e9 ve dvou sm\u011brech), aby spl\u0148ovaly r\u016fzn\u00e9 provozn\u00ed po\u017eadavky. N\u011bkter\u00e9 modely jsou teleskopick\u00e9, co\u017e umo\u017e\u0148uje v\u011bt\u0161\u00ed vysunut\u00ed bez zv\u011bt\u0161en\u00ed vn\u011bj\u0161\u00edch rozm\u011br\u016f, a jsou vhodn\u00e9 pro aplikace s omezen\u00fdm prostorem.<\/p>\n<\/li>\n<li>\n<h3>Kompatibiln\u00ed n\u00e1hrada<\/h3>\n<p>Na\u0161e produkty dok\u00e1\u017e\u00ed tyto hydraulick\u00e9 v\u00e1lce dokonale nahradit.<\/p>\n<\/li>\n<\/ul>\n<p><img decoding=\"async\" src=\"https:\/\/www.hydraulic-cylinders.net\/wp-content\/uploads\/2025\/01\/songte-cylinder-head-with-all-kinds-excavator-models.webp\" alt=\"V\u00e1lec kope\u010dku pro mal\u00e9 rypadlo Volvo EC140BLC\" \/><\/p>\n<h2>Aplikace<\/h2>\n<p>Kore\u010dkov\u00e9 v\u00e1lce se \u0161iroce pou\u017e\u00edvaj\u00ed v r\u016fzn\u00fdch t\u011b\u017ek\u00fdch stroj\u00edch, mimo jin\u00e9:<\/p>\n<ul>\n<li>\n<h3>Stavebn\u00ed stroje<\/h3>\n<p>U bagr\u016f jsou kl\u00ed\u010dov\u00e9 pro kop\u00e1n\u00ed, nakl\u00e1d\u00e1n\u00ed a p\u0159emis\u0165ov\u00e1n\u00ed zeminy nebo suti. U r\u00fdpadel s r\u00fdpadly pom\u00e1haj\u00ed kore\u010dkov\u00e9 v\u00e1lce jak p\u0159i kop\u00e1n\u00ed, tak p\u0159i zved\u00e1n\u00ed. U \u010deln\u00edch naklada\u010d\u016f pom\u00e1haj\u00ed efektivn\u011b zvedat a nakl\u00e1n\u011bt zbo\u017e\u00ed.<\/p>\n<\/li>\n<li>\n<h3>Zem\u011bd\u011blsk\u00e9 stroje<\/h3>\n<p>Pou\u017e\u00edv\u00e1 se pro \u010deln\u00ed naklada\u010de, nab\u00edr\u00e1n\u00ed, zved\u00e1n\u00ed a p\u0159epravu zeminy, sena a dal\u0161\u00edch materi\u00e1l\u016f.<\/p>\n<\/li>\n<li>\n<h3>Bagry<\/h3>\n<p>V\u00e1lce l\u017e\u00edce umo\u017e\u0148uj\u00ed kop\u00e1n\u00ed t\u00edm, \u017ee umo\u017e\u0148uj\u00ed l\u017e\u00edci proniknout do p\u016fdy.<\/p>\n<\/li>\n<\/ul>\n<h2>Konstruk\u010dn\u00ed aspekty a krit\u00e9ria v\u00fdb\u011bru<\/h2>\n<p>Kore\u010dkov\u00e9 v\u00e1lce jsou navr\u017eeny s d\u016frazem na kl\u00ed\u010dov\u00e9 faktory, jako je nosnost, t\u011bsn\u011bn\u00ed, trvanlivost, bezpe\u010dnost a \u00fadr\u017eba.<\/p>\n<ul>\n<li>\n<h3>Nosnost<\/h3>\n<p>Kore\u010dkov\u00e9 v\u00e1lce jsou navr\u017eeny tak, aby odolaly vysok\u00e9mu tlaku a velk\u00e9mu zat\u00ed\u017een\u00ed, co\u017e jim umo\u017e\u0148uje manipulovat s velk\u00fdm mno\u017estv\u00edm hmotnosti.<\/p>\n<\/li>\n<li>\n<h3>T\u011bsn\u011bn\u00ed a trvanlivost<\/h3>\n<p>Pro kore\u010dkov\u00e9 v\u00e1lce se pou\u017e\u00edvaj\u00ed r\u016fzn\u00e9 t\u011bsnic\u00ed komponenty, jako jsou p\u00edstn\u00ed t\u011bsn\u011bn\u00ed, t\u011bsn\u011bn\u00ed p\u00edstnice atd. T\u011bsn\u011bn\u00ed jsou vyrobena z materi\u00e1l\u016f odoln\u00fdch proti opot\u0159eben\u00ed, jako je polyuretan, nitrilov\u00e1 pry\u017e atd. T\u011bleso v\u00e1lce a z\u00e1vitov\u00fd konec jsou jemn\u011b opracov\u00e1ny pro zlep\u0161en\u00ed odolnosti proti opot\u0159eben\u00ed. Pro maz\u00e1n\u00ed sou\u010d\u00e1st\u00ed v\u00e1lce je nutn\u00e9 pravideln\u011b dopl\u0148ovat vhodn\u00fd hydraulick\u00fd olej.<\/p>\n<\/li>\n<li>\n<h3>Bezpe\u010dnost<\/h3>\n<p>Kore\u010dkov\u00e9 v\u00e1lce mus\u00ed b\u00fdt navr\u017eeny s ohledem na bezpe\u010dnost, aby se p\u0159ede\u0161lo nehod\u00e1m. Spr\u00e1vn\u00e1 instalace, pravideln\u00e1 \u00fadr\u017eba a dodr\u017eov\u00e1n\u00ed bezpe\u010dnostn\u00edch pokyn\u016f jsou nezbytn\u00e9 pro zaji\u0161t\u011bn\u00ed bezpe\u010dn\u00e9ho a efektivn\u00edho provozu.<\/p>\n<\/li>\n<li>\n<h3>Udr\u017eovatelnost<\/h3>\n<p>Pravideln\u00e1 kontrola a preventivn\u00ed \u00fadr\u017eba jsou z\u00e1sadn\u00ed pro zaji\u0161t\u011bn\u00ed dlouh\u00e9 \u017eivotnosti a optim\u00e1ln\u00edho v\u00fdkonu kore\u010dkov\u00fdch v\u00e1lc\u016f. Pravideln\u00e1 \u00fadr\u017eba zahrnuje v\u00fdm\u011bnu opot\u0159ebovan\u00fdch t\u011bsn\u011bn\u00ed, kontrolu p\u00edstnice, zda nen\u00ed ohnut\u00e1 nebo opot\u0159ebovan\u00e1, a pravideln\u00e9 \u010di\u0161t\u011bn\u00ed t\u011blesa v\u00e1lce a p\u00edstnice.<\/p>\n<\/li>\n<\/ul>\n<p><img decoding=\"async\" src=\"https:\/\/www.hydraulic-cylinders.net\/wp-content\/uploads\/2025\/01\/songte-oil-pipes-and-spare-parts.webp\" alt=\"V\u00e1lec kope\u010dku pro mal\u00e9 rypadlo Volvo EC140BLC\" \/><\/p>\n<h2>\u00dadr\u017eba a odstra\u0148ov\u00e1n\u00ed probl\u00e9m\u016f<\/h2>\n<p>Spr\u00e1vn\u00e1 \u00fadr\u017eba a odstra\u0148ov\u00e1n\u00ed probl\u00e9m\u016f jsou d\u016fle\u017eit\u00e9 pro udr\u017een\u00ed co nejlep\u0161\u00edho v\u00fdkonu kore\u010dkov\u00fdch v\u00e1lc\u016f. Mezi pravideln\u00e9 \u00fadr\u017eb\u00e1\u0159sk\u00e9 pr\u00e1ce pat\u0159\u00ed:<\/p>\n<ul>\n<li>\n<h3>Pravideln\u00e1 kontrola<\/h3>\n<p>Kontrola t\u011bsn\u011bn\u00ed, p\u00edstnice a t\u011blesa v\u00e1lce kore\u010dkov\u00e9ho v\u00e1lce, zda nejsou po\u0161kozen\u00e9 nebo vykazuj\u00ed vady, a kontrola net\u011bsnost\u00ed a spr\u00e1vn\u00e9 funkce.<\/p>\n<\/li>\n<li>\n<h3>Maz\u00e1n\u00ed<\/h3>\n<p>Pravideln\u011b mazat sou\u010d\u00e1sti v\u00e1lce doporu\u010den\u00fdm hydraulick\u00fdm olejem.<\/p>\n<\/li>\n<li>\n<h3>V\u00fdm\u011bna t\u011bsn\u011bn\u00ed a kontrola kalibrace<\/h3>\n<p>V\u00fdm\u011bna opot\u0159ebovan\u00fdch t\u011bsn\u011bn\u00ed a kontrola kalibrace v\u00e1lce pro zaji\u0161t\u011bn\u00ed jeho spr\u00e1vn\u00e9 funkce.<\/p>\n<\/li>\n<\/ul>\n<p>Pro prodlou\u017een\u00ed \u017eivotnosti a zv\u00fd\u0161en\u00ed \u00fa\u010dinnosti je nezbytn\u00e9 spr\u00e1vn\u011b nainstalovat v\u00e1lce kore\u010dk\u016f, zajistit jejich vyrovn\u00e1n\u00ed, pou\u017e\u00edt vhodn\u00e9 mont\u00e1\u017en\u00ed konzoly a dodr\u017eovat doporu\u010den\u00e9 postupy kontroly, opravy a v\u00fdm\u011bny. Pravideln\u00e1 \u00fadr\u017eba a spr\u00e1vn\u00e9 odstra\u0148ov\u00e1n\u00ed probl\u00e9m\u016f jsou kl\u00ed\u010dem k prevenci probl\u00e9m\u016f a zaji\u0161t\u011bn\u00ed optim\u00e1ln\u00edho v\u00fdkonu. <\/p>\n<p><img decoding=\"async\" src=\"https:\/\/www.hydraulic-cylinders.net\/wp-content\/uploads\/2025\/01\/songte-chushion-collar.webp\" alt=\"V\u00e1lec kope\u010dku pro mal\u00e9 rypadlo Volvo EC140BLC\" \/><\/p>\n<h2>Bezpe\u010dnostn\u00ed a environment\u00e1ln\u00ed aspekty<\/h2>\n<p>P\u0159i pou\u017e\u00edv\u00e1n\u00ed kore\u010dkov\u00fdch v\u00e1lc\u016f jsou bezpe\u010dnostn\u00ed opat\u0159en\u00ed z\u00e1sadn\u00ed pro prevenci nehod. Nezbytn\u00e9 je spr\u00e1vn\u00e9 skladov\u00e1n\u00ed a manipulace s hydraulick\u00fdm olejem, vhodn\u00e9 pou\u017e\u00edv\u00e1n\u00ed bezpe\u010dnostn\u00edho vybaven\u00ed a dodr\u017eov\u00e1n\u00ed bezpe\u010dnostn\u00edch pokyn\u016f.<\/p>\n<h2>P\u0159edstaven\u00ed spole\u010dnosti<\/h2>\n<p>Jsme v\u00fdrobcem n\u00e1hradn\u00edch hydraulick\u00fdch v\u00e1lc\u016f. Na\u0161e spole\u010dnost nab\u00edz\u00ed kompletn\u00ed sortiment produkt\u016f a stala se jedn\u00edm z p\u0159edn\u00edch v\u00fdrobc\u016f a velkoobchodn\u00edk\u016f s hydraulick\u00fdmi v\u00e1lci na dom\u00e1c\u00edm i zahrani\u010dn\u00edm trhu. Sledujeme strategii vynikaj\u00edc\u00ed kvality a spol\u00e9h\u00e1me se na \u0159\u00edzen\u00ed pr\u016fmyslov\u00e9 v\u00fdroby v precizn\u00edch v\u00fdrobn\u00edch d\u00edln\u00e1ch, neust\u00e1le vylep\u0161ujeme na\u0161i v\u00fdrobn\u00ed platformu, zdokonalujeme proces kvality v\u00fdroby a disponujeme siln\u00fdmi v\u00fdrobn\u00edmi kapacitami. S vyu\u017eit\u00edm princip\u016f vysok\u00e9 efektivity, vysok\u00e9 p\u0159esnosti a vysok\u00e9 kvality uspokojujeme rozmanit\u00e9 pot\u0159eby na\u0161ich z\u00e1kazn\u00edk\u016f. <\/p>\n<p><img decoding=\"async\" src=\"https:\/\/hzpt.com\/wp-content\/uploads\/2024\/11\/songte-company-1.webp\" alt=\"V\u00e1lec kope\u010dku pro mal\u00e9 rypadlo Volvo EC140BLC\" \/><\/p>\n<p>Nab\u00edz\u00edme komplexn\u00ed slu\u017eby, v\u010detn\u011b odborn\u00fdch znalost\u00ed, mezin\u00e1rodn\u00ed certifikace, zak\u00e1zkov\u00fdch slu\u017eeb, v\u00fdrobn\u00edho za\u0159\u00edzen\u00ed a poprodejn\u00edho servisu.<\/p>\n<h2>Autor<\/h2>\n<p>Autor: lyl<\/p>","protected":false},"excerpt":{"rendered":"<p>Bucket Cylinder For Volvo Small Excavator EC140BLC Introduction A bucket cylinder for Volvo small excavator EC140BLC is a specialized hydraulic cylinder used to control the movement of the bucket in heavy machinery such as excavators, backhoe excavators, and front-end loaders. Its main function is to enable the bucket to lift, lower, and tilt, making it [&hellip;]<\/p>","protected":false},"featured_media":14762,"comment_status":"open","ping_status":"closed","template":"","meta":{"_et_pb_use_builder":"","_et_pb_old_content":"","_et_gb_content_width":""},"product_brand":[],"product_cat":[1494],"product_tag":[1495,1496],"class_list":{"0":"post-15385","1":"product","2":"type-product","3":"status-publish","4":"has-post-thumbnail","6":"product_cat-bucket-cylinders","7":"product_tag-bucket-cylinders","8":"product_tag-hydraulic-cylinders","10":"first","11":"instock","12":"shipping-taxable","13":"product-type-simple"},"amp_enabled":true,"_links":{"self":[{"href":"https:\/\/www.hydraulic-cylinders.net\/cs\/wp-json\/wp\/v2\/product\/15385","targetHints":{"allow":["GET"]}}],"collection":[{"href":"https:\/\/www.hydraulic-cylinders.net\/cs\/wp-json\/wp\/v2\/product"}],"about":[{"href":"https:\/\/www.hydraulic-cylinders.net\/cs\/wp-json\/wp\/v2\/types\/product"}],"replies":[{"embeddable":true,"href":"https:\/\/www.hydraulic-cylinders.net\/cs\/wp-json\/wp\/v2\/comments?post=15385"}],"wp:featuredmedia":[{"embeddable":true,"href":"https:\/\/www.hydraulic-cylinders.net\/cs\/wp-json\/wp\/v2\/media\/14762"}],"wp:attachment":[{"href":"https:\/\/www.hydraulic-cylinders.net\/cs\/wp-json\/wp\/v2\/media?parent=15385"}],"wp:term":[{"taxonomy":"product_brand","embeddable":true,"href":"https:\/\/www.hydraulic-cylinders.net\/cs\/wp-json\/wp\/v2\/product_brand?post=15385"},{"taxonomy":"product_cat","embeddable":true,"href":"https:\/\/www.hydraulic-cylinders.net\/cs\/wp-json\/wp\/v2\/product_cat?post=15385"},{"taxonomy":"product_tag","embeddable":true,"href":"https:\/\/www.hydraulic-cylinders.net\/cs\/wp-json\/wp\/v2\/product_tag?post=15385"}],"curies":[{"name":"wp","href":"https:\/\/api.w.org\/{rel}","templated":true}]}}