{"id":15387,"date":"2025-01-19T14:28:01","date_gmt":"2025-01-19T14:28:01","guid":{"rendered":"https:\/\/www.hydraulic-cylinders.net\/product\/bucket-cylinder-for-volvo-small-excavator-ec60c-80d\/"},"modified":"2025-01-19T14:28:03","modified_gmt":"2025-01-19T14:28:03","slug":"bucket-cylinder-for-volvo-small-excavator-ec60c-80d","status":"publish","type":"product","link":"https:\/\/www.hydraulic-cylinders.net\/cs\/produkt\/bucket-cylinder-for-volvo-small-excavator-ec60c-80d\/","title":{"rendered":"V\u00e1lec kope\u010dku pro mal\u00e9 rypadlo Volvo EC60C\/80D"},"content":{"rendered":"<h1>V\u00e1lec kope\u010dku pro mal\u00e9 rypadlo Volvo EC60C\/80D<\/h1>\n<h2>Zaveden\u00ed<\/h2>\n<p>Hydraulick\u00fd v\u00e1lec kope\u010dku je speci\u00e1ln\u011b navr\u017een\u00fd hydraulick\u00fd v\u00e1lec pou\u017e\u00edvan\u00fd k ovl\u00e1d\u00e1n\u00ed pohybu kope\u010dku v t\u011b\u017ek\u00fdch stroj\u00edch, jako jsou bagry, r\u00fdpadla-rypadla a \u010deln\u00ed naklada\u010de. Jeho prim\u00e1rn\u00ed funkc\u00ed je umo\u017enit zved\u00e1n\u00ed, spou\u0161t\u011bn\u00ed a nakl\u00e1p\u011bn\u00ed kope\u010dku, co\u017e usnad\u0148uje prov\u00e1d\u011bn\u00ed r\u016fzn\u00fdch \u00fakol\u016f manipulace s materi\u00e1lem. V hydraulick\u00e9m syst\u00e9mu dosahuje v\u00e1lec kope\u010dku p\u0159esn\u00e9ho ovl\u00e1d\u00e1n\u00ed kope\u010dku zm\u011bnami tlaku hydraulick\u00e9ho oleje, co\u017e umo\u017e\u0148uje obsluze efektivn\u011b manipulovat s t\u011b\u017ek\u00fdmi b\u0159emeny a p\u0159izp\u016fsobovat se slo\u017eit\u00e9mu pracovn\u00edmu prost\u0159ed\u00ed a rozmanit\u00fdm po\u017eadavk\u016fm na pr\u00e1ci.<\/p>\n<p><img decoding=\"async\" src=\"https:\/\/www.hydraulic-cylinders.net\/wp-content\/uploads\/2025\/01\/songte-company-2.webp\" alt=\"V\u00e1lec kope\u010dku pro mal\u00e9 rypadlo Volvo EC60C\/80D\"><\/p>\n<h2>Funkce<\/h2>\n<ul>\n<li>\n<h3>Vysok\u00e1 pevnost a trvanlivost<\/h3>\n<p>Kore\u010dkov\u00e9 v\u00e1lce se obvykle vyr\u00e1b\u011bj\u00ed z vysokopevnostn\u00ed oceli nebo hlin\u00edku, kter\u00e9 odol\u00e1vaj\u00ed vysok\u00e9mu tlaku a velk\u00e9mu zat\u00ed\u017een\u00ed a p\u0159izp\u016fsobuj\u00ed se n\u00e1ro\u010dn\u00fdm pracovn\u00edm prost\u0159ed\u00edm. Konstrukce zohled\u0148uje odolnost proti opot\u0159eben\u00ed a korozi, co\u017e prodlu\u017euje \u017eivotnost.<\/p>\n<\/li>\n<li>\n<h3>Efektivn\u00ed hydraulick\u00fd provoz<\/h3>\n<p>V\u00e1lce kore\u010dk\u016f vyu\u017e\u00edvaj\u00ed hydraulick\u00fd tlak oleje k dosa\u017een\u00ed plynul\u00e9ho vysouv\u00e1n\u00ed a smr\u0161\u0165ov\u00e1n\u00ed, co\u017e umo\u017e\u0148uje rychlou reakci na \u0159\u00eddic\u00ed povely a poskytuje silnou tla\u010dnou a ta\u017enou s\u00edlu, vhodnou pro manipulaci s t\u011b\u017ek\u00fdmi b\u0159emeny a slo\u017eit\u00e9 pracovn\u00ed \u00fakoly.<\/p>\n<\/li>\n<li>\n<h3>R\u016fznorod\u00e9 typy<\/h3>\n<p>V\u00e1lce kore\u010dk\u016f lze dle pot\u0159eby zvolit jako jedno\u010dinn\u00e9 (hydraulick\u00fd pohon se pou\u017e\u00edv\u00e1 pouze v jednom sm\u011bru) nebo dvoj\u010dinn\u00e9 (hydraulick\u00fd pohon se pou\u017e\u00edv\u00e1 v obou sm\u011brech), co\u017e u n\u011bkter\u00fdch model\u016f umo\u017e\u0148uje v\u011bt\u0161\u00ed vysunut\u00ed bez zv\u011bt\u0161en\u00ed vn\u011bj\u0161\u00edch rozm\u011br\u016f a je vhodn\u00e9 pro aplikace s omezen\u00fdm prostorem.<\/p>\n<\/li>\n<li>\n<h3>Dokonal\u00e1 n\u00e1hrada<\/h3>\n<p>Na\u0161e produkty dok\u00e1\u017e\u00ed tyto hydraulick\u00e9 v\u00e1lce dokonale nahradit.<\/p>\n<\/li>\n<\/ul>\n<p><img decoding=\"async\" src=\"https:\/\/www.hydraulic-cylinders.net\/wp-content\/uploads\/2025\/01\/songte-cylinder-head-with-all-kinds-excavator-models.webp\" alt=\"V\u00e1lec kope\u010dku pro mal\u00e9 rypadlo Volvo EC60C\/80D\"><\/p>\n<h2>Aplikace<\/h2>\n<ul>\n<li>\n<h3>Stavebn\u00ed stroje<\/h3>\n<p>Kore\u010dkov\u00e9 v\u00e1lce se nach\u00e1zej\u00ed v bagrech, kde jsou nezbytn\u00e9 pro kop\u00e1n\u00ed, nakl\u00e1d\u00e1n\u00ed a p\u0159emis\u0165ov\u00e1n\u00ed zeminy nebo suti. U r\u00fdpadel s r\u00fdpadly pom\u00e1haj\u00ed kore\u010dkov\u00e9 v\u00e1lce jak p\u0159i v\u00fdkopu, tak p\u0159i zved\u00e1n\u00ed. U \u010deln\u00edch naklada\u010d\u016f pom\u00e1haj\u00ed efektivn\u011b zvedat a vykl\u00e1dat zbo\u017e\u00ed.<\/p>\n<\/li>\n<li>\n<h3>Zem\u011bd\u011blsk\u00e9 stroje<\/h3>\n<p>Kore\u010dkov\u00e9 v\u00e1lce se pou\u017e\u00edvaj\u00ed u \u010deln\u00edch naklada\u010d\u016f k nab\u00edr\u00e1n\u00ed, zved\u00e1n\u00ed a p\u0159eprav\u011b zeminy, sena a dal\u0161\u00edch materi\u00e1l\u016f. U bagr\u016f dosahuj\u00ed kop\u00e1n\u00ed t\u00edm, \u017ee umo\u017e\u0148uj\u00ed l\u017e\u00edci proniknout do p\u016fdy. <\/p>\n<\/li>\n<\/ul>\n<h2>Konstruk\u010dn\u00ed aspekty a krit\u00e9ria v\u00fdb\u011bru<\/h2>\n<p>P\u0159i v\u00fdb\u011bru kore\u010dkov\u00e9ho v\u00e1lce je nezbytn\u00e9 zv\u00e1\u017eit jeho \u00fanosnost, t\u011bsn\u011bn\u00ed, trvanlivost, bezpe\u010dnost a \u00fadr\u017ebu. <\/p>\n<h3>\u00danosnost<\/h3>\n<p>\u00danosnost hydraulick\u00e9ho v\u00e1lce z\u00e1vis\u00ed na pevnosti t\u011blesa v\u00e1lce, hladkosti vnit\u0159n\u00edho povrchu t\u011blesa v\u00e1lce, tlou\u0161\u0165ce st\u011bny v\u00e1lce a pevnosti spojovac\u00edch \u010d\u00e1st\u00ed. P\u00edst v\u00e1lce a ojnice mus\u00ed b\u00fdt nav\u00edc vyrobeny z vysoce pevn\u00fdch materi\u00e1l\u016f, aby odolaly vysok\u00e9mu tlaku a velk\u00e9mu zat\u00ed\u017een\u00ed.<\/p>\n<h3>T\u011bsn\u011bn\u00ed<\/h3>\n<p>T\u011bsn\u011bn\u00ed v\u00e1lce je z\u00e1sadn\u00ed pro prevenci \u00faniku oleje a pro zaji\u0161t\u011bn\u00ed plynul\u00e9ho chodu hydraulick\u00e9ho syst\u00e9mu. V\u00e1lec by m\u011bl b\u00fdt vybaven r\u016fzn\u00fdmi t\u011bsnic\u00edmi prvky, jako jsou p\u00edstn\u00ed t\u011bsn\u011bn\u00ed, p\u00edstn\u00ed t\u011bsn\u011bn\u00ed a tlumi\u010de, vyroben\u00fdmi z materi\u00e1l\u016f odoln\u00fdch proti opot\u0159eben\u00ed, jako je polyuretan a nitrilov\u00e1 pry\u017e, aby se zlep\u0161ila \u00fa\u010dinnost t\u011bsn\u011bn\u00ed a prodlou\u017eila \u017eivotnost.<\/p>\n<h3>Trvanlivost<\/h3>\n<p>The cylinder body and the threaded end surface of the cylinder head should be processed finely to improve wear resistance and corrosion resistance. Regular lubrication is also required to maintain the cylinder&#8217;s durability.<\/p>\n<h3>Bezpe\u010dnost<\/h3>\n<p>V\u00e1lec s kope\u010dkem by m\u011bl b\u00fdt vybaven pojistn\u00fdm ventilem, aby se zabr\u00e1nilo n\u00e1hl\u00fdm pokles\u016fm zp\u016fsoben\u00fdm ztr\u00e1tou hydraulick\u00e9ho tlaku nebo jin\u00fdmi neo\u010dek\u00e1van\u00fdmi situacemi. Obsluha by se nav\u00edc m\u011bla p\u0159ed pou\u017eit\u00edm v\u00e1lce sezn\u00e1mit s provozn\u00edmi postupy, po\u017eadavky na \u00fadr\u017ebu a bezpe\u010dnostn\u00edmi opat\u0159en\u00edmi.<\/p>\n<h3>Udr\u017eovatelnost<\/h3>\n<p>Kore\u010dkov\u00fd v\u00e1lec by m\u011bl b\u00fdt snadno rozeb\u00edrateln\u00fd a udr\u017eovateln\u00fd. Dobr\u00fd kore\u010dkov\u00fd v\u00e1lec by m\u011bl b\u00fdt navr\u017een se snadno vym\u011bniteln\u00fdmi t\u011bsn\u011bn\u00edmi, snadno demontovateln\u00fdmi p\u00edstn\u00edmi ty\u010demi a snadno vym\u011bniteln\u00fdmi d\u00edly odoln\u00fdmi proti opot\u0159eben\u00ed. <\/p>\n<p><img decoding=\"async\" src=\"https:\/\/www.hydraulic-cylinders.net\/wp-content\/uploads\/2025\/01\/songte-oil-pipes-and-spare-parts.webp\" alt=\"V\u00e1lec kope\u010dku pro mal\u00e9 rypadlo Volvo EC60C\/80D\"><\/p>\n<h2>\u00dadr\u017eba a opravy<\/h2>\n<p>Pravideln\u00e1 \u00fadr\u017eba a opravy mohou maximalizovat \u017eivotnost kore\u010dkov\u00e9ho v\u00e1lce.<\/p>\n<h3>Instalace<\/h3>\n<p>Spr\u00e1vn\u00e1 instalace je pro provoz kore\u010dkov\u00e9ho v\u00e1lce z\u00e1sadn\u00ed. Doporu\u010duje se v\u00e1lec spr\u00e1vn\u011b vyrovnat a k jeho upevn\u011bn\u00ed pou\u017e\u00edt vhodn\u00e9 mont\u00e1\u017en\u00ed konzoly.<\/p>\n<h3>\u00dadr\u017eba<\/h3>\n<ul>\n<li>Pravideln\u00e1 kontrola: Pravideln\u011b kontrolujte v\u00e1lec, abyste v\u010das odhalili opot\u0159eben\u00ed a po\u0161kozen\u00ed.<\/li>\n<li>Maz\u00e1n\u00ed: Pravideln\u011b dopl\u0148ujte odpov\u00eddaj\u00edc\u00ed mno\u017estv\u00ed hydraulick\u00e9ho oleje, aby byl v\u00e1lec promaz\u00e1n. <\/li>\n<li>V\u00fdm\u011bna t\u011bsn\u011bn\u00ed: T\u011bsn\u011bn\u00ed pravideln\u011b vym\u011b\u0148ujte, abyste zabr\u00e1nili \u00faniku oleje. <\/li>\n<li>Kontrola kalibrace: Zkontrolujte kalibraci v\u00e1lce kope\u010dku, abyste zajistili jeho spr\u00e1vn\u00fd provoz.<\/li>\n<\/ul>\n<h3>Opravit<\/h3>\n<p>The repair process of the bucket cylinder should follow the recommended procedures. It is essential to use high-quality replacement parts and rebuild services to ensure the bucket cylinder&#8217;s proper operation.<\/p>\n<p><img decoding=\"async\" src=\"https:\/\/www.hydraulic-cylinders.net\/wp-content\/uploads\/2025\/01\/songte-chushion-collar.webp\" alt=\"V\u00e1lec kope\u010dku pro mal\u00e9 rypadlo Volvo EC60C\/80D\"><\/p>\n<h2>Bezpe\u010dnostn\u00ed a environment\u00e1ln\u00ed aspekty<\/h2>\n<p>P\u0159i pou\u017e\u00edv\u00e1n\u00ed hydraulick\u00e9ho v\u00e1lce kore\u010dkov\u00e9ho v\u00e1lce je nezbytn\u00e9 dodr\u017eovat bezpe\u010dnostn\u00ed opat\u0159en\u00ed, aby se p\u0159ede\u0161lo nehod\u00e1m. Hydraulick\u00fd olej pou\u017eit\u00fd ve v\u00e1lci kore\u010dkov\u00e9ho v\u00e1lce by m\u011bl b\u00fdt tak\u00e9 \u0159\u00e1dn\u011b zlikvidov\u00e1n, aby se chr\u00e1nilo \u017eivotn\u00ed prost\u0159ed\u00ed.<\/p>\n<h2>Diagnostika poruch a b\u011b\u017en\u00e9 probl\u00e9my<\/h2>\n<p>Mezi b\u011b\u017en\u00e9 probl\u00e9my s v\u00e1lci kore\u010dk\u016f pat\u0159\u00ed \u00fanik oleje, abnorm\u00e1ln\u00ed hluk a nedostate\u010dn\u00fd v\u00fdkon. Pro diagnostiku a \u0159e\u0161en\u00ed t\u011bchto probl\u00e9m\u016f je nutn\u00e9 zkontrolovat hydraulick\u00fd syst\u00e9m, vym\u011bnit t\u011bsn\u011bn\u00ed, zkontrolovat kalibraci a v\u00e1lec znovu sestavit.<\/p>\n<p><img decoding=\"async\" src=\"https:\/\/www.hydraulic-cylinders.net\/wp-content\/uploads\/2025\/01\/songte-bushings-with-all-kinds-of-excavator-models.webp\" alt=\"V\u00e1lec kope\u010dku pro mal\u00e9 rypadlo Volvo EC60C\/80D\"><\/p>\n<h2>O na\u0161\u00ed spole\u010dnosti<\/h2>\n<p>Jsme p\u0159edn\u00edm v\u00fdrobcem a velkoobchodn\u00edm distributorem hydraulick\u00fdch v\u00e1lc\u016f na dom\u00e1c\u00edm i mezin\u00e1rodn\u00edm trhu. Nab\u00edz\u00edme \u0161irokou \u0161k\u00e1lu produkt\u016f a slu\u017eeb, v\u010detn\u011b \u00faprav na m\u00edru, v\u00fdroby a poprodejn\u00ed podpory. Na\u0161e spole\u010dnost se \u0159\u00edd\u00ed principy vysok\u00e9 \u00fa\u010dinnosti, vysok\u00e9 p\u0159esnosti a vysok\u00e9 kvality, abychom uspokojili rozmanit\u00e9 pot\u0159eby z\u00e1kazn\u00edk\u016f. <\/p>\n<h3>Profesionalita<\/h3>\n<p>M\u00e1me profesion\u00e1ln\u00ed technick\u00fd t\u00fdm a modern\u00ed digit\u00e1ln\u00ed v\u00fdrobn\u00ed za\u0159\u00edzen\u00ed, kter\u00e9 n\u00e1m umo\u017e\u0148uje poskytovat na\u0161im z\u00e1kazn\u00edk\u016fm vysoce kvalitn\u00ed produkty a slu\u017eby.<\/p>\n<h3>Mezin\u00e1rodn\u00ed certifikace<\/h3>\n<p>Na\u0161e v\u00fdrobky pro\u0161ly certifikac\u00ed syst\u00e9mu managementu jakosti ISO9001 a certifikac\u00ed CE, co\u017e zaji\u0161\u0165uje kvalitu a bezpe\u010dnost na\u0161ich v\u00fdrobk\u016f.<\/p>\n<h3>Slu\u017eba p\u0159izp\u016fsoben\u00ed<\/h3>\n<p>Poskytujeme slu\u017eby p\u0159izp\u016fsoben\u00ed, abychom splnili specifick\u00e9 pot\u0159eby na\u0161ich z\u00e1kazn\u00edk\u016f.<\/p>\n<h3>V\u00fdrobn\u00ed za\u0159\u00edzen\u00ed<\/h3>\n<p>Disponujeme pokro\u010dil\u00fdm digit\u00e1ln\u00edm v\u00fdrobn\u00edm za\u0159\u00edzen\u00edm a profesion\u00e1ln\u00edmi v\u00fdrobn\u00edmi linkami, kter\u00e9 zaji\u0161\u0165uj\u00ed kvalitu v\u00fdrobk\u016f a efektivitu v\u00fdroby.<\/p>\n<h3>Poprodejn\u00ed servis<\/h3>\n<p>Nab\u00edz\u00edme komplexn\u00ed poprodejn\u00ed slu\u017eby, v\u010detn\u011b technick\u00e9 podpory, \u00fadr\u017eby a v\u00fdm\u011bny n\u00e1hradn\u00edch d\u00edl\u016f, abychom zajistili bezprobl\u00e9mov\u00fd provoz hydraulick\u00e9ho syst\u00e9mu.<\/p>\n<p><img decoding=\"async\" src=\"https:\/\/hzpt.com\/wp-content\/uploads\/2024\/11\/songte-company-1.webp\" alt=\"V\u00e1lec kope\u010dku pro mal\u00e9 rypadlo Volvo EC60C\/80D\"><\/p>\n<p>Autor: lyl<\/p>","protected":false},"excerpt":{"rendered":"<p>Bucket Cylinder For Volvo Small Excavator EC60C\/80D Introduction A bucket cylinder is a specially designed hydraulic cylinder used to control the movement of a bucket in heavy machinery such as excavators, backhoe excavators, and front-end loaders. Its primary function is to enable the bucket to lift, lower, and tilt, making it easier to perform various [&hellip;]<\/p>","protected":false},"featured_media":14789,"comment_status":"open","ping_status":"closed","template":"","meta":{"_et_pb_use_builder":"","_et_pb_old_content":"","_et_gb_content_width":""},"product_brand":[],"product_cat":[1494],"product_tag":[1495,1496],"class_list":{"0":"post-15387","1":"product","2":"type-product","3":"status-publish","4":"has-post-thumbnail","6":"product_cat-bucket-cylinders","7":"product_tag-bucket-cylinders","8":"product_tag-hydraulic-cylinders","10":"first","11":"instock","12":"shipping-taxable","13":"product-type-simple"},"amp_enabled":true,"_links":{"self":[{"href":"https:\/\/www.hydraulic-cylinders.net\/cs\/wp-json\/wp\/v2\/product\/15387","targetHints":{"allow":["GET"]}}],"collection":[{"href":"https:\/\/www.hydraulic-cylinders.net\/cs\/wp-json\/wp\/v2\/product"}],"about":[{"href":"https:\/\/www.hydraulic-cylinders.net\/cs\/wp-json\/wp\/v2\/types\/product"}],"replies":[{"embeddable":true,"href":"https:\/\/www.hydraulic-cylinders.net\/cs\/wp-json\/wp\/v2\/comments?post=15387"}],"wp:featuredmedia":[{"embeddable":true,"href":"https:\/\/www.hydraulic-cylinders.net\/cs\/wp-json\/wp\/v2\/media\/14789"}],"wp:attachment":[{"href":"https:\/\/www.hydraulic-cylinders.net\/cs\/wp-json\/wp\/v2\/media?parent=15387"}],"wp:term":[{"taxonomy":"product_brand","embeddable":true,"href":"https:\/\/www.hydraulic-cylinders.net\/cs\/wp-json\/wp\/v2\/product_brand?post=15387"},{"taxonomy":"product_cat","embeddable":true,"href":"https:\/\/www.hydraulic-cylinders.net\/cs\/wp-json\/wp\/v2\/product_cat?post=15387"},{"taxonomy":"product_tag","embeddable":true,"href":"https:\/\/www.hydraulic-cylinders.net\/cs\/wp-json\/wp\/v2\/product_tag?post=15387"}],"curies":[{"name":"wp","href":"https:\/\/api.w.org\/{rel}","templated":true}]}}