{"id":15390,"date":"2025-01-19T14:28:12","date_gmt":"2025-01-19T14:28:12","guid":{"rendered":"https:\/\/www.hydraulic-cylinders.net\/product\/bucket-cylinder-for-volvo-middle-excavator-ec200b\/"},"modified":"2025-01-19T14:28:14","modified_gmt":"2025-01-19T14:28:14","slug":"bucket-cylinder-for-volvo-middle-excavator-ec200b","status":"publish","type":"product","link":"https:\/\/www.hydraulic-cylinders.net\/cs\/produkt\/bucket-cylinder-for-volvo-middle-excavator-ec200b\/","title":{"rendered":"V\u00e1lec kope\u010dku pro st\u0159edn\u00ed bagr Volvo EC200B"},"content":{"rendered":"<h1>V\u00e1lec kope\u010dku pro st\u0159edn\u00ed bagr Volvo EC200B<\/h1>\n<h2>Zaveden\u00ed<\/h2>\n<p>Hydraulick\u00fd v\u00e1lec kope\u010dku je speci\u00e1ln\u011b navr\u017een\u00fd hydraulick\u00fd v\u00e1lec pou\u017e\u00edvan\u00fd k ovl\u00e1d\u00e1n\u00ed pohybu kope\u010dk\u016f v t\u011b\u017ek\u00fdch stroj\u00edch, jako jsou bagry, rypadla-naklada\u010de a \u010deln\u00ed naklada\u010de. Jeho hlavn\u00ed funkc\u00ed je zved\u00e1n\u00ed, spou\u0161t\u011bn\u00ed a nakl\u00e1p\u011bn\u00ed kope\u010dku, co\u017e usnad\u0148uje manipulaci s r\u016fzn\u00fdmi materi\u00e1ly. V hydraulick\u00e9m syst\u00e9mu dosahuje v\u00e1lec kope\u010dku p\u0159esn\u00e9ho ovl\u00e1d\u00e1n\u00ed kope\u010dku zm\u011bnami tlaku hydraulick\u00e9ho oleje, co\u017e umo\u017e\u0148uje obsluze efektivn\u011b manipulovat s t\u011b\u017ek\u00fdmi b\u0159emeny, p\u0159izp\u016fsobovat se slo\u017eit\u00fdm pracovn\u00edm prost\u0159ed\u00edm a rozmanit\u00fdm provozn\u00edm po\u017eadavk\u016fm.<\/p>\n<p><img decoding=\"async\" src=\"https:\/\/www.hydraulic-cylinders.net\/wp-content\/uploads\/2025\/01\/songte-company-2.webp\" alt=\"Obr\u00e1zek v\u00e1lce kbel\u00edku\"><\/p>\n<h2>Funkce<\/h2>\n<ul>\n<li><strong>Vysok\u00e1 pevnost a trvanlivost:<\/strong> Obvykle se vyr\u00e1b\u00ed z vysokopevnostn\u00ed oceli nebo hlin\u00edku, tak\u017ee odol\u00e1 vysok\u00e9mu tlaku a velk\u00e9mu zat\u00ed\u017een\u00ed, a p\u0159izp\u016fsob\u00ed se tak n\u00e1ro\u010dn\u00e9mu pracovn\u00edmu prost\u0159ed\u00ed. Konstrukce zohled\u0148uje odolnost proti opot\u0159eben\u00ed a korozi, co\u017e prodlu\u017euje \u017eivotnost.<\/li>\n<li><strong>Efektivn\u00ed hydraulick\u00fd provoz:<\/strong> Dosahuje plynul\u00e9ho roztahov\u00e1n\u00ed a smr\u0161\u0165ov\u00e1n\u00ed pomoc\u00ed tlaku hydraulick\u00e9ho oleje, rychle reaguje na \u0159\u00eddic\u00ed povely, poskytuje silnou ta\u017enou s\u00edlu a je vhodn\u00fd pro manipulaci s t\u011b\u017ek\u00fdmi b\u0159emeny a slo\u017eit\u00e9 provozn\u00ed \u00fakoly.<\/li>\n<li><strong>R\u016fzn\u00e9 typy:<\/strong> Podle provozn\u00edch po\u017eadavk\u016f lze zvolit jedno\u010dinn\u00e9 (hydraulika pou\u017eit\u00e1 pouze v jednom sm\u011bru) nebo dvoj\u010dinn\u00e9 (hydraulika pou\u017eit\u00e1 v obou sm\u011brech) v\u00e1lce. N\u011bkter\u00e9 modely jsou teleskopick\u00e9, co\u017e umo\u017e\u0148uje v\u011bt\u0161\u00ed vysunut\u00ed bez zv\u011bt\u0161en\u00ed vn\u011bj\u0161\u00edch rozm\u011br\u016f, vhodn\u00e9 pro aplikace s omezen\u00fdm prostorem.<\/li>\n<li><strong>P\u0159izp\u016fsobiteln\u00e1 v\u00fdroba:<\/strong> Na\u0161e produkty dok\u00e1\u017e\u00ed tyto hydraulick\u00e9 v\u00e1lce dokonale nahradit.<\/li>\n<li><strong>\u0160iroce pou\u017e\u00edvan\u00e9:<\/strong> Kore\u010dkov\u00fd v\u00e1lec se pou\u017e\u00edv\u00e1 v r\u016fzn\u00fdch oblastech, jako jsou stavebn\u00ed stroje, zem\u011bd\u011blsk\u00e9 stroje, bagry a \u010deln\u00ed naklada\u010de. <\/li>\n<\/ul>\n<p><img decoding=\"async\" src=\"https:\/\/www.hydraulic-cylinders.net\/wp-content\/uploads\/2025\/01\/songte-cylinder-head-with-all-kinds-excavator-models.webp\" alt=\"Obr\u00e1zek v\u00fdm\u011bny v\u00e1lce lopaty\"><\/p>\n<h2>Aplikace<\/h2>\n<h3>Stavebn\u00ed stroje<\/h3>\n<p>U bagr\u016f jsou nezbytn\u00e9 pro kop\u00e1n\u00ed, nakl\u00e1d\u00e1n\u00ed a p\u0159emis\u0165ov\u00e1n\u00ed zeminy nebo suti. U rypadlo-naklada\u010d\u016f pom\u00e1h\u00e1 v\u00e1lec l\u017e\u00edce jak p\u0159i kop\u00e1n\u00ed, tak p\u0159i zved\u00e1n\u00ed. <\/p>\n<h3>Zem\u011bd\u011blsk\u00e9 stroje<\/h3>\n<p>Pou\u017e\u00edv\u00e1 se pro \u010deln\u00ed naklada\u010de, zved\u00e1n\u00ed a p\u0159epravu zeminy, sena a dal\u0161\u00edch materi\u00e1l\u016f. <\/p>\n<h3>Bagry<\/h3>\n<p>V\u00e1lec l\u017e\u00edce umo\u017e\u0148uje v\u00fdkopov\u00e9 pr\u00e1ce t\u00edm, \u017ee umo\u017e\u0148uje l\u017e\u00edci proniknout do p\u016fdy. <\/p>\n<h3>\u010celn\u00ed naklada\u010de<\/h3>\n<p>U \u010deln\u00edch naklada\u010d\u016f efektivn\u011b pom\u00e1haj\u00ed se zved\u00e1n\u00edm a vykl\u00e1dkou zbo\u017e\u00ed. <\/p>\n<p><img decoding=\"async\" src=\"https:\/\/www.hydraulic-cylinders.net\/wp-content\/uploads\/2025\/01\/songte-chushion-collar.webp\" alt=\"Obr\u00e1zek pouzder v\u00e1lc\u016f lopaty\"><\/p>\n<h2>Zv\u00e1\u017een\u00ed n\u00e1vrhu a krit\u00e9ria v\u00fdb\u011bru<\/h2>\n<h3>\u00danosnost<\/h3>\n<p>V\u00e1lec kore\u010dkov\u00e9ho v\u00e1lce mus\u00ed m\u00edt dostate\u010dnou nosnost, aby odolal maxim\u00e1ln\u00edmu zat\u00ed\u017een\u00ed a zabr\u00e1nil bezpe\u010dnostn\u00edm rizik\u016fm.<\/p>\n<h3>T\u011bsn\u011bn\u00ed<\/h3>\n<p>Pou\u017e\u00edvaj\u00ed se r\u016fzn\u00e9 t\u011bsnic\u00ed prvky, jako jsou t\u011bsn\u011bn\u00ed p\u00edst\u016f a p\u00edstnic, kter\u00e9 jsou vyrobeny z materi\u00e1l\u016f odoln\u00fdch proti opot\u0159eben\u00ed, jako je polyuretan a nitrilov\u00e1 pry\u017e. T\u011bleso v\u00e1lce a z\u00e1vitov\u00e9 konce jsou jemn\u011b opracov\u00e1ny, co\u017e zlep\u0161uje odolnost proti opot\u0159eben\u00ed. <\/p>\n<h3>Trvanlivost<\/h3>\n<p>Trvanlivost kore\u010dkov\u00e9ho v\u00e1lce je z\u00e1sadn\u00ed, zejm\u00e9na s ohledem na n\u00e1ro\u010dn\u00e9 pracovn\u00ed prost\u0159ed\u00ed. V\u00e1lec mus\u00ed b\u00fdt schopen pracovat po del\u0161\u00ed dobu bez poruchy.<\/p>\n<h3>Bezpe\u010dnost<\/h3>\n<p>V\u00e1lec mus\u00ed spl\u0148ovat bezpe\u010dnostn\u00ed normy, kter\u00e9 zaji\u0161\u0165uj\u00ed jeho bezpe\u010dn\u00fd provoz a nep\u0159edstavuj\u00ed zdroj nebezpe\u010d\u00ed pro obsluhu ani jin\u00e9 osoby.<\/p>\n<h3>\u00dadr\u017eba<\/h3>\n<p>\u00dadr\u017eba v\u00e1lec kore\u010dkov\u00e9ho v\u00e1lce mus\u00ed b\u00fdt snadn\u00e1 a n\u00e1klady na \u00fadr\u017ebu n\u00edzk\u00e9. Syst\u00e9m by m\u011bl b\u00fdt snadno p\u0159\u00edstupn\u00fd, aby umo\u017e\u0148oval rychlou a snadnou \u00fadr\u017ebu.<\/p>\n<p><img decoding=\"async\" src=\"https:\/\/www.hydraulic-cylinders.net\/wp-content\/uploads\/2025\/01\/songte-oil-pipes-and-spare-parts.webp\" alt=\"Obr\u00e1zek n\u00e1hradn\u00edch d\u00edl\u016f pro v\u00e1lec lopaty\"><\/p>\n<h2>T\u011bsn\u011bn\u00ed a maz\u00e1n\u00ed<\/h2>\n<p>V\u00e1lec kope\u010dku obsahuje r\u016fzn\u00e9 t\u011bsnic\u00ed d\u00edly, kter\u00e9 zabra\u0148uj\u00ed \u00faniku hydraulick\u00e9ho oleje. Pro zaji\u0161t\u011bn\u00ed odolnosti proti opot\u0159eben\u00ed se pou\u017e\u00edvaj\u00ed t\u011bsnic\u00ed materi\u00e1ly, jako je polyuretan a nitrilov\u00e1 pry\u017e. Pravideln\u00e9 dopl\u0148ov\u00e1n\u00ed hydraulick\u00e9ho oleje k maz\u00e1n\u00ed v\u00e1lce kope\u010dku m\u016f\u017ee zlep\u0161it jeho provozn\u00ed \u00fa\u010dinnost a sn\u00ed\u017eit riziko poruchy. <\/p>\n<h2>\u00dadr\u017eba a opravy<\/h2>\n<h3>Pravideln\u00e9 kontroly<\/h3>\n<p>Pravideln\u00e9 kontroly mohou pomoci identifikovat potenci\u00e1ln\u00ed probl\u00e9my a zabr\u00e1nit selh\u00e1n\u00ed v\u00e1lce. Doporu\u010duje se zkontrolovat v\u00e1lec, zda nen\u00ed opot\u0159ebovan\u00fd, deformovan\u00fd nebo po\u0161kozen\u00fd, a v p\u0159\u00edpad\u011b pot\u0159eby vym\u011bnit d\u00edly.<\/p>\n<h3>Spr\u00e1vn\u00e9 maz\u00e1n\u00ed<\/h3>\n<p>V\u00e1lec l\u017e\u00edce mus\u00ed b\u00fdt spr\u00e1vn\u011b maz\u00e1n, aby byla zaji\u0161t\u011bna jeho provozn\u00ed \u00fa\u010dinnost. Doporu\u010duje se pou\u017e\u00edvat hydraulick\u00fd olej a pravideln\u011b jej do syst\u00e9mu dopl\u0148ovat.<\/p>\n<h3>V\u00fdm\u011bna t\u011bsn\u011bn\u00ed<\/h3>\n<p>V\u00fdm\u011bna opot\u0159ebovan\u00fdch t\u011bsn\u011bn\u00ed m\u016f\u017ee zlep\u0161it v\u00fdkon v\u00e1lce a zabr\u00e1nit \u00faniku oleje.<\/p>\n<h3>Kontrola kalibrace<\/h3>\n<p>Kontrola kalibrace m\u016f\u017ee pomoci zajistit, aby v\u00e1lec kore\u010dkov\u00e9ho v\u00e1lce fungoval spr\u00e1vn\u011b a efektivn\u011b.<\/p>\n<p><img decoding=\"async\" src=\"https:\/\/www.hydraulic-cylinders.net\/wp-content\/uploads\/2025\/01\/songte-bushings-with-all-kinds-of-excavator-models.webp\" alt=\"Obr\u00e1zek pouzder v\u00e1lc\u016f lopaty\"><\/p>\n<h2>Bezpe\u010dnostn\u00ed aspekty a faktory prost\u0159ed\u00ed<\/h2>\n<p>V\u00e1lec s kope\u010dkem mus\u00ed spl\u0148ovat bezpe\u010dnostn\u00ed normy, kter\u00e9 zaji\u0161\u0165uj\u00ed jeho bezpe\u010dn\u00fd provoz a nep\u0159edstavuj\u00ed zdroj nebezpe\u010d\u00ed pro obsluhu ani jin\u00e9 osoby. Spr\u00e1vn\u00e9 pou\u017e\u00edv\u00e1n\u00ed a \u00fadr\u017eba mohou pomoci sn\u00ed\u017eit dopad na \u017eivotn\u00ed prost\u0159ed\u00ed.<\/p>\n<h2>B\u011b\u017en\u00e9 probl\u00e9my a jejich \u0159e\u0161en\u00ed<\/h2>\n<p>V\u00e1lec kore\u010dkov\u00e9ho v\u00e1lce m\u016f\u017ee m\u00edt r\u016fzn\u00e9 probl\u00e9my, jako je \u00fanik oleje, deformace v\u00e1lce a nemo\u017enost jeho vysouv\u00e1n\u00ed\/smr\u0161\u0165ov\u00e1n\u00ed. V\u011bt\u0161inu probl\u00e9m\u016f m\u016f\u017ee vy\u0159e\u0161it spr\u00e1vn\u00e1 \u00fadr\u017eba a opravy.<\/p>\n<h2>P\u0159edstaven\u00ed spole\u010dnosti<\/h2>\n<p>Jsme v\u00fdrobcem n\u00e1hradn\u00edch hydraulick\u00fdch v\u00e1lc\u016f s komplexn\u00ed nab\u00eddkou produkt\u016f. Jako jeden z p\u0159edn\u00edch v\u00fdrobc\u016f a velkoobchodn\u00edch distributor\u016f hydraulick\u00fdch v\u00e1lc\u016f na dom\u00e1c\u00edm i mezin\u00e1rodn\u00edm trhu se \u0159\u00edd\u00edme principy excelence, spol\u00e9h\u00e1me na industrializovan\u00e9 strategie \u0159\u00edzen\u00ed v\u00fdroby podporovan\u00e9 sofistikovan\u00fdmi v\u00fdrobn\u00edmi d\u00edlnami, neust\u00e1le vylep\u0161ujeme v\u00fdrobn\u00ed platformu d\u00edlny, zlep\u0161ujeme kvalitu v\u00fdroby produktov\u00e9 \u0159ady a m\u00e1me siln\u00e9 tv\u016fr\u010d\u00ed schopnosti. Spl\u0148ujeme rozmanit\u00e9 pot\u0159eby z\u00e1kazn\u00edk\u016f s vysokou efektivitou, p\u0159esnost\u00ed a kvalitou.<\/p>\n<p><img decoding=\"async\" src=\"https:\/\/hzpt.com\/wp-content\/uploads\/2024\/11\/songte-company-1.webp\" alt=\"Image spole\u010dnosti\"><\/p>\n<h3>Profesionalita<\/h3>\n<p>M\u00e1me t\u00fdm profesion\u00e1l\u016f s bohat\u00fdmi znalostmi a zku\u0161enostmi v oblasti hydraulick\u00fdch v\u00e1lc\u016f, abychom zajistili kvalitu na\u0161ich produkt\u016f a slu\u017eeb.<\/p>\n<h3>Mezin\u00e1rodn\u00ed certifikace<\/h3>\n<p>Na\u0161e v\u00fdrobky jsou certifikov\u00e1ny podle mezin\u00e1rodn\u00edch norem, co\u017e zaru\u010duje, \u017ee spl\u0148uj\u00ed nejvy\u0161\u0161\u00ed standardy z hlediska bezpe\u010dnosti, v\u00fdkonu a trvanlivosti.<\/p>\n<h3>Slu\u017eba p\u0159izp\u016fsoben\u00ed<\/h3>\n<p>Nab\u00edz\u00edme slu\u017eby p\u0159izp\u016fsoben\u00ed, abychom splnili jedine\u010dn\u00e9 po\u017eadavky z\u00e1kazn\u00edk\u016f.<\/p>\n<h3>V\u00fdrobn\u00ed za\u0159\u00edzen\u00ed<\/h3>\n<p>Disponujeme kompletn\u00edm v\u00fdrobn\u00edm vybaven\u00edm, v\u010detn\u011b obr\u00e1b\u011bc\u00edch center, CNC soustruh\u016f a dal\u0161\u00edho sofistikovan\u00e9ho v\u00fdrobn\u00edho za\u0159\u00edzen\u00ed, co\u017e zaji\u0161\u0165uje kvalitu na\u0161ich v\u00fdrobk\u016f.<\/p>\n<h3>Poprodejn\u00ed servis<\/h3>\n<p>Poskytujeme komplexn\u00ed poprodejn\u00ed servis, v\u010detn\u011b \u00fadr\u017eby, oprav a v\u00fdm\u011bny d\u00edl\u016f.<\/p>\n<p><img decoding=\"async\" src=\"https:\/\/www.hydraulic-cylinders.net\/wp-content\/uploads\/2025\/01\/songte-company-3.webp\" alt=\"Image spole\u010dnosti\"><\/p>\n<p>Autor: lyl<\/p>","protected":false},"excerpt":{"rendered":"<p>Bucket Cylinder For Volvo Middle Excavator EC200B Introduction A bucket cylinder is a specially designed hydraulic cylinder used to control the movement of buckets in heavy machinery such as excavators, backhoe loaders, and front-end loaders. Its main function is to lift, lower, and tilt the bucket, making it easier to handle various material handling tasks. [&hellip;]<\/p>","protected":false},"featured_media":14785,"comment_status":"open","ping_status":"closed","template":"","meta":{"_et_pb_use_builder":"","_et_pb_old_content":"","_et_gb_content_width":""},"product_brand":[],"product_cat":[1494],"product_tag":[1495,1496],"class_list":{"0":"post-15390","1":"product","2":"type-product","3":"status-publish","4":"has-post-thumbnail","6":"product_cat-bucket-cylinders","7":"product_tag-bucket-cylinders","8":"product_tag-hydraulic-cylinders","10":"first","11":"instock","12":"shipping-taxable","13":"product-type-simple"},"amp_enabled":true,"_links":{"self":[{"href":"https:\/\/www.hydraulic-cylinders.net\/cs\/wp-json\/wp\/v2\/product\/15390","targetHints":{"allow":["GET"]}}],"collection":[{"href":"https:\/\/www.hydraulic-cylinders.net\/cs\/wp-json\/wp\/v2\/product"}],"about":[{"href":"https:\/\/www.hydraulic-cylinders.net\/cs\/wp-json\/wp\/v2\/types\/product"}],"replies":[{"embeddable":true,"href":"https:\/\/www.hydraulic-cylinders.net\/cs\/wp-json\/wp\/v2\/comments?post=15390"}],"wp:featuredmedia":[{"embeddable":true,"href":"https:\/\/www.hydraulic-cylinders.net\/cs\/wp-json\/wp\/v2\/media\/14785"}],"wp:attachment":[{"href":"https:\/\/www.hydraulic-cylinders.net\/cs\/wp-json\/wp\/v2\/media?parent=15390"}],"wp:term":[{"taxonomy":"product_brand","embeddable":true,"href":"https:\/\/www.hydraulic-cylinders.net\/cs\/wp-json\/wp\/v2\/product_brand?post=15390"},{"taxonomy":"product_cat","embeddable":true,"href":"https:\/\/www.hydraulic-cylinders.net\/cs\/wp-json\/wp\/v2\/product_cat?post=15390"},{"taxonomy":"product_tag","embeddable":true,"href":"https:\/\/www.hydraulic-cylinders.net\/cs\/wp-json\/wp\/v2\/product_tag?post=15390"}],"curies":[{"name":"wp","href":"https:\/\/api.w.org\/{rel}","templated":true}]}}