{"id":15396,"date":"2025-01-19T14:28:44","date_gmt":"2025-01-19T14:28:44","guid":{"rendered":"https:\/\/www.hydraulic-cylinders.net\/product\/bucket-cylinder-for-volvo-middle-excavator-ec210bp\/"},"modified":"2025-01-19T14:28:46","modified_gmt":"2025-01-19T14:28:46","slug":"bucket-cylinder-for-volvo-middle-excavator-ec210bp","status":"publish","type":"product","link":"https:\/\/www.hydraulic-cylinders.net\/cs\/produkt\/bucket-cylinder-for-volvo-middle-excavator-ec210bp\/","title":{"rendered":"V\u00e1lec kope\u010dku pro st\u0159edn\u00ed bagr Volvo EC210BP"},"content":{"rendered":"<h1>V\u00e1lec kope\u010dku pro st\u0159edn\u00ed bagr Volvo EC210BP<\/h1>\n<h2>Zaveden\u00ed<\/h2>\n<p>Hydraulick\u00fd v\u00e1lec l\u017e\u00edce pro rypadlo Volvo EC210BP je specializovan\u00fd hydraulick\u00fd v\u00e1lec ur\u010den\u00fd pro ovl\u00e1d\u00e1n\u00ed pohybu r\u00fdpadel v t\u011b\u017ek\u00fdch stroj\u00edch, jako jsou rypadla, bagry a \u010deln\u00ed naklada\u010de. Jeho prim\u00e1rn\u00ed funkc\u00ed je umo\u017enit zved\u00e1n\u00ed, spou\u0161t\u011bn\u00ed a nakl\u00e1p\u011bn\u00ed l\u017e\u00edce, co\u017e usnad\u0148uje manipulaci s r\u016fzn\u00fdmi \u00fakoly p\u0159emis\u0165ov\u00e1n\u00ed materi\u00e1lu. V hydraulick\u00e9m syst\u00e9mu dosahuje v\u00e1lec l\u017e\u00edce p\u0159esn\u00e9ho ovl\u00e1d\u00e1n\u00ed pohybu l\u017e\u00edce zm\u011bnami tlaku hydraulick\u00e9ho oleje, co\u017e umo\u017e\u0148uje obsluze efektivn\u011b manipulovat s t\u011b\u017ek\u00fdmi b\u0159emeny, p\u0159izp\u016fsobovat se slo\u017eit\u00fdm pracovn\u00edm prost\u0159ed\u00edm a rozmanit\u00fdm provozn\u00edm po\u017eadavk\u016fm.<\/p>\n<p><img decoding=\"async\" src=\"https:\/\/www.hydraulic-cylinders.net\/wp-content\/uploads\/2025\/01\/songte-company-2.webp\" alt=\"V\u00e1lec kope\u010dku pro st\u0159edn\u00ed bagr Volvo EC210BP\"><\/p>\n<h2>Funkce<\/h2>\n<ul>\n<li>Vysok\u00e1 pevnost a odolnost: obvykle vyrobeny z vysokopevnostn\u00ed oceli nebo hlin\u00edku, schopny odolat vysok\u00e9mu tlaku a t\u011b\u017ek\u00e9mu zat\u00ed\u017een\u00ed, p\u0159izp\u016fsobit se n\u00e1ro\u010dn\u00e9mu pracovn\u00edmu prost\u0159ed\u00ed, navr\u017eeny s ohledem na odolnost proti opot\u0159eben\u00ed a korozi a prodlu\u017euj\u00ed \u017eivotnost.<\/li>\n<li>Efektivn\u00ed hydraulick\u00fd provoz: vyu\u017e\u00edv\u00e1 tlak hydraulick\u00e9ho oleje k dosa\u017een\u00ed plynul\u00e9ho vysouv\u00e1n\u00ed a smr\u0161\u0165ov\u00e1n\u00ed, je schopen rychle reagovat na \u0159\u00eddic\u00ed povely, poskytuje silnou tla\u010dnou a ta\u017enou s\u00edlu a je vhodn\u00fd pro manipulaci s t\u011b\u017ek\u00fdmi b\u0159emeny a slo\u017eit\u00e9 provozn\u00ed \u00fakoly.<\/li>\n<li>R\u016fzn\u00e9 typy: k dispozici s jedno\u010dinn\u00fdm (hydraulick\u00fd pohon funguje pouze v jednom sm\u011bru) nebo dvoj\u010dinn\u00fdm (hydraulick\u00fd pohon funguje ve dvou sm\u011brech) v\u00e1lcem, aby spl\u0148ovaly r\u016fzn\u00e9 provozn\u00ed po\u017eadavky. N\u011bkter\u00e9 modely jsou teleskopick\u00e9, co\u017e umo\u017e\u0148uje v\u011bt\u0161\u00ed v\u00fdsuvy bez zv\u011bt\u0161en\u00ed vn\u011bj\u0161\u00edch rozm\u011br\u016f, vhodn\u00e9 pro aplikace v omezen\u00e9m prostoru.<\/li>\n<li>M\u016f\u017ee nahradit jin\u00e9 hydraulick\u00e9 v\u00e1lce: N\u00e1\u0161 produkt dok\u00e1\u017ee dokonale nahradit st\u00e1vaj\u00edc\u00ed hydraulick\u00e9 v\u00e1lce.<\/li>\n<\/ul>\n<p><img decoding=\"async\" src=\"https:\/\/www.hydraulic-cylinders.net\/wp-content\/uploads\/2025\/01\/songte-cylinder-head-with-all-kinds-excavator-models.webp\" alt=\"V\u00e1lec kope\u010dku pro st\u0159edn\u00ed bagr Volvo EC210BP\"><\/p>\n<h2>Aplikace<\/h2>\n<p>V\u00e1lec kope\u010dku pro st\u0159edn\u00ed bagr Volvo EC210BP se \u0161iroce pou\u017e\u00edv\u00e1 ve stavebn\u00edch stroj\u00edch, jako nap\u0159\u00edklad:<\/p>\n<ul>\n<li>Rypadla: v\u00e1lec l\u017e\u00edce umo\u017e\u0148uje l\u017e\u00edci zar\u00fdvat a p\u0159esouvat zeminu.<\/li>\n<li>Rypadlo-rypadlo: v\u00e1lec kore\u010dkov\u00e9 r\u00fdpadlo je u\u017eite\u010dn\u00fd jak pro kop\u00e1n\u00ed, tak pro zved\u00e1n\u00ed.<\/li>\n<li>Zem\u011bd\u011blsk\u00e9 stroje: pou\u017e\u00edvaj\u00ed se v \u010deln\u00edch naklada\u010d\u00edch pro nab\u00edr\u00e1n\u00ed, zved\u00e1n\u00ed a p\u0159epravu p\u016fdy, sena a dal\u0161\u00edch materi\u00e1l\u016f.<\/li>\n<li>\u010celn\u00ed naklada\u010de: v\u00e1lec kore\u010dkov\u00e9ho naklada\u010de pom\u00e1h\u00e1 p\u0159i zved\u00e1n\u00ed a nakl\u00e1p\u011bn\u00ed pro efektivn\u00ed vykl\u00e1d\u00e1n\u00ed n\u00e1kladu.<\/li>\n<\/ul>\n<p>Poj\u010fme si tyto aplikace podrobn\u011bji probrat n\u00ed\u017ee:<\/p>\n<h3>Stavebn\u00ed stroje<\/h3>\n<p>U bagr\u016f umo\u017e\u0148uje v\u00e1lec l\u017e\u00edce proniknout do p\u016fdy pro kop\u00e1n\u00ed. U rypadlo-rypadel je v\u00e1lec l\u017e\u00edce u\u017eite\u010dn\u00fd jak pro kop\u00e1n\u00ed, tak pro zved\u00e1n\u00ed. V\u00e1lec l\u017e\u00edce umo\u017e\u0148uje l\u017e\u00edci zar\u00fdvat se a pohybovat se p\u016fdou. V\u00e1lec l\u017e\u00edce pom\u00e1h\u00e1 p\u0159i zved\u00e1n\u00ed, spou\u0161t\u011bn\u00ed a nakl\u00e1p\u011bn\u00ed l\u017e\u00edce pro efektivn\u00ed vykl\u00e1d\u00e1n\u00ed n\u00e1kladu. \u010celn\u00ed naklada\u010de pou\u017e\u00edvaj\u00ed v\u00e1lec l\u017e\u00edce pro zved\u00e1n\u00ed a nakl\u00e1p\u011bn\u00ed pro efektivn\u00ed vykl\u00e1d\u00e1n\u00ed n\u00e1kladu. <\/p>\n<h2>Konstruk\u010dn\u00ed aspekty a krit\u00e9ria v\u00fdb\u011bru<\/h2>\n<p>Krit\u00e9ria n\u00e1vrhu a v\u00fdb\u011bru v\u00e1lce kore\u010dkov\u00e9ho r\u00fdpadla Volvo Middle Excavator EC210BP jsou nezbytn\u00e1 pro zaji\u0161t\u011bn\u00ed n\u00e1sleduj\u00edc\u00edch faktor\u016f:<\/p>\n<ul>\n<li>\u00danosnost<\/li>\n<li>T\u011bsnic\u00ed v\u00fdkon<\/li>\n<li>Trvanlivost<\/li>\n<li>Bezpe\u010dnost<\/li>\n<li>Udr\u017eovatelnost<\/li>\n<\/ul>\n<p><img decoding=\"async\" src=\"https:\/\/www.hydraulic-cylinders.net\/wp-content\/uploads\/2025\/01\/songte-oil-pipes-and-spare-parts.webp\" alt=\"V\u00e1lec kope\u010dku pro st\u0159edn\u00ed bagr Volvo EC210BP\"><\/p>\n<h2>T\u011bsn\u011bn\u00ed a maz\u00e1n\u00ed<\/h2>\n<p>V\u00e1lec kope\u010dku pro st\u0159edn\u00ed bagr Volvo EC210BP pou\u017e\u00edv\u00e1 r\u016fzn\u00e9 t\u011bsnic\u00ed komponenty, jako jsou t\u011bsn\u011bn\u00ed p\u00edst\u016f, t\u011bsn\u011bn\u00ed p\u00edstnic atd., vyroben\u00e9 z materi\u00e1l\u016f odoln\u00fdch proti opot\u0159eben\u00ed, jako je polyuretan, nitrilov\u00e1 pry\u017e a dal\u0161\u00ed. T\u011bleso v\u00e1lce a z\u00e1vitov\u00fd konec proch\u00e1zej\u00ed jemnou povrchovou \u00fapravou pro zv\u00fd\u0161en\u00ed odolnosti proti opot\u0159eben\u00ed. Vy\u017eaduje pravideln\u00e9 p\u0159id\u00e1v\u00e1n\u00ed vhodn\u00e9ho hydraulick\u00e9ho oleje pro maz\u00e1n\u00ed.<\/p>\n<h2>\u00dadr\u017eba a preventivn\u00ed opat\u0159en\u00ed<\/h2>\n<p>V\u00e1lec kope\u010dku pro st\u0159edn\u00ed bagr Volvo EC210BP vy\u017eaduje pravidelnou kontrolu a preventivn\u00ed \u00fadr\u017ebu, jako nap\u0159\u00edklad:<\/p>\n<ul>\n<li>Pravideln\u00e1 kontrola<\/li>\n<li>Spr\u00e1vn\u00e9 maz\u00e1n\u00ed<\/li>\n<li>V\u00fdm\u011bna t\u011bsn\u011bn\u00ed<\/li>\n<li>Kontrola kalibrace<\/li>\n<\/ul>\n<p>Je nezbytn\u00e9 poskytnout \u0159\u00e1dn\u00e9 pokyny k instalaci pro spr\u00e1vn\u00e9 vyrovn\u00e1n\u00ed v\u00e1lce a doporu\u010dit pou\u017eit\u00ed vhodn\u00fdch mont\u00e1\u017en\u00edch konzol k jeho upevn\u011bn\u00ed. Doporu\u010dujeme specifick\u00e9 postupy kontroly, opravy a v\u00fdm\u011bny pro prodlou\u017een\u00ed \u017eivotnosti v\u00e1lce.<\/p>\n<p><img decoding=\"async\" src=\"https:\/\/www.hydraulic-cylinders.net\/wp-content\/uploads\/2025\/01\/songte-chushion-collar.webp\" alt=\"V\u00e1lec kope\u010dku pro st\u0159edn\u00ed bagr Volvo EC210BP\"><\/p>\n<h2>Bezpe\u010dnostn\u00ed aspekty a faktory prost\u0159ed\u00ed<\/h2>\n<p>V\u00e1lec kope\u010dku pro st\u0159edn\u00ed bagr Volvo EC210BP vy\u017eaduje vhodn\u00e1 bezpe\u010dnostn\u00ed opat\u0159en\u00ed, aby se p\u0159ede\u0161lo zran\u011bn\u00ed nebo po\u0161kozen\u00ed. Pro bezpe\u010dn\u00fd provoz je nezbytn\u00e9 dodr\u017eovat p\u0159\u00edslu\u0161n\u00e9 bezpe\u010dnostn\u00ed pokyny p\u0159i manipulaci s v\u00e1lcem nebo jeho instalaci. V\u00fdkon a \u017eivotnost v\u00e1lce mohou ovlivnit i faktory prost\u0159ed\u00ed, jako je teplota a vlhkost.<\/p>\n<p><img decoding=\"async\" src=\"https:\/\/www.hydraulic-cylinders.net\/wp-content\/uploads\/2025\/01\/songte-bushings-with-all-kinds-of-excavator-models.webp\" alt=\"V\u00e1lec kope\u010dku pro st\u0159edn\u00ed bagr Volvo EC210BP\"><\/p>\n<h2>Odstra\u0148ov\u00e1n\u00ed probl\u00e9m\u016f a b\u011b\u017en\u00e9 probl\u00e9my<\/h2>\n<p>V\u00e1lec kope\u010dku pro st\u0159edn\u00ed bagr Volvo EC210BP se m\u016f\u017ee pot\u00fdkat s n\u011bkter\u00fdmi b\u011b\u017en\u00fdmi probl\u00e9my, jako jsou \u00faniky oleje, po\u0161kozen\u00ed p\u00edstnice a dal\u0161\u00ed. Pro zaji\u0161t\u011bn\u00ed hladk\u00e9ho provozu je nezbytn\u00e9 identifikovat probl\u00e9m a poskytnout vhodn\u00e1 \u0159e\u0161en\u00ed, jako je v\u00fdm\u011bna t\u011bsn\u011bn\u00ed, p\u00edstnice a dal\u0161\u00ed.<\/p>\n<h2>O na\u0161\u00ed spole\u010dnosti<\/h2>\n<p>Jsme p\u0159edn\u00edm v\u00fdrobcem a velkoobchodn\u00edm distributorem hydraulick\u00fdch v\u00e1lc\u016f, v\u010detn\u011b v\u00e1lce kore\u010dkov\u00e9ho v\u00e1lce pro st\u0159edn\u00ed bagr Volvo EC210BP. Nab\u00edz\u00edme kompletn\u00ed sortiment produkt\u016f a sna\u017e\u00edme se poskytovat vynikaj\u00edc\u00ed kvalitu, efektivn\u00ed v\u00fdrobu a \u0161pi\u010dkov\u00fd z\u00e1kaznick\u00fd servis. Na\u0161e produkty jsou mezin\u00e1rodn\u011b certifikovan\u00e9 a p\u0159izp\u016fsobiteln\u00e9 tak, aby spl\u0148ovaly rozmanit\u00e9 provozn\u00ed po\u017eadavky. Pou\u017e\u00edv\u00e1me nejmodern\u011bj\u0161\u00ed technologie, vybaven\u00ed a profesion\u00e1ln\u00ed kontroln\u00ed syst\u00e9my k v\u00fdrob\u011b vysoce kvalitn\u00edch produkt\u016f, kter\u00e9 poskytuj\u00ed vynikaj\u00edc\u00ed odolnost, \u00fa\u010dinnost a p\u0159esnost. <\/p>\n<p><img decoding=\"async\" src=\"https:\/\/hzpt.com\/wp-content\/uploads\/2024\/11\/songte-company-1.webp\" alt=\"V\u00e1lec kope\u010dku pro st\u0159edn\u00ed bagr Volvo EC210BP\"><\/p>\n<p>V\u011b\u0159\u00edme v dod\u00e1vky produkt\u016f nejvy\u0161\u0161\u00ed kvality a poskytov\u00e1n\u00ed vynikaj\u00edc\u00edho z\u00e1kaznick\u00e9ho servisu. Nab\u00edz\u00edme \u0161irokou \u0161k\u00e1lu slu\u017eeb, jako je \u00faprava produkt\u016f na m\u00edru, v\u00fdrobn\u00ed za\u0159\u00edzen\u00ed a poprodejn\u00ed servis. N\u00e1\u0161 zku\u0161en\u00fd a kvalifikovan\u00fd t\u00fdm zaji\u0161\u0165uje \u0161pi\u010dkov\u00e9 produkty a slu\u017eby, kter\u00e9 spl\u0148uj\u00ed rozmanit\u00e9 po\u017eadavky na\u0161ich z\u00e1kazn\u00edk\u016f.<\/p>\n<p>Autor: lyl<\/p>","protected":false},"excerpt":{"rendered":"<p>Bucket Cylinder For Volvo Middle Excavator EC210BP Introduction The bucket cylinder for Volvo Middle Excavator EC210BP is a specialized hydraulic cylinder designed for controlling the movement of shovels in heavy machinery such as excavators, backhoe excavators, and front loaders. Its primary function is to enable the bucket to lift, lower, and tilt, making it easier [&hellip;]<\/p>","protected":false},"featured_media":14773,"comment_status":"open","ping_status":"closed","template":"","meta":{"_et_pb_use_builder":"","_et_pb_old_content":"","_et_gb_content_width":""},"product_brand":[],"product_cat":[1494],"product_tag":[1495,1496],"class_list":{"0":"post-15396","1":"product","2":"type-product","3":"status-publish","4":"has-post-thumbnail","6":"product_cat-bucket-cylinders","7":"product_tag-bucket-cylinders","8":"product_tag-hydraulic-cylinders","10":"first","11":"instock","12":"shipping-taxable","13":"product-type-simple"},"amp_enabled":true,"_links":{"self":[{"href":"https:\/\/www.hydraulic-cylinders.net\/cs\/wp-json\/wp\/v2\/product\/15396","targetHints":{"allow":["GET"]}}],"collection":[{"href":"https:\/\/www.hydraulic-cylinders.net\/cs\/wp-json\/wp\/v2\/product"}],"about":[{"href":"https:\/\/www.hydraulic-cylinders.net\/cs\/wp-json\/wp\/v2\/types\/product"}],"replies":[{"embeddable":true,"href":"https:\/\/www.hydraulic-cylinders.net\/cs\/wp-json\/wp\/v2\/comments?post=15396"}],"wp:featuredmedia":[{"embeddable":true,"href":"https:\/\/www.hydraulic-cylinders.net\/cs\/wp-json\/wp\/v2\/media\/14773"}],"wp:attachment":[{"href":"https:\/\/www.hydraulic-cylinders.net\/cs\/wp-json\/wp\/v2\/media?parent=15396"}],"wp:term":[{"taxonomy":"product_brand","embeddable":true,"href":"https:\/\/www.hydraulic-cylinders.net\/cs\/wp-json\/wp\/v2\/product_brand?post=15396"},{"taxonomy":"product_cat","embeddable":true,"href":"https:\/\/www.hydraulic-cylinders.net\/cs\/wp-json\/wp\/v2\/product_cat?post=15396"},{"taxonomy":"product_tag","embeddable":true,"href":"https:\/\/www.hydraulic-cylinders.net\/cs\/wp-json\/wp\/v2\/product_tag?post=15396"}],"curies":[{"name":"wp","href":"https:\/\/api.w.org\/{rel}","templated":true}]}}