{"id":15402,"date":"2025-01-19T14:29:09","date_gmt":"2025-01-19T14:29:09","guid":{"rendered":"https:\/\/www.hydraulic-cylinders.net\/product\/bucket-cylinder-for-volvo-large-excavator-ec380el\/"},"modified":"2025-01-19T14:29:11","modified_gmt":"2025-01-19T14:29:11","slug":"bucket-cylinder-for-volvo-large-excavator-ec380el","status":"publish","type":"product","link":"https:\/\/www.hydraulic-cylinders.net\/cs\/produkt\/bucket-cylinder-for-volvo-large-excavator-ec380el\/","title":{"rendered":"V\u00e1lec kope\u010dku pro velk\u00e9 rypadlo Volvo EC380EL"},"content":{"rendered":"<h1>V\u00e1lec kope\u010dku pro velk\u00e9 rypadlo Volvo EC380EL<\/h1>\n<h2>Zaveden\u00ed<\/h2>\n<p>Hydraulick\u00fd v\u00e1lec kore\u010dkov\u00e9 l\u017e\u00edce je specializovan\u00fd hydraulick\u00fd v\u00e1lec, kter\u00fd \u0159\u00edd\u00ed pohyb kore\u010dkov\u00e9 l\u017e\u00edce v t\u011b\u017ek\u00fdch stroj\u00edch, jako jsou bagry, rypadla a naklada\u010de. Jeho hlavn\u00ed funkc\u00ed je umo\u017enit kore\u010dkov\u00e9 l\u017e\u00edci zved\u00e1n\u00ed, spou\u0161t\u011bn\u00ed a nakl\u00e1p\u011bn\u00ed, co\u017e usnad\u0148uje r\u016fzn\u00e9 \u00fakoly manipulace s materi\u00e1lem. V hydraulick\u00e9m syst\u00e9mu ovl\u00e1daj\u00ed kore\u010dkov\u00e9 v\u00e1lce p\u0159esn\u00fd pohyb kore\u010dkov\u00e9 l\u017e\u00edce zm\u011bnou tlaku hydraulick\u00e9ho oleje, co\u017e umo\u017e\u0148uje obsluze efektivn\u011b manipulovat s t\u011b\u017ek\u00fdmi b\u0159emeny, p\u0159izp\u016fsobovat se slo\u017eit\u00e9mu pracovn\u00edmu prost\u0159ed\u00ed a rozmanit\u00fdm provozn\u00edm pot\u0159eb\u00e1m.<\/p>\n<p><img decoding=\"async\" src=\"https:\/\/www.hydraulic-cylinders.net\/wp-content\/uploads\/2025\/01\/songte-company-2.webp\" alt=\"V\u00e1lec kope\u010dku pro velk\u00e9 rypadlo Volvo EC380EL\" \/><\/p>\n<h2>Funkce<\/h2>\n<ul>\n<li>Vysok\u00e1 pevnost a odolnost: Obvykle jsou vyrobeny z vysokopevnostn\u00ed oceli nebo hlin\u00edku, odol\u00e1vaj\u00ed vysok\u00e9mu tlaku a t\u011b\u017ek\u00e9mu zat\u00ed\u017een\u00ed, p\u0159izp\u016fsobuj\u00ed se n\u00e1ro\u010dn\u00fdm pracovn\u00edm prost\u0159ed\u00edm a jsou navr\u017eeny s odolnost\u00ed proti opot\u0159eben\u00ed a korozi, co\u017e prodlu\u017euje jejich \u017eivotnost.<\/li>\n<li>Efektivn\u00ed hydraulick\u00fd provoz: Vyu\u017eit\u00ed tlaku hydraulick\u00e9ho oleje k dosa\u017een\u00ed plynul\u00e9ho vysouv\u00e1n\u00ed a smr\u0161\u0165ov\u00e1n\u00ed, co\u017e poskytuje silnou tla\u010dnou a ta\u017enou s\u00edlu, vhodnou pro manipulaci s t\u011b\u017ek\u00fdmi b\u0159emeny a slo\u017eit\u00e9 provozn\u00ed \u00fakoly.<\/li>\n<li>R\u016fzn\u00e9 typy: Kore\u010dkov\u00e9 v\u00e1lce mohou b\u00fdt jedno\u010dinn\u00e9 (hydraulicky ovl\u00e1dan\u00e9 pouze v jednom sm\u011bru) nebo dvoj\u010dinn\u00e9 (hydraulicky ovl\u00e1dan\u00e9 ve dvou sm\u011brech) podle pot\u0159eby pro spln\u011bn\u00ed r\u016fzn\u00fdch provozn\u00edch po\u017eadavk\u016f. N\u011bkter\u00e9 modely jsou teleskopick\u00e9, co\u017e umo\u017e\u0148uje v\u011bt\u0161\u00ed vysunut\u00ed bez zv\u011bt\u0161en\u00ed vn\u011bj\u0161\u00edch rozm\u011br\u016f, vhodn\u00e9 pro aplikace s omezen\u00fdm prostorem.<\/li>\n<li>Dokonal\u00e1 n\u00e1hrada: Na\u0161e produkty dok\u00e1\u017e\u00ed tyto hydraulick\u00e9 v\u00e1lce dokonale nahradit.<\/li>\n<\/ul>\n<p><img decoding=\"async\" src=\"https:\/\/www.hydraulic-cylinders.net\/wp-content\/uploads\/2025\/01\/songte-cylinder-head-with-all-kinds-excavator-models.webp\" alt=\"V\u00e1lec kope\u010dku pro velk\u00e9 rypadlo Volvo EC380EL\" \/><\/p>\n<h2>Aplikace<\/h2>\n<p><strong>Stavebn\u00ed vybaven\u00ed:<\/strong> U bagr\u016f jsou nezbytn\u00e9 pro kop\u00e1n\u00ed, nakl\u00e1d\u00e1n\u00ed a p\u0159emis\u0165ov\u00e1n\u00ed zeminy nebo suti. U r\u00fdpadel s r\u00fdpadly pom\u00e1haj\u00ed kore\u010dkov\u00e9 v\u00e1lce jak p\u0159i v\u00fdkopu, tak p\u0159i zved\u00e1n\u00ed. U \u010deln\u00edch naklada\u010d\u016f pom\u00e1haj\u00ed efektivn\u011b zvedat a nakl\u00e1n\u011bt b\u0159emena.<\/p>\n<p><strong>Zem\u011bd\u011blsk\u00e9 stroje:<\/strong> Pou\u017e\u00edv\u00e1 se u \u010deln\u00edch naklada\u010d\u016f, ke zved\u00e1n\u00ed, nab\u00edr\u00e1n\u00ed a p\u0159eprav\u011b zeminy, sena a dal\u0161\u00edch materi\u00e1l\u016f; u bagr\u016f umo\u017e\u0148uj\u00ed v\u00e1lce kore\u010dk\u016f v\u00fdkopov\u00e9 pr\u00e1ce t\u00edm, \u017ee umo\u017e\u0148uj\u00ed kore\u010dce proniknout do p\u016fdy.<\/p>\n<h2>Konstruk\u010dn\u00ed aspekty a krit\u00e9ria v\u00fdb\u011bru<\/h2>\n<ul>\n<li>\u00danosnost: V\u00e1lec mus\u00ed spl\u0148ovat po\u017eadavky na s\u00edlu dan\u00e9 operace.<\/li>\n<li>T\u011bsn\u011bn\u00ed: V\u00e1lce kore\u010dk\u016f vy\u017eaduj\u00ed dobr\u00e9 ut\u011bsn\u011bn\u00ed, aby se zabr\u00e1nilo net\u011bsnostem, sn\u00ed\u017eilo opot\u0159eben\u00ed a zv\u00fd\u0161ila se \u017eivotnost.<\/li>\n<li>Trvanlivost: V\u00e1lce kore\u010dk\u016f by m\u011bly b\u00fdt odoln\u00e9 a odoln\u00e9 v\u016f\u010di korozi a opot\u0159eben\u00ed, aby se prodlou\u017eila jejich \u017eivotnost.<\/li>\n<li>Bezpe\u010dnost: Je t\u0159eba zv\u00e1\u017eit bezpe\u010dnostn\u00ed prvky, jako jsou p\u0159etlakov\u00e9 ventily, aby se zabr\u00e1nilo p\u0159et\u00ed\u017een\u00ed nebo neo\u010dek\u00e1van\u00e9mu po\u0161kozen\u00ed lahve.<\/li>\n<li>\u00dadr\u017eba: P\u0159i n\u00e1vrhu by m\u011bly b\u00fdt zohledn\u011bny aspekty \u00fadr\u017eby, jako je snadn\u00e1 \u00fadr\u017eba, \u017eivotnost a n\u00e1klady.<\/li>\n<\/ul>\n<p><img decoding=\"async\" src=\"https:\/\/www.hydraulic-cylinders.net\/wp-content\/uploads\/2025\/01\/songte-oil-pipes-and-spare-parts.webp\" alt=\"V\u00e1lec kope\u010dku pro velk\u00e9 rypadlo Volvo EC380EL\" \/><\/p>\n<h2>T\u011bsn\u011bn\u00ed a maz\u00e1n\u00ed<\/h2>\n<p>V kore\u010dkov\u00fdch v\u00e1lc\u00edch se pou\u017e\u00edvaj\u00ed r\u016fzn\u00e1 t\u011bsn\u011bn\u00ed, jako nap\u0159\u00edklad p\u00edstn\u00ed t\u011bsn\u011bn\u00ed, t\u011bsn\u011bn\u00ed p\u00edstnice atd. Jsou vyrobena z materi\u00e1l\u016f odoln\u00fdch proti opot\u0159eben\u00ed, jako je polyuretan, nitrilov\u00e1 pry\u017e atd. T\u011bleso v\u00e1lce a z\u00e1vitov\u00fd konec jsou jemn\u011b opracov\u00e1ny pro zlep\u0161en\u00ed odolnosti proti opot\u0159eben\u00ed. V\u010dasn\u00e9 maz\u00e1n\u00ed vhodn\u00fdm mno\u017estv\u00edm hydraulick\u00e9ho oleje je nezbytn\u00e9 pro zaji\u0161t\u011bn\u00ed plynul\u00e9ho provozu a prodlou\u017een\u00ed \u017eivotnosti v\u00e1lce.<\/p>\n<h2>Preventivn\u00ed \u00fadr\u017eba a \u0159e\u0161en\u00ed probl\u00e9m\u016f<\/h2>\n<p>Pravideln\u00e1 kontrola a preventivn\u00ed \u00fadr\u017eba mohou sn\u00ed\u017eit potenci\u00e1ln\u00ed poruchy. Mezi b\u011b\u017en\u00e9 \u00fakony \u00fadr\u017eby pat\u0159\u00ed maz\u00e1n\u00ed, v\u00fdm\u011bna t\u011bsn\u011bn\u00ed a kalibrace v\u00e1lce. Spr\u00e1vn\u00e1 instalace, maz\u00e1n\u00ed a se\u0159\u00edzen\u00ed jsou z\u00e1sadn\u00ed pro zaji\u0161t\u011bn\u00ed spr\u00e1vn\u00e9ho provozu v\u00e1lce. Doporu\u010duje se pou\u017e\u00edvat vhodn\u00e9 mont\u00e1\u017en\u00ed konzole k upevn\u011bn\u00ed v\u00e1lce, dodr\u017eovat doporu\u010den\u00e9 postupy kontroly, opravy a v\u00fdm\u011bny a poskytovat slu\u017eby renovace, aby se prodlou\u017eila \u017eivotnost v\u00e1lce.<\/p>\n<p><img decoding=\"async\" src=\"https:\/\/www.hydraulic-cylinders.net\/wp-content\/uploads\/2025\/01\/songte-chushion-collar.webp\" alt=\"V\u00e1lec kope\u010dku pro velk\u00e9 rypadlo Volvo EC380EL\" \/><\/p>\n<h2>Bezpe\u010dnostn\u00ed a environment\u00e1ln\u00ed aspekty<\/h2>\n<p>P\u0159i obsluze stroj\u016f vy\u017eaduj\u00ed n\u00e1le\u017eit\u00e1 bezpe\u010dnostn\u00ed opat\u0159en\u00ed. Aby se zabr\u00e1nilo p\u0159et\u00ed\u017een\u00ed nebo po\u0161kozen\u00ed, m\u011bly by b\u00fdt instalov\u00e1ny bezpe\u010dnostn\u00ed prvky, jako jsou pojistn\u00e9 ventily. Spr\u00e1vn\u00e1 likvidace odpadu a star\u00fdch lahv\u00ed je nezbytn\u00e1 pro ochranu \u017eivotn\u00edho prost\u0159ed\u00ed.<\/p>\n<h2>\u00davod v\u00fdrobce<\/h2>\n<p>Jsme v\u00fdrobcem n\u00e1hradn\u00edch hydraulick\u00fdch v\u00e1lc\u016f a nab\u00edz\u00edme kompletn\u00ed sortiment produkt\u016f. Jako jeden z p\u0159edn\u00edch v\u00fdrobc\u016f a velkoobchodn\u00edch distributor\u016f hydraulick\u00fdch v\u00e1lc\u016f na dom\u00e1c\u00edm i zahrani\u010dn\u00edm trhu se dr\u017e\u00edme vynikaj\u00edc\u00ed kvality a spol\u00e9h\u00e1me na strategie \u0159\u00edzen\u00ed pr\u016fmyslov\u00e9 v\u00fdroby v precizn\u011b zpracovan\u00fdch v\u00fdrobn\u00edch d\u00edln\u00e1ch. Neust\u00e1le vylep\u0161ujeme v\u00fdrobn\u00ed platformu d\u00edlny, zdokonalujeme v\u00fdrobn\u00ed postupy pro dosa\u017een\u00ed kvalitn\u00edch produkt\u016f a disponujeme siln\u00fdmi inova\u010dn\u00edmi schopnostmi. Nab\u00edz\u00edme vysoce \u00fa\u010dinn\u00e9, vysoce p\u0159esn\u00e9 a kvalitn\u00ed principy, abychom splnili rozmanit\u00e9 pot\u0159eby z\u00e1kazn\u00edk\u016f.<\/p>\n<p><img decoding=\"async\" src=\"https:\/\/hzpt.com\/wp-content\/uploads\/2024\/11\/songte-company-1.webp\" alt=\"V\u00e1lec kope\u010dku pro velk\u00e9 rypadlo Volvo EC380EL\" \/><\/p>\n<h3>Profesionalita:<\/h3>\n<p>Na\u0161e spole\u010dnost m\u00e1 t\u00fdm profesion\u00e1ln\u00edch odborn\u00edk\u016f na v\u00fdrobu hydraulick\u00fdch v\u00e1lc\u016f s dlouholet\u00fdmi zku\u0161enostmi.<\/p>\n<h3>Mezin\u00e1rodn\u00ed certifikace:<\/h3>\n<p>Na\u0161e v\u00fdrobky pro\u0161ly mezin\u00e1rodn\u00edmi certifikacemi, jako je ISO 9001, CE atd.<\/p>\n<h3>Slu\u017eby na m\u00edru:<\/h3>\n<p>Nab\u00edz\u00edme slu\u017eby na m\u00edru pro r\u016fzn\u00e9 pot\u0159eby z\u00e1kazn\u00edk\u016f.<\/p>\n<h3>V\u00fdrobn\u00ed za\u0159\u00edzen\u00ed:<\/h3>\n<p>Pou\u017e\u00edv\u00e1me pokro\u010dil\u00e9 numericky \u0159\u00edzen\u00e9 v\u00fdrobn\u00ed za\u0159\u00edzen\u00ed k zaji\u0161t\u011bn\u00ed kvality v\u00fdrobk\u016f.<\/p>\n<h3>Poprodejn\u00ed servis:<\/h3>\n<p>Z\u00e1kazn\u00edk\u016fm poskytujeme vynikaj\u00edc\u00ed poprodejn\u00ed servis, abychom zajistili v\u00fdkon produkt\u016f a spokojenost z\u00e1kazn\u00edk\u016f.<\/p>\n<p>Autor: lyl.<\/p>\n<p><img decoding=\"async\" src=\"https:\/\/www.hydraulic-cylinders.net\/wp-content\/uploads\/2025\/01\/songte-bushings-with-all-kinds-of-excavator-models.webp\" alt=\"V\u00e1lec kope\u010dku pro velk\u00e9 rypadlo Volvo EC380EL\" \/><\/p>","protected":false},"excerpt":{"rendered":"<p>Bucket Cylinder For Volvo Large Excavator EC380EL Introduction A bucket cylinder is a specialized hydraulic cylinder that controls the movement of the bucket in heavy machinery such as excavators, backhoes, and loaders. Its main function is to enable the bucket to perform lifting, lowering, and tilting, making it easier for various material handling tasks. In [&hellip;]<\/p>","protected":false},"featured_media":14789,"comment_status":"open","ping_status":"closed","template":"","meta":{"_et_pb_use_builder":"","_et_pb_old_content":"","_et_gb_content_width":""},"product_brand":[],"product_cat":[1494],"product_tag":[1495,1496],"class_list":{"0":"post-15402","1":"product","2":"type-product","3":"status-publish","4":"has-post-thumbnail","6":"product_cat-bucket-cylinders","7":"product_tag-bucket-cylinders","8":"product_tag-hydraulic-cylinders","10":"first","11":"instock","12":"shipping-taxable","13":"product-type-simple"},"amp_enabled":true,"_links":{"self":[{"href":"https:\/\/www.hydraulic-cylinders.net\/cs\/wp-json\/wp\/v2\/product\/15402","targetHints":{"allow":["GET"]}}],"collection":[{"href":"https:\/\/www.hydraulic-cylinders.net\/cs\/wp-json\/wp\/v2\/product"}],"about":[{"href":"https:\/\/www.hydraulic-cylinders.net\/cs\/wp-json\/wp\/v2\/types\/product"}],"replies":[{"embeddable":true,"href":"https:\/\/www.hydraulic-cylinders.net\/cs\/wp-json\/wp\/v2\/comments?post=15402"}],"wp:featuredmedia":[{"embeddable":true,"href":"https:\/\/www.hydraulic-cylinders.net\/cs\/wp-json\/wp\/v2\/media\/14789"}],"wp:attachment":[{"href":"https:\/\/www.hydraulic-cylinders.net\/cs\/wp-json\/wp\/v2\/media?parent=15402"}],"wp:term":[{"taxonomy":"product_brand","embeddable":true,"href":"https:\/\/www.hydraulic-cylinders.net\/cs\/wp-json\/wp\/v2\/product_brand?post=15402"},{"taxonomy":"product_cat","embeddable":true,"href":"https:\/\/www.hydraulic-cylinders.net\/cs\/wp-json\/wp\/v2\/product_cat?post=15402"},{"taxonomy":"product_tag","embeddable":true,"href":"https:\/\/www.hydraulic-cylinders.net\/cs\/wp-json\/wp\/v2\/product_tag?post=15402"}],"curies":[{"name":"wp","href":"https:\/\/api.w.org\/{rel}","templated":true}]}}