{"id":15413,"date":"2025-01-19T14:29:59","date_gmt":"2025-01-19T14:29:59","guid":{"rendered":"https:\/\/www.hydraulic-cylinders.net\/product\/bucket-cylinder-for-volvo-wheel-excavator-ew60\/"},"modified":"2025-01-19T14:30:02","modified_gmt":"2025-01-19T14:30:02","slug":"bucket-cylinder-for-volvo-wheel-excavator-ew60","status":"publish","type":"product","link":"https:\/\/www.hydraulic-cylinders.net\/cs\/produkt\/bucket-cylinder-for-volvo-wheel-excavator-ew60\/","title":{"rendered":"V\u00e1lec kore\u010dkov\u00e9ho v\u00e1lce pro kolov\u00e9 rypadlo Volvo EW60"},"content":{"rendered":"<h1>V\u00e1lec kore\u010dkov\u00e9ho v\u00e1lce pro kolov\u00e9 rypadlo Volvo EW60<\/h1>\n<h2>Zaveden\u00ed<\/h2>\n<p>Hydraulick\u00fd v\u00e1lec l\u017e\u00edce pro kolov\u00e9 rypadlo Volvo EW60 je speci\u00e1ln\u011b navr\u017een\u00fd hydraulick\u00fd v\u00e1lec pou\u017e\u00edvan\u00fd k ovl\u00e1d\u00e1n\u00ed pohybu l\u017e\u00edce v t\u011b\u017ek\u00fdch stroj\u00edch, jako jsou rypadla, bagry a \u010deln\u00ed naklada\u010de. Jeho hlavn\u00ed funkc\u00ed je umo\u017enit zved\u00e1n\u00ed, spou\u0161t\u011bn\u00ed a nakl\u00e1p\u011bn\u00ed l\u017e\u00edce, co\u017e usnad\u0148uje manipulaci s r\u016fzn\u00fdmi materi\u00e1ly. V hydraulick\u00e9m syst\u00e9mu v\u00e1lec l\u017e\u00edce p\u0159esn\u011b ovl\u00e1d\u00e1 l\u017e\u00edci zm\u011bnami tlaku hydraulick\u00e9ho oleje, co\u017e umo\u017e\u0148uje obsluze efektivn\u011b manipulovat s t\u011b\u017ek\u00fdmi b\u0159emeny a p\u0159izp\u016fsobovat se slo\u017eit\u00e9mu pracovn\u00edmu prost\u0159ed\u00ed a rozmanit\u00fdm po\u017eadavk\u016fm na pr\u00e1ci.<\/p>\n<p><img decoding=\"async\" src=\"https:\/\/www.hydraulic-cylinders.net\/wp-content\/uploads\/2025\/01\/songte-company-2.webp\"><\/p>\n<h2>Funkce<\/h2>\n<ul>\n<li>Vysok\u00e1 pevnost a odolnost: Obvykle jsou vyrobeny z vysokopevnostn\u00ed oceli nebo hlin\u00edku, schopn\u00e9 odolat vysok\u00e9mu tlaku a t\u011b\u017ek\u00e9mu zat\u00ed\u017een\u00ed a navr\u017eeny s ohledem na odolnost proti opot\u0159eben\u00ed a korozi, aby se prodlou\u017eila jejich \u017eivotnost.<\/li>\n<li>Efektivn\u00ed hydraulick\u00fd provoz: Vyu\u017e\u00edv\u00e1 tlak hydraulick\u00e9ho oleje k dosa\u017een\u00ed plynul\u00e9ho vysouv\u00e1n\u00ed a zasouv\u00e1n\u00ed, je schopen rychle reagovat na \u0159\u00eddic\u00ed povely a poskytovat silnou tla\u010dnou a ta\u017enou s\u00edlu, vhodn\u00fd pro manipulaci s t\u011b\u017ek\u00fdmi b\u0159emeny a slo\u017eit\u00fdmi \u00fakoly.<\/li>\n<li>R\u016fzn\u00e9 typy: Jedno\u010dinn\u00e9 (hydraulika poh\u00e1n\u011bn\u00e1 pouze jedn\u00edm sm\u011brem) nebo dvoj\u010dinn\u00e9 (hydraulika poh\u00e1n\u011bn\u00e1 ob\u011bma sm\u011bry) v\u00e1lce lze volit dle po\u017eadavk\u016f a spl\u0148ovat r\u016fzn\u00e9 provozn\u00ed pot\u0159eby. N\u011bkter\u00e9 modely jsou teleskopick\u00e9, co\u017e umo\u017e\u0148uje v\u011bt\u0161\u00ed vysunut\u00ed bez zv\u011bt\u0161en\u00ed vn\u011bj\u0161\u00edch rozm\u011br\u016f, vhodn\u00e9 pro aplikace s omezen\u00fdm prostorem.<\/li>\n<li>Vym\u011bniteln\u00e9: N\u00e1\u0161 produkt dok\u00e1\u017ee tyto hydraulick\u00e9 v\u00e1lce dokonale nahradit.<\/li>\n<li>P\u0159izp\u016fsobiteln\u00e9: Na\u0161e hydraulick\u00e9 v\u00e1lce lze p\u0159izp\u016fsobit dle specifick\u00fdch po\u017eadavk\u016f.<\/li>\n<\/ul>\n<p><img decoding=\"async\" src=\"https:\/\/www.hydraulic-cylinders.net\/wp-content\/uploads\/2025\/01\/songte-cylinder-head-with-all-kinds-excavator-models.webp\"><\/p>\n<h2>Aplikace<\/h2>\n<h3>Stavebn\u00ed stroje<\/h3>\n<p>U bagr\u016f jsou nezbytn\u00e9 pro v\u00fdkopov\u00e9 pr\u00e1ce, nakl\u00e1d\u00e1n\u00ed a p\u0159emis\u0165ov\u00e1n\u00ed zeminy nebo suti. U rypadlo-naklada\u010d\u016f pom\u00e1haj\u00ed kore\u010dkov\u00e9 v\u00e1lce p\u0159i kop\u00e1n\u00ed a zved\u00e1n\u00ed. U \u010deln\u00edch naklada\u010d\u016f pom\u00e1haj\u00ed efektivn\u011b zvedat a vykl\u00e1dat zbo\u017e\u00ed.<\/p>\n<h3>Zem\u011bd\u011blsk\u00e9 stroje<\/h3>\n<p>V \u010deln\u00edch naklada\u010d\u00edch se pou\u017e\u00edvaj\u00ed kore\u010dkov\u00e9 v\u00e1lce, kter\u00e9 pom\u00e1haj\u00ed sb\u00edrat, zvedat a p\u0159epravovat zeminu, seno a dal\u0161\u00ed materi\u00e1ly.<\/p>\n<h3>Bagry<\/h3>\n<p>V\u00e1lec l\u017e\u00edce umo\u017e\u0148uje l\u017e\u00edci proniknout do p\u016fdy pro v\u00fdkop.<\/p>\n<h3>Naklada\u010d<\/h3>\n<p>U \u010deln\u00edch naklada\u010d\u016f pom\u00e1haj\u00ed kore\u010dkov\u00e9 v\u00e1lce efektivn\u011b zvedat a nakl\u00e1n\u011bt zbo\u017e\u00ed.<\/p>\n<h3>Za\u0159\u00edzen\u00ed pro manipulaci s materi\u00e1lem<\/h3>\n<p>Pou\u017e\u00edv\u00e1 se v r\u016fzn\u00fdch manipula\u010dn\u00edch za\u0159\u00edzen\u00edch pro zved\u00e1n\u00ed, stohov\u00e1n\u00ed nebo p\u0159epravu materi\u00e1l\u016f.<\/p>\n<p><img decoding=\"async\" src=\"https:\/\/www.hydraulic-cylinders.net\/wp-content\/uploads\/2025\/01\/songte-bushings-with-all-kinds-of-excavator-models.webp\"><\/p>\n<h2>Konstruk\u010dn\u00ed aspekty a krit\u00e9ria v\u00fdb\u011bru<\/h2>\n<h3>Nosnost<\/h3>\n<p>V\u00e1lec mus\u00ed b\u00fdt schopen odolat zat\u00ed\u017een\u00ed, kter\u00e9mu bude vystaven b\u011bhem provozu.<\/p>\n<h3>T\u011bsn\u011bn\u00ed<\/h3>\n<p>T\u011bsnic\u00ed syst\u00e9m mus\u00ed b\u00fdt schopen udr\u017eet tlak a zabr\u00e1nit \u00fanik\u016fm.<\/p>\n<h3>Trvanlivost<\/h3>\n<p>V\u00e1lec mus\u00ed b\u00fdt dostate\u010dn\u011b odoln\u00fd, aby odolal n\u00e1ro\u010dn\u00e9mu pracovn\u00edmu prost\u0159ed\u00ed a vydr\u017eel dlouhou dobu.<\/p>\n<h3>Bezpe\u010dnost<\/h3>\n<p>V\u00e1lec mus\u00ed fungovat bezpe\u010dn\u011b, aby se p\u0159ede\u0161lo nehod\u00e1m.<\/p>\n<h3>\u00dadr\u017eba<\/h3>\n<p>V\u00e1lec mus\u00ed b\u00fdt snadno udr\u017eovateln\u00fd a opravovateln\u00fd, co\u017e zkracuje prostoje a minimalizuje n\u00e1klady.<\/p>\n<p><img decoding=\"async\" src=\"https:\/\/www.hydraulic-cylinders.net\/wp-content\/uploads\/2025\/01\/songte-oil-pipes-and-spare-parts.webp\"><\/p>\n<h2>T\u011bsn\u011bn\u00ed a maz\u00e1n\u00ed<\/h2>\n<p>K zabr\u00e1n\u011bn\u00ed \u00faniku kapaliny se pou\u017e\u00edvaj\u00ed r\u016fzn\u00e1 t\u011bsn\u011bn\u00ed, jako jsou p\u00edstn\u00ed t\u011bsn\u011bn\u00ed a t\u011bsn\u011bn\u00ed p\u00edstnice. T\u011bsn\u011bn\u00ed jsou vyrobena z materi\u00e1l\u016f odoln\u00fdch proti opot\u0159eben\u00ed, jako je polyuretan a nitrilov\u00e1 pry\u017e. T\u011bleso v\u00e1lce a z\u00e1vitov\u00e9 konce jsou jemn\u011b opracov\u00e1ny pro zlep\u0161en\u00ed odolnosti proti opot\u0159eben\u00ed. Pro udr\u017een\u00ed plynul\u00e9ho provozu je nezbytn\u00e9 pravideln\u00e9 maz\u00e1n\u00ed vhodn\u00fdm hydraulick\u00fdm olejem.<\/p>\n<h2>Inspek\u010dn\u00ed a preventivn\u00ed \u00fadr\u017ebov\u00e1 opat\u0159en\u00ed<\/h2>\n<p>Pravideln\u00e1 kontrola a \u00fadr\u017eba jsou nezbytn\u00e9 pro zaji\u0161t\u011bn\u00ed dlouh\u00e9 \u017eivotnosti a efektivn\u00edho provozu v\u00e1lce. N\u00e1sleduj\u00ed b\u011b\u017en\u00e9 \u00fakony \u00fadr\u017eby:<\/p>\n<h3>Pravideln\u00e1 kontrola<\/h3>\n<p>Pravideln\u011b kontrolujte v\u00e1lec, zda nevykazuje zn\u00e1mky opot\u0159eben\u00ed a po\u0161kozen\u00ed.<\/p>\n<h3>Maz\u00e1n\u00ed<\/h3>\n<p>Spr\u00e1vn\u00e9 maz\u00e1n\u00ed je nezbytn\u00e9 pro efektivn\u00ed provoz v\u00e1lce.<\/p>\n<h3>V\u00fdm\u011bna t\u011bsn\u011bn\u00ed<\/h3>\n<p>Vym\u011b\u0148te t\u011bsn\u011bn\u00ed, pokud jsou opot\u0159ebovan\u00e1, po\u0161kozen\u00e1 nebo net\u011bsn\u00ed.<\/p>\n<h2>Pr\u016fvodce instalac\u00ed produktu<\/h2>\n<p>Spr\u00e1vn\u00e1 instalace je z\u00e1sadn\u00ed pro zaji\u0161t\u011bn\u00ed bezpe\u010dn\u00e9ho a efektivn\u00edho provozu v\u00e1lce. Postupujte podle t\u011bchto krok\u016f:<\/p>\n<h3>Zarovn\u00e1n\u00ed<\/h3>\n<p>Spr\u00e1vn\u011b vyrovnejte v\u00e1lec, abyste p\u0159ede\u0161li jak\u00e9mukoli nespr\u00e1vn\u00e9mu vyrovn\u00e1n\u00ed, kter\u00e9 by mohlo zp\u016fsobit po\u0161kozen\u00ed nebo selh\u00e1n\u00ed.<\/p>\n<h3>Konzoly a mont\u00e1\u017e<\/h3>\n<p>K upevn\u011bn\u00ed v\u00e1lce na m\u00edst\u011b pou\u017eijte vhodn\u00e9 mont\u00e1\u017en\u00ed konzoly.<\/p>\n<h3>Postupy kontroly, opravy a v\u00fdm\u011bny<\/h3>\n<p>Dodr\u017eujte doporu\u010den\u00e9 postupy kontroly, opravy a v\u00fdm\u011bny pro \u00fadr\u017ebu v\u00e1lce.<\/p>\n<p><img decoding=\"async\" src=\"https:\/\/www.hydraulic-cylinders.net\/wp-content\/uploads\/2025\/01\/songte-chushion-collar.webp\"><\/p>\n<h2>Bezpe\u010dnostn\u00ed aspekty a faktory prost\u0159ed\u00ed<\/h2>\n<p>P\u0159i provozu hydraulick\u00fdch v\u00e1lc\u016f jsou nezbytn\u00e1 spr\u00e1vn\u00e1 bezpe\u010dnostn\u00ed opat\u0159en\u00ed, aby se p\u0159ede\u0161lo nehod\u00e1m. Pro zaji\u0161t\u011bn\u00ed efektivn\u00edho a bezpe\u010dn\u00e9ho provozu v\u00e1lce je t\u0159eba zohlednit tak\u00e9 faktory prost\u0159ed\u00ed, jako je teplota a vlhkost.<\/p>\n<h2>Odstra\u0148ov\u00e1n\u00ed probl\u00e9m\u016f a b\u011b\u017en\u00e9 probl\u00e9my<\/h2>\n<p>N\u00e1sleduj\u00ed b\u011b\u017en\u00e9 probl\u00e9my a jejich \u0159e\u0161en\u00ed:<\/p>\n<h3>\u00danik<\/h3>\n<p>Zkontrolujte t\u011bsn\u011bn\u00ed a v p\u0159\u00edpad\u011b pot\u0159eby je vym\u011b\u0148te.<\/p>\n<h3>P\u0159eh\u0159\u00e1t\u00ed<\/h3>\n<p>Zkontrolujte hladinu hydraulick\u00e9ho oleje a ujist\u011bte se, \u017ee je dostate\u010dn\u00e1. Zkontrolujte tak\u00e9 nastaven\u00ed \u010derpadla a ventil\u016f a podle toho je upravte.<\/p>\n<h3>Pomal\u00fd provoz<\/h3>\n<p>Zkontrolujte hladinu hydraulick\u00e9 kapaliny a stav filtr\u016f. Vym\u011b\u0148te v\u0161echny po\u0161kozen\u00e9 nebo ucpan\u00e9 filtry.<\/p>\n<h2>O na\u0161\u00ed spole\u010dnosti<\/h2>\n<p>Jsme v\u00fdrobcem hydraulick\u00fdch v\u00e1lc\u016f a p\u0159edn\u00edm v\u00fdrobcem a velkoobchodn\u00edkem na dom\u00e1c\u00edm i mezin\u00e1rodn\u00edm trhu. Dodr\u017eujeme z\u00e1sady vynikaj\u00edc\u00ed kvality, spol\u00e9h\u00e1me na industrializovan\u00e9 strategie \u0159\u00edzen\u00ed v\u00fdroby v precizn\u011b organizovan\u00fdch v\u00fdrobn\u00edch d\u00edln\u00e1ch a neust\u00e1le vylep\u0161ujeme na\u0161e v\u00fdrobn\u00ed platformy, zlep\u0161ujeme kvalitu v\u00fdrobn\u00edch linek a m\u00e1me siln\u00e9 tv\u016fr\u010d\u00ed schopnosti.<\/p>\n<h3>Profesionalita<\/h3>\n<p>M\u00e1me t\u00fdm zku\u0161en\u00fdch profesion\u00e1l\u016f, kte\u0159\u00ed jsou experty ve sv\u00fdch oborech.<\/p>\n<h3>Mezin\u00e1rodn\u00ed certifikace<\/h3>\n<p>Na\u0161e v\u00fdrobky spl\u0148uj\u00ed mezin\u00e1rodn\u00ed standardy kvality a jsou certifikov\u00e1ny r\u016fzn\u00fdmi organizacemi.<\/p>\n<h3>Slu\u017eby p\u0159izp\u016fsoben\u00ed<\/h3>\n<p>Nab\u00edz\u00edme hydraulick\u00e9 v\u00e1lce na m\u00edru dle specifick\u00fdch po\u017eadavk\u016f.<\/p>\n<h3>V\u00fdrobn\u00ed za\u0159\u00edzen\u00ed<\/h3>\n<p>Disponujeme modern\u00edm v\u00fdrobn\u00edm za\u0159\u00edzen\u00edm, kter\u00e9 zaji\u0161\u0165uje kvalitu a efektivitu na\u0161ich produkt\u016f.<\/p>\n<h3>Poprodejn\u00ed servis<\/h3>\n<p>Poskytujeme spolehliv\u00fd poprodejn\u00ed servis, v\u010detn\u011b n\u00e1hradn\u00edch d\u00edl\u016f a repas\u00ed, abychom zajistili dlouhou \u017eivotnost na\u0161ich produkt\u016f.<\/p>\n<p><img decoding=\"async\" src=\"https:\/\/hzpt.com\/wp-content\/uploads\/2024\/11\/songte-company-1.webp\"><\/p>\n<h4>Autor: lyl<\/h4>","protected":false},"excerpt":{"rendered":"<p>Bucket Cylinder For Volvo Wheel Excavator EW60 Introduction The bucket cylinder for Volvo wheel excavator EW60 is a specially-designed hydraulic cylinder used to control the movement of the bucket in heavy machinery such as excavators, backhoes, and front loaders. Its main function is to enable the bucket to lift, lower, and tilt, making it easier [&hellip;]<\/p>","protected":false},"featured_media":14769,"comment_status":"open","ping_status":"closed","template":"","meta":{"_et_pb_use_builder":"","_et_pb_old_content":"","_et_gb_content_width":""},"product_brand":[],"product_cat":[1494],"product_tag":[1495,1496],"class_list":{"0":"post-15413","1":"product","2":"type-product","3":"status-publish","4":"has-post-thumbnail","6":"product_cat-bucket-cylinders","7":"product_tag-bucket-cylinders","8":"product_tag-hydraulic-cylinders","10":"first","11":"instock","12":"shipping-taxable","13":"product-type-simple"},"amp_enabled":true,"_links":{"self":[{"href":"https:\/\/www.hydraulic-cylinders.net\/cs\/wp-json\/wp\/v2\/product\/15413","targetHints":{"allow":["GET"]}}],"collection":[{"href":"https:\/\/www.hydraulic-cylinders.net\/cs\/wp-json\/wp\/v2\/product"}],"about":[{"href":"https:\/\/www.hydraulic-cylinders.net\/cs\/wp-json\/wp\/v2\/types\/product"}],"replies":[{"embeddable":true,"href":"https:\/\/www.hydraulic-cylinders.net\/cs\/wp-json\/wp\/v2\/comments?post=15413"}],"wp:featuredmedia":[{"embeddable":true,"href":"https:\/\/www.hydraulic-cylinders.net\/cs\/wp-json\/wp\/v2\/media\/14769"}],"wp:attachment":[{"href":"https:\/\/www.hydraulic-cylinders.net\/cs\/wp-json\/wp\/v2\/media?parent=15413"}],"wp:term":[{"taxonomy":"product_brand","embeddable":true,"href":"https:\/\/www.hydraulic-cylinders.net\/cs\/wp-json\/wp\/v2\/product_brand?post=15413"},{"taxonomy":"product_cat","embeddable":true,"href":"https:\/\/www.hydraulic-cylinders.net\/cs\/wp-json\/wp\/v2\/product_cat?post=15413"},{"taxonomy":"product_tag","embeddable":true,"href":"https:\/\/www.hydraulic-cylinders.net\/cs\/wp-json\/wp\/v2\/product_tag?post=15413"}],"curies":[{"name":"wp","href":"https:\/\/api.w.org\/{rel}","templated":true}]}}