{"id":15417,"date":"2025-01-19T14:30:17","date_gmt":"2025-01-19T14:30:17","guid":{"rendered":"https:\/\/www.hydraulic-cylinders.net\/product\/bucket-cylinder-for-volvo-wheel-excavator-dls830-9b\/"},"modified":"2025-01-19T14:30:19","modified_gmt":"2025-01-19T14:30:19","slug":"bucket-cylinder-for-volvo-wheel-excavator-dls830-9b","status":"publish","type":"product","link":"https:\/\/www.hydraulic-cylinders.net\/cs\/produkt\/bucket-cylinder-for-volvo-wheel-excavator-dls830-9b\/","title":{"rendered":"V\u00e1lec kore\u010dkov\u00e9ho v\u00e1lce pro kolov\u00e9 rypadlo Volvo DLS830-9B"},"content":{"rendered":"<h1>V\u00e1lec kore\u010dkov\u00e9ho v\u00e1lce pro kolov\u00e9 rypadlo Volvo DLS830-9B<\/h1>\n<h2>Zaveden\u00ed<\/h2>\n<h3>Definice<\/h3>\n<p>Hydraulick\u00fd v\u00e1lec kore\u010dkov\u00e9 l\u017e\u00edce je specializovan\u00fd hydraulick\u00fd v\u00e1lec pou\u017e\u00edvan\u00fd p\u0159edev\u0161\u00edm k ovl\u00e1d\u00e1n\u00ed pohybu kore\u010dk\u016f v t\u011b\u017ek\u00fdch stroj\u00edch, jako jsou bagry, r\u00fdpadla-rypadla a \u010deln\u00ed naklada\u010de. Jeho hlavn\u00ed funkc\u00ed je umo\u017enit zved\u00e1n\u00ed, spou\u0161t\u011bn\u00ed a nakl\u00e1p\u011bn\u00ed kore\u010dkov\u00e9 l\u017e\u00edce, co\u017e ji usnad\u0148uje p\u0159i r\u016fzn\u00fdch \u00fakonech manipulace s materi\u00e1lem. V hydraulick\u00e9m syst\u00e9mu dosahuje v\u00e1lec kore\u010dkov\u00e9 l\u017e\u00edce p\u0159esn\u00e9ho ovl\u00e1d\u00e1n\u00ed kore\u010dkov\u00e9 l\u017e\u00edce zm\u011bnou tlaku hydraulick\u00e9ho oleje, co\u017e umo\u017e\u0148uje obsluze efektivn\u011b manipulovat s t\u011b\u017ek\u00fdmi p\u0159edm\u011bty a p\u0159izp\u016fsobovat se slo\u017eit\u00fdm pracovn\u00edm prost\u0159ed\u00edm a rozmanit\u00fdm provozn\u00edm po\u017eadavk\u016fm.<\/p>\n<p><img decoding=\"async\" src=\"https:\/\/www.hydraulic-cylinders.net\/wp-content\/uploads\/2025\/01\/songte-company-2.webp\" alt=\"V\u00e1lec kore\u010dkov\u00e9ho v\u00e1lce pro kolov\u00e9 rypadlo Volvo DLS830-9B\"><\/p>\n<h2>Funkce<\/h2>\n<ul>\n<li>Vysok\u00e1 pevnost a odolnost: obvykle vyrobeny z vysokopevnostn\u00ed oceli nebo hlin\u00edku, schopny odolat vysok\u00e9mu tlaku a t\u011b\u017ek\u00e9mu zat\u00ed\u017een\u00ed, p\u0159izp\u016fsobiteln\u00e9 n\u00e1ro\u010dn\u00fdm pracovn\u00edm prost\u0159ed\u00edm, navr\u017eeny s ohledem na odolnost proti opot\u0159eben\u00ed a korozi a s prodlou\u017eenou \u017eivotnost\u00ed.<\/li>\n<li>Efektivn\u00ed hydraulick\u00fd provoz: vyu\u017eit\u00ed tlaku hydraulick\u00e9ho oleje k dosa\u017een\u00ed plynul\u00e9ho vysouv\u00e1n\u00ed a zasouv\u00e1n\u00ed, schopnost rychl\u00e9 reakce na ovl\u00e1dac\u00ed povely, zaji\u0161t\u011bn\u00ed siln\u00e9 tla\u010dn\u00e9 a ta\u017en\u00e9 s\u00edly, vhodn\u00e9 pro manipulaci s t\u011b\u017ek\u00fdmi p\u0159edm\u011bty a slo\u017eit\u00e9 provozn\u00ed \u00fakoly.<\/li>\n<li>R\u016fzn\u00e9 typy: dle pot\u0159eby lze zvolit jedno\u010dinn\u00e9 (hydraulika se pou\u017e\u00edv\u00e1 pouze v jednom sm\u011bru) nebo dvoj\u010dinn\u00e9 (hydraulika se pou\u017e\u00edv\u00e1 v obou sm\u011brech) v\u00e1lce, kter\u00e9 spl\u0148uj\u00ed r\u016fzn\u00e9 provozn\u00ed pot\u0159eby. N\u011bkter\u00e9 modely jsou teleskopick\u00e9, co\u017e umo\u017e\u0148uje v\u011bt\u0161\u00ed vysunut\u00ed bez zv\u011bt\u0161en\u00ed vn\u011bj\u0161\u00edch rozm\u011br\u016f, a jsou vhodn\u00e9 pro aplikace v omezen\u00e9m prostoru.<\/li>\n<li>Vym\u011bniteln\u00e9: n\u00e1\u0161 produkt dok\u00e1\u017ee tyto hydraulick\u00e9 v\u00e1lce dokonale nahradit.<\/li>\n<\/ul>\n<p><img decoding=\"async\" src=\"https:\/\/www.hydraulic-cylinders.net\/wp-content\/uploads\/2025\/01\/songte-cylinder-head-with-all-kinds-excavator-models.webp\" alt=\"V\u00e1lec kore\u010dkov\u00e9ho v\u00e1lce pro kolov\u00e9 rypadlo Volvo DLS830-9B\"><\/p>\n<h2>Aplikace<\/h2>\n<p>Kore\u010dkov\u00e9 v\u00e1lce se pou\u017e\u00edvaj\u00ed v r\u016fzn\u00fdch t\u011b\u017ek\u00fdch stroj\u00edch, jako nap\u0159\u00edklad:<\/p>\n<ul>\n<li>Stavebn\u00ed stroje: u bagr\u016f jsou nezbytn\u00e9 pro kop\u00e1n\u00ed, nakl\u00e1d\u00e1n\u00ed a p\u0159emis\u0165ov\u00e1n\u00ed zeminy nebo suti. U r\u00fdpadel typu \u201ebagr\u201c pom\u00e1haj\u00ed kore\u010dkov\u00e9 v\u00e1lce jak p\u0159i kop\u00e1n\u00ed, tak p\u0159i zved\u00e1n\u00ed. <\/li>\n<li>Zem\u011bd\u011blsk\u00e9 stroje: pou\u017e\u00edvaj\u00ed se pro \u010deln\u00ed naklada\u010de, zved\u00e1n\u00ed a p\u0159epravu zeminy, sena a dal\u0161\u00edch materi\u00e1l\u016f. <\/li>\n<li>Rypadla: v\u00e1lce kore\u010dk\u016f dosahuj\u00ed v\u00fdkopov\u00fdch \u010dinnost\u00ed t\u00edm, \u017ee umo\u017e\u0148uj\u00ed kore\u010dce proniknout do p\u016fdy. <\/li>\n<li>Naklada\u010de: u \u010deln\u00edch naklada\u010d\u016f pom\u00e1haj\u00ed efektivn\u011b zvedat a nakl\u00e1n\u011bt n\u00e1klad. <\/li>\n<\/ul>\n<p>Pro ka\u017edou z t\u011bchto aplikac\u00ed umo\u017e\u0148uj\u00ed kore\u010dkov\u00e9 v\u00e1lce t\u011b\u017ek\u00fdm stroj\u016fm prov\u00e1d\u011bt manipulaci s materi\u00e1lem efektivn\u011bji, p\u0159esn\u011bji a bezpe\u010dn\u011bji. Ve stavebnictv\u00ed a zem\u011bd\u011blstv\u00ed se s pou\u017eit\u00edm kore\u010dkov\u00fdch v\u00e1lc\u016f zvy\u0161uje produktivita a usnad\u0148uje pr\u00e1ce.<\/p>\n<h2>Konstruk\u010dn\u00ed aspekty a krit\u00e9ria v\u00fdb\u011bru<\/h2>\n<h3>Nosnost<\/h3>\n<p>Nejd\u016fle\u017eit\u011bj\u0161\u00edm faktorem p\u0159i v\u00fdb\u011bru kore\u010dkov\u00e9ho v\u00e1lce je jeho nosnost, kter\u00e1 p\u0159\u00edmo souvis\u00ed s hmotnost\u00ed manipulovan\u00e9ho materi\u00e1lu. V\u00e1lec mus\u00ed b\u00fdt schopen odolat zat\u00ed\u017een\u00ed, ani\u017e by se pod tlakem ohnul nebo deformoval.<\/p>\n<h3>T\u011bsn\u011bn\u00ed<\/h3>\n<p>\u00da\u010dinn\u00e9 t\u011bsn\u011bn\u00ed je nezbytn\u00e9 pro spr\u00e1vn\u00fd provoz v\u00e1lce kore\u010dkov\u00e9ho v\u00e1lce. T\u011bsnic\u00ed syst\u00e9m mus\u00ed zabr\u00e1nit \u00faniku hydraulick\u00e9 kapaliny, co\u017e m\u016f\u017ee v\u00e9st k selh\u00e1n\u00ed hydraulick\u00e9ho syst\u00e9mu, ztr\u00e1t\u011b tlaku a potenci\u00e1ln\u00edmu po\u0161kozen\u00ed stroj\u016f. Pou\u017eit\u00ed r\u016fzn\u00fdch t\u011bsnic\u00edch komponent\u016f, jako jsou t\u011bsn\u011bn\u00ed p\u00edst\u016f a p\u00edstnic, vyroben\u00fdch z materi\u00e1l\u016f odoln\u00fdch proti opot\u0159eben\u00ed, jako je polyuretan a nitrilov\u00e1 pry\u017e, m\u016f\u017ee pomoci zabr\u00e1nit \u00faniku.<\/p>\n<h3>Trvanlivost<\/h3>\n<p>Kore\u010dkov\u00fd v\u00e1lec by m\u011bl b\u00fdt navr\u017een tak, aby vydr\u017eel dlouhou dobu s minim\u00e1ln\u00ed \u00fadr\u017ebou. To zahrnuje pou\u017eit\u00ed odoln\u00fdch materi\u00e1l\u016f, kter\u00e9 odol\u00e1vaj\u00ed drsn\u00fdm podm\u00ednk\u00e1m prost\u0159ed\u00ed a intenzivn\u00edmu pou\u017e\u00edv\u00e1n\u00ed. V\u00e1lec by m\u011bl b\u00fdt navr\u017een pro snadnou \u00fadr\u017ebu a opravy a se snadno p\u0159\u00edstupn\u00fdmi sou\u010d\u00e1stmi.<\/p>\n<h3>Bezpe\u010dnost<\/h3>\n<p>Kore\u010dkov\u00fd v\u00e1lec by m\u011bl b\u00fdt navr\u017een s ohledem na bezpe\u010dnostn\u00ed prvky. M\u011bl by b\u00fdt schopen odolat vysok\u00e9mu tlaku bez prasknut\u00ed, kter\u00e9 by mohlo zp\u016fsobit v\u00e1\u017en\u00e9 po\u0161kozen\u00ed nebo zran\u011bn\u00ed. V\u00e1lec by m\u011bl b\u00fdt navr\u017een tak, aby se zabr\u00e1nilo n\u00e1hodn\u00e9 aktivaci nebo provozu kore\u010dkov\u00e9ho v\u00e1lce, co\u017e m\u016f\u017ee zp\u016fsobit v\u00e1\u017en\u00e9 zran\u011bn\u00ed obsluhy nebo po\u0161kozen\u00ed strojn\u00edho za\u0159\u00edzen\u00ed.<\/p>\n<h3>Maz\u00e1n\u00ed<\/h3>\n<p>V\u00e1lec l\u017e\u00edce by m\u011bl b\u00fdt pravideln\u011b maz\u00e1n, aby byl zaji\u0161t\u011bn hladk\u00fd chod hydraulick\u00e9ho syst\u00e9mu. To zahrnuje pou\u017eit\u00ed hydraulick\u00e9ho oleje a maziv a tak\u00e9 v\u00fdm\u011bnu opot\u0159ebovan\u00fdch nebo po\u0161kozen\u00fdch sou\u010d\u00e1st\u00ed.<\/p>\n<p><img decoding=\"async\" src=\"https:\/\/www.hydraulic-cylinders.net\/wp-content\/uploads\/2025\/01\/songte-oil-pipes-and-spare-parts.webp\" alt=\"V\u00e1lec kore\u010dkov\u00e9ho v\u00e1lce pro kolov\u00e9 rypadlo Volvo DLS830-9B\"><\/p>\n<h2>\u00dadr\u017eba<\/h2>\n<h3>Instalace<\/h3>\n<p>Pro zaji\u0161t\u011bn\u00ed spr\u00e1vn\u00e9ho provozu by m\u011bl b\u00fdt v\u00e1lec kore\u010dkov\u00e9ho v\u00e1lce spr\u00e1vn\u011b nainstalov\u00e1n. To zahrnuje spr\u00e1vn\u00e9 vyrovn\u00e1n\u00ed v\u00e1lce a pou\u017eit\u00ed vhodn\u00fdch mont\u00e1\u017en\u00edch konzol k jeho upevn\u011bn\u00ed. Pro zachov\u00e1n\u00ed v\u00fdkonu v\u00e1lecov\u00e9ho v\u00e1lce kore\u010dkov\u00e9ho v\u00e1lce by m\u011bly b\u00fdt dodr\u017eov\u00e1ny doporu\u010den\u00e9 postupy kontroly, opravy a v\u00fdm\u011bny.<\/p>\n<h3>Preventivn\u00ed \u00fadr\u017eba<\/h3>\n<p>Preventivn\u00ed \u00fadr\u017eba je nezbytn\u00e1 pro minimalizaci potenci\u00e1ln\u00edch probl\u00e9m\u016f a maximalizaci \u017eivotnosti kore\u010dkov\u00e9ho v\u00e1lce. Pat\u0159\u00ed sem pravideln\u00e1 kontrola, maz\u00e1n\u00ed a v\u00fdm\u011bna opot\u0159ebovan\u00fdch nebo po\u0161kozen\u00fdch sou\u010d\u00e1st\u00ed. Spr\u00e1vn\u00e1 instalace, maz\u00e1n\u00ed a se\u0159\u00edzen\u00ed jsou kl\u00ed\u010dov\u00e9 pro spr\u00e1vn\u00fd provoz kore\u010dkov\u00e9ho v\u00e1lce.<\/p>\n<h3>B\u011b\u017en\u00e9 \u00fakoly \u00fadr\u017eby<\/h3>\n<ul>\n<li>Pravideln\u00e1 kontrola: kontrola zn\u00e1mek opot\u0159eben\u00ed nebo po\u0161kozen\u00ed v\u00e1lce, jako jsou ohnut\u00e9 nebo praskl\u00e9 sou\u010d\u00e1sti, net\u011bsnosti nebo koroze. <\/li>\n<li>Spr\u00e1vn\u00e9 maz\u00e1n\u00ed: pou\u017eit\u00ed doporu\u010den\u00e9ho hydraulick\u00e9ho oleje a maziv a zaji\u0161t\u011bn\u00ed spr\u00e1vn\u00e9ho maz\u00e1n\u00ed v\u0161ech pohybliv\u00fdch \u010d\u00e1st\u00ed. <\/li>\n<li>V\u00fdm\u011bna t\u011bsn\u011bn\u00ed: v\u00fdm\u011bna opot\u0159ebovan\u00fdch nebo po\u0161kozen\u00fdch t\u011bsn\u011bn\u00ed, aby se zabr\u00e1nilo \u00faniku kapaliny a zajistil se spr\u00e1vn\u00fd provoz v\u00e1lce. <\/li>\n<li>Kontrola kalibrace: kontrola kalibrace v\u00e1lce pro zaji\u0161t\u011bn\u00ed spr\u00e1vn\u00e9ho provozu. <\/li>\n<\/ul>\n<p><img decoding=\"async\" src=\"https:\/\/www.hydraulic-cylinders.net\/wp-content\/uploads\/2025\/01\/songte-chushion-collar.webp\" alt=\"V\u00e1lec kore\u010dkov\u00e9ho v\u00e1lce pro kolov\u00e9 rypadlo Volvo DLS830-9B\"><\/p>\n<h2>Bezpe\u010dnostn\u00ed a environment\u00e1ln\u00ed aspekty<\/h2>\n<p>P\u0159i manipulaci s lahvemi s kope\u010dkem nebo p\u0159i jejich obsluze je t\u0159eba dodr\u017eovat n\u00e1le\u017eit\u00e1 bezpe\u010dnostn\u00ed opat\u0159en\u00ed. Obsluha by m\u011bla b\u00fdt \u0159\u00e1dn\u011b pro\u0161kolena v jejich pou\u017e\u00edv\u00e1n\u00ed a v\u017edy by m\u011bla nosit vhodn\u00e9 bezpe\u010dnostn\u00ed vybaven\u00ed. L\u00e1hev by m\u011bla b\u00fdt pou\u017e\u00edv\u00e1na pouze k ur\u010den\u00e9mu \u00fa\u010delu a v\u0161echny bezpe\u010dnostn\u00ed prvky by m\u011bly b\u00fdt \u0159\u00e1dn\u011b udr\u017eov\u00e1ny a testov\u00e1ny.<\/p>\n<p>P\u0159i pou\u017e\u00edv\u00e1n\u00ed kore\u010dkov\u00fdch v\u00e1lc\u016f je t\u0159eba zohlednit tak\u00e9 environment\u00e1ln\u00ed aspekty. Je t\u0159eba zajistit \u0159\u00e1dnou likvidaci hydraulick\u00fdch kapalin a dal\u0161\u00edch materi\u00e1l\u016f a dodr\u017eovat v\u0161echny m\u00edstn\u00ed a n\u00e1rodn\u00ed p\u0159edpisy na ochranu \u017eivotn\u00edho prost\u0159ed\u00ed.<\/p>\n<h2>B\u011b\u017en\u00e9 probl\u00e9my a jejich \u0159e\u0161en\u00ed<\/h2>\n<p>Mezi b\u011b\u017en\u00e9 probl\u00e9my s kore\u010dkov\u00fdmi v\u00e1lci pat\u0159\u00ed net\u011bsnosti, ohnut\u00e9 nebo po\u0161kozen\u00e9 sou\u010d\u00e1sti a nespr\u00e1vn\u00fd provoz. \u0158e\u0161en\u00ed probl\u00e9m\u016f m\u016f\u017ee zahrnovat kontrolu v\u00e1lce, zda nen\u00ed po\u0161kozen\u00fd nebo opot\u0159ebovan\u00fd, kontrolu t\u011bsnosti hydraulick\u00e9ho syst\u00e9mu a ov\u011b\u0159en\u00ed spr\u00e1vn\u00e9 kalibrace a provozu v\u00e1lce.<\/p>\n<p>Preventivn\u00ed opat\u0159en\u00ed, jako je pravideln\u00e1 kontrola, maz\u00e1n\u00ed a oprava opot\u0159ebovan\u00fdch nebo po\u0161kozen\u00fdch sou\u010d\u00e1st\u00ed, mohou pomoci minimalizovat potenci\u00e1ln\u00ed probl\u00e9my a zajistit spr\u00e1vn\u00fd provoz v\u00e1lce kore\u010dkov\u00e9ho v\u00e1lce.<\/p>\n<p><img decoding=\"async\" src=\"https:\/\/www.hydraulic-cylinders.net\/wp-content\/uploads\/2025\/01\/songte-bushings-with-all-kinds-of-excavator-models.webp\" alt=\"V\u00e1lec kore\u010dkov\u00e9ho v\u00e1lce pro kolov\u00e9 rypadlo Volvo DLS830-9B\"><\/p>\n<h2>O n\u00e1s<\/h2>\n<p>Jsme v\u00fdrobcem hydraulick\u00fdch v\u00e1lc\u016f, kter\u00e9 mohou nahradit hydraulick\u00e9 v\u00e1lce. Na\u0161e spole\u010dnost nab\u00edz\u00ed kompletn\u00ed sortiment produkt\u016f a stala se jedn\u00edm z p\u0159edn\u00edch v\u00fdrobc\u016f a velkoobchodn\u00edch distributor\u016f hydraulick\u00fdch v\u00e1lc\u016f na dom\u00e1c\u00edm i mezin\u00e1rodn\u00edm trhu. \u0158\u00edd\u00edme se principy vynikaj\u00edc\u00ed kvality a spol\u00e9h\u00e1me se na strategii industrializovan\u00e9ho \u0159\u00edzen\u00ed v\u00fdroby v r\u00e1mci jemn\u00e9 v\u00fdrobn\u00ed d\u00edlny. Na\u0161e spole\u010dnost neust\u00e1le vylep\u0161uje v\u00fdrobn\u00ed platformu d\u00edlny, zdokonaluje v\u00fdrobn\u00ed linku kvality produkt\u016f a m\u00e1 silnou tv\u016fr\u010d\u00ed schopnost uspokojovat rozmanit\u00e9 pot\u0159eby z\u00e1kazn\u00edk\u016f s vysokou efektivitou, vysokou p\u0159esnost\u00ed a vysokou kvalitou.<\/p>\n<p>Na\u0161e spole\u010dnost poskytuje kompletn\u00ed \u0161k\u00e1lu slu\u017eeb, v\u010detn\u011b zak\u00e1zkov\u00fdch n\u00e1vrh\u016f, mezin\u00e1rodn\u00edch certifikac\u00ed, v\u00fdrobn\u00edch za\u0159\u00edzen\u00ed a poprodejn\u00edho servisu.<\/p>\n<p><img decoding=\"async\" src=\"https:\/\/hzpt.com\/wp-content\/uploads\/2024\/11\/songte-company-1.webp\" alt=\"V\u00e1lec kore\u010dkov\u00e9ho v\u00e1lce pro kolov\u00e9 rypadlo Volvo DLS830-9B\"><\/p>\n<p><i>Autor: lyl<\/i><\/p>","protected":false},"excerpt":{"rendered":"<p>Bucket Cylinder For Volvo Wheel Excavator DLS830-9B Introduction Definition A bucket cylinder is a specialized hydraulic cylinder used primarily to control the movement of buckets in heavy machinery such as excavators, backhoe excavators, and front-end loaders. Its main function is to enable the bucket to lift, lower, and tilt, making it convenient for various material [&hellip;]<\/p>","protected":false},"featured_media":14789,"comment_status":"open","ping_status":"closed","template":"","meta":{"_et_pb_use_builder":"","_et_pb_old_content":"","_et_gb_content_width":""},"product_brand":[],"product_cat":[1494],"product_tag":[1495,1496],"class_list":{"0":"post-15417","1":"product","2":"type-product","3":"status-publish","4":"has-post-thumbnail","6":"product_cat-bucket-cylinders","7":"product_tag-bucket-cylinders","8":"product_tag-hydraulic-cylinders","10":"first","11":"instock","12":"shipping-taxable","13":"product-type-simple"},"amp_enabled":true,"_links":{"self":[{"href":"https:\/\/www.hydraulic-cylinders.net\/cs\/wp-json\/wp\/v2\/product\/15417","targetHints":{"allow":["GET"]}}],"collection":[{"href":"https:\/\/www.hydraulic-cylinders.net\/cs\/wp-json\/wp\/v2\/product"}],"about":[{"href":"https:\/\/www.hydraulic-cylinders.net\/cs\/wp-json\/wp\/v2\/types\/product"}],"replies":[{"embeddable":true,"href":"https:\/\/www.hydraulic-cylinders.net\/cs\/wp-json\/wp\/v2\/comments?post=15417"}],"wp:featuredmedia":[{"embeddable":true,"href":"https:\/\/www.hydraulic-cylinders.net\/cs\/wp-json\/wp\/v2\/media\/14789"}],"wp:attachment":[{"href":"https:\/\/www.hydraulic-cylinders.net\/cs\/wp-json\/wp\/v2\/media?parent=15417"}],"wp:term":[{"taxonomy":"product_brand","embeddable":true,"href":"https:\/\/www.hydraulic-cylinders.net\/cs\/wp-json\/wp\/v2\/product_brand?post=15417"},{"taxonomy":"product_cat","embeddable":true,"href":"https:\/\/www.hydraulic-cylinders.net\/cs\/wp-json\/wp\/v2\/product_cat?post=15417"},{"taxonomy":"product_tag","embeddable":true,"href":"https:\/\/www.hydraulic-cylinders.net\/cs\/wp-json\/wp\/v2\/product_tag?post=15417"}],"curies":[{"name":"wp","href":"https:\/\/api.w.org\/{rel}","templated":true}]}}