{"id":15420,"date":"2025-01-19T14:30:36","date_gmt":"2025-01-19T14:30:36","guid":{"rendered":"https:\/\/www.hydraulic-cylinders.net\/product\/bucket-cylinder-for-sany-small-excavator-sy85c-9\/"},"modified":"2025-01-19T14:30:38","modified_gmt":"2025-01-19T14:30:38","slug":"bucket-cylinder-for-sany-small-excavator-sy85c-9","status":"publish","type":"product","link":"https:\/\/www.hydraulic-cylinders.net\/cs\/produkt\/bucket-cylinder-for-sany-small-excavator-sy85c-9\/","title":{"rendered":"V\u00e1lec kope\u010dku pro mal\u00e9 rypadlo Sany SY85C-9"},"content":{"rendered":"<h1>V\u00e1lec kope\u010dku pro mal\u00e9 rypadlo Sany SY85C-9<\/h1>\n<h2>Zaveden\u00ed<\/h2>\n<p>Hydraulick\u00fd v\u00e1lec l\u017e\u00edce je speci\u00e1ln\u011b navr\u017een\u00fd hydraulick\u00fd v\u00e1lec, kter\u00fd se prim\u00e1rn\u011b pou\u017e\u00edv\u00e1 k ovl\u00e1d\u00e1n\u00ed pohybu l\u017e\u00edce v t\u011b\u017ek\u00fdch stroj\u00edch, jako jsou rypadla, r\u00fdpadlo-naklada\u010de a \u010deln\u00ed naklada\u010de. Jeho hlavn\u00ed funkc\u00ed je umo\u017enit zved\u00e1n\u00ed, spou\u0161t\u011bn\u00ed a nakl\u00e1p\u011bn\u00ed l\u017e\u00edce, co\u017e usnad\u0148uje manipulaci s r\u016fzn\u00fdmi materi\u00e1ly. V hydraulick\u00e9m syst\u00e9mu v\u00e1lec l\u017e\u00edce \u0159\u00edd\u00ed p\u0159esn\u00fd pohyb l\u017e\u00edce zm\u011bnou tlaku hydraulick\u00e9ho oleje, co\u017e umo\u017e\u0148uje obsluze efektivn\u011b manipulovat s t\u011b\u017ek\u00fdmi b\u0159emeny a p\u0159izp\u016fsobovat se slo\u017eit\u00fdm pracovn\u00edm prost\u0159ed\u00edm a rozmanit\u00fdm provozn\u00edm po\u017eadavk\u016fm.<\/p>\n<p><img decoding=\"async\" src=\"https:\/\/www.hydraulic-cylinders.net\/wp-content\/uploads\/2025\/01\/songte-company-2.webp\" alt=\"V\u00e1lec kope\u010dku pro mal\u00e9 rypadlo Sany SY85C-9\"><\/p>\n<h2>Funkce<\/h2>\n<ul>\n<li>Vysok\u00e1 pevnost a odolnost: obvykle vyrobeny z vysokopevnostn\u00ed oceli nebo hlin\u00edku, schopny odolat vysok\u00e9mu tlaku a t\u011b\u017ek\u00e9mu zat\u00ed\u017een\u00ed, p\u0159izp\u016fsobit se n\u00e1ro\u010dn\u00e9mu pracovn\u00edmu prost\u0159ed\u00ed a navr\u017eeny s ohledem na odolnost proti opot\u0159eben\u00ed a korozi pro prodlou\u017een\u00ed \u017eivotnosti.<\/li>\n<li>Efektivn\u00ed hydraulick\u00fd provoz: vyu\u017e\u00edv\u00e1 tlak hydraulick\u00e9ho oleje k dosa\u017een\u00ed plynul\u00e9ho vysouv\u00e1n\u00ed a zasouv\u00e1n\u00ed, rychle reaguje na ovl\u00e1dac\u00ed povely, poskytuje silnou tla\u010dnou a ta\u017enou s\u00edlu, vhodn\u00fd pro manipulaci s t\u011b\u017ek\u00fdmi b\u0159emeny a slo\u017eit\u00e9 provozn\u00ed \u00fakoly.<\/li>\n<li>R\u016fzn\u00e9 typy v\u00e1lc\u016f: jedno\u010dinn\u00e9 (hydraulicky ovl\u00e1dan\u00e9 pouze v jednom sm\u011bru) nebo dvoj\u010dinn\u00e9 (hydraulicky ovl\u00e1dan\u00e9 v obou sm\u011brech) lze zvolit dle pot\u0159eby pro spln\u011bn\u00ed r\u016fzn\u00fdch provozn\u00edch po\u017eadavk\u016f. N\u011bkter\u00e9 modely jsou teleskopick\u00e9, co\u017e umo\u017e\u0148uje v\u011bt\u0161\u00ed vysunut\u00ed bez zv\u011bt\u0161en\u00ed vn\u011bj\u0161\u00edch rozm\u011br\u016f, a proto jsou vhodn\u00e9 pro aplikace v omezen\u00e9m prostoru.<\/li>\n<li>Snadn\u00e1 instalace: na\u0161e produkty dok\u00e1\u017e\u00ed tyto hydraulick\u00e9 v\u00e1lce dokonale nahradit.<\/li>\n<\/ul>\n<p><img decoding=\"async\" src=\"https:\/\/www.hydraulic-cylinders.net\/wp-content\/uploads\/2025\/01\/songte-cylinder-head-with-all-kinds-excavator-models.webp\" alt=\"V\u00e1lec kope\u010dku pro mal\u00e9 rypadlo Sany SY85C-9\"><\/p>\n<h2>Aplikace<\/h2>\n<p>Kore\u010dkov\u00e9 v\u00e1lce se \u0161iroce pou\u017e\u00edvaj\u00ed v r\u016fzn\u00fdch pr\u016fmyslov\u00fdch a zem\u011bd\u011blsk\u00fdch stroj\u00edch, jako nap\u0159\u00edklad:<\/p>\n<ul>\n<li>Stavebn\u00ed stroje: u bagr\u016f jsou nezbytn\u00e9 pro kop\u00e1n\u00ed, nakl\u00e1d\u00e1n\u00ed a p\u0159emis\u0165ov\u00e1n\u00ed zeminy nebo suti. U rypadlo-naklada\u010d\u016f pom\u00e1haj\u00ed kore\u010dkov\u00e9 v\u00e1lce jak p\u0159i kop\u00e1n\u00ed, tak p\u0159i zved\u00e1n\u00ed. <\/li>\n<li>Zem\u011bd\u011blsk\u00e9 stroje: pou\u017e\u00edvaj\u00ed se v \u010deln\u00edch naklada\u010d\u00edch pro nab\u00edr\u00e1n\u00ed, zved\u00e1n\u00ed a p\u0159epravu p\u016fdy, sena a dal\u0161\u00edch materi\u00e1l\u016f.<\/li>\n<li>Rypadla: v\u00e1lce l\u017e\u00edce umo\u017e\u0148uj\u00ed l\u017e\u00edci proniknout do p\u016fdy a dos\u00e1hnout tak kop\u00e1n\u00ed.<\/li>\n<li>Naklada\u010de: u \u010deln\u00edch naklada\u010d\u016f pom\u00e1haj\u00ed efektivn\u011b zvedat a vykl\u00e1dat n\u00e1klad.<\/li>\n<\/ul>\n<h2>Konstruk\u010dn\u00ed aspekty a krit\u00e9ria v\u00fdb\u011bru<\/h2>\n<h3>\u00danosnost<\/h3>\n<p>V\u00e1lec mus\u00ed b\u00fdt navr\u017een tak, aby zvl\u00e1dl maxim\u00e1ln\u00ed zat\u00ed\u017een\u00ed, kter\u00e9mu bude b\u011bhem provozu vystaven. Krom\u011b toho mus\u00ed v\u00e1lec odolat dodate\u010dn\u00fdm sil\u00e1m zp\u016fsoben\u00fdm vibracemi a r\u00e1zy. V\u00fdb\u011br materi\u00e1l\u016f, povlak\u016f a povrchov\u00fdch \u00faprav m\u016f\u017ee tak\u00e9 v\u00fdznamn\u011b ovlivnit nosnost v\u00e1lce.<\/p>\n<h3>T\u011bsn\u011bn\u00ed<\/h3>\n<p>T\u011bsnic\u00ed syst\u00e9m v\u00e1lce m\u00e1 v\u00fdznamn\u00fd vliv na jeho trvanlivost a spolehlivost. V\u00e1lec mus\u00ed b\u00fdt navr\u017een tak, aby se zabr\u00e1nilo \u00faniku a vniknut\u00ed ne\u010distot do syst\u00e9mu. Pou\u017eit\u00ed vysoce kvalitn\u00edch t\u011bsnic\u00edch komponent\u016f, jako jsou t\u011bsn\u011bn\u00ed p\u00edst\u016f a p\u00edstnic, m\u016f\u017ee pomoci zajistit dlouhodob\u00fd provoz.<\/p>\n<h3>Trvanlivost<\/h3>\n<p>V\u00e1lec mus\u00ed b\u00fdt navr\u017een tak, aby odolal n\u00e1ro\u010dn\u00e9mu pracovn\u00edmu prost\u0159ed\u00ed, v\u010detn\u011b vysok\u00fdch teplot, vlhkosti, prachu a ne\u010distot. V\u00fdb\u011br materi\u00e1l\u016f, povlak\u016f a povrchov\u00fdch \u00faprav m\u016f\u017ee tak\u00e9 v\u00fdznamn\u011b ovlivnit trvanlivost v\u00e1lce.<\/p>\n<h3>Bezpe\u010dnost<\/h3>\n<p>V\u00e1lec mus\u00ed b\u00fdt navr\u017een s ohledem na bezpe\u010dnost, v\u010detn\u011b zabr\u00e1n\u011bn\u00ed n\u00e1hl\u00fdm pohyb\u016fm a zaji\u0161t\u011bn\u00ed toho, aby se b\u011bhem provozu nikdo nenach\u00e1zel v dr\u00e1ze v\u00e1lce. Spr\u00e1vn\u00e1 instalace, provoz a \u00fadr\u017eba jsou tak\u00e9 z\u00e1sadn\u00ed pro zaji\u0161t\u011bn\u00ed bezpe\u010dn\u00e9ho provozu.<\/p>\n<h3>\u00dadr\u017eba<\/h3>\n<p>V\u00e1lec mus\u00ed b\u00fdt navr\u017een pro snadnou \u00fadr\u017ebu, v\u010detn\u011b snadn\u00e9ho p\u0159\u00edstupu ke komponent\u016fm, kter\u00e9 je t\u0159eba vym\u011bnit nebo opravit. Pravideln\u00e1 \u00fadr\u017eba, v\u010detn\u011b kontroly hladiny oleje ve v\u00e1lci, utahov\u00e1n\u00ed \u0161roub\u016f a spoj\u016f a \u010di\u0161t\u011bn\u00ed vn\u011bj\u0161\u00edho povrchu v\u00e1lce, m\u016f\u017ee pomoci zajistit dlouhodob\u00fd provoz.<\/p>\n<p><img decoding=\"async\" src=\"https:\/\/www.hydraulic-cylinders.net\/wp-content\/uploads\/2025\/01\/songte-oil-pipes-and-spare-parts.webp\" alt=\"V\u00e1lec kope\u010dku pro mal\u00e9 rypadlo Sany SY85C-9\"><\/p>\n<h2>T\u011bsn\u011bn\u00ed a maz\u00e1n\u00ed<\/h2>\n<p>Kore\u010dkov\u00fd v\u00e1lec se spol\u00e9h\u00e1 na r\u016fzn\u00e9 t\u011bsnic\u00ed komponenty, kter\u00e9 zabra\u0148uj\u00ed \u00fanik\u016fm a zaji\u0161\u0165uj\u00ed spolehliv\u00fd provoz. Pat\u0159\u00ed mezi n\u011b t\u011bsn\u011bn\u00ed p\u00edstu, t\u011bsn\u011bn\u00ed p\u00edstnice a st\u011bra\u010de. Tyto komponenty mus\u00ed b\u00fdt vyrobeny z vysoce kvalitn\u00edch materi\u00e1l\u016f, jako je polyuretan nebo nitrilov\u00e1 pry\u017e, aby odolaly n\u00e1ro\u010dn\u00e9mu provozn\u00edmu prost\u0159ed\u00ed a opot\u0159eben\u00ed.<\/p>\n<p>Mazac\u00ed syst\u00e9m v\u00e1lce je tak\u00e9 z\u00e1sadn\u00ed pro jeho v\u00fdkon a spolehlivost. V\u00e1lec mus\u00ed b\u00fdt pravideln\u011b maz\u00e1n hydraulick\u00fdm olejem, aby byl zaji\u0161t\u011bn hladk\u00fd chod a zabr\u00e1nilo se opot\u0159eben\u00ed jeho vnit\u0159n\u00edch sou\u010d\u00e1st\u00ed.<\/p>\n<h2>Preventivn\u00ed \u00fadr\u017eba a opravy<\/h2>\n<p>Pravideln\u00e1 \u00fadr\u017eba je nezbytn\u00e1 pro zaji\u0161t\u011bn\u00ed dlouh\u00e9 \u017eivotnosti a spolehliv\u00e9ho provozu kore\u010dkov\u00e9ho v\u00e1lce. Mezi b\u011b\u017en\u00e9 \u00fakony \u00fadr\u017eby pat\u0159\u00ed:<\/p>\n<ul>\n<li>Pravideln\u00e1 kontrola hladiny oleje a jeho dopl\u0148ov\u00e1n\u00ed dle pot\u0159eby<\/li>\n<li>V\u00fdm\u011bna opot\u0159ebovan\u00fdch nebo po\u0161kozen\u00fdch t\u011bsn\u011bn\u00ed a dal\u0161\u00edch sou\u010d\u00e1st\u00ed dle pot\u0159eby<\/li>\n<li>Kalibrace v\u00e1lce dle pot\u0159eby pro zaji\u0161t\u011bn\u00ed spr\u00e1vn\u00e9ho provozu<\/li>\n<\/ul>\n<p>Spr\u00e1vn\u00e1 instalace, maz\u00e1n\u00ed a se\u0159\u00edzen\u00ed jsou tak\u00e9 z\u00e1sadn\u00ed pro zaji\u0161t\u011bn\u00ed optim\u00e1ln\u00edho v\u00fdkonu a prevenci p\u0159ed\u010dasn\u00e9ho opot\u0159eben\u00ed. B\u011bhem instalace je nezbytn\u00e9 v\u00e1lec spr\u00e1vn\u011b vyrovnat a k jeho zaji\u0161t\u011bn\u00ed pou\u017e\u00edt vhodn\u00e9 instala\u010dn\u00ed podp\u011bry.<\/p>\n<p><img decoding=\"async\" src=\"https:\/\/www.hydraulic-cylinders.net\/wp-content\/uploads\/2025\/01\/songte-chushion-collar.webp\" alt=\"V\u00e1lec kope\u010dku pro mal\u00e9 rypadlo Sany SY85C-9\"><\/p>\n<h2>Bezpe\u010dnostn\u00ed aspekty a faktory prost\u0159ed\u00ed<\/h2>\n<p>S kore\u010dkov\u00fdmi v\u00e1lci je nutn\u00e9 zach\u00e1zet bezpe\u010dn\u011b, aby se p\u0159ede\u0161lo zran\u011bn\u00ed nebo po\u0161kozen\u00ed. Obsluha mus\u00ed b\u00fdt \u0159\u00e1dn\u011b pro\u0161kolena v obsluze v\u00e1lc\u016f a bezpe\u010dnostn\u00edch protokolech. Pro prevenci zran\u011bn\u00ed je tak\u00e9 nezbytn\u00e9 spr\u00e1vn\u00e9 pou\u017e\u00edv\u00e1n\u00ed osobn\u00edch ochrann\u00fdch prost\u0159edk\u016f, jako jsou rukavice a ochrann\u00e9 br\u00fdle.<\/p>\n<p>Prost\u0159ed\u00ed, ve kter\u00e9m v\u00e1lec pracuje, m\u016f\u017ee v\u00fdznamn\u011b ovlivnit jeho v\u00fdkon a \u017eivotnost. V\u00e1lec mus\u00ed b\u00fdt navr\u017een tak, aby odolal specifick\u00fdm podm\u00ednk\u00e1m prost\u0159ed\u00ed, v\u010detn\u011b teploty, vlhkosti, prachu a ne\u010distot. Spr\u00e1vn\u00e1 \u00fadr\u017eba m\u016f\u017ee tak\u00e9 pomoci zajistit, aby v\u00e1lec z\u016fstal \u00fa\u010dinn\u00fd i v n\u00e1ro\u010dn\u00fdch provozn\u00edch podm\u00ednk\u00e1ch.<\/p>\n<p><img decoding=\"async\" src=\"https:\/\/www.hydraulic-cylinders.net\/wp-content\/uploads\/2025\/01\/songte-bushings-with-all-kinds-of-excavator-models.webp\" alt=\"V\u00e1lec kope\u010dku pro mal\u00e9 rypadlo Sany SY85C-9\"><\/p>\n<h2>Diagnostika a odstra\u0148ov\u00e1n\u00ed b\u011b\u017en\u00fdch z\u00e1vad<\/h2>\n<p>Mezi b\u011b\u017en\u00e9 z\u00e1vady v\u00e1lc\u016f kore\u010dk\u016f pat\u0159\u00ed net\u011bsnost, nepravideln\u00fd provoz a nedostate\u010dn\u00e1 s\u00edla. Tyto probl\u00e9my mohou b\u00fdt zp\u016fsobeny \u0159adou faktor\u016f, v\u010detn\u011b opot\u0159ebovan\u00fdch nebo po\u0161kozen\u00fdch t\u011bsn\u011bn\u00ed, kontaminace a nespr\u00e1vn\u00e9 instalace nebo se\u0159\u00edzen\u00ed.<\/p>\n<p>Diagnostika a \u0159e\u0161en\u00ed probl\u00e9m\u016f s kore\u010dkov\u00fdm v\u00e1lcem vy\u017eaduje d\u016fkladn\u00e9 pochopen\u00ed funkce a konstrukce v\u00e1lce. Mezi b\u011b\u017en\u00e9 tipy pro \u0159e\u0161en\u00ed probl\u00e9m\u016f pat\u0159\u00ed:<\/p>\n<ul>\n<li>Kontrola net\u011bsnost\u00ed a v p\u0159\u00edpad\u011b pot\u0159eby v\u00fdm\u011bna opot\u0159ebovan\u00fdch nebo po\u0161kozen\u00fdch t\u011bsn\u011bn\u00ed<\/li>\n<li>Ov\u011b\u0159en\u00ed, zda je v\u00e1lec spr\u00e1vn\u011b promaz\u00e1n, a v p\u0159\u00edpad\u011b pot\u0159eby se\u0159\u00edzen\u00ed mazac\u00edho syst\u00e9mu<\/li>\n<li>Zaji\u0161t\u011bn\u00ed spr\u00e1vn\u00e9ho vyrovn\u00e1n\u00ed a zaji\u0161t\u011bn\u00ed v\u00e1lce b\u011bhem instalace a pou\u017e\u00edv\u00e1n\u00ed<\/li>\n<\/ul>\n<h2>O na\u0161\u00ed spole\u010dnosti<\/h2>\n<p>Jsme v\u00fdrobcem n\u00e1hradn\u00edch hydraulick\u00fdch v\u00e1lc\u016f a p\u0159edn\u00edm v\u00fdrobcem a velkoobchodn\u00edm distributorem hydraulick\u00fdch v\u00e1lc\u016f na dom\u00e1c\u00edm i mezin\u00e1rodn\u00edm trhu. Dodr\u017eujeme vynikaj\u00edc\u00ed kvalitu a spol\u00e9h\u00e1me se na industrializovan\u00e9 strategie \u0159\u00edzen\u00ed v\u00fdroby v precizn\u011b zpracovan\u00fdch v\u00fdrobn\u00edch d\u00edln\u00e1ch. Neust\u00e1le vylep\u0161ujeme v\u00fdrobn\u00ed platformu v d\u00edln\u00e1ch pomoc\u00ed kvalifikovan\u00fdch pracovn\u00edk\u016f, digitalizovan\u00e9ho \u0161pi\u010dkov\u00e9ho v\u00fdrobn\u00edho za\u0159\u00edzen\u00ed a profesion\u00e1ln\u00edch testovac\u00edch syst\u00e9m\u016f. Rozvinuli jsme tak\u00e9 siln\u00e9 kreativn\u00ed schopnosti a poskytujeme z\u00e1kazn\u00edk\u016fm efektivn\u00ed, p\u0159esn\u00e9 a vysoce kvalitn\u00ed produkty, kter\u00e9 spl\u0148uj\u00ed jejich rozmanit\u00e9 pot\u0159eby.<\/p>\n<h3>Profesionalita<\/h3>\n<p>M\u00e1me t\u00fdm vysoce kvalifikovan\u00fdch in\u017een\u00fdr\u016f a technik\u016f, kte\u0159\u00ed se specializuj\u00ed na n\u00e1vrh, v\u00fdrobu a \u00fadr\u017ebu hydraulick\u00fdch v\u00e1lc\u016f. Odborn\u00e9 znalosti na\u0161eho t\u00fdmu zaji\u0161\u0165uj\u00ed, \u017ee na\u0161e produkty spl\u0148uj\u00ed \u0161pi\u010dkov\u00e9 standardy v oboru a jsou spolehliv\u00e9 a odoln\u00e9.<\/p>\n<h3>Mezin\u00e1rodn\u00ed certifikace<\/h3>\n<p>Na\u0161e v\u00fdrobky z\u00edskaly mezin\u00e1rodn\u00ed certifikace, v\u010detn\u011b certifikac\u00ed ISO 9001 a CE, kter\u00e9 dokazuj\u00ed n\u00e1\u0161 z\u00e1vazek ke kvalit\u011b, bezpe\u010dnosti a environment\u00e1ln\u00ed udr\u017eitelnosti.<\/p>\n<h3>Slu\u017eby p\u0159izp\u016fsoben\u00ed<\/h3>\n<p>Nab\u00edz\u00edme \u0159adu slu\u017eeb v oblasti \u00faprav, abychom splnili rozmanit\u00e9 pot\u0159eby na\u0161ich z\u00e1kazn\u00edk\u016f, v\u010detn\u011b zak\u00e1zkov\u00e9ho n\u00e1vrhu, v\u00fdroby a oprav.<\/p>\n<h3>V\u00fdrobn\u00ed za\u0159\u00edzen\u00ed<\/h3>\n<p>Pou\u017e\u00edv\u00e1me nejmodern\u011bj\u0161\u00ed v\u00fdrobn\u00ed za\u0159\u00edzen\u00ed a pokro\u010dil\u00e9 v\u00fdrobn\u00ed techniky, abychom zajistili, \u017ee na\u0161e v\u00fdrobky jsou nejvy\u0161\u0161\u00ed kvality a spl\u0148uj\u00ed p\u0159\u00edsn\u00e9 po\u017eadavky na\u0161ich z\u00e1kazn\u00edk\u016f.<\/p>\n<h3>Poprodejn\u00ed servis<\/h3>\n<p>Poskytujeme komplexn\u00ed poprodejn\u00ed servis a podporu, abychom zajistili, \u017ee hydraulick\u00e9 v\u00e1lce na\u0161ich z\u00e1kazn\u00edk\u016f funguj\u00ed s maxim\u00e1ln\u00edm v\u00fdkonem po celou dobu jejich \u017eivotnosti. N\u00e1\u0161 poprodejn\u00ed servis zahrnuje pravidelnou \u00fadr\u017ebu, opravy a v\u00fdm\u011bny, stejn\u011b jako technickou podporu a \u0161kolen\u00ed.<\/p>\n<p><img decoding=\"async\" src=\"https:\/\/hzpt.com\/wp-content\/uploads\/2024\/11\/songte-company-1.webp\" alt=\"V\u00e1lec kope\u010dku pro mal\u00e9 rypadlo Sany SY85C-9\"><\/p>\n<p>Autor: lyl<\/p>","protected":false},"excerpt":{"rendered":"<p>Bucket Cylinder For Sany Small Excavator SY85C-9 Introduction A bucket cylinder is a specially designed hydraulic cylinder that is primarily used to control the movement of the bucket in heavy machinery such as excavators, backhoe loaders, and front-end loaders. Its main function is to enable the bucket to be lifted, lowered, and tilted, making it [&hellip;]<\/p>","protected":false},"featured_media":14785,"comment_status":"open","ping_status":"closed","template":"","meta":{"_et_pb_use_builder":"","_et_pb_old_content":"","_et_gb_content_width":""},"product_brand":[],"product_cat":[1494],"product_tag":[1495,1496],"class_list":{"0":"post-15420","1":"product","2":"type-product","3":"status-publish","4":"has-post-thumbnail","6":"product_cat-bucket-cylinders","7":"product_tag-bucket-cylinders","8":"product_tag-hydraulic-cylinders","10":"first","11":"instock","12":"shipping-taxable","13":"product-type-simple"},"amp_enabled":true,"_links":{"self":[{"href":"https:\/\/www.hydraulic-cylinders.net\/cs\/wp-json\/wp\/v2\/product\/15420","targetHints":{"allow":["GET"]}}],"collection":[{"href":"https:\/\/www.hydraulic-cylinders.net\/cs\/wp-json\/wp\/v2\/product"}],"about":[{"href":"https:\/\/www.hydraulic-cylinders.net\/cs\/wp-json\/wp\/v2\/types\/product"}],"replies":[{"embeddable":true,"href":"https:\/\/www.hydraulic-cylinders.net\/cs\/wp-json\/wp\/v2\/comments?post=15420"}],"wp:featuredmedia":[{"embeddable":true,"href":"https:\/\/www.hydraulic-cylinders.net\/cs\/wp-json\/wp\/v2\/media\/14785"}],"wp:attachment":[{"href":"https:\/\/www.hydraulic-cylinders.net\/cs\/wp-json\/wp\/v2\/media?parent=15420"}],"wp:term":[{"taxonomy":"product_brand","embeddable":true,"href":"https:\/\/www.hydraulic-cylinders.net\/cs\/wp-json\/wp\/v2\/product_brand?post=15420"},{"taxonomy":"product_cat","embeddable":true,"href":"https:\/\/www.hydraulic-cylinders.net\/cs\/wp-json\/wp\/v2\/product_cat?post=15420"},{"taxonomy":"product_tag","embeddable":true,"href":"https:\/\/www.hydraulic-cylinders.net\/cs\/wp-json\/wp\/v2\/product_tag?post=15420"}],"curies":[{"name":"wp","href":"https:\/\/api.w.org\/{rel}","templated":true}]}}