{"id":15437,"date":"2025-01-19T14:31:48","date_gmt":"2025-01-19T14:31:48","guid":{"rendered":"https:\/\/www.hydraulic-cylinders.net\/product\/bucket-cylinder-for-sany-middle-excavator-sy225c-9\/"},"modified":"2025-01-19T14:31:50","modified_gmt":"2025-01-19T14:31:50","slug":"bucket-cylinder-for-sany-middle-excavator-sy225c-9","status":"publish","type":"product","link":"https:\/\/www.hydraulic-cylinders.net\/cs\/produkt\/bucket-cylinder-for-sany-middle-excavator-sy225c-9\/","title":{"rendered":"V\u00e1lec l\u017e\u00edce pro Sany Middle Excavator SY225C-9"},"content":{"rendered":"<h1>V\u00e1lec l\u017e\u00edce pro Sany Middle Excavator SY225C-9<\/h1>\n<h2>\u00davod do kore\u010dkov\u00e9ho v\u00e1lce<\/h2>\n<h3>Definice<\/h3>\n<p>Hydraulick\u00fd v\u00e1lec kope\u010dku je specializovan\u00fd hydraulick\u00fd v\u00e1lec ur\u010den\u00fd k ovl\u00e1d\u00e1n\u00ed pohybu kope\u010dk\u016f v t\u011b\u017ek\u00fdch stroj\u00edch, jako jsou bagry, r\u00fdpadlo-naklada\u010de a \u010deln\u00ed naklada\u010de. Jeho hlavn\u00ed funkc\u00ed je umo\u017enit zved\u00e1n\u00ed, spou\u0161t\u011bn\u00ed a nakl\u00e1p\u011bn\u00ed kope\u010dku, co\u017e usnad\u0148uje manipulaci s r\u016fzn\u00fdmi materi\u00e1ly. V hydraulick\u00e9m syst\u00e9mu umo\u017e\u0148uje v\u00e1lec kope\u010dku p\u0159esn\u00e9 ovl\u00e1d\u00e1n\u00ed kope\u010dku zm\u011bnou tlaku hydraulick\u00e9ho oleje, co\u017e umo\u017e\u0148uje obsluze efektivn\u011b manipulovat s t\u011b\u017ek\u00fdmi b\u0159emeny a p\u0159izp\u016fsobovat se slo\u017eit\u00e9mu pracovn\u00edmu prost\u0159ed\u00ed a rozmanit\u00fdm po\u017eadavk\u016fm na pr\u00e1ci.<\/p>\n<p><img decoding=\"async\" src=\"https:\/\/www.hydraulic-cylinders.net\/wp-content\/uploads\/2025\/01\/songte-company-2.webp\" alt=\"Obr\u00e1zek v\u00e1lce kbel\u00edku\"><\/p>\n<h2>Vlastnosti kore\u010dkov\u00e9ho v\u00e1lce<\/h2>\n<ul>\n<li>Vysok\u00e1 pevnost a odolnost: Obvykle vyrobeno z vysokopevnostn\u00ed oceli nebo hlin\u00edku, schopno odolat vysok\u00e9mu tlaku a t\u011b\u017ek\u00e9mu zat\u00ed\u017een\u00ed, p\u0159izp\u016fsobiteln\u00e9 n\u00e1ro\u010dn\u00fdm pracovn\u00edm prost\u0159ed\u00edm, navr\u017eeno pro odolnost proti opot\u0159eben\u00ed a korozi, \u010d\u00edm\u017e se prodlu\u017euje \u017eivotnost.<\/li>\n<li>Efektivn\u00ed hydraulick\u00fd provoz: Plynul\u00e9 vysouv\u00e1n\u00ed a zasouv\u00e1n\u00ed je dosa\u017eeno pomoc\u00ed tlaku hydraulick\u00e9ho oleje, kter\u00fd dok\u00e1\u017ee rychle reagovat na \u0159\u00eddic\u00ed povely a poskytuje siln\u00e9 ta\u017en\u00e9 s\u00edly, vhodn\u00e9 pro manipulaci s t\u011b\u017ek\u00fdmi b\u0159emeny a slo\u017eit\u00e9 pracovn\u00ed \u00fakoly.<\/li>\n<li>R\u016fzn\u00e9 typy: Jedno\u010dinn\u00fd (hydraulicky ovl\u00e1dan\u00fd pouze v jednom sm\u011bru) nebo dvoj\u010dinn\u00fd (hydraulicky ovl\u00e1dan\u00fd ve dvou sm\u011brech) v\u00e1lec lze zvolit dle specifick\u00fdch provozn\u00edch pot\u0159eb, n\u011bkter\u00e9 modely jsou teleskopick\u00e9, co\u017e umo\u017e\u0148uje v\u011bt\u0161\u00ed v\u00fdsuv bez zv\u011bt\u0161en\u00ed vn\u011bj\u0161\u00edch rozm\u011br\u016f, vhodn\u00e9 pro aplikace s omezen\u00fdm prostorem.<\/li>\n<\/ul>\n<p>Tento produkt dok\u00e1\u017eeme vyrobit a dokonale nahradit tyto hydraulick\u00e9 v\u00e1lce.<\/p>\n<p><img decoding=\"async\" src=\"https:\/\/www.hydraulic-cylinders.net\/wp-content\/uploads\/2025\/01\/songte-cylinder-head-with-all-kinds-excavator-models.webp\" alt=\"Obr\u00e1zek v\u00e1lce kbel\u00edku\"><\/p>\n<h2>Aplikace kore\u010dkov\u00e9ho v\u00e1lce<\/h2>\n<p>Kore\u010dkov\u00e9 v\u00e1lce se \u0161iroce pou\u017e\u00edvaj\u00ed v r\u016fzn\u00fdch t\u011b\u017ek\u00fdch stroj\u00edch. N\u00ed\u017ee uv\u00e1d\u00edme n\u011bkter\u00e9 z b\u011b\u017en\u00fdch aplikac\u00ed:<\/p>\n<h3>Stavebn\u00ed stroje<\/h3>\n<p>U bagr\u016f jsou kl\u00ed\u010dov\u00e9 pro kop\u00e1n\u00ed, nakl\u00e1d\u00e1n\u00ed a p\u0159emis\u0165ov\u00e1n\u00ed zeminy nebo suti. U rypadlo-naklada\u010d\u016f pom\u00e1h\u00e1 v\u00e1lec l\u017e\u00edce jak p\u0159i kop\u00e1n\u00ed, tak p\u0159i zved\u00e1n\u00ed. <\/p>\n<h3>Zem\u011bd\u011blsk\u00e9 stroje<\/h3>\n<p>Pou\u017e\u00edv\u00e1 se v \u010deln\u00edch naklada\u010d\u00edch pro nab\u00edr\u00e1n\u00ed, zved\u00e1n\u00ed a p\u0159epravu zeminy, sena a dal\u0161\u00edch materi\u00e1l\u016f. <\/p>\n<h3>Rypadlo<\/h3>\n<p>V\u00e1lec l\u017e\u00edce dosahuje v\u00fdkopov\u00e9ho \u00fa\u010dinku t\u00edm, \u017ee umo\u017e\u0148uje l\u017e\u00edci proniknout do p\u016fdy.<\/p>\n<h3>Naklada\u010d<\/h3>\n<p>U \u010deln\u00edch naklada\u010d\u016f pom\u00e1haj\u00ed efektivn\u011b zvedat a nakl\u00e1n\u011bt n\u00e1klad.<\/p>\n<h2>Konstruk\u010dn\u00ed aspekty a krit\u00e9ria v\u00fdb\u011bru<\/h2>\n<p>Kore\u010dkov\u00e9 v\u00e1lce jsou navr\u017eeny s ohledem na r\u016fzn\u00e9 faktory, jako je nosnost, t\u011bsn\u011bn\u00ed, trvanlivost, bezpe\u010dnost a \u00fadr\u017eba. <\/p>\n<h3>\u00danosnost<\/h3>\n<p>V\u00fdb\u011br v\u00e1lce by m\u011bl b\u00fdt zalo\u017een na hmotnosti zdv\u00edhan\u00e9ho b\u0159emene a hydraulick\u00e9m tlaku pot\u0159ebn\u00e9m k jeho zvednut\u00ed. <\/p>\n<h3>T\u011bsn\u011bn\u00ed<\/h3>\n<p>Pro zaji\u0161t\u011bn\u00ed bezprobl\u00e9mov\u00e9ho provozu lze pou\u017e\u00edt r\u016fzn\u00e9 t\u011bsnic\u00ed komponenty, jako jsou t\u011bsn\u011bn\u00ed p\u00edst\u016f a p\u00edstnic. Pro t\u011bsnic\u00ed komponenty se obvykle pou\u017e\u00edvaj\u00ed materi\u00e1ly, jako je polyuretan a nitrilov\u00e1 pry\u017e, aby se zajistila odolnost proti opot\u0159eben\u00ed. T\u011bleso v\u00e1lce a z\u00e1vitov\u00e9 konce jsou jemn\u011b opracov\u00e1ny pro zlep\u0161en\u00ed odolnosti proti opot\u0159eben\u00ed. Pro maz\u00e1n\u00ed je nutn\u00e9 pravideln\u011b p\u0159id\u00e1vat vhodn\u00fd hydraulick\u00fd olej. <\/p>\n<h3>Trvanlivost<\/h3>\n<p>V\u00e1lec by m\u011bl b\u00fdt navr\u017een tak, aby odolal drsn\u00fdm podm\u00ednk\u00e1m prost\u0159ed\u00ed a opot\u0159eben\u00ed. <\/p>\n<h3>Bezpe\u010dnost a \u00fadr\u017eba<\/h3>\n<p>Kore\u010dkov\u00e9 v\u00e1lce by m\u011bly b\u00fdt navr\u017eeny s bezpe\u010dnostn\u00edmi prvky, jako jsou p\u0159etlakov\u00e9 ventily a pr\u016ftr\u017en\u00e9 membr\u00e1ny, aby se zabr\u00e1nilo p\u0159et\u00ed\u017een\u00ed. \u00dadr\u017eba a opravy by m\u011bly b\u00fdt usnadn\u011bny konstrukc\u00ed v\u00e1lc\u016f s p\u0159\u00edstupn\u00fdmi komponenty, snadno odn\u00edmateln\u00fdmi d\u00edly a vym\u011bniteln\u00fdmi t\u011bsn\u011bn\u00edmi. <\/p>\n<p><img decoding=\"async\" src=\"https:\/\/www.hydraulic-cylinders.net\/wp-content\/uploads\/2025\/01\/songte-oil-pipes-and-spare-parts.webp\" alt=\"Obr\u00e1zek v\u00e1lce kbel\u00edku\"><\/p>\n<h2>\u00dadr\u017eba a opravy<\/h2>\n<p>Pravideln\u00e1 \u00fadr\u017eba a opravy kore\u010dkov\u00fdch v\u00e1lc\u016f jsou nezbytn\u00e9 pro zaji\u0161t\u011bn\u00ed optim\u00e1ln\u00edho v\u00fdkonu a dlouh\u00e9 \u017eivotnosti. N\u00ed\u017ee uv\u00e1d\u00edme n\u011bkter\u00e9 b\u011b\u017en\u00e9 \u00fakony \u00fadr\u017eby:<\/p>\n<h3>Pravideln\u00e1 kontrola<\/h3>\n<p>Pravideln\u011b by se m\u011bla prov\u00e1d\u011bt kontrola v\u00e1lce, aby se zjistilo jak\u00e9koli po\u0161kozen\u00ed nebo opot\u0159eben\u00ed t\u011bsn\u011bn\u00ed a dal\u0161\u00edch sou\u010d\u00e1st\u00ed. <\/p>\n<h3>Maz\u00e1n\u00ed<\/h3>\n<p>Spr\u00e1vn\u00e9 maz\u00e1n\u00ed je nezbytn\u00e9 pro zaji\u0161t\u011bn\u00ed hladk\u00e9ho chodu v\u00e1lce. Nedostate\u010dn\u00e9 maz\u00e1n\u00ed m\u016f\u017ee zp\u016fsobit po\u0161kozen\u00ed a zkr\u00e1tit \u017eivotnost.<\/p>\n<h3>V\u00fdm\u011bna t\u011bsn\u011bn\u00ed a kontrola kalibrace<\/h3>\n<p>T\u011bsn\u011bn\u00ed by m\u011bla b\u00fdt pravideln\u011b vym\u011b\u0148ov\u00e1na, aby se zabr\u00e1nilo net\u011bsnostem. M\u011bly by b\u00fdt tak\u00e9 prov\u00e1d\u011bny kalibra\u010dn\u00ed kontroly, aby se zajistilo spr\u00e1vn\u00e9 um\u00edst\u011bn\u00ed v\u00e1lce. <\/p>\n<p><img decoding=\"async\" src=\"https:\/\/www.hydraulic-cylinders.net\/wp-content\/uploads\/2025\/01\/songte-chushion-collar.webp\" alt=\"Obr\u00e1zek v\u00e1lce kbel\u00edku\"><\/p>\n<h2>Bezpe\u010dnostn\u00ed aspekty a faktory prost\u0159ed\u00ed<\/h2>\n<p>Kore\u010dkov\u00e9 v\u00e1lce by m\u011bly b\u00fdt provozov\u00e1ny s ohledem na bezpe\u010dnost. Aby se zabr\u00e1nilo p\u0159et\u00ed\u017een\u00ed a n\u00e1hodn\u00e9mu po\u0161kozen\u00ed, m\u011bla by b\u00fdt pou\u017eita bezpe\u010dnostn\u00ed opat\u0159en\u00ed, jako jsou p\u0159etlakov\u00e9 ventily a pojistn\u00e9 membr\u00e1ny. <\/p>\n<h2>Odstra\u0148ov\u00e1n\u00ed probl\u00e9m\u016f a b\u011b\u017en\u00e9 probl\u00e9my<\/h2>\n<p>Mezi b\u011b\u017en\u00e9 probl\u00e9my, kter\u00e9 se mohou vyskytnout u kore\u010dkov\u00fdch v\u00e1lc\u016f, pat\u0159\u00ed \u00faniky kapaliny, posun v\u00e1lce a sn\u00ed\u017een\u00fd v\u00fdkon. Pro diagnostiku a \u0159e\u0161en\u00ed t\u011bchto probl\u00e9m\u016f je d\u016fle\u017eit\u00e9 v\u00e1lec \u0159\u00e1dn\u011b kontrolovat a udr\u017eovat.<\/p>\n<h2>O na\u0161\u00ed spole\u010dnosti<\/h2>\n<p>Jsme v\u00fdrobcem n\u00e1hradn\u00edch hydraulick\u00fdch v\u00e1lc\u016f. Na\u0161e spole\u010dnost nab\u00edz\u00ed \u0161irokou \u0161k\u00e1lu produkt\u016f a stala se jedn\u00edm z p\u0159edn\u00edch v\u00fdrobc\u016f a velkoobchodn\u00edk\u016f s hydraulick\u00fdmi v\u00e1lci na dom\u00e1c\u00edm i mezin\u00e1rodn\u00edm trhu. \u0158\u00edd\u00edme se principem vynikaj\u00edc\u00ed kvality a spol\u00e9h\u00e1me na strategii industrializovan\u00e9ho \u0159\u00edzen\u00ed v\u00fdroby sofistikovan\u00e9 v\u00fdrobn\u00ed d\u00edlny. Neust\u00e1le vylep\u0161ujeme na\u0161i v\u00fdrobn\u00ed platformu, zdokonalujeme v\u00fdrobn\u00ed postupy pro zaji\u0161t\u011bn\u00ed kvality na\u0161ich produkt\u016f a m\u00e1me siln\u00e9 tv\u016fr\u010d\u00ed schopnosti. Spl\u0148ujeme rozmanit\u00e9 pot\u0159eby na\u0161ich z\u00e1kazn\u00edk\u016f s vysokou efektivitou, vysokou p\u0159esnost\u00ed a vysokou kvalitou. <\/p>\n<p><img decoding=\"async\" src=\"https:\/\/hzpt.com\/wp-content\/uploads\/2024\/11\/songte-company-1.webp\" alt=\"Obr\u00e1zek v\u00e1lce kbel\u00edku\"><\/p>\n<h3>Profesionalita<\/h3>\n<p>N\u00e1\u0161 t\u00fdm se skl\u00e1d\u00e1 ze zku\u0161en\u00fdch profesion\u00e1l\u016f, kte\u0159\u00ed se zav\u00e1zali poskytovat na\u0161im z\u00e1kazn\u00edk\u016fm produkty a slu\u017eby nejvy\u0161\u0161\u00ed kvality. <\/p>\n<h3>Mezin\u00e1rodn\u00ed certifikace<\/h3>\n<p>Na\u0161e v\u00fdrobky jsou certifikov\u00e1ny podle mezin\u00e1rodn\u00edch norem, jako jsou ISO, CE a RoHS, co\u017e zaru\u010duje, \u017ee spl\u0148uj\u00ed nejvy\u0161\u0161\u00ed standardy kvality a bezpe\u010dnosti. <\/p>\n<h3>Slu\u017eby p\u0159izp\u016fsoben\u00ed<\/h3>\n<p>Dod\u00e1v\u00e1me hydraulick\u00e9 v\u00e1lce na m\u00edru dle specifick\u00fdch pot\u0159eb a po\u017eadavk\u016f na\u0161ich z\u00e1kazn\u00edk\u016f.<\/p>\n<h3>V\u00fdrobn\u00ed za\u0159\u00edzen\u00ed<\/h3>\n<p>Na\u0161e spole\u010dnost vyu\u017e\u00edv\u00e1 nejmodern\u011bj\u0161\u00ed digit\u00e1ln\u00ed v\u00fdrobn\u00ed za\u0159\u00edzen\u00ed a profesion\u00e1ln\u00ed testovac\u00ed syst\u00e9my, abychom zajistili, \u017ee na\u0161e produkty spl\u0148uj\u00ed p\u0159\u00edsn\u00e9 standardy kontroly kvality.<\/p>\n<h3>Poprodejn\u00ed slu\u017eby<\/h3>\n<p>Z\u00e1kazn\u00edk\u016fm poskytujeme komplexn\u00ed poprodejn\u00ed servis, v\u010detn\u011b oprav a \u00fadr\u017eby, n\u00e1hradn\u00edch d\u00edl\u016f a repas\u00ed, jako\u017e i technickou podporu a \u0159e\u0161en\u00ed probl\u00e9m\u016f. <\/p>\n<p>Autor: lyl<\/p>\n<p><img decoding=\"async\" src=\"https:\/\/www.hydraulic-cylinders.net\/wp-content\/uploads\/2025\/01\/songte-bushings-with-all-kinds-of-excavator-models.webp\" alt=\"Obr\u00e1zek v\u00e1lce kbel\u00edku\"><\/p>","protected":false},"excerpt":{"rendered":"<p>Bucket Cylinder For Sany Middle Excavator SY225C-9 Introduction to Bucket Cylinder Definition A bucket cylinder is a specialized hydraulic cylinder designed to control the movement of buckets in heavy machinery such as excavators, backhoe loaders and front-end loaders. Its main function is to enable the bucket to lift, lower and tilt, making it easier to [&hellip;]<\/p>","protected":false},"featured_media":14782,"comment_status":"open","ping_status":"closed","template":"","meta":{"_et_pb_use_builder":"","_et_pb_old_content":"","_et_gb_content_width":""},"product_brand":[],"product_cat":[1494],"product_tag":[1495,1496],"class_list":{"0":"post-15437","1":"product","2":"type-product","3":"status-publish","4":"has-post-thumbnail","6":"product_cat-bucket-cylinders","7":"product_tag-bucket-cylinders","8":"product_tag-hydraulic-cylinders","10":"first","11":"instock","12":"shipping-taxable","13":"product-type-simple"},"amp_enabled":true,"_links":{"self":[{"href":"https:\/\/www.hydraulic-cylinders.net\/cs\/wp-json\/wp\/v2\/product\/15437","targetHints":{"allow":["GET"]}}],"collection":[{"href":"https:\/\/www.hydraulic-cylinders.net\/cs\/wp-json\/wp\/v2\/product"}],"about":[{"href":"https:\/\/www.hydraulic-cylinders.net\/cs\/wp-json\/wp\/v2\/types\/product"}],"replies":[{"embeddable":true,"href":"https:\/\/www.hydraulic-cylinders.net\/cs\/wp-json\/wp\/v2\/comments?post=15437"}],"wp:featuredmedia":[{"embeddable":true,"href":"https:\/\/www.hydraulic-cylinders.net\/cs\/wp-json\/wp\/v2\/media\/14782"}],"wp:attachment":[{"href":"https:\/\/www.hydraulic-cylinders.net\/cs\/wp-json\/wp\/v2\/media?parent=15437"}],"wp:term":[{"taxonomy":"product_brand","embeddable":true,"href":"https:\/\/www.hydraulic-cylinders.net\/cs\/wp-json\/wp\/v2\/product_brand?post=15437"},{"taxonomy":"product_cat","embeddable":true,"href":"https:\/\/www.hydraulic-cylinders.net\/cs\/wp-json\/wp\/v2\/product_cat?post=15437"},{"taxonomy":"product_tag","embeddable":true,"href":"https:\/\/www.hydraulic-cylinders.net\/cs\/wp-json\/wp\/v2\/product_tag?post=15437"}],"curies":[{"name":"wp","href":"https:\/\/api.w.org\/{rel}","templated":true}]}}