{"id":15440,"date":"2025-01-19T14:32:00","date_gmt":"2025-01-19T14:32:00","guid":{"rendered":"https:\/\/www.hydraulic-cylinders.net\/product\/bucket-cylinder-for-sany-middle-excavator-sy205c-9\/"},"modified":"2025-01-19T14:32:02","modified_gmt":"2025-01-19T14:32:02","slug":"bucket-cylinder-for-sany-middle-excavator-sy205c-9","status":"publish","type":"product","link":"https:\/\/www.hydraulic-cylinders.net\/cs\/produkt\/bucket-cylinder-for-sany-middle-excavator-sy205c-9\/","title":{"rendered":"V\u00e1lec l\u017e\u00edce pro Sany Middle Excavator SY205C-9"},"content":{"rendered":"<h1>V\u00e1lec l\u017e\u00edce pro Sany Middle Excavator SY205C-9<\/h1>\n<h2>Zaveden\u00ed<\/h2>\n<h3>Definice<\/h3>\n<p>Hydraulick\u00fd v\u00e1lec kope\u010dku je typ specializovan\u00e9ho hydraulick\u00e9ho v\u00e1lce, kter\u00fd se pou\u017e\u00edv\u00e1 hlavn\u011b k ovl\u00e1d\u00e1n\u00ed pohybu kope\u010dku v t\u011b\u017ek\u00fdch stroj\u00edch, jako jsou bagry, rypadla-naklada\u010de a \u010deln\u00ed naklada\u010de. Jeho prim\u00e1rn\u00ed funkc\u00ed je umo\u017enit zved\u00e1n\u00ed, spou\u0161t\u011bn\u00ed a nakl\u00e1p\u011bn\u00ed kope\u010dku, co\u017e usnad\u0148uje manipulaci s r\u016fzn\u00fdmi materi\u00e1ly. V hydraulick\u00e9m syst\u00e9mu dosahuje v\u00e1lec kope\u010dku p\u0159esn\u00e9ho ovl\u00e1d\u00e1n\u00ed kope\u010dku zm\u011bnami tlaku hydraulick\u00e9ho oleje, co\u017e umo\u017e\u0148uje obsluze efektivn\u011b manipulovat s t\u011b\u017ek\u00fdmi b\u0159emeny a p\u0159izp\u016fsobovat se slo\u017eit\u00fdm pracovn\u00edm prost\u0159ed\u00edm a rozmanit\u00fdm provozn\u00edm po\u017eadavk\u016fm.<\/p>\n<p><center><img decoding=\"async\" src=\"https:\/\/www.hydraulic-cylinders.net\/wp-content\/uploads\/2025\/01\/songte-company-2.webp\"><\/center><\/p>\n<h2>Funkce<\/h2>\n<ul>\n<li>Vysok\u00e1 pevnost a odolnost: obvykle vyrobeny z vysokopevnostn\u00ed oceli nebo hlin\u00edku, schopny odolat vysok\u00e9mu tlaku a t\u011b\u017ek\u00e9mu zat\u00ed\u017een\u00ed, p\u0159izp\u016fsobit se n\u00e1ro\u010dn\u00e9mu pracovn\u00edmu prost\u0159ed\u00ed a navr\u017eeny s ohledem na odolnost proti opot\u0159eben\u00ed a korozi pro prodlou\u017een\u00ed \u017eivotnosti.<\/li>\n<li>Efektivn\u00ed hydraulick\u00fd provoz: vyu\u017e\u00edv\u00e1 tlak hydraulick\u00e9ho oleje k dosa\u017een\u00ed plynul\u00e9ho vysouv\u00e1n\u00ed a zasouv\u00e1n\u00ed, je schopen rychle reagovat na \u0159\u00eddic\u00ed povely a poskytuje silnou tla\u010dnou a ta\u017enou s\u00edlu, vhodn\u00fd pro manipulaci s t\u011b\u017ek\u00fdmi b\u0159emeny a slo\u017eit\u00e9 provozn\u00ed \u00fakoly.<\/li>\n<li>R\u016fzn\u00e9 typy: lze volit mezi jedno\u010dinn\u00fdmi (hydraulicky ovl\u00e1dan\u00e9 pouze v jednom sm\u011bru) nebo dvoj\u010dinn\u00fdmi (hydraulicky ovl\u00e1dan\u00e9 v obou sm\u011brech) v\u00e1lci dle provozn\u00edch pot\u0159eb, n\u011bkter\u00e9 modely jsou teleskopick\u00e9, co\u017e umo\u017e\u0148uje v\u011bt\u0161\u00ed vysunut\u00ed bez zv\u011bt\u0161en\u00ed vn\u011bj\u0161\u00edch rozm\u011br\u016f, vhodn\u00e9 pro aplikace s omezen\u00fdm prostorem.<\/li>\n<\/ul>\n<p><center><img decoding=\"async\" src=\"https:\/\/www.hydraulic-cylinders.net\/wp-content\/uploads\/2025\/01\/songte-cylinder-head-with-all-kinds-excavator-models.webp\"><\/center><\/p>\n<h2>Aplikace<\/h2>\n<p>Kore\u010dkov\u00fd v\u00e1lec se \u0161iroce pou\u017e\u00edv\u00e1 v r\u016fzn\u00fdch pr\u016fmyslov\u00fdch oblastech, mimo jin\u00e9:<\/p>\n<h3>Stavebn\u00ed stroje<\/h3>\n<p>U bagr\u016f jsou kl\u00ed\u010dov\u00e9 pro kop\u00e1n\u00ed, nakl\u00e1d\u00e1n\u00ed a p\u0159emis\u0165ov\u00e1n\u00ed zeminy nebo suti. U rypadlo-naklada\u010d\u016f pom\u00e1h\u00e1 v\u00e1lec l\u017e\u00edce jak p\u0159i kop\u00e1n\u00ed, tak p\u0159i zved\u00e1n\u00ed. U \u010deln\u00edch naklada\u010d\u016f \u00fa\u010dinn\u011b pom\u00e1haj\u00ed p\u0159i zved\u00e1n\u00ed a nakl\u00e1p\u011bn\u00ed zbo\u017e\u00ed.<\/p>\n<h3>Zem\u011bd\u011blsk\u00e9 stroje<\/h3>\n<p>Pou\u017e\u00edv\u00e1 se pro \u010deln\u00ed naklada\u010de, nab\u00edr\u00e1n\u00ed, zved\u00e1n\u00ed a p\u0159epravu zeminy, sena a dal\u0161\u00edch materi\u00e1l\u016f. U bagr\u016f umo\u017e\u0148uje v\u00e1lec l\u017e\u00edce kop\u00e1n\u00ed t\u00edm, \u017ee umo\u017e\u0148uje l\u017e\u00edci proniknout do p\u016fdy. U \u010deln\u00edch naklada\u010d\u016f pom\u00e1haj\u00ed efektivn\u011b zvedat a vykl\u00e1dat zbo\u017e\u00ed.<\/p>\n<h3>Pr\u016fmyslov\u00e9 vybaven\u00ed<\/h3>\n<p>V pr\u016fmyslov\u00fdch za\u0159\u00edzen\u00edch se pou\u017e\u00edvaj\u00ed ke zved\u00e1n\u00ed a p\u0159emis\u0165ov\u00e1n\u00ed t\u011b\u017ek\u00fdch b\u0159emen, nap\u0159\u00edklad v je\u0159\u00e1bech a vysokozdvi\u017en\u00fdch voz\u00edkech, a tak\u00e9 ve v\u00fdrobn\u00edch a zpracovatelsk\u00fdch za\u0159\u00edzen\u00edch pro manipulaci se surovinami a hotov\u00fdmi v\u00fdrobky.<\/p>\n<h2>Krit\u00e9ria n\u00e1vrhu a v\u00fdb\u011bru<\/h2>\n<h3>Nosnost<\/h3>\n<p>Kl\u00ed\u010dov\u00fdm hlediskem p\u0159i navrhov\u00e1n\u00ed kore\u010dkov\u00fdch v\u00e1lc\u016f je jejich nosnost. Je nutn\u00e9 zajistit, aby v\u00e1lec byl dostate\u010dn\u011b pevn\u00fd, aby unesl hmotnost zvedan\u00e9ho nebo p\u0159epravovan\u00e9ho materi\u00e1lu, stejn\u011b jako hmotnost samotn\u00e9ho kbel\u00edku. Nosnost v\u00e1lce mus\u00ed b\u00fdt vyv\u00e1\u017eena s dal\u0161\u00edmi faktory, jako je velikost, hmotnost a cena, aby bylo zaji\u0161t\u011bno optim\u00e1ln\u00ed konstruk\u010dn\u00ed \u0159e\u0161en\u00ed.<\/p>\n<h3>T\u011bsn\u011bn\u00ed, Trvanlivost, Bezpe\u010dnost<\/h3>\n<p>T\u011bsn\u011bn\u00ed, trvanlivost a bezpe\u010dnost v\u00e1lce jsou tak\u00e9 z\u00e1sadn\u00edmi konstruk\u010dn\u00edmi aspekty. Mus\u00ed b\u00fdt pou\u017eita vysoce kvalitn\u00ed t\u011bsn\u011bn\u00ed a materi\u00e1ly, aby se zabr\u00e1nilo \u00fanik\u016fm a zajistila se jeho \u017eivotnost. V\u00e1lec mus\u00ed b\u00fdt tak\u00e9 navr\u017een tak, aby odolal n\u00e1ro\u010dn\u00e9mu pracovn\u00edmu prost\u0159ed\u00ed, aby se snadno udr\u017eoval a byl bezpe\u010dn\u00fd p\u0159i provozu. Konstrukce v\u00e1lce mus\u00ed tak\u00e9 zahrnovat bezpe\u010dnostn\u00ed prvky, jako je ochrana proti p\u0159et\u00ed\u017een\u00ed a syst\u00e9my nouzov\u00e9ho zastaven\u00ed, aby byla zaji\u0161t\u011bna bezpe\u010dnost obsluhy.<\/p>\n<p><center><img decoding=\"async\" src=\"https:\/\/www.hydraulic-cylinders.net\/wp-content\/uploads\/2025\/01\/songte-oil-pipes-and-spare-parts.webp\"><\/center><\/p>\n<h2>T\u011bsn\u011bn\u00ed a maz\u00e1n\u00ed<\/h2>\n<p>Kore\u010dkov\u00fd v\u00e1lec vy\u017eaduje r\u016fzn\u00e9 t\u011bsnic\u00ed komponenty, jako jsou t\u011bsn\u011bn\u00ed p\u00edstu, t\u011bsn\u011bn\u00ed p\u00edstnice atd. Tato t\u011bsn\u011bn\u00ed poskytuj\u00ed bezpe\u010dn\u00e9 a spolehliv\u00e9 ut\u011bsn\u011bn\u00ed, kter\u00e9 zabra\u0148uje \u00fanik\u016fm a zaji\u0161\u0165uje hladk\u00fd provoz. T\u011bsn\u011bn\u00ed jsou vyrobena z materi\u00e1l\u016f odoln\u00fdch proti opot\u0159eben\u00ed, jako je polyuretan a nitrilov\u00e1 pry\u017e, kter\u00e9 jsou vybr\u00e1ny na z\u00e1klad\u011b specifick\u00fdch po\u017eadavk\u016f pou\u017eit\u00ed v\u00e1lce. V\u00e1lec mus\u00ed b\u00fdt maz\u00e1n hydraulick\u00fdm olejem, kter\u00fd by se m\u011bl pravideln\u011b m\u011bnit, aby se udr\u017eel optim\u00e1ln\u00ed v\u00fdkon.<\/p>\n<h2>\u00dadr\u017eba a opravy<\/h2>\n<p>Pravideln\u00e1 \u00fadr\u017eba a kontrola jsou nezbytn\u00e9 pro zaji\u0161t\u011bn\u00ed spr\u00e1vn\u00e9ho provozu kore\u010dkov\u00e9ho v\u00e1lce. Mezi b\u011b\u017en\u00e9 \u00fakony \u00fadr\u017eby pat\u0159\u00ed maz\u00e1n\u00ed, v\u00fdm\u011bna t\u011bsn\u011bn\u00ed a kontrola kalibrace. Je nezbytn\u00e9 v\u00e1lec spr\u00e1vn\u011b nainstalovat, spr\u00e1vn\u011b ho vyrovnat a k jeho upevn\u011bn\u00ed pou\u017e\u00edt vhodn\u00e9 mont\u00e1\u017en\u00ed konzoly.<\/p>\n<h3>Doporu\u010den\u00e9 \u00fakoly \u00fadr\u017eby<\/h3>\n<ul>\n<li>Pravideln\u00e1 kontrola a maz\u00e1n\u00ed<\/li>\n<li>V\u00fdm\u011bna t\u011bsn\u011bn\u00ed<\/li>\n<li>Kalibra\u010dn\u00ed kontroly<\/li>\n<\/ul>\n<p><center><img decoding=\"async\" src=\"https:\/\/www.hydraulic-cylinders.net\/wp-content\/uploads\/2025\/01\/songte-chushion-collar.webp\"><\/center><\/p>\n<h2>Bezpe\u010dnostn\u00ed aspekty a faktory prost\u0159ed\u00ed<\/h2>\n<p>P\u0159i pou\u017e\u00edv\u00e1n\u00ed kore\u010dkov\u00e9ho v\u00e1lce je nutn\u00e9 dodr\u017eovat bezpe\u010dnostn\u00ed opat\u0159en\u00ed, aby se p\u0159ede\u0161lo nehod\u00e1m. Obsluha mus\u00ed absolvovat odpov\u00eddaj\u00edc\u00ed \u0161kolen\u00ed o pou\u017e\u00edv\u00e1n\u00ed v\u00e1lce a bezpe\u010dnostn\u00edch prvc\u00edch, jako je ochrana proti p\u0159et\u00ed\u017een\u00ed a syst\u00e9my nouzov\u00e9ho zastaven\u00ed. Na v\u00fdkon v\u00e1lce mohou m\u00edt vliv i faktory prost\u0159ed\u00ed, jako je teplota a vlhkost, a proto je nutn\u00e9 je zohlednit p\u0159i n\u00e1vrhu, provozu a \u00fadr\u017eb\u011b v\u00e1lce.<\/p>\n<h2>B\u011b\u017en\u00e9 probl\u00e9my a jejich \u0159e\u0161en\u00ed<\/h2>\n<p>Mezi b\u011b\u017en\u00e9 probl\u00e9my, kter\u00e9 mohou u kore\u010dkov\u00fdch v\u00e1lc\u016f nastat, pat\u0159\u00ed net\u011bsnosti, po\u0161kozen\u00ed t\u011blesa v\u00e1lce nebo t\u011bsn\u011bn\u00ed a ztr\u00e1ta tlaku. \u0158e\u0161en\u00ed t\u011bchto probl\u00e9m\u016f vy\u017eaduje d\u016fkladn\u00e9 pochopen\u00ed konstrukce a princip\u016f fungov\u00e1n\u00ed v\u00e1lce. Pravideln\u00e1 \u00fadr\u017eba a kontrola mohou pomoci t\u011bmto probl\u00e9m\u016fm p\u0159edej\u00edt.<\/p>\n<p><center><img decoding=\"async\" src=\"https:\/\/www.hydraulic-cylinders.net\/wp-content\/uploads\/2025\/01\/songte-bushings-with-all-kinds-of-excavator-models.webp\"><\/center><\/p>\n<h2>O n\u00e1s<\/h2>\n<p>Jsme p\u0159edn\u00edm v\u00fdrobcem a velkoobchodn\u00edm distributorem hydraulick\u00fdch v\u00e1lc\u016f na dom\u00e1c\u00edm i mezin\u00e1rodn\u00edm trhu. Na\u0161e produkty jsou komplexn\u00ed v kategori\u00edch a spl\u0148uj\u00ed mezin\u00e1rodn\u00ed certifika\u010dn\u00ed standardy. Dodr\u017eujeme princip vynikaj\u00edc\u00ed kvality a spol\u00e9h\u00e1me se na industrializovan\u00e9 strategie \u0159\u00edzen\u00ed v\u00fdroby zdokonalen\u00fdch v\u00fdrobn\u00edch d\u00edlen. Neust\u00e1le vylep\u0161ujeme na\u0161i v\u00fdrobn\u00ed platformu a zdokonalujeme na\u0161e v\u00fdrobn\u00ed linky zam\u011b\u0159uj\u00edc\u00ed se na kvalitu produkt\u016f pomoc\u00ed technick\u00fdch talent\u016f, \u0161pi\u010dkov\u00e9ho digit\u00e1ln\u00edho v\u00fdrobn\u00edho za\u0159\u00edzen\u00ed a profesion\u00e1ln\u00edch testovac\u00edch syst\u00e9m\u016f. Disponujeme silnou kreativitou a efektivitou, vysokou p\u0159esnost\u00ed a kvalitou a dok\u00e1\u017eeme uspokojit rozmanit\u00e9 pot\u0159eby z\u00e1kazn\u00edk\u016f. Poskytujeme z\u00e1kazn\u00edk\u016fm slu\u017eby na m\u00edru, v\u010detn\u011b n\u00e1vrhu, v\u00fdvoje, testov\u00e1n\u00ed a poprodejn\u00edch slu\u017eeb, abychom zajistili optim\u00e1ln\u00ed v\u00fdkon a dlouhou \u017eivotnost produkt\u016f.<\/p>\n<h3>Profesionalita<\/h3>\n<p>N\u00e1\u0161 t\u00fdm profesion\u00e1l\u016f m\u00e1 dlouholet\u00e9 zku\u0161enosti s n\u00e1vrhem, v\u00fdrobou a testov\u00e1n\u00edm hydraulick\u00fdch v\u00e1lc\u016f. Jsme odhodl\u00e1ni poskytovat na\u0161im z\u00e1kazn\u00edk\u016fm nejlep\u0161\u00ed mo\u017en\u00e1 \u0159e\u0161en\u00ed, kter\u00e1 spl\u0148uj\u00ed jejich jedine\u010dn\u00e9 pot\u0159eby.<\/p>\n<h3>Mezin\u00e1rodn\u00ed certifikace<\/h3>\n<p>Na\u0161e v\u00fdrobky pro\u0161ly r\u016fzn\u00fdmi mezin\u00e1rodn\u00edmi certifika\u010dn\u00edmi normami, jako jsou CE, ISO a SGS. D\u00edky na\u0161emu z\u00e1vazku ke kvalit\u011b si vydobyli pov\u011bst d\u016fv\u011bryhodn\u00e9ho a spolehliv\u00e9ho dodavatele hydraulick\u00fdch v\u00e1lc\u016f.<\/p>\n<h3>Slu\u017eby p\u0159izp\u016fsoben\u00ed<\/h3>\n<p>Nab\u00edz\u00edme slu\u017eby na m\u00edru, kter\u00e9 spl\u0148uj\u00ed specifick\u00e9 po\u017eadavky na\u0161ich z\u00e1kazn\u00edk\u016f, v\u010detn\u011b n\u00e1vrhu, v\u00fdvoje, testov\u00e1n\u00ed a poprodejn\u00edho servisu. N\u00e1\u0161 t\u00fdm odborn\u00edk\u016f \u00fazce spolupracuje se z\u00e1kazn\u00edky, aby zajistil spln\u011bn\u00ed jejich pot\u0159eb v pr\u016fb\u011bhu cel\u00e9ho procesu.<\/p>\n<h3>V\u00fdrobn\u00ed za\u0159\u00edzen\u00ed<\/h3>\n<p>Zna\u010dn\u011b jsme investovali do modern\u00edho v\u00fdrobn\u00edho za\u0159\u00edzen\u00ed, jako jsou CNC stroje, testovac\u00ed za\u0159\u00edzen\u00ed a kontroln\u00ed n\u00e1stroje, abychom zajistili, \u017ee na\u0161e produkty spl\u0148uj\u00ed nejvy\u0161\u0161\u00ed standardy kvality.<\/p>\n<h3>Poprodejn\u00ed servis<\/h3>\n<p>Poskytujeme poprodejn\u00ed servis, kter\u00fd zahrnuje technickou podporu, n\u00e1hradn\u00ed d\u00edly a opravy, abychom zajistili, \u017ee hydraulick\u00e9 v\u00e1lce na\u0161ich z\u00e1kazn\u00edk\u016f budou fungovat s maxim\u00e1ln\u00edm v\u00fdkonem po del\u0161\u00ed dobu.<\/p>\n<p><center><img decoding=\"async\" src=\"https:\/\/www.hydraulic-cylinders.net\/wp-content\/uploads\/2024\/11\/songte-company-1.webp\"><\/center><\/p>\n<p>Autor lyl<\/p>","protected":false},"excerpt":{"rendered":"<p>Bucket Cylinder For Sany Middle Excavator SY205C-9 Introduction Definition A bucket cylinder is a type of specialized hydraulic cylinder mainly used to control the movement of the bucket in heavy machinery, such as excavators, backhoe loaders, and front-end loaders. Its primary function is to enable the bucket to lift, lower, and tilt, making it easier [&hellip;]<\/p>","protected":false},"featured_media":14776,"comment_status":"open","ping_status":"closed","template":"","meta":{"_et_pb_use_builder":"","_et_pb_old_content":"","_et_gb_content_width":""},"product_brand":[],"product_cat":[1494],"product_tag":[1495,1496],"class_list":{"0":"post-15440","1":"product","2":"type-product","3":"status-publish","4":"has-post-thumbnail","6":"product_cat-bucket-cylinders","7":"product_tag-bucket-cylinders","8":"product_tag-hydraulic-cylinders","10":"first","11":"instock","12":"shipping-taxable","13":"product-type-simple"},"amp_enabled":true,"_links":{"self":[{"href":"https:\/\/www.hydraulic-cylinders.net\/cs\/wp-json\/wp\/v2\/product\/15440","targetHints":{"allow":["GET"]}}],"collection":[{"href":"https:\/\/www.hydraulic-cylinders.net\/cs\/wp-json\/wp\/v2\/product"}],"about":[{"href":"https:\/\/www.hydraulic-cylinders.net\/cs\/wp-json\/wp\/v2\/types\/product"}],"replies":[{"embeddable":true,"href":"https:\/\/www.hydraulic-cylinders.net\/cs\/wp-json\/wp\/v2\/comments?post=15440"}],"wp:featuredmedia":[{"embeddable":true,"href":"https:\/\/www.hydraulic-cylinders.net\/cs\/wp-json\/wp\/v2\/media\/14776"}],"wp:attachment":[{"href":"https:\/\/www.hydraulic-cylinders.net\/cs\/wp-json\/wp\/v2\/media?parent=15440"}],"wp:term":[{"taxonomy":"product_brand","embeddable":true,"href":"https:\/\/www.hydraulic-cylinders.net\/cs\/wp-json\/wp\/v2\/product_brand?post=15440"},{"taxonomy":"product_cat","embeddable":true,"href":"https:\/\/www.hydraulic-cylinders.net\/cs\/wp-json\/wp\/v2\/product_cat?post=15440"},{"taxonomy":"product_tag","embeddable":true,"href":"https:\/\/www.hydraulic-cylinders.net\/cs\/wp-json\/wp\/v2\/product_tag?post=15440"}],"curies":[{"name":"wp","href":"https:\/\/api.w.org\/{rel}","templated":true}]}}