{"id":15449,"date":"2025-01-19T14:32:42","date_gmt":"2025-01-19T14:32:42","guid":{"rendered":"https:\/\/www.hydraulic-cylinders.net\/product\/bucket-cylinder-for-sany-large-excavator-sy700h-8\/"},"modified":"2025-01-19T14:32:44","modified_gmt":"2025-01-19T14:32:44","slug":"bucket-cylinder-for-sany-large-excavator-sy700h-8","status":"publish","type":"product","link":"https:\/\/www.hydraulic-cylinders.net\/cs\/produkt\/bucket-cylinder-for-sany-large-excavator-sy700h-8\/","title":{"rendered":"V\u00e1lec kope\u010dku pro velk\u00e9 rypadlo Sany SY700H-8"},"content":{"rendered":"<h1>V\u00e1lec kope\u010dku pro velk\u00e9 rypadlo Sany SY700H-8<\/h1>\n<h2>Zaveden\u00ed<\/h2>\n<p>Hydraulick\u00fd v\u00e1lec l\u017e\u00edce pro velk\u00e9 rypadlo Sany SY700H-8 je speci\u00e1ln\u011b navr\u017een\u00fd hydraulick\u00fd v\u00e1lec pou\u017e\u00edvan\u00fd k ovl\u00e1d\u00e1n\u00ed pohybu l\u017e\u00edce v t\u011b\u017ek\u00fdch stroj\u00edch, jako jsou rypadla, bagry a \u010deln\u00ed naklada\u010de. Jeho hlavn\u00ed funkc\u00ed je umo\u017enit l\u017e\u00edci zved\u00e1n\u00ed, spou\u0161t\u011bn\u00ed a nakl\u00e1p\u011bn\u00ed, d\u00edky \u010demu\u017e je vhodn\u00e1 pro r\u016fzn\u00e9 \u00fakoly manipulace s materi\u00e1lem. V hydraulick\u00e9m syst\u00e9mu dosahuje v\u00e1lec l\u017e\u00edce p\u0159esn\u00e9ho ovl\u00e1d\u00e1n\u00ed pohybu l\u017e\u00edce zm\u011bnami tlaku hydraulick\u00e9ho oleje, co\u017e umo\u017e\u0148uje obsluze efektivn\u011b manipulovat s t\u011b\u017ek\u00fdmi b\u0159emeny a p\u0159izp\u016fsobovat se slo\u017eit\u00fdm pracovn\u00edm prost\u0159ed\u00edm a rozmanit\u00fdm provozn\u00edm pot\u0159eb\u00e1m.<\/p>\n<p><img decoding=\"async\" src=\"https:\/\/www.hydraulic-cylinders.net\/wp-content\/uploads\/2025\/01\/songte-company-2.webp\" alt=\"Obr\u00e1zek v\u00e1lce kbel\u00edku\"><\/p>\n<h2>Funkce<\/h2>\n<ul>\n<li>Vysok\u00e1 pevnost a odolnost: obvykle vyrobeno z vysokopevnostn\u00ed oceli nebo hlin\u00edku, schopno odolat vysok\u00e9mu tlaku a t\u011b\u017ek\u00e9mu zat\u00ed\u017een\u00ed, navr\u017eeno s ohledem na odolnost proti opot\u0159eben\u00ed a korozi, co\u017e prodlu\u017euje jeho \u017eivotnost.<\/li>\n<li>Efektivn\u00ed hydraulick\u00fd provoz: vyu\u017e\u00edv\u00e1 tlak hydraulick\u00e9ho oleje k dosa\u017een\u00ed plynul\u00e9ho vysouv\u00e1n\u00ed a zasouv\u00e1n\u00ed, je schopen rychle reagovat na \u0159\u00eddic\u00ed povely a poskytuje siln\u00e9 tla\u010dn\u00e9 a ta\u017en\u00e9 s\u00edly, vhodn\u00e9 pro manipulaci s t\u011b\u017ek\u00fdmi b\u0159emeny a slo\u017eit\u00e9 provozn\u00ed \u00fakoly.<\/li>\n<li>Podle provozn\u00edch pot\u0159eb lze zvolit r\u016fzn\u00e9 typy v\u00e1lc\u016f: jedno\u010dinn\u00e9 (s hydraulick\u00fdm pohonem pouze v jednom sm\u011bru) nebo dvoj\u010dinn\u00e9 (s hydraulick\u00fdm pohonem v obou sm\u011brech), p\u0159i\u010dem\u017e n\u011bkter\u00e9 modely jsou teleskopick\u00e9, co\u017e umo\u017e\u0148uje v\u011bt\u0161\u00ed vysunut\u00ed bez zv\u011bt\u0161en\u00ed vn\u011bj\u0161\u00edch rozm\u011br\u016f, a jsou vhodn\u00e9 pro aplikace s omezen\u00fdm prostorem.<\/li>\n<li>P\u0159izp\u016fsobiteln\u00e9: na\u0161e produkty mohou b\u00fdt navr\u017eeny a vyrobeny dle po\u017eadavk\u016f z\u00e1kazn\u00edka a mohou dokonale nahradit r\u016fzn\u00e9 hydraulick\u00e9 v\u00e1lce.<\/li>\n<\/ul>\n<p><img decoding=\"async\" src=\"https:\/\/www.hydraulic-cylinders.net\/wp-content\/uploads\/2025\/01\/songte-cylinder-head-with-all-kinds-excavator-models.webp\" alt=\"Obr\u00e1zek v\u00fdm\u011bny v\u00e1lce lopaty\"><\/p>\n<h2>Aplikace<\/h2>\n<p>Kore\u010dkov\u00fd v\u00e1lec se \u0161iroce pou\u017e\u00edv\u00e1 v r\u016fzn\u00fdch aplikac\u00edch t\u011b\u017ek\u00fdch stroj\u016f. Mezi p\u0159\u00edklady pat\u0159\u00ed:<\/p>\n<ul>\n<li>Stavebn\u00ed za\u0159\u00edzen\u00ed: nach\u00e1zej\u00ed se v bagrech a jsou kl\u00ed\u010dov\u00e1 pro v\u00fdkopov\u00e9 pr\u00e1ce, nakl\u00e1d\u00e1n\u00ed a p\u0159emis\u0165ov\u00e1n\u00ed zeminy nebo suti. U r\u00fdpadel s r\u00fdpadly pom\u00e1h\u00e1 v\u00e1lec kore\u010dkov\u00e9ho stroje p\u0159i v\u00fdkopov\u00fdch prac\u00edch a zved\u00e1n\u00ed. <\/li>\n<li>Zem\u011bd\u011blsk\u00e9 stroje: pou\u017e\u00edvaj\u00ed se v \u010deln\u00edch naklada\u010d\u00edch pro nab\u00edr\u00e1n\u00ed, zved\u00e1n\u00ed a p\u0159epravu p\u016fdy, sena a dal\u0161\u00edch materi\u00e1l\u016f. <\/li>\n<li>Rypadla: v\u00e1lec l\u017e\u00edce umo\u017e\u0148uje kop\u00e1n\u00ed t\u00edm, \u017ee l\u017e\u00edce pronik\u00e1 do p\u016fdy. <\/li>\n<li>Naklada\u010de: u \u010deln\u00edch naklada\u010d\u016f pom\u00e1haj\u00ed efektivn\u011b zvedat a vykl\u00e1dat zbo\u017e\u00ed. <\/li>\n<\/ul>\n<h2>Konstruk\u010dn\u00ed aspekty a krit\u00e9ria v\u00fdb\u011bru<\/h2>\n<p>P\u0159i n\u00e1vrhu kore\u010dkov\u00e9ho v\u00e1lce je t\u0159eba zv\u00e1\u017eit kl\u00ed\u010dov\u00e9 faktory, jako je \u00fanosnost, t\u011bsn\u011bn\u00ed, trvanlivost, bezpe\u010dnost a \u00fadr\u017eba. <\/p>\n<ul>\n<li>Nosnost: v\u00e1lec mus\u00ed b\u00fdt dostate\u010dn\u011b pevn\u00fd, aby odolal vysok\u00e9mu zat\u00ed\u017een\u00ed a vysok\u00e9mu tlaku bez deformace. <\/li>\n<li>T\u011bsn\u011bn\u00ed: k zabr\u00e1n\u011bn\u00ed \u00faniku oleje a zaji\u0161t\u011bn\u00ed spolehliv\u00e9ho provozu je nutn\u00e9 pou\u017e\u00edt r\u016fzn\u00e9 typy t\u011bsn\u011bn\u00ed, jako jsou t\u011bsn\u011bn\u00ed p\u00edst\u016f a t\u011bsn\u011bn\u00ed p\u00edstnic. <\/li>\n<li>Trvanlivost: v\u00e1lec mus\u00ed b\u00fdt navr\u017een tak, aby odolal opot\u0159eben\u00ed a korozi, aby se prodlou\u017eila jeho \u017eivotnost. <\/li>\n<li>Bezpe\u010dnost: l\u00e1hev mus\u00ed b\u00fdt navr\u017eena s ohledem na bezpe\u010dnost a mus\u00ed b\u00fdt vybavena opat\u0159en\u00edmi, jako jsou p\u0159etlakov\u00e9 ventily, aby se zabr\u00e1nilo po\u0161kozen\u00ed syst\u00e9mu. <\/li>\n<li>\u00dadr\u017eba: v\u00e1lec mus\u00ed b\u00fdt navr\u017een pro snadnou \u00fadr\u017ebu, s vlastnostmi, jako jsou snadno vym\u011bniteln\u00e1 t\u011bsn\u011bn\u00ed a snadno p\u0159\u00edstupn\u00e9 komponenty. <\/li>\n<\/ul>\n<p><img decoding=\"async\" src=\"https:\/\/www.hydraulic-cylinders.net\/wp-content\/uploads\/2025\/01\/songte-oil-pipes-and-spare-parts.webp\" alt=\"Obr\u00e1zek d\u00edl\u016f v\u00e1lce lopaty\"><\/p>\n<h2>T\u011bsn\u011bn\u00ed a maz\u00e1n\u00ed<\/h2>\n<p>V\u00e1lec kore\u010dkov\u00e9ho v\u00e1lce vy\u017eaduje r\u016fzn\u00e1 t\u011bsn\u011bn\u00ed, jako jsou p\u00edstn\u00ed t\u011bsn\u011bn\u00ed a t\u011bsn\u011bn\u00ed p\u00edstnice, vyroben\u00e1 z materi\u00e1l\u016f odoln\u00fdch proti opot\u0159eben\u00ed, jako je polyuretan a nitrilov\u00e1 pry\u017e, aby se zabr\u00e1nilo \u00faniku oleje a zajistil se spolehliv\u00fd provoz. T\u011bleso v\u00e1lce a z\u00e1vitov\u00e9 koncov\u00e9 plochy byly jemn\u011b opracov\u00e1ny pro zlep\u0161en\u00ed odolnosti proti opot\u0159eben\u00ed. Pro zaji\u0161t\u011bn\u00ed plynul\u00e9ho provozu je nezbytn\u00e9 pravideln\u00e9 maz\u00e1n\u00ed vhodn\u00fdm hydraulick\u00fdm olejem. <\/p>\n<h2>\u00dadr\u017eba a opravy<\/h2>\n<p>Pro udr\u017een\u00ed v\u00fdkonu kore\u010dkov\u00e9ho v\u00e1lce je nezbytn\u00e1 pravideln\u00e1 kontrola a preventivn\u00ed \u00fadr\u017eba. Mezi t\u0159i b\u011b\u017en\u00e9 \u00fakoly \u00fadr\u017eby pat\u0159\u00ed pravideln\u00e1 kontrola, spr\u00e1vn\u00e9 maz\u00e1n\u00ed, v\u00fdm\u011bna t\u011bsn\u011bn\u00ed a kontrola kalibrace. Spr\u00e1vn\u00e1 instalace, maz\u00e1n\u00ed a se\u0159\u00edzen\u00ed jsou nezbytn\u00e9 pro zaji\u0161t\u011bn\u00ed dlouh\u00e9 \u017eivotnosti v\u00e1lce, v\u010detn\u011b spr\u00e1vn\u00e9ho veden\u00ed k vyrovn\u00e1n\u00ed b\u011bhem instalace a doporu\u010den\u00ed pro pou\u017eit\u00ed vhodn\u00fdch mont\u00e1\u017en\u00edch konzol k zaji\u0161t\u011bn\u00ed v\u00e1lce. Pro prodlou\u017een\u00ed \u017eivotnosti v\u00e1lce se doporu\u010duj\u00ed pravideln\u00e9 kontroly, opravy a v\u00fdm\u011bny.<\/p>\n<p><img decoding=\"async\" src=\"https:\/\/www.hydraulic-cylinders.net\/wp-content\/uploads\/2025\/01\/songte-chushion-collar.webp\" alt=\"Obr\u00e1zek instalace v\u00e1lce kope\u010dku\"><\/p>\n<h2>Bezpe\u010dnostn\u00ed aspekty a faktory prost\u0159ed\u00ed<\/h2>\n<p>P\u0159i pou\u017e\u00edv\u00e1n\u00ed kore\u010dkov\u00e9ho v\u00e1lce je nutn\u00e9 dodr\u017eovat bezpe\u010dnostn\u00ed opat\u0159en\u00ed, nap\u0159\u00edklad zajistit, aby tlak hydraulick\u00e9ho syst\u00e9mu a ovl\u00e1dac\u00ed povely byly v bezpe\u010dn\u00fdch mez\u00edch. Pro zaji\u0161t\u011bn\u00ed spolehliv\u00e9ho provozu v\u00e1lce je nutn\u00e9 zohlednit tak\u00e9 faktory prost\u0159ed\u00ed, jako je teplota a vlhkost.<\/p>\n<h2>Odstra\u0148ov\u00e1n\u00ed probl\u00e9m\u016f a b\u011b\u017en\u00e9 probl\u00e9my<\/h2>\n<p>N\u011bkdy se u hydraulick\u00fdch v\u00e1lc\u016f mohou vyskytnout probl\u00e9my, jako je \u00fanik oleje nebo \u0161patn\u00fd v\u00fdkon. Pro diagnostiku a \u0159e\u0161en\u00ed t\u011bchto probl\u00e9m\u016f je nutn\u00e9 m\u00edt z\u00e1kladn\u00ed znalosti o hydraulick\u00fdch syst\u00e9mech a konstrukci v\u00e1lc\u016f. Mezi b\u011b\u017en\u00e9 tipy a \u0159e\u0161en\u00ed probl\u00e9m\u016f pat\u0159\u00ed kontrola t\u011bsn\u011bn\u00ed, kontrola net\u011bsnost\u00ed a \u00faprava tlaku v syst\u00e9mu. Preventivn\u00ed opat\u0159en\u00ed, jako je pravideln\u00e1 kontrola a \u00fadr\u017eba, mohou minimalizovat potenci\u00e1ln\u00ed probl\u00e9my.<\/p>\n<p><img decoding=\"async\" src=\"https:\/\/www.hydraulic-cylinders.net\/wp-content\/uploads\/2025\/01\/songte-bushings-with-all-kinds-of-excavator-models.webp\" alt=\"Obr\u00e1zek pouzder v\u00e1lc\u016f lopaty\"><\/p>\n<h2>O na\u0161\u00ed spole\u010dnosti<\/h2>\n<p>Jsme p\u0159edn\u00edm v\u00fdrobcem a velkoobchodn\u00edkem hydraulick\u00fdch v\u00e1lc\u016f se specializac\u00ed na v\u00fdm\u011bnu hydraulick\u00fdch v\u00e1lc\u016f. Na\u0161e spole\u010dnost nab\u00edz\u00ed kompletn\u00ed sortiment produkt\u016f a je zn\u00e1m\u00e1 jako jeden z p\u0159edn\u00edch v\u00fdrobc\u016f a velkoobchodn\u00edch distributor\u016f hydraulick\u00fdch v\u00e1lc\u016f na dom\u00e1c\u00edm i mezin\u00e1rodn\u00edm trhu. Dodr\u017eujeme z\u00e1sady vynikaj\u00edc\u00ed kvality, spol\u00e9h\u00e1me se na strategii \u0159\u00edzen\u00ed pr\u016fmyslov\u00e9 v\u00fdroby v r\u00e1mci zdokonalen\u00e9 v\u00fdrobn\u00ed d\u00edlny a neust\u00e1le vylep\u0161ujeme platformu v\u00fdroby v d\u00edln\u011b, zlep\u0161ujeme kvalitu v\u00fdrobn\u00ed linky a m\u00e1me siln\u00e9 tv\u016fr\u010d\u00ed schopnosti, abychom splnili rozmanit\u00e9 pot\u0159eby z\u00e1kazn\u00edk\u016f s vysokou efektivitou, vysokou p\u0159esnost\u00ed a vysokou kvalitou.<\/p>\n<p><img decoding=\"async\" src=\"https:\/\/hzpt.com\/wp-content\/uploads\/2024\/11\/songte-company-1.webp\" alt=\"Image spole\u010dnosti\"><\/p>\n<h3>Profesionalita:<\/h3>\n<p>Disponujeme t\u00fdmem vysoce kvalifikovan\u00fdch a zku\u0161en\u00fdch odborn\u00edk\u016f, kte\u0159\u00ed dok\u00e1\u017e\u00ed z\u00e1kazn\u00edk\u016fm poskytnout profesion\u00e1ln\u00ed \u0159e\u0161en\u00ed a komplexn\u00ed slu\u017eby.<\/p>\n<h3>Mezin\u00e1rodn\u00ed certifikace:<\/h3>\n<p>Z\u00edskali jsme r\u016fzn\u00e9 mezin\u00e1rodn\u00ed certifikace, jako nap\u0159\u00edklad CE a ISO, abychom zajistili kvalitu v\u00fdrobk\u016f a spokojenost z\u00e1kazn\u00edk\u016f.<\/p>\n<h3>P\u0159izp\u016fsoben\u00ed:<\/h3>\n<p>M\u016f\u017eeme poskytovat slu\u017eby na m\u00edru dle po\u017eadavk\u016f z\u00e1kazn\u00edk\u016f, jako je n\u00e1vrh a v\u00fdroba produkt\u016f na m\u00edru.<\/p>\n<h3>V\u00fdrobn\u00ed za\u0159\u00edzen\u00ed:<\/h3>\n<p>Disponujeme pokro\u010dil\u00fdm digit\u00e1ln\u00edm v\u00fdrobn\u00edm za\u0159\u00edzen\u00edm, kter\u00e9 zaji\u0161\u0165uje efektivn\u00ed a vysoce kvalitn\u00ed v\u00fdrobu.<\/p>\n<h3>Poprodejn\u00ed servis:<\/h3>\n<p>Z\u00e1kazn\u00edk\u016fm poskytujeme profesion\u00e1ln\u00ed a v\u010dasn\u00fd poprodejn\u00ed servis, v\u010detn\u011b \u00fadr\u017eby produkt\u016f, oprav a v\u00fdm\u011bny.<\/p>\n<p>Autor: lyl<\/p>","protected":false},"excerpt":{"rendered":"<p>Bucket Cylinder For Sany Large Excavator SY700H-8 Introduction The bucket cylinder for a Sany large excavator SY700H-8 is a specially designed hydraulic cylinder used to control the movement of the bucket in heavy machinery such as excavators, backhoe excavators, and front-end loaders. Its main function is to enable the bucket to perform lifting, lowering, and [&hellip;]<\/p>","protected":false},"featured_media":14787,"comment_status":"open","ping_status":"closed","template":"","meta":{"_et_pb_use_builder":"","_et_pb_old_content":"","_et_gb_content_width":""},"product_brand":[],"product_cat":[1494],"product_tag":[1495,1496],"class_list":{"0":"post-15449","1":"product","2":"type-product","3":"status-publish","4":"has-post-thumbnail","6":"product_cat-bucket-cylinders","7":"product_tag-bucket-cylinders","8":"product_tag-hydraulic-cylinders","10":"first","11":"instock","12":"shipping-taxable","13":"product-type-simple"},"amp_enabled":true,"_links":{"self":[{"href":"https:\/\/www.hydraulic-cylinders.net\/cs\/wp-json\/wp\/v2\/product\/15449","targetHints":{"allow":["GET"]}}],"collection":[{"href":"https:\/\/www.hydraulic-cylinders.net\/cs\/wp-json\/wp\/v2\/product"}],"about":[{"href":"https:\/\/www.hydraulic-cylinders.net\/cs\/wp-json\/wp\/v2\/types\/product"}],"replies":[{"embeddable":true,"href":"https:\/\/www.hydraulic-cylinders.net\/cs\/wp-json\/wp\/v2\/comments?post=15449"}],"wp:featuredmedia":[{"embeddable":true,"href":"https:\/\/www.hydraulic-cylinders.net\/cs\/wp-json\/wp\/v2\/media\/14787"}],"wp:attachment":[{"href":"https:\/\/www.hydraulic-cylinders.net\/cs\/wp-json\/wp\/v2\/media?parent=15449"}],"wp:term":[{"taxonomy":"product_brand","embeddable":true,"href":"https:\/\/www.hydraulic-cylinders.net\/cs\/wp-json\/wp\/v2\/product_brand?post=15449"},{"taxonomy":"product_cat","embeddable":true,"href":"https:\/\/www.hydraulic-cylinders.net\/cs\/wp-json\/wp\/v2\/product_cat?post=15449"},{"taxonomy":"product_tag","embeddable":true,"href":"https:\/\/www.hydraulic-cylinders.net\/cs\/wp-json\/wp\/v2\/product_tag?post=15449"}],"curies":[{"name":"wp","href":"https:\/\/api.w.org\/{rel}","templated":true}]}}