{"id":15450,"date":"2025-01-19T14:32:46","date_gmt":"2025-01-19T14:32:46","guid":{"rendered":"https:\/\/www.hydraulic-cylinders.net\/product\/bucket-cylinder-for-sany-large-excavator-sy285cq\/"},"modified":"2025-01-19T14:32:48","modified_gmt":"2025-01-19T14:32:48","slug":"bucket-cylinder-for-sany-large-excavator-sy285cq","status":"publish","type":"product","link":"https:\/\/www.hydraulic-cylinders.net\/cs\/produkt\/bucket-cylinder-for-sany-large-excavator-sy285cq\/","title":{"rendered":"V\u00e1lec l\u017e\u00edce pro velk\u00e9 rypadlo Sany SY285CQ"},"content":{"rendered":"<h1>V\u00e1lec l\u017e\u00edce pro velk\u00e9 rypadlo Sany SY285CQ<\/h1>\n<h2>Zaveden\u00ed<\/h2>\n<p>Hydraulick\u00fd v\u00e1lec l\u017e\u00edce pro rypadlo je speci\u00e1ln\u011b navr\u017een\u00fd hydraulick\u00fd v\u00e1lec pou\u017e\u00edvan\u00fd k ovl\u00e1d\u00e1n\u00ed pohybu l\u017e\u00edce v t\u011b\u017ek\u00fdch stroj\u00edch, jako jsou rypadla, bagry a \u010deln\u00ed naklada\u010de. Jeho hlavn\u00ed funkc\u00ed je umo\u017enit zved\u00e1n\u00ed, spou\u0161t\u011bn\u00ed a nakl\u00e1p\u011bn\u00ed l\u017e\u00edce, co\u017e usnad\u0148uje prov\u00e1d\u011bn\u00ed r\u016fzn\u00fdch \u00fakol\u016f manipulace s materi\u00e1lem. V hydraulick\u00e9m syst\u00e9mu dosahuje v\u00e1lec l\u017e\u00edce p\u0159esn\u00e9ho ovl\u00e1d\u00e1n\u00ed l\u017e\u00edce zm\u011bnou tlaku hydraulick\u00e9ho oleje, co\u017e umo\u017e\u0148uje obsluze efektivn\u011b manipulovat s t\u011b\u017ek\u00fdmi b\u0159emeny a p\u0159izp\u016fsobovat se slo\u017eit\u00fdm pracovn\u00edm prost\u0159ed\u00edm a rozmanit\u00fdm provozn\u00edm po\u017eadavk\u016fm.<\/p>\n<p><img decoding=\"async\" src=\"https:\/\/www.hydraulic-cylinders.net\/wp-content\/uploads\/2025\/01\/songte-company-2.webp\" alt=\"Obr\u00e1zek v\u00e1lce kbel\u00edku\"><\/p>\n<h2>Funkce<\/h2>\n<ul>\n<li>Vysok\u00e1 pevnost a odolnost: Obvykle je vyroben z vysokopevnostn\u00ed oceli nebo hlin\u00edku, odol\u00e1 vysok\u00e9mu tlaku a velk\u00e9mu zat\u00ed\u017een\u00ed a p\u0159izp\u016fsob\u00ed se n\u00e1ro\u010dn\u00e9mu pracovn\u00edmu prost\u0159ed\u00ed. Konstrukce zohled\u0148uje odolnost proti opot\u0159eben\u00ed a korozi pro prodlou\u017een\u00ed \u017eivotnosti.<\/li>\n<li>Efektivn\u00ed hydraulick\u00fd provoz: Vyu\u017e\u00edv\u00e1 tlak hydraulick\u00e9ho oleje k dosa\u017een\u00ed plynul\u00fdch roztahovac\u00edch a smr\u0161\u0165ovac\u00edch pohyb\u016f, je schopen rychle reagovat na provozn\u00ed povely a poskytuje siln\u00e9 tla\u010dn\u00e9 a ta\u017en\u00e9 s\u00edly, vhodn\u00e9 pro manipulaci s t\u011b\u017ek\u00fdmi b\u0159emeny a slo\u017eit\u00fdmi \u00fakoly.<\/li>\n<li>R\u016fzn\u00e9 typy: Podle po\u017eadavk\u016f si m\u016f\u017eete vybrat jedno\u010dinn\u00e9 (hydraulicky ovl\u00e1dan\u00e9 pouze v jednom sm\u011bru) nebo dvoj\u010dinn\u00e9 (hydraulicky ovl\u00e1dan\u00e9 v obou sm\u011brech) v\u00e1lce, aby spl\u0148ovaly r\u016fzn\u00e9 provozn\u00ed pot\u0159eby. N\u011bkter\u00e9 modely jsou teleskopick\u00e9, co\u017e umo\u017e\u0148uje v\u011bt\u0161\u00ed roz\u0161\u00ed\u0159en\u00ed bez zv\u011bt\u0161en\u00ed vn\u011bj\u0161\u00edch rozm\u011br\u016f, vhodn\u00e9 pro aplikace s omezen\u00fdm prostorem.<\/li>\n<li>Lze pou\u017e\u00edt jako n\u00e1hradu za jin\u00e9 hydraulick\u00e9 v\u00e1lce<\/li>\n<li>P\u0159izp\u016fsobiteln\u00fd design a v\u00fdroba<\/li>\n<\/ul>\n<p><img decoding=\"async\" src=\"https:\/\/www.hydraulic-cylinders.net\/wp-content\/uploads\/2025\/01\/songte-cylinder-head-with-all-kinds-excavator-models.webp\" alt=\"Obr\u00e1zek v\u00fdm\u011bny v\u00e1lce lopaty\"><\/p>\n<h2>Aplikace<\/h2>\n<h3>Stavebn\u00ed stroje<\/h3>\n<p>U bagr\u016f jsou nezbytn\u00e9 pro kop\u00e1n\u00ed, nakl\u00e1d\u00e1n\u00ed a p\u0159emis\u0165ov\u00e1n\u00ed zeminy nebo suti. U rypadel s r\u00fdpadly pom\u00e1haj\u00ed kore\u010dkov\u00e9 v\u00e1lce p\u0159i v\u00fdkopu a zved\u00e1n\u00ed. U \u010deln\u00edch naklada\u010d\u016f pom\u00e1haj\u00ed s efektivn\u00edm zved\u00e1n\u00edm a vykl\u00e1dkov\u00e1n\u00edm n\u00e1kladu.<\/p>\n<h3>Zem\u011bd\u011blsk\u00e9 stroje<\/h3>\n<p>Pou\u017e\u00edv\u00e1 se v \u010deln\u00edch naklada\u010d\u00edch pro nab\u00edr\u00e1n\u00ed, zved\u00e1n\u00ed a p\u0159epravu zeminy, sena a dal\u0161\u00edch materi\u00e1l\u016f. U bagr\u016f umo\u017e\u0148uj\u00ed v\u00e1lce kore\u010dk\u016f pronik\u00e1n\u00ed kore\u010dk\u016f do p\u016fdy pro kop\u00e1n\u00ed.<\/p>\n<h3>Dal\u0161\u00ed aplikace<\/h3>\n<p>Kore\u010dkov\u00e9 v\u00e1lce maj\u00ed \u0161irokou \u0161k\u00e1lu uplatn\u011bn\u00ed, v\u010detn\u011b t\u011b\u017eebn\u00edch za\u0159\u00edzen\u00ed, pr\u016fmyslov\u00fdch stroj\u016f, vodn\u00edch elektr\u00e1ren a dal\u0161\u00edch.<\/p>\n<h2>Konstruk\u010dn\u00ed aspekty a krit\u00e9ria v\u00fdb\u011bru<\/h2>\n<ul>\n<li>\u00danosnost<\/li>\n<li>T\u011bsn\u011bn\u00ed<\/li>\n<li>Trvanlivost<\/li>\n<li>Bezpe\u010dnost<\/li>\n<li>\u00dadr\u017eba<\/li>\n<\/ul>\n<p><img decoding=\"async\" src=\"https:\/\/www.hydraulic-cylinders.net\/wp-content\/uploads\/2025\/01\/songte-oil-pipes-and-spare-parts.webp\" alt=\"Obr\u00e1zek \u00favah o konstrukci kore\u010dkov\u00e9ho v\u00e1lce\"><\/p>\n<h2>T\u011bsn\u011bn\u00ed a maz\u00e1n\u00ed<\/h2>\n<p>Pou\u017e\u00edvaj\u00ed se r\u016fzn\u00e1 t\u011bsn\u011bn\u00ed, v\u010detn\u011b p\u00edstn\u00edch t\u011bsn\u011bn\u00ed, t\u011bsn\u011bn\u00ed p\u00edstnic atd. T\u011bsn\u011bn\u00ed jsou vyrobena z materi\u00e1l\u016f odoln\u00fdch proti opot\u0159eben\u00ed, jako je polyuretan a nitrilov\u00e1 pry\u017e. T\u011bleso v\u00e1lce a povrch z\u00e1vitu jsou jemn\u011b opracov\u00e1ny pro zlep\u0161en\u00ed odolnosti proti opot\u0159eben\u00ed. Pro maz\u00e1n\u00ed je t\u0159eba pravideln\u011b p\u0159id\u00e1vat odpov\u00eddaj\u00edc\u00ed mno\u017estv\u00ed hydraulick\u00e9ho oleje.<\/p>\n<h2>\u00dadr\u017eba a opravy<\/h2>\n<p>Pravideln\u00e1 kontrola, vhodn\u00e9 maz\u00e1n\u00ed, v\u00fdm\u011bna t\u011bsn\u011bn\u00ed a kalibra\u010dn\u00ed kontroly pat\u0159\u00ed k b\u011b\u017en\u00fdm \u00fakon\u016fm \u00fadr\u017eby. Spr\u00e1vn\u00e1 instalace, maz\u00e1n\u00ed a se\u0159\u00edzen\u00ed jsou z\u00e1sadn\u00ed pro bezpe\u010dn\u00fd a efektivn\u00ed provoz v\u00e1lce. B\u011bhem instalace se doporu\u010duje spr\u00e1vn\u00e9 veden\u00ed k vyrovn\u00e1n\u00ed a k zaji\u0161t\u011bn\u00ed v\u00e1lce by m\u011bly b\u00fdt pou\u017eity vhodn\u00e9 mont\u00e1\u017en\u00ed konzole. Doporu\u010den\u00e9 programy kontrol, oprav a v\u00fdm\u011bn mohou prodlou\u017eit \u017eivotnost v\u00e1lce.<\/p>\n<p><img decoding=\"async\" src=\"https:\/\/www.hydraulic-cylinders.net\/wp-content\/uploads\/2025\/01\/songte-chushion-collar.webp\" alt=\"Obr\u00e1zek \u00fadr\u017eby v\u00e1lce lopaty\"><\/p>\n<h2>Bezpe\u010dnostn\u00ed a environment\u00e1ln\u00ed aspekty<\/h2>\n<p>Kore\u010dkov\u00e9 v\u00e1lce jsou navr\u017eeny s ohledem na bezpe\u010dnost, ale p\u0159i jejich provozu je z\u00e1sadn\u00ed dodr\u017eovat bezpe\u010dnostn\u00ed pokyny. Spr\u00e1vn\u00e1 likvidace pou\u017eit\u00e9ho hydraulick\u00e9ho oleje a dal\u0161\u00edch nebezpe\u010dn\u00fdch materi\u00e1l\u016f je nezbytn\u00e1 pro ochranu \u017eivotn\u00edho prost\u0159ed\u00ed.<\/p>\n<h2>Diagnostika poruch a b\u011b\u017en\u00e9 probl\u00e9my<\/h2>\n<p>Mezi b\u011b\u017en\u00e9 probl\u00e9my pat\u0159\u00ed net\u011bsnost, po\u0161kozen\u00ed p\u00edstu a po\u0161kozen\u00ed t\u011bsn\u011bn\u00ed. V\u010dasn\u00e1 diagnostika a oprava mohou zabr\u00e1nit dal\u0161\u00edmu po\u0161kozen\u00ed v\u00e1lce a dal\u0161\u00edch \u010d\u00e1st\u00ed stroje. Pravideln\u00e1 \u00fadr\u017eba m\u016f\u017ee sn\u00ed\u017eit riziko probl\u00e9m\u016f a prodlou\u017eit \u017eivotnost v\u00e1lce.<\/p>\n<p><img decoding=\"async\" src=\"https:\/\/www.hydraulic-cylinders.net\/wp-content\/uploads\/2025\/01\/songte-bushings-with-all-kinds-of-excavator-models.webp\" alt=\"Obr\u00e1zek diagnostiky poruchy v\u00e1lce lopaty\"><\/p>\n<h2>O na\u0161\u00ed spole\u010dnosti<\/h2>\n<p>Jsme v\u00fdrobcem hydraulick\u00fdch v\u00e1lc\u016f, kter\u00e9 slou\u017e\u00ed jako n\u00e1hrada za jin\u00e9 v\u00e1lce. Na\u0161e spole\u010dnost nab\u00edz\u00ed kompletn\u00ed sortiment produkt\u016f a stala se jedn\u00edm z p\u0159edn\u00edch v\u00fdrobc\u016f a velkoobchodn\u00edch distributor\u016f hydraulick\u00fdch v\u00e1lc\u016f na dom\u00e1c\u00edm i mezin\u00e1rodn\u00edm trhu. Dodr\u017eujeme princip vynikaj\u00edc\u00ed kvality, spol\u00e9h\u00e1me se na strategii \u0159\u00edzen\u00ed pr\u016fmyslov\u00e9 v\u00fdroby v jemn\u00fdch v\u00fdrobn\u00edch d\u00edln\u00e1ch a neust\u00e1le zlep\u0161ujeme v\u00fdrobn\u00ed platformu d\u00edlny, zlep\u0161ujeme kvalitu v\u00fdrobn\u00ed linky a m\u00e1me siln\u00e9 tv\u016fr\u010d\u00ed schopnosti, poskytujeme efektivn\u00ed, p\u0159esn\u00e9 a vysoce kvalitn\u00ed slu\u017eby, abychom uspokojili rozmanit\u00e9 pot\u0159eby z\u00e1kazn\u00edk\u016f.<\/p>\n<p><img decoding=\"async\" src=\"https:\/\/hzpt.com\/wp-content\/uploads\/2024\/11\/songte-company-1.webp\" alt=\"Image spole\u010dnosti\"><\/p>\n<h3>Profesionalita<\/h3>\n<p>Na\u0161e spole\u010dnost m\u00e1 t\u00fdm profesion\u00e1l\u016f s rozs\u00e1hl\u00fdmi zku\u0161enostmi v oboru a jsme odhodl\u00e1ni poskytovat z\u00e1kazn\u00edk\u016fm vysoce kvalitn\u00ed produkty a slu\u017eby.<\/p>\n<h3>Mezin\u00e1rodn\u00ed certifikace<\/h3>\n<p>Na\u0161e v\u00fdrobky pro\u0161ly mezin\u00e1rodn\u00edmi certifikacemi, jako je ISO 9001, co\u017e zaji\u0161\u0165uje, \u017ee na\u0161e v\u00fdrobky spl\u0148uj\u00ed mezin\u00e1rodn\u00ed standardy kvality.<\/p>\n<h3>Slu\u017eby p\u0159izp\u016fsoben\u00ed<\/h3>\n<p>Nab\u00edz\u00edme slu\u017eby \u00faprav na m\u00edru, abychom splnili specifick\u00e9 pot\u0159eby na\u0161ich z\u00e1kazn\u00edk\u016f ohledn\u011b jejich za\u0159\u00edzen\u00ed a stroj\u016f.<\/p>\n<h3>V\u00fdrobn\u00ed za\u0159\u00edzen\u00ed<\/h3>\n<p>Disponujeme modern\u00edm v\u00fdrobn\u00edm za\u0159\u00edzen\u00edm, jako jsou CNC soustruhy, fr\u00e9zky a sv\u00e1\u0159ec\u00ed roboty, kter\u00e9 zaji\u0161\u0165uj\u00ed, \u017ee na\u0161e produkty jsou vyr\u00e1b\u011bny podle nejvy\u0161\u0161\u00edch standard\u016f.<\/p>\n<h3>Poprodejn\u00ed servis<\/h3>\n<p>Na\u0161e spole\u010dnost poskytuje vynikaj\u00edc\u00ed poprodejn\u00ed servis, v\u010detn\u011b technick\u00e9 podpory, n\u00e1hradn\u00edch d\u00edl\u016f a repas\u00ed, abychom zajistili spokojenost z\u00e1kazn\u00edk\u016f a dlouhou \u017eivotnost na\u0161ich produkt\u016f.<\/p>\n<p>Autor: lyl<\/p>","protected":false},"excerpt":{"rendered":"<p>Bucket Cylinder For Sany Large Excavator SY285CQ Introduction A bucket cylinder for an excavator is a specially designed hydraulic cylinder used to control the movement of the bucket in heavy machinery such as excavators, backhoe excavators, and front loaders. Its main function is to enable the bucket to lift, lower, and tilt, making it easier [&hellip;]<\/p>","protected":false},"featured_media":14785,"comment_status":"open","ping_status":"closed","template":"","meta":{"_et_pb_use_builder":"","_et_pb_old_content":"","_et_gb_content_width":""},"product_brand":[],"product_cat":[1494],"product_tag":[1495,1496],"class_list":{"0":"post-15450","1":"product","2":"type-product","3":"status-publish","4":"has-post-thumbnail","6":"product_cat-bucket-cylinders","7":"product_tag-bucket-cylinders","8":"product_tag-hydraulic-cylinders","10":"first","11":"instock","12":"shipping-taxable","13":"product-type-simple"},"amp_enabled":true,"_links":{"self":[{"href":"https:\/\/www.hydraulic-cylinders.net\/cs\/wp-json\/wp\/v2\/product\/15450","targetHints":{"allow":["GET"]}}],"collection":[{"href":"https:\/\/www.hydraulic-cylinders.net\/cs\/wp-json\/wp\/v2\/product"}],"about":[{"href":"https:\/\/www.hydraulic-cylinders.net\/cs\/wp-json\/wp\/v2\/types\/product"}],"replies":[{"embeddable":true,"href":"https:\/\/www.hydraulic-cylinders.net\/cs\/wp-json\/wp\/v2\/comments?post=15450"}],"wp:featuredmedia":[{"embeddable":true,"href":"https:\/\/www.hydraulic-cylinders.net\/cs\/wp-json\/wp\/v2\/media\/14785"}],"wp:attachment":[{"href":"https:\/\/www.hydraulic-cylinders.net\/cs\/wp-json\/wp\/v2\/media?parent=15450"}],"wp:term":[{"taxonomy":"product_brand","embeddable":true,"href":"https:\/\/www.hydraulic-cylinders.net\/cs\/wp-json\/wp\/v2\/product_brand?post=15450"},{"taxonomy":"product_cat","embeddable":true,"href":"https:\/\/www.hydraulic-cylinders.net\/cs\/wp-json\/wp\/v2\/product_cat?post=15450"},{"taxonomy":"product_tag","embeddable":true,"href":"https:\/\/www.hydraulic-cylinders.net\/cs\/wp-json\/wp\/v2\/product_tag?post=15450"}],"curies":[{"name":"wp","href":"https:\/\/api.w.org\/{rel}","templated":true}]}}