{"id":15453,"date":"2025-01-19T14:32:58","date_gmt":"2025-01-19T14:32:58","guid":{"rendered":"https:\/\/www.hydraulic-cylinders.net\/product\/bucket-cylinder-for-sany-large-excavator-sy465h-9\/"},"modified":"2025-01-19T14:33:00","modified_gmt":"2025-01-19T14:33:00","slug":"bucket-cylinder-for-sany-large-excavator-sy465h-9","status":"publish","type":"product","link":"https:\/\/www.hydraulic-cylinders.net\/cs\/produkt\/bucket-cylinder-for-sany-large-excavator-sy465h-9\/","title":{"rendered":"V\u00e1lec kope\u010dku pro velk\u00e9 rypadlo Sany SY465H-9"},"content":{"rendered":"<h1>V\u00e1lec kope\u010dku pro velk\u00e9 rypadlo Sany SY465H-9<\/h1>\n<h2>Zaveden\u00ed<\/h2>\n<p>Hydraulick\u00fd v\u00e1lec l\u017e\u00edce pro velk\u00e1 rypadla Sany SY465H-9 je speci\u00e1ln\u011b navr\u017een\u00fd hydraulick\u00fd v\u00e1lec pou\u017e\u00edvan\u00fd p\u0159edev\u0161\u00edm k ovl\u00e1d\u00e1n\u00ed pohybu l\u017eic v t\u011b\u017ek\u00fdch stroj\u00edch, jako jsou rypadla, bagry a \u010deln\u00ed naklada\u010de. Jeho prim\u00e1rn\u00ed funkc\u00ed je umo\u017enit zved\u00e1n\u00ed, spou\u0161t\u011bn\u00ed a nakl\u00e1p\u011bn\u00ed l\u017e\u00edce, co\u017e usnad\u0148uje prov\u00e1d\u011bn\u00ed r\u016fzn\u00fdch \u00fakol\u016f manipulace s materi\u00e1lem. V hydraulick\u00e9m syst\u00e9mu v\u00e1lec l\u017e\u00edce p\u0159esn\u011b \u0159\u00edd\u00ed pohyb l\u017e\u00edce zm\u011bnami tlaku hydraulick\u00e9ho oleje, co\u017e umo\u017e\u0148uje obsluze efektivn\u011b manipulovat s t\u011b\u017ek\u00fdmi b\u0159emeny a p\u0159izp\u016fsobovat se slo\u017eit\u00fdm pracovn\u00edm prost\u0159ed\u00edm a rozmanit\u00fdm po\u017eadavk\u016fm na pr\u00e1ci.<\/p>\n<p><img decoding=\"async\" src=\"https:\/\/www.hydraulic-cylinders.net\/wp-content\/uploads\/2025\/01\/songte-company-2.webp\" alt=\"Obr\u00e1zek v\u00e1lce kbel\u00edku\"><\/p>\n<h2>Funkce<\/h2>\n<ul>\n<li>Vysok\u00e1 pevnost a trvanlivost: Obvykle je vyroben z vysokopevnostn\u00ed oceli nebo hlin\u00edku, odol\u00e1 vysok\u00e9mu tlaku a velk\u00e9mu zat\u00ed\u017een\u00ed, a p\u0159izp\u016fsob\u00ed se tak n\u00e1ro\u010dn\u00fdm pracovn\u00edm podm\u00ednk\u00e1m. Konstrukce zohled\u0148uje odolnost proti opot\u0159eben\u00ed a korozi, co\u017e prodlu\u017euje \u017eivotnost.<\/li>\n<li>Efektivn\u00ed hydraulick\u00fd provoz: Vyu\u017e\u00edv\u00e1 tlak hydraulick\u00e9ho oleje k dosa\u017een\u00ed plynul\u00e9ho teleskopick\u00e9ho pohybu, dok\u00e1\u017ee rychle reagovat na ovl\u00e1dac\u00ed povely, poskytuje silnou tla\u010dnou a ta\u017enou s\u00edlu, je vhodn\u00fd pro manipulaci s t\u011b\u017ek\u00fdmi b\u0159emeny a slo\u017eit\u00e9 pracovn\u00ed \u00fakoly.<\/li>\n<li>R\u016fzn\u00e9 typy: Jedno\u010dinn\u00e9 (hydraulick\u00fd pohon se pou\u017e\u00edv\u00e1 pouze v jednom sm\u011bru) nebo dvoj\u010dinn\u00e9 (hydraulick\u00fd pohon se pou\u017e\u00edv\u00e1 ve dvou sm\u011brech) v\u00e1lce lze volit dle po\u017eadavk\u016f a spl\u0148ovat r\u016fzn\u00e9 provozn\u00ed pot\u0159eby. N\u011bkter\u00e9 modely jsou teleskopick\u00e9, co\u017e umo\u017e\u0148uje v\u011bt\u0161\u00ed vysunut\u00ed bez zv\u011bt\u0161en\u00ed vn\u011bj\u0161\u00edch rozm\u011br\u016f, vhodn\u00e9 pro aplikace s omezen\u00fdm prostorem.<\/li>\n<li>Dokonal\u00e1 n\u00e1hrada: Na\u0161e produkty dok\u00e1\u017e\u00ed tyto hydraulick\u00e9 v\u00e1lce dokonale nahradit.<\/li>\n<\/ul>\n<p><img decoding=\"async\" src=\"https:\/\/www.hydraulic-cylinders.net\/wp-content\/uploads\/2025\/01\/songte-cylinder-head-with-all-kinds-excavator-models.webp\" alt=\"Obr\u00e1zek v\u00fdm\u011bny v\u00e1lce lopaty\"><\/p>\n<h2>Aplikace<\/h2>\n<p>V\u00e1lec kore\u010dkov\u00e9ho v\u00e1lce pro velk\u00e9 rypadlo Sany SY465H-9 se \u0161iroce pou\u017e\u00edv\u00e1 v r\u016fzn\u00fdch stavebn\u00edch a zem\u011bd\u011blsk\u00fdch stroj\u00edch, jako nap\u0159\u00edklad:<\/p>\n<ul>\n<li>Stavebn\u00ed stroje: U bagr\u016f jsou kl\u00ed\u010dov\u00e9 pro kop\u00e1n\u00ed, nakl\u00e1d\u00e1n\u00ed a p\u0159emis\u0165ov\u00e1n\u00ed zeminy nebo suti. U r\u00fdpadel s r\u00fdpadly pom\u00e1haj\u00ed kore\u010dkov\u00e9 v\u00e1lce p\u0159i kop\u00e1n\u00ed a zved\u00e1n\u00ed. <\/li>\n<li>Zem\u011bd\u011blsk\u00e9 stroje: Pou\u017e\u00edvaj\u00ed se v \u010deln\u00edch naklada\u010d\u00edch pro nab\u00edr\u00e1n\u00ed, zved\u00e1n\u00ed a p\u0159epravu p\u016fdy, sena a dal\u0161\u00edch materi\u00e1l\u016f. <\/li>\n<li>Rypadla: V\u00e1lce l\u017e\u00edce umo\u017e\u0148uj\u00ed kop\u00e1n\u00ed t\u00edm, \u017ee umo\u017e\u0148uj\u00ed l\u017e\u00edci proniknout do p\u016fdy. <\/li>\n<li>\u010celn\u00ed naklada\u010de: \u010celn\u00ed naklada\u010de pom\u00e1haj\u00ed s efektivn\u00edm zved\u00e1n\u00edm a skl\u00e1p\u011bn\u00edm zbo\u017e\u00ed.<\/li>\n<\/ul>\n<h2>Konstruk\u010dn\u00ed aspekty a krit\u00e9ria v\u00fdb\u011bru<\/h2>\n<p>V\u00e1lec kope\u010dku pro velk\u00e9 rypadlo Sany SY465H-9 je navr\u017een tak, aby spl\u0148oval specifick\u00e9 po\u017eadavky, jako je nosnost, t\u011bsn\u011bn\u00ed, trvanlivost, bezpe\u010dnost a \u00fadr\u017eba. Mezi kl\u00ed\u010dov\u00e9 konstruk\u010dn\u00ed aspekty a krit\u00e9ria v\u00fdb\u011bru pat\u0159\u00ed:<\/p>\n<ul>\n<li>\u00danosnost: V\u00e1lec mus\u00ed b\u00fdt navr\u017een tak, aby vydr\u017eel maxim\u00e1ln\u00ed zat\u00ed\u017een\u00ed, kter\u00e9mu bude vystaven, bez poruchy.<\/li>\n<li>T\u011bsn\u011bn\u00ed: V\u00e1lec mus\u00ed b\u00fdt navr\u017een tak, aby se zabr\u00e1nilo \u00faniku hydraulick\u00e9 kapaliny a vniknut\u00ed ne\u010distot. <\/li>\n<li>Trvanlivost: V\u00e1lec mus\u00ed b\u00fdt schopen odol\u00e1vat drsn\u00fdm podm\u00ednk\u00e1m prost\u0159ed\u00ed, odol\u00e1vat opot\u0159eben\u00ed a korozi a m\u00edt dlouhou \u017eivotnost.<\/li>\n<li>Bezpe\u010dnost: V\u00e1lec mus\u00ed b\u00fdt navr\u017een tak, aby minimalizoval riziko nehod a zajistil bezpe\u010dnost person\u00e1lu obsluhuj\u00edc\u00edho za\u0159\u00edzen\u00ed.<\/li>\n<li>\u00dadr\u017eba: V\u00e1lec mus\u00ed b\u00fdt navr\u017een pro snadnou \u00fadr\u017ebu a opravy s\u00a0snadn\u00fdm p\u0159\u00edstupem k\u00a0vym\u011bniteln\u00fdm d\u00edl\u016fm.<\/li>\n<\/ul>\n<p><img decoding=\"async\" src=\"https:\/\/www.hydraulic-cylinders.net\/wp-content\/uploads\/2025\/01\/songte-oil-pipes-and-spare-parts.webp\" alt=\"Obr\u00e1zek n\u00e1hradn\u00edch d\u00edl\u016f pro v\u00e1lec lopaty\"><\/p>\n<h2>T\u011bsn\u011bn\u00ed a maz\u00e1n\u00ed<\/h2>\n<p>V\u00e1lec kope\u010dku pro velk\u00e9 rypadlo Sany SY465H-9 pou\u017e\u00edv\u00e1 r\u016fzn\u00e9 t\u011bsnic\u00ed komponenty, jako jsou t\u011bsn\u011bn\u00ed p\u00edst\u016f a t\u011bsn\u011bn\u00ed p\u00edstnic, vyroben\u00e9 z materi\u00e1l\u016f odoln\u00fdch proti opot\u0159eben\u00ed, jako je polyuretan a nitrilov\u00e1 pry\u017e. T\u011bleso v\u00e1lce a z\u00e1vitov\u00e9 koncov\u00e9 plochy jsou p\u0159esn\u011b opracov\u00e1ny pro zlep\u0161en\u00ed odolnosti proti opot\u0159eben\u00ed. Pravideln\u00e9 maz\u00e1n\u00ed vhodn\u00fdm mno\u017estv\u00edm hydraulick\u00e9ho oleje je nezbytn\u00e9 pro maz\u00e1n\u00ed v\u00e1lce a udr\u017een\u00ed jeho spr\u00e1vn\u00e9ho provozu.<\/p>\n<h2>\u00dadr\u017eba a opravy<\/h2>\n<p>Pravideln\u00e1 \u00fadr\u017eba a preventivn\u00ed opat\u0159en\u00ed jsou nezbytn\u00e9 pro zaji\u0161t\u011bn\u00ed dlouhodob\u00e9ho spolehliv\u00e9ho provozu kore\u010dkov\u00e9ho v\u00e1lce pro Sany Large Excavator SY465H-9. Mezi doporu\u010den\u00e9 \u00fakoly \u00fadr\u017eby pat\u0159\u00ed pravideln\u00e1 kontrola, vhodn\u00e9 maz\u00e1n\u00ed, v\u00fdm\u011bna t\u011bsn\u011bn\u00ed a kalibra\u010dn\u00ed kontroly. Spr\u00e1vn\u00e1 instalace, maz\u00e1n\u00ed a se\u0159\u00edzen\u00ed jsou nezbytn\u00e9. Proces instalace by m\u011bl zahrnovat spr\u00e1vn\u00e9 pokyny pro vyrovn\u00e1n\u00ed v\u00e1lce s doporu\u010den\u00fdmi mont\u00e1\u017en\u00edmi konzolami pro zaji\u0161t\u011bn\u00ed v\u00e1lce na m\u00edst\u011b. Pro prodlou\u017een\u00ed \u017eivotnosti v\u00e1lce by m\u011bly b\u00fdt dodr\u017eov\u00e1ny doporu\u010den\u00e9 postupy kontroly, opravy a v\u00fdm\u011bny. <\/p>\n<p><img decoding=\"async\" src=\"https:\/\/www.hydraulic-cylinders.net\/wp-content\/uploads\/2025\/01\/songte-chushion-collar.webp\" alt=\"Obr\u00e1zek \u00fadr\u017eby v\u00e1lce lopaty\"><\/p>\n<h2>Bezpe\u010dnostn\u00ed a environment\u00e1ln\u00ed aspekty<\/h2>\n<p>P\u0159i pou\u017eit\u00ed hydraulick\u00e9ho v\u00e1lce pro velk\u00e9 rypadlo Sany SY465H-9 je t\u0159eba p\u0159ijmout vhodn\u00e1 bezpe\u010dnostn\u00ed opat\u0159en\u00ed, aby se p\u0159ede\u0161lo nehod\u00e1m a byla zaji\u0161t\u011bna bezpe\u010dnost person\u00e1lu. Hydraulick\u00fd syst\u00e9m mus\u00ed b\u00fdt \u0159\u00e1dn\u011b udr\u017eov\u00e1n, aby se zabr\u00e1nilo \u00fanik\u016fm hydraulick\u00e9ho oleje, kter\u00e9 by mohly kontaminovat \u017eivotn\u00ed prost\u0159ed\u00ed. <\/p>\n<h2>Diagnostika poruch a b\u011b\u017en\u00e9 probl\u00e9my<\/h2>\n<p>Mezi b\u011b\u017en\u00e9 probl\u00e9my, kter\u00e9 mohou nastat p\u0159i pou\u017e\u00edv\u00e1n\u00ed v\u00e1lce kope\u010dku pro velk\u00e9 bagry Sany SY465H-9, pat\u0159\u00ed po\u0161kozen\u00ed t\u011bsn\u011bn\u00ed, oh\u00fdb\u00e1n\u00ed p\u00edstnice a deformace st\u011bny v\u00e1lce. Pravideln\u00e1 kontrola, \u00fadr\u017eba a preventivn\u00ed opat\u0159en\u00ed mohou pomoci tyto probl\u00e9my zm\u00edrnit. Pokud probl\u00e9my p\u0159etrv\u00e1vaj\u00ed, m\u016f\u017ee b\u00fdt nutn\u00e9 se poradit s kvalifikovan\u00fdm technikem ohledn\u011b diagnostiky a opravy.<\/p>\n<p><img decoding=\"async\" src=\"https:\/\/www.hydraulic-cylinders.net\/wp-content\/uploads\/2025\/01\/songte-bushings-with-all-kinds-of-excavator-models.webp\" alt=\"Obr\u00e1zek poruchy v\u00e1lce lopaty\"><\/p>\n<h2>O na\u0161\u00ed spole\u010dnosti<\/h2>\n<p>Jsme v\u00fdrobcem n\u00e1hradn\u00edch d\u00edl\u016f pro hydraulick\u00e9 v\u00e1lce s kompletn\u00ed nab\u00eddkou produkt\u016f a stali jsme se jedn\u00edm z p\u0159edn\u00edch v\u00fdrobc\u016f a velkoobchodn\u00edch distributor\u016f hydraulick\u00fdch v\u00e1lc\u016f na dom\u00e1c\u00edm i zahrani\u010dn\u00edm trhu. Dodr\u017eujeme vynikaj\u00edc\u00ed kvalitu, spol\u00e9h\u00e1me se na industrializovan\u00e9 strategie \u0159\u00edzen\u00ed v\u00fdroby v precizn\u00edch v\u00fdrobn\u00edch d\u00edln\u00e1ch, neust\u00e1le vylep\u0161ujeme v\u00fdrobn\u00ed platformu d\u00edlny, zlep\u0161ujeme kvalitu v\u00fdrobn\u00edho postupu produktu a m\u00e1me siln\u00e9 tv\u016fr\u010d\u00ed schopnosti. Na\u0161\u00edm principem je uspokojovat rozmanit\u00e9 pot\u0159eby z\u00e1kazn\u00edk\u016f s vysokou efektivitou, vysokou p\u0159esnost\u00ed a vysokou kvalitou. <\/p>\n<p><img decoding=\"async\" src=\"https:\/\/hzpt.com\/wp-content\/uploads\/2024\/11\/songte-company-1.webp\" alt=\"Image spole\u010dnosti\"><\/p>\n<h3>Na\u0161e spole\u010dnost se specializuje na:<\/h3>\n<ul>\n<li>Profesionalita: M\u00e1me profesion\u00e1ln\u00ed in\u017een\u00fdry a techniky, kte\u0159\u00ed poskytuj\u00ed technick\u00e9 a poprodejn\u00ed slu\u017eby.<\/li>\n<li>Mezin\u00e1rodn\u00ed certifikace: Na\u0161e v\u00fdrobky pro\u0161ly mezin\u00e1rodn\u00ed certifikac\u00ed, jako je ISO9001 a CE.<\/li>\n<li>Slu\u017eby p\u0159izp\u016fsoben\u00ed: Na\u0161e produkty lze p\u0159izp\u016fsobit dle po\u017eadavk\u016f z\u00e1kazn\u00edka tak, aby spl\u0148ovaly jeho specifick\u00e9 pot\u0159eby.<\/li>\n<li>V\u00fdrobn\u00ed za\u0159\u00edzen\u00ed: Pro zaji\u0161t\u011bn\u00ed kvality v\u00fdrobk\u016f pou\u017e\u00edv\u00e1me modern\u00ed v\u00fdrobn\u00ed za\u0159\u00edzen\u00ed a kontroln\u00ed p\u0159\u00edstroje, jako jsou CNC obr\u00e1b\u011bc\u00ed centra a t\u0159\u00edsou\u0159adnicov\u00e9 m\u011b\u0159ic\u00ed p\u0159\u00edstroje.<\/li>\n<li>Poprodejn\u00ed slu\u017eby: Poskytujeme kompletn\u00ed \u0161k\u00e1lu poprodejn\u00edch slu\u017eeb, jako je v\u00fdm\u011bna d\u00edl\u016f a repase, abychom zachovali dlouhou \u017eivotnost na\u0161ich produkt\u016f.<\/li>\n<\/ul>\n<p><img decoding=\"async\" src=\"https:\/\/www.hydraulic-cylinders.net\/wp-content\/uploads\/2025\/01\/songte-company-3.webp\" alt=\"Image spole\u010dnosti\"><\/p>\n<p>Autor: lyl<\/p>","protected":false},"excerpt":{"rendered":"<p>Bucket Cylinder For Sany Large Excavator SY465H-9 Introduction The Bucket Cylinder for Sany Large Excavator SY465H-9 is a specially designed hydraulic cylinder used primarily to control the movement of buckets in heavy machinery such as excavators, backhoes, and front loaders. Its primary function is to enable the bucket to lift, lower, and tilt, making it [&hellip;]<\/p>","protected":false},"featured_media":14780,"comment_status":"open","ping_status":"closed","template":"","meta":{"_et_pb_use_builder":"","_et_pb_old_content":"","_et_gb_content_width":""},"product_brand":[],"product_cat":[1494],"product_tag":[1495,1496],"class_list":{"0":"post-15453","1":"product","2":"type-product","3":"status-publish","4":"has-post-thumbnail","6":"product_cat-bucket-cylinders","7":"product_tag-bucket-cylinders","8":"product_tag-hydraulic-cylinders","10":"first","11":"instock","12":"shipping-taxable","13":"product-type-simple"},"amp_enabled":true,"_links":{"self":[{"href":"https:\/\/www.hydraulic-cylinders.net\/cs\/wp-json\/wp\/v2\/product\/15453","targetHints":{"allow":["GET"]}}],"collection":[{"href":"https:\/\/www.hydraulic-cylinders.net\/cs\/wp-json\/wp\/v2\/product"}],"about":[{"href":"https:\/\/www.hydraulic-cylinders.net\/cs\/wp-json\/wp\/v2\/types\/product"}],"replies":[{"embeddable":true,"href":"https:\/\/www.hydraulic-cylinders.net\/cs\/wp-json\/wp\/v2\/comments?post=15453"}],"wp:featuredmedia":[{"embeddable":true,"href":"https:\/\/www.hydraulic-cylinders.net\/cs\/wp-json\/wp\/v2\/media\/14780"}],"wp:attachment":[{"href":"https:\/\/www.hydraulic-cylinders.net\/cs\/wp-json\/wp\/v2\/media?parent=15453"}],"wp:term":[{"taxonomy":"product_brand","embeddable":true,"href":"https:\/\/www.hydraulic-cylinders.net\/cs\/wp-json\/wp\/v2\/product_brand?post=15453"},{"taxonomy":"product_cat","embeddable":true,"href":"https:\/\/www.hydraulic-cylinders.net\/cs\/wp-json\/wp\/v2\/product_cat?post=15453"},{"taxonomy":"product_tag","embeddable":true,"href":"https:\/\/www.hydraulic-cylinders.net\/cs\/wp-json\/wp\/v2\/product_tag?post=15453"}],"curies":[{"name":"wp","href":"https:\/\/api.w.org\/{rel}","templated":true}]}}