{"id":15459,"date":"2025-01-19T14:33:22","date_gmt":"2025-01-19T14:33:22","guid":{"rendered":"https:\/\/www.hydraulic-cylinders.net\/product\/bucket-cylinder-for-xcmg-small-excavator-xe15\/"},"modified":"2025-01-19T14:33:24","modified_gmt":"2025-01-19T14:33:24","slug":"bucket-cylinder-for-xcmg-small-excavator-xe15","status":"publish","type":"product","link":"https:\/\/www.hydraulic-cylinders.net\/cs\/produkt\/bucket-cylinder-for-xcmg-small-excavator-xe15\/","title":{"rendered":"V\u00e1lec l\u017e\u00edce pro mal\u00e9 rypadlo XCMG XE15"},"content":{"rendered":"<h1>V\u00e1lec l\u017e\u00edce pro mal\u00e9 rypadlo XCMG XE15<\/h1>\n<h2>Zaveden\u00ed<\/h2>\n<p>Hydraulick\u00fd v\u00e1lec kope\u010dku je typ hydraulick\u00e9ho v\u00e1lce speci\u00e1ln\u011b navr\u017een\u00e9ho pro ovl\u00e1d\u00e1n\u00ed pohybu kope\u010dk\u016f v t\u011b\u017ek\u00fdch stroj\u00edch, jako jsou bagry, rypadla a \u010deln\u00ed naklada\u010de. Jeho hlavn\u00ed funkc\u00ed je umo\u017enit zved\u00e1n\u00ed, spou\u0161t\u011bn\u00ed a nakl\u00e1p\u011bn\u00ed kope\u010dku, co\u017e usnad\u0148uje prov\u00e1d\u011bn\u00ed r\u016fzn\u00fdch \u00fakol\u016f manipulace s materi\u00e1lem. V hydraulick\u00e9m syst\u00e9mu dosahuje v\u00e1lec kope\u010dku p\u0159esn\u00e9ho ovl\u00e1d\u00e1n\u00ed kope\u010dku zm\u011bnami tlaku hydraulick\u00e9ho oleje, co\u017e umo\u017e\u0148uje obsluze efektivn\u011b manipulovat s t\u011b\u017ek\u00fdmi b\u0159emeny a p\u0159izp\u016fsobovat se slo\u017eit\u00fdm pracovn\u00edm prost\u0159ed\u00edm a rozmanit\u00fdm po\u017eadavk\u016fm na pr\u00e1ci.<\/p>\n<p><img decoding=\"async\" src=\"https:\/\/www.hydraulic-cylinders.net\/wp-content\/uploads\/2025\/01\/songte-company-2.webp\"><\/p>\n<h2>Funkce<\/h2>\n<ul>\n<li><strong>Vysok\u00e1 pevnost a trvanlivost:<\/strong> Kore\u010dkov\u00fd v\u00e1lec, obvykle vyroben\u00fd z vysokopevnostn\u00ed oceli nebo hlin\u00edku, odol\u00e1 vysok\u00e9mu tlaku a velk\u00e9mu zat\u00ed\u017een\u00ed, tak\u017ee je vhodn\u00fd pro n\u00e1ro\u010dn\u00e9 pracovn\u00ed prost\u0159ed\u00ed. Je navr\u017een s ohledem na odolnost proti opot\u0159eben\u00ed a korozi, a proto m\u00e1 del\u0161\u00ed \u017eivotnost.<\/li>\n<li><strong>Efektivn\u00ed hydraulick\u00fd provoz:<\/strong> D\u00edky tlaku hydraulick\u00e9ho oleje k dosa\u017een\u00ed plynul\u00e9ho vysouv\u00e1n\u00ed a zasouv\u00e1n\u00ed m\u016f\u017ee v\u00e1lec l\u017e\u00edce rychle reagovat na ovl\u00e1dac\u00ed povely a poskytovat silnou tla\u010dnou a ta\u017enou s\u00edlu, vhodnou pro manipulaci s t\u011b\u017ek\u00fdmi b\u0159emeny a slo\u017eit\u00e9 provozn\u00ed \u00fakoly.<\/li>\n<li><strong>R\u016fzn\u00e9 typy:<\/strong> V\u00e1lec kore\u010dkov\u00e9ho v\u00e1lce lze volit jako jedno\u010dinn\u00fd (hydraulika se pou\u017e\u00edv\u00e1 pouze v jednom sm\u011bru) nebo dvoj\u010dinn\u00fd (hydraulika se pou\u017e\u00edv\u00e1 v obou sm\u011brech) dle specifick\u00fdch provozn\u00edch po\u017eadavk\u016f. N\u011bkter\u00e9 modely jsou teleskopick\u00e9, co\u017e umo\u017e\u0148uje v\u011bt\u0161\u00ed vysunut\u00ed bez zv\u011bt\u0161en\u00ed vn\u011bj\u0161\u00edch rozm\u011br\u016f, a jsou vhodn\u00e9 pro aplikace s omezen\u00fdm prostorem.<\/li>\n<li><strong>Dokonal\u00e1 n\u00e1hrada:<\/strong> N\u00e1\u0161 produkt dok\u00e1\u017ee tyto hydraulick\u00e9 v\u00e1lce dokonale nahradit.<\/li>\n<\/ul>\n<p><img decoding=\"async\" src=\"https:\/\/www.hydraulic-cylinders.net\/wp-content\/uploads\/2025\/01\/songte-cylinder-head-with-all-kinds-excavator-models.webp\"><\/p>\n<h2>Aplikace<\/h2>\n<p>V\u00e1lce kore\u010dk\u016f jsou nezbytn\u00e9 pro stavebn\u00ed stroje, v\u010detn\u011b bagr\u016f, rypadlo-naklada\u010d\u016f a naklada\u010d\u016f. Pou\u017e\u00edvaj\u00ed se k kop\u00e1n\u00ed, nakl\u00e1d\u00e1n\u00ed a p\u0159emis\u0165ov\u00e1n\u00ed zeminy nebo suti. U rypadlo-naklada\u010d\u016f pom\u00e1h\u00e1 v\u00e1lec kore\u010dk\u016f p\u0159i v\u00fdkopu i zved\u00e1n\u00ed. V zem\u011bd\u011blsk\u00fdch stroj\u00edch se pou\u017e\u00edv\u00e1 u \u010deln\u00edch naklada\u010d\u016f k nab\u00edr\u00e1n\u00ed, zved\u00e1n\u00ed a p\u0159eprav\u011b zeminy, sena a dal\u0161\u00edch materi\u00e1l\u016f. U bagr\u016f umo\u017e\u0148uje v\u00e1lec kore\u010dk\u016f proniknout do p\u016fdy pro v\u00fdkop. U \u010deln\u00edch naklada\u010d\u016f pom\u00e1h\u00e1 s efektivn\u00edm zved\u00e1n\u00edm a vykl\u00e1dkou zbo\u017e\u00ed.<\/p>\n<ul>\n<li><strong>Stavebn\u00ed vybaven\u00ed:<\/strong> V\u00e1lce kore\u010dk\u016f jsou nezbytn\u00e9 pro kop\u00e1n\u00ed, nakl\u00e1d\u00e1n\u00ed a p\u0159emis\u0165ov\u00e1n\u00ed zeminy nebo suti v bagrech, rypadlech a naklada\u010d\u00edch.<\/li>\n<li><strong>Zem\u011bd\u011blsk\u00e9 stroje:<\/strong> Pou\u017e\u00edvaj\u00ed se u \u010deln\u00edch naklada\u010d\u016f k nab\u00edr\u00e1n\u00ed, zved\u00e1n\u00ed a p\u0159eprav\u011b zeminy, sena a dal\u0161\u00edch materi\u00e1l\u016f.<\/li>\n<li><strong>Bagry:<\/strong> V\u00e1lce l\u017e\u00edce umo\u017e\u0148uj\u00ed l\u017e\u00edci proniknout do p\u016fdy pro v\u00fdkop.<\/li>\n<li><strong>\u010celn\u00ed naklada\u010de:<\/strong> Pom\u00e1haj\u00ed efektivn\u011b se zved\u00e1n\u00edm a vykl\u00e1dkou zbo\u017e\u00ed.<\/li>\n<\/ul>\n<h2>Konstruk\u010dn\u00ed aspekty a krit\u00e9ria v\u00fdb\u011bru<\/h2>\n<ul>\n<li><strong>Nosnost:<\/strong> V\u00e1lec kore\u010dkov\u00e9ho v\u00e1lce by m\u011bl b\u00fdt navr\u017een tak, aby vydr\u017eel maxim\u00e1ln\u00ed zat\u00ed\u017een\u00ed, kter\u00e9mu bude vystaven.<\/li>\n<li><strong>T\u011bsn\u011bn\u00ed:<\/strong> V\u00e1lec l\u017e\u00edce by m\u011bl b\u00fdt \u00fa\u010dinn\u011b ut\u011bsn\u011bn, aby se zabr\u00e1nilo \u00faniku hydraulick\u00e9 kapaliny, co\u017e by mohlo zp\u016fsobit po\u0161kozen\u00ed v\u00e1lce a okoln\u00edch sou\u010d\u00e1st\u00ed.<\/li>\n<li><strong>Trvanlivost:<\/strong> V\u00e1lec kore\u010dkov\u00e9ho v\u00e1lce by m\u011bl b\u00fdt vyroben z materi\u00e1l\u016f odoln\u00fdch proti opot\u0159eben\u00ed a korozi, co\u017e prodlu\u017euje jeho \u017eivotnost.<\/li>\n<li><strong>Bezpe\u010dnost:<\/strong> V\u00e1lec kore\u010dkov\u00e9ho v\u00e1lce by m\u011bl b\u00fdt navr\u017een s bezpe\u010dnostn\u00edmi prvky, kter\u00e9 zabra\u0148uj\u00ed nehod\u00e1m, jako jsou p\u0159etlakov\u00e9 ventily a blokovac\u00ed mechanismy.<\/li>\n<li><strong>\u00dadr\u017eba:<\/strong> V\u00e1lec kore\u010dkov\u00e9ho v\u00e1lce by m\u011bl b\u00fdt navr\u017een tak, aby usnad\u0148oval \u00fadr\u017ebu a opravy, s snadn\u00fdm p\u0159\u00edstupem k vnit\u0159n\u00edm sou\u010d\u00e1stem a jasn\u00fdmi pokyny pro demont\u00e1\u017e a mont\u00e1\u017e.<\/li>\n<\/ul>\n<p><img decoding=\"async\" src=\"https:\/\/www.hydraulic-cylinders.net\/wp-content\/uploads\/2025\/01\/songte-oil-pipes-and-spare-parts.webp\"><\/p>\n<h2>T\u011bsn\u011bn\u00ed a maz\u00e1n\u00ed<\/h2>\n<p>Kore\u010dkov\u00fd v\u00e1lec pou\u017e\u00edv\u00e1 r\u016fzn\u00e9 t\u011bsnic\u00ed komponenty, jako jsou t\u011bsn\u011bn\u00ed p\u00edstu a p\u00edstnice vyroben\u00e9 z materi\u00e1l\u016f odoln\u00fdch proti opot\u0159eben\u00ed, jako je polyuretan a nitrilov\u00e1 pry\u017e. Vnit\u0159n\u00ed povrch v\u00e1lce a z\u00e1vitov\u00fd konec jsou p\u0159esn\u011b opracov\u00e1ny pro zv\u00fd\u0161en\u00ed odolnosti proti opot\u0159eben\u00ed. Pro udr\u017een\u00ed optim\u00e1ln\u00edho v\u00fdkonu je nutn\u00e9 pravideln\u00e9 maz\u00e1n\u00ed vhodn\u00fdm mno\u017estv\u00edm hydraulick\u00e9ho oleje.<\/p>\n<h2>Inspekce a preventivn\u00ed \u00fadr\u017eba<\/h2>\n<ul>\n<li>Pravideln\u00e9 kontroly by m\u011bly b\u00fdt prov\u00e1d\u011bny, aby se zjistily jak\u00e9koli zn\u00e1mky opot\u0159eben\u00ed, net\u011bsnost\u00ed nebo jin\u00e9ho po\u0161kozen\u00ed v\u00e1lce.<\/li>\n<li>Spr\u00e1vn\u00e9 maz\u00e1n\u00ed v\u00e1lce a okoln\u00edch sou\u010d\u00e1st\u00ed je nezbytn\u00e9 pro zaji\u0161t\u011bn\u00ed plynul\u00e9ho provozu a prevenci opot\u0159eben\u00ed.<\/li>\n<li>T\u011bsn\u011bn\u00ed by m\u011bla b\u00fdt pravideln\u011b vym\u011b\u0148ov\u00e1na, aby se zabr\u00e1nilo \u00fanik\u016fm a zajistil se spr\u00e1vn\u00fd provoz.<\/li>\n<li>Kalibra\u010dn\u00ed kontroly by m\u011bly b\u00fdt provedeny, aby se zajistilo, \u017ee v\u00e1lec pracuje v r\u00e1mci stanoven\u00fdch limit\u016f.<\/li>\n<\/ul>\n<p><img decoding=\"async\" src=\"https:\/\/www.hydraulic-cylinders.net\/wp-content\/uploads\/2025\/01\/songte-chushion-collar.webp\"><\/p>\n<h2>Bezpe\u010dnostn\u00ed aspekty a faktory prost\u0159ed\u00ed<\/h2>\n<p>P\u0159i pou\u017e\u00edv\u00e1n\u00ed kore\u010dkov\u00fdch v\u00e1lc\u016f je d\u016fle\u017eit\u00e9 dodr\u017eovat bezpe\u010dnostn\u00ed opat\u0159en\u00ed, aby se p\u0159ede\u0161lo nehod\u00e1m. To zahrnuje zaji\u0161t\u011bn\u00ed \u0159\u00e1dn\u00e9 \u00fadr\u017eby za\u0159\u00edzen\u00ed, jeho obsluhy pouze vy\u0161kolen\u00fdm person\u00e1lem a jeho pou\u017e\u00edv\u00e1n\u00ed v souladu s bezpe\u010dnostn\u00edmi p\u0159edpisy. Je t\u0159eba zohlednit tak\u00e9 faktory prost\u0159ed\u00ed, jako je teplota, vlhkost a vystaven\u00ed korozivn\u00edm materi\u00e1l\u016fm.<\/p>\n<h2>Odstra\u0148ov\u00e1n\u00ed probl\u00e9m\u016f a b\u011b\u017en\u00e9 probl\u00e9my<\/h2>\n<ul>\n<li>Net\u011bsnosti: M\u016f\u017ee to b\u00fdt zp\u016fsobeno opot\u0159eben\u00edm nebo po\u0161kozen\u00edm t\u011bsn\u011bn\u00ed \u010di jin\u00fdch sou\u010d\u00e1st\u00ed. T\u011bsn\u011bn\u00ed by m\u011bla b\u00fdt co nejd\u0159\u00edve vym\u011bn\u011bna, aby se zabr\u00e1nilo dal\u0161\u00edmu po\u0161kozen\u00ed.<\/li>\n<li>Pomal\u00fd provoz: \u010casto je to zp\u016fsobeno nedostatkem maz\u00e1n\u00ed nebo opot\u0159ebovan\u00fdmi sou\u010d\u00e1stkami. Maz\u00e1n\u00ed a v\u00fdm\u011bna opot\u0159ebovan\u00fdch d\u00edl\u016f m\u016f\u017ee tento probl\u00e9m vy\u0159e\u0161it.<\/li>\n<li>Nadm\u011brn\u00fd hluk: M\u016f\u017ee b\u00fdt zp\u016fsoben opot\u0159ebovan\u00fdmi nebo po\u0161kozen\u00fdmi sou\u010d\u00e1stkami. V\u00fdm\u011bna posti\u017een\u00fdch d\u00edl\u016f m\u016f\u017ee tento probl\u00e9m vy\u0159e\u0161it.<\/li>\n<\/ul>\n<h2>P\u0159edstaven\u00ed spole\u010dnosti<\/h2>\n<p>Jsme v\u00fdrobcem hydraulick\u00fdch v\u00e1lc\u016f a stali jsme se jedn\u00edm z p\u0159edn\u00edch v\u00fdrobc\u016f a velkoobchodn\u00edch distributor\u016f hydraulick\u00fdch v\u00e1lc\u016f na dom\u00e1c\u00edm i mezin\u00e1rodn\u00edm trhu. \u0158\u00edd\u00edme se principy vynikaj\u00edc\u00ed kvality a spol\u00e9h\u00e1me na strategie \u0159\u00edzen\u00ed v\u00fdroby v propracovan\u00fdch v\u00fdrobn\u00edch d\u00edln\u00e1ch. Neust\u00e1le vylep\u0161ujeme v\u00fdrobn\u00ed platformu d\u00edlny, zlep\u0161ujeme kvalitu v\u00fdroby produkt\u016f a m\u00e1me siln\u00e9 inova\u010dn\u00ed schopnosti, kter\u00e9 poskytuj\u00ed efektivn\u00ed, p\u0159esn\u00e9 a vysoce kvalitn\u00ed produkty, kter\u00e9 spl\u0148uj\u00ed rozmanit\u00e9 pot\u0159eby z\u00e1kazn\u00edk\u016f.<\/p>\n<ul>\n<li><strong>Profesionalita:<\/strong> N\u00e1\u0161 t\u00fdm se skl\u00e1d\u00e1 ze zku\u0161en\u00fdch in\u017een\u00fdr\u016f a technik\u016f, kte\u0159\u00ed se zav\u00e1zali poskytovat vysoce kvalitn\u00ed produkty a slu\u017eby.<\/li>\n<li><strong>Mezin\u00e1rodn\u00ed certifikace:<\/strong> Z\u00edskali jsme certifikaci ISO9001, co\u017e zaru\u010duje, \u017ee na\u0161e v\u00fdrobky spl\u0148uj\u00ed mezin\u00e1rodn\u00ed standardy kvality.<\/li>\n<li><strong>P\u0159izp\u016fsoben\u00ed:<\/strong> Nab\u00edz\u00edme slu\u017eby p\u0159izp\u016fsoben\u00ed, abychom splnili jedine\u010dn\u00e9 pot\u0159eby na\u0161ich z\u00e1kazn\u00edk\u016f.<\/li>\n<li><strong>V\u00fdrobn\u00ed za\u0159\u00edzen\u00ed:<\/strong> Pou\u017e\u00edv\u00e1me modern\u00ed v\u00fdrobn\u00ed za\u0159\u00edzen\u00ed, abychom zajistili kvalitu na\u0161ich produkt\u016f.<\/li>\n<li><strong>Poprodejn\u00ed servis:<\/strong> Poskytujeme komplexn\u00ed poprodejn\u00ed servis, v\u010detn\u011b \u00fadr\u017eby, oprav a v\u00fdm\u011bny d\u00edl\u016f.<\/li>\n<\/ul>\n<p><img decoding=\"async\" src=\"https:\/\/hzpt.com\/wp-content\/uploads\/2024\/11\/songte-company-1.webp\"> <\/p>\n<p>Autor: lyl<\/p>","protected":false},"excerpt":{"rendered":"<p>Bucket Cylinder For XCMG Small Excavator XE15 Introduction A bucket cylinder is a type of hydraulic cylinder specifically designed to control the movement of buckets in heavy machinery such as excavators, backhoes, and front-end loaders. Its main function is to enable the bucket to be lifted, lowered, and tilted, making it easier to carry out [&hellip;]<\/p>","protected":false},"featured_media":14765,"comment_status":"open","ping_status":"closed","template":"","meta":{"_et_pb_use_builder":"","_et_pb_old_content":"","_et_gb_content_width":""},"product_brand":[],"product_cat":[1494],"product_tag":[1495,1496],"class_list":{"0":"post-15459","1":"product","2":"type-product","3":"status-publish","4":"has-post-thumbnail","6":"product_cat-bucket-cylinders","7":"product_tag-bucket-cylinders","8":"product_tag-hydraulic-cylinders","10":"first","11":"instock","12":"shipping-taxable","13":"product-type-simple"},"amp_enabled":true,"_links":{"self":[{"href":"https:\/\/www.hydraulic-cylinders.net\/cs\/wp-json\/wp\/v2\/product\/15459","targetHints":{"allow":["GET"]}}],"collection":[{"href":"https:\/\/www.hydraulic-cylinders.net\/cs\/wp-json\/wp\/v2\/product"}],"about":[{"href":"https:\/\/www.hydraulic-cylinders.net\/cs\/wp-json\/wp\/v2\/types\/product"}],"replies":[{"embeddable":true,"href":"https:\/\/www.hydraulic-cylinders.net\/cs\/wp-json\/wp\/v2\/comments?post=15459"}],"wp:featuredmedia":[{"embeddable":true,"href":"https:\/\/www.hydraulic-cylinders.net\/cs\/wp-json\/wp\/v2\/media\/14765"}],"wp:attachment":[{"href":"https:\/\/www.hydraulic-cylinders.net\/cs\/wp-json\/wp\/v2\/media?parent=15459"}],"wp:term":[{"taxonomy":"product_brand","embeddable":true,"href":"https:\/\/www.hydraulic-cylinders.net\/cs\/wp-json\/wp\/v2\/product_brand?post=15459"},{"taxonomy":"product_cat","embeddable":true,"href":"https:\/\/www.hydraulic-cylinders.net\/cs\/wp-json\/wp\/v2\/product_cat?post=15459"},{"taxonomy":"product_tag","embeddable":true,"href":"https:\/\/www.hydraulic-cylinders.net\/cs\/wp-json\/wp\/v2\/product_tag?post=15459"}],"curies":[{"name":"wp","href":"https:\/\/api.w.org\/{rel}","templated":true}]}}