{"id":15465,"date":"2025-01-19T14:33:53","date_gmt":"2025-01-19T14:33:53","guid":{"rendered":"https:\/\/www.hydraulic-cylinders.net\/product\/bucket-cylinder-for-xcmg-small-excavator-xe65ca\/"},"modified":"2025-01-19T14:33:55","modified_gmt":"2025-01-19T14:33:55","slug":"bucket-cylinder-for-xcmg-small-excavator-xe65ca","status":"publish","type":"product","link":"https:\/\/www.hydraulic-cylinders.net\/cs\/produkt\/bucket-cylinder-for-xcmg-small-excavator-xe65ca\/","title":{"rendered":"V\u00e1lec l\u017e\u00edce pro mal\u00e9 rypadlo XCMG XE65CA"},"content":{"rendered":"<h1>V\u00e1lec l\u017e\u00edce pro mal\u00e9 rypadlo XCMG XE65CA<\/h1>\n<h2>Zaveden\u00ed<\/h2>\n<h3>Definice kore\u010dkov\u00e9ho v\u00e1lce<\/h3>\n<p>Hydraulick\u00fd v\u00e1lec l\u017e\u00edce je speci\u00e1ln\u011b navr\u017een\u00fd hydraulick\u00fd v\u00e1lec, kter\u00fd se pou\u017e\u00edv\u00e1 hlavn\u011b k ovl\u00e1d\u00e1n\u00ed pohybu l\u017e\u00edce v t\u011b\u017ek\u00fdch stroj\u00edch, jako jsou rypadla, r\u00fdpadlo-naklada\u010de a \u010deln\u00ed naklada\u010de. Jeho hlavn\u00ed funkc\u00ed je umo\u017enit zved\u00e1n\u00ed, spou\u0161t\u011bn\u00ed a nakl\u00e1p\u011bn\u00ed l\u017e\u00edce, co\u017e usnad\u0148uje r\u016fzn\u00e9 \u00fakoly manipulace s materi\u00e1lem. V hydraulick\u00e9m syst\u00e9mu dosahuje v\u00e1lec l\u017e\u00edce p\u0159esn\u00e9ho ovl\u00e1d\u00e1n\u00ed pohybu l\u017e\u00edce prost\u0159ednictv\u00edm zm\u011bny tlaku hydraulick\u00e9ho oleje, co\u017e umo\u017e\u0148uje obsluze efektivn\u011b manipulovat s t\u011b\u017ek\u00fdmi b\u0159emeny a p\u0159izp\u016fsobovat se slo\u017eit\u00fdm pracovn\u00edm prost\u0159ed\u00edm a rozmanit\u00fdm provozn\u00edm pot\u0159eb\u00e1m.<\/p>\n<p><img decoding=\"async\" src=\"https:\/\/www.hydraulic-cylinders.net\/wp-content\/uploads\/2025\/01\/songte-company-2.webp\" alt=\"obr\u00e1zek v\u00e1lce kbel\u00edku\"><\/p>\n<h3>Funkce<\/h3>\n<ul>\n<li>Vysok\u00e1 pevnost a odolnost: Obvykle je vyroben z vysokopevnostn\u00ed oceli nebo hlin\u00edku, odol\u00e1 vysok\u00e9mu tlaku a velk\u00e9mu zat\u00ed\u017een\u00ed, a p\u0159izp\u016fsob\u00ed se tak n\u00e1ro\u010dn\u00e9mu pracovn\u00edmu prost\u0159ed\u00ed. Konstrukce zohled\u0148uje odolnost proti opot\u0159eben\u00ed a korozi, co\u017e prodlu\u017euje jeho \u017eivotnost.<\/li>\n<li>Efektivn\u00ed hydraulick\u00fd provoz: Vyu\u017eit\u00ed tlaku hydraulick\u00e9ho oleje k dosa\u017een\u00ed plynul\u00e9ho vysouv\u00e1n\u00ed a zasouv\u00e1n\u00ed, schopnost rychl\u00e9 reakce na ovl\u00e1dac\u00ed povely, zaji\u0161t\u011bn\u00ed siln\u00e9 tla\u010dn\u00e9 a ta\u017en\u00e9 s\u00edly, vhodn\u00e9 pro manipulaci s t\u011b\u017ek\u00fdmi b\u0159emeny a slo\u017eit\u00fdmi \u00fakoly.<\/li>\n<li>R\u016fzn\u00e9 typy: Podle provozn\u00edch pot\u0159eb lze zvolit jedno\u010dinn\u00e9 (hydraulicky ovl\u00e1dan\u00e9 pouze v jednom sm\u011bru) nebo dvoj\u010dinn\u00e9 (hydraulicky ovl\u00e1dan\u00e9 v obou sm\u011brech) v\u00e1lce. N\u011bkter\u00e9 modely jsou teleskopick\u00e9, co\u017e umo\u017e\u0148uje v\u011bt\u0161\u00ed vysunut\u00ed bez zv\u011bt\u0161en\u00ed vn\u011bj\u0161\u00edch rozm\u011br\u016f, a jsou vhodn\u00e9 pro aplikace s omezen\u00fdm prostorem.<\/li>\n<li>Vym\u011bniteln\u00e9 za jin\u00e9 hydraulick\u00e9 v\u00e1lce<\/li>\n<li>Vyrobeno na\u0161\u00ed spole\u010dnost\u00ed<\/li>\n<\/ul>\n<p><img decoding=\"async\" src=\"https:\/\/www.hydraulic-cylinders.net\/wp-content\/uploads\/2025\/01\/songte-cylinder-head-with-all-kinds-excavator-models.webp\" alt=\"obr\u00e1zek v\u00e1lce kbel\u00edku\"><\/p>\n<h3>Aplikace<\/h3>\n<p>Kore\u010dkov\u00fd v\u00e1lec se \u0161iroce pou\u017e\u00edv\u00e1 v r\u016fzn\u00fdch stavebn\u00edch stroj\u00edch, zem\u011bd\u011blsk\u00fdch stroj\u00edch, t\u011b\u017eebn\u00edch za\u0159\u00edzen\u00edch a dal\u0161\u00edch pr\u016fmyslov\u00fdch odv\u011btv\u00edch.<\/p>\n<h4>Stavebn\u00ed stroje<\/h4>\n<ul>\n<li>Rypadla: V\u00e1lec l\u017e\u00edce umo\u017e\u0148uje kop\u00e1n\u00ed t\u00edm, \u017ee l\u017e\u00edce pronik\u00e1 do p\u016fdy.<\/li>\n<li>R\u00fdpadlo-naklada\u010de: V\u00e1lec l\u017e\u00edce pom\u00e1h\u00e1 p\u0159i kop\u00e1n\u00ed i zved\u00e1n\u00ed.<\/li>\n<li>Naklada\u010de: U \u010deln\u00edch naklada\u010d\u016f pom\u00e1haj\u00ed kore\u010dkov\u00e9 v\u00e1lce s efektivn\u00edm zved\u00e1n\u00edm a nakl\u00e1p\u011bn\u00edm n\u00e1kladu.<\/li>\n<\/ul>\n<h4>Zem\u011bd\u011blsk\u00e9 stroje<\/h4>\n<ul>\n<li>\u010celn\u00ed naklada\u010de: Pou\u017e\u00edvaj\u00ed se k nab\u00edr\u00e1n\u00ed, zved\u00e1n\u00ed a p\u0159eprav\u011b zeminy, sena a dal\u0161\u00edch materi\u00e1l\u016f.<\/li>\n<\/ul>\n<h4>T\u011b\u017eebn\u00ed za\u0159\u00edzen\u00ed<\/h4>\n<ul>\n<li>Pou\u017e\u00edv\u00e1 se v t\u011b\u017ek\u00fdch d\u016fln\u00edch stroj\u00edch, jako jsou vrta\u010dky a d\u016fln\u00ed bagry, k efektivn\u00edmu a \u00fa\u010dinn\u00e9mu p\u0159esunu a zved\u00e1n\u00ed t\u011b\u017ek\u00fdch b\u0159emen.<\/li>\n<\/ul>\n<h3>Konstruk\u010dn\u00ed aspekty a krit\u00e9ria v\u00fdb\u011bru<\/h3>\n<h4>\u00davahy o designu<\/h4>\n<ul>\n<li>Nosnost<\/li>\n<li>T\u011bsnic\u00ed v\u00fdkon<\/li>\n<li>Trvanlivost<\/li>\n<li>Bezpe\u010dnost<\/li>\n<li>Udr\u017eovatelnost<\/li>\n<\/ul>\n<h4>Krit\u00e9ria v\u00fdb\u011bru<\/h4>\n<ul>\n<li>Nosnost n\u00e1kladu<\/li>\n<li>D\u00e9lka zdvihu<\/li>\n<li>Pr\u016fm\u011br otvoru<\/li>\n<li>Provozn\u00ed tlak<\/li>\n<li>Typ a uspo\u0159\u00e1d\u00e1n\u00ed mont\u00e1\u017ee<\/li>\n<li>Odolnost proti korozi<\/li>\n<\/ul>\n<p><img decoding=\"async\" src=\"https:\/\/www.hydraulic-cylinders.net\/wp-content\/uploads\/2025\/01\/songte-oil-pipes-and-spare-parts.webp\" alt=\"obr\u00e1zek v\u00e1lce kbel\u00edku\"><\/p>\n<h3>T\u011bsn\u011bn\u00ed a maz\u00e1n\u00ed<\/h3>\n<p>Kore\u010dkov\u00e9 v\u00e1lce obvykle vyu\u017e\u00edvaj\u00ed r\u016fzn\u00e9 t\u011bsnic\u00ed komponenty, jako jsou p\u00edstn\u00ed t\u011bsn\u011bn\u00ed a t\u011bsn\u011bn\u00ed p\u00edstnice, vyroben\u00e9 z materi\u00e1l\u016f odoln\u00fdch proti opot\u0159eben\u00ed, jako je polyuretan a nitrilov\u00e1 pry\u017e, aby byla zaji\u0161t\u011bna t\u011bsnic\u00ed v\u00fdkon a trvanlivost. T\u011bleso v\u00e1lce a povrch z\u00e1vitu proch\u00e1zej\u00ed jemn\u00fdm opracov\u00e1n\u00edm pro zlep\u0161en\u00ed odolnosti proti opot\u0159eben\u00ed. Pro udr\u017een\u00ed hladk\u00e9ho chodu je nutn\u00e9 pravideln\u00e9 maz\u00e1n\u00ed vhodn\u00fdm mno\u017estv\u00edm hydraulick\u00e9ho oleje.<\/p>\n<h3>\u00dadr\u017eba a opravy<\/h3>\n<p>Pravideln\u00e1 \u00fadr\u017eba a kontrola jsou z\u00e1sadn\u00ed pro prodlou\u017een\u00ed \u017eivotnosti kore\u010dkov\u00e9ho v\u00e1lce. Mezi b\u011b\u017en\u00e9 \u00fakoly \u00fadr\u017eby pat\u0159\u00ed maz\u00e1n\u00ed, v\u00fdm\u011bna t\u011bsn\u011bn\u00ed a kontrola kalibrace. B\u011bhem instalace je nezbytn\u00e9 poskytnout spr\u00e1vn\u00e9 pokyny k vyrovn\u00e1n\u00ed v\u00e1lce a k jeho zaji\u0161t\u011bn\u00ed pou\u017e\u00edt vhodn\u00e9 mont\u00e1\u017en\u00ed konzoly. Doporu\u010den\u00e9 postupy kontroly, opravy a v\u00fdm\u011bny naleznete v n\u00e1vodu k v\u00fdrobku. K dispozici jsou tak\u00e9 slu\u017eby renovace a n\u00e1hradn\u00ed d\u00edly.<\/p>\n<p><img decoding=\"async\" src=\"https:\/\/www.hydraulic-cylinders.net\/wp-content\/uploads\/2025\/01\/songte-chushion-collar.webp\" alt=\"obr\u00e1zek v\u00e1lce kbel\u00edku\"><\/p>\n<h3>Bezpe\u010dnostn\u00ed a environment\u00e1ln\u00ed aspekty<\/h3>\n<p>P\u0159i pou\u017e\u00edv\u00e1n\u00ed kore\u010dkov\u00fdch v\u00e1lc\u016f je nutn\u00e9 p\u0159ijmout vhodn\u00e1 bezpe\u010dnostn\u00ed opat\u0159en\u00ed, aby se zabr\u00e1nilo zran\u011bn\u00ed obsluhy a p\u0159ihl\u00ed\u017eej\u00edc\u00edch. Je t\u0159eba zohlednit i environment\u00e1ln\u00ed probl\u00e9my, jako jsou \u00faniky ropy, a p\u0159ijmout vhodn\u00e1 opat\u0159en\u00ed k ochran\u011b okoln\u00edho prost\u0159ed\u00ed.<\/p>\n<h3>Diagnostika a odstra\u0148ov\u00e1n\u00ed z\u00e1vad<\/h3>\n<p>Mezi b\u011b\u017en\u00e9 probl\u00e9my s kore\u010dkov\u00fdmi v\u00e1lci pat\u0159\u00ed net\u011bsn\u00e1 t\u011bsn\u011bn\u00ed, vadn\u00e9 p\u00edstnice a po\u0161kozen\u00e1 t\u011bsn\u011bn\u00ed p\u00edst\u016f. Diagnostika z\u00e1vad a metody \u0159e\u0161en\u00ed probl\u00e9m\u016f jsou uvedeny v n\u00e1vodu k pou\u017eit\u00ed. Pravideln\u00e1 \u00fadr\u017eba a kontrola mohou tak\u00e9 pomoci p\u0159edch\u00e1zet potenci\u00e1ln\u00edm probl\u00e9m\u016fm.<\/p>\n<p><img decoding=\"async\" src=\"https:\/\/www.hydraulic-cylinders.net\/wp-content\/uploads\/2025\/01\/songte-bushings-with-all-kinds-of-excavator-models.webp\" alt=\"obr\u00e1zek v\u00e1lce kbel\u00edku\"><\/p>\n<h2>O n\u00e1s<\/h2>\n<p>Jsme v\u00fdrobcem hydraulick\u00fdch v\u00e1lc\u016f a dod\u00e1v\u00e1me r\u016fzn\u00e9 hydraulick\u00e9 v\u00e1lce, kter\u00e9 nahrazuj\u00ed d\u00edly v\u00fdrobc\u016f origin\u00e1ln\u00edch za\u0159\u00edzen\u00ed (OEM). Stali jsme se jedn\u00edm z p\u0159edn\u00edch v\u00fdrobc\u016f a velkoobchodn\u00edch distributor\u016f hydraulick\u00fdch v\u00e1lc\u016f na dom\u00e1c\u00edm i mezin\u00e1rodn\u00edm trhu. Na\u0161e v\u00fdrobn\u00ed d\u00edlna se \u0159\u00edd\u00ed strategi\u00ed \u0159\u00edzen\u00ed pr\u016fmyslov\u00e9 v\u00fdroby vynikaj\u00edc\u00ed kvality a spol\u00e9h\u00e1 na technologick\u00e9 talenty, \u0161pi\u010dkov\u00e9 digit\u00e1ln\u00ed v\u00fdrobn\u00ed za\u0159\u00edzen\u00ed a profesion\u00e1ln\u00ed testovac\u00ed syst\u00e9my. Neust\u00e1le zlep\u0161ujeme v\u00fdrobn\u00ed platformu d\u00edlny, zlep\u0161ujeme kvalitu v\u00fdrobn\u00edho procesu a m\u00e1me silnou v\u00fdrobn\u00ed kapacitu. Na\u0161\u00edm c\u00edlem je uspokojovat rozmanit\u00e9 pot\u0159eby z\u00e1kazn\u00edk\u016f s vysokou efektivitou, vysokou p\u0159esnost\u00ed a principy vysok\u00e9 kvality.<\/p>\n<h3>Profesionalita<\/h3>\n<p>Na\u0161e spole\u010dnost m\u00e1 t\u00fdm profesion\u00e1l\u016f s dlouholet\u00fdmi zku\u0161enostmi v oboru hydraulick\u00fdch v\u00e1lc\u016f, kte\u0159\u00ed z\u00e1kazn\u00edk\u016fm poskytuj\u00ed profesion\u00e1ln\u00ed poradenstv\u00ed a \u0159e\u0161en\u00ed.<\/p>\n<h3>Mezin\u00e1rodn\u00ed certifikace<\/h3>\n<p>Na\u0161e spole\u010dnost z\u00edskala \u0159adu mezin\u00e1rodn\u00edch certifikac\u00ed, jako nap\u0159\u00edklad ISO 9001 a CE, co\u017e zaru\u010duje, \u017ee na\u0161e v\u00fdrobky spl\u0148uj\u00ed mezin\u00e1rodn\u00ed standardy kvality.<\/p>\n<h3>Slu\u017eby p\u0159izp\u016fsoben\u00ed<\/h3>\n<p>Nab\u00edz\u00edme slu\u017eby p\u0159izp\u016fsoben\u00ed, abychom splnili jedine\u010dn\u00e9 pot\u0159eby z\u00e1kazn\u00edk\u016f, v\u010detn\u011b designu v\u00e1lc\u016f, velikosti a v\u00fdb\u011bru materi\u00e1lu.<\/p>\n<h3>V\u00fdrobn\u00ed za\u0159\u00edzen\u00ed<\/h3>\n<p>Na\u0161e spole\u010dnost disponuje kompletn\u00ed sadou modern\u00edch v\u00fdrobn\u00edch za\u0159\u00edzen\u00ed, v\u010detn\u011b CNC obr\u00e1b\u011bc\u00edch stroj\u016f, automatick\u00fdch sv\u00e1\u0159e\u010dek, hydraulick\u00fdch lis\u016f a testovac\u00edch za\u0159\u00edzen\u00ed, co\u017e zaji\u0161\u0165uje stabiln\u00ed kvalitu na\u0161ich v\u00fdrobk\u016f.<\/p>\n<h3>Poprodejn\u00ed servis<\/h3>\n<p>Z\u00e1kazn\u00edk\u016fm poskytujeme v\u010dasn\u00fd poprodejn\u00ed servis, v\u010detn\u011b instalace, \u00fadr\u017eby, oprav a v\u00fdm\u011bny d\u00edl\u016f, co\u017e zaji\u0161\u0165uje, \u017ee na\u0161i z\u00e1kazn\u00edci mohou na\u0161e produkty pou\u017e\u00edvat s d\u016fv\u011brou.<\/p>\n<p><img decoding=\"async\" src=\"https:\/\/www.hydraulic-cylinders.net\/wp-content\/uploads\/2025\/01\/songte-company-3.webp\" alt=\"image spole\u010dnosti\"><\/p>\n<p>Autor: lyl<\/p>","protected":false},"excerpt":{"rendered":"<p>Bucket Cylinder For XCMG Small Excavator XE65CA Introduction Definition of Bucket Cylinder Bucket cylinder is a specifically designed hydraulic cylinder mainly used to control the motion of the bucket in heavy-duty machinery such as excavators, backhoe loaders, and front-end loaders. Its main function is to enable the bucket to lift, lower, and tilt, facilitating various [&hellip;]<\/p>","protected":false},"featured_media":14785,"comment_status":"open","ping_status":"closed","template":"","meta":{"_et_pb_use_builder":"","_et_pb_old_content":"","_et_gb_content_width":""},"product_brand":[],"product_cat":[1494],"product_tag":[1495,1496],"class_list":{"0":"post-15465","1":"product","2":"type-product","3":"status-publish","4":"has-post-thumbnail","6":"product_cat-bucket-cylinders","7":"product_tag-bucket-cylinders","8":"product_tag-hydraulic-cylinders","10":"first","11":"instock","12":"shipping-taxable","13":"product-type-simple"},"amp_enabled":true,"_links":{"self":[{"href":"https:\/\/www.hydraulic-cylinders.net\/cs\/wp-json\/wp\/v2\/product\/15465","targetHints":{"allow":["GET"]}}],"collection":[{"href":"https:\/\/www.hydraulic-cylinders.net\/cs\/wp-json\/wp\/v2\/product"}],"about":[{"href":"https:\/\/www.hydraulic-cylinders.net\/cs\/wp-json\/wp\/v2\/types\/product"}],"replies":[{"embeddable":true,"href":"https:\/\/www.hydraulic-cylinders.net\/cs\/wp-json\/wp\/v2\/comments?post=15465"}],"wp:featuredmedia":[{"embeddable":true,"href":"https:\/\/www.hydraulic-cylinders.net\/cs\/wp-json\/wp\/v2\/media\/14785"}],"wp:attachment":[{"href":"https:\/\/www.hydraulic-cylinders.net\/cs\/wp-json\/wp\/v2\/media?parent=15465"}],"wp:term":[{"taxonomy":"product_brand","embeddable":true,"href":"https:\/\/www.hydraulic-cylinders.net\/cs\/wp-json\/wp\/v2\/product_brand?post=15465"},{"taxonomy":"product_cat","embeddable":true,"href":"https:\/\/www.hydraulic-cylinders.net\/cs\/wp-json\/wp\/v2\/product_cat?post=15465"},{"taxonomy":"product_tag","embeddable":true,"href":"https:\/\/www.hydraulic-cylinders.net\/cs\/wp-json\/wp\/v2\/product_tag?post=15465"}],"curies":[{"name":"wp","href":"https:\/\/api.w.org\/{rel}","templated":true}]}}