{"id":15469,"date":"2025-01-19T14:34:09","date_gmt":"2025-01-19T14:34:09","guid":{"rendered":"https:\/\/www.hydraulic-cylinders.net\/product\/bucket-cylinder-for-xcmg-middle-excavator-xe215ca\/"},"modified":"2025-01-19T14:34:11","modified_gmt":"2025-01-19T14:34:11","slug":"bucket-cylinder-for-xcmg-middle-excavator-xe215ca","status":"publish","type":"product","link":"https:\/\/www.hydraulic-cylinders.net\/cs\/produkt\/bucket-cylinder-for-xcmg-middle-excavator-xe215ca\/","title":{"rendered":"V\u00e1lec l\u017e\u00edce pro st\u0159edn\u00ed bagr XCMG XE215CA"},"content":{"rendered":"<h1>V\u00e1lec l\u017e\u00edce pro st\u0159edn\u00ed bagr XCMG XE215CA<\/h1>\n<h2>Zaveden\u00ed<\/h2>\n<p>Hydraulick\u00fd v\u00e1lec kope\u010dku je speci\u00e1ln\u011b navr\u017een\u00fd hydraulick\u00fd v\u00e1lec, kter\u00fd se prim\u00e1rn\u011b pou\u017e\u00edv\u00e1 k ovl\u00e1d\u00e1n\u00ed pohybu kope\u010dk\u016f v t\u011b\u017ek\u00fdch stroj\u00edch, jako jsou bagry, r\u00fdpadla-rypadla a \u010deln\u00ed naklada\u010de. Jeho prim\u00e1rn\u00ed funkc\u00ed je umo\u017enit zved\u00e1n\u00ed, spou\u0161t\u011bn\u00ed a nakl\u00e1p\u011bn\u00ed kope\u010dku, co\u017e usnad\u0148uje manipulaci s r\u016fzn\u00fdmi materi\u00e1ly. V hydraulick\u00e9m syst\u00e9mu dosahuje v\u00e1lec kope\u010dku p\u0159esn\u00e9ho ovl\u00e1d\u00e1n\u00ed kope\u010dku zm\u011bnami tlaku hydraulick\u00e9ho oleje, co\u017e umo\u017e\u0148uje obsluze efektivn\u011b manipulovat s t\u011b\u017ek\u00fdmi b\u0159emeny a p\u0159izp\u016fsobovat se slo\u017eit\u00fdm pracovn\u00edm prost\u0159ed\u00edm a rozmanit\u00fdm po\u017eadavk\u016fm na pr\u00e1ci.<\/p>\n<p><img decoding=\"async\" src=\"https:\/\/www.hydraulic-cylinders.net\/wp-content\/uploads\/2025\/01\/songte-company-2.webp\" \/><\/p>\n<h2>Funkce<\/h2>\n<ul>\n<li>Vysok\u00e1 pevnost a odolnost: Obvykle je vyroben z vysokopevnostn\u00ed oceli nebo hlin\u00edku, odol\u00e1 vysok\u00e9mu tlaku a velk\u00e9mu zat\u00ed\u017een\u00ed, a p\u0159izp\u016fsob\u00ed se tak n\u00e1ro\u010dn\u00e9mu pracovn\u00edmu prost\u0159ed\u00ed. Konstrukce zohled\u0148uje odolnost proti opot\u0159eben\u00ed a korozi, \u010d\u00edm\u017e prodlu\u017euje \u017eivotnost.<\/li>\n<li>Efektivn\u00ed hydraulick\u00fd provoz: Plynul\u00e9 pohyby vysouv\u00e1n\u00ed a smr\u0161\u0165ov\u00e1n\u00ed jsou dosahov\u00e1ny pomoc\u00ed hydraulick\u00e9ho tlaku, kter\u00fd dok\u00e1\u017ee rychle reagovat na \u0159\u00eddic\u00ed povely a poskytuje siln\u00e9 ta\u017en\u00e9 a tla\u010dn\u00e9 s\u00edly vhodn\u00e9 pro manipulaci s t\u011b\u017ek\u00fdmi b\u0159emeny a slo\u017eit\u00e9 pracovn\u00ed \u00fakoly.<\/li>\n<li>R\u016fzn\u00e9 typy: Jedno\u010dinn\u00e9 (hydraulick\u00fd pohon se pou\u017e\u00edv\u00e1 pouze v jednom sm\u011bru) nebo dvoj\u010dinn\u00e9 (hydraulick\u00fd pohon se pou\u017e\u00edv\u00e1 v obou sm\u011brech) v\u00e1lce lze volit dle po\u017eadavk\u016f a spl\u0148ovat r\u016fzn\u00e9 provozn\u00ed pot\u0159eby. N\u011bkter\u00e9 modely jsou teleskopick\u00e9, co\u017e umo\u017e\u0148uje v\u011bt\u0161\u00ed vysunut\u00ed bez zv\u011bt\u0161en\u00ed vn\u011bj\u0161\u00edch rozm\u011br\u016f, vhodn\u00e9 pro aplikace s omezen\u00fdm prostorem.<\/li>\n<li>Vym\u011bniteln\u00e9: N\u00e1\u0161 produkt dok\u00e1\u017ee tyto hydraulick\u00e9 v\u00e1lce dokonale nahradit.<\/li>\n<\/ul>\n<p><img decoding=\"async\" src=\"https:\/\/www.hydraulic-cylinders.net\/wp-content\/uploads\/2025\/01\/songte-cylinder-head-with-all-kinds-excavator-models.webp\" \/><\/p>\n<h2>Aplikace<\/h2>\n<p>Kore\u010dkov\u00e9 v\u00e1lce se \u0161iroce pou\u017e\u00edvaj\u00ed v r\u016fzn\u00fdch pr\u016fmyslov\u00fdch odv\u011btv\u00edch, v\u010detn\u011b:<\/p>\n<ul>\n<li>Stavebn\u00ed stroje: U bagr\u016f jsou nezbytn\u00e9 pro v\u00fdkopov\u00e9 pr\u00e1ce, nakl\u00e1d\u00e1n\u00ed a p\u0159emis\u0165ov\u00e1n\u00ed zeminy nebo suti. U r\u00fdpadel s r\u00fdpadly pom\u00e1haj\u00ed kore\u010dkov\u00e9 v\u00e1lce jak p\u0159i v\u00fdkopov\u00fdch prac\u00edch, tak p\u0159i zved\u00e1n\u00ed. <\/li>\n<li>Zem\u011bd\u011blsk\u00e9 stroje: Pou\u017e\u00edvaj\u00ed se na \u010deln\u00edch naklada\u010d\u00edch pro nab\u00edr\u00e1n\u00ed, zved\u00e1n\u00ed a p\u0159epravu p\u016fdy, sena a dal\u0161\u00edch materi\u00e1l\u016f.<\/li>\n<li>Rypadla: V\u00e1lce l\u017e\u00edce dosahuj\u00ed kop\u00e1n\u00ed t\u00edm, \u017ee umo\u017e\u0148uj\u00ed l\u017e\u00edci proniknout do p\u016fdy.<\/li>\n<li>Naklada\u010de: \u010celn\u00ed naklada\u010de pom\u00e1haj\u00ed s efektivn\u00edm zved\u00e1n\u00edm a vykl\u00e1dkou zbo\u017e\u00ed.<\/li>\n<\/ul>\n<p>Poj\u010fme si ka\u017edou aplikaci rozebrat podrobn\u011bji:<\/p>\n<h3>Stavebn\u00ed stroje<\/h3>\n<p>U bagr\u016f jsou kore\u010dkov\u00e9 v\u00e1lce kl\u00ed\u010dov\u00e9 pro v\u00fdkopov\u00e9 pr\u00e1ce, nakl\u00e1d\u00e1n\u00ed a p\u0159emis\u0165ov\u00e1n\u00ed zeminy nebo suti. U r\u00fdpadel s r\u00fdpadly pom\u00e1haj\u00ed kore\u010dkov\u00e9 v\u00e1lce jak p\u0159i v\u00fdkopov\u00fdch prac\u00edch, tak p\u0159i zved\u00e1n\u00ed. Jsou tak\u00e9 u\u017eite\u010dn\u00e9 u \u010deln\u00edch naklada\u010d\u016f pro manipulaci s sutinou a jin\u00fdmi t\u011b\u017ek\u00fdmi materi\u00e1ly.<\/p>\n<h3>Zem\u011bd\u011blsk\u00e9 stroje<\/h3>\n<p>Kore\u010dkov\u00e9 v\u00e1lce jsou u\u017eite\u010dn\u00e9 v zem\u011bd\u011blsk\u00fdch stroj\u00edch pro manipulaci s p\u016fdou, senem a dal\u0161\u00edmi materi\u00e1ly. Pou\u017e\u00edvaj\u00ed se u \u010deln\u00edch naklada\u010d\u016f pro nab\u00edr\u00e1n\u00ed, zved\u00e1n\u00ed a p\u0159epravu p\u016fdy, sena a dal\u0161\u00edch materi\u00e1l\u016f.<\/p>\n<h3>Bagry<\/h3>\n<p>V\u00e1lce kore\u010dk\u016f dosahuj\u00ed v rypadlech rypn\u00e9ho \u00fa\u010dinku t\u00edm, \u017ee umo\u017e\u0148uj\u00ed kore\u010dce proniknout do p\u016fdy. Umo\u017e\u0148uj\u00ed tak\u00e9 zved\u00e1n\u00ed, spou\u0161t\u011bn\u00ed a nakl\u00e1p\u011bn\u00ed kore\u010dky, co\u017e usnad\u0148uje manipulaci s r\u016fzn\u00fdmi materi\u00e1ly.<\/p>\n<h3>Naklada\u010de<\/h3>\n<p>U \u010deln\u00edch naklada\u010d\u016f pom\u00e1haj\u00ed v\u00e1lce kore\u010dk\u016f efektivn\u011b zvedat a vykl\u00e1p\u011bt zbo\u017e\u00ed. Umo\u017e\u0148uj\u00ed zved\u00e1n\u00ed, spou\u0161t\u011bn\u00ed a nakl\u00e1p\u011bn\u00ed kore\u010dk\u016f, co\u017e usnad\u0148uje manipulaci s r\u016fzn\u00fdmi materi\u00e1ly.<\/p>\n<h2>\u00davahy o n\u00e1vrhu a standardy v\u00fdb\u011bru<\/h2>\n<p>P\u0159i navrhov\u00e1n\u00ed kore\u010dkov\u00fdch v\u00e1lc\u016f je t\u0159eba zv\u00e1\u017eit n\u011bkolik faktor\u016f, v\u010detn\u011b \u00fanosnosti, t\u011bsn\u011bn\u00ed, trvanlivosti, bezpe\u010dnosti a \u00fadr\u017eby. Poj\u010fme se na ka\u017ed\u00fd bod pod\u00edvat podrobn\u011bji:<\/p>\n<h3>\u00danosnost<\/h3>\n<p>Kore\u010dkov\u00e9 v\u00e1lce mus\u00ed b\u00fdt navr\u017eeny tak, aby odolaly vysok\u00e9mu tlaku a velk\u00e9mu zat\u00ed\u017een\u00ed, aby se p\u0159izp\u016fsobily n\u00e1ro\u010dn\u00e9mu pracovn\u00edmu prost\u0159ed\u00ed. Obvykle se vyr\u00e1b\u011bj\u00ed z vysokopevnostn\u00ed oceli nebo hlin\u00edku.<\/p>\n<h3>T\u011bsn\u011bn\u00ed<\/h3>\n<p>Kore\u010dkov\u00e9 v\u00e1lce pou\u017e\u00edvaj\u00ed r\u016fzn\u00e9 t\u011bsnic\u00ed prvky, aby se zabr\u00e1nilo \u00faniku. Mezi b\u011b\u017en\u011b pou\u017e\u00edvan\u00e9 t\u011bsnic\u00ed prvky pat\u0159\u00ed t\u011bsnic\u00ed krou\u017eky p\u00edst\u016f, t\u011bsnic\u00ed krou\u017eky p\u00edstnic atd. T\u011bsnic\u00ed prvky jsou vyrobeny z materi\u00e1l\u016f odoln\u00fdch proti opot\u0159eben\u00ed, jako je polyuretan a nitrilov\u00e1 pry\u017e.<\/p>\n<h3>Trvanlivost<\/h3>\n<p>T\u011bleso v\u00e1lce a z\u00e1vitov\u00fd konec jsou jemn\u011b opracov\u00e1ny pro zlep\u0161en\u00ed odolnosti proti opot\u0159eben\u00ed. Pravideln\u00e9 p\u0159id\u00e1v\u00e1n\u00ed odpov\u00eddaj\u00edc\u00edho mno\u017estv\u00ed hydraulick\u00e9ho oleje m\u016f\u017ee pomoci promazat v\u00e1lec a prodlou\u017eit jeho \u017eivotnost.<\/p>\n<h3>Bezpe\u010dnost<\/h3>\n<p>Kore\u010dkov\u00e9 v\u00e1lce mus\u00ed spl\u0148ovat bezpe\u010dnostn\u00ed normy, aby se p\u0159ede\u0161lo nehod\u00e1m. Je d\u016fle\u017eit\u00e9 zajistit, aby byl v\u00e1lec spr\u00e1vn\u011b nainstalov\u00e1n a aby jeho provozn\u00ed podm\u00ednky byly bezpe\u010dn\u00e9.<\/p>\n<h3>Udr\u017eovatelnost<\/h3>\n<p>Kore\u010dkov\u00e9 v\u00e1lce vy\u017eaduj\u00ed pravidelnou \u00fadr\u017ebu, aby byla zaji\u0161t\u011bna jejich dlouhodob\u00e1 v\u00fdkonnost. \u00dadr\u017eba zahrnuje pravideln\u00e9 kontroly, spr\u00e1vn\u00e9 maz\u00e1n\u00ed, v\u00fdm\u011bnu t\u011bsn\u011bn\u00ed a kontroly kalibrace.<\/p>\n<p><img decoding=\"async\" src=\"https:\/\/www.hydraulic-cylinders.net\/wp-content\/uploads\/2025\/01\/songte-oil-pipes-and-spare-parts.webp\" \/><\/p>\n<h2>Instala\u010dn\u00ed p\u0159\u00edru\u010dka<\/h2>\n<p>P\u0159i instalaci kore\u010dkov\u00fdch v\u00e1lc\u016f je nezbytn\u00e9 dodr\u017eovat spr\u00e1vn\u00e9 postupy, aby byl zaji\u0161t\u011bn bezpe\u010dn\u00fd a efektivn\u00ed provoz. Zde je n\u011bkolik tip\u016f:<\/p>\n<ul>\n<li>Spr\u00e1vn\u00e9 vyrovn\u00e1n\u00ed v\u00e1lce je b\u011bhem instalace z\u00e1sadn\u00ed.<\/li>\n<li>K upevn\u011bn\u00ed v\u00e1lce pou\u017eijte vhodn\u00e9 mont\u00e1\u017en\u00ed konzoly.<\/li>\n<li>Doporu\u010den\u00e9 postupy kontroly, opravy a v\u00fdm\u011bny pro prodlou\u017een\u00ed \u017eivotnosti v\u00e1lce.<\/li>\n<\/ul>\n<h2>\u00dadr\u017eba a opravy<\/h2>\n<p>Pravideln\u00e1 \u00fadr\u017eba a opravy jsou z\u00e1sadn\u00ed pro zaji\u0161t\u011bn\u00ed spr\u00e1vn\u00e9 funkce v\u00e1lce kore\u010dkov\u00e9ho motoru. Zde jsou t\u0159i b\u011b\u017en\u00e9 \u00fakony \u00fadr\u017eby:<\/p>\n<ul>\n<li>Pravideln\u011b kontrolujte v\u00e1lec, zda nen\u00ed po\u0161kozen\u00fd nebo zda z n\u011bj net\u011bsn\u00ed, a po\u0161kozen\u00e9 sou\u010d\u00e1sti neprodlen\u011b opravte nebo vym\u011b\u0148te.<\/li>\n<li>Spr\u00e1vn\u00e9 maz\u00e1n\u00ed je nezbytn\u00e9 pro hladk\u00fd provoz. Ujist\u011bte se, \u017ee je v\u00e1lec spr\u00e1vn\u011b maz\u00e1n podle pokyn\u016f v\u00fdrobce.<\/li>\n<li>Pravideln\u00e1 v\u00fdm\u011bna t\u011bsn\u011bn\u00ed a kontroly kalibrace mohou pomoci p\u0159edch\u00e1zet \u00fanik\u016fm a zajistit spr\u00e1vnou funkci.<\/li>\n<\/ul>\n<p><img decoding=\"async\" src=\"https:\/\/www.hydraulic-cylinders.net\/wp-content\/uploads\/2025\/01\/songte-chushion-collar.webp\" \/><\/p>\n<h2>Bezpe\u010dnostn\u00ed aspekty a faktory prost\u0159ed\u00ed<\/h2>\n<p>Kore\u010dkov\u00e9 v\u00e1lce mus\u00ed b\u00fdt pou\u017e\u00edv\u00e1ny s bezpe\u010dnostn\u00edmi opat\u0159en\u00edmi, aby se p\u0159ede\u0161lo nehod\u00e1m. P\u0159i pou\u017e\u00edv\u00e1n\u00ed kore\u010dkov\u00fdch v\u00e1lc\u016f je tak\u00e9 nezbytn\u00e9 zv\u00e1\u017eit faktory prost\u0159ed\u00ed.<\/p>\n<ul>\n<li>P\u0159i pou\u017e\u00edv\u00e1n\u00ed lahv\u00ed s kope\u010dkem dodr\u017eujte pokyny v\u00fdrobce a bezpe\u010dnostn\u00ed pokyny.<\/li>\n<li>Zajist\u011bte, aby pracovn\u00ed prost\u0159ed\u00ed bylo bezpe\u010dn\u00e9 a bez nebezpe\u010d\u00ed, kter\u00e1 by mohla ovlivnit provoz v\u00e1lce.<\/li>\n<li>Kbel\u00edkov\u00e9 v\u00e1lce mohou p\u0159i nespr\u00e1vn\u00e9m pou\u017e\u00edv\u00e1n\u00ed a likvidaci zp\u016fsobit zne\u010di\u0161t\u011bn\u00ed \u017eivotn\u00edho prost\u0159ed\u00ed. Proto je nezbytn\u00e9 dodr\u017eovat p\u0159\u00edslu\u0161n\u00e9 z\u00e1kony a p\u0159edpisy na ochranu \u017eivotn\u00edho prost\u0159ed\u00ed.<\/li>\n<\/ul>\n<p><img decoding=\"async\" src=\"https:\/\/www.hydraulic-cylinders.net\/wp-content\/uploads\/2025\/01\/songte-bushings-with-all-kinds-of-excavator-models.webp\" \/><\/p>\n<h2>Odstra\u0148ov\u00e1n\u00ed probl\u00e9m\u016f a b\u011b\u017en\u00e9 probl\u00e9my<\/h2>\n<p>U v\u00e1lc\u016f kore\u010dk\u016f se mohou vyskytnout probl\u00e9my, kter\u00e9 mohou ovlivnit jejich v\u00fdkon. Zde jsou n\u011bkter\u00e9 b\u011b\u017en\u00e9 probl\u00e9my:<\/p>\n<ul>\n<li>\u00danik: \u010cast\u00fdm probl\u00e9mem s kore\u010dkov\u00fdmi v\u00e1lci je \u00fanik oleje, kter\u00fd m\u016f\u017ee b\u00fdt zp\u016fsoben opot\u0159ebovan\u00fdmi t\u011bsn\u011bn\u00edmi, \u0161patnou instalac\u00ed nebo po\u0161kozen\u00edm t\u011blesa nebo p\u00edstnice v\u00e1lce.<\/li>\n<li>\u0160patn\u00fd v\u00fdkon: V\u00e1lce kore\u010dk\u016f nemus\u00ed fungovat spr\u00e1vn\u011b kv\u016fli po\u0161kozen\u00ed t\u011blesa nebo p\u00edstnice v\u00e1lce nebo kv\u016fli nedostate\u010dn\u00e9mu mno\u017estv\u00ed hydraulick\u00e9ho oleje k maz\u00e1n\u00ed v\u00e1lce.<\/li>\n<li>Hlu\u010dn\u00fd provoz: Tento probl\u00e9m m\u016f\u017ee b\u00fdt zp\u016fsoben opot\u0159ebovan\u00fdmi t\u011bsn\u011bn\u00edmi, nedostate\u010dn\u00fdm maz\u00e1n\u00edm nebo po\u0161kozen\u00edm t\u011blesa \u010di p\u00edstnice v\u00e1lce.<\/li>\n<\/ul>\n<p>Zde je n\u011bkolik tip\u016f, jak tyto probl\u00e9my vy\u0159e\u0161it:<\/p>\n<ul>\n<li>Net\u011bsnost: Opravte nebo vym\u011b\u0148te po\u0161kozen\u00e1 nebo opot\u0159ebovan\u00e1 t\u011bsn\u011bn\u00ed, zajist\u011bte spr\u00e1vnou instalaci a zkontrolujte t\u011bleso a p\u00edstnici v\u00e1lce.<\/li>\n<li>\u0160patn\u00fd v\u00fdkon: Zkontrolujte v\u00e1lec, zda nen\u00ed po\u0161kozen\u00fd, ujist\u011bte se, \u017ee je spr\u00e1vn\u011b promaz\u00e1n a m\u00e1 dostatek hydraulick\u00e9ho oleje.<\/li>\n<li>Hlu\u010dn\u00fd provoz: Vym\u011b\u0148te opot\u0159ebovan\u00e1 t\u011bsn\u011bn\u00ed, spr\u00e1vn\u011b proma\u017ete a zkontrolujte v\u00e1lec, zda nen\u00ed po\u0161kozen.<\/li>\n<\/ul>\n<h2>O n\u00e1s<\/h2>\n<p>Jsme v\u00fdrobcem hydraulick\u00fdch v\u00e1lc\u016f, kter\u00e9 mohou nahradit hydraulick\u00e9 v\u00e1lce. Na\u0161e spole\u010dnost m\u00e1 kompletn\u00ed sortiment produkt\u016f, co\u017e z n\u00ed d\u011bl\u00e1 jednoho z p\u0159edn\u00edch v\u00fdrobc\u016f a velkoobchodn\u00edch distributor\u016f hydraulick\u00fdch v\u00e1lc\u016f na dom\u00e1c\u00edm i zahrani\u010dn\u00edm trhu. \u0158\u00edd\u00edme se principem vynikaj\u00edc\u00ed kvality, spol\u00e9h\u00e1me na strategii \u0159\u00edzen\u00ed pr\u016fmyslov\u00e9 v\u00fdroby v r\u00e1mci zdokonalen\u00e9 v\u00fdrobn\u00ed d\u00edlny a neust\u00e1le vylep\u0161ujeme v\u00fdrobn\u00ed platformu d\u00edlny prost\u0159ednictv\u00edm technologick\u00fdch talent\u016f, digit\u00e1ln\u00edho \u0161pi\u010dkov\u00e9ho v\u00fdrobn\u00edho za\u0159\u00edzen\u00ed a profesion\u00e1ln\u00edch testovac\u00edch syst\u00e9m\u016f. Disponujeme siln\u00fdmi kreativn\u00edmi schopnostmi a principy efektivity, p\u0159esnosti a kvality, abychom uspokojili rozmanit\u00e9 pot\u0159eby z\u00e1kazn\u00edk\u016f.<\/p>\n<p>Zde je v\u00edce informac\u00ed o na\u0161\u00ed spole\u010dnosti:<\/p>\n<ul>\n<li>Profesionalita: M\u00e1me t\u00fdm profesion\u00e1ln\u00edch in\u017een\u00fdr\u016f a technik\u016f, kte\u0159\u00ed se v\u011bnuj\u00ed v\u00fdrob\u011b vysoce kvalitn\u00edch hydraulick\u00fdch v\u00e1lc\u016f.<\/li>\n<li>Mezin\u00e1rodn\u00ed certifikace: Na\u0161e v\u00fdrobky pro\u0161ly mezin\u00e1rodn\u00ed certifikac\u00ed a spl\u0148uj\u00ed glob\u00e1ln\u00ed standardy kvality.<\/li>\n<li>P\u0159izp\u016fsoben\u00ed: Nab\u00edz\u00edme slu\u017eby na m\u00edru, abychom splnili jedine\u010dn\u00e9 pot\u0159eby na\u0161ich z\u00e1kazn\u00edk\u016f.<\/li>\n<li>V\u00fdrobn\u00ed za\u0159\u00edzen\u00ed: Pro v\u00fdrobu vysoce kvalitn\u00edch hydraulick\u00fdch v\u00e1lc\u016f pou\u017e\u00edv\u00e1me modern\u00ed v\u00fdrobn\u00ed za\u0159\u00edzen\u00ed, v\u010detn\u011b CNC stroj\u016f.<\/li>\n<li>Poprodejn\u00ed servis: Poskytujeme poprodejn\u00ed servis, abychom zajistili spokojenost z\u00e1kazn\u00edk\u016f a udr\u017eovali s nimi dlouhodob\u00e9 vztahy.<\/li>\n<\/ul>\n<p><img decoding=\"async\" src=\"https:\/\/hzpt.com\/wp-content\/uploads\/2024\/11\/songte-company-1.webp\" \/><\/p>\n<h4>Autor: lyl<\/h4>","protected":false},"excerpt":{"rendered":"<p>Bucket Cylinder For XCMG Middle Excavator XE215CA Introduction A bucket cylinder is a specially designed hydraulic cylinder primarily used to control the movement of buckets in heavy machinery such as excavators, backhoe excavators, and front loaders. Its primary function is to enable the bucket to lift, lower, and tilt, making it easier to handle various [&hellip;]<\/p>","protected":false},"featured_media":14778,"comment_status":"open","ping_status":"closed","template":"","meta":{"_et_pb_use_builder":"","_et_pb_old_content":"","_et_gb_content_width":""},"product_brand":[],"product_cat":[1494],"product_tag":[1495,1496],"class_list":{"0":"post-15469","1":"product","2":"type-product","3":"status-publish","4":"has-post-thumbnail","6":"product_cat-bucket-cylinders","7":"product_tag-bucket-cylinders","8":"product_tag-hydraulic-cylinders","10":"first","11":"instock","12":"shipping-taxable","13":"product-type-simple"},"amp_enabled":true,"_links":{"self":[{"href":"https:\/\/www.hydraulic-cylinders.net\/cs\/wp-json\/wp\/v2\/product\/15469","targetHints":{"allow":["GET"]}}],"collection":[{"href":"https:\/\/www.hydraulic-cylinders.net\/cs\/wp-json\/wp\/v2\/product"}],"about":[{"href":"https:\/\/www.hydraulic-cylinders.net\/cs\/wp-json\/wp\/v2\/types\/product"}],"replies":[{"embeddable":true,"href":"https:\/\/www.hydraulic-cylinders.net\/cs\/wp-json\/wp\/v2\/comments?post=15469"}],"wp:featuredmedia":[{"embeddable":true,"href":"https:\/\/www.hydraulic-cylinders.net\/cs\/wp-json\/wp\/v2\/media\/14778"}],"wp:attachment":[{"href":"https:\/\/www.hydraulic-cylinders.net\/cs\/wp-json\/wp\/v2\/media?parent=15469"}],"wp:term":[{"taxonomy":"product_brand","embeddable":true,"href":"https:\/\/www.hydraulic-cylinders.net\/cs\/wp-json\/wp\/v2\/product_brand?post=15469"},{"taxonomy":"product_cat","embeddable":true,"href":"https:\/\/www.hydraulic-cylinders.net\/cs\/wp-json\/wp\/v2\/product_cat?post=15469"},{"taxonomy":"product_tag","embeddable":true,"href":"https:\/\/www.hydraulic-cylinders.net\/cs\/wp-json\/wp\/v2\/product_tag?post=15469"}],"curies":[{"name":"wp","href":"https:\/\/api.w.org\/{rel}","templated":true}]}}