{"id":15471,"date":"2025-01-19T14:34:17","date_gmt":"2025-01-19T14:34:17","guid":{"rendered":"https:\/\/www.hydraulic-cylinders.net\/product\/bucket-cylinder-for-xcmg-middle-excavator-xe240\/"},"modified":"2025-01-19T14:34:19","modified_gmt":"2025-01-19T14:34:19","slug":"bucket-cylinder-for-xcmg-middle-excavator-xe240","status":"publish","type":"product","link":"https:\/\/www.hydraulic-cylinders.net\/cs\/produkt\/bucket-cylinder-for-xcmg-middle-excavator-xe240\/","title":{"rendered":"V\u00e1lec l\u017e\u00edce pro st\u0159edn\u00ed bagr XCMG XE240"},"content":{"rendered":"<h1> V\u00e1lec l\u017e\u00edce pro st\u0159edn\u00ed bagr XCMG XE240 <\/h1>\n<h2>Zaveden\u00ed<\/h2>\n<p>Hydraulick\u00fd v\u00e1lec l\u017e\u00edce pro st\u0159edn\u00ed rypadlo XCMG XE240 je speci\u00e1ln\u011b navr\u017een\u00fd hydraulick\u00fd v\u00e1lec pou\u017e\u00edvan\u00fd k ovl\u00e1d\u00e1n\u00ed pohybu l\u017e\u00edce v t\u011b\u017ek\u00fdch stroj\u00edch, jako jsou rypadla, bagry a \u010deln\u00ed naklada\u010de. Jeho hlavn\u00ed funkc\u00ed je umo\u017enit zved\u00e1n\u00ed, spou\u0161t\u011bn\u00ed a nakl\u00e1p\u011bn\u00ed l\u017e\u00edce, co\u017e z n\u011bj \u010din\u00ed ide\u00e1ln\u00ed volbu pro r\u016fzn\u00e9 \u00fakoly manipulace s materi\u00e1lem. V hydraulick\u00e9m syst\u00e9mu dosahuje v\u00e1lec l\u017e\u00edce p\u0159esn\u00e9ho ovl\u00e1d\u00e1n\u00ed l\u017e\u00edce zm\u011bnami tlaku hydraulick\u00e9ho oleje, co\u017e umo\u017e\u0148uje obsluze efektivn\u011b manipulovat s t\u011b\u017ek\u00fdmi b\u0159emeny a p\u0159izp\u016fsobovat se slo\u017eit\u00fdm pracovn\u00edm prost\u0159ed\u00edm a rozmanit\u00fdm provozn\u00edm po\u017eadavk\u016fm.<\/p>\n<p><img decoding=\"async\" src=\"https:\/\/www.hydraulic-cylinders.net\/wp-content\/uploads\/2025\/01\/songte-company-2.webp\" alt=\"Kbel\u00edkov\u00fd v\u00e1lec\" \/><\/p>\n<h2>Funkce<\/h2>\n<ul>\n<li>Vysok\u00e1 pevnost a odolnost: Obvykle je vyroben z vysokopevnostn\u00ed oceli nebo hlin\u00edku, odol\u00e1 vysok\u00e9mu tlaku a t\u011b\u017ek\u00e9mu zat\u00ed\u017een\u00ed, p\u0159izp\u016fsob\u00ed se n\u00e1ro\u010dn\u00e9mu pracovn\u00edmu prost\u0159ed\u00ed a je navr\u017een s ohledem na odolnost proti opot\u0159eben\u00ed a korozi, co\u017e prodlu\u017euje jeho \u017eivotnost.<\/li>\n<li>Efektivn\u00ed hydraulick\u00fd provoz: Vyu\u017e\u00edv\u00e1 tlak hydraulick\u00e9ho oleje k dosa\u017een\u00ed plynul\u00e9ho vysouv\u00e1n\u00ed a smr\u0161\u0165ov\u00e1n\u00ed, \u010d\u00edm\u017e poskytuje silnou tla\u010dnou a ta\u017enou s\u00edlu, vhodnou pro manipulaci s t\u011b\u017ek\u00fdmi b\u0159emeny a slo\u017eit\u00e9 provozn\u00ed \u00fakoly.<\/li>\n<li>R\u016fzn\u00e9 typy: Lze je vybrat podle pot\u0159eb jedno\u010dinn\u00fdch (hydraulika pou\u017e\u00edv\u00e1na pouze v jednom sm\u011bru) nebo dvoj\u010dinn\u00fdch (hydraulika pou\u017e\u00edv\u00e1na v obou sm\u011brech) v\u00e1lc\u016f pro spln\u011bn\u00ed r\u016fzn\u00fdch provozn\u00edch pot\u0159eb. N\u011bkter\u00e9 modely jsou teleskopick\u00e9, co\u017e umo\u017e\u0148uje v\u011bt\u0161\u00ed v\u00fdsuv bez zv\u011bt\u0161en\u00ed vn\u011bj\u0161\u00edch rozm\u011br\u016f, vhodn\u00e9 pro aplikace s omezen\u00fdm prostorem.<\/li>\n<li>Perfektn\u00ed n\u00e1hrada za hydraulick\u00e9 v\u00e1lce: Na\u0161e produkty dok\u00e1\u017e\u00ed tyto hydraulick\u00e9 v\u00e1lce dokonale nahradit, a u\u0161et\u0159it tak n\u00e1klady a zv\u00fd\u0161it efektivitu.<\/li>\n<li>P\u0159izp\u016fsobiteln\u00e9: Lze p\u0159izp\u016fsobit dle po\u017eadavk\u016f z\u00e1kazn\u00edka tak, aby spl\u0148ovaly specifick\u00e9 provozn\u00ed pot\u0159eby.<\/li>\n<\/ul>\n<p><img decoding=\"async\" src=\"https:\/\/www.hydraulic-cylinders.net\/wp-content\/uploads\/2025\/01\/songte-cylinder-head-with-all-kinds-excavator-models.webp\" alt=\"Modely v\u00e1lc\u016f s kope\u010dkem\" \/><\/p>\n<h2>Aplikace<\/h2>\n<p>Kore\u010dkov\u00e9 v\u00e1lce se b\u011b\u017en\u011b pou\u017e\u00edvaj\u00ed v r\u016fzn\u00fdch oblastech a aplikac\u00edch, jako nap\u0159\u00edklad:<\/p>\n<h3>Stavebn\u00ed stroje<\/h3>\n<p>U bagr\u016f jsou nezbytn\u00e9 pro kop\u00e1n\u00ed, nakl\u00e1d\u00e1n\u00ed a p\u0159emis\u0165ov\u00e1n\u00ed zeminy nebo suti. U r\u00fdpadel s r\u00fdpadly pom\u00e1h\u00e1 v\u00e1lec kore\u010dkov\u00e9ho v\u00e1lce jak p\u0159i kop\u00e1n\u00ed, tak p\u0159i zved\u00e1n\u00ed. U \u010deln\u00edch naklada\u010d\u016f pom\u00e1haj\u00ed s efektivn\u00edm zved\u00e1n\u00edm a vykl\u00e1p\u011bn\u00edm zbo\u017e\u00ed.<\/p>\n<h3>Zem\u011bd\u011blsk\u00e9 stroje<\/h3>\n<p>Pou\u017e\u00edv\u00e1 se v \u010deln\u00edch naklada\u010d\u00edch k nab\u00edr\u00e1n\u00ed, zved\u00e1n\u00ed a p\u0159eprav\u011b zeminy, sena a dal\u0161\u00edch materi\u00e1l\u016f. U bagr\u016f dosahuje v\u00e1lec l\u017e\u00edce ryc\u00edho pohybu t\u00edm, \u017ee umo\u017e\u0148uje l\u017e\u00edci proniknout do p\u016fdy. V\u00e1lec tak\u00e9 pom\u00e1h\u00e1 s nakl\u00e1p\u011bn\u00edm a vykl\u00e1p\u011bn\u00edm \u010deln\u00edch naklada\u010d\u016f, co\u017e zvy\u0161uje jejich \u00fa\u010dinnost.<\/p>\n<h2>Konstruk\u010dn\u00ed aspekty a krit\u00e9ria v\u00fdb\u011bru<\/h2>\n<p>Mezi konstruk\u010dn\u00ed aspekty kore\u010dkov\u00fdch v\u00e1lc\u016f pat\u0159\u00ed \u00fanosnost, t\u011bsn\u011bn\u00ed, trvanlivost, bezpe\u010dnost a \u00fadr\u017eba. Mezi kl\u00ed\u010dov\u00e9 konstruk\u010dn\u00ed aspekty a krit\u00e9ria v\u00fdb\u011bru pat\u0159\u00ed:<\/p>\n<ul>\n<li>\n<h3>Nosnost:<\/h3>\n<p> V\u00e1lec by m\u011bl b\u00fdt vyroben z vysoce pevn\u00fdch materi\u00e1l\u016f, aby odolal vysok\u00e9mu tlaku a velk\u00e9mu zat\u00ed\u017een\u00ed pot\u0159ebn\u00e9mu pro r\u016fzn\u00e9 aplikace.<\/li>\n<li>\n<h3>T\u011bsn\u011bn\u00ed:<\/h3>\n<p> K zaji\u0161t\u011bn\u00ed toho, aby hydraulick\u00e1 kapalina neunikala z v\u00e1lce, se pou\u017e\u00edv\u00e1 cel\u00e1 \u0159ada t\u011bsn\u011bn\u00ed, jako nap\u0159\u00edklad t\u011bsn\u011bn\u00ed p\u00edstu a t\u011bsn\u011bn\u00ed p\u00edstnice.<\/li>\n<li>\n<h3>Trvanlivost:<\/h3>\n<p> V\u00e1lec by m\u011bl b\u00fdt navr\u017een tak, aby odol\u00e1val opot\u0159eben\u00ed a korozi, aby se prodlou\u017eila jeho \u017eivotnost.<\/li>\n<li>\n<h3>Bezpe\u010dnost:<\/h3>\n<p> V\u00e1lec by m\u011bl b\u00fdt navr\u017een tak, aby zaji\u0161\u0165oval bezpe\u010dn\u00fd provoz, nap\u0159\u00edklad pou\u017eit\u00edm tlumic\u00edch za\u0159\u00edzen\u00ed pro sn\u00ed\u017een\u00ed n\u00e1razu a zahrnut\u00edm pojistn\u00fdch ventil\u016f, kter\u00e9 zabra\u0148uj\u00ed p\u0159et\u00ed\u017een\u00ed.<\/li>\n<li>\n<h3>\u00dadr\u017eba:<\/h3>\n<p> V\u00e1lec by m\u011bl b\u00fdt navr\u017een s ohledem na snadnou \u00fadr\u017ebu, jako je snadn\u00e1 demont\u00e1\u017e a op\u011btovn\u00e1 mont\u00e1\u017e a pou\u017eit\u00ed snadno vym\u011bniteln\u00fdch d\u00edl\u016f.<\/li>\n<\/ul>\n<p><img decoding=\"async\" src=\"https:\/\/www.hydraulic-cylinders.net\/wp-content\/uploads\/2025\/01\/songte-oil-pipes-and-spare-parts.webp\" alt=\"D\u00edly v\u00e1lce lopaty\" \/><\/p>\n<h2>T\u011bsn\u011bn\u00ed a maz\u00e1n\u00ed<\/h2>\n<p>Kore\u010dkov\u00fd v\u00e1lec pou\u017e\u00edv\u00e1 r\u016fzn\u00e1 t\u011bsn\u011bn\u00ed, jako jsou p\u00edstn\u00ed t\u011bsn\u011bn\u00ed a t\u011bsn\u011bn\u00ed p\u00edstnice, aby se zajistilo, \u017ee hydraulick\u00e1 kapalina neunikne. T\u011bsn\u011bn\u00ed jsou obvykle vyrobena z materi\u00e1l\u016f odoln\u00fdch proti opot\u0159eben\u00ed, jako je polyuretan a nitrilov\u00e1 pry\u017e. T\u011bleso v\u00e1lce a z\u00e1vitov\u00e9 koncov\u00e9 plochy jsou jemn\u011b o\u0161et\u0159eny pro zlep\u0161en\u00ed odolnosti proti opot\u0159eben\u00ed. V\u00e1lec vy\u017eaduje pravideln\u00e9 maz\u00e1n\u00ed hydraulick\u00fdm olejem, aby se zajistil hladk\u00fd chod a zabr\u00e1nilo se opot\u0159eben\u00ed.<\/p>\n<h2>\u00dadr\u017eba a opravy<\/h2>\n<p>V\u00e1lec kore\u010dkov\u00e9ho v\u00e1lce vy\u017eaduje pravidelnou \u00fadr\u017ebu, aby byl zaji\u0161t\u011bn optim\u00e1ln\u00ed v\u00fdkon a prodlou\u017een\u00e1 \u017eivotnost. Mezi b\u011b\u017en\u00e9 \u00fakony \u00fadr\u017eby pat\u0159\u00ed:<\/p>\n<ul>\n<li>Pravideln\u00e1 kontrola: Zkontrolujte v\u00e1lec, zda nedoch\u00e1z\u00ed k \u00fanik\u016fm, opot\u0159eben\u00ed a zn\u00e1mk\u00e1m po\u0161kozen\u00ed.<\/li>\n<li>Spr\u00e1vn\u00e9 maz\u00e1n\u00ed: V\u00e1lec pravideln\u011b promaz\u00e1vejte odpov\u00eddaj\u00edc\u00edm mno\u017estv\u00edm hydraulick\u00e9ho oleje.<\/li>\n<li>V\u00fdm\u011bna t\u011bsn\u011bn\u00ed: Vym\u011b\u0148te opot\u0159ebovan\u00e1 nebo po\u0161kozen\u00e1 t\u011bsn\u011bn\u00ed, abyste zabr\u00e1nili \u00fanik\u016fm a zajistili hladk\u00fd provoz.<\/li>\n<li>Kontrola kalibrace: Zkontrolujte spr\u00e1vnou kalibraci v\u00e1lce, abyste zajistili p\u0159esn\u00fd provoz.<\/li>\n<\/ul>\n<p><img decoding=\"async\" src=\"https:\/\/www.hydraulic-cylinders.net\/wp-content\/uploads\/2025\/01\/songte-chushion-collar.webp\" alt=\"Obj\u00edmka v\u00e1lce kbel\u00edku\" \/><\/p>\n<h2>Bezpe\u010dnostn\u00ed aspekty a faktory prost\u0159ed\u00ed<\/h2>\n<p>P\u0159i pou\u017e\u00edv\u00e1n\u00ed hydraulick\u00e9ho v\u00e1lce je d\u016fle\u017eit\u00e9 dodr\u017eovat bezpe\u010dnostn\u00ed opat\u0159en\u00ed, aby se p\u0159ede\u0161lo nehod\u00e1m a zran\u011bn\u00edm. Bezpe\u010dnostn\u00ed opat\u0159en\u00ed zahrnuj\u00ed spr\u00e1vnou instalaci, pou\u017e\u00edv\u00e1n\u00ed osobn\u00edch ochrann\u00fdch prost\u0159edk\u016f a odpov\u00eddaj\u00edc\u00ed \u0161kolen\u00ed obsluhy. D\u016fle\u017eit\u00e9 je tak\u00e9 zv\u00e1\u017eit faktory prost\u0159ed\u00ed, jako je spr\u00e1vn\u00e1 likvidace hydraulick\u00e9 kapaliny a minimalizace dopadu na \u017eivotn\u00ed prost\u0159ed\u00ed.<\/p>\n<h2>Odstra\u0148ov\u00e1n\u00ed probl\u00e9m\u016f a b\u011b\u017en\u00e9 probl\u00e9my<\/h2>\n<p>Mezi b\u011b\u017en\u00e9 probl\u00e9my s kore\u010dkov\u00fdmi v\u00e1lci pat\u0159\u00ed net\u011bsnosti, opot\u0159eben\u00ed a po\u0161kozen\u00ed. Pokud se n\u011bkter\u00fd z t\u011bchto probl\u00e9m\u016f vyskytne, je d\u016fle\u017eit\u00e9 jej neprodlen\u011b diagnostikovat a opravit, aby se zabr\u00e1nilo dal\u0161\u00edmu po\u0161kozen\u00ed. Tipy a \u0159e\u0161en\u00ed probl\u00e9m\u016f zahrnuj\u00ed:<\/p>\n<ul>\n<li>Net\u011bsn\u00edc\u00ed v\u00e1lec: Zkontrolujte t\u011bsn\u011bn\u00ed a v p\u0159\u00edpad\u011b pot\u0159eby je vym\u011b\u0148te.<\/li>\n<li>V\u00e1lec se nevysouv\u00e1 ani nezasouv\u00e1: Zkontrolujte hladinu a tlak hydraulick\u00e9 kapaliny a v p\u0159\u00edpad\u011b pot\u0159eby vym\u011b\u0148te po\u0161kozen\u00e9 d\u00edly.<\/li>\n<li>Nadm\u011brn\u00fd hluk nebo vibrace: Zkontrolujte, zda nejsou uvoln\u011bn\u00e9 nebo po\u0161kozen\u00e9 d\u00edly, a v p\u0159\u00edpad\u011b pot\u0159eby je vym\u011b\u0148te.<\/li>\n<\/ul>\n<p><img decoding=\"async\" src=\"https:\/\/www.hydraulic-cylinders.net\/wp-content\/uploads\/2025\/01\/songte-bushings-with-all-kinds-of-excavator-models.webp\" alt=\"Pouzdra v\u00e1lc\u016f kope\u010dk\u016f\" \/><\/p>\n<h2>O na\u0161\u00ed spole\u010dnosti<\/h2>\n<p>Jsme v\u00fdrobcem n\u00e1hradn\u00edch hydraulick\u00fdch v\u00e1lc\u016f s \u0161irokou \u0161k\u00e1lou produkt\u016f a st\u00e1v\u00e1me se jedn\u00edm z p\u0159edn\u00edch v\u00fdrobc\u016f a velkoobchodn\u00edch distributor\u016f hydraulick\u00fdch v\u00e1lc\u016f na dom\u00e1c\u00edm i mezin\u00e1rodn\u00edm trhu. \u0158\u00edd\u00edme se principy excelence a spol\u00e9h\u00e1me na industrializovan\u00e9 strategie \u0159\u00edzen\u00ed v\u00fdroby v precizn\u00edch v\u00fdrobn\u00edch d\u00edln\u00e1ch. Na\u0161e spole\u010dnost neust\u00e1le vylep\u0161uje v\u00fdrobn\u00ed platformu prost\u0159ednictv\u00edm vyu\u017eit\u00ed technologick\u00fdch talent\u016f, digit\u00e1ln\u00edho \u0161pi\u010dkov\u00e9ho v\u00fdrobn\u00edho za\u0159\u00edzen\u00ed a profesion\u00e1ln\u00edch testovac\u00edch syst\u00e9m\u016f. Disponujeme siln\u00fdmi v\u00fdrobn\u00edmi kapacitami a poskytujeme efektivn\u00ed, vysoce p\u0159esn\u00e9 a kvalitn\u00ed produkty, kter\u00e9 spl\u0148uj\u00ed rozmanit\u00e9 pot\u0159eby na\u0161ich z\u00e1kazn\u00edk\u016f.<\/p>\n<p>Na\u0161e spole\u010dnost nab\u00edz\u00ed profesion\u00e1ln\u00ed mezin\u00e1rodn\u00ed certifikaci, slu\u017eby na m\u00edru, v\u00fdrobn\u00ed za\u0159\u00edzen\u00ed a poprodejn\u00ed servis. Zav\u00e1zali jsme se poskytovat na\u0161im z\u00e1kazn\u00edk\u016fm vysoce kvalitn\u00ed produkty a slu\u017eby.<\/p>\n<p><img decoding=\"async\" src=\"https:\/\/www.hydraulic-cylinders.net\/wp-content\/uploads\/2025\/01\/songte-company-3.webp\" alt=\"Image spole\u010dnosti\" \/><\/p>\n<p>Autor lyl.<\/p>","protected":false},"excerpt":{"rendered":"<p>Bucket Cylinder For XCMG Middle Excavator XE240 Introduction The bucket cylinder for XCMG middle excavator XE240 is a specially designed hydraulic cylinder used to control the movement of the bucket in heavy machinery such as excavators, backhoe excavators, and front-end loaders. Its main function is to enable the bucket to lift, lower, and tilt, making [&hellip;]<\/p>","protected":false},"featured_media":14773,"comment_status":"open","ping_status":"closed","template":"","meta":{"_et_pb_use_builder":"","_et_pb_old_content":"","_et_gb_content_width":""},"product_brand":[],"product_cat":[1494],"product_tag":[1495,1496],"class_list":{"0":"post-15471","1":"product","2":"type-product","3":"status-publish","4":"has-post-thumbnail","6":"product_cat-bucket-cylinders","7":"product_tag-bucket-cylinders","8":"product_tag-hydraulic-cylinders","10":"first","11":"instock","12":"shipping-taxable","13":"product-type-simple"},"amp_enabled":true,"_links":{"self":[{"href":"https:\/\/www.hydraulic-cylinders.net\/cs\/wp-json\/wp\/v2\/product\/15471","targetHints":{"allow":["GET"]}}],"collection":[{"href":"https:\/\/www.hydraulic-cylinders.net\/cs\/wp-json\/wp\/v2\/product"}],"about":[{"href":"https:\/\/www.hydraulic-cylinders.net\/cs\/wp-json\/wp\/v2\/types\/product"}],"replies":[{"embeddable":true,"href":"https:\/\/www.hydraulic-cylinders.net\/cs\/wp-json\/wp\/v2\/comments?post=15471"}],"wp:featuredmedia":[{"embeddable":true,"href":"https:\/\/www.hydraulic-cylinders.net\/cs\/wp-json\/wp\/v2\/media\/14773"}],"wp:attachment":[{"href":"https:\/\/www.hydraulic-cylinders.net\/cs\/wp-json\/wp\/v2\/media?parent=15471"}],"wp:term":[{"taxonomy":"product_brand","embeddable":true,"href":"https:\/\/www.hydraulic-cylinders.net\/cs\/wp-json\/wp\/v2\/product_brand?post=15471"},{"taxonomy":"product_cat","embeddable":true,"href":"https:\/\/www.hydraulic-cylinders.net\/cs\/wp-json\/wp\/v2\/product_cat?post=15471"},{"taxonomy":"product_tag","embeddable":true,"href":"https:\/\/www.hydraulic-cylinders.net\/cs\/wp-json\/wp\/v2\/product_tag?post=15471"}],"curies":[{"name":"wp","href":"https:\/\/api.w.org\/{rel}","templated":true}]}}