{"id":15473,"date":"2025-01-19T14:34:25","date_gmt":"2025-01-19T14:34:25","guid":{"rendered":"https:\/\/www.hydraulic-cylinders.net\/product\/bucket-cylinder-for-xcmg-middle-excavator-xe210\/"},"modified":"2025-01-19T14:34:27","modified_gmt":"2025-01-19T14:34:27","slug":"bucket-cylinder-for-xcmg-middle-excavator-xe210","status":"publish","type":"product","link":"https:\/\/www.hydraulic-cylinders.net\/cs\/produkt\/bucket-cylinder-for-xcmg-middle-excavator-xe210\/","title":{"rendered":"V\u00e1lec l\u017e\u00edce pro st\u0159edn\u00ed bagr XCMG XE210"},"content":{"rendered":"<h1>V\u00e1lec l\u017e\u00edce pro st\u0159edn\u00ed bagr XCMG XE210<\/h1>\n<h2>Zaveden\u00ed<\/h2>\n<p>Hydraulick\u00fd v\u00e1lec l\u017e\u00edce je speci\u00e1ln\u011b navr\u017een\u00fd hydraulick\u00fd v\u00e1lec pou\u017e\u00edvan\u00fd k ovl\u00e1d\u00e1n\u00ed pohybu l\u017e\u00edce v t\u011b\u017ek\u00fdch stroj\u00edch, jako jsou rypadla, rypadla-naklada\u010de a kolov\u00e9 naklada\u010de. Jeho hlavn\u00ed funkc\u00ed je umo\u017enit zved\u00e1n\u00ed, spou\u0161t\u011bn\u00ed a nakl\u00e1p\u011bn\u00ed l\u017e\u00edce, co\u017e usnad\u0148uje r\u016fzn\u00e9 \u00fakoly manipulace s materi\u00e1lem. V hydraulick\u00e9m syst\u00e9mu dosahuje v\u00e1lec l\u017e\u00edce p\u0159esn\u00e9ho ovl\u00e1d\u00e1n\u00ed l\u017e\u00edce zm\u011bnami tlaku hydraulick\u00e9ho oleje, co\u017e umo\u017e\u0148uje obsluze efektivn\u011b manipulovat s t\u011b\u017ek\u00fdmi b\u0159emeny a p\u0159izp\u016fsobovat se slo\u017eit\u00fdm pracovn\u00edm prost\u0159ed\u00edm a rozmanit\u00fdm provozn\u00edm po\u017eadavk\u016fm.<\/p>\n<p><img decoding=\"async\" src=\"https:\/\/www.hydraulic-cylinders.net\/wp-content\/uploads\/2025\/01\/songte-company-2.webp\" alt=\"Obr\u00e1zek v\u00e1lce kbel\u00edku\"><\/p>\n<h2>Funkce<\/h2>\n<ul>\n<li>Vysok\u00e1 pevnost a odolnost: V\u00e1lec kore\u010dkov\u00e9ho typu, obvykle vyroben\u00fd z vysokopevnostn\u00ed oceli nebo hlin\u00edku, odol\u00e1 vysok\u00e9mu tlaku a velk\u00e9mu zat\u00ed\u017een\u00ed, a p\u0159izp\u016fsob\u00ed se tak n\u00e1ro\u010dn\u00e9mu pracovn\u00edmu prost\u0159ed\u00ed. Jeho konstrukce zohled\u0148uje odolnost proti opot\u0159eben\u00ed a korozi, co\u017e prodlu\u017euje jeho \u017eivotnost.<\/li>\n<li>Efektivn\u00ed hydraulick\u00fd provoz: D\u00edky tlaku hydraulick\u00e9ho oleje dosahuje v\u00e1lec kore\u010dkov\u00e9ho v\u00e1lce plynul\u00e9ho vysouv\u00e1n\u00ed a zasouv\u00e1n\u00ed, co\u017e umo\u017e\u0148uje rychlou reakci na \u0159\u00eddic\u00ed povely a poskytuje siln\u00e9 tla\u010dn\u00e9 a ta\u017en\u00e9 s\u00edly, vhodn\u00e9 pro manipulaci s t\u011b\u017ek\u00fdmi b\u0159emeny a slo\u017eit\u00e9 provozn\u00ed \u00fakoly.<\/li>\n<li>R\u016fzn\u00e9 typy: V\u00e1lec kore\u010dkov\u00e9ho v\u00e1lce lze zvolit jako jedno\u010dinn\u00fd (hydraulick\u00fd pohon se pou\u017e\u00edv\u00e1 pouze v jednom sm\u011bru) nebo dvoj\u010dinn\u00fd (hydraulick\u00fd pohon se pou\u017e\u00edv\u00e1 v obou sm\u011brech) dle po\u017eadavk\u016f, kter\u00e9 spl\u0148uj\u00ed r\u016fzn\u00e9 provozn\u00ed pot\u0159eby. N\u011bkter\u00e9 modely jsou teleskopick\u00e9, co\u017e umo\u017e\u0148uje v\u011bt\u0161\u00ed vysunut\u00ed bez zv\u011bt\u0161en\u00ed vn\u011bj\u0161\u00edch rozm\u011br\u016f, a jsou vhodn\u00e9 pro aplikace s omezen\u00fdm prostorem.<\/li>\n<li>Dokonal\u00e1 n\u00e1hrada: Na\u0161e produkty dok\u00e1\u017e\u00ed tyto hydraulick\u00e9 v\u00e1lce dokonale nahradit. <\/li>\n<\/ul>\n<p><img decoding=\"async\" src=\"https:\/\/www.hydraulic-cylinders.net\/wp-content\/uploads\/2025\/01\/songte-cylinder-head-with-all-kinds-excavator-models.webp\" alt=\"Obr\u00e1zek produktu\"><\/p>\n<h2>Aplikace<\/h2>\n<ul>\n<li>Stavebn\u00ed za\u0159\u00edzen\u00ed: Nach\u00e1zej\u00ed se v bagrech a jsou kl\u00ed\u010dov\u00e9 pro kop\u00e1n\u00ed, nakl\u00e1d\u00e1n\u00ed a p\u0159emis\u0165ov\u00e1n\u00ed zeminy nebo suti. U rypadlo-naklada\u010d\u016f pom\u00e1h\u00e1 v\u00e1lec l\u017e\u00edce jak p\u0159i v\u00fdkopu, tak p\u0159i zved\u00e1n\u00ed.<\/li>\n<li>Zem\u011bd\u011blsk\u00e9 stroje: Pou\u017e\u00edvaj\u00ed se v \u010deln\u00edch naklada\u010d\u00edch pro nab\u00edr\u00e1n\u00ed, zved\u00e1n\u00ed a p\u0159epravu p\u016fdy, sena a dal\u0161\u00edch materi\u00e1l\u016f.<\/li>\n<li>Rypadla: V\u00e1lec l\u017e\u00edce umo\u017e\u0148uje kop\u00e1n\u00ed t\u00edm, \u017ee umo\u017e\u0148uje l\u017e\u00edci proniknout do zem\u011b.<\/li>\n<li>Kolov\u00e9 naklada\u010de: Kolov\u00e9 naklada\u010de pom\u00e1haj\u00ed s efektivn\u00edm zved\u00e1n\u00edm a vykl\u00e1dkou zbo\u017e\u00ed.<\/li>\n<\/ul>\n<h2>Konstruk\u010dn\u00ed aspekty a krit\u00e9ria v\u00fdb\u011bru<\/h2>\n<ul>\n<li>\u00danosnost: V\u00e1lec kore\u010dkov\u00e9ho v\u00e1lce je navr\u017een tak, aby odolal specifikovan\u00e9mu zat\u00ed\u017een\u00ed a zajistil bezpe\u010dn\u00fd provoz.<\/li>\n<li>T\u011bsn\u011bn\u00ed: K zabr\u00e1n\u011bn\u00ed \u00faniku a zaji\u0161t\u011bn\u00ed efektivn\u00edho v\u00fdkonu se pou\u017e\u00edvaj\u00ed r\u016fzn\u00e9 t\u011bsnic\u00ed komponenty, jako jsou t\u011bsn\u011bn\u00ed p\u00edst\u016f a p\u00edstnic.<\/li>\n<li>Trvanlivost: V\u00e1lec je konstruov\u00e1n a o\u0161et\u0159en tak, aby odol\u00e1val opot\u0159eben\u00ed a korozi, co\u017e prodlu\u017euje jeho \u017eivotnost.<\/li>\n<li>Bezpe\u010dnost: Sou\u010d\u00e1st\u00ed konstrukce jsou bezpe\u010dnostn\u00ed prvky, kter\u00e9 chr\u00e1n\u00ed obsluhu a za\u0159\u00edzen\u00ed b\u011bhem provozu.<\/li>\n<li>\u00dadr\u017eba: Konstrukce v\u00e1lce usnad\u0148uje \u00fadr\u017ebu a opravy a zaji\u0161\u0165uje tak dlouhodobou spolehlivost.<\/li>\n<\/ul>\n<p><img decoding=\"async\" src=\"https:\/\/www.hydraulic-cylinders.net\/wp-content\/uploads\/2025\/01\/songte-oil-pipes-and-spare-parts.webp\" alt=\"Obr\u00e1zek produktu\"><\/p>\n<h2>T\u011bsn\u011bn\u00ed a maz\u00e1n\u00ed<\/h2>\n<p>Kore\u010dkov\u00fd v\u00e1lec pou\u017e\u00edv\u00e1 r\u016fzn\u00e1 t\u011bsn\u011bn\u00ed, jako jsou p\u00edstn\u00ed t\u011bsn\u011bn\u00ed a t\u011bsn\u011bn\u00ed p\u00edstnice, vyroben\u00e1 z materi\u00e1l\u016f odoln\u00fdch proti opot\u0159eben\u00ed, jako je polyuretan a nitrilov\u00e1 pry\u017e. T\u011bleso v\u00e1lce a z\u00e1vitov\u00e9 konce jsou jemn\u011b o\u0161et\u0159eny pro zv\u00fd\u0161en\u00ed odolnosti proti opot\u0159eben\u00ed. Pro zaji\u0161t\u011bn\u00ed spr\u00e1vn\u00e9ho maz\u00e1n\u00ed v\u00e1lce je nezbytn\u00e9 pravideln\u00e9 maz\u00e1n\u00ed vhodn\u00fdm mno\u017estv\u00edm hydraulick\u00e9ho oleje.<\/p>\n<h2>Inspekce a preventivn\u00ed \u00fadr\u017eba<\/h2>\n<ul>\n<li>Pravideln\u011b kontrolujte v\u00e1lec, zda nevykazuje zn\u00e1mky po\u0161kozen\u00ed nebo net\u011bsnosti.<\/li>\n<li>Zajist\u011bte spr\u00e1vn\u00e9 maz\u00e1n\u00ed v\u0161ech pohybliv\u00fdch \u010d\u00e1st\u00ed.<\/li>\n<li>Pravideln\u011b vym\u011b\u0148ujte opot\u0159ebovan\u00e1 t\u011bsn\u011bn\u00ed a prov\u00e1d\u011bjte kalibra\u010dn\u00ed kontroly.<\/li>\n<\/ul>\n<h2>Pr\u016fvodce instalac\u00ed produktu<\/h2>\n<p>Spr\u00e1vn\u00e1 instalace je kl\u00ed\u010dov\u00e1 pro optim\u00e1ln\u00ed v\u00fdkon a dlouhou \u017eivotnost kore\u010dkov\u00e9ho v\u00e1lce. Postupujte podle t\u011bchto krok\u016f:<\/p>\n<ol>\n<li>B\u011bhem instalace spr\u00e1vn\u011b vyrovnejte v\u00e1lec.<\/li>\n<li>K upevn\u011bn\u00ed v\u00e1lce pou\u017eijte vhodn\u00e9 mont\u00e1\u017en\u00ed konzoly.<\/li>\n<\/ol>\n<h2>\u00dakoly \u00fadr\u017eby<\/h2>\n<p>Mezi b\u011b\u017en\u00e9 \u00fakony \u00fadr\u017eby kore\u010dkov\u00e9ho v\u00e1lce pat\u0159\u00ed pravideln\u00e1 kontrola, spr\u00e1vn\u00e9 maz\u00e1n\u00ed, v\u00fdm\u011bna t\u011bsn\u011bn\u00ed a kontroly kalibrace. Je d\u016fle\u017eit\u00e9 zd\u016fraznit d\u016fle\u017eitost spr\u00e1vn\u00e9 instalace, maz\u00e1n\u00ed a se\u0159\u00edzen\u00ed. Poskytn\u011bte pokyny pro spr\u00e1vn\u00e9 vyrovn\u00e1n\u00ed v\u00e1lce b\u011bhem instalace a doporu\u010dte pou\u017eit\u00ed vhodn\u00fdch mont\u00e1\u017en\u00edch konzol k jeho zaji\u0161t\u011bn\u00ed. Nab\u00eddn\u011bte doporu\u010den\u00e9 postupy kontroly, opravy a v\u00fdm\u011bny a tak\u00e9 tipy pro prodlou\u017een\u00ed \u017eivotnosti kore\u010dkov\u00e9ho v\u00e1lce.<\/p>\n<p><img decoding=\"async\" src=\"https:\/\/www.hydraulic-cylinders.net\/wp-content\/uploads\/2025\/01\/songte-chushion-collar.webp\" alt=\"Obr\u00e1zek produktu\"><\/p>\n<h2>Bezpe\u010dnostn\u00ed aspekty a faktory prost\u0159ed\u00ed<\/h2>\n<p>P\u0159i pou\u017e\u00edv\u00e1n\u00ed kore\u010dkov\u00e9ho v\u00e1lce je d\u016fle\u017eit\u00e9 dodr\u017eovat bezpe\u010dnostn\u00ed opat\u0159en\u00ed, aby byla zaji\u0161t\u011bna pohoda obsluhy a p\u0159ede\u0161lo se nehod\u00e1m. Zohledn\u011bte faktory prost\u0159ed\u00ed a p\u0159ijm\u011bte vhodn\u00e1 opat\u0159en\u00ed k minimalizaci jak\u00e9hokoli negativn\u00edho dopadu na okol\u00ed.<\/p>\n<h2>Odstra\u0148ov\u00e1n\u00ed probl\u00e9m\u016f a b\u011b\u017en\u00e9 probl\u00e9my<\/h2>\n<p>Identifikujte a popi\u0161te b\u011b\u017en\u00e9 probl\u00e9my a poskytn\u011bte tipy a \u0159e\u0161en\u00ed, kter\u00e9 \u010dten\u00e1\u0159\u016fm pomohou efektivn\u011b diagnostikovat a \u0159e\u0161it probl\u00e9my. Nab\u00eddn\u011bte preventivn\u00ed opat\u0159en\u00ed k minimalizaci potenci\u00e1ln\u00edch probl\u00e9m\u016f.<\/p>\n<p><img decoding=\"async\" src=\"https:\/\/www.hydraulic-cylinders.net\/wp-content\/uploads\/2025\/01\/songte-bushings-with-all-kinds-of-excavator-models.webp\" alt=\"Obr\u00e1zek produktu\"><\/p>\n<p>Nezapome\u0148te \u010dl\u00e1nek logicky uspo\u0159\u00e1dat, pou\u017e\u00edvat podnadpisy pro snadnou navigaci, za\u010dlenit relevantn\u00ed obr\u00e1zky nebo grafy pro lep\u0161\u00ed pochopen\u00ed a zajistit, aby obsah byl jasn\u00fd, stru\u010dn\u00fd a vhodn\u00fd pro \u010dten\u00e1\u0159e s r\u016fznou \u00farovn\u00ed technick\u00fdch znalost\u00ed.<\/p>\n<h2>O na\u0161\u00ed spole\u010dnosti<\/h2>\n<p>Jsme v\u00fdrobcem n\u00e1hradn\u00edch hydraulick\u00fdch v\u00e1lc\u016f a nab\u00edz\u00edme \u0161irokou \u0161k\u00e1lu produkt\u016f. Stali jsme se jedn\u00edm z p\u0159edn\u00edch v\u00fdrobc\u016f a velkoobchodn\u00edch distributor\u016f hydraulick\u00fdch v\u00e1lc\u016f na dom\u00e1c\u00edm i mezin\u00e1rodn\u00edm trhu. Dodr\u017eujeme z\u00e1sady vynikaj\u00edc\u00ed kvality a spol\u00e9h\u00e1me se na industrializovan\u00e9 strategie \u0159\u00edzen\u00ed v\u00fdroby v na\u0161\u00ed skv\u011ble vybaven\u00e9 v\u00fdrobn\u00ed d\u00edln\u011b. D\u00edky na\u0161im technick\u00fdm dovednostem, modern\u00edmu v\u00fdrobn\u00edmu za\u0159\u00edzen\u00ed a profesion\u00e1ln\u00edm testovac\u00edm syst\u00e9m\u016fm neust\u00e1le vylep\u0161ujeme na\u0161i v\u00fdrobn\u00ed platformu a zdokonalujeme v\u00fdrobn\u00ed postup pro dosa\u017een\u00ed kvality produkt\u016f. M\u00e1me silnou schopnost vytv\u00e1\u0159et a uspokojovat rozmanit\u00e9 pot\u0159eby z\u00e1kazn\u00edk\u016f s vysokou efektivitou, p\u0159esnost\u00ed a kvalitou.<\/p>\n<p><img decoding=\"async\" src=\"https:\/\/www.hydraulic-cylinders.net\/wp-content\/uploads\/2025\/01\/songte-company-3.webp\" alt=\"Image spole\u010dnosti\"><\/p>\n<h3>Na\u0161e kl\u00ed\u010dov\u00e9 siln\u00e9 str\u00e1nky:<\/h3>\n<ul>\n<li>Profesionalita<\/li>\n<li>Mezin\u00e1rodn\u00ed certifikace<\/li>\n<li>Slu\u017eby p\u0159izp\u016fsoben\u00ed<\/li>\n<li>V\u00fdrobn\u00ed za\u0159\u00edzen\u00ed<\/li>\n<li>Poprodejn\u00ed servis<\/li>\n<\/ul>\n<p>Autor: lyl<\/p>","protected":false},"excerpt":{"rendered":"<p>Bucket Cylinder For XCMG Middle Excavator XE210 Introduction The bucket cylinder is a specially designed hydraulic cylinder used to control the movement of the bucket in heavy machinery such as excavators, backhoe loaders, and wheel loaders. Its main function is to enable the bucket to lift, lower, and tilt, making it easier for various material [&hellip;]<\/p>","protected":false},"featured_media":14769,"comment_status":"open","ping_status":"closed","template":"","meta":{"_et_pb_use_builder":"","_et_pb_old_content":"","_et_gb_content_width":""},"product_brand":[],"product_cat":[1494],"product_tag":[1495,1496],"class_list":{"0":"post-15473","1":"product","2":"type-product","3":"status-publish","4":"has-post-thumbnail","6":"product_cat-bucket-cylinders","7":"product_tag-bucket-cylinders","8":"product_tag-hydraulic-cylinders","10":"first","11":"instock","12":"shipping-taxable","13":"product-type-simple"},"amp_enabled":true,"_links":{"self":[{"href":"https:\/\/www.hydraulic-cylinders.net\/cs\/wp-json\/wp\/v2\/product\/15473","targetHints":{"allow":["GET"]}}],"collection":[{"href":"https:\/\/www.hydraulic-cylinders.net\/cs\/wp-json\/wp\/v2\/product"}],"about":[{"href":"https:\/\/www.hydraulic-cylinders.net\/cs\/wp-json\/wp\/v2\/types\/product"}],"replies":[{"embeddable":true,"href":"https:\/\/www.hydraulic-cylinders.net\/cs\/wp-json\/wp\/v2\/comments?post=15473"}],"wp:featuredmedia":[{"embeddable":true,"href":"https:\/\/www.hydraulic-cylinders.net\/cs\/wp-json\/wp\/v2\/media\/14769"}],"wp:attachment":[{"href":"https:\/\/www.hydraulic-cylinders.net\/cs\/wp-json\/wp\/v2\/media?parent=15473"}],"wp:term":[{"taxonomy":"product_brand","embeddable":true,"href":"https:\/\/www.hydraulic-cylinders.net\/cs\/wp-json\/wp\/v2\/product_brand?post=15473"},{"taxonomy":"product_cat","embeddable":true,"href":"https:\/\/www.hydraulic-cylinders.net\/cs\/wp-json\/wp\/v2\/product_cat?post=15473"},{"taxonomy":"product_tag","embeddable":true,"href":"https:\/\/www.hydraulic-cylinders.net\/cs\/wp-json\/wp\/v2\/product_tag?post=15473"}],"curies":[{"name":"wp","href":"https:\/\/api.w.org\/{rel}","templated":true}]}}