{"id":15475,"date":"2025-01-19T14:34:39","date_gmt":"2025-01-19T14:34:39","guid":{"rendered":"https:\/\/www.hydraulic-cylinders.net\/product\/bucket-cylinder-for-xcmg-middle-excavator-xe235c\/"},"modified":"2025-01-19T14:34:41","modified_gmt":"2025-01-19T14:34:41","slug":"bucket-cylinder-for-xcmg-middle-excavator-xe235c","status":"publish","type":"product","link":"https:\/\/www.hydraulic-cylinders.net\/cs\/produkt\/bucket-cylinder-for-xcmg-middle-excavator-xe235c\/","title":{"rendered":"V\u00e1lec l\u017e\u00edce pro st\u0159edn\u00ed bagr XCMG XE235C"},"content":{"rendered":"<h1>V\u00e1lec l\u017e\u00edce pro st\u0159edn\u00ed bagr XCMG XE235C<\/h1>\n<h2>Zaveden\u00ed<\/h2>\n<h3>Definice kore\u010dkov\u00e9ho v\u00e1lce<\/h3>\n<p>Hydraulick\u00fd v\u00e1lec kope\u010dku je typ hydraulick\u00e9ho v\u00e1lce navr\u017een\u00e9ho speci\u00e1ln\u011b pro ovl\u00e1d\u00e1n\u00ed pohybu kope\u010dku v t\u011b\u017ek\u00fdch stroj\u00edch, jako jsou bagry, rypadla-naklada\u010de a \u010deln\u00ed naklada\u010de. Jeho prim\u00e1rn\u00ed funkc\u00ed je umo\u017enit kope\u010dku prov\u00e1d\u011bt zved\u00e1n\u00ed, spou\u0161t\u011bn\u00ed a nakl\u00e1p\u011bn\u00ed, \u010d\u00edm\u017e usnad\u0148uje r\u016fzn\u00e9 \u00fakoly manipulace s materi\u00e1lem. V hydraulick\u00e9m syst\u00e9mu dosahuje v\u00e1lec kope\u010dku p\u0159esn\u00e9ho ovl\u00e1d\u00e1n\u00ed kope\u010dku manipulac\u00ed s tlakem hydraulick\u00e9ho oleje, co\u017e umo\u017e\u0148uje obsluze efektivn\u011b manipulovat s t\u011b\u017ek\u00fdmi b\u0159emeny a p\u0159izp\u016fsobovat se slo\u017eit\u00fdm pracovn\u00edm prost\u0159ed\u00edm a rozmanit\u00fdm po\u017eadavk\u016fm na pr\u00e1ci.<\/p>\n<p><img decoding=\"async\" src=\"https:\/\/www.hydraulic-cylinders.net\/wp-content\/uploads\/2025\/01\/songte-company-2.webp\" alt=\"Obr\u00e1zek v\u00e1lce kbel\u00edku\"><\/p>\n<h2>Vlastnosti produktu<\/h2>\n<h3>Vysok\u00e1 pevnost a trvanlivost<\/h3>\n<p>Kore\u010dkov\u00e9 v\u00e1lce se obvykle vyr\u00e1b\u011bj\u00ed z vysokopevnostn\u00ed oceli nebo hlin\u00edku, kter\u00e9 odol\u00e1vaj\u00ed vysok\u00e9mu tlaku a velk\u00e9mu zat\u00ed\u017een\u00ed a p\u0159izp\u016fsobuj\u00ed se n\u00e1ro\u010dn\u00fdm pracovn\u00edm prost\u0159ed\u00edm. Jsou navr\u017eeny s ohledem na odolnost proti opot\u0159eben\u00ed a korozi, aby se prodlou\u017eila jejich \u017eivotnost.<\/p>\n<h3>Efektivn\u00ed hydraulick\u00fd provoz<\/h3>\n<p>V\u00e1lce kore\u010dk\u016f vyu\u017e\u00edvaj\u00ed tlak hydraulick\u00e9ho oleje k dosa\u017een\u00ed plynul\u00e9ho vysouv\u00e1n\u00ed a zasouv\u00e1n\u00ed, rychle reaguj\u00ed na \u0159\u00eddic\u00ed povely a poskytuj\u00ed siln\u00e9 tla\u010dn\u00e9 a ta\u017en\u00e9 s\u00edly, vhodn\u00e9 pro manipulaci s t\u011b\u017ek\u00fdmi b\u0159emeny a slo\u017eit\u00e9 pracovn\u00ed \u00fakoly.<\/p>\n<h3>R\u016fznorod\u00e9 typy<\/h3>\n<p>Kore\u010dkov\u00e9 v\u00e1lce lze volit na z\u00e1klad\u011b pot\u0159eb jedno\u010dinn\u00fdch (hydraulicky ovl\u00e1dan\u00e9 pouze v jednom sm\u011bru) nebo dvoj\u010dinn\u00fdch (hydraulicky ovl\u00e1dan\u00e9 ve dvou sm\u011brech) v\u00e1lc\u016f, aby spl\u0148ovaly r\u016fzn\u00e9 provozn\u00ed po\u017eadavky. N\u011bkter\u00e9 modely jsou teleskopick\u00e9, co\u017e umo\u017e\u0148uje v\u011bt\u0161\u00ed vysunut\u00ed bez zv\u011bt\u0161en\u00ed vn\u011bj\u0161\u00edch rozm\u011br\u016f, a jsou vhodn\u00e9 pro aplikace s omezen\u00fdm prostorem.<\/p>\n<h3>Dokonal\u00e1 n\u00e1hrada<\/h3>\n<p>Na\u0161e spole\u010dnost vyr\u00e1b\u00ed kore\u010dkov\u00e9 v\u00e1lce, kter\u00e9 dok\u00e1\u017e\u00ed dokonale nahradit tyto hydraulick\u00e9 v\u00e1lce. <\/p>\n<p><img decoding=\"async\" src=\"https:\/\/www.hydraulic-cylinders.net\/wp-content\/uploads\/2025\/01\/songte-cylinder-head-with-all-kinds-excavator-models.webp\" alt=\"V\u00fdm\u011bna v\u00e1lce lopaty\"><\/p>\n<h2>Aplikace<\/h2>\n<h3>Stavebn\u00ed stroje<\/h3>\n<p>U bagr\u016f jsou nezbytn\u00e9 pro kop\u00e1n\u00ed, nakl\u00e1d\u00e1n\u00ed a p\u0159emis\u0165ov\u00e1n\u00ed zeminy nebo suti. U rypadlo-naklada\u010d\u016f pom\u00e1haj\u00ed kore\u010dkov\u00e9 v\u00e1lce s kop\u00e1n\u00edm a zved\u00e1n\u00edm. U \u010deln\u00edch naklada\u010d\u016f pom\u00e1haj\u00ed s efektivn\u00edm zved\u00e1n\u00edm a vykl\u00e1p\u011bn\u00edm n\u00e1kladu.<\/p>\n<h3>Zem\u011bd\u011blsk\u00e9 stroje<\/h3>\n<p>Pou\u017e\u00edvaj\u00ed se u \u010deln\u00edch naklada\u010d\u016f, nab\u00edraj\u00ed, zvedaj\u00ed a p\u0159epravuj\u00ed zeminu, seno a dal\u0161\u00ed materi\u00e1ly. U bagr\u016f dosahuj\u00ed kore\u010dkov\u00e9 v\u00e1lce v\u00fdkopu t\u00edm, \u017ee umo\u017e\u0148uj\u00ed kore\u010dce proniknout do p\u016fdy.<\/p>\n<h3>Podrobnosti o aplikaci<\/h3>\n<p>Stavebn\u00ed stroje: U bagr\u016f je nezbytn\u00e9 pou\u017e\u00edvat kore\u010dkov\u00e9 v\u00e1lce pro kop\u00e1n\u00ed, nakl\u00e1d\u00e1n\u00ed a p\u0159emis\u0165ov\u00e1n\u00ed zeminy nebo suti. R\u00fdpadlo-naklada\u010de pova\u017euj\u00ed kore\u010dkov\u00e9 v\u00e1lce za u\u017eite\u010dn\u00e9 pro kop\u00e1n\u00ed a zved\u00e1n\u00ed. U \u010deln\u00edch naklada\u010d\u016f efektivn\u011b pom\u00e1haj\u00ed se zved\u00e1n\u00edm a vykl\u00e1dkou n\u00e1kladu. Zem\u011bd\u011blsk\u00e9 stroje: Pou\u017e\u00edvaj\u00ed se u \u010deln\u00edch naklada\u010d\u016f, nab\u00edraj\u00ed, zvedaj\u00ed a p\u0159epravuj\u00ed zeminu, seno a dal\u0161\u00ed materi\u00e1ly. U bagr\u016f dosahuj\u00ed kore\u010dkov\u00e9 v\u00e1lce v\u00fdkopu t\u00edm, \u017ee umo\u017e\u0148uj\u00ed l\u017e\u00edci proniknout do p\u016fdy. <\/p>\n<p><img decoding=\"async\" src=\"https:\/\/www.hydraulic-cylinders.net\/wp-content\/uploads\/2025\/01\/songte-bushings-with-all-kinds-of-excavator-models.webp\" alt=\"Aplikace kore\u010dkov\u00fdch v\u00e1lc\u016f\"><\/p>\n<h2>\u00davahy o n\u00e1vrhu a standardy v\u00fdb\u011bru<\/h2>\n<h3>\u00danosnost<\/h3>\n<p>Kore\u010dkov\u00fd v\u00e1lec by m\u011bl b\u00fdt schopen odolat velk\u00e9mu zat\u00ed\u017een\u00ed a pracovat pod vysok\u00fdm tlakem. Materi\u00e1l by m\u011bl b\u00fdt vysoce pevn\u00fd a odoln\u00fd, aby v\u00e1lec odolal n\u00e1ro\u010dn\u00fdm pracovn\u00edm podm\u00ednk\u00e1m a vydr\u017eel d\u00e9le.<\/p>\n<h3>T\u011bsnic\u00ed v\u00fdkon<\/h3>\n<p>Kore\u010dkov\u00fd v\u00e1lec by m\u011bl pou\u017e\u00edvat r\u016fzn\u00e9 t\u011bsnic\u00ed komponenty, jako jsou t\u011bsn\u011bn\u00ed p\u00edstu, t\u011bsn\u011bn\u00ed p\u00edstnice a t\u011bsnic\u00ed krou\u017eky, aby se zajistilo, \u017ee si v\u00e1lec po celou dobu sv\u00e9 \u017eivotnosti udr\u017e\u00ed vysokou \u00farove\u0148 t\u011bsnic\u00edho v\u00fdkonu. Vybran\u00e9 t\u011bsnic\u00ed komponenty by m\u011bly b\u00fdt vyrobeny z materi\u00e1l\u016f odoln\u00fdch proti opot\u0159eben\u00ed, jako je polyuretan a nitrilov\u00e1 pry\u017e.<\/p>\n<h3>Trvanlivost<\/h3>\n<p>Kore\u010dkov\u00fd v\u00e1lec by m\u011bl b\u00fdt schopen odolat n\u00e1ro\u010dn\u00e9mu pracovn\u00edmu prost\u0159ed\u00ed, co\u017e znamen\u00e1, \u017ee by m\u011bl b\u00fdt vyroben z vysoce kvalitn\u00edch a ot\u011bruvzdorn\u00fdch materi\u00e1l\u016f.<\/p>\n<h3>Bezpe\u010dnost<\/h3>\n<p>Kore\u010dkov\u00fd v\u00e1lec by m\u011bl b\u00fdt navr\u017een s ohledem na bezpe\u010dnost, aby bylo zaji\u0161t\u011bno, \u017ee jej obsluha bude bezpe\u010dn\u011b pou\u017e\u00edvat. Bezpe\u010dnostn\u00ed prvky mohou zahrnovat p\u0159etlakov\u00e9 ventily, tlumic\u00ed za\u0159\u00edzen\u00ed a dal\u0161\u00ed bezpe\u010dnostn\u00ed mechanismy.<\/p>\n<h3>\u00dadr\u017eba<\/h3>\n<p>Kore\u010dkov\u00fd v\u00e1lec by m\u011bl b\u00fdt navr\u017een tak, aby se dal snadno udr\u017eovat a umo\u017e\u0148oval snadnou kontrolu, opravu a v\u00fdm\u011bnu sou\u010d\u00e1st\u00ed. Pravideln\u00e1 \u00fadr\u017eba by m\u011bla b\u00fdt prov\u00e1d\u011bna, aby se zajistilo, \u017ee v\u00e1lec pracuje optim\u00e1ln\u011b.<\/p>\n<p><img decoding=\"async\" src=\"https:\/\/www.hydraulic-cylinders.net\/wp-content\/uploads\/2025\/01\/songte-oil-pipes-and-spare-parts.webp\" alt=\"Konstrukce v\u00e1lce kope\u010dku\"><\/p>\n<h2>T\u011bsn\u011bn\u00ed a maz\u00e1n\u00ed<\/h2>\n<p>Kore\u010dkov\u00e9 v\u00e1lce pou\u017e\u00edvaj\u00ed r\u016fzn\u00e9 t\u011bsnic\u00ed komponenty, jako jsou p\u00edstn\u00ed t\u011bsn\u011bn\u00ed a t\u011bsn\u011bn\u00ed p\u00edstnice, k udr\u017een\u00ed jejich t\u011bsnic\u00edho v\u00fdkonu. Vybran\u00e9 t\u011bsnic\u00ed komponenty by m\u011bly b\u00fdt vyrobeny z materi\u00e1l\u016f odoln\u00fdch proti opot\u0159eben\u00ed, jako je polyuretan a nitrilov\u00e1 pry\u017e. T\u011bleso v\u00e1lce a z\u00e1vitov\u00e9 koncov\u00e9 plochy by m\u011bly b\u00fdt jemn\u011b opracov\u00e1ny pro zlep\u0161en\u00ed odolnosti proti opot\u0159eben\u00ed. Je nutn\u00e9 pravideln\u00e9 maz\u00e1n\u00ed a pravideln\u011b dopl\u0148ovat odpov\u00eddaj\u00edc\u00ed mno\u017estv\u00ed hydraulick\u00e9ho oleje, aby se zajistil hladk\u00fd chod v\u00e1lce.<\/p>\n<h2>Inspekce a \u00fadr\u017eba<\/h2>\n<h3>Pravideln\u00e1 kontrola<\/h3>\n<p>Pravideln\u00e1 kontrola kore\u010dkov\u00fdch v\u00e1lc\u016f je nezbytn\u00e1 pro zaji\u0161t\u011bn\u00ed jejich optim\u00e1ln\u00edho provozu. Kontroly mohou zahrnovat kontrolu net\u011bsnost\u00ed nebo po\u0161kozen\u00ed, kontrolu t\u011bsn\u011bn\u00ed a zkoum\u00e1n\u00ed opot\u0159eben\u00ed t\u011blesa v\u00e1lce.<\/p>\n<h3>Spr\u00e1vn\u00e9 maz\u00e1n\u00ed<\/h3>\n<p>Spr\u00e1vn\u00e9 maz\u00e1n\u00ed je nezbytn\u00e9 pro hladk\u00fd chod v\u00e1lce l\u017e\u00edce. Maz\u00e1n\u00ed by m\u011blo b\u00fdt prov\u00e1d\u011bno podle pokyn\u016f v\u00fdrobce a pravideln\u011b by se m\u011blo dopl\u0148ovat odpov\u00eddaj\u00edc\u00ed mno\u017estv\u00ed hydraulick\u00e9ho oleje.<\/p>\n<h3>V\u00fdm\u011bna t\u011bsn\u011bn\u00ed a kontrola kalibrace<\/h3>\n<p>T\u011bsn\u011bn\u00ed by m\u011bla b\u00fdt pravideln\u011b vym\u011b\u0148ov\u00e1na, aby se zajistila vysok\u00e1 \u00farove\u0148 t\u011bsnosti v\u00e1lce. M\u011bly by se tak\u00e9 prov\u00e1d\u011bt kalibra\u010dn\u00ed kontroly, aby se zajistilo, \u017ee v\u00e1lec pracuje optim\u00e1ln\u011b.<\/p>\n<p><img decoding=\"async\" src=\"https:\/\/www.hydraulic-cylinders.net\/wp-content\/uploads\/2025\/01\/songte-chushion-collar.webp\" alt=\"Kontrola a \u00fadr\u017eba v\u00e1lce kore\u010dkov\u00e9ho v\u00e1lce\"><\/p>\n<h2>Bezpe\u010dnostn\u00ed aspekty a faktory prost\u0159ed\u00ed<\/h2>\n<p>P\u0159i pou\u017e\u00edv\u00e1n\u00ed kore\u010dkov\u00fdch lahv\u00ed jsou nezbytn\u00e1 bezpe\u010dnostn\u00ed opat\u0159en\u00ed. Obsluha by m\u011bla b\u00fdt pro\u0161kolena v tom, jak lahev spr\u00e1vn\u011b pou\u017e\u00edvat, a m\u011bla by b\u00fdt instalov\u00e1na bezpe\u010dnostn\u00ed za\u0159\u00edzen\u00ed, jako jsou p\u0159etlakov\u00e9 ventily a tlumic\u00ed za\u0159\u00edzen\u00ed. Faktory prost\u0159ed\u00ed, jako je teplota a vlhkost, mohou ovlivnit v\u00fdkon lahve a obsluha by si m\u011bla b\u00fdt t\u011bchto faktor\u016f p\u0159i pou\u017e\u00edv\u00e1n\u00ed lahve v\u011bdoma.<\/p>\n<h2>Diagnostika a odstra\u0148ov\u00e1n\u00ed z\u00e1vad<\/h2>\n<p>Mezi b\u011b\u017en\u00e9 probl\u00e9my s kore\u010dkov\u00fdmi v\u00e1lci pat\u0159\u00ed net\u011bsnosti, po\u0161kozen\u00ed a nemo\u017enost vysouv\u00e1n\u00ed nebo zasouv\u00e1n\u00ed. Pokud v\u00e1lec net\u011bsn\u00ed, m\u016f\u017ee to b\u00fdt zp\u016fsobeno po\u0161kozen\u00fdmi t\u011bsn\u011bn\u00edmi nebo opot\u0159ebovan\u00fdmi sou\u010d\u00e1stmi. Pokud se v\u00e1lec spr\u00e1vn\u011b nevysouv\u00e1 nebo nezasouv\u00e1, m\u016f\u017ee to b\u00fdt zp\u016fsobeno po\u0161kozen\u00fdm p\u00edstem nebo t\u011blesem v\u00e1lce. Tipy pro \u0159e\u0161en\u00ed probl\u00e9m\u016f mohou zahrnovat kontrolu a v\u00fdm\u011bnu po\u0161kozen\u00fdch sou\u010d\u00e1st\u00ed, kontrolu hladiny hydraulick\u00e9 kapaliny a kontrolu hydraulick\u00e9ho syst\u00e9mu, zda nedo\u0161lo k n\u011bjak\u00fdm probl\u00e9m\u016fm.<\/p>\n<p><img decoding=\"async\" src=\"https:\/\/hzpt.com\/wp-content\/uploads\/2024\/11\/songte-company-1.webp\" alt=\"Odstra\u0148ov\u00e1n\u00ed probl\u00e9m\u016f s v\u00e1lcem l\u017e\u00edce\"><\/p>\n<h2>O na\u0161\u00ed spole\u010dnosti<\/h2>\n<p>Jsme v\u00fdrobcem hydraulick\u00fdch v\u00e1lc\u016f, kter\u00e9 mohou nahradit v\u00e1lce jin\u00fdch zna\u010dek. Na\u0161e spole\u010dnost nab\u00edz\u00ed \u0161irokou \u0161k\u00e1lu produkt\u016f, co\u017e z n\u00e1s d\u011bl\u00e1 jednoho z p\u0159edn\u00edch v\u00fdrobc\u016f a velkoobchodn\u00edch distributor\u016f hydraulick\u00fdch v\u00e1lc\u016f na dom\u00e1c\u00edm i mezin\u00e1rodn\u00edm trhu. Dodr\u017eujeme vynikaj\u00edc\u00ed kvalitu a spol\u00e9h\u00e1me se na strategie \u0159\u00edzen\u00ed pr\u016fmyslov\u00e9 v\u00fdroby zalo\u017een\u00e9 na precizn\u00edch v\u00fdrobn\u00edch d\u00edln\u00e1ch. Na\u0161e spole\u010dnost neust\u00e1le vylep\u0161uje v\u00fdrobn\u00ed platformu d\u00edlny, zdokonaluje postupy zaji\u0161\u0165ov\u00e1n\u00ed kvality v\u00fdroby a m\u00e1 siln\u00e9 tv\u016fr\u010d\u00ed schopnosti, aby spl\u0148ovala rozmanit\u00e9 pot\u0159eby z\u00e1kazn\u00edk\u016f s vysokou efektivitou, vysokou p\u0159esnost\u00ed a vysokou kvalitou. <\/p>\n<p><img decoding=\"async\" src=\"https:\/\/www.hydraulic-cylinders.net\/wp-content\/uploads\/2025\/01\/songte-company-3.webp\" alt=\"Spole\u010dnost pro v\u00fdrobu v\u00e1lc\u016f s kope\u010dkem\"><\/p>\n<h3>Profesionalita<\/h3>\n<p>Na\u0161e spole\u010dnost m\u00e1 t\u00fdm profesion\u00e1l\u016f s bohat\u00fdmi technick\u00fdmi zku\u0161enostmi a vynikaj\u00edc\u00edmi v\u00fdzkumn\u00fdmi a v\u00fdvojov\u00fdmi schopnostmi, kte\u0159\u00ed z\u00e1kazn\u00edk\u016fm poskytuj\u00ed profesion\u00e1ln\u00ed a na m\u00edru \u0161it\u00e9 slu\u017eby.<\/p>\n<h3>Mezin\u00e1rodn\u00ed certifikace<\/h3>\n<p>Na\u0161e spole\u010dnost z\u00edskala mezin\u00e1rodn\u00ed certifikace, jako jsou ISO9001 a CE, co\u017e zaru\u010duje, \u017ee na\u0161e v\u00fdrobky spl\u0148uj\u00ed nejvy\u0161\u0161\u00ed standardy kvality.<\/p>\n<h3>Slu\u017eba p\u0159izp\u016fsoben\u00ed<\/h3>\n<p>Na\u0161e spole\u010dnost poskytuje slu\u017eby na m\u00edru, kter\u00e9 spl\u0148uj\u00ed r\u016fzn\u00e9 pot\u0159eby z\u00e1kazn\u00edk\u016f, v\u010detn\u011b zak\u00e1zkov\u00e9ho n\u00e1vrhu a v\u00fdroby.<\/p>\n<h3>V\u00fdrobn\u00ed za\u0159\u00edzen\u00ed<\/h3>\n<p>Na\u0161e spole\u010dnost disponuje pokro\u010dil\u00fdm, digitalizovan\u00fdm, \u0161pi\u010dkov\u00fdm v\u00fdrobn\u00edm za\u0159\u00edzen\u00edm a testovac\u00edmi syst\u00e9my, kter\u00e9 zaji\u0161\u0165uj\u00ed kvalitu a efektivitu produkt\u016f.<\/p>\n<h3>Poprodejn\u00ed servis<\/h3>\n<p>Na\u0161e spole\u010dnost poskytuje z\u00e1kazn\u00edk\u016fm vysoce kvalitn\u00ed poprodejn\u00ed servis, v\u010detn\u011b oprav a v\u00fdm\u011bny produkt\u016f, abychom zajistili dlouhodob\u00e9 a udr\u017eiteln\u00e9 pou\u017e\u00edv\u00e1n\u00ed na\u0161ich produkt\u016f.<\/p>\n<h2>Pozn\u00e1mka autora<\/h2>\n<p>Autor: lyl<\/p>","protected":false},"excerpt":{"rendered":"<p>Bucket Cylinder For XCMG Middle Excavator XE235C Introduction Definition of Bucket Cylinder A bucket cylinder is a type of hydraulic cylinder designed specifically to control the movement of the bucket in heavy machinery such as excavators, backhoe loaders, and front-end loaders. Its primary function is to enable the bucket to perform lifting, lowering, and tilting [&hellip;]<\/p>","protected":false},"featured_media":14762,"comment_status":"open","ping_status":"closed","template":"","meta":{"_et_pb_use_builder":"","_et_pb_old_content":"","_et_gb_content_width":""},"product_brand":[],"product_cat":[1494],"product_tag":[1495,1496],"class_list":{"0":"post-15475","1":"product","2":"type-product","3":"status-publish","4":"has-post-thumbnail","6":"product_cat-bucket-cylinders","7":"product_tag-bucket-cylinders","8":"product_tag-hydraulic-cylinders","10":"first","11":"instock","12":"shipping-taxable","13":"product-type-simple"},"amp_enabled":true,"_links":{"self":[{"href":"https:\/\/www.hydraulic-cylinders.net\/cs\/wp-json\/wp\/v2\/product\/15475","targetHints":{"allow":["GET"]}}],"collection":[{"href":"https:\/\/www.hydraulic-cylinders.net\/cs\/wp-json\/wp\/v2\/product"}],"about":[{"href":"https:\/\/www.hydraulic-cylinders.net\/cs\/wp-json\/wp\/v2\/types\/product"}],"replies":[{"embeddable":true,"href":"https:\/\/www.hydraulic-cylinders.net\/cs\/wp-json\/wp\/v2\/comments?post=15475"}],"wp:featuredmedia":[{"embeddable":true,"href":"https:\/\/www.hydraulic-cylinders.net\/cs\/wp-json\/wp\/v2\/media\/14762"}],"wp:attachment":[{"href":"https:\/\/www.hydraulic-cylinders.net\/cs\/wp-json\/wp\/v2\/media?parent=15475"}],"wp:term":[{"taxonomy":"product_brand","embeddable":true,"href":"https:\/\/www.hydraulic-cylinders.net\/cs\/wp-json\/wp\/v2\/product_brand?post=15475"},{"taxonomy":"product_cat","embeddable":true,"href":"https:\/\/www.hydraulic-cylinders.net\/cs\/wp-json\/wp\/v2\/product_cat?post=15475"},{"taxonomy":"product_tag","embeddable":true,"href":"https:\/\/www.hydraulic-cylinders.net\/cs\/wp-json\/wp\/v2\/product_tag?post=15475"}],"curies":[{"name":"wp","href":"https:\/\/api.w.org\/{rel}","templated":true}]}}