{"id":15484,"date":"2025-01-19T14:35:16","date_gmt":"2025-01-19T14:35:16","guid":{"rendered":"https:\/\/www.hydraulic-cylinders.net\/product\/bucket-cylinder-for-xcmg-large-excavator-xe700c\/"},"modified":"2025-01-19T14:35:18","modified_gmt":"2025-01-19T14:35:18","slug":"bucket-cylinder-for-xcmg-large-excavator-xe700c","status":"publish","type":"product","link":"https:\/\/www.hydraulic-cylinders.net\/cs\/produkt\/bucket-cylinder-for-xcmg-large-excavator-xe700c\/","title":{"rendered":"V\u00e1lec l\u017e\u00edce pro velk\u00e9 rypadlo XCMG XE700C"},"content":{"rendered":"<h1>V\u00e1lec l\u017e\u00edce pro velk\u00e9 rypadlo XCMG XE700C<\/h1>\n<h2>Zaveden\u00ed<\/h2>\n<h3>Definice<\/h3>\n<p>Hydraulick\u00fd v\u00e1lec kore\u010dkov\u00e9 l\u017e\u00edce je speci\u00e1ln\u011b navr\u017een\u00fd hydraulick\u00fd v\u00e1lec pou\u017e\u00edvan\u00fd k ovl\u00e1d\u00e1n\u00ed pohybu kore\u010dkov\u00e9 l\u017e\u00edce v t\u011b\u017ek\u00fdch stroj\u00edch, jako jsou bagry, rypadla a \u010deln\u00ed naklada\u010de. Jeho hlavn\u00ed funkc\u00ed je umo\u017enit zved\u00e1n\u00ed, spou\u0161t\u011bn\u00ed a nakl\u00e1p\u011bn\u00ed kore\u010dkov\u00e9 l\u017e\u00edce, co\u017e usnad\u0148uje manipulaci s r\u016fzn\u00fdmi materi\u00e1ly. V hydraulick\u00e9m syst\u00e9mu v\u00e1lec kore\u010dkov\u00e9 l\u017e\u00edce vyu\u017e\u00edv\u00e1 zm\u011bny tlaku hydraulick\u00e9ho oleje k dosa\u017een\u00ed p\u0159esn\u00e9ho ovl\u00e1d\u00e1n\u00ed kore\u010dkov\u00e9 l\u017e\u00edce, co\u017e umo\u017e\u0148uje obsluze efektivn\u011b manipulovat s t\u011b\u017ek\u00fdmi b\u0159emeny, p\u0159izp\u016fsobovat se slo\u017eit\u00e9mu pracovn\u00edmu prost\u0159ed\u00ed a rozmanit\u00fdm pracovn\u00edm po\u017eadavk\u016fm.<\/p>\n<p><img decoding=\"async\" src=\"https:\/\/www.hydraulic-cylinders.net\/wp-content\/uploads\/2025\/01\/songte-company-2.webp\" alt=\"obr\u00e1zek v\u00e1lce kbel\u00edku\"><\/p>\n<h3>Funkce<\/h3>\n<ul>\n<li>Vysok\u00e1 pevnost a odolnost: obvykle vyrobeno z vysokopevnostn\u00ed oceli nebo hlin\u00edku, schopno odolat vysok\u00e9mu tlaku a t\u011b\u017ek\u00e9mu zat\u00ed\u017een\u00ed, vhodn\u00e9 pro n\u00e1ro\u010dn\u00e9 pracovn\u00ed prost\u0159ed\u00ed, navr\u017eeno s ohledem na odolnost proti opot\u0159eben\u00ed a korozi, co\u017e prodlu\u017euje \u017eivotnost.<\/li>\n<li>Efektivn\u00ed hydraulick\u00fd provoz: vyu\u017eit\u00ed tlaku hydraulick\u00e9ho oleje k dosa\u017een\u00ed plynul\u00e9ho vysouv\u00e1n\u00ed a zasouv\u00e1n\u00ed, schopnost rychl\u00e9 reakce na \u0159\u00eddic\u00ed povely, zaji\u0161t\u011bn\u00ed siln\u00e9 tla\u010dn\u00e9 a ta\u017en\u00e9 s\u00edly, vhodn\u00e9 pro manipulaci s t\u011b\u017ek\u00fdmi b\u0159emeny a slo\u017eit\u00fdmi \u00fakoly.<\/li>\n<li>R\u016fzn\u00e9 typy: v\u00e1lec m\u016f\u017ee b\u00fdt jedno\u010dinn\u00fd (s hydraulick\u00fdm pohonem pouze v jednom sm\u011bru) nebo dvoj\u010dinn\u00fd (s hydraulick\u00fdm pohonem v obou sm\u011brech) v z\u00e1vislosti na pot\u0159eb\u00e1ch, n\u011bkter\u00e9 modely jsou teleskopick\u00e9, co\u017e umo\u017e\u0148uje v\u011bt\u0161\u00ed vysunut\u00ed bez zv\u011bt\u0161en\u00ed vn\u011bj\u0161\u00edch rozm\u011br\u016f, vhodn\u00e9 pro aplikace s omezen\u00fdm prostorem.<\/li>\n<li>Kompatibilita: n\u00e1\u0161 produkt dok\u00e1\u017ee tyto hydraulick\u00e9 v\u00e1lce dokonale nahradit.<\/li>\n<li>Mo\u017enosti \u00faprav: Produkt m\u016f\u017eeme p\u0159izp\u016fsobit specifick\u00fdm po\u017eadavk\u016fm z\u00e1kazn\u00edka.<\/li>\n<\/ul>\n<p><img decoding=\"async\" src=\"https:\/\/www.hydraulic-cylinders.net\/wp-content\/uploads\/2025\/01\/songte-cylinder-head-with-all-kinds-excavator-models.webp\" alt=\"obr\u00e1zek hlavy v\u00e1lc\u016f lopaty\"><\/p>\n<h3>Aplikace<\/h3>\n<p>Kore\u010dkov\u00fd v\u00e1lec se \u0161iroce pou\u017e\u00edv\u00e1 v mnoha r\u016fzn\u00fdch oblastech, mezi aplikace pat\u0159\u00ed:<\/p>\n<ul>\n<li>Stavebn\u00ed stroje: u bagr\u016f jsou kl\u00ed\u010dov\u00e9 pro kop\u00e1n\u00ed, nakl\u00e1d\u00e1n\u00ed a p\u0159emis\u0165ov\u00e1n\u00ed zeminy nebo suti. U rypadlo-naklada\u010d\u016f pom\u00e1h\u00e1 v\u00e1lec l\u017e\u00edce p\u0159i kop\u00e1n\u00ed i zved\u00e1n\u00ed. <\/li>\n<li>Zem\u011bd\u011blsk\u00e9 stroje: pou\u017e\u00edvaj\u00ed se v \u010deln\u00edch naklada\u010d\u00edch pro nab\u00edr\u00e1n\u00ed, zved\u00e1n\u00ed a p\u0159epravu p\u016fdy, sena a dal\u0161\u00edch materi\u00e1l\u016f.<\/li>\n<li>Rypadla: v\u00e1lec l\u017e\u00edce umo\u017e\u0148uje l\u017e\u00edci proniknout do p\u016fdy a prov\u00e9st kop\u00e1n\u00ed.<\/li>\n<li>Naklada\u010de: u \u010deln\u00edch naklada\u010d\u016f pom\u00e1haj\u00ed efektivn\u011b zvedat a vykl\u00e1dat n\u00e1klad.<\/li>\n<\/ul>\n<h3>Konstruk\u010dn\u00ed aspekty a krit\u00e9ria v\u00fdb\u011bru<\/h3>\n<ul>\n<li>\u00danosnost: v\u00e1lec mus\u00ed b\u00fdt schopen odolat zat\u00ed\u017een\u00ed, kter\u00e9mu bude vystaven.<\/li>\n<li>T\u011bsn\u011bn\u00ed: k zabr\u00e1n\u011bn\u00ed \u00faniku hydraulick\u00e9 kapaliny je nutn\u00e9 pou\u017e\u00edt r\u016fzn\u00e9 t\u011bsnic\u00ed prvky, jako jsou t\u011bsn\u011bn\u00ed p\u00edst\u016f a t\u011bsn\u011bn\u00ed p\u00edstnic.<\/li>\n<li>Trvanlivost: v\u00e1lec mus\u00ed b\u00fdt navr\u017een s ohledem na odolnost proti opot\u0159eben\u00ed a korozi, aby se prodlou\u017eila jeho \u017eivotnost.<\/li>\n<li>Bezpe\u010dnost: v\u00e1lec mus\u00ed b\u00fdt navr\u017een s ohledem na bezpe\u010dnost, aby se p\u0159ede\u0161lo nehod\u00e1m.<\/li>\n<li>\u00dadr\u017eba: v\u00e1lec by m\u011bl b\u00fdt snadno udr\u017eovateln\u00fd, aby se minimalizovaly prostoje.<\/li>\n<\/ul>\n<p><img decoding=\"async\" src=\"https:\/\/www.hydraulic-cylinders.net\/wp-content\/uploads\/2025\/01\/songte-oil-pipes-and-spare-parts.webp\" alt=\"obr\u00e1zek olejov\u00fdch trubek a n\u00e1hradn\u00edch d\u00edl\u016f\"><\/p>\n<h3>T\u011bsn\u011bn\u00ed a maz\u00e1n\u00ed<\/h3>\n<p>Aby se zabr\u00e1nilo \u00faniku hydraulick\u00e9 kapaliny, je nutn\u00e9 pou\u017e\u00edt r\u016fzn\u00e9 t\u011bsnic\u00ed prvky, jako jsou t\u011bsn\u011bn\u00ed p\u00edst\u016f a p\u00edstnic. T\u011bsn\u011bn\u00ed jsou vyrobena z materi\u00e1l\u016f odoln\u00fdch proti opot\u0159eben\u00ed, jako je polyuretan a nitrilov\u00e1 pry\u017e. T\u011bleso v\u00e1lce a z\u00e1vitov\u00e9 koncov\u00e9 plochy jsou jemn\u011b opracov\u00e1ny pro zlep\u0161en\u00ed odolnosti proti opot\u0159eben\u00ed. Pro maz\u00e1n\u00ed je nutn\u00e9 pravideln\u011b p\u0159id\u00e1vat vhodn\u00fd hydraulick\u00fd olej.<\/p>\n<h3>\u00dadr\u017eba a opravy<\/h3>\n<p>Pravideln\u00e1 kontrola a preventivn\u00ed \u00fadr\u017eba jsou kl\u00ed\u010dov\u00e9 pro zaji\u0161t\u011bn\u00ed dlouh\u00e9 \u017eivotnosti kore\u010dkov\u00e9ho v\u00e1lce. Mezi b\u011b\u017en\u00e9 \u00fakony \u00fadr\u017eby pat\u0159\u00ed pravideln\u00e1 kontrola, vhodn\u00e9 maz\u00e1n\u00ed, v\u00fdm\u011bna t\u011bsn\u011bn\u00ed a kontrola kalibrace. V procesu \u00fadr\u017eby je z\u00e1sadn\u00ed tak\u00e9 spr\u00e1vn\u00e1 instalace, maz\u00e1n\u00ed a se\u0159\u00edzen\u00ed. Doporu\u010duje se spr\u00e1vn\u00e9 veden\u00ed k vyrovn\u00e1n\u00ed b\u011bhem instalace a pou\u017eit\u00ed vhodn\u00fdch mont\u00e1\u017en\u00edch konzol k zaji\u0161t\u011bn\u00ed v\u00e1lce. Poskytujeme tak\u00e9 n\u00e1hradn\u00ed d\u00edly a slu\u017eby v oblasti renovace, abychom prodlou\u017eili \u017eivotnost v\u00e1lce.<\/p>\n<p><img decoding=\"async\" src=\"https:\/\/www.hydraulic-cylinders.net\/wp-content\/uploads\/2025\/01\/songte-chushion-collar.webp\" alt=\"obr\u00e1zek pol\u0161t\u00e1\u0159ov\u00e9ho l\u00edmce\"><\/p>\n<h3>Bezpe\u010dnostn\u00ed aspekty a faktory prost\u0159ed\u00ed<\/h3>\n<p>P\u0159i pou\u017e\u00edv\u00e1n\u00ed kbel\u00edkov\u00e9ho v\u00e1lce je nutn\u00e9 dodr\u017eovat bezpe\u010dnostn\u00ed opat\u0159en\u00ed, aby se p\u0159ede\u0161lo nehod\u00e1m. Obsluha mus\u00ed b\u00fdt pro\u0161kolena ve spr\u00e1vn\u00e9m pou\u017e\u00edv\u00e1n\u00ed a \u00fadr\u017eb\u011b. P\u0159i n\u00e1vrhu a v\u00fdb\u011bru je t\u0159eba zohlednit tak\u00e9 faktory prost\u0159ed\u00ed, jako je teplota a vlhkost.<\/p>\n<h3>Odstra\u0148ov\u00e1n\u00ed probl\u00e9m\u016f a b\u011b\u017en\u00e9 probl\u00e9my<\/h3>\n<p>Mezi b\u011b\u017en\u00e9 probl\u00e9my s v\u00e1lci kore\u010dk\u016f pat\u0159\u00ed net\u011bsnost, nedostate\u010dn\u00fd tlak a pomal\u00fd provoz. Tyto probl\u00e9my lze \u010dasto vy\u0159e\u0161it spr\u00e1vnou \u00fadr\u017ebou a opravami, jako je v\u00fdm\u011bna t\u011bsn\u011bn\u00ed a dopln\u011bn\u00ed hydraulick\u00e9 kapaliny. Preventivn\u00ed opat\u0159en\u00ed, jako je pravideln\u00e1 kontrola, mohou nav\u00edc pomoci sn\u00ed\u017eit pravd\u011bpodobnost v\u00fdskytu t\u011bchto probl\u00e9m\u016f.<\/p>\n<p><img decoding=\"async\" src=\"https:\/\/www.hydraulic-cylinders.net\/wp-content\/uploads\/2025\/01\/songte-bushings-with-all-kinds-of-excavator-models.webp\" alt=\"obr\u00e1zek pouzder\"><\/p>\n<h2>Na\u0161e spole\u010dnost<\/h2>\n<p>Jsme v\u00fdrobcem n\u00e1hradn\u00edch hydraulick\u00fdch v\u00e1lc\u016f, nab\u00edz\u00edme \u0161irokou \u0161k\u00e1lu produkt\u016f a st\u00e1v\u00e1me se jedn\u00edm z p\u0159edn\u00edch v\u00fdrobc\u016f a velkoobchodn\u00edk\u016f s hydraulick\u00fdmi v\u00e1lci na dom\u00e1c\u00edm i mezin\u00e1rodn\u00edm trhu. \u0158\u00edd\u00edme se z\u00e1sadou vynikaj\u00edc\u00ed kvality, spol\u00e9h\u00e1me na strategii \u0159\u00edzen\u00ed pr\u016fmyslov\u00e9 v\u00fdroby sofistikovan\u00e9 v\u00fdrobn\u00ed d\u00edlny, neust\u00e1le vylep\u0161ujeme v\u00fdrobn\u00ed platformu d\u00edlny, zdokonalujeme v\u00fdrobn\u00ed linku kvality produkt\u016f a m\u00e1me siln\u00e9 tv\u016fr\u010d\u00ed schopnosti. Na\u0161e produkty se vyzna\u010duj\u00ed vysokou \u00fa\u010dinnost\u00ed, vysokou p\u0159esnost\u00ed a vysokou kvalitou a dok\u00e1\u017e\u00ed pln\u011b uspokojit rozmanit\u00e9 pot\u0159eby z\u00e1kazn\u00edk\u016f.<\/p>\n<h3>Profesionalita<\/h3>\n<p>Na\u0161e spole\u010dnost m\u00e1 t\u00fdm profesion\u00e1l\u016f s rozs\u00e1hl\u00fdmi zku\u0161enostmi v oblasti hydraulick\u00fdch v\u00e1lc\u016f a pou\u017e\u00edv\u00e1me pouze nejmodern\u011bj\u0161\u00ed technologie a vybaven\u00ed. Zav\u00e1zali jsme se poskytovat na\u0161im z\u00e1kazn\u00edk\u016fm vysoce kvalitn\u00ed produkty a slu\u017eby.<\/p>\n<h3>Mezin\u00e1rodn\u00ed certifikace<\/h3>\n<p>Na\u0161e v\u00fdrobky jsou certifikov\u00e1ny a spl\u0148uj\u00ed mezin\u00e1rodn\u00ed standardy kvality, co\u017e zaji\u0161\u0165uje, \u017ee na\u0161i z\u00e1kazn\u00edci dost\u00e1vaj\u00ed pouze produkty t\u00e9 nejvy\u0161\u0161\u00ed kvality.<\/p>\n<h3>Slu\u017eby p\u0159izp\u016fsoben\u00ed<\/h3>\n<p>Nab\u00edz\u00edme produkty na m\u00edru dle specifick\u00fdch po\u017eadavk\u016f z\u00e1kazn\u00edka a poskytujeme \u0159e\u0161en\u00ed na m\u00edru pro jedine\u010dn\u00e9 aplikace.<\/p>\n<h3>V\u00fdrobn\u00ed za\u0159\u00edzen\u00ed<\/h3>\n<p>V na\u0161em v\u00fdrobn\u00edm procesu pou\u017e\u00edv\u00e1me pouze nejmodern\u011bj\u0161\u00ed a nejmodern\u011bj\u0161\u00ed v\u00fdrobn\u00ed za\u0159\u00edzen\u00ed, co\u017e zaji\u0161\u0165uje nejvy\u0161\u0161\u00ed kvalitu na\u0161ich produkt\u016f.<\/p>\n<h3>Poprodejn\u00ed servis<\/h3>\n<p>Zavazujeme se poskytovat vynikaj\u00edc\u00ed poprodejn\u00ed servis, v\u010detn\u011b instala\u010dn\u00edch pokyn\u016f a technick\u00e9 podpory, abychom zajistili, \u017ee na\u0161i z\u00e1kazn\u00edci budou s na\u0161imi produkty naprosto spokojeni.<\/p>\n<p><img decoding=\"async\" src=\"https:\/\/hzpt.com\/wp-content\/uploads\/2024\/11\/songte-company-1.webp\" alt=\"image spole\u010dnosti\"><\/p>\n<p>Autor: LYL<\/p>","protected":false},"excerpt":{"rendered":"<p>Bucket Cylinder For XCMG Large Excavator XE700C Introduction Definition A bucket cylinder is a specially designed hydraulic cylinder used to control the movement of a bucket in heavy machinery such as excavators, backhoes, and front loaders. Its main function is to enable the bucket to lift, lower, and tilt, making it easier to handle various [&hellip;]<\/p>","protected":false},"featured_media":14778,"comment_status":"open","ping_status":"closed","template":"","meta":{"_et_pb_use_builder":"","_et_pb_old_content":"","_et_gb_content_width":""},"product_brand":[],"product_cat":[1494],"product_tag":[1495,1496],"class_list":{"0":"post-15484","1":"product","2":"type-product","3":"status-publish","4":"has-post-thumbnail","6":"product_cat-bucket-cylinders","7":"product_tag-bucket-cylinders","8":"product_tag-hydraulic-cylinders","10":"first","11":"instock","12":"shipping-taxable","13":"product-type-simple"},"amp_enabled":true,"_links":{"self":[{"href":"https:\/\/www.hydraulic-cylinders.net\/cs\/wp-json\/wp\/v2\/product\/15484","targetHints":{"allow":["GET"]}}],"collection":[{"href":"https:\/\/www.hydraulic-cylinders.net\/cs\/wp-json\/wp\/v2\/product"}],"about":[{"href":"https:\/\/www.hydraulic-cylinders.net\/cs\/wp-json\/wp\/v2\/types\/product"}],"replies":[{"embeddable":true,"href":"https:\/\/www.hydraulic-cylinders.net\/cs\/wp-json\/wp\/v2\/comments?post=15484"}],"wp:featuredmedia":[{"embeddable":true,"href":"https:\/\/www.hydraulic-cylinders.net\/cs\/wp-json\/wp\/v2\/media\/14778"}],"wp:attachment":[{"href":"https:\/\/www.hydraulic-cylinders.net\/cs\/wp-json\/wp\/v2\/media?parent=15484"}],"wp:term":[{"taxonomy":"product_brand","embeddable":true,"href":"https:\/\/www.hydraulic-cylinders.net\/cs\/wp-json\/wp\/v2\/product_brand?post=15484"},{"taxonomy":"product_cat","embeddable":true,"href":"https:\/\/www.hydraulic-cylinders.net\/cs\/wp-json\/wp\/v2\/product_cat?post=15484"},{"taxonomy":"product_tag","embeddable":true,"href":"https:\/\/www.hydraulic-cylinders.net\/cs\/wp-json\/wp\/v2\/product_tag?post=15484"}],"curies":[{"name":"wp","href":"https:\/\/api.w.org\/{rel}","templated":true}]}}