{"id":15490,"date":"2025-01-19T14:35:47","date_gmt":"2025-01-19T14:35:47","guid":{"rendered":"https:\/\/www.hydraulic-cylinders.net\/product\/bucket-cylinder-for-xcmg-wheel-excavator-xe210w\/"},"modified":"2025-01-19T14:35:49","modified_gmt":"2025-01-19T14:35:49","slug":"bucket-cylinder-for-xcmg-wheel-excavator-xe210w","status":"publish","type":"product","link":"https:\/\/www.hydraulic-cylinders.net\/cs\/produkt\/bucket-cylinder-for-xcmg-wheel-excavator-xe210w\/","title":{"rendered":"V\u00e1lec kore\u010dkov\u00e9ho v\u00e1lce pro kolov\u00e9 rypadlo XCMG XE210w"},"content":{"rendered":"<h1>V\u00e1lec kore\u010dkov\u00e9ho v\u00e1lce pro kolov\u00e9 rypadlo XCMG XE210w<\/h1>\n<h2>Definice produktu<\/h2>\n<h3>Co je to kore\u010dkov\u00fd v\u00e1lec?<\/h3>\n<p>Hydraulick\u00fd v\u00e1lec l\u017e\u00edce je speci\u00e1ln\u011b navr\u017een\u00fd hydraulick\u00fd v\u00e1lec, kter\u00fd se prim\u00e1rn\u011b pou\u017e\u00edv\u00e1 k ovl\u00e1d\u00e1n\u00ed pohybu l\u017e\u00edce v t\u011b\u017ek\u00fdch stroj\u00edch, jako jsou rypadla, r\u00fdpadlo-naklada\u010de a \u010deln\u00ed naklada\u010de. Jeho hlavn\u00ed funkc\u00ed je umo\u017enit zved\u00e1n\u00ed, spou\u0161t\u011bn\u00ed a nakl\u00e1p\u011bn\u00ed l\u017e\u00edce, co\u017e usnad\u0148uje manipulaci s r\u016fzn\u00fdmi materi\u00e1ly. V hydraulick\u00e9m syst\u00e9mu dosahuje v\u00e1lec l\u017e\u00edce p\u0159esn\u00e9ho ovl\u00e1d\u00e1n\u00ed pohybu l\u017e\u00edce zm\u011bnou tlaku hydraulick\u00e9ho oleje, co\u017e umo\u017e\u0148uje obsluze efektivn\u011b manipulovat s t\u011b\u017ek\u00fdmi p\u0159edm\u011bty a p\u0159izp\u016fsobovat se slo\u017eit\u00fdm pracovn\u00edm prost\u0159ed\u00edm a rozmanit\u00fdm provozn\u00edm po\u017eadavk\u016fm.<\/p>\n<p><img decoding=\"async\" src=\"https:\/\/www.hydraulic-cylinders.net\/wp-content\/uploads\/2025\/01\/songte-company-2.webp\" alt=\"Kbel\u00edkov\u00fd v\u00e1lec\"><\/p>\n<h2>Vlastnosti produktu<\/h2>\n<ul>\n<li>\n<h3>Vysok\u00e1 pevnost a trvanlivost<\/h3>\n<p>Kore\u010dkov\u00e9 v\u00e1lce jsou obvykle vyrobeny z vysokopevnostn\u00ed oceli nebo hlin\u00edku, jsou schopny odolat vysok\u00e9mu tlaku a t\u011b\u017ek\u00e9mu zat\u00ed\u017een\u00ed, p\u0159izp\u016fsobuj\u00ed se n\u00e1ro\u010dn\u00fdm pracovn\u00edm prost\u0159ed\u00edm a jsou navr\u017eeny s ohledem na odolnost proti opot\u0159eben\u00ed a korozi, aby se prodlou\u017eila jejich \u017eivotnost.<\/p>\n<\/li>\n<li>\n<h3>Efektivn\u00ed hydraulick\u00fd provoz<\/h3>\n<p>Kore\u010dkov\u00e9 v\u00e1lce vyu\u017e\u00edvaj\u00ed tlak hydraulick\u00e9ho oleje k dosa\u017een\u00ed plynul\u00e9ho vysouv\u00e1n\u00ed a zasouv\u00e1n\u00ed, rychle reaguj\u00ed na \u0159\u00eddic\u00ed povely a poskytuj\u00ed silnou tla\u010dnou a ta\u017enou s\u00edlu, d\u00edky \u010demu\u017e jsou vhodn\u00e9 pro manipulaci s t\u011b\u017ek\u00fdmi p\u0159edm\u011bty a slo\u017eit\u00e9 provozn\u00ed \u00fakoly.<\/p>\n<\/li>\n<li>\n<h3>V\u00edce typ\u016f<\/h3>\n<p>Kore\u010dkov\u00e9 v\u00e1lce jsou k dispozici v jedno\u010dinn\u00e9m (hydraulicky ovl\u00e1dan\u00e9 pouze v jednom sm\u011bru) nebo dvoj\u010dinn\u00e9m (hydraulicky ovl\u00e1dan\u00e9 v obou sm\u011brech) typu, aby spl\u0148ovaly r\u016fzn\u00e9 provozn\u00ed po\u017eadavky. N\u011bkter\u00e9 modely jsou teleskopick\u00e9, co\u017e umo\u017e\u0148uje v\u011bt\u0161\u00ed vysunut\u00ed bez zv\u011bt\u0161en\u00ed vn\u011bj\u0161\u00edch rozm\u011br\u016f, a proto jsou vhodn\u00e9 pro aplikace s omezen\u00fdm prostorem.<\/p>\n<\/li>\n<li>\n<h3>Dokonal\u00e1 n\u00e1hrada<\/h3>\n<p>Na\u0161e spole\u010dnost vyr\u00e1b\u00ed kore\u010dkov\u00e9 v\u00e1lce, kter\u00e9 dok\u00e1\u017e\u00ed tyto hydraulick\u00e9 v\u00e1lce dokonale nahradit.<\/p>\n<\/li>\n<\/ul>\n<p><img decoding=\"async\" src=\"https:\/\/www.hydraulic-cylinders.net\/wp-content\/uploads\/2025\/01\/songte-cylinder-head-with-all-kinds-excavator-models.webp\" alt=\"V\u00fdm\u011bna v\u00e1lce lopaty\"><\/p>\n<h2>Aplikace produkt\u016f<\/h2>\n<p>Kore\u010dkov\u00e9 v\u00e1lce se \u0161iroce pou\u017e\u00edvaj\u00ed v r\u016fzn\u00fdch oblastech, v\u010detn\u011b:<\/p>\n<ul>\n<li>\n<h3>Stavebn\u00ed stroje<\/h3>\n<p>U bagr\u016f jsou kl\u00ed\u010dov\u00e9 pro kop\u00e1n\u00ed, nakl\u00e1d\u00e1n\u00ed a p\u0159emis\u0165ov\u00e1n\u00ed zeminy nebo suti. U rypadlo-naklada\u010d\u016f pom\u00e1haj\u00ed kore\u010dkov\u00e9 v\u00e1lce jak p\u0159i kop\u00e1n\u00ed, tak p\u0159i zved\u00e1n\u00ed. <\/p>\n<\/li>\n<li>\n<h3>Zem\u011bd\u011blsk\u00e9 stroje<\/h3>\n<p>Pou\u017e\u00edv\u00e1 se v \u010deln\u00edch naklada\u010d\u00edch k nab\u00edr\u00e1n\u00ed, zved\u00e1n\u00ed a p\u0159eprav\u011b zeminy, sena a dal\u0161\u00edch materi\u00e1l\u016f.<\/p>\n<\/li>\n<li>\n<h3>Bagry<\/h3>\n<p>V\u00e1lce l\u017e\u00edce umo\u017e\u0148uj\u00ed l\u017e\u00edci proniknout do p\u016fdy pro v\u00fdkopov\u00e9 pr\u00e1ce.<\/p>\n<\/li>\n<li>\n<h3>Naklada\u010de<\/h3>\n<p>U \u010deln\u00edch naklada\u010d\u016f pom\u00e1haj\u00ed kore\u010dkov\u00e9 v\u00e1lce s efektivn\u00edm zved\u00e1n\u00edm a vykl\u00e1p\u011bn\u00edm zbo\u017e\u00ed.<\/p>\n<\/li>\n<\/ul>\n<h2>Konstruk\u010dn\u00ed aspekty a krit\u00e9ria v\u00fdb\u011bru<\/h2>\n<p>P\u0159i navrhov\u00e1n\u00ed a v\u00fdb\u011bru kore\u010dkov\u00fdch v\u00e1lc\u016f je t\u0159eba zv\u00e1\u017eit n\u00e1sleduj\u00edc\u00ed faktory:<\/p>\n<ul>\n<li>\n<h3>\u00danosnost<\/h3>\n<p>V\u00e1lec by m\u011bl b\u00fdt navr\u017een tak, aby vydr\u017eel maxim\u00e1ln\u00ed zat\u00ed\u017een\u00ed, kter\u00e9mu bude vystaven za b\u011b\u017en\u00fdch provozn\u00edch podm\u00ednek.<\/p>\n<\/li>\n<li>\n<h3>T\u011bsn\u011bn\u00ed<\/h3>\n<p>V\u00e1lec by m\u011bl b\u00fdt opat\u0159en \u0159\u00e1dn\u00fdm t\u011bsnic\u00edm mechanismem, aby se zabr\u00e1nilo \u00faniku oleje a kontaminaci.<\/p>\n<\/li>\n<li>\n<h3>Trvanlivost<\/h3>\n<p>V\u00e1lec by m\u011bl b\u00fdt navr\u017een tak, aby odolal n\u00e1ro\u010dn\u00e9mu pracovn\u00edmu prost\u0159ed\u00ed, opot\u0159eben\u00ed a korozi.<\/p>\n<\/li>\n<li>\n<h3>Bezpe\u010dnost<\/h3>\n<p>V\u00e1lec by m\u011bl b\u00fdt navr\u017een tak, aby byl zaji\u0161t\u011bn bezpe\u010dn\u00fd provoz.<\/p>\n<\/li>\n<li>\n<h3>Udr\u017eovatelnost<\/h3>\n<p>V\u00e1lec by m\u011bl b\u00fdt navr\u017een pro snadnou \u00fadr\u017ebu a opravy.<\/p>\n<\/li>\n<\/ul>\n<p><img decoding=\"async\" src=\"https:\/\/www.hydraulic-cylinders.net\/wp-content\/uploads\/2025\/01\/songte-oil-pipes-and-spare-parts.webp\" alt=\"D\u00edly v\u00e1lce lopaty\"><\/p>\n<h2>T\u011bsn\u011bn\u00ed a maz\u00e1n\u00ed<\/h2>\n<p>Kore\u010dkov\u00e9 v\u00e1lce pou\u017e\u00edvaj\u00ed r\u016fzn\u00e9 t\u011bsnic\u00ed komponenty, v\u010detn\u011b t\u011bsn\u011bn\u00ed p\u00edst\u016f a t\u011bsn\u011bn\u00ed p\u00edstnic, kter\u00e9 jsou vyrobeny z materi\u00e1l\u016f odoln\u00fdch proti opot\u0159eben\u00ed, jako je polyuretan a nitrilov\u00e1 pry\u017e. T\u011bleso v\u00e1lce a z\u00e1vitov\u00fd konec jsou jemn\u011b opracov\u00e1ny pro zlep\u0161en\u00ed odolnosti proti opot\u0159eben\u00ed. Pro maz\u00e1n\u00ed je nutn\u00e9 pravideln\u011b dopl\u0148ovat spr\u00e1vn\u00e9 mno\u017estv\u00ed hydraulick\u00e9ho oleje.<\/p>\n<h2>\u00dadr\u017eba a opravy<\/h2>\n<ul>\n<li>\n<h3>Pravideln\u00e1 kontrola<\/h3>\n<p>Pravideln\u00e1 kontrola v\u00e1lc\u016f kore\u010dk\u016f je nezbytn\u00e1 pro zaji\u0161t\u011bn\u00ed jejich spr\u00e1vn\u00e9 funkce. Pat\u0159\u00ed sem kontrola \u00faniku oleje, opot\u0159eben\u00ed, po\u0161kozen\u00ed a koroze.<\/p>\n<\/li>\n<li>\n<h3>Maz\u00e1n\u00ed<\/h3>\n<p>Pro zaji\u0161t\u011bn\u00ed hladk\u00e9ho provozu je nutn\u00e9 pravideln\u00e9 maz\u00e1n\u00ed v\u00e1lce lopaty.<\/p>\n<\/li>\n<li>\n<h3>V\u00fdm\u011bna t\u011bsn\u011bn\u00ed a kontrola kalibrace<\/h3>\n<p>V\u00fdm\u011bna t\u011bsn\u011bn\u00ed a kontrola kalibrace kore\u010dkov\u00e9ho v\u00e1lce je nutn\u00e1, pokud jsou t\u011bsn\u011bn\u00ed po\u0161kozena, a pro zaji\u0161t\u011bn\u00ed spr\u00e1vn\u00e9 funkce v\u00e1lce.<\/p>\n<\/li>\n<\/ul>\n<p><img decoding=\"async\" src=\"https:\/\/www.hydraulic-cylinders.net\/wp-content\/uploads\/2025\/01\/songte-chushion-collar.webp\" alt=\"Instalace v\u00e1lce kore\u010dkov\u00e9ho v\u00e1lce\"><\/p>\n<h2>Bezpe\u010dnostn\u00ed aspekty a faktory prost\u0159ed\u00ed<\/h2>\n<p>P\u0159i pou\u017e\u00edv\u00e1n\u00ed kore\u010dkov\u00fdch v\u00e1lc\u016f jsou nezbytn\u00e1 bezpe\u010dnostn\u00ed opat\u0159en\u00ed, jako je pou\u017e\u00edv\u00e1n\u00ed ochrann\u00fdch pom\u016fcek a \u0159\u00e1dn\u00e9 \u0161kolen\u00ed obsluhy. Spr\u00e1vn\u00e1 likvidace hydraulick\u00e9ho oleje a pou\u017eit\u00fdch hydraulick\u00fdch v\u00e1lc\u016f je nezbytn\u00e1, aby se zabr\u00e1nilo po\u0161kozen\u00ed \u017eivotn\u00edho prost\u0159ed\u00ed.<\/p>\n<h2>Odstra\u0148ov\u00e1n\u00ed probl\u00e9m\u016f a b\u011b\u017en\u00e9 probl\u00e9my<\/h2>\n<p>Mezi b\u011b\u017en\u00e9 probl\u00e9my, kter\u00e9 se vyskytuj\u00ed u kore\u010dkov\u00fdch v\u00e1lc\u016f, pat\u0159\u00ed \u00fanik oleje, po\u0161kozen\u00ed t\u011bsn\u011bn\u00ed a opot\u0159eben\u00ed. \u0158e\u0161en\u00ed t\u011bchto probl\u00e9m\u016f zahrnuje vizu\u00e1ln\u00ed kontrolu v\u00e1lce a v\u00fdm\u011bnu po\u0161kozen\u00fdch d\u00edl\u016f nebo op\u011btovn\u00e9 ut\u011bsn\u011bn\u00ed.<\/p>\n<p><img decoding=\"async\" src=\"https:\/\/www.hydraulic-cylinders.net\/wp-content\/uploads\/2025\/01\/songte-bushings-with-all-kinds-of-excavator-models.webp\" alt=\"B\u011b\u017en\u00e9 probl\u00e9my s v\u00e1lcem lopaty\"><\/p>\n<h2>O n\u00e1s<\/h2>\n<p>Jsme v\u00fdrobcem n\u00e1hradn\u00edch hydraulick\u00fdch v\u00e1lc\u016f s kompletn\u00ed nab\u00eddkou produkt\u016f a st\u00e1v\u00e1me se jedn\u00edm z p\u0159edn\u00edch v\u00fdrobc\u016f a velkoobchodn\u00edch distributor\u016f hydraulick\u00fdch v\u00e1lc\u016f na dom\u00e1c\u00edm i zahrani\u010dn\u00edm trhu. Dodr\u017eujeme z\u00e1sady vynikaj\u00edc\u00ed kvality a spol\u00e9h\u00e1me se na strategii industrializovan\u00e9ho \u0159\u00edzen\u00ed v\u00fdroby sofistikovan\u00fdch v\u00fdrobn\u00edch d\u00edlen. Neust\u00e1le vylep\u0161ujeme v\u00fdrobn\u00ed platformu d\u00edlny, zlep\u0161ujeme v\u00fdrobn\u00ed postupy pro zaji\u0161t\u011bn\u00ed kvality produkt\u016f a m\u00e1me siln\u00e9 tv\u016fr\u010d\u00ed schopnosti uspokojovat rozmanit\u00e9 pot\u0159eby z\u00e1kazn\u00edk\u016f. <\/p>\n<p><img decoding=\"async\" src=\"https:\/\/hzpt.com\/wp-content\/uploads\/2024\/11\/songte-company-1.webp\" alt=\"Na\u0161e spole\u010dnost\"><\/p>\n<h3>Na\u0161e specializace<\/h3>\n<ul>\n<li>Profesionalita<\/li>\n<li>Mezin\u00e1rodn\u00ed certifikace<\/li>\n<li>Slu\u017eby p\u0159izp\u016fsoben\u00ed<\/li>\n<li>V\u00fdrobn\u00ed za\u0159\u00edzen\u00ed<\/li>\n<li>Poprodejn\u00ed slu\u017eby<\/li>\n<\/ul>\n<p><img decoding=\"async\" src=\"https:\/\/www.hydraulic-cylinders.net\/wp-content\/uploads\/2025\/01\/songte-company-3.webp\" alt=\"Specializace na\u0161\u00ed spole\u010dnosti\"><\/p>\n<p>Autor: lyl.<\/p>","protected":false},"excerpt":{"rendered":"<p>Bucket Cylinder For XCMG Wheel Excavator XE210w Product Definition What is a Bucket Cylinder? A bucket cylinder is a specially designed hydraulic cylinder primarily used to control the movement of the bucket in heavy machinery such as excavators, backhoe loaders, and front loaders. Its main function is to enable the bucket to lift, lower, and [&hellip;]<\/p>","protected":false},"featured_media":14762,"comment_status":"open","ping_status":"closed","template":"","meta":{"_et_pb_use_builder":"","_et_pb_old_content":"","_et_gb_content_width":""},"product_brand":[],"product_cat":[1494],"product_tag":[1495,1496],"class_list":{"0":"post-15490","1":"product","2":"type-product","3":"status-publish","4":"has-post-thumbnail","6":"product_cat-bucket-cylinders","7":"product_tag-bucket-cylinders","8":"product_tag-hydraulic-cylinders","10":"first","11":"instock","12":"shipping-taxable","13":"product-type-simple"},"amp_enabled":true,"_links":{"self":[{"href":"https:\/\/www.hydraulic-cylinders.net\/cs\/wp-json\/wp\/v2\/product\/15490","targetHints":{"allow":["GET"]}}],"collection":[{"href":"https:\/\/www.hydraulic-cylinders.net\/cs\/wp-json\/wp\/v2\/product"}],"about":[{"href":"https:\/\/www.hydraulic-cylinders.net\/cs\/wp-json\/wp\/v2\/types\/product"}],"replies":[{"embeddable":true,"href":"https:\/\/www.hydraulic-cylinders.net\/cs\/wp-json\/wp\/v2\/comments?post=15490"}],"wp:featuredmedia":[{"embeddable":true,"href":"https:\/\/www.hydraulic-cylinders.net\/cs\/wp-json\/wp\/v2\/media\/14762"}],"wp:attachment":[{"href":"https:\/\/www.hydraulic-cylinders.net\/cs\/wp-json\/wp\/v2\/media?parent=15490"}],"wp:term":[{"taxonomy":"product_brand","embeddable":true,"href":"https:\/\/www.hydraulic-cylinders.net\/cs\/wp-json\/wp\/v2\/product_brand?post=15490"},{"taxonomy":"product_cat","embeddable":true,"href":"https:\/\/www.hydraulic-cylinders.net\/cs\/wp-json\/wp\/v2\/product_cat?post=15490"},{"taxonomy":"product_tag","embeddable":true,"href":"https:\/\/www.hydraulic-cylinders.net\/cs\/wp-json\/wp\/v2\/product_tag?post=15490"}],"curies":[{"name":"wp","href":"https:\/\/api.w.org\/{rel}","templated":true}]}}