{"id":15496,"date":"2025-01-19T14:36:11","date_gmt":"2025-01-19T14:36:11","guid":{"rendered":"https:\/\/www.hydraulic-cylinders.net\/product\/bucket-cylinder-for-zoomlion-middle-excavator-ze205e\/"},"modified":"2025-01-19T14:36:13","modified_gmt":"2025-01-19T14:36:13","slug":"bucket-cylinder-for-zoomlion-middle-excavator-ze205e","status":"publish","type":"product","link":"https:\/\/www.hydraulic-cylinders.net\/cs\/produkt\/bucket-cylinder-for-zoomlion-middle-excavator-ze205e\/","title":{"rendered":"V\u00e1lec l\u017e\u00edce pro st\u0159edov\u00fd bagr Zoomlion ZE205E"},"content":{"rendered":"<h1>V\u00e1lec l\u017e\u00edce pro st\u0159edov\u00fd bagr Zoomlion ZE205E<\/h1>\n<h2>Zaveden\u00ed<\/h2>\n<p>Hydraulick\u00fd v\u00e1lec l\u017e\u00edce je speci\u00e1ln\u011b navr\u017een\u00fd hydraulick\u00fd v\u00e1lec, kter\u00fd se pou\u017e\u00edv\u00e1 hlavn\u011b k ovl\u00e1d\u00e1n\u00ed pohybu l\u017e\u00edce v t\u011b\u017ek\u00fdch stroj\u00edch, jako jsou rypadla, r\u00fdpadlo-naklada\u010de a \u010deln\u00ed naklada\u010de. Jeho hlavn\u00ed funkc\u00ed je umo\u017enit zved\u00e1n\u00ed, spou\u0161t\u011bn\u00ed a nakl\u00e1p\u011bn\u00ed l\u017e\u00edce, co\u017e usnad\u0148uje manipulaci s r\u016fzn\u00fdmi materi\u00e1ly. V hydraulick\u00e9m syst\u00e9mu dosahuje v\u00e1lec l\u017e\u00edce p\u0159esn\u00e9ho ovl\u00e1d\u00e1n\u00ed l\u017e\u00edce zm\u011bnami tlaku hydraulick\u00e9ho oleje, co\u017e umo\u017e\u0148uje obsluze efektivn\u011b manipulovat s t\u011b\u017ek\u00fdmi b\u0159emeny a p\u0159izp\u016fsobovat se slo\u017eit\u00e9mu pracovn\u00edmu prost\u0159ed\u00ed a rozmanit\u00fdm provozn\u00edm pot\u0159eb\u00e1m.<\/p>\n<p><img decoding=\"async\" src=\"https:\/\/www.hydraulic-cylinders.net\/wp-content\/uploads\/2025\/01\/songte-company-2.webp\" alt=\"Obr\u00e1zek v\u00e1lce kbel\u00edku\"><\/p>\n<h2>Funkce<\/h2>\n<ul>\n<li>Vysok\u00e1 pevnost a odolnost: Obvykle je vyroben z vysokopevnostn\u00ed oceli nebo hlin\u00edku, odol\u00e1 vysok\u00e9mu tlaku a t\u011b\u017ek\u00e9mu zat\u00ed\u017een\u00ed, p\u0159izp\u016fsob\u00ed se n\u00e1ro\u010dn\u00e9mu pracovn\u00edmu prost\u0159ed\u00ed a je navr\u017een s ohledem na odolnost proti opot\u0159eben\u00ed a korozi, aby se prodlou\u017eila jeho \u017eivotnost.<\/li>\n<li>Efektivn\u00ed hydraulick\u00fd provoz: Plynul\u00e9ho vysouv\u00e1n\u00ed a zasouv\u00e1n\u00ed se dosahuje pomoc\u00ed tlaku hydraulick\u00e9ho oleje, kter\u00fd poskytuje siln\u00e9 tla\u010dn\u00e9 a ta\u017en\u00e9 s\u00edly a je vhodn\u00fd pro manipulaci s t\u011b\u017ek\u00fdmi b\u0159emeny a slo\u017eit\u00e9 provozn\u00ed \u00fakoly.<\/li>\n<li>R\u016fzn\u00e9 typy: Jedno\u010dinn\u00e9 (hydraulicky ovl\u00e1dan\u00e9 pouze v jednom sm\u011bru) nebo dvoj\u010dinn\u00e9 (hydraulicky ovl\u00e1dan\u00e9 v obou sm\u011brech) v\u00e1lce lze volit dle po\u017eadavk\u016f a spl\u0148ovat r\u016fzn\u00e9 provozn\u00ed pot\u0159eby. N\u011bkter\u00e9 modely jsou teleskopick\u00e9, co\u017e umo\u017e\u0148uje v\u011bt\u0161\u00ed vysunut\u00ed bez zv\u011bt\u0161en\u00ed vn\u011bj\u0161\u00edch rozm\u011br\u016f, vhodn\u00e9 pro aplikace s omezen\u00fdm prostorem.<\/li>\n<li>Vym\u011bniteln\u00e9: N\u00e1\u0161 produkt dok\u00e1\u017ee tyto hydraulick\u00e9 v\u00e1lce dokonale nahradit.<\/li>\n<\/ul>\n<p><img decoding=\"async\" src=\"https:\/\/www.hydraulic-cylinders.net\/wp-content\/uploads\/2025\/01\/songte-cylinder-head-with-all-kinds-excavator-models.webp\" alt=\"Obr\u00e1zek produktu\"><\/p>\n<h2>Aplikace<\/h2>\n<ul>\n<li>Stavebn\u00ed stroje: U bagr\u016f jsou v\u00e1lec kore\u010dkov\u00e9ho v\u00e1lce nezbytn\u00fd pro v\u00fdkopov\u00e9 pr\u00e1ce, nakl\u00e1d\u00e1n\u00ed a p\u0159emis\u0165ov\u00e1n\u00ed zeminy nebo suti. U rypadlo-naklada\u010d\u016f pom\u00e1h\u00e1 v\u00e1lec kore\u010dkov\u00e9ho v\u00e1lce jak p\u0159i v\u00fdkopov\u00fdch prac\u00edch, tak p\u0159i zved\u00e1n\u00ed. <\/li>\n<li>Zem\u011bd\u011blsk\u00e9 stroje: Pou\u017e\u00edvaj\u00ed se pro \u010deln\u00ed naklada\u010de, nab\u00edr\u00e1n\u00ed, zved\u00e1n\u00ed a p\u0159epravu p\u016fdy, sena a dal\u0161\u00edch materi\u00e1l\u016f. <\/li>\n<li>Rypadla: V\u00e1lec l\u017e\u00edce umo\u017e\u0148uje kop\u00e1n\u00ed t\u00edm, \u017ee umo\u017e\u0148uje l\u017e\u00edci proniknout do p\u016fdy. <\/li>\n<li>\u010celn\u00ed naklada\u010de: \u010celn\u00ed naklada\u010de efektivn\u011b pom\u00e1haj\u00ed se zved\u00e1n\u00edm i vykl\u00e1dkou zbo\u017e\u00ed.<\/li>\n<\/ul>\n<h2>Konstruk\u010dn\u00ed aspekty a krit\u00e9ria v\u00fdb\u011bru<\/h2>\n<ul>\n<li>\u00danosnost: V\u00e1lec mus\u00ed b\u00fdt schopen un\u00e9st zat\u00ed\u017een\u00ed s ohledem na faktory prost\u0159ed\u00ed a provozn\u00ed podm\u00ednky.<\/li>\n<li>T\u011bsn\u011bn\u00ed: V\u00e1lec mus\u00ed b\u00fdt ut\u011bsn\u011bn, aby se zabr\u00e1nilo \u00faniku a zajistil se spr\u00e1vn\u00fd provoz. <\/li>\n<li>Trvanlivost: V\u00e1lec mus\u00ed b\u00fdt odoln\u00fd v\u016f\u010di opot\u0159eben\u00ed a korozi a mus\u00ed b\u00fdt navr\u017een s pou\u017eit\u00edm materi\u00e1l\u016f a povlak\u016f, kter\u00e9 prodlu\u017euj\u00ed jeho \u017eivotnost.<\/li>\n<li>Bezpe\u010dnost: V\u00e1lec mus\u00ed b\u00fdt navr\u017een a instalov\u00e1n s ohledem na bezpe\u010dnost, aby se p\u0159ede\u0161lo nehod\u00e1m a zajistil se spr\u00e1vn\u00fd provoz.<\/li>\n<li>\u00dadr\u017eba: V\u00e1lec mus\u00ed b\u00fdt navr\u017een pro snadnou \u00fadr\u017ebu, s vym\u011bniteln\u00fdmi d\u00edly a snadn\u00fdm p\u0159\u00edstupem pro opravy a kontrolu.<\/li>\n<\/ul>\n<p><img decoding=\"async\" src=\"https:\/\/www.hydraulic-cylinders.net\/wp-content\/uploads\/2025\/01\/songte-oil-pipes-and-spare-parts.webp\" alt=\"Obr\u00e1zek n\u00e1vrhu\"><\/p>\n<h2>T\u011bsn\u011bn\u00ed a maz\u00e1n\u00ed<\/h2>\n<p>Pou\u017e\u00edvaj\u00ed se r\u016fzn\u00e9 t\u011bsnic\u00ed prvky, jako jsou t\u011bsn\u011bn\u00ed p\u00edst\u016f a p\u00edstnic, a pro t\u011bsnic\u00ed prvky jsou vybr\u00e1ny materi\u00e1ly odoln\u00e9 proti opot\u0159eben\u00ed, jako je polyuretan a nitrilov\u00e1 pry\u017e. T\u011bleso v\u00e1lce a z\u00e1vitov\u00fd konec jsou jemn\u011b opracov\u00e1ny pro zlep\u0161en\u00ed odolnosti proti opot\u0159eben\u00ed. Pro zaji\u0161t\u011bn\u00ed spr\u00e1vn\u00e9ho maz\u00e1n\u00ed je nutn\u00e9 pravideln\u011b dopl\u0148ovat hydraulick\u00fd olej.<\/p>\n<p><img decoding=\"async\" src=\"https:\/\/www.hydraulic-cylinders.net\/wp-content\/uploads\/2025\/01\/songte-chushion-collar.webp\" alt=\"T\u011bsnic\u00ed obr\u00e1zek\"><\/p>\n<h2>\u00dadr\u017eba a opravy<\/h2>\n<ul>\n<li>Pravideln\u00e1 kontrola: V\u00e1lec je nutn\u00e9 pravideln\u011b kontrolovat, aby byla zaji\u0161t\u011bna jeho spr\u00e1vn\u00e1 funkce a byly odhaleny potenci\u00e1ln\u00ed probl\u00e9my.<\/li>\n<li>Maz\u00e1n\u00ed: Spr\u00e1vn\u00e9 maz\u00e1n\u00ed je nezbytn\u00e9 pro zaji\u0161t\u011bn\u00ed plynul\u00e9ho provozu a prodlou\u017een\u00ed \u017eivotnosti v\u00e1lce.<\/li>\n<li>V\u00fdm\u011bna t\u011bsn\u011bn\u00ed: Opot\u0159ebovan\u00e1 nebo po\u0161kozen\u00e1 t\u011bsn\u011bn\u00ed mus\u00ed b\u00fdt neprodlen\u011b vym\u011bn\u011bna, aby se zabr\u00e1nilo \u00faniku a zajistila se spr\u00e1vn\u00e1 funkce.<\/li>\n<\/ul>\n<p> Spr\u00e1vn\u00e1 instalace je z\u00e1sadn\u00ed pro v\u00fdkon a \u017eivotnost v\u00e1lce. V\u00e1lec mus\u00ed b\u00fdt spr\u00e1vn\u011b vyrovn\u00e1n a zaji\u0161t\u011bn pomoc\u00ed vhodn\u00fdch mont\u00e1\u017en\u00edch konzol. Pro prodlou\u017een\u00ed \u017eivotnosti v\u00e1lce jsou uvedeny doporu\u010den\u00e9 postupy kontroly, opravy a v\u00fdm\u011bny.<\/p>\n<p><img decoding=\"async\" src=\"https:\/\/hzpt.com\/wp-content\/uploads\/2024\/11\/songte-company-1.webp\" alt=\"Obr\u00e1zek \u00fadr\u017eby\"><\/p>\n<h2>Bezpe\u010dnostn\u00ed a environment\u00e1ln\u00ed aspekty<\/h2>\n<p>P\u0159i pou\u017e\u00edv\u00e1n\u00ed hydraulick\u00fdch v\u00e1lc\u016f jsou bezpe\u010dnostn\u00ed opat\u0159en\u00ed nanejv\u00fd\u0161 d\u016fle\u017eit\u00e1. Aby se p\u0159ede\u0161lo nehod\u00e1m, je nutn\u00e9 dodr\u017eovat spr\u00e1vnou instalaci, \u00fadr\u017ebu a provoz. Faktory prost\u0159ed\u00ed, jako je teplota a vlhkost, mohou ovlivnit v\u00fdkon v\u00e1lce a m\u011bly by b\u00fdt b\u011bhem instalace a provozu zohledn\u011bny.<\/p>\n<p><img decoding=\"async\" src=\"https:\/\/www.hydraulic-cylinders.net\/wp-content\/uploads\/2025\/01\/songte-bushings-with-all-kinds-of-excavator-models.webp\" alt=\"Bezpe\u010dnostn\u00ed obr\u00e1zek\"><\/p>\n<h2>Odstra\u0148ov\u00e1n\u00ed probl\u00e9m\u016f a b\u011b\u017en\u00e9 probl\u00e9my<\/h2>\n<ul>\n<li>\u010cast\u00fd \u00fanik: M\u016f\u017ee b\u00fdt zp\u016fsoben opot\u0159ebovan\u00fdmi t\u011bsn\u011bn\u00edmi nebo po\u0161kozen\u00fdmi v\u00e1lci.<\/li>\n<li>\u010cast\u00e9 selh\u00e1n\u00ed v\u00e1lce: M\u016f\u017ee b\u00fdt zp\u016fsobeno nespr\u00e1vnou instalac\u00ed, \u0161patn\u00fdm vyrovn\u00e1n\u00edm nebo nespr\u00e1vnou obsluhou.<\/li>\n<li>Abnorm\u00e1ln\u00ed hluk b\u011bhem provozu: M\u016f\u017ee b\u00fdt zp\u016fsoben opot\u0159eben\u00edm nebo po\u0161kozen\u00edm vnit\u0159n\u00edch sou\u010d\u00e1st\u00ed, jako jsou lo\u017eiska nebo t\u011bsn\u011bn\u00ed.<\/li>\n<\/ul>\n<p>Pravideln\u00e1 kontrola a \u00fadr\u017eba mohou pomoci t\u011bmto probl\u00e9m\u016fm p\u0159edch\u00e1zet. \u010cten\u00e1\u0159\u016fm jsou k dispozici tipy a \u0159e\u0161en\u00ed probl\u00e9m\u016f, kter\u00e9 jim pomohou diagnostikovat a vy\u0159e\u0161it probl\u00e9my. Pro minimalizaci potenci\u00e1ln\u00edch probl\u00e9m\u016f jsou doporu\u010dena preventivn\u00ed opat\u0159en\u00ed.<\/p>\n<p><img decoding=\"async\" src=\"https:\/\/www.hydraulic-cylinders.net\/wp-content\/uploads\/2025\/01\/songte-company-3.webp\" alt=\"Image spole\u010dnosti\"><\/p>\n<h2>O n\u00e1s<\/h2>\n<p>Jsme v\u00fdrobcem n\u00e1hradn\u00edch hydraulick\u00fdch v\u00e1lc\u016f, nab\u00edz\u00edme \u0161irokou \u0161k\u00e1lu produkt\u016f a st\u00e1v\u00e1me se jedn\u00edm z p\u0159edn\u00edch v\u00fdrobc\u016f a velkoobchodn\u00edch distributor\u016f hydraulick\u00fdch v\u00e1lc\u016f v tuzemsku i v zahrani\u010d\u00ed. \u0158\u00edd\u00edme se principem vynikaj\u00edc\u00ed kvality a spol\u00e9h\u00e1me na strategii industrializa\u010dn\u00edho \u0159\u00edzen\u00ed v\u00fdroby sofistikovan\u00e9 v\u00fdrobn\u00ed d\u00edlny. Neust\u00e1le vylep\u0161ujeme v\u00fdrobn\u00ed platformu d\u00edlny s vyu\u017eit\u00edm technick\u00fdch talent\u016f, \u0161pi\u010dkov\u00e9ho digit\u00e1ln\u00edho v\u00fdrobn\u00edho za\u0159\u00edzen\u00ed a profesion\u00e1ln\u00edch testovac\u00edch syst\u00e9m\u016f, zlep\u0161ujeme kvalitu v\u00fdrobn\u00edho procesu a disponujeme siln\u00fdmi tv\u016fr\u010d\u00edmi schopnostmi s vysokou efektivitou, p\u0159esnost\u00ed a kvalitou, abychom splnili rozmanit\u00e9 pot\u0159eby z\u00e1kazn\u00edk\u016f.<\/p>\n<p>Nab\u00edz\u00edme slu\u017eby na m\u00edru, pou\u017e\u00edv\u00e1me mezin\u00e1rodn\u011b certifikovan\u00e9 produkty a poskytujeme profesion\u00e1ln\u00ed poprodejn\u00ed slu\u017eby, v\u010detn\u011b v\u00fdm\u011bny d\u00edl\u016f a repas\u00ed, abychom prodlou\u017eili \u017eivotnost produktu.<\/p>\n<p><img decoding=\"async\" src=\"https:\/\/www.hydraulic-cylinders.net\/wp-content\/uploads\/2025\/01\/songte-company-1.webp\" alt=\"O n\u00e1s Obr\u00e1zek\"><\/p>\n<p>Autor: lyl.<\/p>","protected":false},"excerpt":{"rendered":"<p>Bucket Cylinder For Zoomlion Middle Excavator ZE205E Introduction The bucket cylinder is a specially designed hydraulic cylinder mainly used to control the movement of the bucket in heavy machinery such as excavators, backhoe loaders, and front loaders. Its main function is to enable the bucket to lift, lower, and tilt, making it easier to handle [&hellip;]<\/p>","protected":false},"featured_media":14784,"comment_status":"open","ping_status":"closed","template":"","meta":{"_et_pb_use_builder":"","_et_pb_old_content":"","_et_gb_content_width":""},"product_brand":[],"product_cat":[1494],"product_tag":[1495,1496],"class_list":{"0":"post-15496","1":"product","2":"type-product","3":"status-publish","4":"has-post-thumbnail","6":"product_cat-bucket-cylinders","7":"product_tag-bucket-cylinders","8":"product_tag-hydraulic-cylinders","10":"first","11":"instock","12":"shipping-taxable","13":"product-type-simple"},"amp_enabled":true,"_links":{"self":[{"href":"https:\/\/www.hydraulic-cylinders.net\/cs\/wp-json\/wp\/v2\/product\/15496","targetHints":{"allow":["GET"]}}],"collection":[{"href":"https:\/\/www.hydraulic-cylinders.net\/cs\/wp-json\/wp\/v2\/product"}],"about":[{"href":"https:\/\/www.hydraulic-cylinders.net\/cs\/wp-json\/wp\/v2\/types\/product"}],"replies":[{"embeddable":true,"href":"https:\/\/www.hydraulic-cylinders.net\/cs\/wp-json\/wp\/v2\/comments?post=15496"}],"wp:featuredmedia":[{"embeddable":true,"href":"https:\/\/www.hydraulic-cylinders.net\/cs\/wp-json\/wp\/v2\/media\/14784"}],"wp:attachment":[{"href":"https:\/\/www.hydraulic-cylinders.net\/cs\/wp-json\/wp\/v2\/media?parent=15496"}],"wp:term":[{"taxonomy":"product_brand","embeddable":true,"href":"https:\/\/www.hydraulic-cylinders.net\/cs\/wp-json\/wp\/v2\/product_brand?post=15496"},{"taxonomy":"product_cat","embeddable":true,"href":"https:\/\/www.hydraulic-cylinders.net\/cs\/wp-json\/wp\/v2\/product_cat?post=15496"},{"taxonomy":"product_tag","embeddable":true,"href":"https:\/\/www.hydraulic-cylinders.net\/cs\/wp-json\/wp\/v2\/product_tag?post=15496"}],"curies":[{"name":"wp","href":"https:\/\/api.w.org\/{rel}","templated":true}]}}