{"id":15498,"date":"2025-01-19T14:36:19","date_gmt":"2025-01-19T14:36:19","guid":{"rendered":"https:\/\/www.hydraulic-cylinders.net\/product\/bucket-cylinder-for-zoomlion-middle-excavator-ze220elc\/"},"modified":"2025-01-19T14:36:21","modified_gmt":"2025-01-19T14:36:21","slug":"bucket-cylinder-for-zoomlion-middle-excavator-ze220elc","status":"publish","type":"product","link":"https:\/\/www.hydraulic-cylinders.net\/cs\/produkt\/bucket-cylinder-for-zoomlion-middle-excavator-ze220elc\/","title":{"rendered":"V\u00e1lec l\u017e\u00edce pro st\u0159edov\u00fd bagr Zoomlion ZE220ELC"},"content":{"rendered":"<h1> V\u00e1lec l\u017e\u00edce pro st\u0159edov\u00fd bagr Zoomlion ZE220ELC <\/h1>\n<h2> Zaveden\u00ed <\/h2>\n<h3> Definov\u00e1n\u00ed v\u00e1lce ko\u0161\u00edku <\/h3>\n<p> Hydraulick\u00fd v\u00e1lec kope\u010dku je specializovan\u00fd hydraulick\u00fd v\u00e1lec, kter\u00fd se pou\u017e\u00edv\u00e1 hlavn\u011b k ovl\u00e1d\u00e1n\u00ed pohybu kope\u010dku v t\u011b\u017ek\u00fdch stroj\u00edch, jako jsou bagry, r\u00fdpadla-naklada\u010de a \u010deln\u00ed naklada\u010de. Jeho prim\u00e1rn\u00ed funkc\u00ed je umo\u017enit zved\u00e1n\u00ed, spou\u0161t\u011bn\u00ed a nakl\u00e1p\u011bn\u00ed kope\u010dku, co\u017e usnad\u0148uje manipulaci s r\u016fzn\u00fdmi materi\u00e1ly. V hydraulick\u00e9m syst\u00e9mu dosahuje v\u00e1lec kope\u010dku p\u0159esn\u00e9ho ovl\u00e1d\u00e1n\u00ed kope\u010dku zm\u011bnou tlaku hydraulick\u00e9ho oleje, co\u017e umo\u017e\u0148uje obsluze efektivn\u011b manipulovat s t\u011b\u017ek\u00fdmi b\u0159emeny a p\u0159izp\u016fsobovat se slo\u017eit\u00fdm pracovn\u00edm prost\u0159ed\u00edm a rozmanit\u00fdm po\u017eadavk\u016fm na pr\u00e1ci. <\/p>\n<p><img decoding=\"async\" src=\"https:\/\/www.hydraulic-cylinders.net\/wp-content\/uploads\/2025\/01\/songte-company-2.webp\" alt=\"Obr\u00e1zek v\u00e1lce kbel\u00edku\"><\/p>\n<h3> Vlastnosti kore\u010dkov\u00e9ho v\u00e1lce <\/h3>\n<ul>\n<li> Vysok\u00e1 pevnost a odolnost: Obvykle je vyroben z vysokopevnostn\u00ed oceli nebo hlin\u00edku, odol\u00e1 vysok\u00e9mu tlaku a t\u011b\u017ek\u00e9mu zat\u00ed\u017een\u00ed, p\u0159izp\u016fsob\u00ed se n\u00e1ro\u010dn\u00fdm pracovn\u00edm prost\u0159ed\u00edm a je navr\u017een s odolnost\u00ed proti opot\u0159eben\u00ed a korozi, co\u017e prodlu\u017euje \u017eivotnost.<\/li>\n<li> Efektivn\u00ed hydraulick\u00fd provoz: Vyu\u017e\u00edv\u00e1 tlak hydraulick\u00e9ho oleje k dosa\u017een\u00ed plynul\u00e9ho teleskopick\u00e9ho pohybu, dok\u00e1\u017ee rychle reagovat na ovl\u00e1dac\u00ed povely, poskytuje siln\u00e9 tla\u010dn\u00e9 a ta\u017en\u00e9 s\u00edly, vhodn\u00e9 pro manipulaci s t\u011b\u017ek\u00fdmi b\u0159emeny a slo\u017eit\u00e9 pracovn\u00ed \u00fakoly.<\/li>\n<li> R\u016fzn\u00e9 typy: Jedno\u010dinn\u00e9 (hydraulicky ovl\u00e1dan\u00e9 pouze v jednom sm\u011bru) nebo dvoj\u010dinn\u00e9 (hydraulicky ovl\u00e1dan\u00e9 ve dvou sm\u011brech) v\u00e1lce lze volit dle po\u017eadavk\u016f a spl\u0148ovat r\u016fzn\u00e9 provozn\u00ed pot\u0159eby. N\u011bkter\u00e9 modely jsou teleskopick\u00e9, co\u017e umo\u017e\u0148uje v\u011bt\u0161\u00ed vysunut\u00ed bez zv\u011bt\u0161en\u00ed vn\u011bj\u0161\u00edch rozm\u011br\u016f, vhodn\u00e9 pro aplikace s omezen\u00fdm prostorem.<\/li>\n<\/ul>\n<p> N\u00e1\u0161 produkt dok\u00e1\u017ee tyto hydraulick\u00e9 v\u00e1lce dokonale nahradit. <\/p>\n<p><img decoding=\"async\" src=\"https:\/\/www.hydraulic-cylinders.net\/wp-content\/uploads\/2025\/01\/songte-cylinder-head-with-all-kinds-excavator-models.webp\" alt=\"Obr\u00e1zek hydraulick\u00e9ho v\u00e1lce\"><\/p>\n<h2> Aplikace kore\u010dkov\u00e9ho v\u00e1lce <\/h2>\n<p> Kore\u010dkov\u00e9 v\u00e1lce se \u0161iroce pou\u017e\u00edvaj\u00ed v r\u016fzn\u00fdch pr\u016fmyslov\u00fdch odv\u011btv\u00edch, v\u010detn\u011b: <\/p>\n<h3> Stavebn\u00ed stroje <\/h3>\n<p> Kore\u010dkov\u00e9 v\u00e1lce jsou pro rypadla nezbytn\u00e9 p\u0159i kop\u00e1n\u00ed, nakl\u00e1d\u00e1n\u00ed a p\u0159emis\u0165ov\u00e1n\u00ed zeminy nebo suti. U r\u00fdpadel typu \u201ebagr\u201c pom\u00e1h\u00e1 kore\u010dkov\u00fd v\u00e1lec jak p\u0159i kop\u00e1n\u00ed, tak p\u0159i zved\u00e1n\u00ed. <\/p>\n<h3> Zem\u011bd\u011blsk\u00e9 stroje <\/h3>\n<p> Pou\u017e\u00edv\u00e1 se v \u010deln\u00edch naklada\u010d\u00edch pro nab\u00edr\u00e1n\u00ed, zved\u00e1n\u00ed a p\u0159epravu zeminy, sena a dal\u0161\u00edch materi\u00e1l\u016f. <\/p>\n<h3> Bagry <\/h3>\n<p> V\u00e1lec l\u017e\u00edce dosahuje ryc\u00edho \u00fa\u010dinku t\u00edm, \u017ee umo\u017e\u0148uje l\u017e\u00edci proniknout do p\u016fdy. <\/p>\n<h3> Naklada\u010de <\/h3>\n<p> U \u010deln\u00edch naklada\u010d\u016f pom\u00e1haj\u00ed efektivn\u011b zvedat a nakl\u00e1n\u011bt n\u00e1klad. <\/p>\n<h2> Konstruk\u010dn\u00ed aspekty a normy <\/h2>\n<h3> Nosnost <\/h3>\n<p> Nosnost kore\u010dkov\u00e9ho v\u00e1lce je kl\u00ed\u010dov\u00fdm konstruk\u010dn\u00edm hlediskem. M\u011bl by b\u00fdt schopen odolat hmotnosti n\u00e1kladu a s\u00edle vyv\u00edjen\u00e9 b\u011bhem provozu. <\/p>\n<h3> T\u011bsn\u011bn\u00ed <\/h3>\n<p> Spr\u00e1vn\u00e9 ut\u011bsn\u011bn\u00ed je nezbytn\u00e9 pro prevenci \u00faniku oleje a zaji\u0161t\u011bn\u00ed efektivn\u00edho provozu v\u00e1lce. Vysoce kvalitn\u00ed t\u011bsn\u011bn\u00ed p\u00edst\u016f a p\u00edstnic je nezbytn\u00e9 pro prevenci kontaminace hydraulick\u00e9 kapaliny a zachov\u00e1n\u00ed v\u00fdkonu v\u00e1lce. <\/p>\n<h3> Trvanlivost <\/h3>\n<p> Kore\u010dkov\u00fd v\u00e1lec je navr\u017een tak, aby odolal n\u00e1ro\u010dn\u00fdm pracovn\u00edm podm\u00ednk\u00e1m, v\u010detn\u011b vystaven\u00ed prachu, vlhkosti a extr\u00e9mn\u00edm teplot\u00e1m. Jeho konstrukce mus\u00ed odolat n\u00e1ro\u010dn\u00fdm ka\u017edodenn\u00edmu pou\u017e\u00edv\u00e1n\u00ed, aby byla zaji\u0161t\u011bna jeho dlouh\u00e1 \u017eivotnost a spolehliv\u00fd v\u00fdkon. <\/p>\n<h3> Bezpe\u010dnost <\/h3>\n<p> P\u0159i pr\u00e1ci s t\u011b\u017ek\u00fdmi stroji je bezpe\u010dnost prvo\u0159ad\u00e1. V\u00e1lec l\u017e\u00edce mus\u00ed b\u00fdt navr\u017een tak, aby se p\u0159ede\u0161lo nehod\u00e1m a minimalizovalo se riziko pro obsluhu. <\/p>\n<h3> \u00dadr\u017eba <\/h3>\n<p> Pravideln\u00e1 \u00fadr\u017eba je nezbytn\u00e1 pro zaji\u0161t\u011bn\u00ed optim\u00e1ln\u00edho v\u00fdkonu v\u00e1lce kore\u010dkov\u00e9ho v\u00e1lce. Spr\u00e1vn\u00e9 maz\u00e1n\u00ed, kontrola a v\u00fdm\u011bna opot\u0159ebovan\u00fdch d\u00edl\u016f jsou nezbytn\u00e9 pro prodlou\u017een\u00ed \u017eivotnosti v\u00e1lce. <\/p>\n<p><img decoding=\"async\" src=\"https:\/\/www.hydraulic-cylinders.net\/wp-content\/uploads\/2025\/01\/songte-oil-pipes-and-spare-parts.webp\" alt=\"Obr\u00e1zek n\u00e1hradn\u00edch d\u00edl\u016f pro v\u00e1lec lopaty\"><\/p>\n<h2> T\u011bsn\u011bn\u00ed a maz\u00e1n\u00ed <\/h2>\n<p> Hydraulick\u00fd v\u00e1lec kore\u010dkov\u00e9ho v\u00e1lce vyu\u017e\u00edv\u00e1 r\u016fzn\u00e1 t\u011bsn\u011bn\u00ed, kter\u00e1 zabra\u0148uj\u00ed \u00faniku oleje, v\u010detn\u011b t\u011bsn\u011bn\u00ed p\u00edstu a t\u011bsn\u011bn\u00ed p\u00edstnice. Tato t\u011bsn\u011bn\u00ed jsou vyrobena z materi\u00e1l\u016f odoln\u00fdch proti opot\u0159eben\u00ed, jako je polyuretan a nitrilov\u00e1 pry\u017e. T\u011bleso v\u00e1lce a z\u00e1vitov\u00e9 konce jsou jemn\u011b opracov\u00e1ny pro zlep\u0161en\u00ed odolnosti proti opot\u0159eben\u00ed. Je tak\u00e9 nutn\u00e9 pravideln\u011b dopl\u0148ovat vhodn\u00e9 mno\u017estv\u00ed hydraulick\u00e9ho oleje pro maz\u00e1n\u00ed. <\/p>\n<h2> Preventivn\u00ed a \u00fadr\u017ebov\u00e1 opat\u0159en\u00ed <\/h2>\n<p> Pro zaji\u0161t\u011bn\u00ed optim\u00e1ln\u00edho v\u00fdkonu a \u017eivotnosti kore\u010dkov\u00e9ho v\u00e1lce jsou nezbytn\u00e1 preventivn\u00ed a \u00fadr\u017eb\u00e1\u0159sk\u00e1 opat\u0159en\u00ed. <\/p>\n<h3> Instalace <\/h3>\n<p> Spr\u00e1vn\u00e1 instalace je z\u00e1sadn\u00ed pro v\u00fdkon a bezpe\u010dnost kore\u010dkov\u00e9ho v\u00e1lce. Doporu\u010duje se pou\u017e\u00edt vhodn\u00e9 mont\u00e1\u017en\u00ed konzoly k zaji\u0161t\u011bn\u00ed v\u00e1lce a zaji\u0161t\u011bn\u00ed spr\u00e1vn\u00e9ho veden\u00ed b\u011bhem instalace. <\/p>\n<h3> Maz\u00e1n\u00ed <\/h3>\n<p> Spr\u00e1vn\u00e9 maz\u00e1n\u00ed je nezbytn\u00e9 pro zaji\u0161t\u011bn\u00ed hladk\u00e9ho chodu v\u00e1lce. Je d\u016fle\u017eit\u00e9 v\u00e1lec pravideln\u011b mazat doporu\u010den\u00fdm hydraulick\u00fdm olejem, aby se zabr\u00e1nilo opot\u0159eben\u00ed vnit\u0159n\u00edch sou\u010d\u00e1st\u00ed v\u00e1lce. <\/p>\n<h3> V\u00fdm\u011bna t\u011bsn\u011bn\u00ed <\/h3>\n<p> T\u011bsn\u011bn\u00ed p\u00edst\u016f a p\u00edstnic by m\u011bla b\u00fdt pravideln\u011b vym\u011b\u0148ov\u00e1na, aby se zabr\u00e1nilo \u00faniku oleje a zajistil se efektivn\u00ed provoz. <\/p>\n<p><img decoding=\"async\" src=\"https:\/\/www.hydraulic-cylinders.net\/wp-content\/uploads\/2025\/01\/songte-chushion-collar.webp\" alt=\"Obr\u00e1zek l\u00edmce pol\u0161t\u00e1\u0159e s v\u00e1lcem kbel\u00edku\"><\/p>\n<h2> Bezpe\u010dnostn\u00ed aspekty a faktory prost\u0159ed\u00ed <\/h2>\n<p> P\u0159i pr\u00e1ci s t\u011b\u017ek\u00fdmi stroji, v\u010detn\u011b kore\u010dkov\u00fdch v\u00e1lc\u016f, je bezpe\u010dnost prvo\u0159ad\u00e1. Dodr\u017eov\u00e1n\u00ed bezpe\u010dnostn\u00edch pokyn\u016f je nezbytn\u00e9 k prevenci nehod a minimalizaci rizik pro obsluhu a \u017eivotn\u00ed prost\u0159ed\u00ed. <\/p>\n<h2> Diagnostika a odstra\u0148ov\u00e1n\u00ed z\u00e1vad <\/h2>\n<p> Diagnostika z\u00e1vad a odstra\u0148ov\u00e1n\u00ed probl\u00e9m\u016f jsou nezbytn\u00e9 pro identifikaci a vy\u0159e\u0161en\u00ed probl\u00e9m\u016f s v\u00e1lcem kore\u010dkov\u00e9ho motoru. Mezi b\u011b\u017en\u00e9 probl\u00e9my pat\u0159\u00ed \u00faniky oleje, posun v\u00e1lce a sn\u00ed\u017een\u00fd v\u00fdkon. Je nezbytn\u00e9 dodr\u017eovat spr\u00e1vn\u00e9 diagnostick\u00e9 a oprav\u00e1rensk\u00e9 postupy, aby se zabr\u00e1nilo dal\u0161\u00edmu po\u0161kozen\u00ed a zajistil se optim\u00e1ln\u00ed v\u00fdkon. <\/p>\n<h2> O na\u0161\u00ed spole\u010dnosti <\/h2>\n<p> Na\u0161e spole\u010dnost je p\u0159edn\u00edm v\u00fdrobcem a velkoobchodn\u00edm distributorem hydraulick\u00fdch v\u00e1lc\u016f na dom\u00e1c\u00edm i mezin\u00e1rodn\u00edm trhu. \u0158\u00edd\u00edme se principy vynikaj\u00edc\u00ed kvality a spol\u00e9h\u00e1me na strategii industrializovan\u00e9ho \u0159\u00edzen\u00ed v\u00fdroby sofistikovan\u00e9 v\u00fdrobn\u00ed haly. Neust\u00e1le vylep\u0161ujeme v\u00fdrobn\u00ed platformu haly, zdokonalujeme v\u00fdrobn\u00ed postupy pro zaji\u0161t\u011bn\u00ed kvality produkt\u016f a m\u00e1me siln\u00e9 v\u00fdrobn\u00ed kapacity, abychom uspokojili rozmanit\u00e9 pot\u0159eby z\u00e1kazn\u00edk\u016f. <\/p>\n<p> Na\u0161im z\u00e1kazn\u00edk\u016fm nab\u00edz\u00edme profesion\u00e1ln\u00ed, mezin\u00e1rodn\u011b certifikovan\u00e9 a na m\u00edru \u0161it\u00e9 slu\u017eby. Na\u0161e v\u00fdrobn\u00ed za\u0159\u00edzen\u00ed a poprodejn\u00ed slu\u017eby jsou \u0161pi\u010dkov\u00e9, co\u017e zaji\u0161\u0165uje, \u017ee na\u0161e produkty spl\u0148uj\u00ed nejvy\u0161\u0161\u00ed standardy kvality. <\/p>\n<p><img decoding=\"async\" src=\"https:\/\/hzpt.com\/wp-content\/uploads\/2024\/11\/songte-company-1.webp\" alt=\"Image spole\u010dnosti\"><\/p>\n<p> Autor: lyl <\/p>","protected":false},"excerpt":{"rendered":"<p>Bucket Cylinder For Zoomlion Middle Excavator ZE220ELC Introduction Defining Bucket Cylinder A bucket cylinder is a specialized hydraulic cylinder that is mainly used to control the movement of the bucket in heavy-duty machinery such as excavators, backhoe excavators, and front-end loaders. Its primary function is to enable the bucket to lift, lower, and tilt, making [&hellip;]<\/p>","protected":false},"featured_media":14780,"comment_status":"open","ping_status":"closed","template":"","meta":{"_et_pb_use_builder":"","_et_pb_old_content":"","_et_gb_content_width":""},"product_brand":[],"product_cat":[1494],"product_tag":[1495,1496],"class_list":{"0":"post-15498","1":"product","2":"type-product","3":"status-publish","4":"has-post-thumbnail","6":"product_cat-bucket-cylinders","7":"product_tag-bucket-cylinders","8":"product_tag-hydraulic-cylinders","10":"first","11":"instock","12":"shipping-taxable","13":"product-type-simple"},"amp_enabled":true,"_links":{"self":[{"href":"https:\/\/www.hydraulic-cylinders.net\/cs\/wp-json\/wp\/v2\/product\/15498","targetHints":{"allow":["GET"]}}],"collection":[{"href":"https:\/\/www.hydraulic-cylinders.net\/cs\/wp-json\/wp\/v2\/product"}],"about":[{"href":"https:\/\/www.hydraulic-cylinders.net\/cs\/wp-json\/wp\/v2\/types\/product"}],"replies":[{"embeddable":true,"href":"https:\/\/www.hydraulic-cylinders.net\/cs\/wp-json\/wp\/v2\/comments?post=15498"}],"wp:featuredmedia":[{"embeddable":true,"href":"https:\/\/www.hydraulic-cylinders.net\/cs\/wp-json\/wp\/v2\/media\/14780"}],"wp:attachment":[{"href":"https:\/\/www.hydraulic-cylinders.net\/cs\/wp-json\/wp\/v2\/media?parent=15498"}],"wp:term":[{"taxonomy":"product_brand","embeddable":true,"href":"https:\/\/www.hydraulic-cylinders.net\/cs\/wp-json\/wp\/v2\/product_brand?post=15498"},{"taxonomy":"product_cat","embeddable":true,"href":"https:\/\/www.hydraulic-cylinders.net\/cs\/wp-json\/wp\/v2\/product_cat?post=15498"},{"taxonomy":"product_tag","embeddable":true,"href":"https:\/\/www.hydraulic-cylinders.net\/cs\/wp-json\/wp\/v2\/product_tag?post=15498"}],"curies":[{"name":"wp","href":"https:\/\/api.w.org\/{rel}","templated":true}]}}