{"id":15499,"date":"2025-01-19T14:36:23","date_gmt":"2025-01-19T14:36:23","guid":{"rendered":"https:\/\/www.hydraulic-cylinders.net\/product\/bucket-cylinder-for-zoomlion-middle-excavator-ze230elr\/"},"modified":"2025-01-19T14:36:25","modified_gmt":"2025-01-19T14:36:25","slug":"bucket-cylinder-for-zoomlion-middle-excavator-ze230elr","status":"publish","type":"product","link":"https:\/\/www.hydraulic-cylinders.net\/cs\/produkt\/bucket-cylinder-for-zoomlion-middle-excavator-ze230elr\/","title":{"rendered":"V\u00e1lec l\u017e\u00edce pro st\u0159edov\u00fd bagr Zoomlion ZE230ELR"},"content":{"rendered":"<h1>V\u00e1lec l\u017e\u00edce pro st\u0159edov\u00fd bagr Zoomlion ZE230ELR<\/h1>\n<h2>Zaveden\u00ed<\/h2>\n<h3>Definice a funkce<\/h3>\n<p>Hydraulick\u00fd v\u00e1lec kore\u010dk\u016f je speci\u00e1ln\u011b navr\u017een\u00fd hydraulick\u00fd v\u00e1lec, kter\u00fd se pou\u017e\u00edv\u00e1 hlavn\u011b k ovl\u00e1d\u00e1n\u00ed pohybu kore\u010dk\u016f v t\u011b\u017ek\u00fdch stroj\u00edch, jako jsou bagry, r\u00fdpadla-naklada\u010de a \u010deln\u00ed naklada\u010de. Jeho hlavn\u00ed funkc\u00ed je zved\u00e1n\u00ed, spou\u0161t\u011bn\u00ed a nakl\u00e1p\u011bn\u00ed kore\u010dk\u016f, co\u017e usnad\u0148uje r\u016fzn\u00e9 \u00fakoly manipulace s materi\u00e1lem. V hydraulick\u00e9m syst\u00e9mu dosahuje v\u00e1lec kore\u010dk\u016f p\u0159esn\u00e9ho ovl\u00e1d\u00e1n\u00ed kore\u010dk\u016f zm\u011bnami tlaku hydraulick\u00e9ho oleje, co\u017e umo\u017e\u0148uje obsluze efektivn\u011b manipulovat s t\u011b\u017ek\u00fdmi p\u0159edm\u011bty a p\u0159izp\u016fsobovat se slo\u017eit\u00e9mu pracovn\u00edmu prost\u0159ed\u00ed a rozmanit\u00fdm provozn\u00edm po\u017eadavk\u016fm.<\/p>\n<p><img decoding=\"async\" src=\"https:\/\/www.hydraulic-cylinders.net\/wp-content\/uploads\/2025\/01\/songte-company-2.webp\"><\/p>\n<h2>Funkce<\/h2>\n<ul>\n<li>Vysok\u00e1 pevnost a trvanlivost: Obvykle je vyroben z vysokopevnostn\u00ed oceli nebo hlin\u00edku, odol\u00e1 vysok\u00e9mu tlaku a t\u011b\u017ek\u00e9mu zat\u00ed\u017een\u00ed, p\u0159izp\u016fsob\u00ed se n\u00e1ro\u010dn\u00e9mu pracovn\u00edmu prost\u0159ed\u00ed a je navr\u017een s ohledem na odolnost proti opot\u0159eben\u00ed a korozi, co\u017e prodlu\u017euje jeho \u017eivotnost.<\/li>\n<li>Efektivn\u00ed hydraulick\u00fd provoz: Plynul\u00e9ho teleskopick\u00e9ho pohybu je dosa\u017eeno vyu\u017eit\u00edm tlaku hydraulick\u00e9ho oleje, kter\u00fd dok\u00e1\u017ee rychle reagovat na ovl\u00e1dac\u00ed povely a poskytuje siln\u00e9 tla\u010dn\u00e9 a ta\u017en\u00e9 s\u00edly vhodn\u00e9 pro manipulaci s t\u011b\u017ek\u00fdmi p\u0159edm\u011bty a slo\u017eit\u00e9 pracovn\u00ed \u00fakoly.<\/li>\n<li>R\u016fzn\u00e9 typy: Jedno\u010dinn\u00e9 (hydraulicky ovl\u00e1dan\u00e9 pouze v jednom sm\u011bru) nebo dvoj\u010dinn\u00e9 (hydraulicky ovl\u00e1dan\u00e9 ve dvou sm\u011brech) v\u00e1lce lze vybrat podle pot\u0159eb a provozn\u00edch po\u017eadavk\u016f. N\u011bkter\u00e9 modely jsou teleskopick\u00e9, co\u017e umo\u017e\u0148uje v\u011bt\u0161\u00ed v\u00fdsuv bez zv\u011bt\u0161en\u00ed vn\u011bj\u0161\u00edch rozm\u011br\u016f, a proto jsou vhodn\u00e9 pro aplikace s omezen\u00fdm prostorem.<\/li>\n<\/ul>\n<p>Krom\u011b t\u011bchto vlastnost\u00ed dok\u00e1\u017ee n\u00e1\u0161 produkt tyto hydraulick\u00e9 v\u00e1lce dokonale nahradit.<\/p>\n<p><img decoding=\"async\" src=\"https:\/\/www.hydraulic-cylinders.net\/wp-content\/uploads\/2025\/01\/songte-cylinder-head-with-all-kinds-excavator-models.webp\"><\/p>\n<h2>Aplikace<\/h2>\n<p>Kore\u010dkov\u00e9 v\u00e1lce se \u0161iroce pou\u017e\u00edvaj\u00ed v r\u016fzn\u00fdch stavebn\u00edch a zem\u011bd\u011blsk\u00fdch stroj\u00edch, v\u010detn\u011b:<\/p>\n<ul>\n<li>Rypadla: V\u00e1lce l\u017e\u00edce umo\u017e\u0148uj\u00ed kop\u00e1n\u00ed t\u00edm, \u017ee umo\u017e\u0148uj\u00ed l\u017e\u00edci proniknout do p\u016fdy.<\/li>\n<li>\u010celn\u00ed naklada\u010de: U \u010deln\u00edch naklada\u010d\u016f pom\u00e1haj\u00ed efektivn\u011b zvedat a nakl\u00e1n\u011bt b\u0159emena.<\/li>\n<li>Rypadlo-rypadlo: V\u00e1lec kore\u010dkov\u00e9ho stroje pom\u00e1h\u00e1 p\u0159i v\u00fdkopov\u00fdch a zved\u00e1n\u00ed.<\/li>\n<li>Zem\u011bd\u011blsk\u00e9 stroje: Pou\u017e\u00edvaj\u00ed se v \u010deln\u00edch naklada\u010d\u00edch k nab\u00edr\u00e1n\u00ed, zved\u00e1n\u00ed a p\u0159eprav\u011b p\u016fdy, sena a dal\u0161\u00edch materi\u00e1l\u016f.<\/li>\n<\/ul>\n<p>Ka\u017edou z t\u011bchto aplikac\u00ed lze d\u00e1le roz\u0161\u00ed\u0159it, p\u0159i\u010dem\u017e popis ka\u017ed\u00e9ho kl\u00ed\u010dov\u00e9ho slova m\u00e1 alespo\u0148 200 slov.<\/p>\n<h2>Konstruk\u010dn\u00ed aspekty a krit\u00e9ria v\u00fdb\u011bru<\/h2>\n<h3>\u00danosnost<\/h3>\n<p>Nejd\u016fle\u017eit\u011bj\u0161\u00edm konstruk\u010dn\u00edm hlediskem pro kore\u010dkov\u00e9 v\u00e1lce je \u00fanosnost. V\u00e1lec mus\u00ed b\u00fdt schopen odolat maxim\u00e1ln\u00edmu zat\u00ed\u017een\u00ed, kter\u00e9mu bude vystaven, a to na z\u00e1klad\u011b provozn\u00edch podm\u00ednek a hmotnosti p\u0159ipojen\u00e9 kore\u010dky. Materi\u00e1l pou\u017eit\u00fd k v\u00fdrob\u011b v\u00e1lce mus\u00ed b\u00fdt tak\u00e9 pe\u010dliv\u011b vybr\u00e1n na z\u00e1klad\u011b jeho schopnosti zvl\u00e1dat zat\u00ed\u017een\u00ed a nam\u00e1h\u00e1n\u00ed, kter\u00fdm bude vystaven.<\/p>\n<h3>T\u011bsn\u011bn\u00ed<\/h3>\n<p>Dal\u0161\u00edm kritick\u00fdm konstruk\u010dn\u00edm hlediskem je t\u011bsnic\u00ed syst\u00e9m kore\u010dkov\u00fdch v\u00e1lc\u016f. V\u00e1lec mus\u00ed b\u00fdt dostate\u010dn\u011b ut\u011bsn\u011bn, aby se zabr\u00e1nilo \u00fanik\u016fm a kontaminaci hydraulick\u00e9 kapaliny. Pou\u017eit\u00ed vysoce kvalitn\u00edch t\u011bsn\u011bn\u00ed, jako jsou p\u00edstn\u00ed a p\u00edstn\u00ed t\u011bsn\u011bn\u00ed vyroben\u00e1 z polyuretanu nebo nitrilov\u00e9 pry\u017ee, je nezbytn\u00e9 pro zaji\u0161t\u011bn\u00ed t\u011bsnosti v\u00e1lce a jeho spr\u00e1vn\u00e9ho fungov\u00e1n\u00ed.<\/p>\n<h3>Trvanlivost<\/h3>\n<p>Kore\u010dkov\u00e9 v\u00e1lce mus\u00ed b\u00fdt navr\u017eeny tak, aby odolaly n\u00e1ro\u010dn\u00fdm provozn\u00edm podm\u00ednk\u00e1m, v\u010detn\u011b vystaven\u00ed ne\u010distot\u00e1m, prachu a dal\u0161\u00edm kontaminant\u016fm. Povrch v\u00e1lce mus\u00ed b\u00fdt tak\u00e9 o\u0161et\u0159en, aby se zv\u00fd\u0161ila jeho odolnost proti opot\u0159eben\u00ed a korozi, a zajistila se tak jeho spolehliv\u00e1 funkce po del\u0161\u00ed dobu.<\/p>\n<h3>Bezpe\u010dnost<\/h3>\n<p>Bezpe\u010dnost kore\u010dkov\u00fdch v\u00e1lc\u016f je z\u00e1sadn\u00ed a mus\u00ed b\u00fdt navr\u017eeny tak, aby se p\u0159ede\u0161lo nehod\u00e1m a zran\u011bn\u00edm. Bezpe\u010dnostn\u00ed prvky, jako jsou p\u0159etlakov\u00e9 ventily, pojistn\u00e9 membr\u00e1ny a koncov\u00e9 dorazy, jsou \u010dasto sou\u010d\u00e1st\u00ed konstrukce, aby se zajistil bezpe\u010dn\u00fd a spolehliv\u00fd provoz v\u00e1lc\u016f.<\/p>\n<h3>\u00dadr\u017eba<\/h3>\n<p>\u00dadr\u017eba v\u00e1lc\u016f kore\u010dk\u016f je z\u00e1sadn\u00ed pro zaji\u0161t\u011bn\u00ed jejich dobr\u00e9ho provozn\u00edho stavu a spr\u00e1vn\u00e9ho fungov\u00e1n\u00ed. Pravideln\u00e9 kontroly, maz\u00e1n\u00ed a v\u00fdm\u011bna t\u011bsn\u011bn\u00ed jsou nezbytn\u00e9 \u00fadr\u017eb\u00e1\u0159sk\u00e9 \u00fakony, kter\u00e9 je nutn\u00e9 prov\u00e1d\u011bt, aby v\u00e1lec fungoval spr\u00e1vn\u011b. Pou\u017eit\u00ed vysoce kvalitn\u00ed hydraulick\u00e9 kapaliny je tak\u00e9 nezbytn\u00e9 pro zaji\u0161t\u011bn\u00ed dostate\u010dn\u00e9ho maz\u00e1n\u00ed v\u00e1lce.<\/p>\n<p><img decoding=\"async\" src=\"https:\/\/www.hydraulic-cylinders.net\/wp-content\/uploads\/2025\/01\/songte-oil-pipes-and-spare-parts.webp\"><\/p>\n<h2>T\u011bsn\u011bn\u00ed a maz\u00e1n\u00ed<\/h2>\n<p>Kore\u010dkov\u00e9 v\u00e1lce vy\u017eaduj\u00ed pro spr\u00e1vn\u00fd provoz a udr\u017een\u00ed optim\u00e1ln\u00edho v\u00fdkonu \u0159\u00e1dn\u00e9 t\u011bsn\u011bn\u00ed a maz\u00e1n\u00ed. Aby bylo zaji\u0161t\u011bno, \u017ee hydraulick\u00e1 kapalina z\u016fstane uvnit\u0159 v\u00e1lce a neunikne, je nutn\u00e9 pou\u017e\u00edt r\u016fzn\u00e9 t\u011bsnic\u00ed prvky, jako jsou t\u011bsn\u011bn\u00ed p\u00edst\u016f, t\u011bsn\u011bn\u00ed p\u00edstnic a vodic\u00ed krou\u017eky. Pro zaji\u0161t\u011bn\u00ed provozuschopnosti a spolehlivosti v\u00e1lce je nezbytn\u00e9 pravideln\u00e9 maz\u00e1n\u00ed v\u00e1lce a pou\u017e\u00edv\u00e1n\u00ed vysoce kvalitn\u00ed hydraulick\u00e9 kapaliny.<\/p>\n<h2>\u00dadr\u017eba a opravy<\/h2>\n<p>Spr\u00e1vn\u00e1 \u00fadr\u017eba a opravy kore\u010dkov\u00fdch v\u00e1lc\u016f jsou nezbytn\u00e9 pro zaji\u0161t\u011bn\u00ed jejich dlouh\u00e9 \u017eivotnosti a optim\u00e1ln\u00edho v\u00fdkonu. Mezi t\u0159i b\u011b\u017en\u00e9 \u00fakoly \u00fadr\u017eby pat\u0159\u00ed:<\/p>\n<ul>\n<li>Pravideln\u00e9 kontroly: Pravideln\u00e9 kontroly v\u00e1lce jsou nezbytn\u00e9 pro v\u010dasn\u00e9 odhalen\u00ed jak\u00fdchkoli zn\u00e1mek opot\u0159eben\u00ed nebo po\u0161kozen\u00ed a jejich \u0159e\u0161en\u00ed d\u0159\u00edve, ne\u017e povedou k z\u00e1va\u017en\u011bj\u0161\u00edm probl\u00e9m\u016fm.<\/li>\n<li>Spr\u00e1vn\u00e9 maz\u00e1n\u00ed: Spr\u00e1vn\u00e9 maz\u00e1n\u00ed sou\u010d\u00e1st\u00ed v\u00e1lce je nezbytn\u00e9 pro zaji\u0161t\u011bn\u00ed jeho spr\u00e1vn\u00e9ho fungov\u00e1n\u00ed a udr\u017een\u00ed optim\u00e1ln\u00edho v\u00fdkonu.<\/li>\n<li>V\u00fdm\u011bna t\u011bsn\u011bn\u00ed a kontroly kalibrace: Pravideln\u00e1 v\u00fdm\u011bna opot\u0159ebovan\u00fdch t\u011bsn\u011bn\u00ed a kontroly kalibrace jsou nezbytn\u00e9 pro udr\u017een\u00ed v\u00fdkonu v\u00e1lce a jeho bezprobl\u00e9mov\u00e9 fungov\u00e1n\u00ed.<\/li>\n<\/ul>\n<p>Je z\u00e1sadn\u00ed zajistit, aby byl v\u00e1lec spr\u00e1vn\u011b nainstalov\u00e1n, \u0159\u00e1dn\u011b promaz\u00e1n a se\u0159\u00edzen podle p\u0159\u00edslu\u0161n\u00fdch specifikac\u00ed. D\u016fle\u017eit\u00e9 je tak\u00e9 spr\u00e1vn\u00e9 vyrovn\u00e1n\u00ed v\u00e1lce a k jeho upevn\u011bn\u00ed by m\u011bly b\u00fdt pou\u017eity vhodn\u00e9 mont\u00e1\u017en\u00ed konzole.<\/p>\n<p><img decoding=\"async\" src=\"https:\/\/www.hydraulic-cylinders.net\/wp-content\/uploads\/2025\/01\/songte-chushion-collar.webp\"><\/p>\n<h2>Bezpe\u010dnostn\u00ed a environment\u00e1ln\u00ed aspekty<\/h2>\n<p>P\u0159i pr\u00e1ci s kore\u010dkov\u00fdmi v\u00e1lci je bezpe\u010dnost prvo\u0159ad\u00fdm hlediskem a je t\u0159eba p\u0159ijmout vhodn\u00e1 opat\u0159en\u00ed, aby se p\u0159ede\u0161lo nehod\u00e1m a zran\u011bn\u00edm. D\u00e1le je t\u0159eba zv\u00e1\u017eit dopad kore\u010dkov\u00fdch v\u00e1lc\u016f na \u017eivotn\u00ed prost\u0159ed\u00ed a podniknout kroky k minimalizaci jejich dopadu na \u017eivotn\u00ed prost\u0159ed\u00ed.<\/p>\n<h2>Odstra\u0148ov\u00e1n\u00ed probl\u00e9m\u016f a b\u011b\u017en\u00e9 probl\u00e9my<\/h2>\n<p>U kore\u010dkov\u00fdch v\u00e1lc\u016f se m\u016f\u017ee b\u011bhem jejich \u017eivotnosti vyskytnout \u0159ada probl\u00e9m\u016f, v\u010detn\u011b net\u011bsnost\u00ed, pomal\u00e9ho chodu a posunu v\u00e1lce. Diagnostika t\u011bchto probl\u00e9m\u016f vy\u017eaduje d\u016fkladn\u00e9 pochopen\u00ed konstrukce a funkce v\u00e1lce a pro jejich efektivn\u00ed \u0159e\u0161en\u00ed je nutn\u00e9 dodr\u017eovat vhodn\u00e9 kroky pro \u0159e\u0161en\u00ed probl\u00e9m\u016f. Pravideln\u00e1 \u00fadr\u017eba a kontrola v\u00e1lce m\u016f\u017ee p\u0159edej\u00edt mnoha potenci\u00e1ln\u00edm probl\u00e9m\u016fm.<\/p>\n<p><img decoding=\"async\" src=\"https:\/\/www.hydraulic-cylinders.net\/wp-content\/uploads\/2025\/01\/songte-bushings-with-all-kinds-of-excavator-models.webp\"><\/p>\n<h2>O na\u0161\u00ed spole\u010dnosti<\/h2>\n<p>Jsme v\u00fdrobcem n\u00e1hradn\u00edch hydraulick\u00fdch v\u00e1lc\u016f a nab\u00edz\u00edme kompletn\u00ed sortiment hydraulick\u00fdch v\u00e1lc\u016f. Stali jsme se jedn\u00edm z p\u0159edn\u00edch v\u00fdrobc\u016f a velkoobchodn\u00edch distributor\u016f hydraulick\u00fdch v\u00e1lc\u016f na dom\u00e1c\u00edm i mezin\u00e1rodn\u00edm trhu. \u0158\u00edd\u00edme se principy excelence v kvalit\u011b a spol\u00e9h\u00e1me se na industrializovan\u00e9 strategie \u0159\u00edzen\u00ed v\u00fdroby v precizn\u00edch v\u00fdrobn\u00edch d\u00edln\u00e1ch. Neust\u00e1le vylep\u0161ujeme na\u0161i v\u00fdrobn\u00ed platformu a zlep\u0161ujeme kvalitu na\u0161ich produkt\u016f. Disponujeme siln\u00fdmi tv\u016fr\u010d\u00edmi schopnostmi, abychom splnili rozmanit\u00e9 pot\u0159eby na\u0161ich z\u00e1kazn\u00edk\u016f s vysokou efektivitou, vysokou p\u0159esnost\u00ed a vysokou kvalitou.<\/p>\n<p><img decoding=\"async\" src=\"https:\/\/hzpt.com\/wp-content\/uploads\/2024\/11\/songte-company-1.webp\"><\/p>\n<p>Poskytujeme kompletn\u00ed \u0161k\u00e1lu slu\u017eeb, v\u010detn\u011b odborn\u00fdch znalost\u00ed, mezin\u00e1rodn\u00ed certifikace, slu\u017eeb na m\u00edru, v\u00fdrobn\u00edho za\u0159\u00edzen\u00ed a poprodejn\u00edho servisu.<\/p>\n<h3>Profesionalita:<\/h3>\n<p>M\u00e1me t\u00fdm vysoce kvalifikovan\u00fdch odborn\u00edk\u016f s rozs\u00e1hl\u00fdmi zku\u0161enostmi v oblasti n\u00e1vrhu a v\u00fdroby hydraulick\u00fdch v\u00e1lc\u016f.<\/p>\n<h3>Mezin\u00e1rodn\u00ed certifikace:<\/h3>\n<p>Na\u0161e hydraulick\u00e9 v\u00e1lce jsou certifikov\u00e1ny podle mezin\u00e1rodn\u00edch norem, co\u017e zaru\u010duje, \u017ee spl\u0148uj\u00ed nejvy\u0161\u0161\u00ed standardy kvality.<\/p>\n<h3>Slu\u017eby na m\u00edru:<\/h3>\n<p>Poskytujeme slu\u017eby na m\u00edru, abychom uspokojili rozmanit\u00e9 pot\u0159eby na\u0161ich z\u00e1kazn\u00edk\u016f.<\/p>\n<h3>V\u00fdrobn\u00ed za\u0159\u00edzen\u00ed:<\/h3>\n<p>Pou\u017e\u00edv\u00e1me nejmodern\u011bj\u0161\u00ed v\u00fdrobn\u00ed za\u0159\u00edzen\u00ed k v\u00fdrob\u011b vysoce kvalitn\u00edch hydraulick\u00fdch v\u00e1lc\u016f.<\/p>\n<h3>Poprodejn\u00ed slu\u017eby:<\/h3>\n<p>Poskytujeme komplexn\u00ed poprodejn\u00ed slu\u017eby, abychom zajistili spokojenost na\u0161ich z\u00e1kazn\u00edk\u016f s na\u0161imi produkty a slu\u017ebami.<\/p>\n<p><img decoding=\"async\" src=\"https:\/\/www.hydraulic-cylinders.net\/wp-content\/uploads\/2025\/01\/songte-company-3.webp\"><\/p>\n<p>Autor: lyl.<\/p>","protected":false},"excerpt":{"rendered":"<p>Bucket Cylinder For Zoomlion Middle Excavator ZE230ELR Introduction Definition and Function A bucket cylinder is a specially designed hydraulic cylinder that is mainly used to control the movement of buckets in heavy machinery such as excavators, backhoe excavators, and front-end loaders. Its main function is to lift, lower, and tilt the buckets, making it easier [&hellip;]<\/p>","protected":false},"featured_media":14778,"comment_status":"open","ping_status":"closed","template":"","meta":{"_et_pb_use_builder":"","_et_pb_old_content":"","_et_gb_content_width":""},"product_brand":[],"product_cat":[1494],"product_tag":[1495,1496],"class_list":{"0":"post-15499","1":"product","2":"type-product","3":"status-publish","4":"has-post-thumbnail","6":"product_cat-bucket-cylinders","7":"product_tag-bucket-cylinders","8":"product_tag-hydraulic-cylinders","10":"first","11":"instock","12":"shipping-taxable","13":"product-type-simple"},"amp_enabled":true,"_links":{"self":[{"href":"https:\/\/www.hydraulic-cylinders.net\/cs\/wp-json\/wp\/v2\/product\/15499","targetHints":{"allow":["GET"]}}],"collection":[{"href":"https:\/\/www.hydraulic-cylinders.net\/cs\/wp-json\/wp\/v2\/product"}],"about":[{"href":"https:\/\/www.hydraulic-cylinders.net\/cs\/wp-json\/wp\/v2\/types\/product"}],"replies":[{"embeddable":true,"href":"https:\/\/www.hydraulic-cylinders.net\/cs\/wp-json\/wp\/v2\/comments?post=15499"}],"wp:featuredmedia":[{"embeddable":true,"href":"https:\/\/www.hydraulic-cylinders.net\/cs\/wp-json\/wp\/v2\/media\/14778"}],"wp:attachment":[{"href":"https:\/\/www.hydraulic-cylinders.net\/cs\/wp-json\/wp\/v2\/media?parent=15499"}],"wp:term":[{"taxonomy":"product_brand","embeddable":true,"href":"https:\/\/www.hydraulic-cylinders.net\/cs\/wp-json\/wp\/v2\/product_brand?post=15499"},{"taxonomy":"product_cat","embeddable":true,"href":"https:\/\/www.hydraulic-cylinders.net\/cs\/wp-json\/wp\/v2\/product_cat?post=15499"},{"taxonomy":"product_tag","embeddable":true,"href":"https:\/\/www.hydraulic-cylinders.net\/cs\/wp-json\/wp\/v2\/product_tag?post=15499"}],"curies":[{"name":"wp","href":"https:\/\/api.w.org\/{rel}","templated":true}]}}