{"id":15507,"date":"2025-01-19T14:37:01","date_gmt":"2025-01-19T14:37:01","guid":{"rendered":"https:\/\/www.hydraulic-cylinders.net\/product\/bucket-cylinder-for-zoomlion-large-excavator-ze480esp\/"},"modified":"2025-01-19T14:37:03","modified_gmt":"2025-01-19T14:37:03","slug":"bucket-cylinder-for-zoomlion-large-excavator-ze480esp","status":"publish","type":"product","link":"https:\/\/www.hydraulic-cylinders.net\/cs\/produkt\/bucket-cylinder-for-zoomlion-large-excavator-ze480esp\/","title":{"rendered":"V\u00e1lec l\u017e\u00edce pro velk\u00e9 rypadlo Zoomlion ZE480ESP"},"content":{"rendered":"<h1>V\u00e1lec l\u017e\u00edce pro velk\u00e9 rypadlo Zoomlion ZE480ESP<\/h1>\n<h2>Zaveden\u00ed<\/h2>\n<p>Hydraulick\u00fd v\u00e1lec l\u017e\u00edce pro velk\u00e1 rypadla Zoomlion ZE480ESP je specializovan\u00fd hydraulick\u00fd v\u00e1lec ur\u010den\u00fd k ovl\u00e1d\u00e1n\u00ed pohybu l\u017e\u00edce v t\u011b\u017ek\u00fdch stroj\u00edch, jako jsou rypadla, bagry a \u010deln\u00ed naklada\u010de. Jeho hlavn\u00ed funkc\u00ed je umo\u017enit zved\u00e1n\u00ed, spou\u0161t\u011bn\u00ed a nakl\u00e1p\u011bn\u00ed l\u017e\u00edce, co\u017e usnad\u0148uje manipulaci s r\u016fzn\u00fdmi materi\u00e1ly. V hydraulick\u00e9m syst\u00e9mu v\u00e1lec l\u017e\u00edce \u0159\u00edd\u00ed p\u0159esn\u00fd pohyb l\u017e\u00edce zm\u011bnou tlaku hydraulick\u00e9ho oleje, co\u017e umo\u017e\u0148uje obsluze efektivn\u011b manipulovat s t\u011b\u017ek\u00fdmi p\u0159edm\u011bty a p\u0159izp\u016fsobovat se slo\u017eit\u00fdm pracovn\u00edm prost\u0159ed\u00edm a rozmanit\u00fdm po\u017eadavk\u016fm na pr\u00e1ci. <\/p>\n<p><img decoding=\"async\" src=\"https:\/\/www.hydraulic-cylinders.net\/wp-content\/uploads\/2025\/01\/songte-company-2.webp\"><\/p>\n<h2>Funkce<\/h2>\n<ul>\n<li>\n<h3>Vysok\u00e1 pevnost a trvanlivost<\/h3>\n<p>Kore\u010dkov\u00e9 v\u00e1lce se obvykle vyr\u00e1b\u011bj\u00ed z vysokopevnostn\u00ed oceli nebo hlin\u00edku, jsou schopny odolat vysok\u00e9mu tlaku a velk\u00e9mu zat\u00ed\u017een\u00ed a p\u0159izp\u016fsobit se n\u00e1ro\u010dn\u00fdm pracovn\u00edm prost\u0159ed\u00edm. Konstrukce zohled\u0148uje odolnost proti opot\u0159eben\u00ed a korozi, co\u017e prodlu\u017euje \u017eivotnost.<\/p>\n<\/li>\n<li>\n<h3>Efektivn\u00ed hydraulick\u00fd provoz<\/h3>\n<p>Kore\u010dkov\u00e9 v\u00e1lce vyu\u017e\u00edvaj\u00ed tlak hydraulick\u00e9ho oleje k dosa\u017een\u00ed plynul\u00e9ho roztahov\u00e1n\u00ed a smr\u0161\u0165ov\u00e1n\u00ed, dok\u00e1\u017e\u00ed rychle reagovat na \u0159\u00eddic\u00ed povely, poskytuj\u00ed silnou tla\u010dnou a ta\u017enou s\u00edlu a jsou vhodn\u00e9 pro manipulaci s t\u011b\u017ek\u00fdmi p\u0159edm\u011bty a slo\u017eit\u00e9 pracovn\u00ed \u00fakoly.<\/p>\n<\/li>\n<li>\n<h3>R\u016fznorod\u00e9 typy<\/h3>\n<p>Kore\u010dkov\u00e9 v\u00e1lce mohou b\u00fdt jedno\u010dinn\u00e9 (hydraulick\u00fd pohon se pou\u017e\u00edv\u00e1 pouze v jednom sm\u011bru) nebo dvoj\u010dinn\u00e9 (hydraulick\u00fd pohon se pou\u017e\u00edv\u00e1 ve dvou sm\u011brech), kter\u00e9 lze volit podle pot\u0159eb a spl\u0148ovat r\u016fzn\u00e9 provozn\u00ed po\u017eadavky. N\u011bkter\u00e9 modely jsou teleskopick\u00e9, co\u017e umo\u017e\u0148uje v\u011bt\u0161\u00ed v\u00fdsuv bez zv\u011bt\u0161en\u00ed vn\u011bj\u0161\u00edch rozm\u011br\u016f, vhodn\u00e9 pro aplikace s omezen\u00fdm prostorem.<\/p>\n<\/li>\n<li>\n<h3>N\u00e1hradn\u00ed produkty<\/h3>\n<p>Na\u0161e produkty dok\u00e1\u017e\u00ed tyto hydraulick\u00e9 v\u00e1lce dokonale nahradit.<\/p>\n<\/li>\n<\/ul>\n<p><img decoding=\"async\" src=\"https:\/\/www.hydraulic-cylinders.net\/wp-content\/uploads\/2025\/01\/songte-cylinder-head-with-all-kinds-excavator-models.webp\"><\/p>\n<h2>Aplikace<\/h2>\n<p>V\u00e1lec l\u017e\u00edce pro velk\u00e9 rypadlo Zoomlion ZE480ESP se \u0161iroce pou\u017e\u00edv\u00e1 v r\u016fzn\u00fdch t\u011b\u017ek\u00fdch stroj\u00edch k prov\u00e1d\u011bn\u00ed r\u016fzn\u00fdch \u00fakol\u016f. Mezi aplikace pat\u0159\u00ed nap\u0159\u00edklad:<\/p>\n<ul>\n<li>\n<h3>Stavebn\u00ed stroje<\/h3>\n<p>Stavebn\u00ed stroje se p\u0159i kop\u00e1n\u00ed, nakl\u00e1d\u00e1n\u00ed a p\u0159emis\u0165ov\u00e1n\u00ed zeminy nebo suti spol\u00e9haj\u00ed na kore\u010dkov\u00e9 v\u00e1lce. U rypadl\u016f-bagr\u016f pom\u00e1haj\u00ed kore\u010dkov\u00e9 v\u00e1lce p\u0159i v\u00fdkopov\u00fdch prac\u00edch a zved\u00e1n\u00ed.<\/p>\n<\/li>\n<li>\n<h3>Zem\u011bd\u011blsk\u00e9 stroje<\/h3>\n<p>Kore\u010dkov\u00e9 v\u00e1lce se pou\u017e\u00edvaj\u00ed u \u010deln\u00edch naklada\u010d\u016f k nab\u00edr\u00e1n\u00ed, zved\u00e1n\u00ed a p\u0159eprav\u011b zeminy, sena a dal\u0161\u00edch materi\u00e1l\u016f. U bagr\u016f umo\u017e\u0148uj\u00ed kore\u010dkov\u00e9 v\u00e1lce kop\u00e1n\u00ed t\u00edm, \u017ee umo\u017e\u0148uj\u00ed l\u017e\u00edci proniknout do p\u016fdy.<\/p>\n<\/li>\n<li>\n<h3>Naklada\u010dsk\u00e9 vybaven\u00ed<\/h3>\n<p>V\u00e1lce kore\u010dk\u016f pom\u00e1haj\u00ed efektivn\u011b zvedat a vykl\u00e1p\u011bt n\u00e1klad u \u010deln\u00edch naklada\u010d\u016f.<\/p>\n<\/li>\n<\/ul>\n<h2>Konstruk\u010dn\u00ed aspekty a krit\u00e9ria v\u00fdb\u011bru<\/h2>\n<p>Kore\u010dkov\u00e9 v\u00e1lce jsou navr\u017eeny pro manipulaci s t\u011b\u017ek\u00fdmi b\u0159emeny, tak\u017ee konstruk\u010dn\u00ed aspekty a krit\u00e9ria v\u00fdb\u011bru jsou pro v\u00fdkon produktu kl\u00ed\u010dov\u00e9. Mezi konstruk\u010dn\u00ed aspekty pat\u0159\u00ed nap\u0159\u00edklad:<\/p>\n<ul>\n<li>\n<h3>\u00danosnost<\/h3>\n<p>Schopnost v\u00e1lce odolat t\u011b\u017ek\u00fdm n\u00e1klad\u016fm je ur\u010dena \u00fanosnost\u00ed, kter\u00e1 se vypo\u010d\u00edt\u00e1v\u00e1 na z\u00e1klad\u011b pr\u016fm\u011bru v\u00e1lce, velikosti p\u00edstnice a jmenovit\u00e9ho tlaku.<\/p>\n<\/li>\n<li>\n<h3>T\u011bsnic\u00ed vlastnosti<\/h3>\n<p>Gumov\u00e1 t\u011bsn\u011bn\u00ed pou\u017eit\u00e1 ve v\u00e1lci kore\u010dkov\u00e9ho v\u00e1lce mus\u00ed odol\u00e1vat vysok\u00fdm teplot\u00e1m, vysok\u00e9mu tlaku a mo\u017en\u00e9mu vniknut\u00ed abrazivn\u00edch \u010d\u00e1stic. B\u011b\u017en\u011b se pou\u017e\u00edv\u00e1 polyuretanov\u00e1 a nitrilov\u00e1 pry\u017e.<\/p>\n<\/li>\n<li>\n<h3>Trvanlivost<\/h3>\n<p>Trvanlivost v\u00e1lce je ur\u010dena faktory, jako je pou\u017eit\u00fd materi\u00e1l, povrchov\u00e1 \u00faprava a v\u00fdrobn\u00ed proces, kter\u00e9 mus\u00ed odol\u00e1vat n\u00e1ro\u010dn\u00e9mu pracovn\u00edmu prost\u0159ed\u00ed a dlouhodob\u00e9mu pou\u017e\u00edv\u00e1n\u00ed.<\/p>\n<\/li>\n<li>\n<h3>Bezpe\u010dnost a \u00fadr\u017eba<\/h3>\n<p>V\u00e1lce kore\u010dk\u016f mus\u00ed spl\u0148ovat bezpe\u010dnostn\u00ed normy a vy\u017eaduj\u00ed pravidelnou \u00fadr\u017ebu, aby byl zaji\u0161t\u011bn optim\u00e1ln\u00ed v\u00fdkon a p\u0159ede\u0161lo se nehod\u00e1m.<\/p>\n<\/li>\n<\/ul>\n<p><img decoding=\"async\" src=\"https:\/\/www.hydraulic-cylinders.net\/wp-content\/uploads\/2025\/01\/songte-oil-pipes-and-spare-parts.webp\"><\/p>\n<h2>T\u011bsn\u011bn\u00ed a maz\u00e1n\u00ed produktu<\/h2>\n<p>Kore\u010dkov\u00e9 v\u00e1lce pou\u017e\u00edvaj\u00ed r\u016fzn\u00e1 t\u011bsn\u011bn\u00ed, jako jsou p\u00edstn\u00ed t\u011bsn\u011bn\u00ed, t\u011bsn\u011bn\u00ed p\u00edstnice a st\u00edrac\u00ed t\u011bsn\u011bn\u00ed, aby se zabr\u00e1nilo \u00faniku hydraulick\u00e9 kapaliny. T\u011bsn\u011bn\u00ed mus\u00ed b\u00fdt vyrobena z materi\u00e1l\u016f odoln\u00fdch proti opot\u0159eben\u00ed, jako je polyuretan a nitrilov\u00e1 pry\u017e. Povrch t\u011blesa v\u00e1lce a konce z\u00e1vit\u016f vy\u017eaduj\u00ed p\u0159esn\u00e9 obr\u00e1b\u011bn\u00ed pro zlep\u0161en\u00ed odolnosti proti opot\u0159eben\u00ed. Pravideln\u00e9 maz\u00e1n\u00ed v\u00e1lce zabra\u0148uje opot\u0159eben\u00ed a sni\u017euje mo\u017enost \u00faniku. <\/p>\n<h2>Pravideln\u00e1 kontrola a preventivn\u00ed \u00fadr\u017eba<\/h2>\n<p>Pravideln\u00e1 kontrola a preventivn\u00ed \u00fadr\u017eba kbel\u00edkov\u00e9ho v\u00e1lce jsou nezbytn\u00e9 pro zaji\u0161t\u011bn\u00ed dlouh\u00e9 \u017eivotnosti produktu. Mezi tato opat\u0159en\u00ed pat\u0159\u00ed:<\/p>\n<ul>\n<li>\n<h3>Pravideln\u00e1 kontrola<\/h3>\n<p>Pravideln\u00e1 kontrola vn\u011bj\u0161\u00edho povrchu v\u00e1lce, t\u011bsn\u011bn\u00ed a spoj\u016f za \u00fa\u010delem zji\u0161t\u011bn\u00ed p\u0159\u00edpadn\u00e9ho opot\u0159eben\u00ed, po\u0161kozen\u00ed nebo net\u011bsnost\u00ed.<\/p>\n<\/li>\n<li>\n<h3>Vhodn\u00e9 maz\u00e1n\u00ed<\/h3>\n<p>Vhodn\u00e9 maz\u00e1n\u00ed v\u00e1lce hydraulick\u00fdm olejem nebo mazivem, aby se zabr\u00e1nilo opot\u0159eben\u00ed a sn\u00ed\u017eila se mo\u017enost \u00faniku.<\/p>\n<\/li>\n<li>\n<h3>V\u00fdm\u011bna t\u011bsn\u011bn\u00ed a kontrola kalibrace<\/h3>\n<p>Pravideln\u00e1 v\u00fdm\u011bna t\u011bsn\u011bn\u00ed a kontrola kalibrace pro zaji\u0161t\u011bn\u00ed optim\u00e1ln\u00edho v\u00fdkonu.<\/p>\n<\/li>\n<\/ul>\n<p><img decoding=\"async\" src=\"https:\/\/www.hydraulic-cylinders.net\/wp-content\/uploads\/2025\/01\/songte-chushion-collar.webp\"><\/p>\n<h2>Bezpe\u010dnostn\u00ed aspekty a faktory prost\u0159ed\u00ed<\/h2>\n<p>Kore\u010dkov\u00e9 v\u00e1lce se pou\u017e\u00edvaj\u00ed v t\u011b\u017ek\u00fdch stroj\u00edch a vy\u017eaduj\u00ed bezpe\u010dnostn\u00ed opat\u0159en\u00ed, jako je zaji\u0161t\u011bn\u00ed spr\u00e1vn\u00e9ho vyrovn\u00e1n\u00ed a upevn\u011bn\u00ed v\u00e1lce. Faktory prost\u0159ed\u00ed, jako je teplota a vlhkost, mohou ovlivnit v\u00fdkon v\u00e1lce a je t\u0159eba je monitorovat.<\/p>\n<h2>Diagnostika poruch a b\u011b\u017en\u00e9 probl\u00e9my<\/h2>\n<p>Mezi b\u011b\u017en\u00e9 probl\u00e9my s kore\u010dkov\u00fdmi v\u00e1lci pat\u0159\u00ed net\u011bsnost, posun v\u00e1lce a pomal\u00e1 doba odezvy. Diagnostika poruchy zahrnuje identifikaci zdroje probl\u00e9mu a p\u0159ijet\u00ed vhodn\u00fdch opat\u0159en\u00ed k jeho odstran\u011bn\u00ed. Preventivn\u00ed opat\u0159en\u00ed, jako je pravideln\u00e1 kontrola a \u00fadr\u017eba, mohou sn\u00ed\u017eit pravd\u011bpodobnost vzniku probl\u00e9m\u016f.<\/p>\n<p><img decoding=\"async\" src=\"https:\/\/www.hydraulic-cylinders.net\/wp-content\/uploads\/2025\/01\/songte-bushings-with-all-kinds-of-excavator-models.webp\"><\/p>\n<h2>O n\u00e1s<\/h2>\n<p>Jsme p\u0159edn\u00edm v\u00fdrobcem a velkoobchodn\u00edm distributorem hydraulick\u00fdch v\u00e1lc\u016f na dom\u00e1c\u00edm i mezin\u00e1rodn\u00edm trhu. Na\u0161e produktov\u00e1 \u0159ada je rozmanit\u00e1 a usilujeme o vynikaj\u00edc\u00ed kvalitu pomoc\u00ed strategie \u0159\u00edzen\u00ed v\u00fdroby zalo\u017een\u00e9 na industrializaci sofistikovan\u00fdch v\u00fdrobn\u00edch d\u00edlen. D\u00edky vyu\u017eit\u00ed technologick\u00fdch talent\u016f, \u0161pi\u010dkov\u00e9ho digit\u00e1ln\u00edho v\u00fdrobn\u00edho za\u0159\u00edzen\u00ed a profesion\u00e1ln\u00edho testovac\u00edho syst\u00e9mu neust\u00e1le vylep\u0161ujeme v\u00fdrobn\u00ed platformu, zlep\u0161ujeme kvalitu produkt\u016f a v\u00fdrobn\u00edch postup\u016f a m\u00e1me siln\u00e9 kreativn\u00ed schopnosti. Na\u0161\u00edm c\u00edlem je uspokojovat rozmanit\u00e9 pot\u0159eby z\u00e1kazn\u00edk\u016f s vysokou efektivitou, vysokou p\u0159esnost\u00ed a vysokou kvalitou.<\/p>\n<ul>\n<li>\n<h3>Profesionalita<\/h3>\n<p>M\u00e1me t\u00fdm profesion\u00e1ln\u00edch in\u017een\u00fdr\u016f a technik\u016f s rozs\u00e1hl\u00fdmi zku\u0161enostmi v oblasti n\u00e1vrhu a v\u00fdroby hydraulick\u00fdch v\u00e1lc\u016f.<\/p>\n<\/li>\n<li>\n<h3>Mezin\u00e1rodn\u00ed certifikace<\/h3>\n<p>Na\u0161e hydraulick\u00e9 v\u00e1lce jsou certifikov\u00e1ny dle ISO 9001 a CE, co\u017e zaru\u010duje kvalitu a bezpe\u010dnost.<\/p>\n<\/li>\n<li>\n<h3>Slu\u017eby p\u0159izp\u016fsoben\u00ed<\/h3>\n<p>Nab\u00edz\u00edme slu\u017eby na m\u00edru, kter\u00e9 se p\u0159izp\u016fsobuj\u00ed specifick\u00fdm po\u017eadavk\u016fm na\u0161ich z\u00e1kazn\u00edk\u016f.<\/p>\n<\/li>\n<li>\n<h3>V\u00fdrobn\u00ed za\u0159\u00edzen\u00ed<\/h3>\n<p>Pou\u017e\u00edv\u00e1me modern\u00ed v\u00fdrobn\u00ed za\u0159\u00edzen\u00ed, jako jsou CNC obr\u00e1b\u011bc\u00ed centra, automatick\u00e9 sv\u00e1\u0159e\u010dky a za\u0159\u00edzen\u00ed pro povrchov\u00e9 \u00fapravy.<\/p>\n<\/li>\n<li>\n<h3>Poprodejn\u00ed servis<\/h3>\n<p>Poskytujeme poprodejn\u00ed servis, v\u010detn\u011b \u00fadr\u017eby, oprav a v\u00fdm\u011bny d\u00edl\u016f, abychom zajistili spokojenost na\u0161ich z\u00e1kazn\u00edk\u016f.<\/p>\n<\/li>\n<\/ul>\n<p><img decoding=\"async\" src=\"https:\/\/hzpt.com\/wp-content\/uploads\/2024\/11\/songte-company-1.webp\"><\/p>\n<h3>Autor: lyl<\/h3>","protected":false},"excerpt":{"rendered":"<p>Bucket Cylinder For Zoomlion Large Excavator ZE480ESP Introduction The Bucket Cylinder for Zoomlion Large Excavator ZE480ESP is a specialized hydraulic cylinder designed to control the movement of the bucket in heavy machinery such as excavators, backhoe excavators, and front-end loaders. Its main function is to enable the bucket to lift, lower, and tilt, making it [&hellip;]<\/p>","protected":false},"featured_media":14789,"comment_status":"open","ping_status":"closed","template":"","meta":{"_et_pb_use_builder":"","_et_pb_old_content":"","_et_gb_content_width":""},"product_brand":[],"product_cat":[1494],"product_tag":[1495,1496],"class_list":{"0":"post-15507","1":"product","2":"type-product","3":"status-publish","4":"has-post-thumbnail","6":"product_cat-bucket-cylinders","7":"product_tag-bucket-cylinders","8":"product_tag-hydraulic-cylinders","10":"first","11":"instock","12":"shipping-taxable","13":"product-type-simple"},"amp_enabled":true,"_links":{"self":[{"href":"https:\/\/www.hydraulic-cylinders.net\/cs\/wp-json\/wp\/v2\/product\/15507","targetHints":{"allow":["GET"]}}],"collection":[{"href":"https:\/\/www.hydraulic-cylinders.net\/cs\/wp-json\/wp\/v2\/product"}],"about":[{"href":"https:\/\/www.hydraulic-cylinders.net\/cs\/wp-json\/wp\/v2\/types\/product"}],"replies":[{"embeddable":true,"href":"https:\/\/www.hydraulic-cylinders.net\/cs\/wp-json\/wp\/v2\/comments?post=15507"}],"wp:featuredmedia":[{"embeddable":true,"href":"https:\/\/www.hydraulic-cylinders.net\/cs\/wp-json\/wp\/v2\/media\/14789"}],"wp:attachment":[{"href":"https:\/\/www.hydraulic-cylinders.net\/cs\/wp-json\/wp\/v2\/media?parent=15507"}],"wp:term":[{"taxonomy":"product_brand","embeddable":true,"href":"https:\/\/www.hydraulic-cylinders.net\/cs\/wp-json\/wp\/v2\/product_brand?post=15507"},{"taxonomy":"product_cat","embeddable":true,"href":"https:\/\/www.hydraulic-cylinders.net\/cs\/wp-json\/wp\/v2\/product_cat?post=15507"},{"taxonomy":"product_tag","embeddable":true,"href":"https:\/\/www.hydraulic-cylinders.net\/cs\/wp-json\/wp\/v2\/product_tag?post=15507"}],"curies":[{"name":"wp","href":"https:\/\/api.w.org\/{rel}","templated":true}]}}