{"id":15526,"date":"2025-01-19T14:38:23","date_gmt":"2025-01-19T14:38:23","guid":{"rendered":"https:\/\/www.hydraulic-cylinders.net\/product\/bucket-cylinder-for-sunward-large-excavator-swe500ej\/"},"modified":"2025-01-19T14:38:25","modified_gmt":"2025-01-19T14:38:25","slug":"bucket-cylinder-for-sunward-large-excavator-swe500ej","status":"publish","type":"product","link":"https:\/\/www.hydraulic-cylinders.net\/cs\/produkt\/bucket-cylinder-for-sunward-large-excavator-swe500ej\/","title":{"rendered":"V\u00e1lec l\u017e\u00edce pro velk\u00e9 rypadlo Sunward SWE500EJ"},"content":{"rendered":"<h2>Zaveden\u00ed<\/h2>\n<p>Hydraulick\u00fd v\u00e1lec l\u017e\u00edce pro velk\u00e9 rypadlo Sunward SWE500EJ je specializovan\u00fd hydraulick\u00fd v\u00e1lec ur\u010den\u00fd k ovl\u00e1d\u00e1n\u00ed pohybu l\u017e\u00edce v t\u011b\u017ek\u00fdch stroj\u00edch, jako jsou rypadla, rypadla-naklada\u010de a kolov\u00e9 naklada\u010de. Jeho hlavn\u00ed funkc\u00ed je umo\u017enit zved\u00e1n\u00ed, spou\u0161t\u011bn\u00ed a nakl\u00e1p\u011bn\u00ed l\u017e\u00edce, co\u017e usnad\u0148uje r\u016fzn\u00e9 \u00fakoly manipulace s materi\u00e1lem. V hydraulick\u00e9m syst\u00e9mu dosahuje v\u00e1lec l\u017e\u00edce p\u0159esn\u00e9ho ovl\u00e1d\u00e1n\u00ed l\u017e\u00edce vyu\u017eit\u00edm zm\u011bn tlaku v hydraulick\u00e9m oleji, co\u017e umo\u017e\u0148uje obsluze efektivn\u011b manipulovat s t\u011b\u017ek\u00fdmi b\u0159emeny a p\u0159izp\u016fsobovat se slo\u017eit\u00fdm pracovn\u00edm prost\u0159ed\u00edm a rozmanit\u00fdm po\u017eadavk\u016fm na pr\u00e1ci.<\/p>\n<p><img decoding=\"async\" src=\"https:\/\/www.hydraulic-cylinders.net\/wp-content\/uploads\/2025\/01\/songte-company-2.webp\"><\/p>\n<h2>Funkce<\/h2>\n<ul>\n<li><strong>Vysok\u00e1 pevnost a trvanlivost:<\/strong> Kore\u010dkov\u00fd v\u00e1lec, obvykle vyroben\u00fd z vysokopevnostn\u00ed oceli nebo hlin\u00edku, odol\u00e1 vysok\u00e9mu tlaku a velk\u00e9mu zat\u00ed\u017een\u00ed, a p\u0159izp\u016fsob\u00ed se tak n\u00e1ro\u010dn\u00e9mu pracovn\u00edmu prost\u0159ed\u00ed. Jeho konstrukce zohled\u0148uje odolnost proti opot\u0159eben\u00ed a korozi, co\u017e prodlu\u017euje jeho \u017eivotnost.<\/li>\n<li><strong>Efektivn\u00ed hydraulick\u00fd provoz:<\/strong> Vyu\u017eit\u00edm tlaku hydraulick\u00e9ho oleje dosahuje v\u00e1lec l\u017e\u00edce plynul\u00e9ho vysouv\u00e1n\u00ed a zasouv\u00e1n\u00ed, co\u017e umo\u017e\u0148uje rychlou reakci na ovl\u00e1dac\u00ed povely a poskytuje siln\u00e9 tla\u010dn\u00e9 a ta\u017en\u00e9 s\u00edly, vhodn\u00e9 pro manipulaci s t\u011b\u017ek\u00fdmi b\u0159emeny a slo\u017eit\u00e9 pracovn\u00ed \u00fakoly.<\/li>\n<li><strong>V\u00edce typ\u016f:<\/strong> V\u00e1lec kore\u010dkov\u00e9ho v\u00e1lce lze volit jako jedno\u010dinn\u00fd (hydraulick\u00e1 s\u00edla p\u016fsob\u00edc\u00ed pouze v jednom sm\u011bru) nebo dvoj\u010dinn\u00fd (hydraulick\u00e1 s\u00edla p\u016fsob\u00edc\u00ed v obou sm\u011brech) na z\u00e1klad\u011b specifick\u00fdch provozn\u00edch pot\u0159eb. N\u011bkter\u00e9 modely jsou teleskopick\u00e9, co\u017e umo\u017e\u0148uje v\u011bt\u0161\u00ed vysunut\u00ed bez zv\u011bt\u0161en\u00ed vn\u011bj\u0161\u00edch rozm\u011br\u016f, a proto jsou vhodn\u00e9 pro aplikace s omezen\u00fdm prostorem.<\/li>\n<li><strong>Dokonal\u00e1 n\u00e1hrada:<\/strong> Na\u0161e produkty dok\u00e1\u017e\u00ed tyto hydraulick\u00e9 v\u00e1lce dokonale nahradit a nab\u00edzej\u00ed kompatibilitu a spolehliv\u00fd v\u00fdkon.<\/li>\n<\/ul>\n<p><img decoding=\"async\" src=\"https:\/\/www.hydraulic-cylinders.net\/wp-content\/uploads\/2025\/01\/songte-cylinder-head-with-all-kinds-excavator-models.webp\"><\/p>\n<h2>Aplikace<\/h2>\n<p>Kore\u010dkov\u00fd v\u00e1lec nach\u00e1z\u00ed uplatn\u011bn\u00ed v r\u016fzn\u00fdch za\u0159\u00edzen\u00edch:<\/p>\n<ul>\n<li><strong>Stavebn\u00ed vybaven\u00ed:<\/strong> Nach\u00e1zej\u00ed se v bagrech a jsou kl\u00ed\u010dov\u00e9 pro kop\u00e1n\u00ed, nakl\u00e1d\u00e1n\u00ed a p\u0159emis\u0165ov\u00e1n\u00ed zeminy nebo suti. U rypadlo-naklada\u010d\u016f pom\u00e1h\u00e1 v\u00e1lec l\u017e\u00edce p\u0159i kop\u00e1n\u00ed i zved\u00e1n\u00ed.<\/li>\n<li><strong>Zem\u011bd\u011blsk\u00e9 stroje:<\/strong> Pou\u017e\u00edv\u00e1 se v \u010deln\u00edch naklada\u010d\u00edch pro nab\u00edr\u00e1n\u00ed, zved\u00e1n\u00ed a p\u0159epravu zeminy, sena a dal\u0161\u00edch materi\u00e1l\u016f.<\/li>\n<li><strong>Bagry:<\/strong> V\u00e1lec l\u017e\u00edce umo\u017e\u0148uje ryp\u00e1n\u00ed t\u00edm, \u017ee umo\u017e\u0148uje l\u017e\u00edci proniknout do p\u016fdy.<\/li>\n<li><strong>Kolov\u00e9 naklada\u010de:<\/strong> U kolov\u00fdch naklada\u010d\u016f pom\u00e1haj\u00ed s efektivn\u00edm zved\u00e1n\u00edm a nakl\u00e1p\u011bn\u00edm zbo\u017e\u00ed.<\/li>\n<\/ul>\n<h2>Konstruk\u010dn\u00ed aspekty a krit\u00e9ria v\u00fdb\u011bru<\/h2>\n<ul>\n<li><strong>Nosnost:<\/strong> V\u00e1lec kore\u010dkov\u00e9ho v\u00e1lce je navr\u017een tak, aby vydr\u017eel po\u017eadovan\u00e9 zat\u00ed\u017een\u00ed a zajistil tak bezpe\u010dn\u00fd a efektivn\u00ed provoz.<\/li>\n<li><strong>T\u011bsn\u011bn\u00ed:<\/strong> Pou\u017e\u00edvaj\u00ed se r\u016fzn\u00e9 t\u011bsnic\u00ed komponenty, jako jsou t\u011bsn\u011bn\u00ed p\u00edst\u016f a p\u00edstnic. Jsou vyrobeny z materi\u00e1l\u016f odoln\u00fdch proti opot\u0159eben\u00ed, jako je polyuretan a nitrilov\u00e1 pry\u017e. T\u011bleso v\u00e1lce a z\u00e1vitov\u00e9 konce proch\u00e1zej\u00ed jemn\u00fdm opracov\u00e1n\u00edm pro zv\u00fd\u0161en\u00ed odolnosti proti opot\u0159eben\u00ed.<\/li>\n<li><strong>Trvanlivost:<\/strong> V\u00e1lec kore\u010dkov\u00e9ho v\u00e1lce je konstruov\u00e1n tak, aby odolal n\u00e1rok\u016fm n\u00e1ro\u010dn\u00fdch aplikac\u00ed a zajistil tak dlouhou \u017eivotnost.<\/li>\n<li><strong>Bezpe\u010dnost:<\/strong> Sou\u010d\u00e1st\u00ed konstrukce jsou bezpe\u010dnostn\u00ed prvky, kter\u00e9 zabra\u0148uj\u00ed nehod\u00e1m a zaji\u0161\u0165uj\u00ed ochranu obsluhy.<\/li>\n<li><strong>\u00dadr\u017eba:<\/strong> D\u016fraz je kladen na snadnou \u00fadr\u017ebu a opravy, co\u017e umo\u017e\u0148uje pohodln\u00fd servis a minimalizuje prostoje.<\/li>\n<\/ul>\n<p><img decoding=\"async\" src=\"https:\/\/www.hydraulic-cylinders.net\/wp-content\/uploads\/2025\/01\/songte-oil-pipes-and-spare-parts.webp\"><\/p>\n<h2>T\u011bsn\u011bn\u00ed a maz\u00e1n\u00ed<\/h2>\n<p>Kore\u010dkov\u00fd v\u00e1lec pou\u017e\u00edv\u00e1 r\u016fzn\u00e9 t\u011bsnic\u00ed komponenty, jako jsou t\u011bsn\u011bn\u00ed p\u00edst\u016f a p\u00edstnic, vyroben\u00e9 z materi\u00e1l\u016f odoln\u00fdch proti opot\u0159eben\u00ed, jako je polyuretan a nitrilov\u00e1 pry\u017e. T\u011bleso v\u00e1lce a z\u00e1vitov\u00e9 konce proch\u00e1zej\u00ed jemn\u00fdm opracov\u00e1n\u00edm pro zlep\u0161en\u00ed odolnosti proti opot\u0159eben\u00ed. Pro hladk\u00fd provoz je nezbytn\u00e9 pravideln\u00e9 maz\u00e1n\u00ed vhodn\u00fdm mno\u017estv\u00edm hydraulick\u00e9ho oleje.<\/p>\n<h2>Pravideln\u00e1 kontrola a preventivn\u00ed \u00fadr\u017eba<\/h2>\n<p>Pro zaji\u0161t\u011bn\u00ed optim\u00e1ln\u00edho v\u00fdkonu a dlouh\u00e9 \u017eivotnosti kore\u010dkov\u00e9ho v\u00e1lce jsou nezbytn\u00e9 pravideln\u00e9 kontroly a preventivn\u00ed \u00fadr\u017eba. Pat\u0159\u00ed mezi n\u011b:<\/p>\n<ul>\n<li>Spr\u00e1vn\u00e9 zarovn\u00e1n\u00ed b\u011bhem instalace<\/li>\n<li>Pravideln\u00e9 maz\u00e1n\u00ed<\/li>\n<li>V\u00fdm\u011bna t\u011bsn\u011bn\u00ed<\/li>\n<li>Kalibra\u010dn\u00ed kontroly<\/li>\n<\/ul>\n<p><img decoding=\"async\" src=\"https:\/\/www.hydraulic-cylinders.net\/wp-content\/uploads\/2025\/01\/songte-chushion-collar.webp\"><\/p>\n<h2>Bezpe\u010dnostn\u00ed aspekty a faktory prost\u0159ed\u00ed<\/h2>\n<p>P\u0159i pou\u017e\u00edv\u00e1n\u00ed kbel\u00edkov\u00e9ho v\u00e1lce jsou bezpe\u010dnostn\u00ed opat\u0159en\u00ed nanejv\u00fd\u0161 d\u016fle\u017eit\u00e1. Spr\u00e1vn\u00e9 \u0161kolen\u00ed, dodr\u017eov\u00e1n\u00ed bezpe\u010dnostn\u00edch pokyn\u016f a vhodn\u00e9 pou\u017e\u00edv\u00e1n\u00ed osobn\u00edch ochrann\u00fdch prost\u0159edk\u016f jsou z\u00e1sadn\u00ed pro prevenci nehod a zaji\u0161t\u011bn\u00ed bezpe\u010dnosti obsluhy. Pro optim\u00e1ln\u00ed v\u00fdkon a dlouhou \u017eivotnost je t\u0159eba zohlednit tak\u00e9 faktory prost\u0159ed\u00ed, jako je teplota, vlhkost a kontaminace.<\/p>\n<h2>Diagnostika z\u00e1vad a b\u011b\u017en\u00e9 probl\u00e9my<\/h2>\n<p>Mezi b\u011b\u017en\u00e9 probl\u00e9my, kter\u00e9 se mohou vyskytnout u v\u00e1lce kore\u010dkov\u00e9ho v\u00e1lce, pat\u0159\u00ed net\u011bsnost, nedostate\u010dn\u00e9 vysunut\u00ed nebo zasunut\u00ed a abnorm\u00e1ln\u00ed hluk. Pro efektivn\u00ed diagnostiku a \u0159e\u0161en\u00ed t\u011bchto probl\u00e9m\u016f je nutn\u00e9 rychl\u00e9 odstra\u0148ov\u00e1n\u00ed z\u00e1vad a vhodn\u00e1 \u0159e\u0161en\u00ed. M\u011bla by b\u00fdt tak\u00e9 zavedena preventivn\u00ed opat\u0159en\u00ed, aby se minimalizovaly potenci\u00e1ln\u00ed probl\u00e9my.<\/p>\n<p><img decoding=\"async\" src=\"https:\/\/www.hydraulic-cylinders.net\/wp-content\/uploads\/2025\/01\/songte-bushings-with-all-kinds-of-excavator-models.webp\"><\/p>\n<h2>Z\u00e1v\u011br<\/h2>\n<p>Na\u0161e spole\u010dnost je p\u0159edn\u00edm v\u00fdrobcem a velkoobchodn\u00edm distributorem hydraulick\u00fdch v\u00e1lc\u016f a nab\u00edz\u00ed \u0161irokou \u0161k\u00e1lu produkt\u016f, kter\u00e9 uspokoj\u00ed pot\u0159eby dom\u00e1c\u00edho i mezin\u00e1rodn\u00edho trhu. S d\u016frazem na excelenci a vyu\u017eit\u00edm modern\u00edho v\u00fdrobn\u00edho za\u0159\u00edzen\u00ed a profesion\u00e1ln\u00edch testovac\u00edch syst\u00e9m\u016f se sna\u017e\u00edme poskytovat vysoce kvalitn\u00ed \u0159e\u0161en\u00ed p\u0159izp\u016fsoben\u00e1 rozmanit\u00fdm po\u017eadavk\u016fm z\u00e1kazn\u00edk\u016f. N\u00e1\u0161 z\u00e1vazek k efektivit\u011b, p\u0159esnosti a kvalit\u011b zaji\u0161\u0165uje spokojenost z\u00e1kazn\u00edk\u016f. Nab\u00edz\u00edme profesion\u00e1ln\u00ed znalosti, mezin\u00e1rodn\u00ed certifikace, slu\u017eby na m\u00edru, nejmodern\u011bj\u0161\u00ed v\u00fdrobn\u00ed za\u0159\u00edzen\u00ed a spolehlivou poprodejn\u00ed podporu.<\/p>\n<p><img decoding=\"async\" src=\"https:\/\/www.hydraulic-cylinders.net\/wp-content\/uploads\/2025\/01\/songte-company-3.webp\"><\/p>\n<p>Autor: lyl<\/p>","protected":false},"excerpt":{"rendered":"<p>Introduction The Bucket Cylinder for Sunward Large Excavator SWE500EJ is a specialized hydraulic cylinder designed to control the movement of the bucket in heavy machinery such as excavators, backhoe loaders, and wheel loaders. Its main function is to enable the lifting, lowering, and tilting of the bucket, facilitating various material handling tasks. In the hydraulic [&hellip;]<\/p>","protected":false},"featured_media":14784,"comment_status":"open","ping_status":"closed","template":"","meta":{"_et_pb_use_builder":"","_et_pb_old_content":"","_et_gb_content_width":""},"product_brand":[],"product_cat":[1494],"product_tag":[1495,1496],"class_list":{"0":"post-15526","1":"product","2":"type-product","3":"status-publish","4":"has-post-thumbnail","6":"product_cat-bucket-cylinders","7":"product_tag-bucket-cylinders","8":"product_tag-hydraulic-cylinders","10":"first","11":"instock","12":"shipping-taxable","13":"product-type-simple"},"amp_enabled":true,"_links":{"self":[{"href":"https:\/\/www.hydraulic-cylinders.net\/cs\/wp-json\/wp\/v2\/product\/15526","targetHints":{"allow":["GET"]}}],"collection":[{"href":"https:\/\/www.hydraulic-cylinders.net\/cs\/wp-json\/wp\/v2\/product"}],"about":[{"href":"https:\/\/www.hydraulic-cylinders.net\/cs\/wp-json\/wp\/v2\/types\/product"}],"replies":[{"embeddable":true,"href":"https:\/\/www.hydraulic-cylinders.net\/cs\/wp-json\/wp\/v2\/comments?post=15526"}],"wp:featuredmedia":[{"embeddable":true,"href":"https:\/\/www.hydraulic-cylinders.net\/cs\/wp-json\/wp\/v2\/media\/14784"}],"wp:attachment":[{"href":"https:\/\/www.hydraulic-cylinders.net\/cs\/wp-json\/wp\/v2\/media?parent=15526"}],"wp:term":[{"taxonomy":"product_brand","embeddable":true,"href":"https:\/\/www.hydraulic-cylinders.net\/cs\/wp-json\/wp\/v2\/product_brand?post=15526"},{"taxonomy":"product_cat","embeddable":true,"href":"https:\/\/www.hydraulic-cylinders.net\/cs\/wp-json\/wp\/v2\/product_cat?post=15526"},{"taxonomy":"product_tag","embeddable":true,"href":"https:\/\/www.hydraulic-cylinders.net\/cs\/wp-json\/wp\/v2\/product_tag?post=15526"}],"curies":[{"name":"wp","href":"https:\/\/api.w.org\/{rel}","templated":true}]}}