{"id":15532,"date":"2025-01-19T14:38:53","date_gmt":"2025-01-19T14:38:53","guid":{"rendered":"https:\/\/www.hydraulic-cylinders.net\/product\/bucket-cylinder-for-sunward-hybrid-excavator-swe350es\/"},"modified":"2025-01-19T14:38:55","modified_gmt":"2025-01-19T14:38:55","slug":"bucket-cylinder-for-sunward-hybrid-excavator-swe350es","status":"publish","type":"product","link":"https:\/\/www.hydraulic-cylinders.net\/cs\/produkt\/bucket-cylinder-for-sunward-hybrid-excavator-swe350es\/","title":{"rendered":"V\u00e1lec l\u017e\u00edce pro hybridn\u00ed bagr Sunward SWE350ES"},"content":{"rendered":"<p><!DOCTYPE html><br \/>\n<html><br \/>\n<head><br \/>\n<title>V\u00e1lec l\u017e\u00edce pro hybridn\u00ed bagr Sunward SWE350ES<\/title><br \/>\n<\/head><br \/>\n<body><\/p>\n<h1>V\u00e1lec l\u017e\u00edce pro hybridn\u00ed bagr Sunward SWE350ES<\/h1>\n<h2>Zaveden\u00ed<\/h2>\n<p>Hydraulick\u00fd v\u00e1lec kope\u010dku je speci\u00e1ln\u011b navr\u017een\u00fd hydraulick\u00fd v\u00e1lec, kter\u00fd se prim\u00e1rn\u011b pou\u017e\u00edv\u00e1 k ovl\u00e1d\u00e1n\u00ed pohybu kope\u010dk\u016f v t\u011b\u017ek\u00fdch stroj\u00edch, jako jsou bagry, rypadla-naklada\u010de a \u010deln\u00ed naklada\u010de. Jeho hlavn\u00ed funkc\u00ed je umo\u017enit kope\u010dku prov\u00e1d\u011bt zved\u00e1n\u00ed, spou\u0161t\u011bn\u00ed a nakl\u00e1p\u011bn\u00ed, co\u017e usnad\u0148uje manipulaci s r\u016fzn\u00fdmi materi\u00e1ly. V hydraulick\u00e9m syst\u00e9mu dosahuje v\u00e1lec kope\u010dku p\u0159esn\u00e9ho ovl\u00e1d\u00e1n\u00ed kope\u010dku vyu\u017eit\u00edm zm\u011bn tlaku hydraulick\u00e9ho oleje, co\u017e umo\u017e\u0148uje obsluze efektivn\u011b manipulovat s t\u011b\u017ek\u00fdmi b\u0159emeny a p\u0159izp\u016fsobovat se slo\u017eit\u00fdm pracovn\u00edm prost\u0159ed\u00edm a rozmanit\u00fdm po\u017eadavk\u016fm na pr\u00e1ci.<\/p>\n<p><img decoding=\"async\" src=\"https:\/\/www.hydraulic-cylinders.net\/wp-content\/uploads\/2025\/01\/songte-company-2.webp\" alt=\"Obr\u00e1zek v\u00e1lce kbel\u00edku\"><\/p>\n<h2>Vlastnosti v\u00e1lce kore\u010dkov\u00e9ho v\u00e1lce pro hybridn\u00ed bagr Sunward SWE350ES<\/h2>\n<ul>\n<li>Vysok\u00e1 pevnost a odolnost: V\u00e1lec kore\u010dkov\u00e9ho typu, obvykle vyroben\u00fd z vysokopevnostn\u00ed oceli nebo hlin\u00edku, odol\u00e1 vysok\u00e9mu tlaku a velk\u00e9mu zat\u00ed\u017een\u00ed, a p\u0159izp\u016fsob\u00ed se tak n\u00e1ro\u010dn\u00e9mu pracovn\u00edmu prost\u0159ed\u00ed. Konstrukce zohled\u0148uje odolnost proti opot\u0159eben\u00ed a korozi, aby se prodlou\u017eila jeho \u017eivotnost.<\/li>\n<li>Efektivn\u00ed hydraulick\u00fd provoz: Vyu\u017eit\u00edm tlaku hydraulick\u00e9ho oleje dosahuje v\u00e1lec l\u017e\u00edce plynul\u00fdch teleskopick\u00fdch pohyb\u016f, rychle reaguje na ovl\u00e1dac\u00ed povely, poskytuje siln\u00e9 tla\u010dn\u00e9 a ta\u017en\u00e9 s\u00edly a je vhodn\u00fd pro manipulaci s t\u011b\u017ek\u00fdmi b\u0159emeny a slo\u017eit\u00fdmi pracovn\u00edmi \u00fakoly.<\/li>\n<li>R\u016fzn\u00e9 typy: Podle specifick\u00fdch provozn\u00edch pot\u0159eb lze zvolit jedno\u010dinn\u00e9 (hydraulicky ovl\u00e1dan\u00e9 pouze v jednom sm\u011bru) nebo dvoj\u010dinn\u00e9 (hydraulicky ovl\u00e1dan\u00e9 v obou sm\u011brech) v\u00e1lce. N\u011bkter\u00e9 modely jsou teleskopick\u00e9, co\u017e umo\u017e\u0148uje v\u011bt\u0161\u00ed vysunut\u00ed bez zv\u011bt\u0161en\u00ed vn\u011bj\u0161\u00edch rozm\u011br\u016f, a proto jsou vhodn\u00e9 pro aplikace s omezen\u00fdm prostorem.<\/li>\n<li>Dokonal\u00e1 n\u00e1hrada: N\u00e1\u0161 produkt dok\u00e1\u017ee tyto hydraulick\u00e9 v\u00e1lce dokonale nahradit.<\/li>\n<\/ul>\n<p><img decoding=\"async\" src=\"https:\/\/www.hydraulic-cylinders.net\/wp-content\/uploads\/2025\/01\/songte-cylinder-head-with-all-kinds-excavator-models.webp\" alt=\"Obr\u00e1zek hlavy v\u00e1lc\u016f\"><\/p>\n<h2>Pou\u017eit\u00ed v\u00e1lce kore\u010dkov\u00e9ho v\u00e1lce pro hybridn\u00ed bagr Sunward SWE350ES<\/h2>\n<p>Kore\u010dkov\u00fd v\u00e1lec nach\u00e1z\u00ed uplatn\u011bn\u00ed v r\u016fzn\u00fdch za\u0159\u00edzen\u00edch:<\/p>\n<ul>\n<li>Stavebn\u00ed za\u0159\u00edzen\u00ed: Nach\u00e1zej\u00ed se v bagrech a jsou kl\u00ed\u010dov\u00e9 pro kop\u00e1n\u00ed, nakl\u00e1d\u00e1n\u00ed a p\u0159emis\u0165ov\u00e1n\u00ed zeminy nebo suti. U rypadlo-naklada\u010d\u016f pom\u00e1h\u00e1 v\u00e1lec l\u017e\u00edce jak p\u0159i kop\u00e1n\u00ed, tak p\u0159i zved\u00e1n\u00ed.<\/li>\n<li>Zem\u011bd\u011blsk\u00e9 stroje: Pou\u017e\u00edvaj\u00ed se v \u010deln\u00edch naklada\u010d\u00edch pro nab\u00edr\u00e1n\u00ed, zved\u00e1n\u00ed a p\u0159epravu p\u016fdy, sena a dal\u0161\u00edch materi\u00e1l\u016f.<\/li>\n<li>Rypadla: V\u00e1lec l\u017e\u00edce umo\u017e\u0148uje kop\u00e1n\u00ed t\u00edm, \u017ee umo\u017e\u0148uje l\u017e\u00edci proniknout do p\u016fdy.<\/li>\n<li>\u010celn\u00ed naklada\u010de: \u010celn\u00ed naklada\u010de efektivn\u011b pom\u00e1haj\u00ed p\u0159i zved\u00e1n\u00ed a vykl\u00e1dce zbo\u017e\u00ed.<\/li>\n<\/ul>\n<h2>Konstruk\u010dn\u00ed aspekty a krit\u00e9ria v\u00fdb\u011bru<\/h2>\n<p>Pokud jde o konstruk\u010dn\u00ed aspekty a krit\u00e9ria v\u00fdb\u011bru kore\u010dkov\u00fdch v\u00e1lc\u016f, je t\u0159eba zohlednit n\u011bkolik faktor\u016f:<\/p>\n<ul>\n<li>\u00danosnost: V\u00e1lec by m\u011bl b\u00fdt navr\u017een tak, aby odolal zam\u00fd\u0161len\u00e9mu zat\u00ed\u017een\u00ed a provozn\u00edm podm\u00ednk\u00e1m.<\/li>\n<li>T\u011bsn\u011bn\u00ed: Pou\u017e\u00edvaj\u00ed se r\u016fzn\u00e9 t\u011bsnic\u00ed komponenty, jako jsou t\u011bsn\u011bn\u00ed p\u00edst\u016f a p\u00edstnic. Tato t\u011bsn\u011bn\u00ed jsou vyrobena z materi\u00e1l\u016f odoln\u00fdch proti opot\u0159eben\u00ed, jako je polyuretan a nitrilov\u00e1 pry\u017e. T\u011bleso v\u00e1lce a z\u00e1vitov\u00e9 koncov\u00e9 plochy jsou jemn\u011b opracov\u00e1ny pro zv\u00fd\u0161en\u00ed odolnosti proti opot\u0159eben\u00ed.<\/li>\n<li>Odolnost: V\u00e1lec kore\u010dkov\u00e9ho v\u00e1lce je navr\u017een tak, aby byl odoln\u00fd a odolal opot\u0159eben\u00ed p\u0159i n\u00e1ro\u010dn\u00fdch aplikac\u00edch.<\/li>\n<li>Bezpe\u010dnost: Sou\u010d\u00e1st\u00ed konstrukce jsou bezpe\u010dnostn\u00ed prvky, kter\u00e9 zaji\u0161\u0165uj\u00ed bezpe\u010dn\u00fd provoz kore\u010dkov\u00e9ho v\u00e1lce.<\/li>\n<li>\u00dadr\u017eba: Je kladen d\u016fraz na snadnou \u00fadr\u017ebu a opravy kore\u010dkov\u00e9ho v\u00e1lce.<\/li>\n<\/ul>\n<p><img decoding=\"async\" src=\"https:\/\/www.hydraulic-cylinders.net\/wp-content\/uploads\/2025\/01\/songte-oil-pipes-and-spare-parts.webp\" alt=\"Obr\u00e1zek olejov\u00fdch trubek a n\u00e1hradn\u00edch d\u00edl\u016f\"><\/p>\n<h2>T\u011bsn\u011bn\u00ed a maz\u00e1n\u00ed v\u00e1lce kore\u010dkov\u00e9ho v\u00e1lce<\/h2>\n<p>Kore\u010dkov\u00fd v\u00e1lec vyu\u017e\u00edv\u00e1 r\u016fzn\u00e9 t\u011bsnic\u00ed komponenty, v\u010detn\u011b t\u011bsn\u011bn\u00ed p\u00edstu a t\u011bsn\u011bn\u00ed p\u00edstnice, kter\u00e9 jsou vyrobeny z materi\u00e1l\u016f odoln\u00fdch proti opot\u0159eben\u00ed, jako je polyuretan a nitrilov\u00e1 pry\u017e. T\u011bleso v\u00e1lce a z\u00e1vitov\u00e9 koncov\u00e9 plochy jsou jemn\u011b opracov\u00e1ny pro zlep\u0161en\u00ed odolnosti proti opot\u0159eben\u00ed. Pro zaji\u0161t\u011bn\u00ed hladk\u00e9ho provozu je nezbytn\u00e9 pravideln\u00e9 maz\u00e1n\u00ed vhodn\u00fdm hydraulick\u00fdm olejem.<\/p>\n<h2>\u00dadr\u017eba a preventivn\u00ed opat\u0159en\u00ed<\/h2>\n<p>Pravideln\u00e1 kontrola a preventivn\u00ed \u00fadr\u017eba jsou nezbytn\u00e9 pro optim\u00e1ln\u00ed v\u00fdkon a dlouhou \u017eivotnost kore\u010dkov\u00e9ho v\u00e1lce. Mezi doporu\u010den\u00e1 opat\u0159en\u00ed pat\u0159\u00ed:<\/p>\n<ul>\n<li>Pravideln\u00e9 kontroly: Zkontrolujte v\u00e1lec lopaty, zda nevykazuje zn\u00e1mky opot\u0159eben\u00ed nebo po\u0161kozen\u00ed.<\/li>\n<li>Spr\u00e1vn\u00e9 maz\u00e1n\u00ed: Zajist\u011bte, aby byl v\u00e1lec lopaty \u0159\u00e1dn\u011b promaz\u00e1n, aby se zabr\u00e1nilo nadm\u011brn\u00e9mu opot\u0159eben\u00ed.<\/li>\n<li>V\u00fdm\u011bna t\u011bsn\u011bn\u00ed: T\u011bsn\u011bn\u00ed vym\u011b\u0148ujte v p\u0159\u00edpad\u011b pot\u0159eby pro zachov\u00e1n\u00ed spr\u00e1vn\u00e9 funkce.<\/li>\n<li>Kontroly kalibrace: Pravideln\u011b kontrolujte a kalibrujte v\u00e1lec lopaty, abyste zajistili jeho p\u0159esn\u00fd provoz.<\/li>\n<\/ul>\n<p><img decoding=\"async\" src=\"https:\/\/www.hydraulic-cylinders.net\/wp-content\/uploads\/2025\/01\/songte-chushion-collar.webp\" alt=\"Obr\u00e1zek obojku Chushion\"><\/p>\n<h2>Bezpe\u010dnostn\u00ed aspekty a faktory prost\u0159ed\u00ed<\/h2>\n<p>P\u0159i pou\u017e\u00edv\u00e1n\u00ed kore\u010dkov\u00e9ho v\u00e1lce je d\u016fle\u017eit\u00e9 up\u0159ednostnit bezpe\u010dnostn\u00ed opat\u0159en\u00ed, aby se p\u0159ede\u0161lo nehod\u00e1m a zajistilo bezpe\u010dn\u00e9 pracovn\u00ed prost\u0159ed\u00ed. D\u016fle\u017eit\u00e9 je tak\u00e9 zv\u00e1\u017eit faktory ochrany \u017eivotn\u00edho prost\u0159ed\u00ed, jako je spr\u00e1vn\u00e1 likvidace hydraulick\u00fdch kapalin a dodr\u017eov\u00e1n\u00ed environment\u00e1ln\u00edch p\u0159edpis\u016f.<\/p>\n<h2>Odstra\u0148ov\u00e1n\u00ed probl\u00e9m\u016f a b\u011b\u017en\u00e9 probl\u00e9my<\/h2>\n<p>Pokud naraz\u00edte na probl\u00e9my s v\u00e1lcem kore\u010dkov\u00e9ho motoru, metody odstra\u0148ov\u00e1n\u00ed probl\u00e9m\u016f a jejich \u0159e\u0161en\u00ed mohou pomoci diagnostikovat a efektivn\u011b vy\u0159e\u0161it probl\u00e9my. Mezi tipy a \u0159e\u0161en\u00ed pat\u0159\u00ed:<\/p>\n<ul>\n<li>Pravideln\u00e9 kontroly: Prov\u00e1d\u011bjte pravideln\u00e9 kontroly, abyste odhalili potenci\u00e1ln\u00ed probl\u00e9my d\u0159\u00edve, ne\u017e se zhor\u0161\u00ed.<\/li>\n<li>Spr\u00e1vn\u00e9 \u0159e\u0161en\u00ed probl\u00e9m\u016f: Dodr\u017eujte spr\u00e1vn\u00e9 postupy pro \u0159e\u0161en\u00ed probl\u00e9m\u016f, abyste probl\u00e9my p\u0159esn\u011b diagnostikovali a vy\u0159e\u0161ili.<\/li>\n<li>Preventivn\u00ed opat\u0159en\u00ed: Zav\u00e1d\u011bjte preventivn\u00ed opat\u0159en\u00ed k minimalizaci potenci\u00e1ln\u00edch probl\u00e9m\u016f.<\/li>\n<\/ul>\n<p><img decoding=\"async\" src=\"https:\/\/www.hydraulic-cylinders.net\/wp-content\/uploads\/2025\/01\/songte-bushings-with-all-kinds-of-excavator-models.webp\" alt=\"Obr\u00e1zek pouzder\"><\/p>\n<h2>O na\u0161\u00ed spole\u010dnosti<\/h2>\n<p>Jsme p\u0159edn\u00edm v\u00fdrobcem a velkoobchodn\u00edm distributorem hydraulick\u00fdch v\u00e1lc\u016f na dom\u00e1c\u00edm i mezin\u00e1rodn\u00edm trhu. Nab\u00edz\u00edme \u0161irokou \u0161k\u00e1lu produkt\u016f a jsme hrd\u00ed na n\u00e1\u0161 z\u00e1vazek k vynikaj\u00edc\u00ed kvalit\u011b. D\u00edky modern\u00ed v\u00fdrobn\u00ed d\u00edln\u011b, t\u00fdmu kvalifikovan\u00fdch odborn\u00edk\u016f, modern\u00edmu v\u00fdrobn\u00edmu za\u0159\u00edzen\u00ed a profesion\u00e1ln\u00edmu testovac\u00edmu syst\u00e9mu neust\u00e1le vylep\u0161ujeme na\u0161i v\u00fdrobn\u00ed platformu a v\u00fdrobn\u00ed linku pro zaji\u0161t\u011bn\u00ed kvality produkt\u016f. M\u00e1me silnou v\u00fdrobn\u00ed kapacitu a sna\u017e\u00edme se uspokojovat rozmanit\u00e9 pot\u0159eby na\u0161ich z\u00e1kazn\u00edk\u016f s efektivitou, p\u0159esnost\u00ed a vysoce kvalitn\u00edmi produkty.<\/p>\n<p><img decoding=\"async\" src=\"https:\/\/www.hydraulic-cylinders.net\/wp-content\/uploads\/2025\/01\/songte-company-3.webp\" alt=\"Image spole\u010dnosti\"><\/p>\n<h3>Hlavn\u00ed body na\u0161\u00ed spole\u010dnosti:<\/h3>\n<ul>\n<li>Profesionalita: V na\u0161\u00ed \u010dinnosti dodr\u017eujeme vysok\u00e9 standardy profesionality.<\/li>\n<li>Mezin\u00e1rodn\u00ed certifikace: Na\u0161e v\u00fdrobky spl\u0148uj\u00ed mezin\u00e1rodn\u00ed certifikace a normy kvality.<\/li>\n<li>Slu\u017eby p\u0159izp\u016fsoben\u00ed: Nab\u00edz\u00edme \u0159e\u0161en\u00ed na m\u00edru, kter\u00e1 spl\u0148uj\u00ed specifick\u00e9 po\u017eadavky z\u00e1kazn\u00edka.<\/li>\n<li>Pokro\u010dil\u00e9 v\u00fdrobn\u00ed za\u0159\u00edzen\u00ed: Pro vysoce kvalitn\u00ed v\u00fdrobu vyu\u017e\u00edv\u00e1me pokro\u010dil\u00e9 v\u00fdrobn\u00ed za\u0159\u00edzen\u00ed.<\/li>\n<li>Poprodejn\u00ed servis: Poskytujeme komplexn\u00ed poprodejn\u00ed servis pro zaji\u0161t\u011bn\u00ed spokojenosti z\u00e1kazn\u00edk\u016f.<\/li>\n<\/ul>\n<p>Autor: lyl<\/p>\n<p><\/body><br \/>\n<\/html><\/p>","protected":false},"excerpt":{"rendered":"<p>Bucket Cylinder For Sunward Hybrid Excavator SWE350ES Bucket Cylinder For Sunward Hybrid Excavator SWE350ES Introduction A bucket cylinder is a specially designed hydraulic cylinder that is primarily used to control the movement of buckets in heavy machinery such as excavators, backhoe loaders, and front-end loaders. Its main function is to enable the bucket to perform [&hellip;]<\/p>","protected":false},"featured_media":14771,"comment_status":"open","ping_status":"closed","template":"","meta":{"_et_pb_use_builder":"","_et_pb_old_content":"","_et_gb_content_width":""},"product_brand":[],"product_cat":[1494],"product_tag":[1495,1496],"class_list":{"0":"post-15532","1":"product","2":"type-product","3":"status-publish","4":"has-post-thumbnail","6":"product_cat-bucket-cylinders","7":"product_tag-bucket-cylinders","8":"product_tag-hydraulic-cylinders","10":"first","11":"instock","12":"shipping-taxable","13":"product-type-simple"},"amp_enabled":true,"_links":{"self":[{"href":"https:\/\/www.hydraulic-cylinders.net\/cs\/wp-json\/wp\/v2\/product\/15532","targetHints":{"allow":["GET"]}}],"collection":[{"href":"https:\/\/www.hydraulic-cylinders.net\/cs\/wp-json\/wp\/v2\/product"}],"about":[{"href":"https:\/\/www.hydraulic-cylinders.net\/cs\/wp-json\/wp\/v2\/types\/product"}],"replies":[{"embeddable":true,"href":"https:\/\/www.hydraulic-cylinders.net\/cs\/wp-json\/wp\/v2\/comments?post=15532"}],"wp:featuredmedia":[{"embeddable":true,"href":"https:\/\/www.hydraulic-cylinders.net\/cs\/wp-json\/wp\/v2\/media\/14771"}],"wp:attachment":[{"href":"https:\/\/www.hydraulic-cylinders.net\/cs\/wp-json\/wp\/v2\/media?parent=15532"}],"wp:term":[{"taxonomy":"product_brand","embeddable":true,"href":"https:\/\/www.hydraulic-cylinders.net\/cs\/wp-json\/wp\/v2\/product_brand?post=15532"},{"taxonomy":"product_cat","embeddable":true,"href":"https:\/\/www.hydraulic-cylinders.net\/cs\/wp-json\/wp\/v2\/product_cat?post=15532"},{"taxonomy":"product_tag","embeddable":true,"href":"https:\/\/www.hydraulic-cylinders.net\/cs\/wp-json\/wp\/v2\/product_tag?post=15532"}],"curies":[{"name":"wp","href":"https:\/\/api.w.org\/{rel}","templated":true}]}}