{"id":15543,"date":"2025-01-19T14:39:41","date_gmt":"2025-01-19T14:39:41","guid":{"rendered":"https:\/\/www.hydraulic-cylinders.net\/product\/bucket-cylinder-for-lishide-middle-excavator-sc270-8lc\/"},"modified":"2025-01-19T14:39:49","modified_gmt":"2025-01-19T14:39:49","slug":"bucket-cylinder-for-lishide-middle-excavator-sc270-8lc","status":"publish","type":"product","link":"https:\/\/www.hydraulic-cylinders.net\/cs\/produkt\/bucket-cylinder-for-lishide-middle-excavator-sc270-8lc\/","title":{"rendered":"V\u00e1lec l\u017e\u00edce pro st\u0159edn\u00ed bagr Lishide SC270.8LC"},"content":{"rendered":"<h1>V\u00e1lec l\u017e\u00edce pro st\u0159edn\u00ed bagr Lishide SC270.8LC<\/h1>\n<p>Zaveden\u00ed:<\/p>\n<h2>Definice kore\u010dkov\u00e9ho v\u00e1lce<\/h2>\n<p>Hydraulick\u00fd v\u00e1lec l\u017e\u00edce je speci\u00e1ln\u011b navr\u017een\u00fd hydraulick\u00fd v\u00e1lec pou\u017e\u00edvan\u00fd k ovl\u00e1d\u00e1n\u00ed pohybu l\u017e\u00edce v t\u011b\u017ek\u00fdch stroj\u00edch, jako jsou rypadla, r\u00fdpadlo-naklada\u010de a \u010deln\u00ed naklada\u010de. Jeho hlavn\u00ed funkc\u00ed je umo\u017enit zved\u00e1n\u00ed, spou\u0161t\u011bn\u00ed a nakl\u00e1p\u011bn\u00ed l\u017e\u00edce, co\u017e usnad\u0148uje r\u016fzn\u00e9 \u00fakoly manipulace s materi\u00e1lem. V hydraulick\u00e9m syst\u00e9mu dosahuje v\u00e1lec l\u017e\u00edce p\u0159esn\u00e9ho ovl\u00e1d\u00e1n\u00ed l\u017e\u00edce zm\u011bnami tlaku hydraulick\u00e9ho oleje, co\u017e umo\u017e\u0148uje obsluze efektivn\u011b manipulovat s t\u011b\u017ek\u00fdmi b\u0159emeny a p\u0159izp\u016fsobovat se slo\u017eit\u00fdm pracovn\u00edm prost\u0159ed\u00edm a rozmanit\u00fdm provozn\u00edm pot\u0159eb\u00e1m.<\/p>\n<p><img decoding=\"async\" src=\"https:\/\/www.hydraulic-cylinders.net\/wp-content\/uploads\/2025\/01\/songte-company-2.webp\"><\/p>\n<h2>Vlastnosti kore\u010dkov\u00e9ho v\u00e1lce<\/h2>\n<ol>\n<li>Vysok\u00e1 pevnost a trvanlivost: Obvykle je vyroben z vysokopevnostn\u00ed oceli nebo hlin\u00edku, odol\u00e1 vysok\u00e9mu tlaku a velk\u00e9mu zat\u00ed\u017een\u00ed, a p\u0159izp\u016fsob\u00ed se tak n\u00e1ro\u010dn\u00fdm pracovn\u00edm prost\u0159ed\u00edm. Konstrukce zohled\u0148uje odolnost proti opot\u0159eben\u00ed a korozi, \u010d\u00edm\u017e prodlu\u017euje \u017eivotnost.<\/li>\n<li>Efektivn\u00ed hydraulick\u00fd provoz: Vyu\u017e\u00edv\u00e1 tlak hydraulick\u00e9ho oleje k dosa\u017een\u00ed plynul\u00e9ho vysouv\u00e1n\u00ed a smr\u0161\u0165ov\u00e1n\u00ed, dok\u00e1\u017ee rychle reagovat na \u0159\u00eddic\u00ed povely a poskytovat siln\u00e9 tla\u010dn\u00e9 a ta\u017en\u00e9 s\u00edly vhodn\u00e9 pro manipulaci s t\u011b\u017ek\u00fdmi b\u0159emeny a slo\u017eit\u00fdmi \u00fakoly.<\/li>\n<li>R\u016fzn\u00e9 typy: Kore\u010dkov\u00e9 v\u00e1lce lze volit jako jedno\u010dinn\u00e9 (hydraulicky ovl\u00e1dan\u00e9 pouze v jednom sm\u011bru) nebo dvoj\u010dinn\u00e9 (hydraulicky ovl\u00e1dan\u00e9 v obou sm\u011brech) podle pot\u0159eb a spl\u0148uj\u00edc\u00edch r\u016fzn\u00e9 provozn\u00ed po\u017eadavky. N\u011bkter\u00e9 modely jsou teleskopick\u00e9, co\u017e umo\u017e\u0148uje v\u011bt\u0161\u00ed vysunut\u00ed bez zv\u011bt\u0161en\u00ed vn\u011bj\u0161\u00edch rozm\u011br\u016f, a jsou vhodn\u00e9 pro aplikace s omezen\u00fdm prostorem.<\/li>\n<li>Dokonal\u00e1 n\u00e1hrada: Na\u0161e produkty dok\u00e1\u017e\u00ed tyto hydraulick\u00e9 v\u00e1lce dokonale nahradit.<\/li>\n<\/ol>\n<p><img decoding=\"async\" src=\"https:\/\/www.hydraulic-cylinders.net\/wp-content\/uploads\/2025\/01\/songte-cylinder-head-with-all-kinds-excavator-models.webp\"><\/p>\n<h2>Aplikace kore\u010dkov\u00e9ho v\u00e1lce<\/h2>\n<ul>\n<li>Stavebn\u00ed stroje: Nach\u00e1zej\u00ed se v bagrech a jsou kl\u00ed\u010dov\u00e9 pro kop\u00e1n\u00ed, nakl\u00e1d\u00e1n\u00ed a p\u0159emis\u0165ov\u00e1n\u00ed zeminy nebo suti. U rypadlo-naklada\u010d\u016f pom\u00e1haj\u00ed kore\u010dkov\u00e9 v\u00e1lce jak p\u0159i v\u00fdkopu, tak p\u0159i zved\u00e1n\u00ed.<\/li>\n<li>Zem\u011bd\u011blsk\u00e9 stroje: Pou\u017e\u00edvaj\u00ed se v \u010deln\u00edch naklada\u010d\u00edch pro nab\u00edr\u00e1n\u00ed, zved\u00e1n\u00ed a p\u0159epravu p\u016fdy, sena a dal\u0161\u00edch materi\u00e1l\u016f.<\/li>\n<li>Rypadla: V\u00e1lce kore\u010dk\u016f dosahuj\u00ed kop\u00e1n\u00ed t\u00edm, \u017ee umo\u017e\u0148uj\u00ed kore\u010dce proniknout do p\u016fdy.<\/li>\n<li>Naklada\u010de: \u010celn\u00ed naklada\u010de pom\u00e1haj\u00ed efektivn\u011b zvedat a vykl\u00e1dat zbo\u017e\u00ed.<\/li>\n<\/ul>\n<p>Roz\u0161\u00ed\u0159en\u00e9 popisy pro ka\u017edou aplikaci:<\/p>\n<h3>Stavebn\u00ed stroje<\/h3>\n<p>Kore\u010dkov\u00e9 v\u00e1lce hraj\u00ed v bagrech z\u00e1sadn\u00ed roli, proto\u017ee jim umo\u017e\u0148uj\u00ed kopat hluboko do zem\u011b, nab\u00edrat vykopan\u00fd materi\u00e1l a zvedat ho pro p\u0159epravu. U r\u00fdpadel-naklada\u010d\u016f pom\u00e1haj\u00ed kore\u010dkov\u00e9 v\u00e1lce jak p\u0159i kop\u00e1n\u00ed, tak p\u0159i zved\u00e1n\u00ed, co\u017e z nich \u010din\u00ed v\u0161estrann\u00e9 stroje pro stavebn\u00ed projekty.<\/p>\n<h3>Zem\u011bd\u011blsk\u00e9 stroje<\/h3>\n<p>\u010celn\u00ed naklada\u010de vybaven\u00e9 kore\u010dkov\u00fdmi v\u00e1lci se b\u011b\u017en\u011b pou\u017e\u00edvaj\u00ed v zem\u011bd\u011blstv\u00ed. Umo\u017e\u0148uj\u00ed naklada\u010d\u016fm nab\u00edrat p\u016fdu, seno a dal\u0161\u00ed materi\u00e1ly pro \u00fakoly, jako je \u00faprava krajiny, manipulace s krmivem pro zv\u00ed\u0159ata a b\u011b\u017en\u00e9 zem\u011bd\u011blsk\u00e9 operace.<\/p>\n<h3>Bagry<\/h3>\n<p>V\u00e1lce kore\u010dk\u016f v bagrech umo\u017e\u0148uj\u00ed efektivn\u00ed pronik\u00e1n\u00ed kore\u010dk\u016f do p\u016fdy, co\u017e umo\u017e\u0148uje hlouben\u00ed v\u00fdkop\u016f, z\u00e1klad\u016f a dal\u0161\u00edch zemn\u00edch prac\u00ed. D\u00edky hydraulick\u00e9 s\u00edle mohou obsluha p\u0159esn\u011b ovl\u00e1dat pohyb kore\u010dk\u016f a prov\u00e1d\u011bt p\u0159esn\u00e9 v\u00fdkopov\u00e9 pr\u00e1ce.<\/p>\n<h3>Naklada\u010de<\/h3>\n<p>U \u010deln\u00edch naklada\u010d\u016f usnad\u0148uj\u00ed kore\u010dkov\u00e9 v\u00e1lce zved\u00e1n\u00ed a vykl\u00e1dkov\u00e1n\u00ed r\u016fzn\u00e9ho zbo\u017e\u00ed. A\u0165 u\u017e se jedn\u00e1 o nakl\u00e1d\u00e1n\u00ed materi\u00e1l\u016f na n\u00e1kladn\u00ed automobily, p\u0159epravu sypk\u00fdch p\u0159edm\u011bt\u016f nebo manipulaci se stavebn\u00ed sutinou, kore\u010dkov\u00e9 v\u00e1lce poskytuj\u00ed pot\u0159ebn\u00fd v\u00fdkon a ovl\u00e1d\u00e1n\u00ed pro efektivn\u00ed nakl\u00e1dac\u00ed a vykl\u00e1dac\u00ed operace.<\/p>\n<p><img decoding=\"async\" src=\"https:\/\/www.hydraulic-cylinders.net\/wp-content\/uploads\/2025\/01\/songte-oil-pipes-and-spare-parts.webp\"><\/p>\n<h2>Konstruk\u010dn\u00ed aspekty a krit\u00e9ria v\u00fdb\u011bru<\/h2>\n<ol>\n<li>\u00danosnost: V\u00e1lec kore\u010dkov\u00e9ho v\u00e1lce je navr\u017een tak, aby odolal t\u011b\u017ek\u00fdm n\u00e1klad\u016fm a pracoval pod vysok\u00fdm tlakem.<\/li>\n<li>T\u011bsn\u011bn\u00ed: K zaji\u0161t\u011bn\u00ed \u00fa\u010dinn\u00e9ho ut\u011bsn\u011bn\u00ed a zabr\u00e1n\u011bn\u00ed \u00faniku se pou\u017e\u00edvaj\u00ed r\u016fzn\u00e9 t\u011bsnic\u00ed komponenty, jako jsou t\u011bsn\u011bn\u00ed p\u00edst\u016f a t\u011bsn\u011bn\u00ed p\u00edstnic.<\/li>\n<li>Trvanlivost: T\u011bleso v\u00e1lce a z\u00e1vitov\u00e9 konce jsou pe\u010dliv\u011b o\u0161et\u0159eny pro zv\u00fd\u0161en\u00ed odolnosti proti opot\u0159eben\u00ed a trvanlivosti.<\/li>\n<li>Bezpe\u010dnost: Bezpe\u010dnostn\u00ed prvky, jako jsou p\u0159etlakov\u00e9 ventily, jsou zabudov\u00e1ny k ochran\u011b lahve p\u0159ed nadm\u011brn\u00fdm tlakem a potenci\u00e1ln\u00edm nebezpe\u010d\u00edm.<\/li>\n<li>\u00dadr\u017eba: Konstrukce umo\u017e\u0148uje snadnou \u00fadr\u017ebu s p\u0159\u00edstupn\u00fdmi komponenty a jasn\u00fdmi pokyny pro postupy \u00fadr\u017eby.<\/li>\n<\/ol>\n<p><img decoding=\"async\" src=\"https:\/\/www.hydraulic-cylinders.net\/wp-content\/uploads\/2025\/01\/songte-bushings-with-all-kinds-of-excavator-models.webp\"><\/p>\n<h2>T\u011bsn\u011bn\u00ed a maz\u00e1n\u00ed v\u00e1lce kore\u010dkov\u00e9ho v\u00e1lce<\/h2>\n<p>Kore\u010dkov\u00fd v\u00e1lec vyu\u017e\u00edv\u00e1 r\u016fzn\u00e9 t\u011bsnic\u00ed prvky, jako jsou t\u011bsn\u011bn\u00ed p\u00edstu a p\u00edstnice, kter\u00e9 jsou vyrobeny z materi\u00e1l\u016f odoln\u00fdch proti opot\u0159eben\u00ed, jako je polyuretan a nitrilov\u00e1 pry\u017e. T\u011bleso v\u00e1lce a z\u00e1vitov\u00e9 koncov\u00e9 plochy jsou jemn\u011b o\u0161et\u0159eny pro zlep\u0161en\u00ed odolnosti proti opot\u0159eben\u00ed. Pravideln\u00e9 maz\u00e1n\u00ed vhodn\u00fdm mno\u017estv\u00edm hydraulick\u00e9ho oleje je nezbytn\u00e9 pro zaji\u0161t\u011bn\u00ed plynul\u00e9ho provozu a prodlou\u017een\u00ed \u017eivotnosti v\u00e1lce.<\/p>\n<h2>Pravideln\u00e1 kontrola a preventivn\u00ed \u00fadr\u017eba<\/h2>\n<p>Pro zaji\u0161t\u011bn\u00ed optim\u00e1ln\u00edho v\u00fdkonu a dlouh\u00e9 \u017eivotnosti kore\u010dkov\u00e9ho v\u00e1lce jsou z\u00e1sadn\u00ed pravideln\u00e9 kontroly a preventivn\u00ed \u00fadr\u017eba. M\u011bla by b\u00fdt p\u0159ijata n\u00e1sleduj\u00edc\u00ed opat\u0159en\u00ed:<\/p>\n<ul>\n<li>Zkontrolujte v\u00e1lec, zda nevykazuje zn\u00e1mky net\u011bsnosti, abnorm\u00e1ln\u00edho opot\u0159eben\u00ed nebo po\u0161kozen\u00ed.<\/li>\n<li>\u0158\u00e1dn\u011b proma\u017ete v\u0161echny pohybliv\u00e9 \u010d\u00e1sti a ujist\u011bte se, \u017ee hydraulick\u00fd syst\u00e9m je bez ne\u010distot.<\/li>\n<li>Opot\u0159ebovan\u00e1 nebo po\u0161kozen\u00e1 t\u011bsn\u011bn\u00ed ihned vym\u011b\u0148te, aby byla zaji\u0161t\u011bna spr\u00e1vn\u00e1 t\u011bsnost.<\/li>\n<li>Pro zaji\u0161t\u011bn\u00ed p\u0159esn\u00e9ho provozu prove\u010fte kalibra\u010dn\u00ed kontroly.<\/li>\n<\/ul>\n<p><img decoding=\"async\" src=\"https:\/\/www.hydraulic-cylinders.net\/wp-content\/uploads\/2025\/01\/songte-chushion-collar.webp\"><\/p>\n<h2>Aspekty bezpe\u010dnosti produkt\u016f a faktory prost\u0159ed\u00ed<\/h2>\n<p>P\u0159i obsluze kore\u010dkov\u00e9ho v\u00e1lce je d\u016fle\u017eit\u00e9 dodr\u017eovat spr\u00e1vn\u00e1 bezpe\u010dnostn\u00ed opat\u0159en\u00ed, aby se p\u0159ede\u0161lo nehod\u00e1m a zajistila se osobn\u00ed bezpe\u010dnost. Nezbytn\u00e9 je odpov\u00eddaj\u00edc\u00ed \u0161kolen\u00ed, pochopen\u00ed omezen\u00ed za\u0159\u00edzen\u00ed a dodr\u017eov\u00e1n\u00ed bezpe\u010dnostn\u00edch p\u0159edpis\u016f. Aby se zabr\u00e1nilo mo\u017en\u00e9mu po\u0161kozen\u00ed v\u00e1lce a zajistil se optim\u00e1ln\u00ed v\u00fdkon, je t\u0159eba zohlednit tak\u00e9 faktory prost\u0159ed\u00ed, jako je teplota a vlhkost.<\/p>\n<h2>Odstra\u0148ov\u00e1n\u00ed probl\u00e9m\u016f a b\u011b\u017en\u00e9 probl\u00e9my<\/h2>\n<p>Navzdory sv\u00e9 spolehlivosti se u kore\u010dkov\u00fdch v\u00e1lc\u016f mohou vyskytovat probl\u00e9my, kter\u00e9 ovliv\u0148uj\u00ed jejich v\u00fdkon. Mezi b\u011b\u017en\u00e9 probl\u00e9my pat\u0159\u00ed net\u011bsnost, nedostate\u010dn\u00fd v\u00fdkon a nepravideln\u00e9 pohyby. Pro pomoc \u010dten\u00e1\u0159\u016fm s diagnostikou a \u0159e\u0161en\u00edm probl\u00e9m\u016f uv\u00e1d\u00edme n\u00e1sleduj\u00edc\u00ed tipy a \u0159e\u0161en\u00ed:<\/p>\n<ul>\n<li>Tip 1: Zkontrolujte hydraulick\u00e9 net\u011bsnosti a neprodlen\u011b je odstra\u0148te.<\/li>\n<li>Tip 2: Zajist\u011bte, aby hydraulick\u00fd syst\u00e9m m\u011bl dostate\u010dn\u00fd tlak a hladinu kapaliny.<\/li>\n<li>Tip 3: Zkontrolujte t\u011bsn\u011bn\u00ed v\u00e1lce a v p\u0159\u00edpad\u011b pot\u0159eby je vym\u011b\u0148te.<\/li>\n<li>Tip 4: Ov\u011b\u0159te \u0159\u00eddic\u00ed p\u0159\u00edkazy a zkontrolujte, zda nefunguj\u00ed n\u011bjak\u00e9 vadn\u00e9 komponenty.<\/li>\n<li>Preventivn\u00ed opat\u0159en\u00ed: Pravideln\u00e1 \u00fadr\u017eba a kontroly mohou pomoci minimalizovat potenci\u00e1ln\u00ed probl\u00e9my a \u0159e\u0161it je d\u0159\u00edve, ne\u017e se zhor\u0161\u00ed.<\/li>\n<\/ul>\n<p><img decoding=\"async\" src=\"https:\/\/www.hydraulic-cylinders.net\/wp-content\/uploads\/2025\/01\/songte-company-1.webp\"><\/p>\n<p>Nezapome\u0148te \u010dl\u00e1nek logicky uspo\u0159\u00e1dat, pou\u017e\u00edvat podnadpisy pro snadnou navigaci, za\u010dlenit relevantn\u00ed obr\u00e1zky nebo grafy pro lep\u0161\u00ed pochopen\u00ed a zajistit, aby obsah byl jasn\u00fd, stru\u010dn\u00fd a vhodn\u00fd pro \u010dten\u00e1\u0159e s r\u016fznou \u00farovn\u00ed technick\u00fdch znalost\u00ed.<\/p>\n<h2>O na\u0161\u00ed spole\u010dnosti<\/h2>\n<p>Jsme v\u00fdrobcem n\u00e1hradn\u00edch hydraulick\u00fdch v\u00e1lc\u016f a nab\u00edz\u00edme komplexn\u00ed sortiment produkt\u016f. Stali jsme se jedn\u00edm z p\u0159edn\u00edch v\u00fdrobc\u016f a velkoobchodn\u00edch distributor\u016f hydraulick\u00fdch v\u00e1lc\u016f na dom\u00e1c\u00edm i mezin\u00e1rodn\u00edm trhu. Na\u0161e spole\u010dnost se \u0159\u00edd\u00ed z\u00e1sadami vynikaj\u00edc\u00ed kvality a spol\u00e9h\u00e1 na strategii \u0159\u00edzen\u00ed pr\u016fmyslov\u00e9 v\u00fdroby zalo\u017eenou na kultivovan\u00e9 v\u00fdrobn\u00ed d\u00edln\u011b. Se zam\u011b\u0159en\u00edm na technologick\u00e9 talenty, nejmodern\u011bj\u0161\u00ed v\u00fdrobn\u00ed za\u0159\u00edzen\u00ed a profesion\u00e1ln\u00ed testovac\u00ed syst\u00e9my neust\u00e1le vylep\u0161ujeme na\u0161i v\u00fdrobn\u00ed platformu, zdokonalujeme v\u00fdrobn\u00ed postupy pro dosa\u017een\u00ed kvalitn\u00edch produkt\u016f a disponujeme siln\u00fdmi tv\u016fr\u010d\u00edmi schopnostmi. Sna\u017e\u00edme se uspokojovat r\u016fzn\u00e9 pot\u0159eby z\u00e1kazn\u00edk\u016f s vysokou efektivitou, p\u0159esnost\u00ed a kvalitou.<\/<\/p>","protected":false},"excerpt":{"rendered":"<p>Bucket Cylinder For Lishide Middle Excavator SC270.8LC Introduction: Definition of Bucket Cylinder The bucket cylinder is a specially designed hydraulic cylinder used to control the movement of the bucket in heavy machinery such as excavators, backhoe loaders, and front loaders. Its main function is to enable the bucket to lift, lower, and tilt, making it [&hellip;]<\/p>","protected":false},"featured_media":14780,"comment_status":"open","ping_status":"closed","template":"","meta":{"_et_pb_use_builder":"","_et_pb_old_content":"","_et_gb_content_width":""},"product_brand":[],"product_cat":[1494],"product_tag":[1495,1496],"class_list":{"0":"post-15543","1":"product","2":"type-product","3":"status-publish","4":"has-post-thumbnail","6":"product_cat-bucket-cylinders","7":"product_tag-bucket-cylinders","8":"product_tag-hydraulic-cylinders","10":"first","11":"instock","12":"shipping-taxable","13":"product-type-simple"},"amp_enabled":true,"_links":{"self":[{"href":"https:\/\/www.hydraulic-cylinders.net\/cs\/wp-json\/wp\/v2\/product\/15543","targetHints":{"allow":["GET"]}}],"collection":[{"href":"https:\/\/www.hydraulic-cylinders.net\/cs\/wp-json\/wp\/v2\/product"}],"about":[{"href":"https:\/\/www.hydraulic-cylinders.net\/cs\/wp-json\/wp\/v2\/types\/product"}],"replies":[{"embeddable":true,"href":"https:\/\/www.hydraulic-cylinders.net\/cs\/wp-json\/wp\/v2\/comments?post=15543"}],"wp:featuredmedia":[{"embeddable":true,"href":"https:\/\/www.hydraulic-cylinders.net\/cs\/wp-json\/wp\/v2\/media\/14780"}],"wp:attachment":[{"href":"https:\/\/www.hydraulic-cylinders.net\/cs\/wp-json\/wp\/v2\/media?parent=15543"}],"wp:term":[{"taxonomy":"product_brand","embeddable":true,"href":"https:\/\/www.hydraulic-cylinders.net\/cs\/wp-json\/wp\/v2\/product_brand?post=15543"},{"taxonomy":"product_cat","embeddable":true,"href":"https:\/\/www.hydraulic-cylinders.net\/cs\/wp-json\/wp\/v2\/product_cat?post=15543"},{"taxonomy":"product_tag","embeddable":true,"href":"https:\/\/www.hydraulic-cylinders.net\/cs\/wp-json\/wp\/v2\/product_tag?post=15543"}],"curies":[{"name":"wp","href":"https:\/\/api.w.org\/{rel}","templated":true}]}}