{"id":15569,"date":"2025-01-19T14:41:41","date_gmt":"2025-01-19T14:41:41","guid":{"rendered":"https:\/\/www.hydraulic-cylinders.net\/product\/bucket-cylinder-for-liugong-small-excavator-clg915d\/"},"modified":"2025-01-19T14:41:43","modified_gmt":"2025-01-19T14:41:43","slug":"bucket-cylinder-for-liugong-small-excavator-clg915d","status":"publish","type":"product","link":"https:\/\/www.hydraulic-cylinders.net\/cs\/produkt\/bucket-cylinder-for-liugong-small-excavator-clg915d\/","title":{"rendered":"V\u00e1lec kope\u010dku pro mal\u00e9 rypadlo Liugong CLG915D"},"content":{"rendered":"<h1>V\u00e1lec kope\u010dku pro mal\u00e9 rypadlo Liugong CLG915D<\/h1>\n<h2>Zaveden\u00ed<\/h2>\n<p>Hydraulick\u00fd v\u00e1lec kore\u010dkov\u00e9 l\u017e\u00edce je specializovan\u00fd hydraulick\u00fd v\u00e1lec ur\u010den\u00fd p\u0159edev\u0161\u00edm k ovl\u00e1d\u00e1n\u00ed pohybu kore\u010dk\u016f v t\u011b\u017ek\u00fdch stroj\u00edch, jako jsou bagry, rypadla-naklada\u010de a \u010deln\u00ed naklada\u010de. Jeho hlavn\u00ed funkc\u00ed je umo\u017enit zved\u00e1n\u00ed, spou\u0161t\u011bn\u00ed a nakl\u00e1p\u011bn\u00ed kore\u010dkov\u00e9 l\u017e\u00edce, co\u017e usnad\u0148uje p\u0159epravu r\u016fzn\u00fdch materi\u00e1l\u016f. V hydraulick\u00e9m syst\u00e9mu dosahuje v\u00e1lec kore\u010dkov\u00e9 l\u017e\u00edce p\u0159esn\u00e9ho ovl\u00e1d\u00e1n\u00ed kore\u010dkov\u00e9 l\u017e\u00edce zm\u011bnami tlaku hydraulick\u00e9ho oleje, co\u017e umo\u017e\u0148uje obsluze efektivn\u011b manipulovat s t\u011b\u017ek\u00fdmi b\u0159emeny a p\u0159izp\u016fsobovat se slo\u017eit\u00fdm pracovn\u00edm prost\u0159ed\u00edm a rozmanit\u00fdm provozn\u00edm po\u017eadavk\u016fm.<\/p>\n<p><img decoding=\"async\" src=\"https:\/\/www.hydraulic-cylinders.net\/wp-content\/uploads\/2025\/01\/songte-company-2.webp\" alt=\"Kbel\u00edkov\u00fd v\u00e1lec\"><\/p>\n<h2>Funkce<\/h2>\n<ul>\n<li>Vysok\u00e1 pevnost a odolnost: obvykle vyrobeny z vysokopevnostn\u00ed oceli nebo hlin\u00edku, schopny odolat vysok\u00e9mu tlaku a t\u011b\u017ek\u00e9mu zat\u00ed\u017een\u00ed a navr\u017eeny s ohledem na odolnost proti opot\u0159eben\u00ed a korozi, \u010d\u00edm\u017e se prodlu\u017euje \u017eivotnost.<\/li>\n<li>Efektivn\u00ed hydraulick\u00fd provoz: vyu\u017eit\u00ed tlaku hydraulick\u00e9ho oleje k dosa\u017een\u00ed plynul\u00e9ho vysouv\u00e1n\u00ed a zasouv\u00e1n\u00ed, schopnost rychl\u00e9 reakce na \u0159\u00eddic\u00ed povely, zaji\u0161t\u011bn\u00ed siln\u00e9 tla\u010dn\u00e9 a ta\u017en\u00e9 s\u00edly, vhodn\u00e9 pro manipulaci s t\u011b\u017ek\u00fdmi b\u0159emeny a slo\u017eit\u00e9 provozn\u00ed \u00fakoly.<\/li>\n<li>R\u016fzn\u00e9 typy: jedno\u010dinn\u00e9 (s hydraulikou pouze v jednom sm\u011bru) nebo dvoj\u010dinn\u00e9 (s hydraulikou ve dvou sm\u011brech) v\u00e1lce lze zvolit dle provozn\u00edch pot\u0159eb, n\u011bkter\u00e9 modely jsou teleskopick\u00e9, co\u017e umo\u017e\u0148uje v\u011bt\u0161\u00ed v\u00fdsuv bez zv\u011bt\u0161en\u00ed vn\u011bj\u0161\u00edch rozm\u011br\u016f, vhodn\u00e9 pro aplikace s omezen\u00fdm prostorem.<\/li>\n<li>P\u0159\u00edm\u00e1 n\u00e1hrada: na\u0161e produkty dok\u00e1\u017e\u00ed tyto hydraulick\u00e9 v\u00e1lce dokonale nahradit.<\/li>\n<\/ul>\n<p><img decoding=\"async\" src=\"https:\/\/www.hydraulic-cylinders.net\/wp-content\/uploads\/2025\/01\/songte-cylinder-head-with-all-kinds-excavator-models.webp\" alt=\"Hydraulick\u00fd v\u00e1lec\"><\/p>\n<h2>Aplikace<\/h2>\n<p>Kore\u010dkov\u00fd v\u00e1lec se \u0161iroce pou\u017e\u00edv\u00e1 v n\u00e1sleduj\u00edc\u00edch odv\u011btv\u00edch:<\/p>\n<ul>\n<li>Stavebn\u00ed stroje: u bagr\u016f jsou nezbytn\u00e9 pro kop\u00e1n\u00ed, nakl\u00e1d\u00e1n\u00ed a p\u0159emis\u0165ov\u00e1n\u00ed zeminy nebo suti. U rypadlo-naklada\u010d\u016f pom\u00e1haj\u00ed kore\u010dkov\u00e9 v\u00e1lce jak p\u0159i v\u00fdkopu, tak p\u0159i zved\u00e1n\u00ed. <\/li>\n<li>Zem\u011bd\u011blsk\u00e9 stroje: pou\u017e\u00edvaj\u00ed se v \u010deln\u00edch naklada\u010d\u00edch k nab\u00edr\u00e1n\u00ed, zved\u00e1n\u00ed a p\u0159eprav\u011b p\u016fdy, sena a dal\u0161\u00edch materi\u00e1l\u016f. <\/li>\n<li>Rypadla: v\u00e1lce kore\u010dk\u016f dosahuj\u00ed kop\u00e1n\u00ed t\u00edm, \u017ee umo\u017e\u0148uj\u00ed kore\u010dce proniknout do p\u016fdy. <\/li>\n<li>Naklada\u010de: u \u010deln\u00edch naklada\u010d\u016f pom\u00e1haj\u00ed efektivn\u011b zvedat a vykl\u00e1dat n\u00e1klad. <\/li>\n<\/ul>\n<h2>Konstruk\u010dn\u00ed aspekty a krit\u00e9ria v\u00fdb\u011bru<\/h2>\n<p>Z konstruk\u010dn\u00edch hledisek, jako je \u00fanosnost, t\u011bsn\u011bn\u00ed, trvanlivost, bezpe\u010dnost a \u00fadr\u017eba, je t\u0159eba hydraulick\u00e9 v\u00e1lce spr\u00e1vn\u011b navrhnout a vybrat tak, aby spl\u0148ovaly provozn\u00ed po\u017eadavky:<\/p>\n<ul>\n<li>\u00danosnost: hydraulick\u00fd v\u00e1lec mus\u00ed b\u00fdt schopen un\u00e9st maxim\u00e1ln\u00ed zat\u00ed\u017een\u00ed, kter\u00e9mu bude b\u011bhem provozu vystaven.<\/li>\n<li>T\u011bsn\u011bn\u00ed: pou\u017e\u00edvaj\u00ed se r\u016fzn\u00e9 t\u011bsnic\u00ed prvky, jako jsou t\u011bsn\u011bn\u00ed p\u00edst\u016f, t\u011bsn\u011bn\u00ed p\u00edstnic atd., a t\u011bsnic\u00ed materi\u00e1ly, jako je polyuretan a nitrilov\u00e1 pry\u017e, se vyb\u00edraj\u00ed pro svou odolnost proti opot\u0159eben\u00ed.<\/li>\n<li>Trvanlivost: t\u011blesa v\u00e1lc\u016f a z\u00e1vity jsou jemn\u011b opracov\u00e1ny pro zlep\u0161en\u00ed odolnosti proti opot\u0159eben\u00ed a pro prodlou\u017een\u00ed \u017eivotnosti se pou\u017e\u00edvaj\u00ed vhodn\u00e1 maziva.<\/li>\n<li>Bezpe\u010dnost: k prevenci nehod se pou\u017e\u00edvaj\u00ed bezpe\u010dnostn\u00ed za\u0159\u00edzen\u00ed, jako jsou pojistn\u00e9 ventily.<\/li>\n<li>\u00dadr\u017eba: Doporu\u010duje se pravideln\u00e1 kontrola, testov\u00e1n\u00ed a \u00fadr\u017eba, aby se identifikovaly potenci\u00e1ln\u00ed probl\u00e9my a zabr\u00e1nilo se prostoj\u016fm.<\/li>\n<\/ul>\n<p><img decoding=\"async\" src=\"https:\/\/www.hydraulic-cylinders.net\/wp-content\/uploads\/2025\/01\/songte-oil-pipes-and-spare-parts.webp\" alt=\"Sou\u010d\u00e1sti hydraulick\u00e9ho v\u00e1lce\"><\/p>\n<h2>T\u011bsn\u011bn\u00ed a maz\u00e1n\u00ed<\/h2>\n<p>Pou\u017e\u00edvaj\u00ed se r\u016fzn\u00e9 t\u011bsnic\u00ed prvky, jako jsou t\u011bsn\u011bn\u00ed p\u00edst\u016f, t\u011bsn\u011bn\u00ed p\u00edstnic atd., a t\u011bsnic\u00ed materi\u00e1ly, jako je polyuretan a nitrilov\u00e1 pry\u017e, se vyb\u00edraj\u00ed pro svou odolnost proti opot\u0159eben\u00ed. T\u011blesa v\u00e1lc\u016f a z\u00e1vity se jemn\u011b opracov\u00e1vaj\u00ed pro zlep\u0161en\u00ed odolnosti proti opot\u0159eben\u00ed a pro prodlou\u017een\u00ed \u017eivotnosti se pou\u017e\u00edvaj\u00ed vhodn\u00e1 maziva.<\/p>\n<h2>Inspekce, \u00fadr\u017eba a opravy<\/h2>\n<p>Pro zaji\u0161t\u011bn\u00ed spr\u00e1vn\u00e9ho provozu a prodlou\u017een\u00ed \u017eivotnosti se doporu\u010duje pravideln\u00e1 kontrola, maz\u00e1n\u00ed a kalibrace. Mezi b\u011b\u017en\u00e9 \u00fakony \u00fadr\u017eby pat\u0159\u00ed:<\/p>\n<ul>\n<li>Pravideln\u00e1 kontrola t\u011blesa v\u00e1lce, p\u00edstu, ty\u010de a dal\u0161\u00edch sou\u010d\u00e1st\u00ed, zda nejsou opot\u0159ebov\u00e1ny nebo po\u0161kozeny.<\/li>\n<li>Spr\u00e1vn\u00e9 maz\u00e1n\u00ed t\u011bsn\u011bn\u00ed, z\u00e1vit\u016f a dal\u0161\u00edch pohybliv\u00fdch \u010d\u00e1st\u00ed.<\/li>\n<li>V\u00fdm\u011bna opot\u0159ebovan\u00fdch nebo po\u0161kozen\u00fdch t\u011bsn\u011bn\u00ed a dal\u0161\u00edch sou\u010d\u00e1st\u00ed, jako\u017e i kalibra\u010dn\u00ed kontroly pro zaji\u0161t\u011bn\u00ed spr\u00e1vn\u00e9 funkce.<\/li>\n<\/ul>\n<p><img decoding=\"async\" src=\"https:\/\/www.hydraulic-cylinders.net\/wp-content\/uploads\/2025\/01\/songte-chushion-collar.webp\" alt=\"Instalace hydraulick\u00e9ho v\u00e1lce\"><\/p>\n<h2>Bezpe\u010dnostn\u00ed aspekty a faktory prost\u0159ed\u00ed<\/h2>\n<p>P\u0159i pou\u017e\u00edv\u00e1n\u00ed hydraulick\u00fdch v\u00e1lc\u016f jsou d\u016fle\u017eit\u00e1 bezpe\u010dnostn\u00ed opat\u0159en\u00ed. Obsluha by m\u011bla b\u00fdt \u0159\u00e1dn\u011b pro\u0161kolen\u00e1 a dodr\u017eovat bezpe\u010dnostn\u00ed pokyny a p\u0159edpisy. Je t\u0159eba zohlednit tak\u00e9 faktory prost\u0159ed\u00ed, jako je teplota, vlhkost a prach, proto\u017ee ty mohou ovlivnit v\u00fdkon a \u017eivotnost hydraulick\u00fdch v\u00e1lc\u016f.<\/p>\n<h2>Odstra\u0148ov\u00e1n\u00ed probl\u00e9m\u016f a b\u011b\u017en\u00e9 probl\u00e9my<\/h2>\n<p>Mezi b\u011b\u017en\u00e9 probl\u00e9my s hydraulick\u00fdmi v\u00e1lci pat\u0159\u00ed net\u011bsnosti, neschopnost vysunout nebo zasunout a sn\u00ed\u017een\u00e1 nosnost. Tipy a \u0159e\u0161en\u00ed probl\u00e9m\u016f zahrnuj\u00ed:<\/p>\n<ul>\n<li>Identifikace net\u011bsnost\u00ed a v\u00fdm\u011bna opot\u0159ebovan\u00fdch nebo po\u0161kozen\u00fdch t\u011bsn\u011bn\u00ed.<\/li>\n<li>Kontrola hladiny hydraulick\u00e9 kapaliny a v\u00fdm\u011bna kontaminovan\u00e9 kapaliny.<\/li>\n<li>Kontrola hydraulick\u00fdch potrub\u00ed a armatur, zda nejsou po\u0161kozen\u00e9 nebo ucpan\u00e9.<\/li>\n<li>Kontrola bezpe\u010dnostn\u00edch za\u0159\u00edzen\u00ed a kalibrace pojistn\u00fdch ventil\u016f.<\/li>\n<\/ul>\n<p><img decoding=\"async\" src=\"https:\/\/www.hydraulic-cylinders.net\/wp-content\/uploads\/2025\/01\/songte-bushings-with-all-kinds-of-excavator-models.webp\" alt=\"Sou\u010d\u00e1sti hydraulick\u00e9ho v\u00e1lce\"><\/p>\n<h2>O na\u0161\u00ed spole\u010dnosti<\/h2>\n<p>Jsme v\u00fdrobcem n\u00e1hradn\u00edch hydraulick\u00fdch v\u00e1lc\u016f s kompletn\u00ed nab\u00eddkou produkt\u016f a stali jsme se jedn\u00edm z p\u0159edn\u00edch v\u00fdrobc\u016f a velkoobchodn\u00edch distributor\u016f hydraulick\u00fdch v\u00e1lc\u016f na dom\u00e1c\u00edm i mezin\u00e1rodn\u00edm trhu. \u0158\u00edd\u00edme se principem vynikaj\u00edc\u00ed kvality a spol\u00e9h\u00e1me se na strategii \u0159\u00edzen\u00ed pr\u016fmyslov\u00e9 v\u00fdroby v jemn\u00fdch v\u00fdrobn\u00edch d\u00edln\u00e1ch, neust\u00e1l\u00e9 zlep\u0161ov\u00e1n\u00ed v\u00fdrobn\u00edch platforem a zdokonalov\u00e1n\u00ed v\u00fdrobn\u00edch postup\u016f pro dosa\u017een\u00ed kvality produkt\u016f. M\u00e1me silnou schopnost vytv\u00e1\u0159et vysoce \u00fa\u010dinn\u00e9, vysoce p\u0159esn\u00e9 a vysoce kvalitn\u00ed produkty, kter\u00e9 spl\u0148uj\u00ed rozmanit\u00e9 pot\u0159eby z\u00e1kazn\u00edk\u016f.<\/p>\n<p>Na\u0161e spole\u010dnost poskytuje profesion\u00e1ln\u00ed, mezin\u00e1rodn\u011b certifikovan\u00e9, zak\u00e1zkov\u00e9 slu\u017eby, modern\u00ed v\u00fdrobn\u00ed za\u0159\u00edzen\u00ed a poprodejn\u00ed servis.<\/p>\n<p><img decoding=\"async\" src=\"https:\/\/hzpt.com\/wp-content\/uploads\/2024\/11\/songte-company-1.webp\" alt=\"Image spole\u010dnosti\"><\/p>\n<p>Autor: lyl.<\/p>","protected":false},"excerpt":{"rendered":"<p>Bucket Cylinder For Liugong Small Excavator CLG915D Introduction The bucket cylinder is a specialized hydraulic cylinder designed primarily to control the movement of buckets in heavy machinery such as excavators, backhoe loaders, and front-end loaders. Its main function is to enable the bucket to lift, lower, and tilt, making it easier to transport various materials. [&hellip;]<\/p>","protected":false},"featured_media":14787,"comment_status":"open","ping_status":"closed","template":"","meta":{"_et_pb_use_builder":"","_et_pb_old_content":"","_et_gb_content_width":""},"product_brand":[],"product_cat":[1494],"product_tag":[1495,1496],"class_list":{"0":"post-15569","1":"product","2":"type-product","3":"status-publish","4":"has-post-thumbnail","6":"product_cat-bucket-cylinders","7":"product_tag-bucket-cylinders","8":"product_tag-hydraulic-cylinders","10":"first","11":"instock","12":"shipping-taxable","13":"product-type-simple"},"amp_enabled":true,"_links":{"self":[{"href":"https:\/\/www.hydraulic-cylinders.net\/cs\/wp-json\/wp\/v2\/product\/15569","targetHints":{"allow":["GET"]}}],"collection":[{"href":"https:\/\/www.hydraulic-cylinders.net\/cs\/wp-json\/wp\/v2\/product"}],"about":[{"href":"https:\/\/www.hydraulic-cylinders.net\/cs\/wp-json\/wp\/v2\/types\/product"}],"replies":[{"embeddable":true,"href":"https:\/\/www.hydraulic-cylinders.net\/cs\/wp-json\/wp\/v2\/comments?post=15569"}],"wp:featuredmedia":[{"embeddable":true,"href":"https:\/\/www.hydraulic-cylinders.net\/cs\/wp-json\/wp\/v2\/media\/14787"}],"wp:attachment":[{"href":"https:\/\/www.hydraulic-cylinders.net\/cs\/wp-json\/wp\/v2\/media?parent=15569"}],"wp:term":[{"taxonomy":"product_brand","embeddable":true,"href":"https:\/\/www.hydraulic-cylinders.net\/cs\/wp-json\/wp\/v2\/product_brand?post=15569"},{"taxonomy":"product_cat","embeddable":true,"href":"https:\/\/www.hydraulic-cylinders.net\/cs\/wp-json\/wp\/v2\/product_cat?post=15569"},{"taxonomy":"product_tag","embeddable":true,"href":"https:\/\/www.hydraulic-cylinders.net\/cs\/wp-json\/wp\/v2\/product_tag?post=15569"}],"curies":[{"name":"wp","href":"https:\/\/api.w.org\/{rel}","templated":true}]}}