{"id":15572,"date":"2025-01-19T14:42:00","date_gmt":"2025-01-19T14:42:00","guid":{"rendered":"https:\/\/www.hydraulic-cylinders.net\/product\/bucket-cylinder-for-liugong-small-excavator-clg910e\/"},"modified":"2025-01-19T14:42:02","modified_gmt":"2025-01-19T14:42:02","slug":"bucket-cylinder-for-liugong-small-excavator-clg910e","status":"publish","type":"product","link":"https:\/\/www.hydraulic-cylinders.net\/cs\/produkt\/bucket-cylinder-for-liugong-small-excavator-clg910e\/","title":{"rendered":"V\u00e1lec kope\u010dku pro mal\u00e9 rypadlo Liugong CLG910E"},"content":{"rendered":"<h1>V\u00e1lec kore\u010dkov\u00e9ho v\u00e1lce pro mal\u00e9 rypadlo Liugong CLG910E<\/h1>\n<h2>Zaveden\u00ed<\/h2>\n<p>Hydraulick\u00fd v\u00e1lec kope\u010dku je speci\u00e1ln\u011b navr\u017een\u00fd hydraulick\u00fd v\u00e1lec pou\u017e\u00edvan\u00fd k ovl\u00e1d\u00e1n\u00ed pohybu kope\u010dk\u016f v t\u011b\u017ek\u00fdch stroj\u00edch, jako jsou bagry, rypadla a \u010deln\u00ed naklada\u010de. Jeho hlavn\u00ed funkc\u00ed je umo\u017enit zved\u00e1n\u00ed, spou\u0161t\u011bn\u00ed a nakl\u00e1p\u011bn\u00ed kope\u010dku pro snadnou manipulaci s r\u016fzn\u00fdmi materi\u00e1ly. V hydraulick\u00e9m syst\u00e9mu v\u00e1lec kope\u010dku vyu\u017e\u00edv\u00e1 zm\u011bnu tlaku hydraulick\u00e9ho oleje k dosa\u017een\u00ed p\u0159esn\u00e9ho ovl\u00e1d\u00e1n\u00ed kope\u010dku, co\u017e umo\u017e\u0148uje obsluze efektivn\u011b manipulovat s t\u011b\u017ek\u00fdmi p\u0159edm\u011bty a p\u0159izp\u016fsobovat se slo\u017eit\u00e9mu pracovn\u00edmu prost\u0159ed\u00ed a rozmanit\u00fdm po\u017eadavk\u016fm na pr\u00e1ci.<\/p>\n<p><img decoding=\"async\" src=\"https:\/\/www.hydraulic-cylinders.net\/wp-content\/uploads\/2025\/01\/songte-company-2.webp\" alt=\"Kbel\u00edkov\u00fd v\u00e1lec\"><\/p>\n<h2>Funkce<\/h2>\n<ul>\n<li>Vysok\u00e1 pevnost a odolnost: Obvykle je vyroben z vysokopevnostn\u00ed oceli nebo hlin\u00edku, odol\u00e1 vysok\u00e9mu tlaku a t\u011b\u017ek\u00e9mu zat\u00ed\u017een\u00ed, p\u0159izp\u016fsob\u00ed se n\u00e1ro\u010dn\u00e9mu pracovn\u00edmu prost\u0159ed\u00ed a je navr\u017een s ohledem na odolnost proti opot\u0159eben\u00ed a korozi, co\u017e prodlu\u017euje jeho \u017eivotnost.<\/li>\n<li>Efektivn\u00ed hydraulick\u00fd provoz: Vyu\u017e\u00edv\u00e1 tlak hydraulick\u00e9ho oleje k dosa\u017een\u00ed plynul\u00e9ho vysouv\u00e1n\u00ed a zasouv\u00e1n\u00ed, rychle reaguje na ovl\u00e1dac\u00ed povely, poskytuje siln\u00e9 tla\u010dn\u00e9 a ta\u017en\u00e9 s\u00edly a je vhodn\u00fd pro manipulaci s t\u011b\u017ek\u00fdmi p\u0159edm\u011bty a slo\u017eit\u00e9 pracovn\u00ed \u00fakoly.<\/li>\n<li>R\u016fzn\u00e9 typy: Podle po\u017eadavk\u016f lze vybrat jedno\u010dinn\u00e9 (hydraulicky ovl\u00e1dan\u00e9 pouze v jednom sm\u011bru) nebo dvoj\u010dinn\u00e9 (hydraulicky ovl\u00e1dan\u00e9 v obou sm\u011brech) v\u00e1lce, aby bylo mo\u017en\u00e9 splnit r\u016fzn\u00e9 provozn\u00ed pot\u0159eby. N\u011bkter\u00e9 modely jsou teleskopick\u00e9, co\u017e umo\u017e\u0148uje v\u011bt\u0161\u00ed v\u00fdsuv bez zv\u011bt\u0161en\u00ed vn\u011bj\u0161\u00edch rozm\u011br\u016f, a proto jsou vhodn\u00e9 pro aplikace s omezen\u00fdm prostorem.<\/li>\n<li>Vym\u011bniteln\u00e9: Na\u0161e produkty dok\u00e1\u017e\u00ed tyto hydraulick\u00e9 v\u00e1lce dokonale nahradit.<\/li>\n<\/ul>\n<p><img decoding=\"async\" src=\"https:\/\/www.hydraulic-cylinders.net\/wp-content\/uploads\/2025\/01\/songte-cylinder-head-with-all-kinds-excavator-models.webp\" alt=\"Modely v\u00e1lc\u016f s kope\u010dkem\"><\/p>\n<h2>Aplikace<\/h2>\n<p>Kore\u010dkov\u00fd v\u00e1lec se \u0161iroce pou\u017e\u00edv\u00e1 v r\u016fzn\u00fdch stroj\u00edch v r\u016fzn\u00fdch aplikac\u00edch, jako nap\u0159\u00edklad:<\/p>\n<ul>\n<li>Stavebn\u00ed za\u0159\u00edzen\u00ed: Nach\u00e1z\u00ed se v bagrech a je kl\u00ed\u010dov\u00e9 pro kop\u00e1n\u00ed, nakl\u00e1d\u00e1n\u00ed a p\u0159emis\u0165ov\u00e1n\u00ed zeminy nebo suti. U rypadlo-naklada\u010d\u016f pom\u00e1h\u00e1 v\u00e1lec l\u017e\u00edce p\u0159i kop\u00e1n\u00ed i zved\u00e1n\u00ed. <\/li>\n<li>Zem\u011bd\u011blsk\u00e9 stroje: Pou\u017e\u00edvaj\u00ed se v \u010deln\u00edch naklada\u010d\u00edch pro sb\u011br, zved\u00e1n\u00ed a p\u0159epravu zeminy, sena a dal\u0161\u00edch materi\u00e1l\u016f. <\/li>\n<li>Rypadla: V\u00e1lec l\u017e\u00edce umo\u017e\u0148uje kop\u00e1n\u00ed t\u00edm, \u017ee umo\u017e\u0148uje l\u017e\u00edci proniknout do p\u016fdy. <\/li>\n<li>Naklada\u010de: U \u010deln\u00edch naklada\u010d\u016f pom\u00e1haj\u00ed efektivn\u011b zvedat a vykl\u00e1dat n\u00e1klad. <\/li>\n<\/ul>\n<h2>Konstruk\u010dn\u00ed aspekty a krit\u00e9ria v\u00fdb\u011bru<\/h2>\n<ul>\n<li>Nosnost: V\u00e1lec mus\u00ed b\u00fdt schopen un\u00e9st zat\u00ed\u017een\u00ed a b\u00fdt navr\u017een s ohledem na pevnost.<\/li>\n<li>T\u011bsn\u011bn\u00ed: Pou\u017eit\u00ed r\u016fzn\u00fdch t\u011bsnic\u00edch prvk\u016f, jako jsou t\u011bsn\u011bn\u00ed p\u00edst\u016f, t\u011bsn\u011bn\u00ed p\u00edstnic atd., je d\u016fle\u017eit\u00e9 pro prevenci \u00faniku a zaji\u0161t\u011bn\u00ed spr\u00e1vn\u00e9ho provozu.<\/li>\n<li>Trvanlivost: V\u00e1lec mus\u00ed b\u00fdt schopen odolat n\u00e1ro\u010dn\u00e9mu prost\u0159ed\u00ed a hrub\u00e9mu pou\u017e\u00edv\u00e1n\u00ed bez selh\u00e1n\u00ed.<\/li>\n<li>Bezpe\u010dnost: N\u00e1vrh by m\u011bl zohled\u0148ovat bezpe\u010dnostn\u00ed opat\u0159en\u00ed, aby se zabr\u00e1nilo nehod\u00e1m b\u011bhem provozu.<\/li>\n<li>\u00dadr\u017eba: V\u00e1lec by m\u011bl b\u00fdt snadno udr\u017eovateln\u00fd a v p\u0159\u00edpad\u011b po\u0161kozen\u00ed by m\u011bl umo\u017e\u0148ovat snadnou opravu.<\/li>\n<\/ul>\n<p><img decoding=\"async\" src=\"https:\/\/www.hydraulic-cylinders.net\/wp-content\/uploads\/2025\/01\/songte-oil-pipes-and-spare-parts.webp\" alt=\"\u010c\u00e1sti v\u00e1lce\"><\/p>\n<h2>T\u011bsn\u011bn\u00ed a maz\u00e1n\u00ed<\/h2>\n<p>V\u00e1lec pou\u017e\u00edv\u00e1 r\u016fzn\u00e9 t\u011bsnic\u00ed prvky, jako jsou t\u011bsn\u011bn\u00ed p\u00edstu, t\u011bsn\u011bn\u00ed p\u00edstnice atd., vyroben\u00e9 z materi\u00e1l\u016f odoln\u00fdch proti opot\u0159eben\u00ed, jako je polyuretan, nitrilov\u00e1 pry\u017e atd. T\u011bleso v\u00e1lce a z\u00e1vitov\u00e9 konce jsou jemn\u011b opracov\u00e1ny pro zlep\u0161en\u00ed odolnosti proti opot\u0159eben\u00ed. Pravideln\u00e9 dopl\u0148ov\u00e1n\u00ed spr\u00e1vn\u00e9ho mno\u017estv\u00ed hydraulick\u00e9ho oleje je nezbytn\u00e9 pro spr\u00e1vn\u00fd provoz.<\/p>\n<h2>\u00dadr\u017eba a opravy<\/h2>\n<p>Pravideln\u00e1 \u00fadr\u017eba a v\u010dasn\u00e9 opravy mohou prodlou\u017eit \u017eivotnost v\u00e1lce. Mezi n\u011bkter\u00e9 \u00fakony \u00fadr\u017eby pat\u0159\u00ed:<\/p>\n<ul>\n<li>Pravideln\u00e1 kontrola<\/li>\n<li>Spr\u00e1vn\u00e9 maz\u00e1n\u00ed<\/li>\n<li>V\u00fdm\u011bna t\u011bsn\u011bn\u00ed<\/li>\n<\/ul>\n<p>Spr\u00e1vn\u00e1 instalace, maz\u00e1n\u00ed a se\u0159\u00edzen\u00ed jsou d\u016fle\u017eit\u00e9 pro zaji\u0161t\u011bn\u00ed spr\u00e1vn\u00e9ho provozu v\u00e1lce. B\u011bhem instalace se doporu\u010duje dodr\u017eovat spr\u00e1vn\u00e9 pokyny pro vyrovn\u00e1n\u00ed. Doporu\u010duje se tak\u00e9 pou\u017eit\u00ed vhodn\u00fdch mont\u00e1\u017en\u00edch konzol k zaji\u0161t\u011bn\u00ed v\u00e1lce. Doporu\u010dujeme dodr\u017eovat doporu\u010den\u00e9 postupy kontroly, opravy a v\u00fdm\u011bny a nab\u00edzet n\u00e1hradn\u00ed d\u00edly a repase, aby se prodlou\u017eila \u017eivotnost v\u00e1lce.<\/p>\n<p><img decoding=\"async\" src=\"https:\/\/www.hydraulic-cylinders.net\/wp-content\/uploads\/2025\/01\/songte-chushion-collar.webp\" alt=\"V\u00e1lcov\u00fd l\u00edmec\"><\/p>\n<h2>Bezpe\u010dnostn\u00ed a environment\u00e1ln\u00ed aspekty<\/h2>\n<p>Dodr\u017eov\u00e1n\u00ed spr\u00e1vn\u00fdch bezpe\u010dnostn\u00edch opat\u0159en\u00ed b\u011bhem provozu je d\u016fle\u017eit\u00e9, aby se p\u0159ede\u0161lo nehod\u00e1m. S lahv\u00ed by m\u011bl manipulovat a obsluhovat ji vy\u0161kolen\u00fd person\u00e1l. Faktory prost\u0159ed\u00ed, jako je teplota, vlhkost atd., mohou ovlivnit v\u00fdkon lahve, proto je vhodn\u00e9 se t\u011bmto podm\u00ednk\u00e1m vyhnout.<\/p>\n<h2>Odstra\u0148ov\u00e1n\u00ed probl\u00e9m\u016f a b\u011b\u017en\u00e9 probl\u00e9my<\/h2>\n<p>Mezi b\u011b\u017en\u00e9 probl\u00e9my, kter\u00e9 mohou nastat, pat\u0159\u00ed:<\/p>\n<ul>\n<li>\u00danik<\/li>\n<li>Pomal\u00fd provoz<\/li>\n<li>Neschopnost zvedat t\u011b\u017ek\u00e1 b\u0159emena<\/li>\n<\/ul>\n<p>Spr\u00e1vn\u00e1 diagnostika a v\u010dasn\u00e9 opravy jsou nezbytn\u00e9 pro prevenci dal\u0161\u00edho po\u0161kozen\u00ed. Pravideln\u00e1 kontrola a preventivn\u00ed \u00fadr\u017eba mohou sn\u00ed\u017eit pravd\u011bpodobnost vzniku takov\u00fdch probl\u00e9m\u016f.<\/p>\n<p><img decoding=\"async\" src=\"https:\/\/www.hydraulic-cylinders.net\/wp-content\/uploads\/2025\/01\/songte-bushings-with-all-kinds-of-excavator-models.webp\" alt=\"Pouzdra v\u00e1lc\u016f\"><\/p>\n<h2>O n\u00e1s<\/h2>\n<p>Jsme v\u00fdrobcem n\u00e1hradn\u00edch hydraulick\u00fdch v\u00e1lc\u016f se \u0161irokou \u0161k\u00e1lou produkt\u016f. Stali jsme se jedn\u00edm z p\u0159edn\u00edch v\u00fdrobc\u016f a velkoobchodn\u00edch distributor\u016f hydraulick\u00fdch v\u00e1lc\u016f na dom\u00e1c\u00edm i mezin\u00e1rodn\u00edm trhu. \u0158\u00edd\u00edme se principem vynikaj\u00edc\u00ed kvality, spol\u00e9h\u00e1me na strategie \u0159\u00edzen\u00ed pr\u016fmyslov\u00e9 v\u00fdroby v jemn\u00fdch v\u00fdrobn\u00edch d\u00edln\u00e1ch, neust\u00e1le vylep\u0161ujeme v\u00fdrobn\u00ed platformu d\u00edlny, zdokonalujeme v\u00fdrobn\u00ed postupy pro zaji\u0161t\u011bn\u00ed kvality produkt\u016f a disponujeme silnou kreativitou, efektivn\u00ed, p\u0159esnou a vysoce kvalitn\u00ed v\u00fdrobou, abychom splnili rozmanit\u00e9 pot\u0159eby z\u00e1kazn\u00edk\u016f.<\/p>\n<p><img decoding=\"async\" src=\"https:\/\/hzpt.com\/wp-content\/uploads\/2024\/11\/songte-company-1.webp\" alt=\"Image spole\u010dnosti\"><\/p>\n<p>Na\u0161e spole\u010dnost poskytuje profesion\u00e1ln\u00ed, mezin\u00e1rodn\u011b certifikovan\u00e9 a zak\u00e1zkov\u00e9 slu\u017eby. Disponujeme modern\u00edm v\u00fdrobn\u00edm za\u0159\u00edzen\u00edm, technologiemi a profesion\u00e1ln\u00edmi testovac\u00edmi syst\u00e9my. Nab\u00edz\u00edme vynikaj\u00edc\u00ed poprodejn\u00ed slu\u017eby, abychom uspokojili po\u017eadavky na\u0161ich z\u00e1kazn\u00edk\u016f.<\/p>\n<p>Autor: lyl.<\/p>","protected":false},"excerpt":{"rendered":"<p>Bucket Cylinder for Liugong Small Excavator CLG910E Introduction A bucket cylinder is a specially designed hydraulic cylinder used to control the movement of buckets in heavy machinery like excavators, backhoes, and front-end loaders. Its main function is to allow the bucket to lift, lower, and tilt for easy handling of various materials. In the hydraulic [&hellip;]<\/p>","protected":false},"featured_media":14782,"comment_status":"open","ping_status":"closed","template":"","meta":{"_et_pb_use_builder":"","_et_pb_old_content":"","_et_gb_content_width":""},"product_brand":[],"product_cat":[1494],"product_tag":[1495,1496],"class_list":{"0":"post-15572","1":"product","2":"type-product","3":"status-publish","4":"has-post-thumbnail","6":"product_cat-bucket-cylinders","7":"product_tag-bucket-cylinders","8":"product_tag-hydraulic-cylinders","10":"first","11":"instock","12":"shipping-taxable","13":"product-type-simple"},"amp_enabled":true,"_links":{"self":[{"href":"https:\/\/www.hydraulic-cylinders.net\/cs\/wp-json\/wp\/v2\/product\/15572","targetHints":{"allow":["GET"]}}],"collection":[{"href":"https:\/\/www.hydraulic-cylinders.net\/cs\/wp-json\/wp\/v2\/product"}],"about":[{"href":"https:\/\/www.hydraulic-cylinders.net\/cs\/wp-json\/wp\/v2\/types\/product"}],"replies":[{"embeddable":true,"href":"https:\/\/www.hydraulic-cylinders.net\/cs\/wp-json\/wp\/v2\/comments?post=15572"}],"wp:featuredmedia":[{"embeddable":true,"href":"https:\/\/www.hydraulic-cylinders.net\/cs\/wp-json\/wp\/v2\/media\/14782"}],"wp:attachment":[{"href":"https:\/\/www.hydraulic-cylinders.net\/cs\/wp-json\/wp\/v2\/media?parent=15572"}],"wp:term":[{"taxonomy":"product_brand","embeddable":true,"href":"https:\/\/www.hydraulic-cylinders.net\/cs\/wp-json\/wp\/v2\/product_brand?post=15572"},{"taxonomy":"product_cat","embeddable":true,"href":"https:\/\/www.hydraulic-cylinders.net\/cs\/wp-json\/wp\/v2\/product_cat?post=15572"},{"taxonomy":"product_tag","embeddable":true,"href":"https:\/\/www.hydraulic-cylinders.net\/cs\/wp-json\/wp\/v2\/product_tag?post=15572"}],"curies":[{"name":"wp","href":"https:\/\/api.w.org\/{rel}","templated":true}]}}