{"id":15574,"date":"2025-01-19T14:42:07","date_gmt":"2025-01-19T14:42:07","guid":{"rendered":"https:\/\/www.hydraulic-cylinders.net\/product\/bucket-cylinder-for-liugong-small-excavator-clg916d-918e\/"},"modified":"2025-01-19T14:42:09","modified_gmt":"2025-01-19T14:42:09","slug":"bucket-cylinder-for-liugong-small-excavator-clg916d-918e","status":"publish","type":"product","link":"https:\/\/www.hydraulic-cylinders.net\/cs\/produkt\/bucket-cylinder-for-liugong-small-excavator-clg916d-918e\/","title":{"rendered":"V\u00e1lec kore\u010dkov\u00e9ho v\u00e1lce pro mal\u00e9 rypadlo Liugong CLG916D\/918E"},"content":{"rendered":"<h1>V\u00e1lec kore\u010dkov\u00e9ho v\u00e1lce pro mal\u00e9 rypadlo Liugong CLG916D\/918E<\/h1>\n<h2>Zaveden\u00ed<\/h2>\n<p>Hydraulick\u00fd v\u00e1lec l\u017e\u00edce pro mal\u00e1 rypadla Liugong CLG916D\/918E je specializovan\u00fd hydraulick\u00fd v\u00e1lec ur\u010den\u00fd k ovl\u00e1d\u00e1n\u00ed pohybu l\u017e\u00edce v t\u011b\u017ek\u00fdch stroj\u00edch, jako jsou rypadla, r\u00fdpadlo-naklada\u010de a \u010deln\u00ed naklada\u010de. Jeho hlavn\u00ed funkc\u00ed je umo\u017enit zved\u00e1n\u00ed, spou\u0161t\u011bn\u00ed a nakl\u00e1p\u011bn\u00ed l\u017e\u00edce, \u010d\u00edm\u017e usnad\u0148uje r\u016fzn\u00e9 \u00fakoly manipulace s materi\u00e1lem. V hydraulick\u00e9m syst\u00e9mu dosahuje v\u00e1lec l\u017e\u00edce p\u0159esn\u00e9ho ovl\u00e1d\u00e1n\u00ed l\u017e\u00edce zm\u011bnou tlaku hydraulick\u00e9ho oleje, co\u017e umo\u017e\u0148uje obsluze efektivn\u011b manipulovat s t\u011b\u017ek\u00fdmi b\u0159emeny, p\u0159izp\u016fsobovat se slo\u017eit\u00fdm pracovn\u00edm prost\u0159ed\u00edm a spl\u0148ovat rozmanit\u00e9 provozn\u00ed po\u017eadavky.<\/p>\n<p><img decoding=\"async\" src=\"https:\/\/www.hydraulic-cylinders.net\/wp-content\/uploads\/2025\/01\/songte-company-2.webp\" alt=\"Hydraulick\u00fd v\u00e1lec\"><\/p>\n<h2>Funkce<\/h2>\n<ul>\n<li>\n<h3>Vysok\u00e1 pevnost a trvanlivost<\/h3>\n<p>Kore\u010dkov\u00fd v\u00e1lec je obvykle vyroben z vysokopevnostn\u00ed oceli nebo hlin\u00edku, kter\u00e9 odol\u00e1vaj\u00ed vysok\u00e9mu tlaku a velk\u00e9mu zat\u00ed\u017een\u00ed, a je navr\u017een s ohledem na odolnost proti opot\u0159eben\u00ed a korozi, aby se prodlou\u017eila jeho \u017eivotnost.<\/p>\n<\/li>\n<li>\n<h3>Efektivn\u00ed hydraulick\u00fd provoz<\/h3>\n<p>Vyu\u017eit\u00edm tlaku hydraulick\u00e9ho oleje k dosa\u017een\u00ed plynul\u00e9ho teleskopick\u00e9ho pohybu m\u016f\u017ee v\u00e1lec l\u017e\u00edce rychle reagovat na \u0159\u00eddic\u00ed povely a poskytovat siln\u00fd tah a posuv, co\u017e ho \u010din\u00ed vhodn\u00fdm pro manipulaci s t\u011b\u017ek\u00fdmi b\u0159emeny a slo\u017eit\u00e9 provozn\u00ed \u00fakoly.<\/p>\n<\/li>\n<li>\n<h3>R\u016fznorod\u00e9 typy<\/h3>\n<p>V\u00e1lec kore\u010dkov\u00e9ho v\u00e1lce m\u016f\u017ee b\u00fdt jedno\u010dinn\u00fd (hydraulika se pou\u017e\u00edv\u00e1 pouze v jednom sm\u011bru) nebo dvoj\u010dinn\u00fd (hydraulika se pou\u017e\u00edv\u00e1 v obou sm\u011brech) v z\u00e1vislosti na provozn\u00edch po\u017eadavc\u00edch. N\u011bkter\u00e9 modely jsou teleskopick\u00e9, co\u017e umo\u017e\u0148uje v\u011bt\u0161\u00ed vysunut\u00ed bez zv\u011bt\u0161en\u00ed vn\u011bj\u0161\u00edch rozm\u011br\u016f, a jsou vhodn\u00e9 pro aplikace s omezen\u00fdm prostorem.<\/p>\n<\/li>\n<li>\n<h3>Dokonal\u00e1 n\u00e1hrada<\/h3>\n<p>N\u00e1\u0161 kore\u010dkov\u00fd v\u00e1lec dok\u00e1\u017ee tyto hydraulick\u00e9 v\u00e1lce dokonale nahradit a nab\u00edz\u00edme \u0161irokou \u0161k\u00e1lu produkt\u016f, kter\u00e9 spl\u0148uj\u00ed pot\u0159eby r\u016fzn\u00fdch z\u00e1kazn\u00edk\u016f. <\/p>\n<\/li>\n<li>\n<h3>Aplikace<\/h3>\n<p>Kore\u010dkov\u00fd v\u00e1lec se \u0161iroce pou\u017e\u00edv\u00e1 v r\u016fzn\u00fdch pr\u016fmyslov\u00fdch odv\u011btv\u00edch, jako jsou stavebn\u00ed stroje, zem\u011bd\u011blsk\u00e9 stroje, bagry a naklada\u010de. Mezi jeho aplikace pat\u0159\u00ed:<\/p>\n<ul>\n<li>Stavebn\u00ed stroje: Je nezbytn\u00fd pro rypadla p\u0159i kop\u00e1n\u00ed, nakl\u00e1d\u00e1n\u00ed a p\u0159emis\u0165ov\u00e1n\u00ed zeminy nebo suti. U rypadlo-naklada\u010d\u016f pom\u00e1h\u00e1 v\u00e1lec l\u017e\u00edce p\u0159i kop\u00e1n\u00ed i zved\u00e1n\u00ed.<\/li>\n<li>Zem\u011bd\u011blsk\u00e9 stroje: Pou\u017e\u00edvaj\u00ed se v \u010deln\u00edch naklada\u010d\u00edch pro nab\u00edr\u00e1n\u00ed, zved\u00e1n\u00ed a p\u0159epravu p\u016fdy, sena a dal\u0161\u00edch materi\u00e1l\u016f.<\/li>\n<li>Rypadla: V\u00e1lec l\u017e\u00edce umo\u017e\u0148uje v\u00fdkop t\u00edm, \u017ee umo\u017e\u0148uje l\u017e\u00edci proniknout do p\u016fdy.<\/li>\n<li>Naklada\u010de: U \u010deln\u00edch naklada\u010d\u016f pom\u00e1h\u00e1 efektivn\u011b zvedat a vykl\u00e1dat zbo\u017e\u00ed.<\/li>\n<\/ul>\n<\/li>\n<\/ul>\n<h2>Konstruk\u010dn\u00ed aspekty a krit\u00e9ria v\u00fdb\u011bru<\/h2>\n<p>Konstrukce a krit\u00e9ria v\u00fdb\u011bru kore\u010dkov\u00e9ho v\u00e1lce jsou kl\u00ed\u010dov\u00e9 pro jeho v\u00fdkon. Mezi kl\u00ed\u010dov\u00e9 faktory pat\u0159\u00ed:<\/p>\n<ul>\n<li>\n<h3>\u00danosnost<\/h3>\n<p>Kore\u010dkov\u00e9 v\u00e1lce mus\u00ed b\u00fdt navr\u017eeny tak, aby odolaly maxim\u00e1ln\u00edmu zat\u00ed\u017een\u00ed, kter\u00e9mu budou \u010delit v provozn\u00edm prost\u0159ed\u00ed.<\/p>\n<\/li>\n<li>\n<h3>T\u011bsn\u011bn\u00ed<\/h3>\n<p>V\u00e1lec l\u017e\u00edce mus\u00ed m\u00edt spr\u00e1vn\u00e9 t\u011bsn\u011bn\u00ed, aby se zabr\u00e1nilo \u00faniku hydraulick\u00e9ho oleje a zajistil se efektivn\u00ed provoz.<\/p>\n<\/li>\n<li>\n<h3>Trvanlivost<\/h3>\n<p>V\u00e1lec kore\u010dkov\u00e9ho v\u00e1lce mus\u00ed b\u00fdt vyroben z odoln\u00fdch materi\u00e1l\u016f, kter\u00e9 odol\u00e1vaj\u00ed n\u00e1ro\u010dn\u00fdm provoz\u016fm t\u011b\u017ek\u00fdch stroj\u016f a nep\u0159\u00edzniv\u00fdm podm\u00ednk\u00e1m prost\u0159ed\u00ed.<\/p>\n<\/li>\n<li>\n<h3>Bezpe\u010dnost<\/h3>\n<p>Kore\u010dkov\u00fd v\u00e1lec mus\u00ed b\u00fdt navr\u017een s ohledem na bezpe\u010dnost, aby se p\u0159ede\u0161lo nehod\u00e1m a minimalizovala rizika pro obsluhu a dal\u0161\u00ed person\u00e1l.<\/p>\n<\/li>\n<li>\n<h3>\u00dadr\u017eba<\/h3>\n<p>\u00dadr\u017eba v\u00e1lec kore\u010dkov\u00e9ho v\u00e1lce mus\u00ed b\u00fdt snadn\u00e1, s snadno dostupn\u00fdmi n\u00e1hradn\u00edmi d\u00edly a oprav\u00e1rensk\u00fdmi slu\u017ebami.<\/p>\n<\/li>\n<\/ul>\n<p><img decoding=\"async\" src=\"https:\/\/www.hydraulic-cylinders.net\/wp-content\/uploads\/2025\/01\/songte-oil-pipes-and-spare-parts.webp\" alt=\"D\u00edly hydraulick\u00e9ho v\u00e1lce\"><\/p>\n<h2>T\u011bsn\u011bn\u00ed a maz\u00e1n\u00ed<\/h2>\n<p>Kore\u010dkov\u00fd v\u00e1lec pou\u017e\u00edv\u00e1 r\u016fzn\u00e9 t\u011bsnic\u00ed komponenty, jako jsou t\u011bsn\u011bn\u00ed p\u00edst\u016f, t\u011bsn\u011bn\u00ed p\u00edstnic atd., vyroben\u00e9 z materi\u00e1l\u016f odoln\u00fdch proti opot\u0159eben\u00ed, jako je polyuretan a nitrilov\u00e1 pry\u017e, aby bylo zaji\u0161t\u011bno spr\u00e1vn\u00e9 ut\u011bsn\u011bn\u00ed a prodlou\u017eena jeho \u017eivotnost. T\u011bleso v\u00e1lce a z\u00e1vitov\u00e9 koncov\u00e9 plochy proch\u00e1zej\u00ed jemn\u00fdm opracov\u00e1n\u00edm pro zlep\u0161en\u00ed odolnosti proti opot\u0159eben\u00ed. Kore\u010dkov\u00fd v\u00e1lec vy\u017eaduje pravideln\u00e9 maz\u00e1n\u00ed vhodn\u00fdm mno\u017estv\u00edm hydraulick\u00e9ho oleje pro zaji\u0161t\u011bn\u00ed plynul\u00e9ho provozu.<\/p>\n<h2>\u00dadr\u017eba a opravy<\/h2>\n<p>Pravideln\u00e1 kontrola, spr\u00e1vn\u00e9 maz\u00e1n\u00ed, v\u00fdm\u011bna t\u011bsn\u011bn\u00ed a kontrola kalibrace jsou b\u011b\u017en\u00e9 \u00fakony \u00fadr\u017eby kore\u010dkov\u00fdch v\u00e1lc\u016f. Spr\u00e1vn\u00e1 instalace, maz\u00e1n\u00ed a se\u0159\u00edzen\u00ed jsou z\u00e1sadn\u00ed pro v\u00fdkon kore\u010dkov\u00e9ho v\u00e1lce. B\u011bhem instalace je t\u0159eba dodr\u017eovat pokyny pro spr\u00e1vn\u00e9 vyrovn\u00e1n\u00ed a v\u00e1lec by m\u011bl b\u00fdt zaji\u0161t\u011bn vhodn\u00fdmi mont\u00e1\u017en\u00edmi konzolami. Pro prodlou\u017een\u00ed \u017eivotnosti kore\u010dkov\u00e9ho v\u00e1lce doporu\u010dujeme pl\u00e1novan\u00e9 kontroly, opravy a v\u00fdm\u011bny.<\/p>\n<p><img decoding=\"async\" src=\"https:\/\/www.hydraulic-cylinders.net\/wp-content\/uploads\/2025\/01\/songte-chushion-collar.webp\" alt=\"D\u00edly hydraulick\u00e9ho v\u00e1lce\"><\/p>\n<h2>Bezpe\u010dnostn\u00ed aspekty a faktory prost\u0159ed\u00ed<\/h2>\n<p>Bezpe\u010dn\u00e1 obsluha kore\u010dkov\u00e9ho v\u00e1lce je nezbytn\u00e1 pro prevenci nehod. Obsluha by m\u011bla dodr\u017eovat bezpe\u010dnostn\u00ed pokyny a postupy \u00fadr\u017eby, aby byla zaji\u0161t\u011bna bezpe\u010dn\u00e1 obsluha. P\u0159i v\u00fdb\u011bru a likvidaci hydraulick\u00fdch olej\u016f a dal\u0161\u00edch materi\u00e1l\u016f pou\u017e\u00edvan\u00fdch v kore\u010dkov\u00fdch v\u00e1lc\u00edch je t\u0159eba zohlednit i p\u0159edpisy t\u00fdkaj\u00edc\u00ed se \u017eivotn\u00edho prost\u0159ed\u00ed.<\/p>\n<h2>Diagnostika a \u0159e\u0161en\u00ed probl\u00e9m\u016f<\/h2>\n<p>V\u00e1lec kore\u010dkov\u00e9ho v\u00e1lce m\u016f\u017ee m\u00edt r\u016fzn\u00e9 provozn\u00ed probl\u00e9my, jako je net\u011bsnost, pomal\u00fd chod nebo abnorm\u00e1ln\u00ed hluk. Odstra\u0148ov\u00e1n\u00ed probl\u00e9m\u016f a diagnostika mohou pomoci identifikovat hlavn\u00ed p\u0159\u00ed\u010dinu t\u011bchto probl\u00e9m\u016f a poskytnout vhodn\u00e1 \u0159e\u0161en\u00ed. Lze tak\u00e9 p\u0159ijmout preventivn\u00ed opat\u0159en\u00ed k minimalizaci potenci\u00e1lu provozn\u00edch probl\u00e9m\u016f.<\/p>\n<p><img decoding=\"async\" src=\"https:\/\/www.hydraulic-cylinders.net\/wp-content\/uploads\/2025\/01\/songte-bushings-with-all-kinds-of-excavator-models.webp\" alt=\"D\u00edly hydraulick\u00e9ho v\u00e1lce\"><\/p>\n<h2>O na\u0161\u00ed spole\u010dnosti<\/h2>\n<p>Jsme p\u0159edn\u00edm v\u00fdrobcem a velkoobchodn\u00edm distributorem hydraulick\u00fdch v\u00e1lc\u016f na dom\u00e1c\u00edm i mezin\u00e1rodn\u00edm trhu. Na\u0161e spole\u010dnost nab\u00edz\u00ed kompletn\u00ed sortiment produkt\u016f, kter\u00e9 spl\u0148uj\u00ed r\u016fzn\u00e9 pot\u0159eby z\u00e1kazn\u00edk\u016f. Dodr\u017eujeme z\u00e1sady vynikaj\u00edc\u00ed kvality a spol\u00e9h\u00e1me se na strategii industrializovan\u00e9ho \u0159\u00edzen\u00ed v\u00fdroby sofistikovan\u00e9 v\u00fdrobn\u00ed d\u00edlny. Na\u0161e spole\u010dnost neust\u00e1le vylep\u0161uje v\u00fdrobn\u00ed platformu d\u00edlny, zlep\u0161uje v\u00fdrobn\u00ed linku kvality produkt\u016f a m\u00e1 silnou v\u00fdrobn\u00ed kapacitu. Na\u0161e produkty spl\u0148uj\u00ed po\u017eadavky z\u00e1kazn\u00edk\u016f s vysokou \u00fa\u010dinnost\u00ed, p\u0159esnost\u00ed a kvalitou.<\/p>\n<ul>\n<li>\n<h3>Profesionalita<\/h3>\n<p>Na\u0161e spole\u010dnost m\u00e1 t\u00fdm vysoce kvalifikovan\u00fdch odborn\u00edk\u016f s dlouholet\u00fdmi zku\u0161enostmi v oblasti n\u00e1vrhu, v\u00fdroby a prodeje hydraulick\u00fdch v\u00e1lc\u016f.<\/p>\n<\/li>\n<li>\n<h3>Mezin\u00e1rodn\u00ed certifikace<\/h3>\n<p>Na\u0161e v\u00fdrobky pro\u0161ly mezin\u00e1rodn\u00ed certifikac\u00ed kvality, jako je ISO 9001, co\u017e zaru\u010duje nejvy\u0161\u0161\u00ed standardy kvality.<\/p>\n<\/li>\n<li>\n<h3>Slu\u017eby na m\u00edru<\/h3>\n<p>Na\u0161e spole\u010dnost nab\u00edz\u00ed slu\u017eby v oblasti n\u00e1vrhu a v\u00fdroby hydraulick\u00fdch v\u00e1lc\u016f na m\u00edru, aby splnila specifick\u00e9 po\u017eadavky z\u00e1kazn\u00edka.<\/p>\n<\/li>\n<li>\n<h3>Pokro\u010dil\u00e9 v\u00fdrobn\u00ed za\u0159\u00edzen\u00ed<\/h3>\n<p>Na\u0161e spole\u010dnost vyu\u017e\u00edv\u00e1 modern\u00ed v\u00fdrobn\u00ed za\u0159\u00edzen\u00ed pro v\u00fdrobu hydraulick\u00fdch v\u00e1lc\u016f, abychom zajistili vysokou p\u0159esnost a vynikaj\u00edc\u00ed kvalitu.<\/p>\n<\/li>\n<li>\n<h3>Poprodejn\u00ed servis<\/h3>\n<p>Na\u0161e spole\u010dnost poskytuje komplexn\u00ed poprodejn\u00ed servis, v\u010detn\u011b oprav, v\u00fdm\u011bn a renovace, abychom zajistili spokojenost z\u00e1kazn\u00edk\u016f.<\/p>\n<\/li>\n<\/ul>\n<p><img decoding=\"async\" src=\"https:\/\/hzpt.com\/wp-content\/uploads\/2024\/11\/songte-company-1.webp\" alt=\"V\u00fdroba hydraulick\u00fdch v\u00e1lc\u016f\"><\/p>\n<p>Autor: lyl.<\/p>","protected":false},"excerpt":{"rendered":"<p>Bucket Cylinder For Liugong Small Excavator CLG916D\/918E Introduction The bucket cylinder for Liugong small excavator CLG916D\/918E is a specialized hydraulic cylinder designed to control the movement of the bucket in heavy machinery such as excavators, backhoe loaders, and front-end loaders. Its main function is to enable the bucket to lift, lower, and tilt, thereby facilitating [&hellip;]<\/p>","protected":false},"featured_media":14778,"comment_status":"open","ping_status":"closed","template":"","meta":{"_et_pb_use_builder":"","_et_pb_old_content":"","_et_gb_content_width":""},"product_brand":[],"product_cat":[1494],"product_tag":[1495,1496],"class_list":{"0":"post-15574","1":"product","2":"type-product","3":"status-publish","4":"has-post-thumbnail","6":"product_cat-bucket-cylinders","7":"product_tag-bucket-cylinders","8":"product_tag-hydraulic-cylinders","10":"first","11":"instock","12":"shipping-taxable","13":"product-type-simple"},"amp_enabled":true,"_links":{"self":[{"href":"https:\/\/www.hydraulic-cylinders.net\/cs\/wp-json\/wp\/v2\/product\/15574","targetHints":{"allow":["GET"]}}],"collection":[{"href":"https:\/\/www.hydraulic-cylinders.net\/cs\/wp-json\/wp\/v2\/product"}],"about":[{"href":"https:\/\/www.hydraulic-cylinders.net\/cs\/wp-json\/wp\/v2\/types\/product"}],"replies":[{"embeddable":true,"href":"https:\/\/www.hydraulic-cylinders.net\/cs\/wp-json\/wp\/v2\/comments?post=15574"}],"wp:featuredmedia":[{"embeddable":true,"href":"https:\/\/www.hydraulic-cylinders.net\/cs\/wp-json\/wp\/v2\/media\/14778"}],"wp:attachment":[{"href":"https:\/\/www.hydraulic-cylinders.net\/cs\/wp-json\/wp\/v2\/media?parent=15574"}],"wp:term":[{"taxonomy":"product_brand","embeddable":true,"href":"https:\/\/www.hydraulic-cylinders.net\/cs\/wp-json\/wp\/v2\/product_brand?post=15574"},{"taxonomy":"product_cat","embeddable":true,"href":"https:\/\/www.hydraulic-cylinders.net\/cs\/wp-json\/wp\/v2\/product_cat?post=15574"},{"taxonomy":"product_tag","embeddable":true,"href":"https:\/\/www.hydraulic-cylinders.net\/cs\/wp-json\/wp\/v2\/product_tag?post=15574"}],"curies":[{"name":"wp","href":"https:\/\/api.w.org\/{rel}","templated":true}]}}