{"id":15578,"date":"2025-01-19T14:42:24","date_gmt":"2025-01-19T14:42:24","guid":{"rendered":"https:\/\/www.hydraulic-cylinders.net\/product\/bucket-cylinder-for-liugong-middle-excavator-clg925d-925e\/"},"modified":"2025-01-19T14:42:26","modified_gmt":"2025-01-19T14:42:26","slug":"bucket-cylinder-for-liugong-middle-excavator-clg925d-925e","status":"publish","type":"product","link":"https:\/\/www.hydraulic-cylinders.net\/cs\/produkt\/bucket-cylinder-for-liugong-middle-excavator-clg925d-925e\/","title":{"rendered":"V\u00e1lec l\u017e\u00edce pro st\u0159edn\u00ed bagr Liugong CLG925D\/925E"},"content":{"rendered":"<h1>V\u00e1lec l\u017e\u00edce pro st\u0159edn\u00ed bagr Liugong CLG925D\/925E<\/h1>\n<h2>Zaveden\u00ed<\/h2>\n<p>Hydraulick\u00fd v\u00e1lec l\u017e\u00edce je speci\u00e1ln\u011b navr\u017een\u00fd hydraulick\u00fd v\u00e1lec, kter\u00fd se prim\u00e1rn\u011b pou\u017e\u00edv\u00e1 k ovl\u00e1d\u00e1n\u00ed pohybu l\u017e\u00edce v t\u011b\u017ek\u00fdch stroj\u00edch, jako jsou rypadla, r\u00fdpadlo-naklada\u010de a \u010deln\u00ed naklada\u010de. Jeho hlavn\u00ed funkc\u00ed je umo\u017enit zved\u00e1n\u00ed, spou\u0161t\u011bn\u00ed a nakl\u00e1p\u011bn\u00ed l\u017e\u00edce, co\u017e usnad\u0148uje prov\u00e1d\u011bn\u00ed r\u016fzn\u00fdch manipula\u010dn\u00edch \u00fakon\u016f s materi\u00e1lem. V hydraulick\u00e9m syst\u00e9mu dosahuje v\u00e1lec l\u017e\u00edce p\u0159esn\u00e9ho ovl\u00e1d\u00e1n\u00ed l\u017e\u00edce zm\u011bnami tlaku hydraulick\u00e9ho oleje, co\u017e umo\u017e\u0148uje obsluze efektivn\u011b manipulovat s t\u011b\u017ek\u00fdmi b\u0159emeny, p\u0159izp\u016fsobovat se slo\u017eit\u00e9mu pracovn\u00edmu prost\u0159ed\u00ed a rozmanit\u00fdm po\u017eadavk\u016fm na pr\u00e1ci.<\/p>\n<p><img decoding=\"async\" src=\"https:\/\/www.hydraulic-cylinders.net\/wp-content\/uploads\/2025\/01\/songte-company-2.webp\" alt=\"Kbel\u00edkov\u00fd v\u00e1lec\"><\/p>\n<h2>Funkce<\/h2>\n<ul>\n<li>\n<h3>Vysok\u00e1 pevnost a trvanlivost:<\/h3>\n<p> Obvykle je vyroben z vysokopevnostn\u00ed oceli nebo hlin\u00edku, odol\u00e1 vysok\u00e9mu tlaku a velk\u00e9mu zat\u00ed\u017een\u00ed, a p\u0159izp\u016fsob\u00ed se tak n\u00e1ro\u010dn\u00e9mu pracovn\u00edmu prost\u0159ed\u00ed. Je navr\u017een s ohledem na odolnost proti opot\u0159eben\u00ed a korozi, co\u017e prodlu\u017euje jeho \u017eivotnost.<\/li>\n<li>\n<h3>Efektivn\u00ed hydraulick\u00fd provoz:<\/h3>\n<p> Plynul\u00e9ho teleskopick\u00e9ho pohybu se dosahuje pomoc\u00ed hydraulick\u00e9ho oleje, kter\u00fd dok\u00e1\u017ee rychle reagovat na ovl\u00e1dac\u00ed povely a poskytuje siln\u00e9 tla\u010dn\u00e9 a ta\u017en\u00e9 s\u00edly, vhodn\u00e9 pro manipulaci s t\u011b\u017ek\u00fdmi b\u0159emeny a slo\u017eit\u00e9 pracovn\u00ed \u00fakoly.<\/li>\n<li>\n<h3>R\u016fzn\u00e9 typy:<\/h3>\n<p> Podle provozn\u00edch po\u017eadavk\u016f lze zvolit jedno\u010dinn\u00e9 (hydraulick\u00fd pohon se pou\u017e\u00edv\u00e1 pouze v jednom sm\u011bru) nebo dvoj\u010dinn\u00e9 (hydraulick\u00fd pohon se pou\u017e\u00edv\u00e1 v obou sm\u011brech) v\u00e1lce. N\u011bkter\u00e9 modely jsou teleskopick\u00e9, co\u017e umo\u017e\u0148uje v\u011bt\u0161\u00ed v\u00fdsuv bez zv\u011bt\u0161en\u00ed vn\u011bj\u0161\u00edch rozm\u011br\u016f, vhodn\u00e9 pro aplikace s omezen\u00fdm prostorem.<\/li>\n<li>\n<h3>Na\u0161e schopnost vyrobit tento produkt:<\/h3>\n<p> N\u00e1\u0161 produkt dok\u00e1\u017ee tyto hydraulick\u00e9 v\u00e1lce dokonale nahradit.<\/li>\n<\/ul>\n<p><img decoding=\"async\" src=\"https:\/\/www.hydraulic-cylinders.net\/wp-content\/uploads\/2025\/01\/songte-cylinder-head-with-all-kinds-excavator-models.webp\" alt=\"Produkt\"><\/p>\n<h2>Aplikace<\/h2>\n<p>V\u00e1lec kope\u010dku je nezbytn\u00fd pro v\u00fdkopov\u00e9 pr\u00e1ce, nakl\u00e1d\u00e1n\u00ed a p\u0159emis\u0165ov\u00e1n\u00ed zeminy nebo suti ve stavebn\u00edch stroj\u00edch, jako jsou bagry a rypadla-naklada\u010de. Krom\u011b toho se pou\u017e\u00edv\u00e1 u \u010deln\u00edch naklada\u010d\u016f k efektivn\u00edmu zved\u00e1n\u00ed a vykl\u00e1dkov\u00e1n\u00ed zbo\u017e\u00ed. N\u00e1sleduje n\u011bkolik konkr\u00e9tn\u00edch aplikac\u00ed:<\/p>\n<ul>\n<li>\n<h3>Stavebn\u00ed vybaven\u00ed:<\/h3>\n<p> V\u00e1lce kore\u010dk\u016f jsou kl\u00ed\u010dov\u00e9 pro v\u00fdkopov\u00e9 pr\u00e1ce, nakl\u00e1d\u00e1n\u00ed a p\u0159emis\u0165ov\u00e1n\u00ed zeminy nebo suti v bagrech a rypadlech. V\u00e1lec kore\u010dk\u016f pom\u00e1h\u00e1 p\u0159i kop\u00e1n\u00ed i zved\u00e1n\u00ed v rypadlech-naklada\u010d\u00edch.<\/li>\n<li>\n<h3>Zem\u011bd\u011blsk\u00e9 stroje:<\/h3>\n<p> Pou\u017e\u00edv\u00e1 se pro \u010deln\u00ed naklada\u010de ke zved\u00e1n\u00ed a p\u0159eprav\u011b zeminy, sena a dal\u0161\u00edch materi\u00e1l\u016f.<\/li>\n<li>\n<h3>Bagry:<\/h3>\n<p> V\u00e1lec l\u017e\u00edce umo\u017e\u0148uje ryt\u00ed t\u00edm, \u017ee umo\u017e\u0148uje l\u017e\u00edci proniknout do p\u016fdy.<\/li>\n<li>\n<h3>\u010celn\u00ed naklada\u010de:<\/h3>\n<p> Pom\u00e1haj\u00ed efektivn\u011b zvedat a nakl\u00e1n\u011bt n\u00e1klad.<\/li>\n<\/ul>\n<h2>Konstruk\u010dn\u00ed aspekty a krit\u00e9ria v\u00fdb\u011bru<\/h2>\n<h3>\u00davahy o designu:<\/h3>\n<ul>\n<li>\n<h4>Nosnost:<\/h4>\n<p> V\u00e1lec kore\u010dkov\u00e9ho v\u00e1lce by m\u011bl b\u00fdt schopen zvl\u00e1dnout po\u017eadovanou nosnost bez poruchy.<\/li>\n<li>\n<h4>T\u011bsn\u011bn\u00ed:<\/h4>\n<p> V\u00e1lec by m\u011bl b\u00fdt \u0159\u00e1dn\u011b ut\u011bsn\u011bn, aby se zabr\u00e1nilo \u00faniku hydraulick\u00e9 kapaliny.<\/li>\n<li>\n<h4>Trvanlivost:<\/h4>\n<p> V\u00e1lec by m\u011bl b\u00fdt navr\u017een tak, aby odolal n\u00e1ro\u010dn\u00fdm provozn\u00edm podm\u00ednk\u00e1m a byl odoln\u00fd v\u016f\u010di opot\u0159eben\u00ed a korozi.<\/li>\n<li>\n<h4>Bezpe\u010dnost:<\/h4>\n<p> V\u00e1lec by m\u011bl b\u00fdt navr\u017een tak, aby byla zaji\u0161t\u011bna bezpe\u010dnost obsluhy a okol\u00ed.<\/li>\n<li>\n<h4>\u00dadr\u017eba:<\/h4>\n<p> V\u00e1lec by m\u011bl b\u00fdt navr\u017een pro snadnou \u00fadr\u017ebu a opravy.<\/li>\n<\/ul>\n<p><img decoding=\"async\" src=\"https:\/\/www.hydraulic-cylinders.net\/wp-content\/uploads\/2025\/01\/songte-oil-pipes-and-spare-parts.webp\" alt=\"Produkty\"><\/p>\n<h3>T\u011bsn\u011bn\u00ed a maz\u00e1n\u00ed:<\/h3>\n<p>K zabr\u00e1n\u011bn\u00ed \u00faniku hydraulick\u00e9 kapaliny se pou\u017e\u00edvaj\u00ed r\u016fzn\u00e9 t\u011bsnic\u00ed komponenty, jako jsou t\u011bsn\u011bn\u00ed p\u00edst\u016f a t\u011bsn\u011bn\u00ed p\u00edstnic. T\u011bsn\u011bn\u00ed jsou vyrobena z materi\u00e1l\u016f odoln\u00fdch proti opot\u0159eben\u00ed, jako je polyuretan a nitrilov\u00e1 pry\u017e. T\u011bleso v\u00e1lce a z\u00e1vitov\u00fd konec jsou jemn\u011b opracov\u00e1ny pro zlep\u0161en\u00ed odolnosti proti opot\u0159eben\u00ed. Pro zaji\u0161t\u011bn\u00ed spr\u00e1vn\u00e9ho provozu je nutn\u00e9 pravideln\u00e9 maz\u00e1n\u00ed vhodn\u00fdm hydraulick\u00fdm olejem.<\/p>\n<h3>\u00dadr\u017eba a opravy:<\/h3>\n<p>Pravideln\u00e1 kontrola, vhodn\u00e9 maz\u00e1n\u00ed, v\u00fdm\u011bna t\u011bsn\u011bn\u00ed a kalibra\u010dn\u00ed kontroly pat\u0159\u00ed mezi b\u011b\u017en\u00e9 \u00fakony \u00fadr\u017eby. Spr\u00e1vn\u00e1 instalace, maz\u00e1n\u00ed a se\u0159\u00edzen\u00ed jsou kl\u00ed\u010dov\u00e9 pro prodlou\u017een\u00ed \u017eivotnosti kore\u010dkov\u00e9ho v\u00e1lce. B\u011bhem instalace je d\u016fle\u017eit\u00e9 spr\u00e1vn\u00e9 vyrovn\u00e1n\u00ed v\u00e1lce a k jeho upevn\u011bn\u00ed by m\u011bly b\u00fdt pou\u017eity spr\u00e1vn\u00e9 mont\u00e1\u017en\u00ed konzole. Pro prodlou\u017een\u00ed \u017eivotnosti v\u00e1lce jsou poskytov\u00e1ny doporu\u010den\u00e9 postupy kontroly, opravy a v\u00fdm\u011bny, v\u00fdm\u011bna d\u00edl\u016f a repase.<\/p>\n<p><img decoding=\"async\" src=\"https:\/\/www.hydraulic-cylinders.net\/wp-content\/uploads\/2025\/01\/songte-chushion-collar.webp\" alt=\"Produkty\"><\/p>\n<h2>Bezpe\u010dnostn\u00ed aspekty a faktory prost\u0159ed\u00ed<\/h2>\n<p>Kore\u010dkov\u00e9 v\u00e1lce mus\u00ed b\u00fdt obsluhov\u00e1ny bezpe\u010dn\u011b a p\u0159i jejich pou\u017e\u00edv\u00e1n\u00ed by m\u011bla b\u00fdt p\u0159ijata vhodn\u00e1 bezpe\u010dnostn\u00ed opat\u0159en\u00ed. To zahrnuje dodr\u017eov\u00e1n\u00ed bezpe\u010dnostn\u00edch pokyn\u016f, jako je no\u0161en\u00ed osobn\u00edch ochrann\u00fdch prost\u0159edk\u016f a zaji\u0161t\u011bn\u00ed dobr\u00e9ho provozn\u00edho stavu hydraulick\u00e9ho za\u0159\u00edzen\u00ed. P\u0159i provozu kore\u010dkov\u00fdch v\u00e1lc\u016f je t\u0159eba zohlednit tak\u00e9 faktory prost\u0159ed\u00ed, jako je teplota, vlhkost a koroze.<\/p>\n<h2>Odstra\u0148ov\u00e1n\u00ed probl\u00e9m\u016f a b\u011b\u017en\u00e9 probl\u00e9my<\/h2>\n<p>N\u00e1sleduje n\u011bkolik b\u011b\u017en\u00fdch probl\u00e9m\u016f, kter\u00e9 se mohou vyskytnout p\u0159i pou\u017e\u00edv\u00e1n\u00ed kore\u010dkov\u00fdch v\u00e1lc\u016f:<\/p>\n<ul>\n<li>\n<h3>\u00danik hydraulick\u00e9 kapaliny:<\/h3>\n<p> To m\u016f\u017ee b\u00fdt zp\u016fsobeno opot\u0159eben\u00edm t\u011bsn\u011bn\u00ed nebo jin\u00fdch sou\u010d\u00e1st\u00ed.<\/li>\n<li>\n<h3>Porucha v\u00e1lce:<\/h3>\n<p> V\u00e1lec nemus\u00ed spr\u00e1vn\u011b fungovat z r\u016fzn\u00fdch d\u016fvod\u016f, jako je sn\u00ed\u017een\u00fd hydraulick\u00fd tlak nebo po\u0161kozen\u00fd p\u00edst.<\/li>\n<li>\n<h3>Hluk a vibrace:<\/h3>\n<p> To m\u016f\u017ee b\u00fdt zp\u016fsobeno nespr\u00e1vnou instalac\u00ed, opot\u0159ebovan\u00fdmi sou\u010d\u00e1stmi nebo kontaminac\u00ed hydraulick\u00e9 kapaliny.<\/li>\n<\/ul>\n<p>Spr\u00e1vn\u00e1 kontrola a preventivn\u00ed \u00fadr\u017eba mohou pomoci identifikovat a p\u0159edch\u00e1zet t\u011bmto probl\u00e9m\u016fm. Pokud je probl\u00e9m zji\u0161t\u011bn, m\u011bla by b\u00fdt p\u0159ijata vhodn\u00e1 opat\u0159en\u00ed k jeho vy\u0159e\u0161en\u00ed.<\/p>\n<p><img decoding=\"async\" src=\"https:\/\/www.hydraulic-cylinders.net\/wp-content\/uploads\/2025\/01\/songte-bushings-with-all-kinds-of-excavator-models.webp\" alt=\"Produkty\"><\/p>\n<h2>O na\u0161\u00ed spole\u010dnosti<\/h2>\n<p>Jsme v\u00fdrobcem hydraulick\u00fdch v\u00e1lc\u016f a n\u00e1\u0161 sortiment je komplexn\u00ed. Jsme jedn\u00edm z p\u0159edn\u00edch v\u00fdrobc\u016f a velkoobchodn\u00edch distributor\u016f hydraulick\u00fdch v\u00e1lc\u016f na dom\u00e1c\u00edm i mezin\u00e1rodn\u00edm trhu. Sledujeme strategii vynikaj\u00edc\u00ed kvality a spol\u00e9h\u00e1me se na industrializovan\u00e9 \u0159\u00edzen\u00ed v\u00fdroby v sofistikovan\u00fdch v\u00fdrobn\u00edch d\u00edln\u00e1ch. Na\u0161e spole\u010dnost neust\u00e1le vylep\u0161uje v\u00fdrobn\u00ed platformu d\u00edlny s vyu\u017eit\u00edm technick\u00fdch talent\u016f, \u0161pi\u010dkov\u00e9ho digit\u00e1ln\u00edho v\u00fdrobn\u00edho za\u0159\u00edzen\u00ed a profesion\u00e1ln\u00edch testovac\u00edch syst\u00e9m\u016f, zdokonaluje v\u00fdrobn\u00ed linku kvality produkt\u016f a m\u00e1 siln\u00e9 tv\u016fr\u010d\u00ed schopnosti. Na\u0161im z\u00e1kazn\u00edk\u016fm poskytujeme vysoce efektivn\u00ed, vysoce p\u0159esn\u00e9 a vysoce kvalitn\u00ed produkty, kter\u00e9 spl\u0148uj\u00ed jejich rozmanit\u00e9 pot\u0159eby.<\/p>\n<p><img decoding=\"async\" src=\"https:\/\/hzpt.com\/wp-content\/uploads\/2024\/11\/songte-company-1.webp\" alt=\"Spole\u010dnost\"><\/p>\n<h3>Profesionalita:<\/h3>\n<p>Na\u0161e spole\u010dnost m\u00e1 t\u00fdm zku\u0161en\u00fdch profesion\u00e1l\u016f, kte\u0159\u00ed jsou experty ve sv\u00fdch oborech. Na\u0161im z\u00e1kazn\u00edk\u016fm poskytujeme \u0161pi\u010dkov\u00e9 technick\u00e9 slu\u017eby a podporu, abychom zajistili spln\u011bn\u00ed jejich pot\u0159eb.<\/p>\n<h3>Mezin\u00e1rodn\u00ed certifikace:<\/h3>\n<p>Na\u0161e v\u00fdrobky jsou certifikov\u00e1ny mezin\u00e1rodn\u00edmi organizacemi pro kontrolu kvality, jako jsou ISO a CE, co\u017e zaru\u010duje vysokou \u00farove\u0148 z\u00e1ruky a kvality.<\/p>\n<h3>Slu\u017eby p\u0159izp\u016fsoben\u00ed:<\/h3>\n<p>Na\u0161im z\u00e1kazn\u00edk\u016fm dod\u00e1v\u00e1me hydraulick\u00e9 v\u00e1lce na m\u00edru a v pr\u016fb\u011bhu cel\u00e9ho procesu jim poskytujeme technick\u00e9 poradenstv\u00ed a podporu.<\/p>\n<h3>V\u00fdrobn\u00ed za\u0159\u00edzen\u00ed:<\/h3>\n<p>Na\u0161e spole\u010dnost disponuje \u0159adou modern\u00edch v\u00fdrobn\u00edch za\u0159\u00edzen\u00ed, v\u010detn\u011b CNC soustruh\u016f, obr\u00e1b\u011bc\u00edch center a testovac\u00edch za\u0159\u00edzen\u00ed.<\/p>\n<h3>Poprodejn\u00ed servis:<\/h3>\n<p>Na\u0161im z\u00e1kazn\u00edk\u016fm poskytujeme poprodejn\u00ed servis a podporu, abychom zajistili jejich spokojenost s na\u0161imi produkty.<\/p>\n<p><img decoding=\"async\" src=\"https:\/\/www.hydraulic-cylinders.net\/wp-content\/uploads\/2025\/01\/songte-company-3.webp\" alt=\"Spole\u010dnost\"><\/p>\n<h2>Autor: lyl<\/h2>","protected":false},"excerpt":{"rendered":"<p>Bucket Cylinder for Liugong Middle Excavator CLG925D\/925E Introduction The bucket cylinder is a specially designed hydraulic cylinder primarily used to control the movement of the bucket in heavy machinery such as excavators, backhoe loaders, and front-end loaders. Its main function is to enable the bucket to lift, lower, and tilt, making it easier to perform [&hellip;]<\/p>","protected":false},"featured_media":14769,"comment_status":"open","ping_status":"closed","template":"","meta":{"_et_pb_use_builder":"","_et_pb_old_content":"","_et_gb_content_width":""},"product_brand":[],"product_cat":[1494],"product_tag":[1495,1496],"class_list":{"0":"post-15578","1":"product","2":"type-product","3":"status-publish","4":"has-post-thumbnail","6":"product_cat-bucket-cylinders","7":"product_tag-bucket-cylinders","8":"product_tag-hydraulic-cylinders","10":"first","11":"instock","12":"shipping-taxable","13":"product-type-simple"},"amp_enabled":true,"_links":{"self":[{"href":"https:\/\/www.hydraulic-cylinders.net\/cs\/wp-json\/wp\/v2\/product\/15578","targetHints":{"allow":["GET"]}}],"collection":[{"href":"https:\/\/www.hydraulic-cylinders.net\/cs\/wp-json\/wp\/v2\/product"}],"about":[{"href":"https:\/\/www.hydraulic-cylinders.net\/cs\/wp-json\/wp\/v2\/types\/product"}],"replies":[{"embeddable":true,"href":"https:\/\/www.hydraulic-cylinders.net\/cs\/wp-json\/wp\/v2\/comments?post=15578"}],"wp:featuredmedia":[{"embeddable":true,"href":"https:\/\/www.hydraulic-cylinders.net\/cs\/wp-json\/wp\/v2\/media\/14769"}],"wp:attachment":[{"href":"https:\/\/www.hydraulic-cylinders.net\/cs\/wp-json\/wp\/v2\/media?parent=15578"}],"wp:term":[{"taxonomy":"product_brand","embeddable":true,"href":"https:\/\/www.hydraulic-cylinders.net\/cs\/wp-json\/wp\/v2\/product_brand?post=15578"},{"taxonomy":"product_cat","embeddable":true,"href":"https:\/\/www.hydraulic-cylinders.net\/cs\/wp-json\/wp\/v2\/product_cat?post=15578"},{"taxonomy":"product_tag","embeddable":true,"href":"https:\/\/www.hydraulic-cylinders.net\/cs\/wp-json\/wp\/v2\/product_tag?post=15578"}],"curies":[{"name":"wp","href":"https:\/\/api.w.org\/{rel}","templated":true}]}}