{"id":15581,"date":"2025-01-19T14:42:36","date_gmt":"2025-01-19T14:42:36","guid":{"rendered":"https:\/\/www.hydraulic-cylinders.net\/product\/bucket-cylinder-for-liugong-middle-excavator-clg230\/"},"modified":"2025-01-19T14:42:38","modified_gmt":"2025-01-19T14:42:38","slug":"bucket-cylinder-for-liugong-middle-excavator-clg230","status":"publish","type":"product","link":"https:\/\/www.hydraulic-cylinders.net\/cs\/produkt\/bucket-cylinder-for-liugong-middle-excavator-clg230\/","title":{"rendered":"V\u00e1lec l\u017e\u00edce pro st\u0159edn\u00ed bagr Liugong CLG230"},"content":{"rendered":"<h1>V\u00e1lec l\u017e\u00edce pro st\u0159edn\u00ed bagr Liugong CLG230<\/h1>\n<h2>Zaveden\u00ed<\/h2>\n<h3>Definice<\/h3>\n<p>Hydraulick\u00fd v\u00e1lec l\u017e\u00edce je speci\u00e1ln\u011b navr\u017een\u00fd hydraulick\u00fd v\u00e1lec pou\u017e\u00edvan\u00fd k ovl\u00e1d\u00e1n\u00ed pohybu l\u017e\u00edce v t\u011b\u017ek\u00fdch stroj\u00edch, jako jsou bagry, rypadla a \u010deln\u00ed naklada\u010de. Jeho hlavn\u00ed funkc\u00ed je umo\u017enit zved\u00e1n\u00ed, spou\u0161t\u011bn\u00ed a nakl\u00e1p\u011bn\u00ed l\u017e\u00edce, co\u017e usnad\u0148uje manipulaci s r\u016fzn\u00fdmi materi\u00e1ly. V hydraulick\u00e9m syst\u00e9mu v\u00e1lec l\u017e\u00edce vyu\u017e\u00edv\u00e1 zm\u011bnu tlaku hydraulick\u00e9ho oleje k dosa\u017een\u00ed p\u0159esn\u00e9ho ovl\u00e1d\u00e1n\u00ed l\u017e\u00edce, co\u017e umo\u017e\u0148uje obsluze efektivn\u011b manipulovat s t\u011b\u017ek\u00fdmi b\u0159emeny a p\u0159izp\u016fsobovat se slo\u017eit\u00fdm pracovn\u00edm prost\u0159ed\u00edm a rozmanit\u00fdm provozn\u00edm pot\u0159eb\u00e1m.<\/p>\n<p><img decoding=\"async\" src=\"https:\/\/www.hydraulic-cylinders.net\/wp-content\/uploads\/2025\/01\/songte-company-2.webp\"><\/p>\n<h3>Funkce<\/h3>\n<ul>\n<li>Vysok\u00e1 pevnost a odolnost: obvykle vyrobeny z vysokopevnostn\u00ed oceli nebo hlin\u00edku, schopny odolat vysok\u00e9mu tlaku a t\u011b\u017ek\u00e9mu zat\u00ed\u017een\u00ed, vhodn\u00e9 pro n\u00e1ro\u010dn\u00e9 pracovn\u00ed prost\u0159ed\u00ed a navr\u017eeny s ohledem na odolnost proti opot\u0159eben\u00ed a korozi pro prodlou\u017een\u00ed \u017eivotnosti.<\/li>\n<li>Efektivn\u00ed hydraulick\u00fd provoz: vyu\u017e\u00edv\u00e1 tlak hydraulick\u00e9ho oleje k dosa\u017een\u00ed plynul\u00e9ho vysouv\u00e1n\u00ed a zasouv\u00e1n\u00ed, je schopen rychle reagovat na \u0159\u00eddic\u00ed povely a poskytuje siln\u00e9 tla\u010dn\u00e9 a ta\u017en\u00e9 s\u00edly, vhodn\u00fd pro manipulaci s t\u011b\u017ek\u00fdmi b\u0159emeny a slo\u017eit\u00e9 provozn\u00ed \u00fakoly.<\/li>\n<li>R\u016fzn\u00e9 typy v\u00e1lc\u016f: jedno\u010dinn\u00e9 (hydraulicky ovl\u00e1dan\u00e9 pouze v jednom sm\u011bru) nebo dvoj\u010dinn\u00e9 (hydraulicky ovl\u00e1dan\u00e9 ve dvou sm\u011brech) lze zvolit dle pot\u0159eby pro spln\u011bn\u00ed r\u016fzn\u00fdch provozn\u00edch po\u017eadavk\u016f. N\u011bkter\u00e9 modely jsou teleskopick\u00e9, co\u017e umo\u017e\u0148uje v\u011bt\u0161\u00ed vysunut\u00ed bez zv\u011bt\u0161en\u00ed vn\u011bj\u0161\u00edch rozm\u011br\u016f, vhodn\u00e9 pro aplikace s omezen\u00fdm prostorem.<\/li>\n<li>Zam\u011bniteln\u00e9: na\u0161e produkty dok\u00e1\u017e\u00ed tyto hydraulick\u00e9 v\u00e1lce dokonale nahradit.<\/li>\n<\/ul>\n<p><img decoding=\"async\" src=\"https:\/\/www.hydraulic-cylinders.net\/wp-content\/uploads\/2025\/01\/songte-cylinder-head-with-all-kinds-excavator-models.webp\"><\/p>\n<h2>Aplikace<\/h2>\n<p>Kore\u010dkov\u00fd v\u00e1lec se pou\u017e\u00edv\u00e1 hlavn\u011b v r\u016fzn\u00fdch stavebn\u00edch, t\u011b\u017eebn\u00edch a zem\u011bd\u011blsk\u00fdch stroj\u00edch, mimo jin\u00e9 v\u010detn\u011b:<\/p>\n<h3>Stavebn\u00ed stroje<\/h3>\n<ul>\n<li>Rypadla: v\u00e1lec l\u017e\u00edce umo\u017e\u0148uje v\u00fdkopov\u00e9 pr\u00e1ce t\u00edm, \u017ee umo\u017e\u0148uje l\u017e\u00edci proniknout do p\u016fdy.<\/li>\n<li>Rypadlo-naklada\u010de: v\u00e1lec l\u017e\u00edce pom\u00e1h\u00e1 jak p\u0159i v\u00fdkopov\u00fdch prac\u00edch, tak p\u0159i zved\u00e1n\u00ed.<\/li>\n<li>\u010celn\u00ed naklada\u010de: pom\u00e1haj\u00ed efektivn\u011b zvedat a vykl\u00e1dat n\u00e1klad.<\/li>\n<\/ul>\n<h3>T\u011b\u017eebn\u00ed za\u0159\u00edzen\u00ed<\/h3>\n<ul>\n<li>Naklada\u010de: pom\u00e1haj\u00ed efektivn\u011b zvedat a vykl\u00e1dat n\u00e1klad, a to i na velk\u00e9 vzd\u00e1lenosti.<\/li>\n<li>Bagry: pom\u00e1haj\u00ed t\u011b\u017eit materi\u00e1ly z dol\u016f a lom\u016f.<\/li>\n<li>Buldozery: pom\u00e1haj\u00ed s p\u0159emis\u0165ov\u00e1n\u00edm materi\u00e1lu na staveni\u0161ti dolu.<\/li>\n<\/ul>\n<h3>Zem\u011bd\u011blsk\u00e9 stroje<\/h3>\n<ul>\n<li>\u010celn\u00ed naklada\u010de: pou\u017e\u00edvaj\u00ed se k nakl\u00e1d\u00e1n\u00ed, zved\u00e1n\u00ed a p\u0159eprav\u011b zeminy, sena a dal\u0161\u00edch materi\u00e1l\u016f.<\/li>\n<li>Skl\u00edze\u010de: pou\u017e\u00edvaj\u00ed se k se\u010den\u00ed a ml\u00e1cen\u00ed plodin a sb\u011bru ovoce.<\/li>\n<li>Traktory: pou\u017e\u00edvaj\u00ed se k orb\u011b, s\u00e1zen\u00ed a p\u011bstov\u00e1n\u00ed plodin.<\/li>\n<\/ul>\n<h2>Konstruk\u010dn\u00ed aspekty a krit\u00e9ria v\u00fdb\u011bru<\/h2>\n<p>Konstrukce hydraulick\u00e9ho v\u00e1lce mus\u00ed zohled\u0148ovat faktory, jako je \u00fanosnost, t\u011bsn\u011bn\u00ed, trvanlivost, bezpe\u010dnost a \u00fadr\u017eba. N\u00e1sleduje n\u011bkolik kl\u00ed\u010dov\u00fdch konstruk\u010dn\u00edch aspekt\u016f:<\/p>\n<h3>Nosnost<\/h3>\n<p>Konstrukce v\u00e1lce mus\u00ed zajistit, aby bez selh\u00e1n\u00ed odolal zat\u00ed\u017een\u00ed, kter\u00e9mu bude b\u011bhem provozu \u010delit. To vy\u017eaduje pe\u010dliv\u00fd v\u00fdb\u011br materi\u00e1l\u016f a spr\u00e1vnou konstrukci sou\u010d\u00e1st\u00ed a konstrukce v\u00e1lce.<\/p>\n<h3>T\u011bsn\u011bn\u00ed<\/h3>\n<p>Hydraulick\u00e9 v\u00e1lce se spol\u00e9haj\u00ed na syst\u00e9m t\u011bsn\u011bn\u00ed, kter\u00e9 zabra\u0148uj\u00ed \u00faniku oleje a udr\u017euj\u00ed hydraulick\u00fd tlak. T\u011bsn\u011bn\u00ed mus\u00ed b\u00fdt vyrobena z odoln\u00fdch, ot\u011bruvzdorn\u00fdch materi\u00e1l\u016f, kter\u00e9 odol\u00e1vaj\u00ed p\u016fsoben\u00ed hydraulick\u00e9ho oleje a dal\u0161\u00edch ne\u010distot. Mezi b\u011b\u017en\u00e9 materi\u00e1ly pou\u017e\u00edvan\u00e9 pro t\u011bsn\u011bn\u00ed pat\u0159\u00ed polyuretan a nitrilov\u00e1 pry\u017e.<\/p>\n<h3>Trvanlivost<\/h3>\n<p>V\u00e1lec by m\u011bl b\u00fdt navr\u017een tak, aby odolal n\u00e1ro\u010dn\u00e9mu prost\u0159ed\u00ed a podm\u00ednk\u00e1m, v\u010detn\u011b vystaven\u00ed vlhkosti, prachu a dal\u0161\u00edm ne\u010distot\u00e1m. Pou\u017eit\u00ed vysoce kvalitn\u00edch materi\u00e1l\u016f, spr\u00e1vn\u00e1 povrchov\u00e1 \u00faprava a dal\u0161\u00ed opat\u0159en\u00ed mohou zlep\u0161it trvanlivost v\u00e1lce.<\/p>\n<h3>Bezpe\u010dnost<\/h3>\n<p>Konstrukce lahve by m\u011bla zahrnovat bezpe\u010dnostn\u00ed prvky, jako jsou p\u0159etlakov\u00e9 ventily a dal\u0161\u00ed mechanismy, kter\u00e9 zabra\u0148uj\u00ed p\u0159et\u00ed\u017een\u00ed nebo nebezpe\u010dn\u00e9mu provozu. Spr\u00e1vn\u00e1 instalace, \u00fadr\u017eba a provoz lahve jsou tak\u00e9 z\u00e1sadn\u00ed pro zaji\u0161t\u011bn\u00ed bezpe\u010dnosti.<\/p>\n<h3>Udr\u017eovatelnost<\/h3>\n<p>Konstrukce v\u00e1lce by m\u011bla umo\u017e\u0148ovat snadnou \u00fadr\u017ebu, v\u010detn\u011b mo\u017enosti v\u00fdm\u011bny opot\u0159ebovan\u00fdch t\u011bsn\u011bn\u00ed nebo jin\u00fdch sou\u010d\u00e1st\u00ed. Spr\u00e1vn\u00e1 \u00fadr\u017eba m\u016f\u017ee pomoci prodlou\u017eit \u017eivotnost v\u00e1lce a zabr\u00e1nit prostoj\u016fm v d\u016fsledku poruch.<\/p>\n<p><img decoding=\"async\" src=\"https:\/\/www.hydraulic-cylinders.net\/wp-content\/uploads\/2025\/01\/songte-oil-pipes-and-spare-parts.webp\"><\/p>\n<h2>T\u011bsn\u011bn\u00ed a maz\u00e1n\u00ed<\/h2>\n<p>Hydraulick\u00fd v\u00e1lec kore\u010dkov\u00e9ho v\u00e1lce se spol\u00e9h\u00e1 na syst\u00e9m t\u011bsn\u011bn\u00ed, kter\u00e9 zabra\u0148uj\u00ed \u00fanik\u016fm a udr\u017euj\u00ed spr\u00e1vn\u00fd tlak. Mezi nej\u010dast\u011bji pou\u017e\u00edvan\u00e1 t\u011bsn\u011bn\u00ed v hydraulick\u00fdch v\u00e1lc\u00edch pat\u0159\u00ed p\u00edstn\u00ed t\u011bsn\u011bn\u00ed a t\u011bsn\u011bn\u00ed p\u00edstnice. Tato t\u011bsn\u011bn\u00ed mus\u00ed b\u00fdt vyrobena z materi\u00e1l\u016f, kter\u00e9 odol\u00e1vaj\u00ed p\u016fsoben\u00ed hydraulick\u00e9ho oleje a dal\u0161\u00edch ne\u010distot a mus\u00ed si b\u00fdt schopny udr\u017eet sv\u00e9 t\u011bsnic\u00ed vlastnosti v pr\u016fb\u011bhu \u010dasu.<\/p>\n<p>Vnit\u0159n\u00ed sou\u010d\u00e1sti v\u00e1lce, v\u010detn\u011b p\u00edstu, ty\u010de a st\u011bn v\u00e1lce, mus\u00ed b\u00fdt dostate\u010dn\u011b maz\u00e1ny, aby se sn\u00ed\u017eilo t\u0159en\u00ed a opot\u0159eben\u00ed. Spr\u00e1vn\u00e9 maz\u00e1n\u00ed m\u016f\u017ee pomoci prodlou\u017eit \u017eivotnost v\u00e1lce a zlep\u0161it jeho v\u00fdkon.<\/p>\n<h2>\u00dadr\u017eba a opravy<\/h2>\n<p>Spr\u00e1vn\u00e1 \u00fadr\u017eba a opravy jsou z\u00e1sadn\u00ed pro zaji\u0161t\u011bn\u00ed trval\u00e9ho v\u00fdkonu a dlouh\u00e9 \u017eivotnosti kore\u010dkov\u00e9ho v\u00e1lce. Mezi nejb\u011b\u017en\u011bj\u0161\u00ed \u00fakony \u00fadr\u017eby pat\u0159\u00ed kontrola t\u011bsnosti v\u00e1lce, v\u00fdm\u011bna opot\u0159ebovan\u00fdch t\u011bsn\u011bn\u00ed a kontrola v\u00e1lce, zda nen\u00ed po\u0161kozen\u00fd nebo opot\u0159ebovan\u00fd. Pravideln\u00e1 \u00fadr\u017eba m\u016f\u017ee pomoci prodlou\u017eit \u017eivotnost v\u00e1lce a zabr\u00e1nit prostoj\u016fm v d\u016fsledku poruch.<\/p>\n<h2>Pr\u016fvodce instalac\u00ed produktu<\/h2>\n<p>N\u00e1sleduje n\u011bkolik obecn\u00fdch pokyn\u016f pro instalaci kore\u010dkov\u00e9ho v\u00e1lce:<\/p>\n<ul>\n<li>Ujist\u011bte se, \u017ee je v\u00e1lec spr\u00e1vn\u011b zarovn\u00e1n s ostatn\u00edmi sou\u010d\u00e1stmi stroje.<\/li>\n<li>Ujist\u011bte se, \u017ee je hydraulick\u00fd syst\u00e9m stroje spr\u00e1vn\u011b p\u0159ipojen k v\u00e1lci.<\/li>\n<li>Pro zaji\u0161t\u011bn\u00ed bezpe\u010dn\u00e9ho uchycen\u00ed pou\u017e\u00edvejte vhodn\u00e9 instala\u010dn\u00ed n\u00e1stroje a vybaven\u00ed.<\/li>\n<li>Konkr\u00e9tn\u00ed pokyny k instalaci naleznete v u\u017eivatelsk\u00e9 p\u0159\u00edru\u010dce ke stroji.<\/li>\n<\/ul>\n<h2>Bezpe\u010dnostn\u00ed aspekty a faktory prost\u0159ed\u00ed<\/h2>\n<p>P\u0159i pou\u017e\u00edv\u00e1n\u00ed hydraulick\u00fdch v\u00e1lc\u016f je nezbytn\u00e9 dodr\u017eovat spr\u00e1vn\u00e9 bezpe\u010dnostn\u00ed postupy, aby se zabr\u00e1nilo zran\u011bn\u00ed nebo po\u0161kozen\u00ed za\u0159\u00edzen\u00ed. Obsluha by m\u011bla absolvovat \u0159\u00e1dn\u00e9 \u0161kolen\u00ed a p\u0159i pr\u00e1ci s hydraulick\u00fdmi v\u00e1lci pou\u017e\u00edvat vhodn\u00e9 osobn\u00ed ochrann\u00e9 prost\u0159edky (OOP).<\/p>\n<p>Faktory prost\u0159ed\u00ed, jako je teplota, vlhkost a vystaven\u00ed chemik\u00e1li\u00edm nebo jin\u00fdm kontaminant\u016fm, mohou ovlivnit v\u00fdkon a \u017eivotnost lahve. Spr\u00e1vn\u00e9 skladov\u00e1n\u00ed, manipulace a \u00fadr\u017eba mohou pomoci sn\u00ed\u017eit dopad t\u011bchto faktor\u016f.<\/p>\n<h2>Odstra\u0148ov\u00e1n\u00ed probl\u00e9m\u016f a b\u011b\u017en\u00e9 probl\u00e9my<\/h2>\n<p>Mezi b\u011b\u017en\u00e9 probl\u00e9my s kore\u010dkov\u00fdmi v\u00e1lci pat\u0159\u00ed net\u011bsnosti, opot\u0159ebovan\u00e1 t\u011bsn\u011bn\u00ed a po\u0161kozen\u00ed vnit\u0159n\u00edch sou\u010d\u00e1st\u00ed v\u00e1lce. Spr\u00e1vn\u00e1 \u00fadr\u017eba a opravy mohou t\u011bmto probl\u00e9m\u016fm p\u0159edch\u00e1zet a v\u010dasn\u00fd z\u00e1sah je m\u016f\u017ee rychle vy\u0159e\u0161it.<\/p>\n<h2>O na\u0161\u00ed spole\u010dnosti<\/h2>\n<p>Jsme p\u0159edn\u00edm v\u00fdrobcem a velkoobchodn\u00edm distributorem hydraulick\u00fdch v\u00e1lc\u016f se \u0161irokou \u0161k\u00e1lou produkt\u016f, kter\u00e9 spl\u0148uj\u00ed pot\u0159eby dom\u00e1c\u00edho i mezin\u00e1rodn\u00edho trhu. N\u00e1\u0161 z\u00e1vazek k vynikaj\u00edc\u00ed kvalit\u011b, \u0159\u00edzen\u00ed v\u00fdroby a profesion\u00e1ln\u00edm testovac\u00edm syst\u00e9m\u016fm n\u00e1m umo\u017enil neust\u00e1le zlep\u0161ovat na\u0161i v\u00fdrobn\u00ed platformu, zdokonalovat na\u0161e postupy pro zaji\u0161t\u011bn\u00ed kvality v\u00fdroby a rozv\u00edjet silnou v\u00fdrobn\u00ed kapacitu. Na\u0161\u00edm c\u00edlem je poskytovat na\u0161im z\u00e1kazn\u00edk\u016fm efektivn\u00ed, p\u0159esn\u00e9 a vysoce kvalitn\u00ed produkty, kter\u00e9 spl\u0148uj\u00ed jejich rozmanit\u00e9 pot\u0159eby.<\/p>\n<ul>\n<li>Profesionalita: N\u00e1\u0161 t\u00fdm odborn\u00edk\u016f m\u00e1 rozs\u00e1hl\u00e9 zku\u0161enosti s n\u00e1vrhem, v\u00fdrobou a \u00fadr\u017ebou hydraulick\u00fdch v\u00e1lc\u016f.<\/li>\n<li>Mezin\u00e1rodn\u00ed certifikace: Na\u0161e v\u00fdrobky jsou certifikov\u00e1ny podle mezin\u00e1rodn\u00edch norem, jako jsou ISO9001, CE a TUV.<\/li>\n<li>P\u0159izp\u016fsoben\u00ed: Na\u0161e produkty m\u016f\u017eeme p\u0159izp\u016fsobit tak, aby spl\u0148ovaly specifick\u00e9 pot\u0159eby na\u0161ich z\u00e1kazn\u00edk\u016f.<\/li>\n<li>V\u00fdrobn\u00ed za\u0159\u00edzen\u00ed: Pou\u017e\u00edv\u00e1me modern\u00ed vybaven\u00ed a stroje k zaji\u0161t\u011bn\u00ed kvality na\u0161ich v\u00fdrobk\u016f.<\/li>\n<li>Poprodejn\u00ed servis: Nab\u00edz\u00edme \u0159adu slu\u017eeb, kter\u00e9 pom\u00e1haj\u00ed na\u0161im z\u00e1kazn\u00edk\u016fm s \u00fadr\u017ebou a opravami hydraulick\u00fdch v\u00e1lc\u016f, v\u010detn\u011b n\u00e1hradn\u00edch d\u00edl\u016f a repas\u00ed.<\/li>\n<\/ul>\n<p><img decoding=\"async\" src=\"https:\/\/hzpt.com\/wp-content\/uploads\/2024\/11\/songte-company-1.webp\"><\/p>\n<p>Autor: lyl<\/p>","protected":false},"excerpt":{"rendered":"<p>Bucket Cylinder For Liugong Middle Excavator CLG230 Introduction Definition A bucket cylinder is a specially designed hydraulic cylinder used to control the movement of the bucket in heavy machinery such as excavators, backhoes, and front-end loaders. Its main function is to enable the bucket to lift, lower, and tilt, making it easier to handle various [&hellip;]<\/p>","protected":false},"featured_media":14761,"comment_status":"open","ping_status":"closed","template":"","meta":{"_et_pb_use_builder":"","_et_pb_old_content":"","_et_gb_content_width":""},"product_brand":[],"product_cat":[1494],"product_tag":[1495,1496],"class_list":{"0":"post-15581","1":"product","2":"type-product","3":"status-publish","4":"has-post-thumbnail","6":"product_cat-bucket-cylinders","7":"product_tag-bucket-cylinders","8":"product_tag-hydraulic-cylinders","10":"first","11":"instock","12":"shipping-taxable","13":"product-type-simple"},"amp_enabled":true,"_links":{"self":[{"href":"https:\/\/www.hydraulic-cylinders.net\/cs\/wp-json\/wp\/v2\/product\/15581","targetHints":{"allow":["GET"]}}],"collection":[{"href":"https:\/\/www.hydraulic-cylinders.net\/cs\/wp-json\/wp\/v2\/product"}],"about":[{"href":"https:\/\/www.hydraulic-cylinders.net\/cs\/wp-json\/wp\/v2\/types\/product"}],"replies":[{"embeddable":true,"href":"https:\/\/www.hydraulic-cylinders.net\/cs\/wp-json\/wp\/v2\/comments?post=15581"}],"wp:featuredmedia":[{"embeddable":true,"href":"https:\/\/www.hydraulic-cylinders.net\/cs\/wp-json\/wp\/v2\/media\/14761"}],"wp:attachment":[{"href":"https:\/\/www.hydraulic-cylinders.net\/cs\/wp-json\/wp\/v2\/media?parent=15581"}],"wp:term":[{"taxonomy":"product_brand","embeddable":true,"href":"https:\/\/www.hydraulic-cylinders.net\/cs\/wp-json\/wp\/v2\/product_brand?post=15581"},{"taxonomy":"product_cat","embeddable":true,"href":"https:\/\/www.hydraulic-cylinders.net\/cs\/wp-json\/wp\/v2\/product_cat?post=15581"},{"taxonomy":"product_tag","embeddable":true,"href":"https:\/\/www.hydraulic-cylinders.net\/cs\/wp-json\/wp\/v2\/product_tag?post=15581"}],"curies":[{"name":"wp","href":"https:\/\/api.w.org\/{rel}","templated":true}]}}