{"id":15590,"date":"2025-01-19T14:43:17","date_gmt":"2025-01-19T14:43:17","guid":{"rendered":"https:\/\/www.hydraulic-cylinders.net\/product\/bucket-cylinder-for-xgma-small-excavator-xg806\/"},"modified":"2025-01-19T14:43:19","modified_gmt":"2025-01-19T14:43:19","slug":"bucket-cylinder-for-xgma-small-excavator-xg806","status":"publish","type":"product","link":"https:\/\/www.hydraulic-cylinders.net\/cs\/produkt\/bucket-cylinder-for-xgma-small-excavator-xg806\/","title":{"rendered":"V\u00e1lec kore\u010dkov\u00e9ho v\u00e1lce pro mal\u00e9 rypadlo XGMA XG806"},"content":{"rendered":"<p><!DOCTYPE html><br \/>\n<html><br \/>\n<head><br \/>\n<title>V\u00e1lec kore\u010dkov\u00e9ho v\u00e1lce pro mal\u00e9 rypadlo XGMA XG806<\/title><br \/>\n<\/head><br \/>\n<body><\/p>\n<h1>V\u00e1lec kore\u010dkov\u00e9ho v\u00e1lce pro mal\u00e9 rypadlo XGMA XG806<\/h1>\n<h2>Zaveden\u00ed<\/h2>\n<p>Hydraulick\u00fd v\u00e1lec l\u017e\u00edce je speci\u00e1ln\u011b navr\u017een\u00fd hydraulick\u00fd v\u00e1lec pou\u017e\u00edvan\u00fd k ovl\u00e1d\u00e1n\u00ed pohybu l\u017e\u00edce v t\u011b\u017ek\u00fdch stroj\u00edch, jako jsou rypadla, r\u00fdpadlo-naklada\u010de a \u010deln\u00ed naklada\u010de. Jeho hlavn\u00ed funkc\u00ed je umo\u017enit zved\u00e1n\u00ed, spou\u0161t\u011bn\u00ed a nakl\u00e1p\u011bn\u00ed l\u017e\u00edce, co\u017e usnad\u0148uje r\u016fzn\u00e9 \u00fakoly manipulace s materi\u00e1lem. V hydraulick\u00e9m syst\u00e9mu dosahuje v\u00e1lec l\u017e\u00edce p\u0159esn\u00e9ho ovl\u00e1d\u00e1n\u00ed l\u017e\u00edce vyu\u017eit\u00edm zm\u011bn tlaku hydraulick\u00e9ho oleje, co\u017e umo\u017e\u0148uje obsluze efektivn\u011b manipulovat s t\u011b\u017ek\u00fdmi b\u0159emeny a p\u0159izp\u016fsobovat se slo\u017eit\u00fdm pracovn\u00edm prost\u0159ed\u00edm a rozmanit\u00fdm po\u017eadavk\u016fm na pr\u00e1ci.<\/p>\n<p><img decoding=\"async\" src=\"https:\/\/www.hydraulic-cylinders.net\/wp-content\/uploads\/2025\/01\/songte-company-2.webp\" alt=\"Obr\u00e1zek v\u00e1lce kbel\u00edku\"><\/p>\n<h2>Funkce<\/h2>\n<ul>\n<li><strong>Vysok\u00e1 pevnost a trvanlivost:<\/strong> Kore\u010dkov\u00fd v\u00e1lec, obvykle vyroben\u00fd z vysokopevnostn\u00ed oceli nebo hlin\u00edku, odol\u00e1 vysok\u00fdm tlak\u016fm a t\u011b\u017ek\u00fdm z\u00e1t\u011b\u017e\u00edm, a p\u0159izp\u016fsob\u00ed se tak n\u00e1ro\u010dn\u00fdm pracovn\u00edm prost\u0159ed\u00edm. Jeho konstrukce zohled\u0148uje odolnost proti opot\u0159eben\u00ed a korozi, \u010d\u00edm\u017e prodlu\u017euje \u017eivotnost.<\/li>\n<li><strong>Efektivn\u00ed hydraulick\u00fd provoz:<\/strong> D\u00edky tlaku hydraulick\u00e9ho oleje umo\u017e\u0148uje v\u00e1lec kore\u010dkov\u00e9ho v\u00e1lce plynul\u00e9 vysouv\u00e1n\u00ed a stahov\u00e1n\u00ed, co\u017e zaji\u0161\u0165uje rychlou reakci na ovl\u00e1dac\u00ed povely a dod\u00e1v\u00e1 siln\u00e9 tlakov\u00e9 a ta\u017en\u00e9 s\u00edly. Je vhodn\u00fd pro manipulaci s t\u011b\u017ek\u00fdmi b\u0159emeny a slo\u017eit\u00e9 pracovn\u00ed \u00fakoly.<\/li>\n<li><strong>R\u016fzn\u00e9 typy:<\/strong> V\u00e1lec kore\u010dkov\u00e9ho v\u00e1lce lze volit jako jedno\u010dinn\u00fd (hydraulicky ovl\u00e1dan\u00fd pouze v jednom sm\u011bru) nebo dvoj\u010dinn\u00fd (hydraulicky ovl\u00e1dan\u00fd v obou sm\u011brech) dle specifick\u00fdch provozn\u00edch pot\u0159eb. N\u011bkter\u00e9 modely jsou teleskopick\u00e9, co\u017e umo\u017e\u0148uje v\u011bt\u0161\u00ed vysunut\u00ed bez zv\u011bt\u0161en\u00ed vn\u011bj\u0161\u00edch rozm\u011br\u016f, a proto jsou vhodn\u00e9 pro aplikace s omezen\u00fdm prostorem.<\/li>\n<li><strong>Dokonal\u00e1 n\u00e1hrada:<\/strong> Na\u0161e produkty dok\u00e1\u017e\u00ed tyto hydraulick\u00e9 v\u00e1lce dokonale nahradit.<\/li>\n<\/ul>\n<p><img decoding=\"async\" src=\"https:\/\/www.hydraulic-cylinders.net\/wp-content\/uploads\/2025\/01\/songte-cylinder-head-with-all-kinds-excavator-models.webp\" alt=\"Obr\u00e1zek produktu\"><\/p>\n<h2>Aplikace<\/h2>\n<h3>Stavebn\u00ed vybaven\u00ed:<\/h3>\n<p>U bagr\u016f jsou kl\u00ed\u010dov\u00e9 pro v\u00fdkopov\u00e9 pr\u00e1ce, nakl\u00e1d\u00e1n\u00ed a p\u0159emis\u0165ov\u00e1n\u00ed zeminy nebo suti. U rypadlo-naklada\u010d\u016f pom\u00e1h\u00e1 v\u00e1lec l\u017e\u00edce jak p\u0159i v\u00fdkopov\u00fdch prac\u00edch, tak p\u0159i zved\u00e1n\u00ed.<\/p>\n<h3>Zem\u011bd\u011blsk\u00e9 stroje:<\/h3>\n<p>Pou\u017e\u00edv\u00e1 se v \u010deln\u00edch naklada\u010d\u00edch pro nab\u00edr\u00e1n\u00ed, zved\u00e1n\u00ed a p\u0159epravu zeminy, sena a dal\u0161\u00edch materi\u00e1l\u016f.<\/p>\n<h3>Bagry:<\/h3>\n<p>V\u00e1lec l\u017e\u00edce umo\u017e\u0148uje ryp\u00e1n\u00ed t\u00edm, \u017ee umo\u017e\u0148uje l\u017e\u00edci proniknout do p\u016fdy.<\/p>\n<h3>Naklada\u010de:<\/h3>\n<p>U \u010deln\u00edch naklada\u010d\u016f pom\u00e1haj\u00ed efektivn\u011b zvedat a nakl\u00e1n\u011bt zbo\u017e\u00ed.<\/p>\n<h2>Konstruk\u010dn\u00ed aspekty a krit\u00e9ria v\u00fdb\u011bru<\/h2>\n<ul>\n<li><strong>Nosnost:<\/strong> Schopnost kore\u010dkov\u00e9ho v\u00e1lce odol\u00e1vat vysok\u00e9mu zat\u00ed\u017een\u00ed je d\u016fle\u017eit\u00fdm konstruk\u010dn\u00edm hlediskem.<\/li>\n<li><strong>T\u011bsn\u011bn\u00ed:<\/strong> R\u016fzn\u00e1 t\u011bsn\u011bn\u00ed, jako jsou p\u00edstn\u00ed t\u011bsn\u011bn\u00ed a p\u00edstn\u00ed t\u011bsn\u011bn\u00ed, se pou\u017e\u00edvaj\u00ed z materi\u00e1l\u016f odoln\u00fdch proti opot\u0159eben\u00ed, jako je polyuretan a nitrilov\u00e1 pry\u017e. T\u011bleso v\u00e1lce a z\u00e1vitov\u00e9 konce jsou jemn\u011b o\u0161et\u0159eny pro zv\u00fd\u0161en\u00ed odolnosti proti opot\u0159eben\u00ed.<\/li>\n<\/ul>\n<p><img decoding=\"async\" src=\"https:\/\/www.hydraulic-cylinders.net\/wp-content\/uploads\/2025\/01\/songte-oil-pipes-and-spare-parts.webp\" alt=\"Obr\u00e1zek produktu\"><\/p>\n<h2>T\u011bsn\u011bn\u00ed a maz\u00e1n\u00ed<\/h2>\n<p>Kore\u010dkov\u00fd v\u00e1lec vyu\u017e\u00edv\u00e1 r\u016fzn\u00e1 t\u011bsn\u011bn\u00ed, jako jsou p\u00edstn\u00ed t\u011bsn\u011bn\u00ed a t\u011bsn\u011bn\u00ed p\u00edstnice, kter\u00e1 jsou vyrobena z materi\u00e1l\u016f odoln\u00fdch proti opot\u0159eben\u00ed, jako je polyuretan a nitrilov\u00e1 pry\u017e. T\u011bleso v\u00e1lce a z\u00e1vitov\u00e9 koncov\u00e9 plochy jsou jemn\u011b o\u0161et\u0159eny pro zlep\u0161en\u00ed odolnosti proti opot\u0159eben\u00ed. Pro hladk\u00fd provoz je nezbytn\u00e9 pravideln\u00e9 maz\u00e1n\u00ed vhodn\u00fdm hydraulick\u00fdm olejem.<\/p>\n<h2>Pravideln\u00e1 kontrola a preventivn\u00ed \u00fadr\u017eba<\/h2>\n<ul>\n<li>Pravideln\u011b kontrolujte, zda nevykazuj\u00ed zn\u00e1mky \u00faniku nebo po\u0161kozen\u00ed.<\/li>\n<li>Zajist\u011bte spr\u00e1vn\u00e9 maz\u00e1n\u00ed v\u00e1lce.<\/li>\n<li>Pro udr\u017een\u00ed optim\u00e1ln\u00edho v\u00fdkonu pravideln\u011b vym\u011b\u0148ujte t\u011bsn\u011bn\u00ed.<\/li>\n<li>Pro zaji\u0161t\u011bn\u00ed p\u0159esn\u00e9ho provozu prove\u010fte kalibra\u010dn\u00ed kontroly.<\/li>\n<\/ul>\n<p><img decoding=\"async\" src=\"https:\/\/www.hydraulic-cylinders.net\/wp-content\/uploads\/2025\/01\/songte-chushion-collar.webp\" alt=\"Obr\u00e1zek produktu\"><\/p>\n<h2>Bezpe\u010dnostn\u00ed aspekty a faktory prost\u0159ed\u00ed<\/h2>\n<p>P\u0159i pou\u017e\u00edv\u00e1n\u00ed kbel\u00edkov\u00e9ho v\u00e1lce je d\u016fle\u017eit\u00e9 dodr\u017eovat bezpe\u010dnostn\u00ed opat\u0159en\u00ed, aby byla zaji\u0161t\u011bna pohoda person\u00e1lu a minimalizov\u00e1n dopad na \u017eivotn\u00ed prost\u0159ed\u00ed.<\/p>\n<h2>Diagnostika z\u00e1vad a b\u011b\u017en\u00e9 probl\u00e9my<\/h2>\n<p>Mezi b\u011b\u017en\u00e9 z\u00e1vady a probl\u00e9my s v\u00e1lcem kore\u010dkov\u00e9ho v\u00e1lce m\u016f\u017ee pat\u0159it net\u011bsnost, nedostate\u010dn\u00fd v\u00fdkon a abnorm\u00e1ln\u00ed pohyby. Pro efektivn\u00ed diagnostiku a vy\u0159e\u0161en\u00ed t\u011bchto probl\u00e9m\u016f jsou nezbytn\u00e9 spr\u00e1vn\u00e9 techniky odstra\u0148ov\u00e1n\u00ed a \u0159e\u0161en\u00ed probl\u00e9m\u016f. Zaveden\u00ed preventivn\u00edch opat\u0159en\u00ed m\u016f\u017ee pomoci minimalizovat potenci\u00e1ln\u00ed probl\u00e9my.<\/p>\n<p><img decoding=\"async\" src=\"https:\/\/www.hydraulic-cylinders.net\/wp-content\/uploads\/2025\/01\/songte-bushings-with-all-kinds-of-excavator-models.webp\" alt=\"Obr\u00e1zek produktu\"><\/p>\n<h2>\u00dakoly \u00fadr\u017eby<\/h2>\n<ul>\n<li>Pravideln\u00e9 kontroly<\/li>\n<li>Spr\u00e1vn\u00e9 maz\u00e1n\u00ed<\/li>\n<li>V\u00fdm\u011bna t\u011bsn\u011bn\u00ed<\/li>\n<li>Kalibra\u010dn\u00ed kontroly<\/li>\n<\/ul>\n<p>Spr\u00e1vn\u00e1 instalace, maz\u00e1n\u00ed a se\u0159\u00edzen\u00ed jsou z\u00e1sadn\u00ed pro optim\u00e1ln\u00ed v\u00fdkon kore\u010dkov\u00e9ho v\u00e1lce. B\u011bhem instalace by m\u011blo b\u00fdt zaji\u0161t\u011bno spr\u00e1vn\u00e9 veden\u00ed pro vyrovn\u00e1n\u00ed a k zaji\u0161t\u011bn\u00ed v\u00e1lce se doporu\u010duje pou\u017eit\u00ed vhodn\u00fdch mont\u00e1\u017en\u00edch konzol. M\u011bly by b\u00fdt poskytnuty doporu\u010den\u00e9 postupy kontroly, opravy a v\u00fdm\u011bny, jako\u017e i tipy pro prodlou\u017een\u00ed \u017eivotnosti kore\u010dkov\u00e9ho v\u00e1lce.<\/p>\n<p><img decoding=\"async\" src=\"https:\/\/hzpt.com\/wp-content\/uploads\/2024\/11\/songte-company-1.webp\" alt=\"Image spole\u010dnosti\"><\/p>\n<h2>O na\u0161\u00ed spole\u010dnosti<\/h2>\n<p>Jsme p\u0159edn\u00edm v\u00fdrobcem a velkoobchodn\u00edm distributorem hydraulick\u00fdch v\u00e1lc\u016f na dom\u00e1c\u00edm i mezin\u00e1rodn\u00edm trhu. Na\u0161e spole\u010dnost nab\u00edz\u00ed \u0161irokou \u0161k\u00e1lu produkt\u016f a je zav\u00e1z\u00e1na k vynikaj\u00edc\u00ed kvalit\u011b. Disponujeme sofistikovanou v\u00fdrobn\u00ed d\u00edlnou, pokro\u010dil\u00fdm digit\u00e1ln\u00edm v\u00fdrobn\u00edm za\u0159\u00edzen\u00edm a profesion\u00e1ln\u00edmi testovac\u00edmi syst\u00e9my, co\u017e n\u00e1m umo\u017e\u0148uje neust\u00e1le zlep\u0161ovat v\u00fdrobn\u00ed platformu, optimalizovat v\u00fdrobn\u00ed postupy pro zaji\u0161t\u011bn\u00ed kvality produkt\u016f a disponovat siln\u00fdmi inova\u010dn\u00edmi schopnostmi. Sna\u017e\u00edme se uspokojovat rozmanit\u00e9 pot\u0159eby z\u00e1kazn\u00edk\u016f s vysokou efektivitou, p\u0159esnost\u00ed a kvalitou.<\/p>\n<p><img decoding=\"async\" src=\"https:\/\/www.hydraulic-cylinders.net\/wp-content\/uploads\/2025\/01\/songte-company-3.webp\" alt=\"Image spole\u010dnosti\"><\/p>\n<h3>Pro\u010d si vybrat n\u00e1s<\/h3>\n<ul>\n<li>Profesionalita<\/li>\n<li>Mezin\u00e1rodn\u00ed certifikace<\/li>\n<li>Slu\u017eby p\u0159izp\u016fsoben\u00ed<\/li>\n<li>Pokro\u010dil\u00e9 v\u00fdrobn\u00ed za\u0159\u00edzen\u00ed<\/li>\n<li>Poprodejn\u00ed slu\u017eby<\/li>\n<\/ul>\n<p>Autor: lyl<\/p>\n<p><\/body><br \/>\n<\/html><\/p>","protected":false},"excerpt":{"rendered":"<p>Bucket Cylinder For XGMA Small Excavator XG806 Bucket Cylinder For XGMA Small Excavator XG806 Introduction The bucket cylinder is a specially designed hydraulic cylinder used to control the movement of the bucket in heavy machinery such as excavators, backhoe loaders, and front-end loaders. Its main function is to enable the lifting, lowering, and tilting of [&hellip;]<\/p>","protected":false},"featured_media":14776,"comment_status":"open","ping_status":"closed","template":"","meta":{"_et_pb_use_builder":"","_et_pb_old_content":"","_et_gb_content_width":""},"product_brand":[],"product_cat":[1494],"product_tag":[1495,1496],"class_list":{"0":"post-15590","1":"product","2":"type-product","3":"status-publish","4":"has-post-thumbnail","6":"product_cat-bucket-cylinders","7":"product_tag-bucket-cylinders","8":"product_tag-hydraulic-cylinders","10":"first","11":"instock","12":"shipping-taxable","13":"product-type-simple"},"amp_enabled":true,"_links":{"self":[{"href":"https:\/\/www.hydraulic-cylinders.net\/cs\/wp-json\/wp\/v2\/product\/15590","targetHints":{"allow":["GET"]}}],"collection":[{"href":"https:\/\/www.hydraulic-cylinders.net\/cs\/wp-json\/wp\/v2\/product"}],"about":[{"href":"https:\/\/www.hydraulic-cylinders.net\/cs\/wp-json\/wp\/v2\/types\/product"}],"replies":[{"embeddable":true,"href":"https:\/\/www.hydraulic-cylinders.net\/cs\/wp-json\/wp\/v2\/comments?post=15590"}],"wp:featuredmedia":[{"embeddable":true,"href":"https:\/\/www.hydraulic-cylinders.net\/cs\/wp-json\/wp\/v2\/media\/14776"}],"wp:attachment":[{"href":"https:\/\/www.hydraulic-cylinders.net\/cs\/wp-json\/wp\/v2\/media?parent=15590"}],"wp:term":[{"taxonomy":"product_brand","embeddable":true,"href":"https:\/\/www.hydraulic-cylinders.net\/cs\/wp-json\/wp\/v2\/product_brand?post=15590"},{"taxonomy":"product_cat","embeddable":true,"href":"https:\/\/www.hydraulic-cylinders.net\/cs\/wp-json\/wp\/v2\/product_cat?post=15590"},{"taxonomy":"product_tag","embeddable":true,"href":"https:\/\/www.hydraulic-cylinders.net\/cs\/wp-json\/wp\/v2\/product_tag?post=15590"}],"curies":[{"name":"wp","href":"https:\/\/api.w.org\/{rel}","templated":true}]}}