{"id":15591,"date":"2025-01-19T14:43:21","date_gmt":"2025-01-19T14:43:21","guid":{"rendered":"https:\/\/www.hydraulic-cylinders.net\/product\/bucket-cylinder-for-xgma-small-excavator-xg808\/"},"modified":"2025-01-19T14:43:23","modified_gmt":"2025-01-19T14:43:23","slug":"bucket-cylinder-for-xgma-small-excavator-xg808","status":"publish","type":"product","link":"https:\/\/www.hydraulic-cylinders.net\/cs\/produkt\/bucket-cylinder-for-xgma-small-excavator-xg808\/","title":{"rendered":"V\u00e1lec kore\u010dkov\u00e9ho v\u00e1lce pro mal\u00e9 rypadlo XGMA XG808"},"content":{"rendered":"<p><!DOCTYPE html><br \/>\n<html><br \/>\n<head><br \/>\n<\/head><br \/>\n<body><\/p>\n<h1>V\u00e1lec kore\u010dkov\u00e9ho v\u00e1lce pro mal\u00e9 rypadlo XGMA XG808<\/h1>\n<h2>Zaveden\u00ed<\/h2>\n<p>Hydraulick\u00fd v\u00e1lec l\u017e\u00edce je speci\u00e1ln\u011b navr\u017een\u00fd hydraulick\u00fd v\u00e1lec pou\u017e\u00edvan\u00fd k ovl\u00e1d\u00e1n\u00ed pohybu l\u017e\u00edce v t\u011b\u017ek\u00fdch stroj\u00edch, jako jsou rypadla, rypadla-naklada\u010de a kolov\u00e9 naklada\u010de. Jeho hlavn\u00ed funkc\u00ed je umo\u017enit zved\u00e1n\u00ed, spou\u0161t\u011bn\u00ed a nakl\u00e1p\u011bn\u00ed l\u017e\u00edce, co\u017e usnad\u0148uje r\u016fzn\u00e9 \u00fakoly manipulace s materi\u00e1lem. V hydraulick\u00e9m syst\u00e9mu dosahuje v\u00e1lec l\u017e\u00edce p\u0159esn\u00e9ho ovl\u00e1d\u00e1n\u00ed l\u017e\u00edce pomoc\u00ed zm\u011bn tlaku hydraulick\u00e9ho oleje, co\u017e umo\u017e\u0148uje obsluze efektivn\u011b manipulovat s t\u011b\u017ek\u00fdmi b\u0159emeny a p\u0159izp\u016fsobovat se slo\u017eit\u00fdm pracovn\u00edm prost\u0159ed\u00edm a rozmanit\u00fdm provozn\u00edm po\u017eadavk\u016fm.<\/p>\n<p><img decoding=\"async\" src=\"https:\/\/www.hydraulic-cylinders.net\/wp-content\/uploads\/2025\/01\/songte-company-2.webp\" alt=\"Obr\u00e1zek v\u00e1lce kbel\u00edku\"><\/p>\n<h2>Funkce<\/h2>\n<ul>\n<li>Vysok\u00e1 pevnost a odolnost: V\u00e1lec kore\u010dkov\u00e9ho typu, obvykle vyroben\u00fd z vysokopevnostn\u00ed oceli nebo hlin\u00edku, odol\u00e1 vysok\u00e9mu tlaku a velk\u00e9mu zat\u00ed\u017een\u00ed, a p\u0159izp\u016fsob\u00ed se tak n\u00e1ro\u010dn\u00fdm pracovn\u00edm podm\u00ednk\u00e1m. Jeho konstrukce zohled\u0148uje odolnost proti opot\u0159eben\u00ed a korozi, co\u017e prodlu\u017euje jeho \u017eivotnost.<\/li>\n<li>Efektivn\u00ed hydraulick\u00fd provoz: Vyu\u017eit\u00edm tlaku hydraulick\u00e9ho oleje dosahuje v\u00e1lec kore\u010dkov\u00e9ho v\u00e1lce plynul\u00e9ho vysouv\u00e1n\u00ed a zasouv\u00e1n\u00ed, co\u017e umo\u017e\u0148uje rychlou reakci na ovl\u00e1dac\u00ed povely a poskytuje siln\u00e9 tla\u010dn\u00e9 a ta\u017en\u00e9 s\u00edly, d\u00edky \u010demu\u017e je vhodn\u00fd pro manipulaci s t\u011b\u017ek\u00fdmi b\u0159emeny a slo\u017eit\u00fdmi \u00fakoly.<\/li>\n<li>R\u016fzn\u00e9 typy: V\u00e1lec kore\u010dkov\u00e9ho v\u00e1lce lze zvolit jako jedno\u010dinn\u00fd (hydraulick\u00fd v\u00fdkon pouze v jednom sm\u011bru) nebo dvoj\u010dinn\u00fd (hydraulick\u00fd v\u00fdkon v obou sm\u011brech) v z\u00e1vislosti na provozn\u00edch po\u017eadavc\u00edch. N\u011bkter\u00e9 modely jsou teleskopick\u00e9, co\u017e umo\u017e\u0148uje v\u011bt\u0161\u00ed v\u00fdsuv bez zv\u011bt\u0161en\u00ed vn\u011bj\u0161\u00edch rozm\u011br\u016f, a proto jsou vhodn\u00e9 pro aplikace s omezen\u00fdm prostorem.<\/li>\n<li>Dokonal\u00e1 n\u00e1hrada: Na\u0161e produkty dok\u00e1\u017e\u00ed tyto hydraulick\u00e9 v\u00e1lce dokonale nahradit.<\/li>\n<\/ul>\n<p><img decoding=\"async\" src=\"https:\/\/www.hydraulic-cylinders.net\/wp-content\/uploads\/2025\/01\/songte-cylinder-head-with-all-kinds-excavator-models.webp\" alt=\"Obr\u00e1zek n\u00e1hradn\u00edho v\u00e1lce\"><\/p>\n<h2>Aplikace<\/h2>\n<p>Kore\u010dkov\u00fd v\u00e1lec nach\u00e1z\u00ed uplatn\u011bn\u00ed v r\u016fzn\u00fdch za\u0159\u00edzen\u00edch:<\/p>\n<ul>\n<li>Stavebn\u00ed za\u0159\u00edzen\u00ed: Nach\u00e1zej\u00ed se v bagrech a jsou kl\u00ed\u010dov\u00e9 pro kop\u00e1n\u00ed, nakl\u00e1d\u00e1n\u00ed a p\u0159emis\u0165ov\u00e1n\u00ed zeminy nebo suti. U rypadlo-naklada\u010d\u016f pom\u00e1h\u00e1 v\u00e1lec l\u017e\u00edce p\u0159i kop\u00e1n\u00ed i zved\u00e1n\u00ed.<\/li>\n<li>Zem\u011bd\u011blsk\u00e9 stroje: Pou\u017e\u00edvaj\u00ed se v \u010deln\u00edch naklada\u010d\u00edch pro nab\u00edr\u00e1n\u00ed, zved\u00e1n\u00ed a p\u0159epravu p\u016fdy, sena a dal\u0161\u00edch materi\u00e1l\u016f.<\/li>\n<li>Rypadla: V\u00e1lec l\u017e\u00edce umo\u017e\u0148uje kop\u00e1n\u00ed t\u00edm, \u017ee umo\u017e\u0148uje l\u017e\u00edci proniknout do p\u016fdy.<\/li>\n<li>Kolov\u00e9 naklada\u010de: Kolov\u00e9 naklada\u010de pom\u00e1haj\u00ed s efektivn\u00edm zved\u00e1n\u00edm a vykl\u00e1dkou zbo\u017e\u00ed.<\/li>\n<\/ul>\n<h2>Konstruk\u010dn\u00ed aspekty a krit\u00e9ria v\u00fdb\u011bru<\/h2>\n<ul>\n<li>\u00danosnost: V\u00e1lec kore\u010dkov\u00e9ho v\u00e1lce je navr\u017een tak, aby odolal vysok\u00e9mu zat\u00ed\u017een\u00ed a zajistil struktur\u00e1ln\u00ed integritu.<\/li>\n<li>T\u011bsn\u011bn\u00ed: K zabr\u00e1n\u011bn\u00ed \u00faniku a udr\u017een\u00ed hydraulick\u00e9 \u00fa\u010dinnosti se pou\u017e\u00edvaj\u00ed r\u016fzn\u00e9 t\u011bsnic\u00ed komponenty, jako jsou t\u011bsn\u011bn\u00ed p\u00edst\u016f a t\u011bsn\u011bn\u00ed p\u00edstnic.<\/li>\n<li>Trvanlivost: V\u00e1lec je vyroben z vysoce kvalitn\u00edch materi\u00e1l\u016f a proch\u00e1z\u00ed p\u0159esnou povrchovou \u00fapravou pro zv\u00fd\u0161en\u00ed odolnosti proti opot\u0159eben\u00ed a korozi.<\/li>\n<li>Bezpe\u010dnost: Sou\u010d\u00e1st\u00ed konstrukce jsou bezpe\u010dnostn\u00ed prvky, kter\u00e9 chr\u00e1n\u00ed obsluhu a za\u0159\u00edzen\u00ed p\u0159ed potenci\u00e1ln\u00edmi nebezpe\u010d\u00edmi.<\/li>\n<li>\u00dadr\u017eba: Konstrukce v\u00e1lce umo\u017e\u0148uje snadnou \u00fadr\u017ebu a opravy, co\u017e zaji\u0161\u0165uje minim\u00e1ln\u00ed prostoje.<\/li>\n<\/ul>\n<p><img decoding=\"async\" src=\"https:\/\/www.hydraulic-cylinders.net\/wp-content\/uploads\/2025\/01\/songte-oil-pipes-and-spare-parts.webp\" alt=\"Obr\u00e1zek d\u00edl\u016f hydraulick\u00e9ho v\u00e1lce\"><\/p>\n<h2>T\u011bsn\u011bn\u00ed a maz\u00e1n\u00ed<\/h2>\n<p>Kore\u010dkov\u00fd v\u00e1lec vyu\u017e\u00edv\u00e1 r\u016fzn\u00e1 t\u011bsn\u011bn\u00ed, jako jsou p\u00edstn\u00ed t\u011bsn\u011bn\u00ed a t\u011bsn\u011bn\u00ed p\u00edstnice, vyroben\u00e1 z materi\u00e1l\u016f odoln\u00fdch proti opot\u0159eben\u00ed, jako je polyuretan a nitrilov\u00e1 pry\u017e. T\u011bleso v\u00e1lce a z\u00e1vitov\u00e9 konce proch\u00e1zej\u00ed jemn\u00fdm o\u0161et\u0159en\u00edm pro zlep\u0161en\u00ed odolnosti proti opot\u0159eben\u00ed. Pro zaji\u0161t\u011bn\u00ed hladk\u00e9ho provozu je nezbytn\u00e9 pravideln\u00e9 maz\u00e1n\u00ed vhodn\u00fdm mno\u017estv\u00edm hydraulick\u00e9ho oleje.<\/p>\n<h2>Pravideln\u00e1 kontrola a preventivn\u00ed \u00fadr\u017eba<\/h2>\n<p>Pro zaji\u0161t\u011bn\u00ed optim\u00e1ln\u00edho v\u00fdkonu a prodlou\u017een\u00ed \u017eivotnosti kore\u010dkov\u00e9ho v\u00e1lce je t\u0159eba prov\u00e1d\u011bt pravideln\u00e9 kontroly a preventivn\u00ed \u00fadr\u017ebu:<\/p>\n<ul>\n<li>Zkontrolujte, zda nejev\u00ed zn\u00e1mky opot\u0159eben\u00ed, po\u0161kozen\u00ed nebo net\u011bsnost\u00ed.<\/li>\n<li>\u0158\u00e1dn\u011b proma\u017ete v\u0161echny pohybliv\u00e9 \u010d\u00e1sti.<\/li>\n<li>Pravideln\u011b vym\u011b\u0148ujte opot\u0159ebovan\u00e1 t\u011bsn\u011bn\u00ed, aby byla zaji\u0161t\u011bna spr\u00e1vn\u00e1 t\u011bsnost.<\/li>\n<li>Pro zaji\u0161t\u011bn\u00ed p\u0159esn\u00e9ho provozu prove\u010fte kalibra\u010dn\u00ed kontroly.<\/li>\n<\/ul>\n<p><img decoding=\"async\" src=\"https:\/\/www.hydraulic-cylinders.net\/wp-content\/uploads\/2025\/01\/songte-chushion-collar.webp\" alt=\"Obr\u00e1zek tip\u016f pro \u00fadr\u017ebu\"><\/p>\n<h2>Bezpe\u010dnostn\u00ed aspekty a faktory prost\u0159ed\u00ed<\/h2>\n<p>P\u0159i pou\u017e\u00edv\u00e1n\u00ed kore\u010dkov\u00e9ho v\u00e1lce je d\u016fle\u017eit\u00e9 dodr\u017eovat bezpe\u010dnostn\u00ed opat\u0159en\u00ed, aby se p\u0159ede\u0161lo nehod\u00e1m a byla zaji\u0161t\u011bna bezpe\u010dnost obsluhy. Dodr\u017eov\u00e1n\u00ed environment\u00e1ln\u00edch p\u0159edpis\u016f je z\u00e1sadn\u00ed pro minimalizaci dopadu na okoln\u00ed \u017eivotn\u00ed prost\u0159ed\u00ed.<\/p>\n<h2>Odstra\u0148ov\u00e1n\u00ed probl\u00e9m\u016f a b\u011b\u017en\u00e9 probl\u00e9my<\/h2>\n<p>Mezi b\u011b\u017en\u00e9 probl\u00e9my, kter\u00e9 mohou nastat s v\u00e1lcem kore\u010dkov\u00e9ho v\u00e1lce, pat\u0159\u00ed:<\/p>\n<ul>\n<li>Net\u011bsnost: Zkontrolujte, zda nejsou po\u0161kozen\u00e1 t\u011bsn\u011bn\u00ed nebo uvoln\u011bn\u00e1 spojen\u00ed, a podle toho je opravte.<\/li>\n<li>\u0160patn\u00fd v\u00fdkon: Zkontrolujte hydraulick\u00e9 potrub\u00ed, ventily a dal\u0161\u00ed komponenty, zda nejsou ucpan\u00e9 nebo nefunguj\u00ed spr\u00e1vn\u011b.<\/li>\n<li>Hluk nebo vibrace: Prozkoumejte potenci\u00e1ln\u00ed probl\u00e9my s mont\u00e1\u017e\u00ed nebo se\u0159\u00edzen\u00edm a prove\u010fte vhodn\u00e1 n\u00e1pravn\u00e1 opat\u0159en\u00ed.<\/li>\n<\/ul>\n<p>For troubleshooting, it is recommended to refer to the manufacturer&#8217;s guidelines and seek professional assistance if needed. Implementing preventive measures can help minimize potential issues.<\/p>\n<p><img decoding=\"async\" src=\"https:\/\/www.hydraulic-cylinders.net\/wp-content\/uploads\/2025\/01\/songte-bushings-with-all-kinds-of-excavator-models.webp\" alt=\"Tipy pro \u0159e\u0161en\u00ed probl\u00e9m\u016f Obr\u00e1zek\"><\/p>\n<h2>Z\u00e1v\u011br<\/h2>\n<p>Na\u0161e spole\u010dnost je p\u0159edn\u00edm v\u00fdrobcem a velkoobchodn\u00edm distributorem hydraulick\u00fdch v\u00e1lc\u016f na dom\u00e1c\u00edm i mezin\u00e1rodn\u00edm trhu. Nab\u00edz\u00edme \u0161irokou \u0161k\u00e1lu produkt\u016f a klademe d\u016fraz na vynikaj\u00edc\u00ed kvalitu. D\u00edky na\u0161im modern\u00edm v\u00fdrobn\u00edm za\u0159\u00edzen\u00edm a profesion\u00e1ln\u00edm znalostem se sna\u017e\u00edme uspokojit rozmanit\u00e9 po\u017eadavky z\u00e1kazn\u00edk\u016f s vysokou efektivitou, p\u0159esnost\u00ed a kvalitou. Poskytujeme specializovan\u00e9 slu\u017eby, jako jsou mezin\u00e1rodn\u00ed certifikace, \u0159e\u0161en\u00ed na m\u00edru, v\u00fdrobn\u00ed za\u0159\u00edzen\u00ed a komplexn\u00ed poprodejn\u00ed podpora.<\/p>\n<p><img decoding=\"async\" src=\"https:\/\/www.hydraulic-cylinders.net\/wp-content\/uploads\/2025\/01\/songte-company-3.webp\" alt=\"Image spole\u010dnosti\"><\/p>\n<p>Autor: lyl<\/p>\n<p><\/body><br \/>\n<\/html><\/p>","protected":false},"excerpt":{"rendered":"<p>Bucket Cylinder For XGMA Small Excavator XG808 Introduction The bucket cylinder is a specially designed hydraulic cylinder used to control the movement of the bucket in heavy machinery such as excavators, backhoe loaders, and wheel loaders. Its main function is to enable the bucket to lift, lower, and tilt, facilitating various material handling tasks. In [&hellip;]<\/p>","protected":false},"featured_media":14773,"comment_status":"open","ping_status":"closed","template":"","meta":{"_et_pb_use_builder":"","_et_pb_old_content":"","_et_gb_content_width":""},"product_brand":[],"product_cat":[1494],"product_tag":[1495,1496],"class_list":{"0":"post-15591","1":"product","2":"type-product","3":"status-publish","4":"has-post-thumbnail","6":"product_cat-bucket-cylinders","7":"product_tag-bucket-cylinders","8":"product_tag-hydraulic-cylinders","10":"first","11":"instock","12":"shipping-taxable","13":"product-type-simple"},"amp_enabled":true,"_links":{"self":[{"href":"https:\/\/www.hydraulic-cylinders.net\/cs\/wp-json\/wp\/v2\/product\/15591","targetHints":{"allow":["GET"]}}],"collection":[{"href":"https:\/\/www.hydraulic-cylinders.net\/cs\/wp-json\/wp\/v2\/product"}],"about":[{"href":"https:\/\/www.hydraulic-cylinders.net\/cs\/wp-json\/wp\/v2\/types\/product"}],"replies":[{"embeddable":true,"href":"https:\/\/www.hydraulic-cylinders.net\/cs\/wp-json\/wp\/v2\/comments?post=15591"}],"wp:featuredmedia":[{"embeddable":true,"href":"https:\/\/www.hydraulic-cylinders.net\/cs\/wp-json\/wp\/v2\/media\/14773"}],"wp:attachment":[{"href":"https:\/\/www.hydraulic-cylinders.net\/cs\/wp-json\/wp\/v2\/media?parent=15591"}],"wp:term":[{"taxonomy":"product_brand","embeddable":true,"href":"https:\/\/www.hydraulic-cylinders.net\/cs\/wp-json\/wp\/v2\/product_brand?post=15591"},{"taxonomy":"product_cat","embeddable":true,"href":"https:\/\/www.hydraulic-cylinders.net\/cs\/wp-json\/wp\/v2\/product_cat?post=15591"},{"taxonomy":"product_tag","embeddable":true,"href":"https:\/\/www.hydraulic-cylinders.net\/cs\/wp-json\/wp\/v2\/product_tag?post=15591"}],"curies":[{"name":"wp","href":"https:\/\/api.w.org\/{rel}","templated":true}]}}