{"id":15592,"date":"2025-01-19T14:43:25","date_gmt":"2025-01-19T14:43:25","guid":{"rendered":"https:\/\/www.hydraulic-cylinders.net\/product\/bucket-cylinder-for-xgma-small-excavator-xg809e\/"},"modified":"2025-01-19T14:43:27","modified_gmt":"2025-01-19T14:43:27","slug":"bucket-cylinder-for-xgma-small-excavator-xg809e","status":"publish","type":"product","link":"https:\/\/www.hydraulic-cylinders.net\/cs\/produkt\/bucket-cylinder-for-xgma-small-excavator-xg809e\/","title":{"rendered":"V\u00e1lec l\u017e\u00edce pro mal\u00e9 rypadlo XGMA XG809E"},"content":{"rendered":"<h1>V\u00e1lec l\u017e\u00edce pro mal\u00e9 rypadlo XGMA XG809E<\/h1>\n<h2>Zaveden\u00ed<\/h2>\n<p>Hydraulick\u00fd v\u00e1lec kope\u010dku je speci\u00e1ln\u011b navr\u017een\u00fd hydraulick\u00fd v\u00e1lec, kter\u00fd se prim\u00e1rn\u011b pou\u017e\u00edv\u00e1 k ovl\u00e1d\u00e1n\u00ed pohybu kope\u010dk\u016f v t\u011b\u017ek\u00fdch stroj\u00edch, jako jsou bagry, r\u00fdpadla-rypadla a \u010deln\u00ed naklada\u010de. Jeho hlavn\u00ed funkc\u00ed je umo\u017enit zved\u00e1n\u00ed, spou\u0161t\u011bn\u00ed a nakl\u00e1p\u011bn\u00ed kope\u010dku, co\u017e usnad\u0148uje manipulaci s r\u016fzn\u00fdmi materi\u00e1ly. V hydraulick\u00e9m syst\u00e9mu dosahuje v\u00e1lec kope\u010dku p\u0159esn\u00e9ho ovl\u00e1d\u00e1n\u00ed kope\u010dku zm\u011bnami tlaku hydraulick\u00e9ho oleje, co\u017e umo\u017e\u0148uje obsluze efektivn\u011b manipulovat s t\u011b\u017ek\u00fdmi b\u0159emeny, p\u0159izp\u016fsobovat se slo\u017eit\u00fdm pracovn\u00edm prost\u0159ed\u00edm a rozmanit\u00fdm provozn\u00edm po\u017eadavk\u016fm.<\/p>\n<p><img decoding=\"async\" src=\"https:\/\/www.hydraulic-cylinders.net\/wp-content\/uploads\/2025\/01\/songte-company-2.webp\" alt=\"obr\u00e1zek v\u00e1lce kbel\u00edku\"><\/p>\n<h2>Funkce<\/h2>\n<ul>\n<li>Vysok\u00e1 pevnost a odolnost: Obvykle jsou vyrobeny z vysokopevnostn\u00ed oceli nebo hlin\u00edku, schopn\u00e9 odolat vysok\u00e9mu tlaku a t\u011b\u017ek\u00e9mu zat\u00ed\u017een\u00ed a navr\u017eeny s ohledem na odolnost proti opot\u0159eben\u00ed a korozi, \u010d\u00edm\u017e se prodlu\u017euje jejich \u017eivotnost.<\/li>\n<li>Efektivn\u00ed hydraulick\u00fd provoz: Vyu\u017e\u00edv\u00e1 tlak hydraulick\u00e9ho oleje k dosa\u017een\u00ed plynul\u00e9ho vysouv\u00e1n\u00ed a zasouv\u00e1n\u00ed, je schopen rychle reagovat na \u0159\u00eddic\u00ed povely a poskytuje silnou tla\u010dnou a ta\u017enou s\u00edlu, vhodn\u00fd pro manipulaci s t\u011b\u017ek\u00fdmi b\u0159emeny a slo\u017eit\u00e9 operace.<\/li>\n<li>R\u016fzn\u00e9 typy: Jedno\u010dinn\u00e9 (hydraulicky ovl\u00e1dan\u00e9 pouze v jednom sm\u011bru) nebo dvoj\u010dinn\u00e9 (hydraulicky ovl\u00e1dan\u00e9 v obou sm\u011brech) v\u00e1lce lze volit podle pot\u0159eb a spl\u0148ovat r\u016fzn\u00e9 provozn\u00ed po\u017eadavky. N\u011bkter\u00e9 modely jsou teleskopick\u00e9, co\u017e umo\u017e\u0148uje v\u011bt\u0161\u00ed vysunut\u00ed bez zv\u011bt\u0161en\u00ed vn\u011bj\u0161\u00edch rozm\u011br\u016f, vhodn\u00e9 pro aplikace s omezen\u00fdm prostorem.<\/li>\n<li>Zak\u00e1zkov\u00e1 v\u00fdroba: Na\u0161e produkty dok\u00e1\u017e\u00ed tyto hydraulick\u00e9 v\u00e1lce dokonale nahradit.<\/li>\n<\/ul>\n<p><img decoding=\"async\" src=\"https:\/\/www.hydraulic-cylinders.net\/wp-content\/uploads\/2025\/01\/songte-cylinder-head-with-all-kinds-excavator-models.webp\" alt=\"obr\u00e1zek na zak\u00e1zkovou v\u00fdrobu\"><\/p>\n<h2>Aplikace<\/h2>\n<p><strong>Stavebn\u00ed vybaven\u00ed:<\/strong> U bagr\u016f se uk\u00e1zalo, \u017ee jsou kl\u00ed\u010dov\u00e9 pro v\u00fdkopov\u00e9 pr\u00e1ce, nakl\u00e1d\u00e1n\u00ed a p\u0159emis\u0165ov\u00e1n\u00ed zeminy nebo suti. U r\u00fdpadel s r\u00fdpadly pom\u00e1haj\u00ed kore\u010dkov\u00e9 v\u00e1lce jak p\u0159i kop\u00e1n\u00ed, tak p\u0159i zved\u00e1n\u00ed. U \u010deln\u00edch naklada\u010d\u016f pom\u00e1haj\u00ed s efektivn\u00edm zved\u00e1n\u00edm a vykl\u00e1p\u011bn\u00edm zbo\u017e\u00ed.<\/p>\n<p><strong>Zem\u011bd\u011blsk\u00e9 stroje:<\/strong> Pou\u017e\u00edv\u00e1 se v \u010deln\u00edch naklada\u010d\u00edch pro nab\u00edr\u00e1n\u00ed, zved\u00e1n\u00ed a p\u0159epravu zeminy, sena a dal\u0161\u00edch materi\u00e1l\u016f, v bagrech umo\u017e\u0148uje v\u00e1lec kore\u010dkov\u00e9 l\u017e\u00edce kop\u00e1n\u00ed t\u00edm, \u017ee umo\u017e\u0148uje kore\u010dce proniknout do p\u016fdy.<\/p>\n<h2>Standardy n\u00e1vrhu a v\u00fdb\u011bru<\/h2>\n<ul>\n<li>\u00danosnost: Hydraulick\u00fd v\u00e1lec mus\u00ed m\u00edt dostate\u010dnou pevnost a kapacitu, aby odolal zat\u00ed\u017een\u00ed, kter\u00e9mu je vystaven.<\/li>\n<li>T\u011bsn\u011bn\u00ed: K zabr\u00e1n\u011bn\u00ed \u00faniku kapalin a kontaminaci se pou\u017e\u00edvaj\u00ed r\u016fzn\u00e9 t\u011bsnic\u00ed prvky, jako jsou t\u011bsn\u011bn\u00ed p\u00edst\u016f a p\u00edstnic. T\u011bsn\u011bn\u00ed jsou vyrobena z materi\u00e1l\u016f odoln\u00fdch proti opot\u0159eben\u00ed, jako je polyuretan a nitrilov\u00e1 pry\u017e, co\u017e zaru\u010duje trvanlivost a spolehlivost.<\/li>\n<li>Trvanlivost: T\u011bleso v\u00e1lce a z\u00e1vitov\u00e9 koncov\u00e9 plochy jsou jemn\u011b opracov\u00e1ny, aby byla zaji\u0161t\u011bna odolnost proti opot\u0159eben\u00ed a dlouh\u00e1 \u017eivotnost.<\/li>\n<li>Bezpe\u010dnost: Hydraulick\u00fd v\u00e1lec mus\u00ed b\u00fdt vybaven bezpe\u010dnostn\u00edmi prvky, kter\u00e9 zabra\u0148uj\u00ed nehod\u00e1m, jako je ochrana proti p\u0159et\u00ed\u017een\u00ed a p\u0159etlakov\u00e9 ventily.<\/li>\n<li>\u00dadr\u017eba: Hydraulick\u00fd v\u00e1lec mus\u00ed b\u00fdt navr\u017een tak, aby usnad\u0148oval b\u011b\u017enou \u00fadr\u017ebu a opravy, umo\u017e\u0148oval snadnou v\u00fdm\u011bnu po\u0161kozen\u00fdch d\u00edl\u016f a zkracoval prostoje.<\/li>\n<\/ul>\n<p><img decoding=\"async\" src=\"https:\/\/www.hydraulic-cylinders.net\/wp-content\/uploads\/2025\/01\/songte-oil-pipes-and-spare-parts.webp\" alt=\"obr\u00e1zek standard\u016f n\u00e1vrhu a v\u00fdb\u011bru\"><\/p>\n<h2>T\u011bsn\u011bn\u00ed a maz\u00e1n\u00ed<\/h2>\n<p>Hydraulick\u00fd v\u00e1lec pou\u017e\u00edv\u00e1 r\u016fzn\u00e9 t\u011bsnic\u00ed prvky, kter\u00e9 zabra\u0148uj\u00ed \u00faniku kapaliny a kontaminaci. Mezi tyto t\u011bsnic\u00ed prvky pat\u0159\u00ed t\u011bsn\u011bn\u00ed p\u00edstu a p\u00edstnice vyroben\u00e9 z materi\u00e1l\u016f odoln\u00fdch proti opot\u0159eben\u00ed, jako je polyuretan a nitrilov\u00e1 pry\u017e. T\u011bleso v\u00e1lce a z\u00e1vitov\u00e9 koncov\u00e9 plochy jsou jemn\u011b opracov\u00e1ny pro zlep\u0161en\u00ed odolnosti proti opot\u0159eben\u00ed. Hydraulick\u00fd v\u00e1lec mus\u00ed b\u00fdt maz\u00e1n odpov\u00eddaj\u00edc\u00edm mno\u017estv\u00edm hydraulick\u00e9ho oleje, aby byl zaji\u0161t\u011bn hladk\u00fd chod a dlouh\u00e1 \u017eivotnost.<\/p>\n<h2>Preventivn\u00ed \u00fadr\u017eba a opravy<\/h2>\n<ul>\n<li>Pravideln\u00e1 kontrola: Pravideln\u00e1 kontrola mus\u00ed b\u00fdt prov\u00e1d\u011bna, aby se identifikovaly p\u0159\u00edpadn\u00e9 probl\u00e9my a zabr\u00e1nilo se jejich rozvoji ve v\u00e1\u017en\u00e9 probl\u00e9my.<\/li>\n<li>Maz\u00e1n\u00ed: Hydraulick\u00fd v\u00e1lec je nutn\u00e9 pravideln\u011b mazat, aby byl zaji\u0161t\u011bn hladk\u00fd chod a dlouh\u00e1 \u017eivotnost.<\/li>\n<li>V\u00fdm\u011bna t\u011bsn\u011bn\u00ed: T\u011bsn\u011bn\u00ed je nutn\u00e9 vym\u011bnit, pokud vykazuj\u00ed zn\u00e1mky opot\u0159eben\u00ed, po\u0161kozen\u00ed nebo net\u011bsnosti.<\/li>\n<li>Kontrola kalibrace: Hydraulick\u00fd v\u00e1lec by m\u011bl b\u00fdt pravideln\u011b kalibrov\u00e1n, aby byl zaji\u0161t\u011bn jeho p\u0159esn\u00fd provoz.<\/li>\n<\/ul>\n<p><img decoding=\"async\" src=\"https:\/\/www.hydraulic-cylinders.net\/wp-content\/uploads\/2025\/01\/songte-chushion-collar.webp\" alt=\"obr\u00e1zek preventivn\u00ed \u00fadr\u017eby\"><\/p>\n<h2>Bezpe\u010dnostn\u00ed aspekty a faktory prost\u0159ed\u00ed<\/h2>\n<p>P\u0159i pou\u017e\u00edv\u00e1n\u00ed hydraulick\u00e9ho v\u00e1lce je nutn\u00e9 dodr\u017eovat bezpe\u010dnostn\u00ed opat\u0159en\u00ed, aby se p\u0159ede\u0161lo nehod\u00e1m. P\u0159i pou\u017e\u00edv\u00e1n\u00ed hydraulick\u00e9ho v\u00e1lce je t\u0159eba db\u00e1t tak\u00e9 na \u017eivotn\u00ed prost\u0159ed\u00ed, aby se minimalizoval jeho dopad na okol\u00ed.<\/p>\n<h2>Odstra\u0148ov\u00e1n\u00ed probl\u00e9m\u016f a b\u011b\u017en\u00e9 probl\u00e9my<\/h2>\n<ul>\n<li>Net\u011bsnost: K net\u011bsnosti m\u016f\u017ee doj\u00edt v d\u016fsledku po\u0161kozen\u00fdch t\u011bsn\u011bn\u00ed nebo nespr\u00e1vn\u00e9 instalace. T\u011bsn\u011bn\u00ed je nutn\u00e9 vym\u011bnit a hydraulick\u00fd v\u00e1lec je nutn\u00e9 spr\u00e1vn\u011b nainstalovat.<\/li>\n<li>P\u0159eh\u0159\u00e1t\u00ed: K p\u0159eh\u0159\u00e1t\u00ed m\u016f\u017ee doj\u00edt v d\u016fsledku nadm\u011brn\u00e9ho pou\u017e\u00edv\u00e1n\u00ed nebo nedostate\u010dn\u00e9ho maz\u00e1n\u00ed. Hydraulick\u00fd v\u00e1lec mus\u00ed b\u00fdt pravideln\u011b maz\u00e1n a pou\u017e\u00edv\u00e1n spr\u00e1vn\u011b.<\/li>\n<li>Pomal\u00fd provoz: Pomal\u00fd provoz m\u016f\u017ee nastat v d\u016fsledku n\u00edzk\u00e9ho tlaku hydraulick\u00e9ho oleje nebo ucp\u00e1n\u00ed hydraulick\u00e9ho syst\u00e9mu. Je nutn\u00e9 zkontrolovat tlak hydraulick\u00e9ho oleje a zkontrolovat hydraulick\u00fd syst\u00e9m, zda nen\u00ed ucpan\u00fd.<\/li>\n<\/ul>\n<p><img decoding=\"async\" src=\"https:\/\/www.hydraulic-cylinders.net\/wp-content\/uploads\/2025\/01\/songte-bushings-with-all-kinds-of-excavator-models.webp\" alt=\"obr\u00e1zek pro \u0159e\u0161en\u00ed probl\u00e9m\u016f\"><\/p>\n<h2>O na\u0161\u00ed spole\u010dnosti<\/h2>\n<p>We are a manufacturer of replacement hydraulic cylinders, offering a full range of products and becoming one of the leading manufacturers and wholesalers of hydraulic cylinders on the domestic and international markets. We adhere to the principle of excellent quality and rely on industrialized production management strategies in finely crafted manufacturing workshops. Our company continuously improves its manufacturing platform through the use of technical talent, digital high-end manufacturing equipment, and professional testing systems, perfecting the production route of product quality, and possessing strong creating ability, to meet customer&#8217;s diverse needs with high efficiency, high precision, and high quality.<\/p>\n<p>Nab\u00edz\u00edme profesion\u00e1ln\u00ed, mezin\u00e1rodn\u011b certifikovan\u00e9 a zak\u00e1zkov\u00e9 slu\u017eby, pou\u017e\u00edv\u00e1me modern\u00ed v\u00fdrobn\u00ed za\u0159\u00edzen\u00ed a poskytujeme poprodejn\u00ed servis.<\/p>\n<p><img decoding=\"async\" src=\"https:\/\/www.hydraulic-cylinders.net\/wp-content\/uploads\/2025\/01\/songte-company-3.webp\" alt=\"image spole\u010dnosti\"><\/p>\n<p>Autor: lyl.<\/p>","protected":false},"excerpt":{"rendered":"<p>Bucket Cylinder For XGMA Small Excavator XG809E Introduction A bucket cylinder is a specially designed hydraulic cylinder primarily used to control the movement of buckets in heavy machinery such as excavators, backhoe excavators, and front-end loaders. Its main function is to allow the bucket to lift, lower, and tilt, making it easier to handle various [&hellip;]<\/p>","protected":false},"featured_media":14771,"comment_status":"open","ping_status":"closed","template":"","meta":{"_et_pb_use_builder":"","_et_pb_old_content":"","_et_gb_content_width":""},"product_brand":[],"product_cat":[1494],"product_tag":[1495,1496],"class_list":{"0":"post-15592","1":"product","2":"type-product","3":"status-publish","4":"has-post-thumbnail","6":"product_cat-bucket-cylinders","7":"product_tag-bucket-cylinders","8":"product_tag-hydraulic-cylinders","10":"first","11":"instock","12":"shipping-taxable","13":"product-type-simple"},"amp_enabled":true,"_links":{"self":[{"href":"https:\/\/www.hydraulic-cylinders.net\/cs\/wp-json\/wp\/v2\/product\/15592","targetHints":{"allow":["GET"]}}],"collection":[{"href":"https:\/\/www.hydraulic-cylinders.net\/cs\/wp-json\/wp\/v2\/product"}],"about":[{"href":"https:\/\/www.hydraulic-cylinders.net\/cs\/wp-json\/wp\/v2\/types\/product"}],"replies":[{"embeddable":true,"href":"https:\/\/www.hydraulic-cylinders.net\/cs\/wp-json\/wp\/v2\/comments?post=15592"}],"wp:featuredmedia":[{"embeddable":true,"href":"https:\/\/www.hydraulic-cylinders.net\/cs\/wp-json\/wp\/v2\/media\/14771"}],"wp:attachment":[{"href":"https:\/\/www.hydraulic-cylinders.net\/cs\/wp-json\/wp\/v2\/media?parent=15592"}],"wp:term":[{"taxonomy":"product_brand","embeddable":true,"href":"https:\/\/www.hydraulic-cylinders.net\/cs\/wp-json\/wp\/v2\/product_brand?post=15592"},{"taxonomy":"product_cat","embeddable":true,"href":"https:\/\/www.hydraulic-cylinders.net\/cs\/wp-json\/wp\/v2\/product_cat?post=15592"},{"taxonomy":"product_tag","embeddable":true,"href":"https:\/\/www.hydraulic-cylinders.net\/cs\/wp-json\/wp\/v2\/product_tag?post=15592"}],"curies":[{"name":"wp","href":"https:\/\/api.w.org\/{rel}","templated":true}]}}