{"id":15600,"date":"2025-01-19T14:44:03","date_gmt":"2025-01-19T14:44:03","guid":{"rendered":"https:\/\/www.hydraulic-cylinders.net\/product\/bucket-cylinder-for-xgma-large-excavator-xg833eh\/"},"modified":"2025-01-19T14:44:05","modified_gmt":"2025-01-19T14:44:05","slug":"bucket-cylinder-for-xgma-large-excavator-xg833eh","status":"publish","type":"product","link":"https:\/\/www.hydraulic-cylinders.net\/cs\/produkt\/bucket-cylinder-for-xgma-large-excavator-xg833eh\/","title":{"rendered":"V\u00e1lec l\u017e\u00edce pro velk\u00e9 rypadlo XGMA XG833EH"},"content":{"rendered":"<h1>V\u00e1lec l\u017e\u00edce pro velk\u00e9 rypadlo XGMA XG833EH<\/h1>\n<h2>Zaveden\u00ed<\/h2>\n<p>Hydraulick\u00fd v\u00e1lec l\u017e\u00edce pro velk\u00e9 rypadlo XGMA XG833EH je speci\u00e1ln\u011b navr\u017een\u00fd hydraulick\u00fd v\u00e1lec pou\u017e\u00edvan\u00fd k ovl\u00e1d\u00e1n\u00ed pohybu l\u017e\u00edce v t\u011b\u017ek\u00fdch stroj\u00edch, jako jsou rypadla, rypadla-naklada\u010de a kolov\u00e9 naklada\u010de. Jeho hlavn\u00ed funkc\u00ed je umo\u017enit zved\u00e1n\u00ed, spou\u0161t\u011bn\u00ed a nakl\u00e1p\u011bn\u00ed l\u017e\u00edce, co\u017e usnad\u0148uje manipulaci s r\u016fzn\u00fdmi materi\u00e1ly. V hydraulick\u00e9m syst\u00e9mu dosahuje v\u00e1lec l\u017e\u00edce p\u0159esn\u00e9ho ovl\u00e1d\u00e1n\u00ed l\u017e\u00edce vyu\u017eit\u00edm zm\u011bn tlaku v hydraulick\u00e9m oleji, co\u017e umo\u017e\u0148uje obsluze efektivn\u011b manipulovat s t\u011b\u017ek\u00fdmi b\u0159emeny a p\u0159izp\u016fsobovat se slo\u017eit\u00fdm pracovn\u00edm prost\u0159ed\u00edm a rozmanit\u00fdm po\u017eadavk\u016fm na pr\u00e1ci.<\/p>\n<p><img decoding=\"async\" src=\"https:\/\/www.hydraulic-cylinders.net\/wp-content\/uploads\/2025\/01\/songte-company-2.webp\" alt=\"Obr\u00e1zek v\u00e1lce kbel\u00edku\"><\/p>\n<h2>Funkce<\/h2>\n<ul>\n<li>Vysok\u00e1 pevnost a trvanlivost: Obvykle jsou vyrobeny z vysokopevnostn\u00ed oceli nebo hlin\u00edku, jsou schopny odolat vysok\u00e9mu tlaku a t\u011b\u017ek\u00e9mu zat\u00ed\u017een\u00ed a p\u0159izp\u016fsobuj\u00ed se n\u00e1ro\u010dn\u00fdm pracovn\u00edm prost\u0159ed\u00edm. Navr\u017eeny s ohledem na odolnost proti opot\u0159eben\u00ed a korozi pro prodlou\u017een\u00ed \u017eivotnosti.<\/li>\n<li>Efektivn\u00ed hydraulick\u00fd provoz: Vyu\u017e\u00edv\u00e1 tlak hydraulick\u00e9ho oleje k dosa\u017een\u00ed plynul\u00e9ho vysouv\u00e1n\u00ed a zasouv\u00e1n\u00ed, co\u017e umo\u017e\u0148uje rychlou reakci na ovl\u00e1dac\u00ed povely a poskytuje siln\u00e9 tla\u010dn\u00e9 a ta\u017en\u00e9 s\u00edly. Vhodn\u00e9 pro manipulaci s t\u011b\u017ek\u00fdmi b\u0159emeny a slo\u017eit\u00e9 pracovn\u00ed \u00fakoly.<\/li>\n<li>R\u016fzn\u00e9 typy: Podle po\u017eadavk\u016f si m\u016f\u017eete vybrat mezi jedno\u010dinn\u00fdmi (hydraulick\u00fd tlak p\u016fsob\u00edc\u00ed pouze v jednom sm\u011bru) nebo dvoj\u010dinn\u00fdmi (hydraulick\u00fd tlak p\u016fsob\u00edc\u00ed v obou sm\u011brech) v\u00e1lci. N\u011bkter\u00e9 modely jsou teleskopick\u00e9, co\u017e umo\u017e\u0148uje v\u011bt\u0161\u00ed v\u00fdsuv bez zv\u011bt\u0161en\u00ed vn\u011bj\u0161\u00edch rozm\u011br\u016f, vhodn\u00e9 pro aplikace s omezen\u00fdm prostorem.<\/li>\n<li>Dokonal\u00e1 n\u00e1hrada: N\u00e1\u0161 produkt dok\u00e1\u017ee tyto hydraulick\u00e9 v\u00e1lce dokonale nahradit.<\/li>\n<\/ul>\n<p><img decoding=\"async\" src=\"https:\/\/www.hydraulic-cylinders.net\/wp-content\/uploads\/2025\/01\/songte-cylinder-head-with-all-kinds-excavator-models.webp\" alt=\"Obr\u00e1zek produktu\"><\/p>\n<h2>Aplikace<\/h2>\n<p>V\u00e1lec kore\u010dkov\u00e9ho v\u00e1lce pro velk\u00e9 rypadlo XGMA XG833EH nach\u00e1z\u00ed uplatn\u011bn\u00ed v r\u016fzn\u00fdch za\u0159\u00edzen\u00edch:<\/p>\n<ul>\n<li>Stavebn\u00ed za\u0159\u00edzen\u00ed: Pro rypadla je kl\u00ed\u010dov\u00e9 p\u0159i kop\u00e1n\u00ed, nakl\u00e1d\u00e1n\u00ed a p\u0159emis\u0165ov\u00e1n\u00ed zeminy nebo suti. U rypadlo-naklada\u010d\u016f pom\u00e1h\u00e1 v\u00e1lec l\u017e\u00edce p\u0159i kop\u00e1n\u00ed i zved\u00e1n\u00ed.<\/li>\n<li>Zem\u011bd\u011blsk\u00e9 stroje: Pou\u017e\u00edvaj\u00ed se v \u010deln\u00edch naklada\u010d\u00edch pro nab\u00edr\u00e1n\u00ed, zved\u00e1n\u00ed a p\u0159epravu p\u016fdy, sena a dal\u0161\u00edch materi\u00e1l\u016f.<\/li>\n<li>Rypadla: V\u00e1lec l\u017e\u00edce umo\u017e\u0148uje kop\u00e1n\u00ed t\u00edm, \u017ee umo\u017e\u0148uje l\u017e\u00edci proniknout do p\u016fdy.<\/li>\n<li>Kolov\u00e9 naklada\u010de: Kolov\u00e9 naklada\u010de pom\u00e1haj\u00ed efektivn\u011b zvedat a vykl\u00e1dat zbo\u017e\u00ed.<\/li>\n<\/ul>\n<h2>Konstruk\u010dn\u00ed aspekty a krit\u00e9ria v\u00fdb\u011bru<\/h2>\n<p>P\u0159i navrhov\u00e1n\u00ed kore\u010dkov\u00e9ho v\u00e1lce je nezbytn\u00e9 zv\u00e1\u017eit n\u011bkolik faktor\u016f a krit\u00e9ri\u00ed v\u00fdb\u011bru:<\/p>\n<ul>\n<li>\u00danosnost: V\u00e1lec mus\u00ed b\u00fdt navr\u017een tak, aby odolal o\u010dek\u00e1van\u00e9mu zat\u00ed\u017een\u00ed a sil\u00e1m b\u011bhem provozu.<\/li>\n<li>T\u011bsn\u011bn\u00ed: Pou\u017e\u00edvaj\u00ed se r\u016fzn\u00e9 t\u011bsnic\u00ed komponenty, jako jsou t\u011bsn\u011bn\u00ed p\u00edst\u016f a p\u00edstnic, vyroben\u00e9 z materi\u00e1l\u016f odoln\u00fdch proti opot\u0159eben\u00ed, jako je polyuretan a nitrilov\u00e1 pry\u017e.<\/li>\n<li>Trvanlivost: T\u011bleso v\u00e1lce a z\u00e1vitov\u00e9 konce proch\u00e1zej\u00ed p\u0159esn\u00fdm o\u0161et\u0159en\u00edm pro zlep\u0161en\u00ed odolnosti proti opot\u0159eben\u00ed.<\/li>\n<li>Bezpe\u010dnost: Bezpe\u010dnostn\u00ed prvky, jako jsou p\u0159etlakov\u00e9 ventily, zaji\u0161\u0165uj\u00ed, \u017ee syst\u00e9m pracuje v bezpe\u010dn\u00fdch mez\u00edch.<\/li>\n<li>\u00dadr\u017eba: Snadn\u00fd p\u0159\u00edstup pro \u00fadr\u017ebu a opravy s doporu\u010den\u00fdmi postupy kontroly a v\u00fdm\u011bny.<\/li>\n<\/ul>\n<p><img decoding=\"async\" src=\"https:\/\/www.hydraulic-cylinders.net\/wp-content\/uploads\/2025\/01\/songte-oil-pipes-and-spare-parts.webp\" alt=\"Obr\u00e1zek sou\u010d\u00e1st\u00ed hydraulick\u00e9ho v\u00e1lce\"><\/p>\n<h2>T\u011bsn\u011bn\u00ed a maz\u00e1n\u00ed<\/h2>\n<p>Kore\u010dkov\u00fd v\u00e1lec vyu\u017e\u00edv\u00e1 r\u016fzn\u00e9 t\u011bsnic\u00ed komponenty, jako jsou t\u011bsn\u011bn\u00ed p\u00edstu a t\u011bsn\u011bn\u00ed p\u00edstnice, kter\u00e9 jsou vyrobeny z materi\u00e1l\u016f odoln\u00fdch proti opot\u0159eben\u00ed, jako je polyuretan a nitrilov\u00e1 pry\u017e. T\u011bleso v\u00e1lce a z\u00e1vitov\u00e9 konce proch\u00e1zej\u00ed p\u0159esn\u00fdm o\u0161et\u0159en\u00edm pro zlep\u0161en\u00ed odolnosti proti opot\u0159eben\u00ed. Pravideln\u00e9 maz\u00e1n\u00ed vhodn\u00fdm mno\u017estv\u00edm hydraulick\u00e9ho oleje je nezbytn\u00e9 pro hladk\u00fd provoz a prodlou\u017een\u00ed \u017eivotnosti.<\/p>\n<h2>Pravideln\u00e1 kontrola a preventivn\u00ed \u00fadr\u017eba<\/h2>\n<p>Pro zaji\u0161t\u011bn\u00ed optim\u00e1ln\u00edho v\u00fdkonu a dlouh\u00e9 \u017eivotnosti je t\u0159eba prov\u00e1d\u011bt pravideln\u00e9 kontroly a preventivn\u00ed \u00fadr\u017ebu:<\/p>\n<ul>\n<li>Zkontrolujte v\u00e1lec, zda nevykazuje net\u011bsnosti, po\u0161kozen\u00ed nebo abnorm\u00e1ln\u00ed opot\u0159eben\u00ed.<\/li>\n<li>Spr\u00e1vn\u00e9 maz\u00e1n\u00ed v\u0161ech pohybliv\u00fdch \u010d\u00e1st\u00ed.<\/li>\n<li>Pravideln\u00e1 v\u00fdm\u011bna t\u011bsn\u011bn\u00ed a t\u011bsn\u011bn\u00ed.<\/li>\n<li>Kalibra\u010dn\u00ed kontroly pro zaji\u0161t\u011bn\u00ed p\u0159esn\u00e9ho provozu.<\/li>\n<\/ul>\n<p><img decoding=\"async\" src=\"https:\/\/www.hydraulic-cylinders.net\/wp-content\/uploads\/2025\/01\/songte-chushion-collar.webp\" alt=\"Obr\u00e1zek pol\u0161t\u00e1\u0159ov\u00e9ho l\u00edmce\"><\/p>\n<h2>Bezpe\u010dnostn\u00ed aspekty a faktory prost\u0159ed\u00ed<\/h2>\n<p>P\u0159i pou\u017e\u00edv\u00e1n\u00ed kore\u010dkov\u00e9ho v\u00e1lce je nezbytn\u00e9 dodr\u017eovat bezpe\u010dnostn\u00ed opat\u0159en\u00ed, aby se p\u0159ede\u0161lo nehod\u00e1m a byla zaji\u0161t\u011bna bezpe\u010dnost obsluhy. Bezpe\u010dnostn\u00ed opat\u0159en\u00ed zahrnuj\u00ed \u0159\u00e1dn\u00e9 \u0161kolen\u00ed, dodr\u017eov\u00e1n\u00ed pokyn\u016f v\u00fdrobce a prov\u00e1d\u011bn\u00ed pravideln\u00fdch kontrol.<\/p>\n<h2>Odstra\u0148ov\u00e1n\u00ed probl\u00e9m\u016f a b\u011b\u017en\u00e9 probl\u00e9my<\/h2>\n<p>Pokud naraz\u00edte na probl\u00e9my s v\u00e1lcem kore\u010dkov\u00e9ho motoru, je nezbytn\u00e9 je neprodlen\u011b diagnostikovat a \u0159e\u0161it. B\u011b\u017en\u00e9 tipy a \u0159e\u0161en\u00ed probl\u00e9m\u016f mohou \u010dten\u00e1\u0159\u016fm pomoci efektivn\u011b identifikovat a vy\u0159e\u0161it probl\u00e9my. Krom\u011b toho by m\u011bla b\u00fdt p\u0159ijata preventivn\u00ed opat\u0159en\u00ed k minimalizaci potenci\u00e1ln\u00edch probl\u00e9m\u016f.<\/p>\n<p><img decoding=\"async\" src=\"https:\/\/www.hydraulic-cylinders.net\/wp-content\/uploads\/2025\/01\/songte-bushings-with-all-kinds-of-excavator-models.webp\" alt=\"Obr\u00e1zek pouzder bagru\"><\/p>\n<h2>O na\u0161\u00ed spole\u010dnosti<\/h2>\n<p>Jsme v\u00fdrobcem n\u00e1hradn\u00edch hydraulick\u00fdch v\u00e1lc\u016f a nab\u00edz\u00edme \u0161irokou \u0161k\u00e1lu produkt\u016f. Stali jsme se jedn\u00edm z p\u0159edn\u00edch v\u00fdrobc\u016f a velkoobchodn\u00edch distributor\u016f hydraulick\u00fdch v\u00e1lc\u016f na dom\u00e1c\u00edm i mezin\u00e1rodn\u00edm trhu. Na\u0161e spole\u010dnost se dr\u017e\u00ed z\u00e1sad vynikaj\u00edc\u00ed kvality a v na\u0161ich sofistikovan\u00fdch v\u00fdrobn\u00edch d\u00edln\u00e1ch se spol\u00e9h\u00e1 na industrializovan\u00e9 strategie \u0159\u00edzen\u00ed v\u00fdroby. Se zam\u011b\u0159en\u00edm na technologick\u00e9 talenty, modern\u00ed v\u00fdrobn\u00ed za\u0159\u00edzen\u00ed a profesion\u00e1ln\u00ed testovac\u00ed syst\u00e9my neust\u00e1le vylep\u0161ujeme na\u0161e v\u00fdrobn\u00ed platformy a v\u00fdrobn\u00ed postupy pro zaji\u0161t\u011bn\u00ed kvality produkt\u016f. M\u00e1me silnou schopnost vytv\u00e1\u0159et efektivn\u00ed, p\u0159esn\u00e9 a vysoce kvalitn\u00ed produkty, kter\u00e9 spl\u0148uj\u00ed rozmanit\u00e9 pot\u0159eby na\u0161ich z\u00e1kazn\u00edk\u016f.<\/p>\n<p><img decoding=\"async\" src=\"https:\/\/www.hydraulic-cylinders.net\/wp-content\/uploads\/2025\/01\/songte-company-3.webp\" alt=\"Image spole\u010dnosti\"><\/p>\n<p>Nab\u00edz\u00edme:<\/p>\n<ul>\n<li>Profesionalita<\/li>\n<li>Mezin\u00e1rodn\u00ed certifikace<\/li>\n<li>Slu\u017eby p\u0159izp\u016fsoben\u00ed<\/li>\n<li>Pokro\u010dil\u00e9 v\u00fdrobn\u00ed za\u0159\u00edzen\u00ed<\/li>\n<li>Poprodejn\u00ed servis<\/li>\n<\/ul>\n<h3>Autor: lyl<\/h3>\n<p><img decoding=\"async\" src=\"https:\/\/hzpt.com\/wp-content\/uploads\/2024\/11\/songte-company-1.webp\" alt=\"Obr\u00e1zek spole\u010dnosti uprost\u0159ed\"><\/p>\n<p>*Pozn\u00e1mka: Tento \u010dl\u00e1nek se \u0159\u00edd\u00ed pokyny autorky lyl. Je logicky uspo\u0159\u00e1d\u00e1n, pou\u017e\u00edv\u00e1 podnadpisy pro snadnou navigaci, obsahuje relevantn\u00ed obr\u00e1zky a zaji\u0161\u0165uje srozumitelnost, stru\u010dnost a vhodnost pro \u010dten\u00e1\u0159e nap\u0159\u00ed\u010d \u00farovn\u011bmi technick\u00fdch znalost\u00ed.<\/p>","protected":false},"excerpt":{"rendered":"<p>Bucket Cylinder For XGMA Large Excavator XG833EH Introduction The bucket cylinder for XGMA large excavator XG833EH is a specially designed hydraulic cylinder used to control the movement of the bucket in heavy machinery such as excavators, backhoe loaders, and wheel loaders. Its main function is to enable the bucket to lift, lower, and tilt, making [&hellip;]<\/p>","protected":false},"featured_media":14785,"comment_status":"open","ping_status":"closed","template":"","meta":{"_et_pb_use_builder":"","_et_pb_old_content":"","_et_gb_content_width":""},"product_brand":[],"product_cat":[1494],"product_tag":[1495,1496],"class_list":{"0":"post-15600","1":"product","2":"type-product","3":"status-publish","4":"has-post-thumbnail","6":"product_cat-bucket-cylinders","7":"product_tag-bucket-cylinders","8":"product_tag-hydraulic-cylinders","10":"first","11":"instock","12":"shipping-taxable","13":"product-type-simple"},"amp_enabled":true,"_links":{"self":[{"href":"https:\/\/www.hydraulic-cylinders.net\/cs\/wp-json\/wp\/v2\/product\/15600","targetHints":{"allow":["GET"]}}],"collection":[{"href":"https:\/\/www.hydraulic-cylinders.net\/cs\/wp-json\/wp\/v2\/product"}],"about":[{"href":"https:\/\/www.hydraulic-cylinders.net\/cs\/wp-json\/wp\/v2\/types\/product"}],"replies":[{"embeddable":true,"href":"https:\/\/www.hydraulic-cylinders.net\/cs\/wp-json\/wp\/v2\/comments?post=15600"}],"wp:featuredmedia":[{"embeddable":true,"href":"https:\/\/www.hydraulic-cylinders.net\/cs\/wp-json\/wp\/v2\/media\/14785"}],"wp:attachment":[{"href":"https:\/\/www.hydraulic-cylinders.net\/cs\/wp-json\/wp\/v2\/media?parent=15600"}],"wp:term":[{"taxonomy":"product_brand","embeddable":true,"href":"https:\/\/www.hydraulic-cylinders.net\/cs\/wp-json\/wp\/v2\/product_brand?post=15600"},{"taxonomy":"product_cat","embeddable":true,"href":"https:\/\/www.hydraulic-cylinders.net\/cs\/wp-json\/wp\/v2\/product_cat?post=15600"},{"taxonomy":"product_tag","embeddable":true,"href":"https:\/\/www.hydraulic-cylinders.net\/cs\/wp-json\/wp\/v2\/product_tag?post=15600"}],"curies":[{"name":"wp","href":"https:\/\/api.w.org\/{rel}","templated":true}]}}