{"id":15619,"date":"2025-01-19T14:45:30","date_gmt":"2025-01-19T14:45:30","guid":{"rendered":"https:\/\/www.hydraulic-cylinders.net\/product\/bucket-cylinder-for-lonking-large-excavator-lg6365\/"},"modified":"2025-01-19T14:45:32","modified_gmt":"2025-01-19T14:45:32","slug":"bucket-cylinder-for-lonking-large-excavator-lg6365","status":"publish","type":"product","link":"https:\/\/www.hydraulic-cylinders.net\/cs\/produkt\/bucket-cylinder-for-lonking-large-excavator-lg6365\/","title":{"rendered":"V\u00e1lec l\u017e\u00edce pro velk\u00e9 bagry Lonking LG6365"},"content":{"rendered":"<h1>V\u00e1lec l\u017e\u00edce pro velk\u00e9 bagry Lonking LG6365<\/h1>\n<h2>Zaveden\u00ed<\/h2>\n<p>Hydraulick\u00fd v\u00e1lec l\u017e\u00edce pro velk\u00fd bagr Lonking LG6365 je specializovan\u00fd hydraulick\u00fd v\u00e1lec ur\u010den\u00fd p\u0159edev\u0161\u00edm k ovl\u00e1d\u00e1n\u00ed pohybu l\u017e\u00edce v t\u011b\u017ek\u00fdch stroj\u00edch, jako jsou rypadla, r\u00fdpadlo-naklada\u010de a \u010deln\u00ed naklada\u010de. Jeho hlavn\u00ed funkc\u00ed je umo\u017enit zved\u00e1n\u00ed, spou\u0161t\u011bn\u00ed a nakl\u00e1p\u011bn\u00ed l\u017e\u00edce, co\u017e ji usnad\u0148uje p\u0159i r\u016fzn\u00fdch \u00fakonech manipulace s materi\u00e1lem. V hydraulick\u00e9m syst\u00e9mu dosahuje v\u00e1lec l\u017e\u00edce p\u0159esn\u00e9ho ovl\u00e1d\u00e1n\u00ed pohybu l\u017e\u00edce pomoc\u00ed zm\u011bny tlaku hydraulick\u00e9ho oleje, co\u017e umo\u017e\u0148uje obsluze efektivn\u011b manipulovat s t\u011b\u017ek\u00fdmi b\u0159emeny, p\u0159izp\u016fsobovat se slo\u017eit\u00fdm pracovn\u00edm prost\u0159ed\u00edm a rozmanit\u00fdm po\u017eadavk\u016fm na pr\u00e1ci.<\/p>\n<p><img decoding=\"async\" src=\"https:\/\/www.hydraulic-cylinders.net\/wp-content\/uploads\/2025\/01\/songte-company-2.webp\" alt=\"obr\u00e1zek v\u00e1lce kbel\u00edku\"><\/p>\n<h2>Funkce<\/h2>\n<ul>\n<li>\n<h3>Vysok\u00e1 pevnost a trvanlivost<\/h3>\n<p>Kore\u010dkov\u00fd v\u00e1lec je obvykle vyroben z vysokopevnostn\u00ed oceli nebo hlin\u00edku, je schopen odolat vysok\u00e9mu tlaku a t\u011b\u017ek\u00e9mu zat\u00ed\u017een\u00ed a p\u0159izp\u016fsobit se n\u00e1ro\u010dn\u00fdm pracovn\u00edm prost\u0159ed\u00edm. Jeho konstrukce zohled\u0148uje odolnost proti opot\u0159eben\u00ed a korozi, co\u017e prodlu\u017euje jeho \u017eivotnost.<\/p>\n<\/li>\n<li>\n<h3>Efektivn\u00ed hydraulick\u00fd provoz<\/h3>\n<p>V\u00e1lec vyu\u017e\u00edv\u00e1 tlak hydraulick\u00e9ho oleje k dosa\u017een\u00ed plynul\u00e9ho vysouv\u00e1n\u00ed a zasouv\u00e1n\u00ed, dok\u00e1\u017ee rychle reagovat na ovl\u00e1dac\u00ed povely, poskytuje silnou tla\u010dnou a ta\u017enou s\u00edlu, je vhodn\u00fd pro manipulaci s t\u011b\u017ek\u00fdmi b\u0159emeny a slo\u017eit\u00e9 pracovn\u00ed \u00fakoly.<\/p>\n<\/li>\n<li>\n<h3>V\u0161estrann\u00e9 typy<\/h3>\n<p>V\u00e1lec lze volit jako jedno\u010dinn\u00fd (hydraulicky ovl\u00e1dan\u00fd pouze v jednom sm\u011bru) nebo dvoj\u010dinn\u00fd (hydraulicky ovl\u00e1dan\u00fd ve dvou sm\u011brech) podle pot\u0159eb a po\u017eadavk\u016f na spln\u011bn\u00ed r\u016fzn\u00fdch provozn\u00edch po\u017eadavk\u016f. N\u011bkter\u00e9 modely jsou teleskopick\u00e9, co\u017e umo\u017e\u0148uje v\u011bt\u0161\u00ed v\u00fdsuv bez zv\u011bt\u0161en\u00ed vn\u011bj\u0161\u00edch rozm\u011br\u016f, a jsou vhodn\u00e9 pro aplikace v omezen\u00e9m prostoru.<\/p>\n<\/li>\n<li>\n<h3>V\u00fdm\u011bna produktu<\/h3>\n<p>Na\u0161e produkty dok\u00e1\u017e\u00ed tyto hydraulick\u00e9 v\u00e1lce dokonale nahradit. <\/p>\n<p>        <img decoding=\"async\" src=\"https:\/\/www.hydraulic-cylinders.net\/wp-content\/uploads\/2025\/01\/songte-cylinder-head-with-all-kinds-excavator-models.webp\" alt=\"obr\u00e1zek v\u00fdm\u011bny v\u00e1lce\">\n    <\/li>\n<li>\n<h3>\u0160irok\u00e9 pou\u017eit\u00ed<\/h3>\n<p>Kore\u010dkov\u00fd v\u00e1lec se \u0161iroce pou\u017e\u00edv\u00e1 ve stavebn\u00edch stroj\u00edch, jako jsou bagry, r\u00fdpadlo-naklada\u010de a \u010deln\u00ed naklada\u010de. <\/p>\n<ul>\n<li>\n<h4>Bagry<\/h4>\n<p>V\u00e1lec dosahuje ryc\u00edho \u00fa\u010dinku t\u00edm, \u017ee umo\u017e\u0148uje l\u017e\u00edci proniknout do p\u016fdy.<\/p>\n<\/li>\n<li>\n<h4>R\u00fdpadlo-naklada\u010de<\/h4>\n<p>V\u00e1lec pom\u00e1h\u00e1 p\u0159i kop\u00e1n\u00ed a zved\u00e1n\u00ed.<\/p>\n<\/li>\n<li>\n<h4>\u010celn\u00ed naklada\u010de<\/h4>\n<p>V\u00e1lec pom\u00e1h\u00e1 p\u0159i zved\u00e1n\u00ed a nakl\u00e1p\u011bn\u00ed pro efektivn\u00ed vysyp\u00e1v\u00e1n\u00ed materi\u00e1l\u016f.<\/p>\n<\/li>\n<\/ul>\n<\/li>\n<\/ul>\n<h2>Krit\u00e9ria n\u00e1vrhu a v\u00fdb\u011bru<\/h2>\n<p>Krit\u00e9ria pro konstrukci a v\u00fdb\u011br kore\u010dkov\u00e9ho v\u00e1lce jsou z\u00e1sadn\u00ed, s ohledem na \u00fanosnost v\u00e1lce, t\u011bsn\u011bn\u00ed, trvanlivost, bezpe\u010dnost a \u00fadr\u017ebu. <\/p>\n<p><img decoding=\"async\" src=\"https:\/\/www.hydraulic-cylinders.net\/wp-content\/uploads\/2025\/01\/songte-oil-pipes-and-spare-parts.webp\" alt=\"obr\u00e1zek olejov\u00fdch trubek a n\u00e1hradn\u00edch d\u00edl\u016f\"><\/p>\n<ul>\n<li>\n<h3>Nosnost<\/h3>\n<p>V\u00e1lec mus\u00ed b\u00fdt schopen odolat vysok\u00e9mu tlaku a velk\u00e9mu zat\u00ed\u017een\u00ed, aby se zabr\u00e1nilo jeho selh\u00e1n\u00ed b\u011bhem provozu. <\/p>\n<\/li>\n<li>\n<h3>T\u011bsn\u011bn\u00ed<\/h3>\n<p>V\u00e1lec mus\u00ed m\u00edt r\u016fzn\u00e9 t\u011bsnic\u00ed prvky, jako jsou t\u011bsn\u011bn\u00ed p\u00edstu, t\u011bsn\u011bn\u00ed p\u00edstnice atd. T\u011bsnic\u00ed prvky jsou vyrobeny z materi\u00e1l\u016f odoln\u00fdch proti opot\u0159eben\u00ed, jako je polyuretan a nitrilov\u00e1 pry\u017e, kter\u00e9 mohou zabr\u00e1nit \u00faniku hydraulick\u00e9ho oleje a vniknut\u00ed ne\u010distot do v\u00e1lce. Povrch v\u00e1lce je jemn\u011b opracov\u00e1n pro zlep\u0161en\u00ed odolnosti proti opot\u0159eben\u00ed. <\/p>\n<\/li>\n<li>\n<h3>Trvanlivost<\/h3>\n<p>V\u00fdrobci mus\u00ed vyb\u00edrat vysoce kvalitn\u00ed materi\u00e1ly, aby zajistili, \u017ee v\u00e1lec odol\u00e1 n\u00e1ro\u010dn\u00e9mu pracovn\u00edmu prost\u0159ed\u00ed, jako je vysok\u00e1 teplota, vysok\u00fd tlak a dal\u0161\u00ed drsn\u00e9 podm\u00ednky, a aby se zabr\u00e1nilo po\u0161kozen\u00ed v d\u016fsledku koroze a opot\u0159eben\u00ed. <\/p>\n<\/li>\n<li>\n<h3>Bezpe\u010dnost<\/h3>\n<p>Konstrukce v\u00e1lce by m\u011bla zohled\u0148ovat bezpe\u010dnost obsluhy b\u011bhem provozu, nap\u0159\u00edklad automatick\u00fd pojistn\u00fd ventil, kter\u00fd dok\u00e1\u017ee \u0159\u00eddit pohyb v\u00e1lce a p\u0159edch\u00e1zet nehod\u00e1m. <\/p>\n<\/li>\n<li>\n<h3>Udr\u017eovatelnost<\/h3>\n<p>V\u00e1lec by m\u011bl m\u00edt jednoduchou konstrukci a m\u011bl by se snadno udr\u017eovat a opravovat. V\u00e1lec by m\u011bl b\u00fdt navr\u017een s n\u00e1hradn\u00edmi d\u00edly a mo\u017enostmi repase, co\u017e by umo\u017e\u0148ovalo snadnou v\u00fdm\u011bnu po\u0161kozen\u00fdch d\u00edl\u016f a sni\u017eovalo dobu a n\u00e1klady na \u00fadr\u017ebu. <\/p>\n<\/li>\n<\/ul>\n<h2>T\u011bsn\u011bn\u00ed a maz\u00e1n\u00ed<\/h2>\n<p>T\u011bsnic\u00ed komponenty v\u00e1lce je t\u0159eba pravideln\u011b udr\u017eovat, aby byla zaji\u0161t\u011bna jeho spr\u00e1vn\u00e1 funkce. V\u00fdrobci by m\u011bli pou\u017e\u00edvat r\u016fzn\u00e9 t\u011bsnic\u00ed komponenty, jako jsou t\u011bsn\u011bn\u00ed p\u00edst\u016f, t\u011bsn\u011bn\u00ed p\u00edstnic atd. T\u011bsnic\u00ed komponenty by m\u011bly b\u00fdt vyrobeny z materi\u00e1l\u016f odoln\u00fdch proti opot\u0159eben\u00ed, jako je polyuretan a nitrilov\u00e1 pry\u017e, kter\u00e9 mohou zabr\u00e1nit \u00faniku hydraulick\u00e9ho oleje a vniknut\u00ed ne\u010distot do v\u00e1lce. Povrch v\u00e1lce mus\u00ed b\u00fdt jemn\u011b opracov\u00e1n, aby se zlep\u0161ila odolnost proti opot\u0159eben\u00ed. V\u00e1lec je t\u0159eba pravideln\u011b mazat vhodn\u00fdm mno\u017estv\u00edm hydraulick\u00e9ho oleje, aby byl zaji\u0161t\u011bn jeho hladk\u00fd chod. <\/p>\n<h2>\u00dadr\u017eba a opravy<\/h2>\n<p>Pravideln\u00e9 kontroly a preventivn\u00ed \u00fadr\u017eba jsou nezbytn\u00e9 pro zaji\u0161t\u011bn\u00ed spr\u00e1vn\u00e9 funkce kore\u010dkov\u00e9ho v\u00e1lce. V\u00fdrobci mus\u00ed poskytnout spr\u00e1vn\u00e9 pokyny a pokyny k instalaci, aby bylo zaji\u0161t\u011bno spr\u00e1vn\u00e9 vyrovn\u00e1n\u00ed v\u00e1lce b\u011bhem instalace. K upevn\u011bn\u00ed v\u00e1lce by m\u011bly b\u00fdt pou\u017eity vhodn\u00e9 mont\u00e1\u017en\u00ed konzoly. Mezi b\u011b\u017en\u00e9 \u00fakoly \u00fadr\u017eby pat\u0159\u00ed pravideln\u00e1 kontrola, spr\u00e1vn\u00e9 maz\u00e1n\u00ed, v\u00fdm\u011bna t\u011bsn\u011bn\u00ed a kontrola kalibrace atd. Spr\u00e1vn\u00e1 instalace, maz\u00e1n\u00ed a se\u0159\u00edzen\u00ed jsou nezbytn\u00e9 pro udr\u017een\u00ed funkce v\u00e1lce a prodlou\u017een\u00ed jeho \u017eivotnosti. V\u00fdrobci by m\u011bli poskytovat tipy a \u0159e\u0161en\u00ed probl\u00e9m\u016f, kter\u00e9 \u010dten\u00e1\u0159\u016fm pomohou efektivn\u011b diagnostikovat a \u0159e\u0161it probl\u00e9my, a tak\u00e9 preventivn\u00ed opat\u0159en\u00ed k minimalizaci potenci\u00e1ln\u00edch probl\u00e9m\u016f. <\/p>\n<p><img decoding=\"async\" src=\"https:\/\/www.hydraulic-cylinders.net\/wp-content\/uploads\/2025\/01\/songte-chushion-collar.webp\" alt=\"obr\u00e1zek pol\u0161t\u00e1\u0159ov\u00e9ho l\u00edmce\"><\/p>\n<h2>Bezpe\u010dnostn\u00ed aspekty a faktory prost\u0159ed\u00ed<\/h2>\n<p>P\u0159i pou\u017e\u00edv\u00e1n\u00ed hydraulick\u00e9ho v\u00e1lce s kope\u010dkem jsou nezbytn\u00e1 bezpe\u010dnostn\u00ed opat\u0159en\u00ed. P\u0159ed zah\u00e1jen\u00edm provozu se mus\u00ed obsluha ujistit, \u017ee tlak v hydraulick\u00e9m syst\u00e9mu je v povolen\u00e9m rozsahu, \u017ee hladina hydraulick\u00e9ho oleje ve v\u00e1lci je dostate\u010dn\u00e1 a \u017ee je zaji\u0161\u0165ovac\u00ed mechanismus v\u00e1lce bezpe\u010dn\u00fd. Obsluha by se m\u011bla b\u011bhem provozu vyvarovat st\u00e1n\u00ed p\u0159ed v\u00e1lcem, aby se p\u0159ede\u0161lo nehod\u00e1m. <\/p>\n<h2>Odstra\u0148ov\u00e1n\u00ed probl\u00e9m\u016f a b\u011b\u017en\u00e9 probl\u00e9my<\/h2>\n<p>B\u011bhem provozu se u kore\u010dkov\u00e9ho v\u00e1lce mohou vyskytnout r\u016fzn\u00e9 b\u011b\u017en\u00e9 probl\u00e9my, jako je net\u011bsnost, nedostate\u010dn\u00fd tlak, abnorm\u00e1ln\u00ed hluk a pomal\u00fd pohyb. V\u00fdrobci by m\u011bli poskytnout tipy pro \u0159e\u0161en\u00ed probl\u00e9m\u016f, kter\u00e9 \u010dten\u00e1\u0159\u016fm pomohou efektivn\u011b diagnostikovat a \u0159e\u0161it probl\u00e9my, a tak\u00e9 preventivn\u00ed opat\u0159en\u00ed k minimalizaci potenci\u00e1ln\u00edch probl\u00e9m\u016f. <\/p>\n<p><img decoding=\"async\" src=\"https:\/\/www.hydraulic-cylinders.net\/wp-content\/uploads\/2025\/01\/songte-bushings-with-all-kinds-of-excavator-models.webp\" alt=\"obr\u00e1zek pouzder\"><\/p>\n<h2>O na\u0161\u00ed spole\u010dnosti<\/h2>\n<p>Jsme v\u00fdrobce specializuj\u00edc\u00ed se na v\u00fdm\u011bnu hydraulick\u00fdch v\u00e1lc\u016f. Na\u0161e spole\u010dnost nab\u00edz\u00ed kompletn\u00ed sortiment produkt\u016f a stala se jedn\u00edm z p\u0159edn\u00edch v\u00fdrobc\u016f a velkoobchodn\u00edch distributor\u016f hydraulick\u00fdch v\u00e1lc\u016f na dom\u00e1c\u00edm i mezin\u00e1rodn\u00edm trhu. Dodr\u017eujeme principy vynikaj\u00edc\u00ed kvality, spol\u00e9h\u00e1me se na strategii \u0159\u00edzen\u00ed pr\u016fmyslov\u00e9 v\u00fdroby sofistikovan\u00fdch v\u00fdrobn\u00edch d\u00edlen a neust\u00e1le vylep\u0161ujeme v\u00fdrobn\u00ed platformu, zlep\u0161ujeme kvalitu v\u00fdrobn\u00ed linky a m\u00e1me siln\u00e9 kreativn\u00ed schopnosti, efektivn\u00ed, p\u0159esn\u00e9 a vysoce kvalitn\u00ed principy, abychom splnili rozmanit\u00e9 pot\u0159eby z\u00e1kazn\u00edk\u016f. <\/p>\n<p><img decoding=\"async\" src=\"https:\/\/hzpt.com\/wp-content\/uploads\/2024\/11\/songte-company-1.webp\" alt=\"image spole\u010dnosti\"><\/p>\n<ul>\n<li>\n<h3>Profesionalita<\/h3>\n<p>N\u00e1\u0161 t\u00fdm zahrnuje zku\u0161en\u00e9 odborn\u00edky s dlouholet\u00fdmi zku\u0161enostmi v oboru, co\u017e zaji\u0161\u0165uje nejvy\u0161\u0161\u00ed kvalitu na\u0161ich produkt\u016f a spln\u011bn\u00ed po\u017eadavk\u016f z\u00e1kazn\u00edk\u016f. <\/p>\n<\/li>\n<li>\n<h3>Mezin\u00e1rodn\u00ed certifikace<\/h3>\n<p>Na\u0161e v\u00fdrobky pro\u0161ly mezin\u00e1rodn\u00edmi certifikacemi, jako jsou CE, ISO atd., co\u017e zaru\u010duje jejich kvalitu a bezpe\u010dnost. <\/p>\n<\/li>\n<li>\n<h3>Slu\u017eby p\u0159izp\u016fsoben\u00ed<\/h3>\n<p>Poskytujeme slu\u017eby na m\u00edru, p\u0159izp\u016fsoben\u00e9 pot\u0159eb\u00e1m z\u00e1kazn\u00edk\u016f, \u010d\u00edm\u017e zaji\u0161\u0165ujeme jejich spokojenost a d\u011bl\u00e1me z n\u00e1s spolehliv\u00e9ho partnera pro n\u011b. <\/p>\n<\/li>\n<li>\n<h3>V\u00fdrobn\u00ed za\u0159\u00edzen\u00ed<\/h3>\n<p>Pou\u017e\u00edv\u00e1me pokro\u010dil\u00e9 digit\u00e1ln\u00ed v\u00fdrobn\u00ed za\u0159\u00edzen\u00ed a profesion\u00e1ln\u00ed testovac\u00ed syst\u00e9m, abychom zajistili kvalitu a v\u00fdkon produktu. <\/p>\n<\/li>\n<li>\n<h3>Poprodejn\u00ed servis<\/h3>\n<p>Poskytujeme vynikaj\u00edc\u00ed poprodejn\u00ed servis, v\u010detn\u011b \u00fadr\u017eby, oprav a v\u00fdm\u011bny d\u00edl\u016f, \u010d\u00edm\u017e zaji\u0161\u0165ujeme spokojenost z\u00e1kazn\u00edk\u016f a dlouhou \u017eivotnost produkt\u016f. <\/p>\n<\/li>\n<\/ul>\n<p>Autor: lyl<\/p>","protected":false},"excerpt":{"rendered":"<p>Bucket Cylinder For Lonking Large Excavator LG6365 Introduction The bucket cylinder for Lonking Large Excavator LG6365 is a specialized hydraulic cylinder designed primarily to control the movement of the bucket in heavy machinery such as excavators, backhoe loaders, and front-end loaders. Its main function is to enable the bucket to lift, lower and tilt, making [&hellip;]<\/p>","protected":false},"featured_media":14778,"comment_status":"open","ping_status":"closed","template":"","meta":{"_et_pb_use_builder":"","_et_pb_old_content":"","_et_gb_content_width":""},"product_brand":[],"product_cat":[1494],"product_tag":[1495,1496],"class_list":{"0":"post-15619","1":"product","2":"type-product","3":"status-publish","4":"has-post-thumbnail","6":"product_cat-bucket-cylinders","7":"product_tag-bucket-cylinders","8":"product_tag-hydraulic-cylinders","10":"first","11":"instock","12":"shipping-taxable","13":"product-type-simple"},"amp_enabled":true,"_links":{"self":[{"href":"https:\/\/www.hydraulic-cylinders.net\/cs\/wp-json\/wp\/v2\/product\/15619","targetHints":{"allow":["GET"]}}],"collection":[{"href":"https:\/\/www.hydraulic-cylinders.net\/cs\/wp-json\/wp\/v2\/product"}],"about":[{"href":"https:\/\/www.hydraulic-cylinders.net\/cs\/wp-json\/wp\/v2\/types\/product"}],"replies":[{"embeddable":true,"href":"https:\/\/www.hydraulic-cylinders.net\/cs\/wp-json\/wp\/v2\/comments?post=15619"}],"wp:featuredmedia":[{"embeddable":true,"href":"https:\/\/www.hydraulic-cylinders.net\/cs\/wp-json\/wp\/v2\/media\/14778"}],"wp:attachment":[{"href":"https:\/\/www.hydraulic-cylinders.net\/cs\/wp-json\/wp\/v2\/media?parent=15619"}],"wp:term":[{"taxonomy":"product_brand","embeddable":true,"href":"https:\/\/www.hydraulic-cylinders.net\/cs\/wp-json\/wp\/v2\/product_brand?post=15619"},{"taxonomy":"product_cat","embeddable":true,"href":"https:\/\/www.hydraulic-cylinders.net\/cs\/wp-json\/wp\/v2\/product_cat?post=15619"},{"taxonomy":"product_tag","embeddable":true,"href":"https:\/\/www.hydraulic-cylinders.net\/cs\/wp-json\/wp\/v2\/product_tag?post=15619"}],"curies":[{"name":"wp","href":"https:\/\/api.w.org\/{rel}","templated":true}]}}