{"id":15624,"date":"2025-01-19T14:45:49","date_gmt":"2025-01-19T14:45:49","guid":{"rendered":"https:\/\/www.hydraulic-cylinders.net\/product\/bucket-cylinder-for-jcm-middle-excavator-jcm921f\/"},"modified":"2025-01-19T14:45:51","modified_gmt":"2025-01-19T14:45:51","slug":"bucket-cylinder-for-jcm-middle-excavator-jcm921f","status":"publish","type":"product","link":"https:\/\/www.hydraulic-cylinders.net\/cs\/produkt\/bucket-cylinder-for-jcm-middle-excavator-jcm921f\/","title":{"rendered":"V\u00e1lec l\u017e\u00edce pro st\u0159edn\u00ed bagr JCM JCM921F"},"content":{"rendered":"<h1>V\u00e1lec l\u017e\u00edce pro st\u0159edn\u00ed bagr JCM JCM921F<\/h1>\n<h2>Zaveden\u00ed<\/h2>\n<p>Hydraulick\u00fd v\u00e1lec l\u017e\u00edce pro st\u0159edn\u00ed bagr JCM JCM921F je speci\u00e1ln\u011b navr\u017een\u00fd hydraulick\u00fd v\u00e1lec, kter\u00fd se prim\u00e1rn\u011b pou\u017e\u00edv\u00e1 k ovl\u00e1d\u00e1n\u00ed pohybu l\u017e\u00edce v t\u011b\u017ek\u00fdch stroj\u00edch, jako jsou rypadla, bagry a naklada\u010de. Jeho hlavn\u00ed funkc\u00ed je umo\u017enit zved\u00e1n\u00ed, spou\u0161t\u011bn\u00ed a nakl\u00e1p\u011bn\u00ed l\u017e\u00edce, co\u017e usnad\u0148uje r\u016fzn\u00e9 \u00fakoly manipulace s materi\u00e1lem. V hydraulick\u00e9m syst\u00e9mu dosahuje v\u00e1lec l\u017e\u00edce p\u0159esn\u00e9ho ovl\u00e1d\u00e1n\u00ed l\u017e\u00edce zm\u011bnami tlaku hydraulick\u00e9ho oleje, co\u017e umo\u017e\u0148uje obsluze efektivn\u011b manipulovat s t\u011b\u017ek\u00fdmi b\u0159emeny a p\u0159izp\u016fsobovat se slo\u017eit\u00fdm pracovn\u00edm prost\u0159ed\u00edm a rozmanit\u00fdm provozn\u00edm pot\u0159eb\u00e1m.<\/p>\n<p><img decoding=\"async\" src=\"https:\/\/www.hydraulic-cylinders.net\/wp-content\/uploads\/2025\/01\/songte-company-2.webp\" alt=\"Obr\u00e1zek v\u00e1lce kbel\u00edku\"><\/p>\n<h2>Funkce<\/h2>\n<ul>\n<li><strong>Vysok\u00e1 pevnost a trvanlivost:<\/strong> Obvykle je vyroben z vysokopevnostn\u00ed oceli nebo hlin\u00edku, odol\u00e1 vysok\u00e9mu tlaku a velk\u00e9mu zat\u00ed\u017een\u00ed, a p\u0159izp\u016fsob\u00ed se tak n\u00e1ro\u010dn\u00fdm pracovn\u00edm podm\u00ednk\u00e1m. Konstrukce zohled\u0148uje odolnost proti opot\u0159eben\u00ed a korozi, co\u017e prodlu\u017euje jeho \u017eivotnost.<\/li>\n<li><strong>Efektivn\u00ed hydraulick\u00fd provoz:<\/strong> D\u00edky hydraulick\u00e9mu tlaku oleje k dosa\u017een\u00ed plynul\u00e9ho vysouv\u00e1n\u00ed a zasouv\u00e1n\u00ed dok\u00e1\u017ee rychle reagovat na \u0159\u00eddic\u00ed povely a poskytovat siln\u00e9 tla\u010dn\u00e9 a ta\u017en\u00e9 s\u00edly vhodn\u00e9 pro manipulaci s t\u011b\u017ek\u00fdmi b\u0159emeny a slo\u017eit\u00fdmi \u00fakoly.<\/li>\n<li><strong>V\u0161estrann\u00e9 typy:<\/strong> V\u00e1lec lze zvolit jako jedno\u010dinn\u00fd (hydraulick\u00fd tlak pou\u017eit\u00fd pouze v jednom sm\u011bru) nebo dvoj\u010dinn\u00fd (hydraulick\u00fd tlak pou\u017eit\u00fd ve dvou sm\u011brech) na z\u00e1klad\u011b po\u017eadavk\u016f pro spln\u011bn\u00ed r\u016fzn\u00fdch provozn\u00edch pot\u0159eb. N\u011bkter\u00e9 modely jsou teleskopick\u00e9, co\u017e umo\u017e\u0148uje v\u011bt\u0161\u00ed v\u00fdsuv bez zv\u011bt\u0161en\u00ed vn\u011bj\u0161\u00edch rozm\u011br\u016f, a proto jsou vhodn\u00e9 pro aplikace s omezen\u00fdm prostorem.<\/li>\n<li><strong>Dokonal\u00e1 n\u00e1hrada:<\/strong> N\u00e1\u0161 produkt dok\u00e1\u017ee dokonale nahradit st\u00e1vaj\u00edc\u00ed hydraulick\u00e9 v\u00e1lce. <\/li>\n<\/ul>\n<p><img decoding=\"async\" src=\"https:\/\/www.hydraulic-cylinders.net\/wp-content\/uploads\/2025\/01\/songte-cylinder-head-with-all-kinds-excavator-models.webp\" alt=\"V\u00fdm\u011bna hydraulick\u00e9ho v\u00e1lce\"><\/p>\n<h2>Aplikace<\/h2>\n<ul>\n<li><strong>Stavebn\u00ed vybaven\u00ed:<\/strong> Nach\u00e1zej\u00ed se v bagrech a jsou kl\u00ed\u010dov\u00e9 pro kop\u00e1n\u00ed, nakl\u00e1d\u00e1n\u00ed a p\u0159emis\u0165ov\u00e1n\u00ed zeminy nebo suti. U rypadlo-naklada\u010d\u016f v\u00e1lec l\u017e\u00edce pom\u00e1h\u00e1 jak p\u0159i kop\u00e1n\u00ed, tak p\u0159i zved\u00e1n\u00ed.<\/li>\n<li><strong>Zem\u011bd\u011blsk\u00e9 stroje:<\/strong> Pou\u017e\u00edv\u00e1 se v \u010deln\u00edch naklada\u010d\u00edch k nab\u00edr\u00e1n\u00ed, zved\u00e1n\u00ed a p\u0159eprav\u011b zeminy, sena a dal\u0161\u00edch materi\u00e1l\u016f.<\/li>\n<li><strong>Bagry:<\/strong> V\u00e1lec l\u017e\u00edce umo\u017e\u0148uje ryp\u00e1n\u00ed t\u00edm, \u017ee umo\u017e\u0148uje l\u017e\u00edci proniknout do p\u016fdy.<\/li>\n<li><strong>Naklada\u010de:<\/strong> U \u010deln\u00edch naklada\u010d\u016f pom\u00e1haj\u00ed efektivn\u011b zvedat a vykl\u00e1dat n\u00e1klad.<\/li>\n<\/ul>\n<h2>Konstruk\u010dn\u00ed aspekty a krit\u00e9ria v\u00fdb\u011bru<\/h2>\n<ul>\n<li><strong>Nosnost:<\/strong> Konstrukce v\u00e1lce zohled\u0148uje schopnost odolat specifikovan\u00e9mu zat\u00ed\u017een\u00ed bez poruchy.<\/li>\n<li><strong>T\u011bsn\u011bn\u00ed:<\/strong> Pou\u017e\u00edvaj\u00ed se r\u016fzn\u00e9 t\u011bsnic\u00ed komponenty, jako jsou t\u011bsn\u011bn\u00ed p\u00edst\u016f a p\u00edstnic. Pro t\u011bsn\u011bn\u00ed jsou vybr\u00e1ny materi\u00e1ly odoln\u00e9 proti opot\u0159eben\u00ed, jako je polyuretan a nitrilov\u00e1 pry\u017e. T\u011bleso v\u00e1lce a z\u00e1vitov\u00e9 konce proch\u00e1zej\u00ed p\u0159esn\u00fdm o\u0161et\u0159en\u00edm pro zv\u00fd\u0161en\u00ed odolnosti proti opot\u0159eben\u00ed.<\/li>\n<li><strong>Trvanlivost:<\/strong> Konstrukce zaji\u0161\u0165uje schopnost v\u00e1lce odolat o\u010dek\u00e1van\u00fdm provozn\u00edm podm\u00ednk\u00e1m a poskytnout dlouhou \u017eivotnost.<\/li>\n<li><strong>Bezpe\u010dnost:<\/strong> V n\u00e1vrhu jsou zohledn\u011bny bezpe\u010dnostn\u00ed aspekty, aby se p\u0159ede\u0161lo nehod\u00e1m b\u011bhem provozu.<\/li>\n<li><strong>\u00dadr\u017eba:<\/strong> Konstrukce umo\u017e\u0148uje snadnou \u00fadr\u017ebu a opravy, \u010d\u00edm\u017e se minimalizuj\u00ed prostoje.<\/li>\n<\/ul>\n<p><img decoding=\"async\" src=\"https:\/\/www.hydraulic-cylinders.net\/wp-content\/uploads\/2025\/01\/songte-oil-pipes-and-spare-parts.webp\" alt=\"Konstrukce hydraulick\u00e9ho v\u00e1lce\"><\/p>\n<h2>T\u011bsn\u011bn\u00ed a maz\u00e1n\u00ed<\/h2>\n<p>Kore\u010dkov\u00fd v\u00e1lec vyu\u017e\u00edv\u00e1 r\u016fzn\u00e9 t\u011bsnic\u00ed komponenty, jako jsou t\u011bsn\u011bn\u00ed p\u00edstu a t\u011bsn\u011bn\u00ed p\u00edstnice, kter\u00e9 jsou vyrobeny z materi\u00e1l\u016f odoln\u00fdch proti opot\u0159eben\u00ed, jako je polyuretan a nitrilov\u00e1 pry\u017e. T\u011bleso v\u00e1lce a z\u00e1vitov\u00e9 konce proch\u00e1zej\u00ed jemn\u00fdm o\u0161et\u0159en\u00edm pro zv\u00fd\u0161en\u00ed odolnosti proti opot\u0159eben\u00ed. Pro zaji\u0161t\u011bn\u00ed hladk\u00e9ho provozu je nezbytn\u00e9 pravideln\u00e9 maz\u00e1n\u00ed vhodn\u00fdm mno\u017estv\u00edm hydraulick\u00e9ho oleje.<\/p>\n<h2>\u00dadr\u017eba a preventivn\u00ed opat\u0159en\u00ed<\/h2>\n<ul>\n<li>Pravideln\u00e9 kontroly: Zkontrolujte, zda nevykazuj\u00ed zn\u00e1mky opot\u0159eben\u00ed, net\u011bsnosti nebo po\u0161kozen\u00ed.<\/li>\n<li>Spr\u00e1vn\u00e9 maz\u00e1n\u00ed: Zajist\u011bte, aby byl v\u00e1lec \u0159\u00e1dn\u011b maz\u00e1n podle doporu\u010den\u00ed v\u00fdrobce.<\/li>\n<li>V\u00fdm\u011bna t\u011bsn\u011bn\u00ed: Pokud se objev\u00ed zn\u00e1mky po\u0161kozen\u00ed t\u011bsn\u011bn\u00ed nebo net\u011bsnosti, t\u011bsn\u011bn\u00ed neprodlen\u011b vym\u011b\u0148te.<\/li>\n<li>Kalibra\u010dn\u00ed kontroly: Pravideln\u011b kontrolujte a kalibrujte v\u00e1lec, abyste zajistili jeho provoz v r\u00e1mci specifikovan\u00fdch parametr\u016f.<\/li>\n<\/ul>\n<p><img decoding=\"async\" src=\"https:\/\/www.hydraulic-cylinders.net\/wp-content\/uploads\/2025\/01\/songte-chushion-collar.webp\" alt=\"\u00dadr\u017eba hydraulick\u00fdch v\u00e1lc\u016f\"><\/p>\n<h2>Bezpe\u010dnostn\u00ed aspekty a faktory prost\u0159ed\u00ed<\/h2>\n<p>P\u0159i pou\u017e\u00edv\u00e1n\u00ed kbel\u00edkov\u00e9ho v\u00e1lce je d\u016fle\u017eit\u00e9 dodr\u017eovat bezpe\u010dnostn\u00ed opat\u0159en\u00ed, aby se p\u0159ede\u0161lo nehod\u00e1m. Pro zaji\u0161t\u011bn\u00ed bezpe\u010dn\u00e9ho provozu je z\u00e1sadn\u00ed odpov\u00eddaj\u00edc\u00ed \u0161kolen\u00ed a dodr\u017eov\u00e1n\u00ed bezpe\u010dnostn\u00edch pokyn\u016f. Pro minimalizaci dopadu na \u017eivotn\u00ed prost\u0159ed\u00ed je t\u0159eba zohlednit tak\u00e9 faktory \u017eivotn\u00edho prost\u0159ed\u00ed, jako je \u0159\u00e1dn\u00e9 nakl\u00e1d\u00e1n\u00ed s odpady.<\/p>\n<h2>Odstra\u0148ov\u00e1n\u00ed probl\u00e9m\u016f a b\u011b\u017en\u00e9 probl\u00e9my<\/h2>\n<p>Mezi b\u011b\u017en\u00e9 probl\u00e9my s kore\u010dkov\u00fdmi v\u00e1lci m\u016f\u017ee pat\u0159it net\u011bsnost, nedostate\u010dn\u00fd v\u00fdkon nebo abnorm\u00e1ln\u00ed provoz. Je d\u016fle\u017eit\u00e9 tyto probl\u00e9my neprodlen\u011b diagnostikovat a \u0159e\u0161it. Zde je n\u011bkolik tip\u016f a \u0159e\u0161en\u00ed probl\u00e9m\u016f:<\/p>\n<ul>\n<li>Net\u011bsnost: Zkontrolujte, zda nejsou po\u0161kozen\u00e1 t\u011bsn\u011bn\u00ed nebo uvoln\u011bn\u00e1 spojen\u00ed. V p\u0159\u00edpad\u011b pot\u0159eby je vym\u011b\u0148te nebo dot\u00e1hn\u011bte.<\/li>\n<li>Nedostate\u010dn\u00fd v\u00fdkon: Ov\u011b\u0159te, zda hydraulick\u00fd syst\u00e9m funguje spr\u00e1vn\u011b, v\u010detn\u011b \u010derpadla a regula\u010dn\u00edch ventil\u016f. Zajist\u011bte spr\u00e1vn\u00e9 hladiny kapalin a nastaven\u00ed tlaku.<\/li>\n<li>Abnorm\u00e1ln\u00ed provoz: Zkontrolujte, zda nedo\u0161lo k mechanick\u00fdm p\u0159ek\u00e1\u017ek\u00e1m nebo zda nen\u00ed do\u0161lo k nespr\u00e1vn\u00e9mu vyrovn\u00e1n\u00ed. Zkontrolujte v\u00e1lec, zda nen\u00ed po\u0161kozen nebo opot\u0159ebov\u00e1n.<\/li>\n<\/ul>\n<p><img decoding=\"async\" src=\"https:\/\/www.hydraulic-cylinders.net\/wp-content\/uploads\/2025\/01\/songte-bushings-with-all-kinds-of-excavator-models.webp\" alt=\"Odstra\u0148ov\u00e1n\u00ed probl\u00e9m\u016f s hydraulick\u00fdm v\u00e1lcem\"><\/p>\n<p>Dodr\u017eov\u00e1n\u00edm spr\u00e1vn\u00fdch postup\u016f instalace, maz\u00e1n\u00ed a se\u0159izov\u00e1n\u00ed lze prodlou\u017eit \u017eivotnost kore\u010dkov\u00e9ho v\u00e1lce. B\u011bhem instalace poskytn\u011bte \u0159\u00e1dn\u00e9 pokyny pro vyrovn\u00e1n\u00ed v\u00e1lce a doporu\u010dte pou\u017eit\u00ed vhodn\u00fdch mont\u00e1\u017en\u00edch konzol k jeho zaji\u0161t\u011bn\u00ed. Pro zaji\u0161t\u011bn\u00ed optim\u00e1ln\u00edho v\u00fdkonu a prodlou\u017een\u00ed \u017eivotnosti kore\u010dkov\u00e9ho v\u00e1lce je t\u0159eba dodr\u017eovat doporu\u010den\u00e9 postupy kontroly, opravy a v\u00fdm\u011bny.<\/p>\n<h2>O na\u0161\u00ed spole\u010dnosti<\/h2>\n<p>Jsme p\u0159edn\u00edm v\u00fdrobcem a velkoobchodn\u00edm distributorem hydraulick\u00fdch v\u00e1lc\u016f na dom\u00e1c\u00edm i mezin\u00e1rodn\u00edm trhu. Nab\u00edz\u00edme \u0161irokou \u0161k\u00e1lu produkt\u016f a jsme hrd\u00ed na to, \u017ee dod\u00e1v\u00e1me vynikaj\u00edc\u00ed kvalitu. D\u00edky na\u0161im vysp\u011bl\u00fdm v\u00fdrobn\u00edm d\u00edln\u00e1m, modern\u00edmu vybaven\u00ed a profesion\u00e1ln\u00edm testovac\u00edm syst\u00e9m\u016fm neust\u00e1le vylep\u0161ujeme na\u0161i v\u00fdrobn\u00ed platformu a zaji\u0161\u0165ujeme vysokou efektivitu, p\u0159esnost a kvalitu, abychom splnili rozmanit\u00e9 pot\u0159eby z\u00e1kazn\u00edk\u016f.<\/p>\n<p><img decoding=\"async\" src=\"https:\/\/www.hydraulic-cylinders.net\/wp-content\/uploads\/2025\/01\/songte-company-3.webp\" alt=\"P\u0159ehled spole\u010dnosti\"><\/p>\n<h3>Hlavn\u00ed body na\u0161\u00ed spole\u010dnosti:<\/h3>\n<ul>\n<li>Odbornost v oboru<\/li>\n<li>Mezin\u00e1rodn\u00ed certifikace<\/li>\n<li>Slu\u017eby p\u0159izp\u016fsoben\u00ed<\/li>\n<li>Nejmodern\u011bj\u0161\u00ed v\u00fdrobn\u00ed za\u0159\u00edzen\u00ed<\/li>\n<li>Komplexn\u00ed poprodejn\u00ed servis<\/li>\n<\/ul>\n<p>D\u00edky logick\u00e9mu uspo\u0159\u00e1d\u00e1n\u00ed \u010dl\u00e1nku s podnadpisy, za\u010dlen\u011bn\u00ed relevantn\u00edch obr\u00e1zk\u016f nebo graf\u016f pro lep\u0161\u00ed pochopen\u00ed a zaji\u0161t\u011bn\u00ed jasn\u00e9ho a stru\u010dn\u00e9ho obsahu vhodn\u00e9ho pro \u010dten\u00e1\u0159e s r\u016fzn\u00fdmi \u00farovn\u011bmi technick\u00fdch znalost\u00ed poskytuje tento \u010dl\u00e1nek komplexn\u00ed informace o v\u00e1lci kore\u010dkov\u00e9 r\u00fdpadly JCM JCM921F a jeho r\u016fzn\u00fdch aspektech.<\/p>\n<p>Autor: lyl<\/p>","protected":false},"excerpt":{"rendered":"<p>Bucket Cylinder For JCM Middle Excavator JCM921F Introduction The Bucket Cylinder for JCM Middle Excavator JCM921F is a specially designed hydraulic cylinder primarily used to control the movement of the bucket in heavy machinery such as excavators, backhoes, and loaders. Its main function is to enable the bucket to lift, lower, and tilt, facilitating various [&hellip;]<\/p>","protected":false},"featured_media":14765,"comment_status":"open","ping_status":"closed","template":"","meta":{"_et_pb_use_builder":"","_et_pb_old_content":"","_et_gb_content_width":""},"product_brand":[],"product_cat":[1494],"product_tag":[1495,1496],"class_list":{"0":"post-15624","1":"product","2":"type-product","3":"status-publish","4":"has-post-thumbnail","6":"product_cat-bucket-cylinders","7":"product_tag-bucket-cylinders","8":"product_tag-hydraulic-cylinders","10":"first","11":"instock","12":"shipping-taxable","13":"product-type-simple"},"amp_enabled":true,"_links":{"self":[{"href":"https:\/\/www.hydraulic-cylinders.net\/cs\/wp-json\/wp\/v2\/product\/15624","targetHints":{"allow":["GET"]}}],"collection":[{"href":"https:\/\/www.hydraulic-cylinders.net\/cs\/wp-json\/wp\/v2\/product"}],"about":[{"href":"https:\/\/www.hydraulic-cylinders.net\/cs\/wp-json\/wp\/v2\/types\/product"}],"replies":[{"embeddable":true,"href":"https:\/\/www.hydraulic-cylinders.net\/cs\/wp-json\/wp\/v2\/comments?post=15624"}],"wp:featuredmedia":[{"embeddable":true,"href":"https:\/\/www.hydraulic-cylinders.net\/cs\/wp-json\/wp\/v2\/media\/14765"}],"wp:attachment":[{"href":"https:\/\/www.hydraulic-cylinders.net\/cs\/wp-json\/wp\/v2\/media?parent=15624"}],"wp:term":[{"taxonomy":"product_brand","embeddable":true,"href":"https:\/\/www.hydraulic-cylinders.net\/cs\/wp-json\/wp\/v2\/product_brand?post=15624"},{"taxonomy":"product_cat","embeddable":true,"href":"https:\/\/www.hydraulic-cylinders.net\/cs\/wp-json\/wp\/v2\/product_cat?post=15624"},{"taxonomy":"product_tag","embeddable":true,"href":"https:\/\/www.hydraulic-cylinders.net\/cs\/wp-json\/wp\/v2\/product_tag?post=15624"}],"curies":[{"name":"wp","href":"https:\/\/api.w.org\/{rel}","templated":true}]}}