{"id":15650,"date":"2025-01-19T14:47:46","date_gmt":"2025-01-19T14:47:46","guid":{"rendered":"https:\/\/www.hydraulic-cylinders.net\/product\/bucket-cylinder-for-sdlg-middle-excavator-lg6210e\/"},"modified":"2025-01-19T14:47:48","modified_gmt":"2025-01-19T14:47:48","slug":"bucket-cylinder-for-sdlg-middle-excavator-lg6210e","status":"publish","type":"product","link":"https:\/\/www.hydraulic-cylinders.net\/cs\/produkt\/bucket-cylinder-for-sdlg-middle-excavator-lg6210e\/","title":{"rendered":"V\u00e1lec l\u017e\u00edce pro st\u0159edn\u00ed bagr SDLG LG6210E"},"content":{"rendered":"<h1>V\u00e1lec l\u017e\u00edce pro st\u0159edn\u00ed bagr SDLG LG6210E<\/h1>\n<p><h2>Zaveden\u00ed<\/h2>\n<p>Hydraulick\u00fd v\u00e1lec l\u017e\u00edce pro st\u0159edn\u00ed rypadlo SDLG LG6210E je speci\u00e1ln\u011b navr\u017een\u00fd hydraulick\u00fd v\u00e1lec pou\u017e\u00edvan\u00fd k ovl\u00e1d\u00e1n\u00ed pohybu l\u017e\u00edce v t\u011b\u017ek\u00fdch stroj\u00edch, jako jsou rypadla, r\u00fdpadlo-naklada\u010de a \u010deln\u00ed naklada\u010de. Jeho hlavn\u00ed funkc\u00ed je umo\u017enit zved\u00e1n\u00ed, spou\u0161t\u011bn\u00ed a nakl\u00e1p\u011bn\u00ed l\u017e\u00edce, co\u017e usnad\u0148uje r\u016fzn\u00e9 \u00fakoly manipulace s materi\u00e1lem. V hydraulick\u00e9m syst\u00e9mu dosahuje v\u00e1lec l\u017e\u00edce p\u0159esn\u00e9ho ovl\u00e1d\u00e1n\u00ed l\u017e\u00edce pomoc\u00ed zm\u011bn tlaku hydraulick\u00e9ho oleje, co\u017e umo\u017e\u0148uje obsluze efektivn\u011b manipulovat s t\u011b\u017ek\u00fdmi b\u0159emeny a p\u0159izp\u016fsobovat se slo\u017eit\u00fdm pracovn\u00edm prost\u0159ed\u00edm a rozmanit\u00fdm provozn\u00edm po\u017eadavk\u016fm.<\/p>\n<p>  <img decoding=\"async\" src=\"https:\/\/www.hydraulic-cylinders.net\/wp-content\/uploads\/2025\/01\/songte-company-2.webp\" alt=\"Obr\u00e1zek v\u00e1lce kbel\u00edku\"><\/p>\n<h2>Funkce<\/h2>\n<ul>\n<li>Vysok\u00e1 pevnost a odolnost: V\u00e1lec kore\u010dkov\u00e9ho typu, obvykle vyroben\u00fd z vysokopevnostn\u00ed oceli nebo hlin\u00edku, odol\u00e1 vysok\u00e9mu tlaku a velk\u00e9mu zat\u00ed\u017een\u00ed, a p\u0159izp\u016fsob\u00ed se tak n\u00e1ro\u010dn\u00e9mu pracovn\u00edmu prost\u0159ed\u00ed. Jeho konstrukce zohled\u0148uje odolnost proti opot\u0159eben\u00ed a korozi, co\u017e prodlu\u017euje jeho \u017eivotnost.<\/li>\n<li>Efektivn\u00ed hydraulick\u00fd provoz: Vyu\u017eit\u00edm tlaku hydraulick\u00e9ho oleje umo\u017e\u0148uje v\u00e1lec l\u017e\u00edce plynul\u00e9 pohyby vysouv\u00e1n\u00ed a zasouv\u00e1n\u00ed, co\u017e zaji\u0161\u0165uje rychlou odezvu na ovl\u00e1dac\u00ed povely a dod\u00e1v\u00e1 siln\u00e9 tla\u010dn\u00e9 a ta\u017en\u00e9 s\u00edly. Je vhodn\u00fd pro manipulaci s t\u011b\u017ek\u00fdmi b\u0159emeny a slo\u017eit\u00e9 provozn\u00ed \u00fakoly.<\/li>\n<li>R\u016fzn\u00e9 typy: V\u00e1lec kore\u010dkov\u00e9ho v\u00e1lce lze volit jako jedno\u010dinn\u00fd (hydraulick\u00fd tlak pou\u017eit\u00fd pouze v jednom sm\u011bru) nebo dvoj\u010dinn\u00fd (hydraulick\u00fd tlak pou\u017eit\u00fd ve dvou sm\u011brech) dle specifick\u00fdch provozn\u00edch pot\u0159eb. N\u011bkter\u00e9 modely jsou teleskopick\u00e9, co\u017e umo\u017e\u0148uje v\u011bt\u0161\u00ed v\u00fdsuv bez zv\u011bt\u0161en\u00ed vn\u011bj\u0161\u00edch rozm\u011br\u016f, a proto jsou vhodn\u00e9 pro aplikace s omezen\u00fdm prostorem.<\/li>\n<li>Dokonal\u00e1 n\u00e1hrada: N\u00e1\u0161 produkt dok\u00e1\u017ee tyto hydraulick\u00e9 v\u00e1lce dokonale nahradit.<\/li>\n<\/ul>\n<p>  <img decoding=\"async\" src=\"https:\/\/www.hydraulic-cylinders.net\/wp-content\/uploads\/2025\/01\/songte-cylinder-head-with-all-kinds-excavator-models.webp\" alt=\"Obr\u00e1zek hydraulick\u00e9ho v\u00e1lce\"><\/p>\n<h2>Aplikace<\/h2>\n<ul>\n<li>Stavebn\u00ed za\u0159\u00edzen\u00ed: Nach\u00e1zej\u00ed se v bagrech a jsou nezbytn\u00e9 pro kop\u00e1n\u00ed, nakl\u00e1d\u00e1n\u00ed a p\u0159emis\u0165ov\u00e1n\u00ed zeminy nebo suti. U rypadlo-naklada\u010d\u016f pom\u00e1h\u00e1 v\u00e1lec l\u017e\u00edce jak p\u0159i v\u00fdkopu, tak p\u0159i zved\u00e1n\u00ed.<\/li>\n<li>Zem\u011bd\u011blsk\u00e9 stroje: Pou\u017e\u00edvaj\u00ed se v \u010deln\u00edch naklada\u010d\u00edch pro nab\u00edr\u00e1n\u00ed, zved\u00e1n\u00ed a p\u0159epravu p\u016fdy, sena a dal\u0161\u00edch materi\u00e1l\u016f.<\/li>\n<li>Rypadla: V\u00e1lec l\u017e\u00edce umo\u017e\u0148uje kop\u00e1n\u00ed t\u00edm, \u017ee umo\u017e\u0148uje l\u017e\u00edci proniknout do p\u016fdy.<\/li>\n<li>Naklada\u010de: \u010celn\u00ed naklada\u010de pom\u00e1haj\u00ed efektivn\u011b zvedat a nakl\u00e1n\u011bt zbo\u017e\u00ed.<\/li>\n<\/ul>\n<h2>Konstruk\u010dn\u00ed aspekty a krit\u00e9ria v\u00fdb\u011bru<\/h2>\n<ul>\n<li>Bearing Capacity: The bucket cylinder&#8217;s ability to withstand heavy loads is a crucial design consideration.<\/li>\n<li>T\u011bsn\u011bn\u00ed: R\u016fzn\u00e9 t\u011bsnic\u00ed komponenty, jako jsou t\u011bsn\u011bn\u00ed p\u00edst\u016f a p\u00edstnic vyroben\u00fdch z materi\u00e1l\u016f odoln\u00fdch proti opot\u0159eben\u00ed, jako je polyuretan a nitrilov\u00e1 pry\u017e, zaji\u0161\u0165uj\u00ed \u00fa\u010dinn\u00e9 ut\u011bsn\u011bn\u00ed. T\u011bleso v\u00e1lce a z\u00e1vitov\u00e9 koncov\u00e9 plochy proch\u00e1zej\u00ed pe\u010dlivou \u00fapravou pro zv\u00fd\u0161en\u00ed odolnosti proti opot\u0159eben\u00ed.<\/li>\n<li>Odolnost: V\u00e1lec kore\u010dkov\u00e9ho v\u00e1lce je navr\u017een tak, aby byl odoln\u00fd, a to i s ohledem na n\u00e1ro\u010dn\u00e9 pracovn\u00ed podm\u00ednky, kter\u00fdm m\u016f\u017ee \u010delit.<\/li>\n<li>Safety: Safety features are incorporated into the bucket cylinder&#8217;s design to prevent accidents and ensure operator well-being.<\/li>\n<li>\u00dadr\u017eba: Zohled\u0148uje se snadn\u00e1 \u00fadr\u017eba, kter\u00e1 umo\u017e\u0148uje pohodlnou kontrolu, opravu a v\u00fdm\u011bnu.<\/li>\n<\/ul>\n<p>  <img decoding=\"async\" src=\"https:\/\/www.hydraulic-cylinders.net\/wp-content\/uploads\/2025\/01\/songte-oil-pipes-and-spare-parts.webp\" alt=\"Obr\u00e1zek sou\u010d\u00e1st\u00ed hydraulick\u00e9ho v\u00e1lce\"><\/p>\n<h2>T\u011bsn\u011bn\u00ed a maz\u00e1n\u00ed<\/h2>\n<p>Kore\u010dkov\u00fd v\u00e1lec vyu\u017e\u00edv\u00e1 r\u016fzn\u00e9 t\u011bsnic\u00ed komponenty, jako jsou t\u011bsn\u011bn\u00ed p\u00edstu a p\u00edstnice, kter\u00e9 jsou vyrobeny z materi\u00e1l\u016f odoln\u00fdch proti opot\u0159eben\u00ed, jako je polyuretan a nitrilov\u00e1 pry\u017e. T\u011bleso v\u00e1lce a z\u00e1vitov\u00e9 koncov\u00e9 plochy proch\u00e1zej\u00ed pe\u010dlivou \u00fapravou pro zlep\u0161en\u00ed odolnosti proti opot\u0159eben\u00ed. Pro zaji\u0161t\u011bn\u00ed hladk\u00e9ho provozu je nezbytn\u00e9 pravideln\u00e9 maz\u00e1n\u00ed vhodn\u00fdm mno\u017estv\u00edm hydraulick\u00e9ho oleje.<\/p>\n<h2>Pravideln\u00e1 kontrola a preventivn\u00ed \u00fadr\u017eba<\/h2>\n<ul>\n<li>Regular inspection helps identify any potential issues and ensures the bucket cylinder&#8217;s optimal performance.<\/li>\n<li>Proper lubrication is essential for maintaining the bucket cylinder&#8217;s efficiency and longevity.<\/li>\n<li>V\u00fdm\u011bna t\u011bsn\u011bn\u00ed by m\u011bla b\u00fdt provedena v p\u0159\u00edpad\u011b pot\u0159eby, aby se zabr\u00e1nilo net\u011bsnostem a zajistilo se spr\u00e1vn\u00e9 ut\u011bsn\u011bn\u00ed.<\/li>\n<li>Kalibra\u010dn\u00ed kontroly by m\u011bly b\u00fdt prov\u00e1d\u011bny pravideln\u011b, aby byla zaji\u0161t\u011bna p\u0159esn\u00e1 funkce.<\/li>\n<\/ul>\n<p>  <img decoding=\"async\" src=\"https:\/\/www.hydraulic-cylinders.net\/wp-content\/uploads\/2025\/01\/songte-chushion-collar.webp\" alt=\"Obr\u00e1zek \u00fadr\u017eby hydraulick\u00e9ho v\u00e1lce\"><\/p>\n<h2>Bezpe\u010dnostn\u00ed aspekty a faktory prost\u0159ed\u00ed<\/h2>\n<p>Zaji\u0161t\u011bn\u00ed dodr\u017eov\u00e1n\u00ed bezpe\u010dnostn\u00edch opat\u0159en\u00ed p\u0159i pou\u017e\u00edv\u00e1n\u00ed kore\u010dkov\u00e9ho v\u00e1lce je nezbytn\u00e9 pro prevenci nehod a udr\u017een\u00ed bezpe\u010dn\u00e9ho pracovn\u00edho prost\u0159ed\u00ed. Pro minimalizaci negativn\u00edch dopad\u016f je t\u0159eba zv\u00e1\u017eit i faktory prost\u0159ed\u00ed, jako je spr\u00e1vn\u00e1 likvidace hydraulick\u00e9ho oleje.<\/p>\n<h2>Odstra\u0148ov\u00e1n\u00ed probl\u00e9m\u016f a b\u011b\u017en\u00e9 probl\u00e9my<\/h2>\n<p>Mohou se vyskytnout b\u011b\u017en\u00e9 probl\u00e9my s v\u00e1lcem kore\u010dkov\u00e9ho motoru. \u0158e\u0161en\u00ed t\u011bchto probl\u00e9m\u016f vy\u017eaduje p\u0159esnou diagn\u00f3zu a \u00fa\u010dinn\u00e1 \u0159e\u0161en\u00ed. Pro minimalizaci potenci\u00e1ln\u00edch probl\u00e9m\u016f by m\u011bla b\u00fdt zavedena preventivn\u00ed opat\u0159en\u00ed.<\/p>\n<p>  <img decoding=\"async\" src=\"https:\/\/www.hydraulic-cylinders.net\/wp-content\/uploads\/2025\/01\/songte-bushings-with-all-kinds-of-excavator-models.webp\" alt=\"Obr\u00e1zek pro odstra\u0148ov\u00e1n\u00ed probl\u00e9m\u016f s hydraulick\u00fdm v\u00e1lcem\"><\/p>\n<h2>P\u0159ehled spole\u010dnosti<\/h2>\n<p>Jsme v\u00fdrobcem n\u00e1hradn\u00edch hydraulick\u00fdch v\u00e1lc\u016f a nab\u00edz\u00edme \u0161irokou \u0161k\u00e1lu produkt\u016f. Jako jeden z p\u0159edn\u00edch v\u00fdrobc\u016f a velkoobchodn\u00edch distributor\u016f hydraulick\u00fdch v\u00e1lc\u016f na dom\u00e1c\u00edm i mezin\u00e1rodn\u00edm trhu klademe d\u016fraz na vynikaj\u00edc\u00ed kvalitu. D\u00edky vyu\u017eit\u00ed modern\u00edho v\u00fdrobn\u00edho za\u0159\u00edzen\u00ed, profesion\u00e1ln\u00edch testovac\u00edch syst\u00e9m\u016f a vysoce kvalifikovan\u00e9 pracovn\u00ed s\u00edly neust\u00e1le zlep\u0161ujeme na\u0161i v\u00fdrobn\u00ed platformu a v\u00fdrobn\u00ed postupy pro zaji\u0161t\u011bn\u00ed kvality produkt\u016f. Na\u0161e spole\u010dnost se zav\u00e1zala k uspokojov\u00e1n\u00ed rozmanit\u00fdch pot\u0159eb z\u00e1kazn\u00edk\u016f s vysokou efektivitou, p\u0159esnost\u00ed a kvalitou.<\/p>\n<p>  <img decoding=\"async\" src=\"https:\/\/www.hydraulic-cylinders.net\/wp-content\/uploads\/2025\/01\/songte-company-3.webp\" alt=\"Image spole\u010dnosti\"><\/p>\n<h2>Profesionalita<\/h2>\n<p>Na\u0161e spole\u010dnost dodr\u017euje nejvy\u0161\u0161\u00ed standardy profesionality a zaji\u0161\u0165uje na\u0161im z\u00e1kazn\u00edk\u016fm dod\u00e1vky kvalitn\u00edch produkt\u016f a slu\u017eeb. Jsme dr\u017eiteli mezin\u00e1rodn\u00edch certifikac\u00ed a poskytujeme slu\u017eby na m\u00edru, kter\u00e9 spl\u0148uj\u00ed specifick\u00e9 po\u017eadavky. Na\u0161e v\u00fdrobn\u00ed za\u0159\u00edzen\u00ed je nejmodern\u011bj\u0161\u00ed a n\u00e1\u0161 poprodejn\u00ed servis zaji\u0161\u0165uje spokojenost z\u00e1kazn\u00edk\u016f.<\/p>\n<h2>Z\u00e1v\u011br<\/h2>\n<p>In conclusion, the bucket cylinder for SDLG middle excavator LG6210E is a specialized hydraulic cylinder designed to control the movement of the bucket in heavy machinery. With its high strength, durability, efficient hydraulic operation, and various types, it proves to be a reliable component for construction and agricultural equipment. The bucket cylinder is carefully designed, considering factors such as bearing capacity, sealing, durability, safety, and maintainability. Regular inspection, proper lubrication, and preventive maintenance are crucial for ensuring the bucket cylinder&#8217;s longevity and optimal performance. Safety considerations and troubleshooting measures should be taken into account, and our company is dedicated to providing high-quality hydraulic cylinders and excellent services to meet customer demands.<\/p>\n<p>Autor: lyl<\/p>\n<p>  <img decoding=\"async\" src=\"https:\/\/hzpt.com\/wp-content\/uploads\/2024\/11\/songte-company-1.webp\" alt=\"Image spole\u010dnosti\"><\/p>","protected":false},"excerpt":{"rendered":"<p>Bucket Cylinder For SDLG Middle Excavator LG6210E Introduction The bucket cylinder for SDLG middle excavator LG6210E is a specially designed hydraulic cylinder used to control the movement of the bucket in heavy machinery such as excavators, backhoe loaders, and front loaders. Its main function is to enable the lifting, lowering, and tilting of the bucket, [&hellip;]<\/p>","protected":false},"featured_media":14776,"comment_status":"open","ping_status":"closed","template":"","meta":{"_et_pb_use_builder":"","_et_pb_old_content":"","_et_gb_content_width":""},"product_brand":[],"product_cat":[1494],"product_tag":[1495,1496],"class_list":{"0":"post-15650","1":"product","2":"type-product","3":"status-publish","4":"has-post-thumbnail","6":"product_cat-bucket-cylinders","7":"product_tag-bucket-cylinders","8":"product_tag-hydraulic-cylinders","10":"first","11":"instock","12":"shipping-taxable","13":"product-type-simple"},"amp_enabled":true,"_links":{"self":[{"href":"https:\/\/www.hydraulic-cylinders.net\/cs\/wp-json\/wp\/v2\/product\/15650","targetHints":{"allow":["GET"]}}],"collection":[{"href":"https:\/\/www.hydraulic-cylinders.net\/cs\/wp-json\/wp\/v2\/product"}],"about":[{"href":"https:\/\/www.hydraulic-cylinders.net\/cs\/wp-json\/wp\/v2\/types\/product"}],"replies":[{"embeddable":true,"href":"https:\/\/www.hydraulic-cylinders.net\/cs\/wp-json\/wp\/v2\/comments?post=15650"}],"wp:featuredmedia":[{"embeddable":true,"href":"https:\/\/www.hydraulic-cylinders.net\/cs\/wp-json\/wp\/v2\/media\/14776"}],"wp:attachment":[{"href":"https:\/\/www.hydraulic-cylinders.net\/cs\/wp-json\/wp\/v2\/media?parent=15650"}],"wp:term":[{"taxonomy":"product_brand","embeddable":true,"href":"https:\/\/www.hydraulic-cylinders.net\/cs\/wp-json\/wp\/v2\/product_brand?post=15650"},{"taxonomy":"product_cat","embeddable":true,"href":"https:\/\/www.hydraulic-cylinders.net\/cs\/wp-json\/wp\/v2\/product_cat?post=15650"},{"taxonomy":"product_tag","embeddable":true,"href":"https:\/\/www.hydraulic-cylinders.net\/cs\/wp-json\/wp\/v2\/product_tag?post=15650"}],"curies":[{"name":"wp","href":"https:\/\/api.w.org\/{rel}","templated":true}]}}