{"id":15653,"date":"2025-01-19T14:48:04","date_gmt":"2025-01-19T14:48:04","guid":{"rendered":"https:\/\/www.hydraulic-cylinders.net\/product\/bucket-cylinder-for-sdlg-middle-excavator-lg6225\/"},"modified":"2025-01-19T14:48:06","modified_gmt":"2025-01-19T14:48:06","slug":"bucket-cylinder-for-sdlg-middle-excavator-lg6225","status":"publish","type":"product","link":"https:\/\/www.hydraulic-cylinders.net\/cs\/produkt\/bucket-cylinder-for-sdlg-middle-excavator-lg6225\/","title":{"rendered":"V\u00e1lec l\u017e\u00edce pro st\u0159edn\u00ed bagr SDLG LG6225"},"content":{"rendered":"<h1>V\u00e1lec l\u017e\u00edce pro st\u0159edn\u00ed bagr SDLG LG6225<\/h1>\n<h2>Zaveden\u00ed<\/h2>\n<p>Hydraulick\u00fd v\u00e1lec l\u017e\u00edce pro st\u0159edn\u00ed bagr SDLG LG6225 je specializovan\u00fd hydraulick\u00fd v\u00e1lec ur\u010den\u00fd k ovl\u00e1d\u00e1n\u00ed pohybu l\u017e\u00edce v t\u011b\u017ek\u00fdch stroj\u00edch, jako jsou rypadla, bagry a \u010deln\u00ed naklada\u010de. Jeho hlavn\u00ed funkc\u00ed je usnadn\u011bn\u00ed r\u016fzn\u00fdch \u00fakol\u016f manipulace s materi\u00e1lem t\u00edm, \u017ee umo\u017e\u0148uje zved\u00e1n\u00ed, spou\u0161t\u011bn\u00ed a nakl\u00e1p\u011bn\u00ed l\u017e\u00edce. V hydraulick\u00e9m syst\u00e9mu dosahuje v\u00e1lec l\u017e\u00edce p\u0159esn\u00e9ho ovl\u00e1d\u00e1n\u00ed l\u017e\u00edce zm\u011bnami tlaku hydraulick\u00e9ho oleje, co\u017e umo\u017e\u0148uje obsluze efektivn\u011b manipulovat s t\u011b\u017ek\u00fdmi b\u0159emeny a p\u0159izp\u016fsobovat se slo\u017eit\u00fdm pracovn\u00edm prost\u0159ed\u00edm a rozmanit\u00fdm provozn\u00edm po\u017eadavk\u016fm.<\/p>\n<p><img loading=\"lazy\" decoding=\"async\" src=\"https:\/\/www.hydraulic-cylinders.net\/wp-content\/uploads\/2025\/01\/songte-company-2.webp\" alt=\"V\u00e1lec l\u017e\u00edce pro st\u0159edn\u00ed bagr SDLG LG6225\" width=\"500\" height=\"333\"><\/p>\n<h2>Funkce<\/h2>\n<ul>\n<li>\n<h3>Vysok\u00e1 pevnost a trvanlivost<\/h3>\n<p>V\u00e1lec je obvykle vyroben z vysokopevnostn\u00ed oceli nebo hlin\u00edku, je schopen odolat vysok\u00e9mu tlaku a velk\u00e9mu zat\u00ed\u017een\u00ed, p\u0159izp\u016fsobit se n\u00e1ro\u010dn\u00fdm pracovn\u00edm prost\u0159ed\u00edm a je navr\u017een s ohledem na odolnost proti opot\u0159eben\u00ed a korozi pro prodlou\u017een\u00ed \u017eivotnosti.<\/p>\n<\/li>\n<li>\n<h3>Efektivn\u00ed hydraulick\u00fd provoz<\/h3>\n<p>D\u00edky tlaku hydraulick\u00e9ho oleje k dosa\u017een\u00ed plynul\u00e9ho vysouv\u00e1n\u00ed a zasouv\u00e1n\u00ed dok\u00e1\u017ee v\u00e1lec rychle reagovat na \u0159\u00eddic\u00ed povely, poskytovat siln\u00e9 tlakov\u00e9 a ta\u017en\u00e9 s\u00edly a je vhodn\u00fd pro manipulaci s t\u011b\u017ek\u00fdmi b\u0159emeny a slo\u017eit\u00e9 provozn\u00ed \u00fakoly.<\/p>\n<\/li>\n<li>\n<h3>R\u016fznorod\u00e9 typy<\/h3>\n<p>V\u00e1lec m\u016f\u017ee b\u00fdt jedno\u010dinn\u00fd (hydraulika se pou\u017e\u00edv\u00e1 pouze v jednom sm\u011bru) nebo dvoj\u010dinn\u00fd (hydraulika se pou\u017e\u00edv\u00e1 v obou sm\u011brech) v z\u00e1vislosti na provozn\u00edch po\u017eadavc\u00edch. N\u011bkter\u00e9 modely jsou teleskopick\u00e9, co\u017e umo\u017e\u0148uje v\u011bt\u0161\u00ed v\u00fdsuv bez zv\u011bt\u0161en\u00ed vn\u011bj\u0161\u00edch rozm\u011br\u016f, d\u00edky \u010demu\u017e jsou vhodn\u00e9 pro aplikace s omezen\u00fdm prostorem.<\/p>\n<\/li>\n<li>\n<h3>M\u016f\u017ee nahradit jin\u00e9 hydraulick\u00e9 v\u00e1lce<\/h3>\n<p>N\u00e1\u0161 produkt dok\u00e1\u017ee dokonale nahradit jin\u00e9 hydraulick\u00e9 v\u00e1lce. Nab\u00edz\u00edme n\u00e1hradn\u00ed d\u00edly a repase, abychom prodlou\u017eili \u017eivotnost va\u0161eho za\u0159\u00edzen\u00ed.<\/p>\n<\/li>\n<li>\n<h3>R\u016fzn\u00e9 aplikace<\/h3>\n<p>Kore\u010dkov\u00fd v\u00e1lec m\u00e1 \u0161irokou \u0161k\u00e1lu uplatn\u011bn\u00ed v r\u016fzn\u00fdch t\u011b\u017ek\u00fdch stroj\u00edch, jako nap\u0159\u00edklad:<\/p>\n<ul>\n<li>Stavebn\u00ed stroje: nezbytn\u00e9 pro v\u00fdkopov\u00e9 pr\u00e1ce, nakl\u00e1d\u00e1n\u00ed a p\u0159emis\u0165ov\u00e1n\u00ed zeminy nebo suti v bagrech a rypadlech-bagrech.<\/li>\n<li>Zem\u011bd\u011blsk\u00e9 stroje: pou\u017e\u00edvaj\u00ed se v \u010deln\u00edch naklada\u010d\u00edch pro nab\u00edr\u00e1n\u00ed, zved\u00e1n\u00ed a p\u0159epravu p\u016fdy, sena a dal\u0161\u00edch materi\u00e1l\u016f.<\/li>\n<li>Rypadla: v\u00e1lec umo\u017e\u0148uje l\u017e\u00edci proniknout do p\u016fdy a dos\u00e1hnout tak kop\u00e1n\u00ed.<\/li>\n<li>Naklada\u010de: u \u010deln\u00edch naklada\u010d\u016f pom\u00e1haj\u00ed efektivn\u011b zvedat a vykl\u00e1dat n\u00e1klad.<\/li>\n<\/ul>\n<\/li>\n<\/ul>\n<h2>Konstruk\u010dn\u00ed aspekty a krit\u00e9ria v\u00fdb\u011bru<\/h2>\n<p>P\u0159i v\u00fdb\u011bru kore\u010dkov\u00e9ho v\u00e1lce je t\u0159eba zv\u00e1\u017eit r\u016fzn\u00e9 faktory, jako je jeho nosnost, t\u011bsnic\u00ed vlastnosti, trvanlivost, bezpe\u010dnost a \u00fadr\u017eba. N\u00e1sleduje n\u011bkolik konstruk\u010dn\u00edch aspekt\u016f a krit\u00e9ri\u00ed v\u00fdb\u011bru:<\/p>\n<ul>\n<li>\n<h3>Nosnost<\/h3>\n<p>V\u00e1lec by m\u011bl b\u00fdt schopen odolat maxim\u00e1ln\u00edmu zat\u00ed\u017een\u00ed, kter\u00e9mu m\u016f\u017ee b\u00fdt za\u0159\u00edzen\u00ed vystaveno, a konstrukce by m\u011bla zohled\u0148ovat mo\u017en\u00e9 podm\u00ednky p\u0159et\u00ed\u017een\u00ed. Nosnost v\u00e1lce lze zv\u00fd\u0161it pou\u017eit\u00edm ty\u010d\u00ed a trubek s v\u011bt\u0161\u00edm pr\u016fm\u011brem nebo materi\u00e1l\u016f s vy\u0161\u0161\u00ed pevnost\u00ed.<\/p>\n<\/li>\n<li>\n<h3>T\u011bsnic\u00ed v\u00fdkon<\/h3>\n<p>V\u00e1lec mus\u00ed b\u00fdt \u0159\u00e1dn\u011b ut\u011bsn\u011bn, aby se zabr\u00e1nilo \u00faniku hydraulick\u00e9 kapaliny a vniknut\u00ed vn\u011bj\u0161\u00edch ne\u010distot. Ve v\u00e1lci se pou\u017e\u00edvaj\u00ed r\u016fzn\u00e9 t\u011bsnic\u00ed komponenty, jako jsou t\u011bsn\u011bn\u00ed p\u00edst\u016f, t\u011bsn\u011bn\u00ed p\u00edstnic a st\u00edrac\u00ed t\u011bsn\u011bn\u00ed, kter\u00e9 jsou vyrobeny z materi\u00e1l\u016f odoln\u00fdch proti opot\u0159eben\u00ed, jako je polyuretan a nitrilov\u00e1 pry\u017e. T\u011bleso v\u00e1lce a povrch z\u00e1vitu jsou jemn\u011b opracov\u00e1ny pro zlep\u0161en\u00ed odolnosti proti opot\u0159eben\u00ed a zabr\u00e1n\u011bn\u00ed \u00faniku oleje.<\/p>\n<\/li>\n<li>\n<h3>Trvanlivost<\/h3>\n<p>V\u00e1lec mus\u00ed b\u00fdt navr\u017een a vyroben tak, aby odolal n\u00e1ro\u010dn\u00fdm provozn\u00edm podm\u00ednk\u00e1m a opot\u0159eben\u00ed a korozi. Pou\u017eit\u00ed vysoce pevn\u00fdch materi\u00e1l\u016f a specializovan\u00fdch povlak\u016f m\u016f\u017ee zv\u00fd\u0161it odolnost a prodlou\u017eit \u017eivotnost.<\/p>\n<\/li>\n<li>\n<h3>Bezpe\u010dnost<\/h3>\n<p>L\u00e1hev by m\u011bla b\u00fdt navr\u017eena a instalov\u00e1na tak, aby byl zaji\u0161t\u011bn bezpe\u010dn\u00fd a spolehliv\u00fd provoz. Opat\u0159en\u00ed, jako jsou pojistn\u00e9 ventily, p\u0159etlakov\u00e9 ventily a blokovac\u00ed mechanismy, mohou zabr\u00e1nit nehod\u00e1m zp\u016fsoben\u00fdm p\u0159etlakem nebo neo\u010dek\u00e1van\u00fdmi pohyby lahve.<\/p>\n<\/li>\n<li>\n<h3>\u00dadr\u017eba<\/h3>\n<p>V\u00e1lec by m\u011bl b\u00fdt navr\u017een tak, aby usnad\u0148oval \u00fadr\u017ebu a opravy. M\u011bl by b\u00fdt zaji\u0161t\u011bn snadn\u00fd p\u0159\u00edstup k t\u011bsn\u011bn\u00edm, p\u00edstn\u00edm ty\u010d\u00edm a dal\u0161\u00edm sou\u010d\u00e1stem pro \u00fa\u010dely kontroly a v\u00fdm\u011bny. Pravideln\u00e1 \u00fadr\u017eba a kontrola mohou zabr\u00e1nit p\u0159ed\u010dasn\u00e9mu selh\u00e1n\u00ed a prodlou\u017eit \u017eivotnost v\u00e1lce.<\/p>\n<\/li>\n<\/ul>\n<p><img loading=\"lazy\" decoding=\"async\" src=\"https:\/\/www.hydraulic-cylinders.net\/wp-content\/uploads\/2025\/01\/songte-oil-pipes-and-spare-parts.webp\" alt=\"V\u00e1lec l\u017e\u00edce pro n\u00e1hradn\u00ed d\u00edly pro st\u0159edn\u00ed bagr SDLG LG6225\" width=\"500\" height=\"333\"><\/p>\n<h2>T\u011bsn\u011bn\u00ed a maz\u00e1n\u00ed<\/h2>\n<p>V\u00e1lec kore\u010dkov\u00e9ho v\u00e1lce vy\u017eaduje \u0159\u00e1dn\u00e9 ut\u011bsn\u011bn\u00ed a maz\u00e1n\u00ed, aby byl zaji\u0161t\u011bn spolehliv\u00fd provoz a prodlou\u017eena jeho \u017eivotnost. Lze p\u0159ijmout n\u00e1sleduj\u00edc\u00ed opat\u0159en\u00ed:<\/p>\n<ul>\n<li>Pou\u017e\u00edvejte r\u016fzn\u00e9 t\u011bsnic\u00ed komponenty, jako jsou t\u011bsn\u011bn\u00ed p\u00edst\u016f, t\u011bsn\u011bn\u00ed p\u00edstnic a st\u00edrac\u00ed t\u011bsn\u011bn\u00ed, vyroben\u00e9 z materi\u00e1l\u016f odoln\u00fdch proti opot\u0159eben\u00ed, jako je polyuretan a nitrilov\u00e1 pry\u017e, aby se zabr\u00e1nilo \u00faniku hydraulick\u00e9 kapaliny a vniknut\u00ed vn\u011bj\u0161\u00edch ne\u010distot.<\/li>\n<li>T\u011bleso v\u00e1lce a povrch z\u00e1vitu by m\u011bly b\u00fdt jemn\u011b opracov\u00e1ny, aby se zlep\u0161ila odolnost proti opot\u0159eben\u00ed a zabr\u00e1nilo se \u00faniku oleje.<\/li>\n<li>Pravideln\u011b dopl\u0148ujte odpov\u00eddaj\u00edc\u00ed mno\u017estv\u00ed hydraulick\u00e9ho oleje pro maz\u00e1n\u00ed, abyste zajistili hladk\u00fd chod v\u00e1lce.<\/li>\n<\/ul>\n<h2>\u00dadr\u017eba a odstra\u0148ov\u00e1n\u00ed probl\u00e9m\u016f<\/h2>\n<p>Pravideln\u00e1 \u00fadr\u017eba a kontrola mohou zabr\u00e1nit p\u0159ed\u010dasn\u00e9mu selh\u00e1n\u00ed a zajistit spolehliv\u00fd provoz kore\u010dkov\u00e9ho v\u00e1lce. M\u011bly by b\u00fdt prov\u00e1d\u011bny n\u00e1sleduj\u00edc\u00ed \u00fadr\u017eb\u00e1\u0159sk\u00e9 pr\u00e1ce:<\/p>\n<ul>\n<li>Pravideln\u00e1 kontrola a v\u00fdm\u011bna t\u011bsn\u011bn\u00ed a dal\u0161\u00edch sou\u010d\u00e1st\u00ed, aby se zabr\u00e1nilo \u00faniku a udr\u017eela se t\u011bsnic\u00ed v\u00fdkonnost.<\/li>\n<li>Spr\u00e1vn\u00e9 maz\u00e1n\u00ed pro zaji\u0161t\u011bn\u00ed hladk\u00e9ho chodu a prevenci opot\u0159eben\u00ed a po\u0161kozen\u00ed sou\u010d\u00e1st\u00ed.<\/li>\n<li>Kalibra\u010dn\u00ed kontrola v\u00e1lce pro zaji\u0161t\u011bn\u00ed p\u0159esn\u00e9ho pohybu a polohov\u00e1n\u00ed.<\/li>\n<\/ul>\n<p>V p\u0159\u00edpad\u011b poruchy lze prov\u00e9st n\u00e1sleduj\u00edc\u00ed opat\u0159en\u00ed k odstran\u011bn\u00ed probl\u00e9m\u016f:<\/p>\n<ul>\n<li>Zkontrolujte hladinu a kvalitu hydraulick\u00e9 kapaliny, abyste se ujistili, \u017ee nedoch\u00e1z\u00ed ke kontaminaci nebo vy\u010derp\u00e1n\u00ed.<\/li>\n<li>Zkontrolujte, zda nedoch\u00e1z\u00ed k \u00fanik\u016fm nebo po\u0161kozen\u00ed sou\u010d\u00e1st\u00ed v\u00e1lce.<\/li>\n<li>Zkontrolujte regula\u010dn\u00ed ventil a hadice, zda nejsou ucpan\u00e9 nebo po\u0161kozen\u00e9.<\/li>\n<\/ul>\n<p>Lze tak\u00e9 p\u0159ijmout preventivn\u00ed opat\u0159en\u00ed k minimalizaci potenci\u00e1ln\u00edch probl\u00e9m\u016f, jako nap\u0159\u00edklad:<\/p>\n<ul>\n<li>Pravideln\u00e1 kontrola a \u00fadr\u017eba v\u00e1lce za \u00fa\u010delem odhalen\u00ed a opravy drobn\u00fdch probl\u00e9m\u016f d\u0159\u00edve, ne\u017e se zhor\u0161\u00ed.<\/li>\n<li>Spr\u00e1vn\u00e9 pou\u017e\u00edv\u00e1n\u00ed a obsluha v\u00e1lce, vyh\u00fdb\u00e1n\u00ed se p\u0159et\u00ed\u017een\u00ed nebo n\u00e1hl\u00fdm n\u00e1raz\u016fm.<\/li>\n<li>Spr\u00e1vn\u00e9 skladov\u00e1n\u00ed a manipulace s lahv\u00ed, kdy\u017e se nepou\u017e\u00edv\u00e1.<\/li>\n<\/ul>\n<p><img loading=\"lazy\" decoding=\"async\" src=\"https:\/\/www.hydraulic-cylinders.net\/wp-content\/uploads\/2025\/01\/songte-chushion-collar.webp\" alt=\"V\u00e1lec l\u017e\u00edce pro st\u0159edn\u00ed bagr SDLG LG6225 s pol\u0161t\u00e1\u0159ov\u00fdm l\u00edmcem\" width=\"500\" height=\"333\"><\/p>\n<h2>P\u0159edstaven\u00ed spole\u010dnosti<\/h2>\n<p>Na\u0161e spole\u010dnost je v\u00fdrobcem n\u00e1hradn\u00edch hydraulick\u00fdch v\u00e1lc\u016f s kompletn\u00ed nab\u00eddkou produkt\u016f. Jsme jedn\u00edm z p\u0159edn\u00edch v\u00fdrobc\u016f a velkoobchodn\u00edch distributor\u016f hydraulick\u00fdch v\u00e1lc\u016f na dom\u00e1c\u00edm i mezin\u00e1rodn\u00edm trhu. \u0158\u00edd\u00edme se principem vynikaj\u00edc\u00ed kvality a spol\u00e9h\u00e1me na industrializovan\u00e9 strategie \u0159\u00edzen\u00ed v\u00fdroby v na\u0161ich sofistikovan\u00fdch v\u00fdrobn\u00edch d\u00edln\u00e1ch.<br \/>\nNa\u0161e spole\u010dnost neust\u00e1le vylep\u0161uje na\u0161i v\u00fdrobn\u00ed platformu, zdokonaluje v\u00fdrobn\u00ed postupy pro dosa\u017een\u00ed kvality produkt\u016f a m\u00e1 siln\u00e9 v\u00fdrobn\u00ed kapacity. Pou\u017e\u00edv\u00e1me vysoce efektivn\u00ed, vysoce p\u0159esn\u00e9 a vysoce kvalitn\u00ed principy, abychom uspokojili rozmanit\u00e9 pot\u0159eby na\u0161ich z\u00e1kazn\u00edk\u016f.<\/p>\n<p><img loading=\"lazy\" decoding=\"async\" src=\"https:\/\/hzpt.com\/wp-content\/uploads\/2024\/11\/songte-company-1.webp\" alt=\"V\u00e1lec l\u017e\u00edce pro st\u0159edn\u00ed bagr SDLG LG6225 \u00davod do spole\u010dnosti\" width=\"500\" height=\"333\"><\/p>\n<h2>Dal\u0161\u00ed informace o spole\u010dnosti<\/h2>\n<ul>\n<li>\n<h3>Profesionalita<\/h3>\n<p>Na\u0161e spole\u010dnost m\u00e1 t\u00fdm profesion\u00e1ln\u00edch in\u017een\u00fdr\u016f a technik\u016f, kte\u0159\u00ed poskytuj\u00ed technickou podporu a slu\u017eby p\u0159izp\u016fsoben\u00ed specifick\u00fdm po\u017eadavk\u016fm.<\/p>\n<\/li>\n<li>\n<h3>Mezin\u00e1rodn\u00ed certifikace<\/h3>\n<p>Na\u0161e v\u00fdrobky z\u00edskaly mezin\u00e1rodn\u00ed certifikace, jako jsou ISO9001 a CE, co\u017e zaru\u010duje kvalitu a spolehlivost.<\/p>\n<\/li>\n<li>\n<h3>Slu\u017eby p\u0159izp\u016fsoben\u00ed<\/h3>\n<p>Nab\u00edz\u00edme slu\u017eby p\u0159izp\u016fsoben\u00ed dle specifick\u00fdch po\u017eadavk\u016f z\u00e1kazn\u00edk\u016f, jako je materi\u00e1l, velikost, tlak a pou\u017eit\u00ed.<\/p>\n<\/li>\n<li>\n<h3>V\u00fdrobn\u00ed za\u0159\u00edzen\u00ed<\/h3>\n<p>Na\u0161e spole\u010dnost vyu\u017e\u00edv\u00e1 modern\u00ed v\u00fdrobn\u00ed za\u0159\u00edzen\u00ed, v\u010detn\u011b CNC soustruh\u016f, fr\u00e9zek, brusek a dal\u0161\u00edch specializovan\u00fdch stroj\u016f, abychom zajistili p\u0159esnost a efektivitu.<\/p>\n<\/li>\n<li>\n<h3>Poprodejn\u00ed slu\u017eby<\/h3>\n<p>Poskytujeme poprodejn\u00ed slu\u017eby, v\u010detn\u011b poradenstv\u00ed p\u0159i instalaci, oprav a rekonstrukc\u00ed, abychom zajistili spokojenost z\u00e1kazn\u00edk\u016f a dlouhou \u017eivotnost produkt\u016f.<\/p>\n<\/li>\n<\/ul>\n<p>Autor: lyl<\/p>","protected":false},"excerpt":{"rendered":"<p>Bucket Cylinder For SDLG Middle Excavator LG6225 Introduction The bucket cylinder for SDLG middle excavator LG6225 is a specialized hydraulic cylinder designed to control the movement of the bucket in heavy machinery such as excavators, backhoe excavators, and front loaders. Its main function is to facilitate various material handling tasks by allowing the bucket to [&hellip;]<\/p>","protected":false},"featured_media":14769,"comment_status":"open","ping_status":"closed","template":"","meta":{"_et_pb_use_builder":"","_et_pb_old_content":"","_et_gb_content_width":""},"product_brand":[],"product_cat":[1494],"product_tag":[1495,1496],"class_list":{"0":"post-15653","1":"product","2":"type-product","3":"status-publish","4":"has-post-thumbnail","6":"product_cat-bucket-cylinders","7":"product_tag-bucket-cylinders","8":"product_tag-hydraulic-cylinders","10":"first","11":"instock","12":"shipping-taxable","13":"product-type-simple"},"amp_enabled":true,"_links":{"self":[{"href":"https:\/\/www.hydraulic-cylinders.net\/cs\/wp-json\/wp\/v2\/product\/15653","targetHints":{"allow":["GET"]}}],"collection":[{"href":"https:\/\/www.hydraulic-cylinders.net\/cs\/wp-json\/wp\/v2\/product"}],"about":[{"href":"https:\/\/www.hydraulic-cylinders.net\/cs\/wp-json\/wp\/v2\/types\/product"}],"replies":[{"embeddable":true,"href":"https:\/\/www.hydraulic-cylinders.net\/cs\/wp-json\/wp\/v2\/comments?post=15653"}],"wp:featuredmedia":[{"embeddable":true,"href":"https:\/\/www.hydraulic-cylinders.net\/cs\/wp-json\/wp\/v2\/media\/14769"}],"wp:attachment":[{"href":"https:\/\/www.hydraulic-cylinders.net\/cs\/wp-json\/wp\/v2\/media?parent=15653"}],"wp:term":[{"taxonomy":"product_brand","embeddable":true,"href":"https:\/\/www.hydraulic-cylinders.net\/cs\/wp-json\/wp\/v2\/product_brand?post=15653"},{"taxonomy":"product_cat","embeddable":true,"href":"https:\/\/www.hydraulic-cylinders.net\/cs\/wp-json\/wp\/v2\/product_cat?post=15653"},{"taxonomy":"product_tag","embeddable":true,"href":"https:\/\/www.hydraulic-cylinders.net\/cs\/wp-json\/wp\/v2\/product_tag?post=15653"}],"curies":[{"name":"wp","href":"https:\/\/api.w.org\/{rel}","templated":true}]}}