{"id":15665,"date":"2025-01-19T14:48:52","date_gmt":"2025-01-19T14:48:52","guid":{"rendered":"https:\/\/www.hydraulic-cylinders.net\/product\/bucket-cylinder-for-jcm-small-excavator-906d\/"},"modified":"2025-01-19T14:48:54","modified_gmt":"2025-01-19T14:48:54","slug":"bucket-cylinder-for-jcm-small-excavator-906d","status":"publish","type":"product","link":"https:\/\/www.hydraulic-cylinders.net\/cs\/produkt\/bucket-cylinder-for-jcm-small-excavator-906d\/","title":{"rendered":"V\u00e1lec l\u017e\u00edce pro mal\u00e9 rypadlo JCM 906D"},"content":{"rendered":"<h1>V\u00e1lec l\u017e\u00edce pro mal\u00e9 rypadlo JCM 906D<\/h1>\n<h2>Zaveden\u00ed<\/h2>\n<p>Hydraulick\u00fd v\u00e1lec l\u017e\u00edce pro mal\u00fd bagr JCM 906D je speci\u00e1ln\u011b navr\u017een\u00fd hydraulick\u00fd v\u00e1lec pou\u017e\u00edvan\u00fd p\u0159edev\u0161\u00edm k ovl\u00e1d\u00e1n\u00ed pohybu l\u017e\u00edce v t\u011b\u017ek\u00fdch stroj\u00edch, jako jsou rypadla, bagry a \u010deln\u00ed naklada\u010de. Jeho hlavn\u00ed funkc\u00ed je umo\u017enit zved\u00e1n\u00ed, spou\u0161t\u011bn\u00ed a nakl\u00e1p\u011bn\u00ed l\u017e\u00edce, co\u017e usnad\u0148uje manipulaci se v\u0161emi druhy \u00fakol\u016f spojen\u00fdch s p\u0159epravou materi\u00e1lu. V hydraulick\u00e9m syst\u00e9mu v\u00e1lec l\u017e\u00edce p\u0159esn\u011b \u0159\u00edd\u00ed pohyb l\u017e\u00edce zm\u011bnou tlaku hydraulick\u00e9ho oleje, co\u017e umo\u017e\u0148uje obsluze efektivn\u011b manipulovat s t\u011b\u017ek\u00fdmi b\u0159emeny a p\u0159izp\u016fsobovat se slo\u017eit\u00fdm pracovn\u00edm prost\u0159ed\u00edm a rozmanit\u00fdm provozn\u00edm po\u017eadavk\u016fm.<\/p>\n<p><img decoding=\"async\" src=\"https:\/\/www.hydraulic-cylinders.net\/wp-content\/uploads\/2025\/01\/songte-company-2.webp\" alt=\"Obr\u00e1zek v\u00e1lce kbel\u00edku\"><\/p>\n<h2>Funkce<\/h2>\n<ul>\n<li>Vysok\u00e1 pevnost a odolnost: V\u00e1lec je obvykle vyroben z vysokopevnostn\u00ed oceli nebo hlin\u00edku, odol\u00e1 vysok\u00e9mu tlaku a velk\u00e9mu zat\u00ed\u017een\u00ed, p\u0159izp\u016fsob\u00ed se n\u00e1ro\u010dn\u00e9mu pracovn\u00edmu prost\u0159ed\u00ed a jeho konstrukce zohled\u0148uje odolnost proti opot\u0159eben\u00ed a korozi, \u010d\u00edm\u017e prodlu\u017euje jeho \u017eivotnost.<\/li>\n<li>Efektivn\u00ed hydraulick\u00fd provoz: Vyu\u017eit\u00edm tlaku hydraulick\u00e9ho oleje se v\u00e1lec m\u016f\u017ee plynule vysouvat a zasouvat, rychle reagovat na \u0159\u00eddic\u00ed povely a poskytovat siln\u00e9 tla\u010dn\u00e9 a ta\u017en\u00e9 s\u00edly, vhodn\u00e9 pro manipulaci s t\u011b\u017ek\u00fdmi b\u0159emeny a slo\u017eit\u00e9 provozn\u00ed \u00fakoly.<\/li>\n<li>R\u016fzn\u00e9 typy: V\u00e1lec m\u016f\u017ee b\u00fdt jedno\u010dinn\u00fd (hydraulick\u00fd pohon se pou\u017e\u00edv\u00e1 pouze v jednom sm\u011bru) nebo dvoj\u010dinn\u00fd (hydraulick\u00fd pohon se pou\u017e\u00edv\u00e1 v obou sm\u011brech) v z\u00e1vislosti na provozn\u00edch po\u017eadavc\u00edch. N\u011bkter\u00e9 modely jsou teleskopick\u00e9, co\u017e umo\u017e\u0148uje v\u011bt\u0161\u00ed v\u00fdsuv bez zv\u011bt\u0161en\u00ed vn\u011bj\u0161\u00edch rozm\u011br\u016f, a je tak vhodn\u00e9 pro aplikace s omezen\u00fdm prostorem.<\/li>\n<li>N\u00e1\u0161 produkt dok\u00e1\u017ee tyto hydraulick\u00e9 v\u00e1lce dokonale nahradit.<\/li>\n<\/ul>\n<p><img decoding=\"async\" src=\"https:\/\/www.hydraulic-cylinders.net\/wp-content\/uploads\/2025\/01\/songte-cylinder-head-with-all-kinds-excavator-models.webp\" alt=\"Obr\u00e1zek v\u00fdm\u011bny v\u00e1lce lopaty\"><\/p>\n<h2>Aplikace<\/h2>\n<p>V\u00e1lec l\u017e\u00edce pro mal\u00e9 rypadlo JCM 906D se \u0161iroce pou\u017e\u00edv\u00e1 v r\u016fzn\u00fdch pr\u016fmyslov\u00fdch odv\u011btv\u00edch pro r\u016fzn\u00e9 aplikace. Zde je n\u011bkolik z nich:<\/p>\n<h3>Stavebn\u00ed stroje<\/h3>\n<p>U bagr\u016f jsou nezbytn\u00e9 pro v\u00fdkopov\u00e9 pr\u00e1ce, nakl\u00e1d\u00e1n\u00ed a p\u0159emis\u0165ov\u00e1n\u00ed zeminy nebo suti. U r\u00fdpadla-rypadla pom\u00e1h\u00e1 v\u00e1lec kore\u010dkov\u00e9ho stroje p\u0159i v\u00fdkopov\u00fdch prac\u00edch a zved\u00e1n\u00ed. U \u010deln\u00edch naklada\u010d\u016f pom\u00e1haj\u00ed efektivn\u011b zvedat a vykl\u00e1dat zbo\u017e\u00ed.<\/p>\n<h3>Zem\u011bd\u011blsk\u00e9 stroje<\/h3>\n<p>Pou\u017e\u00edv\u00e1 se v \u010deln\u00edch naklada\u010d\u00edch k nab\u00edr\u00e1n\u00ed, zved\u00e1n\u00ed a p\u0159eprav\u011b zeminy, sena a dal\u0161\u00edch materi\u00e1l\u016f. U bagr\u016f umo\u017e\u0148uje v\u00e1lec l\u017e\u00edce v\u00fdkopov\u00e9 pr\u00e1ce t\u00edm, \u017ee umo\u017e\u0148uje l\u017e\u00edci proniknout do p\u016fdy.<\/p>\n<h3>Pr\u016fmyslov\u00e1 v\u00fdroba<\/h3>\n<p>Pou\u017e\u00edvaj\u00ed se v r\u016fzn\u00fdch v\u00fdrobn\u00edch procesech, jako je tlakov\u00e9 lit\u00ed, kov\u00e1n\u00ed a vst\u0159ikov\u00e1n\u00ed plast\u016f, k manipulaci s t\u011b\u017ek\u00fdmi b\u0159emeny a prov\u00e1d\u011bn\u00ed slo\u017eit\u00fdch provozn\u00edch \u00fakol\u016f.<\/p>\n<h3>N\u00e1mo\u0159n\u00ed a pob\u0159e\u017en\u00ed<\/h3>\n<p>Kore\u010dkov\u00e9 v\u00e1lce se pou\u017e\u00edvaj\u00ed na ropn\u00fdch plo\u0161in\u00e1ch na mo\u0159i, kontejnerov\u00fdch lod\u00edch a dal\u0161\u00edch n\u00e1mo\u0159n\u00edch za\u0159\u00edzen\u00edch, kde odol\u00e1vaj\u00ed drsn\u00fdm podm\u00ednk\u00e1m prost\u0159ed\u00ed a vykon\u00e1vaj\u00ed n\u00e1ro\u010dn\u00e9 \u00fakoly.<\/p>\n<p><img decoding=\"async\" src=\"https:\/\/www.hydraulic-cylinders.net\/wp-content\/uploads\/2025\/01\/songte-bushings-with-all-kinds-of-excavator-models.webp\" alt=\"Aplikace kore\u010dkov\u00fdch v\u00e1lc\u016f\"><\/p>\n<h2>Konstruk\u010dn\u00ed aspekty a krit\u00e9ria v\u00fdb\u011bru<\/h2>\n<p>Kore\u010dkov\u00e9 v\u00e1lce mus\u00ed spl\u0148ovat n\u011bkolik konstruk\u010dn\u00edch krit\u00e9ri\u00ed a krit\u00e9ri\u00ed pro v\u00fdb\u011br, aby byl zaji\u0161t\u011bn optim\u00e1ln\u00ed v\u00fdkon. Zde je n\u011bkolik z nich:<\/p>\n<h3>\u00danosnost<\/h3>\n<p>V\u00e1lec mus\u00ed b\u00fdt schopen odolat hmotnosti n\u00e1kladu, kter\u00fd nese, a tlaku, kter\u00fd na n\u011bj p\u016fsob\u00ed b\u011bhem provozu.<\/p>\n<h3>T\u011bsn\u011bn\u00ed<\/h3>\n<p>V\u00e1lec mus\u00ed m\u00edt dostate\u010dn\u00e9 t\u011bsn\u011bn\u00ed, aby se zabr\u00e1nilo \u00faniku oleje a kontaminaci, co\u017e m\u016f\u017ee zp\u016fsobit po\u0161kozen\u00ed syst\u00e9mu a sn\u00ed\u017eit jeho v\u00fdkon.<\/p>\n<h3>Trvanlivost<\/h3>\n<p>V\u00e1lec mus\u00ed b\u00fdt dostate\u010dn\u011b odoln\u00fd, aby vydr\u017eel n\u00e1ro\u010dn\u00e9 pracovn\u00ed podm\u00ednky a \u010dast\u00e9 pou\u017e\u00edv\u00e1n\u00ed, ani\u017e by vy\u017eadoval \u010dast\u00e9 opravy nebo v\u00fdm\u011bny.<\/p>\n<h3>Bezpe\u010dnost<\/h3>\n<p>P\u0159i n\u00e1vrhu lahve je nutn\u00e9 db\u00e1t na bezpe\u010dnostn\u00ed aspekty, jako je instalace pojistn\u00fdch ventil\u016f k prevenci nehod a poskytnut\u00ed jasn\u00fdch pokyn\u016f k instalaci a provozu.<\/p>\n<h3>\u00dadr\u017eba<\/h3>\n<p>V\u00e1lec mus\u00ed b\u00fdt snadno udr\u017eovateln\u00fd a mus\u00ed m\u00edt \u0159\u00e1dn\u00e9 p\u0159\u00edstupov\u00e9 body pro kontrolu, \u010di\u0161t\u011bn\u00ed a v\u00fdm\u011bnu d\u00edl\u016f.<\/p>\n<p><img decoding=\"async\" src=\"https:\/\/www.hydraulic-cylinders.net\/wp-content\/uploads\/2025\/01\/songte-oil-pipes-and-spare-parts.webp\" alt=\"Konstrukce v\u00e1lce kope\u010dku\"><\/p>\n<h2>T\u011bsn\u011bn\u00ed a maz\u00e1n\u00ed<\/h2>\n<p>Kore\u010dkov\u00fd v\u00e1lec pou\u017e\u00edv\u00e1 r\u016fzn\u00e9 t\u011bsnic\u00ed komponenty, jako jsou t\u011bsn\u011bn\u00ed p\u00edstu, t\u011bsn\u011bn\u00ed p\u00edstnice a st\u011bra\u010de, aby se zabr\u00e1nilo \u00faniku oleje a kontaminaci. Tyto t\u011bsnic\u00ed komponenty jsou vyrobeny z materi\u00e1l\u016f odoln\u00fdch proti opot\u0159eben\u00ed, jako je polyuretan a nitrilov\u00e1 pry\u017e, aby byla zaji\u0161t\u011bna dlouh\u00e1 \u017eivotnost. T\u011bleso v\u00e1lce a z\u00e1vitov\u00fd \u010deln\u00ed povrch jsou nav\u00edc jemn\u011b opracov\u00e1ny pro zlep\u0161en\u00ed odolnosti proti opot\u0159eben\u00ed. Pro udr\u017een\u00ed optim\u00e1ln\u00edho v\u00fdkonu je nutn\u00e9 pravideln\u00e9 maz\u00e1n\u00ed spr\u00e1vn\u00fdm mno\u017estv\u00edm hydraulick\u00e9ho oleje.<\/p>\n<h2>\u00dadr\u017eba a opravy<\/h2>\n<p>Pravideln\u00e1 \u00fadr\u017eba a opravy jsou nezbytn\u00e9 pro zaji\u0161t\u011bn\u00ed optim\u00e1ln\u00edho v\u00fdkonu v\u00e1lce kore\u010dkov\u00e9ho v\u00e1lce a prodlou\u017een\u00ed jeho \u017eivotnosti. Zde je n\u011bkolik z\u00e1kladn\u00edch \u00fakol\u016f:<\/p>\n<h3>Pravideln\u00e1 kontrola<\/h3>\n<p>Pravideln\u011b kontrolujte v\u00e1lec a hledejte zn\u00e1mky opot\u0159eben\u00ed a po\u0161kozen\u00ed, jako jsou net\u011bsnosti, prom\u00e1\u010dkliny a rez.<\/p>\n<h3>Maz\u00e1n\u00ed<\/h3>\n<p>Pro zaji\u0161t\u011bn\u00ed optim\u00e1ln\u00edho v\u00fdkonu je nezbytn\u00e9 spr\u00e1vn\u00e9 maz\u00e1n\u00ed hydraulick\u00fdm olejem.<\/p>\n<h3>V\u00fdm\u011bna t\u011bsn\u011bn\u00ed<\/h3>\n<p>Opot\u0159ebovan\u00e1 nebo po\u0161kozen\u00e1 t\u011bsn\u011bn\u00ed ihned vym\u011b\u0148te, abyste zabr\u00e1nili \u00faniku oleje a kontaminaci a zajistili optim\u00e1ln\u00ed v\u00fdkon.<\/p>\n<h3>Kontrola kalibrace<\/h3>\n<p>Pravideln\u011b kontrolujte kalibraci v\u00e1lce, abyste se ujistili, \u017ee spl\u0148uje po\u017eadovan\u00e9 specifikace.<\/p>\n<h2>Bezpe\u010dnostn\u00ed aspekty a faktory prost\u0159ed\u00ed<\/h2>\n<p>Kore\u010dkov\u00e9 v\u00e1lce mohou b\u00fdt nebezpe\u010dn\u00e9, pokud se nepou\u017e\u00edvaj\u00ed spr\u00e1vn\u011b nebo nejsou spr\u00e1vn\u011b instalov\u00e1ny. Je nutn\u00e9 dodr\u017eovat bezpe\u010dnostn\u00ed opat\u0159en\u00ed, jako je poskytnut\u00ed jasn\u00fdch pokyn\u016f k instalaci, provozu a \u00fadr\u017eb\u011b. D\u00e1le je t\u0159eba zohlednit faktory prost\u0159ed\u00ed, jako je teplota, vlhkost a vystaven\u00ed korozivn\u00edm materi\u00e1l\u016fm, aby byl zaji\u0161t\u011bn optim\u00e1ln\u00ed v\u00fdkon a prodlou\u017eena \u017eivotnost v\u00e1lce.<\/p>\n<h2>B\u011b\u017en\u00e9 probl\u00e9my a jejich \u0159e\u0161en\u00ed<\/h2>\n<p>Mezi b\u011b\u017en\u00e9 probl\u00e9my s kore\u010dkov\u00fdmi v\u00e1lci mohou pat\u0159it net\u011bsnosti, nedostate\u010dn\u00fd tlak a po\u0161kozen\u00ed v d\u016fsledku opot\u0159eben\u00ed. \u0158e\u0161en\u00ed t\u011bchto probl\u00e9m\u016f zahrnuje identifikaci p\u0159\u00ed\u010diny a p\u0159ijet\u00ed vhodn\u00fdch n\u00e1pravn\u00fdch opat\u0159en\u00ed, jako je op\u011btovn\u00e9 ut\u011bsn\u011bn\u00ed, v\u00fdm\u011bna po\u0161kozen\u00fdch d\u00edl\u016f a rekalibrace v\u00e1lce. Pravideln\u00e1 \u00fadr\u017eba a opravy mohou pomoci mnoha z t\u011bchto probl\u00e9m\u016f p\u0159edej\u00edt.<\/p>\n<p><img decoding=\"async\" src=\"https:\/\/www.hydraulic-cylinders.net\/wp-content\/uploads\/2025\/01\/songte-chushion-collar.webp\" alt=\"\u00dadr\u017eba v\u00e1lce kore\u010dkov\u00e9ho v\u00e1lce\"><\/p>\n<h2>O na\u0161\u00ed spole\u010dnosti<\/h2>\n<p>Jsme v\u00fdrobcem n\u00e1hradn\u00edch hydraulick\u00fdch v\u00e1lc\u016f s kompletn\u00ed nab\u00eddkou produkt\u016f a stali jsme se jedn\u00edm z p\u0159edn\u00edch v\u00fdrobc\u016f a velkoobchodn\u00edch distributor\u016f hydraulick\u00fdch v\u00e1lc\u016f na dom\u00e1c\u00edm i mezin\u00e1rodn\u00edm trhu. Dodr\u017eujeme princip excelence v kvalit\u011b a spol\u00e9h\u00e1me na industrializovan\u00e9 strategie \u0159\u00edzen\u00ed v\u00fdroby v precizn\u011b zpracovan\u00fdch v\u00fdrobn\u00edch d\u00edln\u00e1ch. Neust\u00e1le vylep\u0161ujeme v\u00fdrobn\u00ed platformu na\u0161\u00ed d\u00edlny, zdokonalujeme na\u0161i v\u00fdrobn\u00ed linku pro dosa\u017een\u00ed kvality produkt\u016f a m\u00e1me silnou schopnost vytv\u00e1\u0159et vysoce efektivn\u00ed, vysoce p\u0159esn\u00e9 a vysoce kvalitn\u00ed principy, kter\u00e9 spl\u0148uj\u00ed rozmanit\u00e9 pot\u0159eby z\u00e1kazn\u00edk\u016f. <\/p>\n<h3>Profesionalita<\/h3>\n<p>Na\u0161e spole\u010dnost je zam\u011bstn\u00e1na t\u00fdmem zku\u0161en\u00fdch profesion\u00e1l\u016f, kte\u0159\u00ed se v\u011bnuj\u00ed poskytov\u00e1n\u00ed vysoce kvalitn\u00edch produkt\u016f a slu\u017eeb na\u0161im z\u00e1kazn\u00edk\u016fm.<\/p>\n<h3>Mezin\u00e1rodn\u00ed certifikace<\/h3>\n<p>Na\u0161e v\u00fdrobky jsou certifikov\u00e1ny podle mezin\u00e1rodn\u00edch norem, jako jsou ISO 9001 a CE, co\u017e zaru\u010duje, \u017ee spl\u0148uj\u00ed nejvy\u0161\u0161\u00ed standardy kvality.<\/p>\n<h3>Slu\u017eby p\u0159izp\u016fsoben\u00ed<\/h3>\n<p>Nab\u00edz\u00edme slu\u017eby p\u0159izp\u016fsoben\u00ed, abychom splnili jedine\u010dn\u00e9 po\u017eadavky z\u00e1kazn\u00edk\u016f, jako je velikost, tvar a funk\u010dnost.<\/p>\n<h3>V\u00fdrobn\u00ed za\u0159\u00edzen\u00ed<\/h3>\n<p>Na\u0161e d\u00edlna je vybavena \u0161pi\u010dkov\u00fdm digit\u00e1ln\u00edm v\u00fdrobn\u00edm za\u0159\u00edzen\u00edm, v\u010detn\u011b CNC stroj\u016f, soustruh\u016f a brusek, abychom zajistili p\u0159esn\u00e9 specifikace v\u00fdrobk\u016f.<\/p>\n<h3>Poprodejn\u00ed servis<\/h3>\n<p>Poskytujeme komplexn\u00ed poprodejn\u00ed slu\u017eby, v\u010detn\u011b instalace, oprav a \u00fadr\u017eby, abychom zajistili spokojenost na\u0161ich z\u00e1kazn\u00edk\u016f s na\u0161imi produkty.<\/p>\n<p><img decoding=\"async\" src=\"https:\/\/hzpt.com\/wp-content\/uploads\/2024\/11\/songte-company-1.webp\" alt=\"Image spole\u010dnosti\"><\/p>\n<p>Autor: lyl.<\/p>","protected":false},"excerpt":{"rendered":"<p>Bucket Cylinder For JCM Small Excavator 906D Introduction The Bucket Cylinder for JCM Small Excavator 906D is a specially designed hydraulic cylinder used primarily to control the movement of the bucket in heavy machinery such as excavators, backhoe excavators, and front-end loaders. Its main function is to enable the bucket to lift, lower, and tilt, [&hellip;]<\/p>","protected":false},"featured_media":14776,"comment_status":"open","ping_status":"closed","template":"","meta":{"_et_pb_use_builder":"","_et_pb_old_content":"","_et_gb_content_width":""},"product_brand":[],"product_cat":[1494],"product_tag":[1495,1496],"class_list":{"0":"post-15665","1":"product","2":"type-product","3":"status-publish","4":"has-post-thumbnail","6":"product_cat-bucket-cylinders","7":"product_tag-bucket-cylinders","8":"product_tag-hydraulic-cylinders","10":"first","11":"instock","12":"shipping-taxable","13":"product-type-simple"},"amp_enabled":true,"_links":{"self":[{"href":"https:\/\/www.hydraulic-cylinders.net\/cs\/wp-json\/wp\/v2\/product\/15665","targetHints":{"allow":["GET"]}}],"collection":[{"href":"https:\/\/www.hydraulic-cylinders.net\/cs\/wp-json\/wp\/v2\/product"}],"about":[{"href":"https:\/\/www.hydraulic-cylinders.net\/cs\/wp-json\/wp\/v2\/types\/product"}],"replies":[{"embeddable":true,"href":"https:\/\/www.hydraulic-cylinders.net\/cs\/wp-json\/wp\/v2\/comments?post=15665"}],"wp:featuredmedia":[{"embeddable":true,"href":"https:\/\/www.hydraulic-cylinders.net\/cs\/wp-json\/wp\/v2\/media\/14776"}],"wp:attachment":[{"href":"https:\/\/www.hydraulic-cylinders.net\/cs\/wp-json\/wp\/v2\/media?parent=15665"}],"wp:term":[{"taxonomy":"product_brand","embeddable":true,"href":"https:\/\/www.hydraulic-cylinders.net\/cs\/wp-json\/wp\/v2\/product_brand?post=15665"},{"taxonomy":"product_cat","embeddable":true,"href":"https:\/\/www.hydraulic-cylinders.net\/cs\/wp-json\/wp\/v2\/product_cat?post=15665"},{"taxonomy":"product_tag","embeddable":true,"href":"https:\/\/www.hydraulic-cylinders.net\/cs\/wp-json\/wp\/v2\/product_tag?post=15665"}],"curies":[{"name":"wp","href":"https:\/\/api.w.org\/{rel}","templated":true}]}}