{"id":15672,"date":"2025-01-19T14:49:27","date_gmt":"2025-01-19T14:49:27","guid":{"rendered":"https:\/\/www.hydraulic-cylinders.net\/product\/bucket-cylinder-for-jcm-middle-excavator-922d\/"},"modified":"2025-01-19T14:49:29","modified_gmt":"2025-01-19T14:49:29","slug":"bucket-cylinder-for-jcm-middle-excavator-922d","status":"publish","type":"product","link":"https:\/\/www.hydraulic-cylinders.net\/cs\/produkt\/bucket-cylinder-for-jcm-middle-excavator-922d\/","title":{"rendered":"V\u00e1lec l\u017e\u00edce pro st\u0159edn\u00ed bagr JCM 922D"},"content":{"rendered":"<h1>V\u00e1lec l\u017e\u00edce pro st\u0159edn\u00ed bagr JCM 922D<\/h1>\n<h2>Zaveden\u00ed<\/h2>\n<p>Hydraulick\u00fd v\u00e1lec l\u017e\u00edce pro rypadlo JCM 922D je speci\u00e1ln\u011b navr\u017een\u00fd hydraulick\u00fd v\u00e1lec pou\u017e\u00edvan\u00fd k ovl\u00e1d\u00e1n\u00ed pohybu l\u017e\u00edce v t\u011b\u017ek\u00fdch stroj\u00edch, jako jsou rypadla, r\u00fdpadlo-naklada\u010de a \u010deln\u00ed naklada\u010de. Jeho hlavn\u00ed funkc\u00ed je umo\u017enit l\u017e\u00edci prov\u00e1d\u011bt zved\u00e1n\u00ed, spou\u0161t\u011bn\u00ed a nakl\u00e1p\u011bn\u00ed, d\u00edky \u010demu\u017e je vhodn\u00e1 pro r\u016fzn\u00e9 \u00fakoly manipulace s materi\u00e1lem. V hydraulick\u00e9m syst\u00e9mu dosahuje v\u00e1lec l\u017e\u00edce p\u0159esn\u00e9ho ovl\u00e1d\u00e1n\u00ed l\u017e\u00edce vyu\u017eit\u00edm zm\u011bn tlaku v hydraulick\u00e9m oleji, co\u017e umo\u017e\u0148uje obsluze efektivn\u011b manipulovat s t\u011b\u017ek\u00fdmi b\u0159emeny a p\u0159izp\u016fsobovat se n\u00e1ro\u010dn\u00fdm pracovn\u00edm prost\u0159ed\u00edm a rozmanit\u00fdm po\u017eadavk\u016fm na pr\u00e1ci.<\/p>\n<p><img decoding=\"async\" src=\"https:\/\/www.hydraulic-cylinders.net\/wp-content\/uploads\/2025\/01\/songte-company-2.webp\" alt=\"V\u00e1lec l\u017e\u00edce pro st\u0159edn\u00ed bagr JCM 922D\"><\/p>\n<h2>Funkce<\/h2>\n<ul>\n<li>Vysok\u00e1 pevnost a trvanlivost: Obvykle jsou vyrobeny z vysokopevnostn\u00ed oceli nebo hlin\u00edku, jsou schopny odolat vysok\u00e9mu tlaku a t\u011b\u017ek\u00e9mu zat\u00ed\u017een\u00ed, p\u0159izp\u016fsobuj\u00ed se n\u00e1ro\u010dn\u00fdm pracovn\u00edm prost\u0159ed\u00edm a jsou navr\u017eeny s ohledem na odolnost proti opot\u0159eben\u00ed a korozi, \u010d\u00edm\u017e se prodlu\u017euje jejich \u017eivotnost.<\/li>\n<li>Efektivn\u00ed hydraulick\u00fd provoz: Vyu\u017eit\u00ed tlaku hydraulick\u00e9ho oleje k dosa\u017een\u00ed plynul\u00e9ho vysouv\u00e1n\u00ed a zasouv\u00e1n\u00ed, schopnost rychl\u00e9 reakce na ovl\u00e1dac\u00ed povely, zaji\u0161t\u011bn\u00ed siln\u00e9 tla\u010dn\u00e9 a ta\u017en\u00e9 s\u00edly, vhodn\u00e9 pro manipulaci s t\u011b\u017ek\u00fdmi b\u0159emeny a slo\u017eit\u00e9 pracovn\u00ed \u00fakoly.<\/li>\n<li>V\u0161estrann\u00e9 typy: K dispozici s jedno\u010dinn\u00fdmi (hydraulick\u00e9 pou\u017eit\u00ed pouze v jednom sm\u011bru) nebo dvoj\u010dinn\u00fdmi (hydraulick\u00e9 pou\u017eit\u00ed v obou sm\u011brech) v\u00e1lci, co\u017e umo\u017e\u0148uje r\u016fzn\u00e9 provozn\u00ed po\u017eadavky. N\u011bkter\u00e9 modely jsou teleskopick\u00e9, co\u017e umo\u017e\u0148uje v\u011bt\u0161\u00ed v\u00fdsuv bez zv\u011bt\u0161en\u00ed vn\u011bj\u0161\u00edch rozm\u011br\u016f, vhodn\u00e9 pro aplikace s omezen\u00fdm prostorem.<\/li>\n<li>Dokonal\u00e1 n\u00e1hrada: Na\u0161e produkty dok\u00e1\u017e\u00ed tyto hydraulick\u00e9 v\u00e1lce dokonale nahradit.<\/li>\n<\/ul>\n<p><img decoding=\"async\" src=\"https:\/\/www.hydraulic-cylinders.net\/wp-content\/uploads\/2025\/01\/songte-cylinder-head-with-all-kinds-excavator-models.webp\" alt=\"V\u00e1lec l\u017e\u00edce pro st\u0159edn\u00ed bagr JCM 922D\"><\/p>\n<h2>Aplikace<\/h2>\n<p>Kore\u010dkov\u00e9 v\u00e1lce se b\u011b\u017en\u011b pou\u017e\u00edvaj\u00ed v r\u016fzn\u00fdch za\u0159\u00edzen\u00edch a stroj\u00edch, v\u010detn\u011b:<\/p>\n<ul>\n<li>Stavebn\u00ed stroje: Nach\u00e1zej\u00ed se v bagrech, kde jsou kl\u00ed\u010dov\u00e9 pro v\u00fdkopov\u00e9 pr\u00e1ce, nakl\u00e1d\u00e1n\u00ed a p\u0159epravu materi\u00e1lu. U rypadlo-naklada\u010d\u016f pom\u00e1haj\u00ed kore\u010dkov\u00e9 v\u00e1lce jak p\u0159i kop\u00e1n\u00ed, tak p\u0159i zved\u00e1n\u00ed.<\/li>\n<li>Zem\u011bd\u011blsk\u00e9 stroje: Pou\u017e\u00edvaj\u00ed se v \u010deln\u00edch naklada\u010d\u00edch pro nab\u00edr\u00e1n\u00ed, zved\u00e1n\u00ed a p\u0159epravu p\u016fdy, sena a dal\u0161\u00edch materi\u00e1l\u016f.<\/li>\n<li>Rypadla: V\u00e1lce l\u017e\u00edce umo\u017e\u0148uj\u00ed kop\u00e1n\u00ed t\u00edm, \u017ee umo\u017e\u0148uj\u00ed l\u017e\u00edci proniknout do p\u016fdy.<\/li>\n<li>\u010celn\u00ed naklada\u010de: \u010celn\u00ed naklada\u010de pom\u00e1haj\u00ed efektivn\u011b zvedat a nakl\u00e1n\u011bt zbo\u017e\u00ed.<\/li>\n<\/ul>\n<h2>Konstruk\u010dn\u00ed aspekty a krit\u00e9ria v\u00fdb\u011bru<\/h2>\n<p>P\u0159i navrhov\u00e1n\u00ed kore\u010dkov\u00fdch v\u00e1lc\u016f se bere v \u00favahu n\u011bkolik faktor\u016f:<\/p>\n<ul>\n<li>\u00danosnost: V\u00e1lec mus\u00ed b\u00fdt navr\u017een tak, aby vydr\u017eel zam\u00fd\u0161len\u00e9 zat\u00ed\u017een\u00ed bez poruchy.<\/li>\n<li>T\u011bsn\u011bn\u00ed: K zaji\u0161t\u011bn\u00ed spr\u00e1vn\u00e9ho ut\u011bsn\u011bn\u00ed a zabr\u00e1n\u011bn\u00ed \u00faniku oleje se pou\u017e\u00edvaj\u00ed r\u016fzn\u00e9 t\u011bsnic\u00ed komponenty, jako jsou t\u011bsn\u011bn\u00ed p\u00edst\u016f a t\u011bsn\u011bn\u00ed p\u00edstnic.<\/li>\n<li>Trvanlivost: V\u00e1lec je navr\u017een tak, aby odolal nep\u0159etr\u017eit\u00e9mu pou\u017e\u00edv\u00e1n\u00ed, v\u010detn\u011b odolnosti proti opot\u0159eben\u00ed a korozi, a prodlou\u017eil tak svou \u017eivotnost.<\/li>\n<li>Bezpe\u010dnost: V\u00e1lce jsou vybaveny bezpe\u010dnostn\u00edmi prvky, kter\u00e9 zabra\u0148uj\u00ed nehod\u00e1m a zaji\u0161\u0165uj\u00ed bezpe\u010dn\u00fd provoz.<\/li>\n<li>\u00dadr\u017eba: Db\u00e1 se na snadnou \u00fadr\u017ebu a opravy, co\u017e umo\u017e\u0148uje efektivn\u00ed servis v\u00e1lce.<\/li>\n<\/ul>\n<p><img decoding=\"async\" src=\"https:\/\/www.hydraulic-cylinders.net\/wp-content\/uploads\/2025\/01\/songte-oil-pipes-and-spare-parts.webp\" alt=\"V\u00e1lec l\u017e\u00edce pro st\u0159edn\u00ed bagr JCM 922D\"><\/p>\n<h2>T\u011bsn\u011bn\u00ed a maz\u00e1n\u00ed<\/h2>\n<p>Kore\u010dkov\u00fd v\u00e1lec vyu\u017e\u00edv\u00e1 r\u016fzn\u00e9 t\u011bsnic\u00ed komponenty, jako jsou t\u011bsn\u011bn\u00ed p\u00edstu a t\u011bsn\u011bn\u00ed p\u00edstnice, kter\u00e9 jsou vyrobeny z materi\u00e1l\u016f odoln\u00fdch proti opot\u0159eben\u00ed, jako je polyuretan a nitrilov\u00e1 pry\u017e. T\u011bleso v\u00e1lce a z\u00e1vitov\u00e9 konce jsou jemn\u011b o\u0161et\u0159eny pro zv\u00fd\u0161en\u00ed odolnosti proti opot\u0159eben\u00ed. Je nutn\u00e9 pravideln\u00e9 maz\u00e1n\u00ed a pro zaji\u0161t\u011bn\u00ed spr\u00e1vn\u00e9ho maz\u00e1n\u00ed by m\u011blo b\u00fdt p\u0159id\u00e1no odpov\u00eddaj\u00edc\u00ed mno\u017estv\u00ed hydraulick\u00e9ho oleje.<\/p>\n<h2>Pravideln\u00e1 kontrola a preventivn\u00ed \u00fadr\u017eba<\/h2>\n<p>Pravideln\u00e1 kontrola a preventivn\u00ed \u00fadr\u017eba jsou nezbytn\u00e9 pro optim\u00e1ln\u00ed v\u00fdkon a dlouhou \u017eivotnost. M\u011bla by b\u00fdt p\u0159ijata n\u00e1sleduj\u00edc\u00ed opat\u0159en\u00ed:<\/p>\n<ul>\n<li>Zkontrolujte v\u00e1lec, zda nevykazuje zn\u00e1mky po\u0161kozen\u00ed nebo opot\u0159eben\u00ed.<\/li>\n<li>Zajist\u011bte spr\u00e1vn\u00e9 maz\u00e1n\u00ed.<\/li>\n<li>Pravideln\u011b vym\u011b\u0148ujte t\u011bsn\u011bn\u00ed, abyste zabr\u00e1nili \u00faniku oleje.<\/li>\n<li>Prov\u00e1d\u011bjte kalibra\u010dn\u00ed kontroly pro zaji\u0161t\u011bn\u00ed p\u0159esn\u00e9ho provozu.<\/li>\n<\/ul>\n<p><img decoding=\"async\" src=\"https:\/\/www.hydraulic-cylinders.net\/wp-content\/uploads\/2025\/01\/songte-chushion-collar.webp\" alt=\"V\u00e1lec l\u017e\u00edce pro st\u0159edn\u00ed bagr JCM 922D\"><\/p>\n<h2>Bezpe\u010dnostn\u00ed aspekty a faktory prost\u0159ed\u00ed<\/h2>\n<p>P\u0159i pou\u017e\u00edv\u00e1n\u00ed kore\u010dkov\u00fdch v\u00e1lc\u016f je d\u016fle\u017eit\u00e9 up\u0159ednostnit bezpe\u010dnostn\u00ed opat\u0159en\u00ed, aby se p\u0159ede\u0161lo nehod\u00e1m a chr\u00e1nilo \u017eivotn\u00ed prost\u0159ed\u00ed. Bezpe\u010dnostn\u00ed opat\u0159en\u00ed by m\u011bla zahrnovat:<\/p>\n<ul>\n<li>\u0158\u00e1dn\u00e9 \u0161kolen\u00ed oper\u00e1tor\u016f.<\/li>\n<li>Dodr\u017eov\u00e1n\u00ed bezpe\u010dnostn\u00edch pokyn\u016f a p\u0159edpis\u016f.<\/li>\n<li>Pravideln\u00e1 kontrola lahve z hlediska potenci\u00e1ln\u00edch nebezpe\u010d\u00ed.<\/li>\n<\/ul>\n<h2>Diagnostika a odstra\u0148ov\u00e1n\u00ed z\u00e1vad<\/h2>\n<p>V p\u0159\u00edpad\u011b poruch je d\u016fle\u017eit\u00e9 probl\u00e9my diagnostikovat a efektivn\u011b \u0159e\u0161it. Mezi b\u011b\u017en\u00e9 probl\u00e9my a jejich \u0159e\u0161en\u00ed pat\u0159\u00ed:<\/p>\n<ul>\n<li>\u00danik oleje: Zkontrolujte a vym\u011b\u0148te po\u0161kozen\u00e1 t\u011bsn\u011bn\u00ed.<\/li>\n<li>Pomal\u00fd provoz: Zkontrolujte, zda nen\u00ed n\u00edzk\u00e1 hladina hydraulick\u00e9ho oleje nebo zda v syst\u00e9mu nedo\u0161lo k ucp\u00e1n\u00ed.<\/li>\n<li>Neobvykl\u00e9 zvuky: Zkontrolujte, zda nejsou uvoln\u011bn\u00e9 nebo opot\u0159ebovan\u00e9 sou\u010d\u00e1sti, a v p\u0159\u00edpad\u011b pot\u0159eby je ut\u00e1hn\u011bte nebo vym\u011b\u0148te.<\/li>\n<\/ul>\n<p><img decoding=\"async\" src=\"https:\/\/www.hydraulic-cylinders.net\/wp-content\/uploads\/2025\/01\/songte-bushings-with-all-kinds-of-excavator-models.webp\" alt=\"V\u00e1lec l\u017e\u00edce pro st\u0159edn\u00ed bagr JCM 922D\"><\/p>\n<p>Dodr\u017eov\u00e1n\u00edm spr\u00e1vn\u00fdch postup\u016f instalace, maz\u00e1n\u00ed a se\u0159izov\u00e1n\u00ed lze maximalizovat \u017eivotnost kore\u010dkov\u00e9ho v\u00e1lce. B\u011bhem instalace zajist\u011bte spr\u00e1vn\u00e9 vyrovn\u00e1n\u00ed v\u00e1lce a zva\u017ete pou\u017eit\u00ed vhodn\u00fdch mont\u00e1\u017en\u00edch konzol pro bezpe\u010dn\u00e9 upevn\u011bn\u00ed. Dodr\u017eujte doporu\u010den\u00e9 postupy kontroly, opravy a v\u00fdm\u011bny a \u0159i\u010fte se tipy pro prodlou\u017een\u00ed \u017eivotnosti v\u00e1lce.<\/p>\n<h2>O na\u0161\u00ed spole\u010dnosti<\/h2>\n<p>Jsme v\u00fdrobcem n\u00e1hradn\u00edch hydraulick\u00fdch v\u00e1lc\u016f a nab\u00edz\u00edme \u0161irokou \u0161k\u00e1lu produkt\u016f. Stali jsme se jedn\u00edm z p\u0159edn\u00edch v\u00fdrobc\u016f a velkoobchodn\u00edch distributor\u016f hydraulick\u00fdch v\u00e1lc\u016f na dom\u00e1c\u00edm i mezin\u00e1rodn\u00edm trhu. Se zam\u011b\u0159en\u00edm na vynikaj\u00edc\u00ed kvalitu se v na\u0161ich precizn\u011b vylad\u011bn\u00fdch v\u00fdrobn\u00edch d\u00edln\u00e1ch spol\u00e9h\u00e1me na industrializovan\u00e9 strategie \u0159\u00edzen\u00ed v\u00fdroby. Na\u0161e spole\u010dnost neust\u00e1le vylep\u0161uje v\u00fdrobn\u00ed platformu investicemi do technologick\u00fdch talent\u016f, \u0161pi\u010dkov\u00e9ho digit\u00e1ln\u00edho v\u00fdrobn\u00edho za\u0159\u00edzen\u00ed a profesion\u00e1ln\u00edch testovac\u00edch syst\u00e9m\u016f. Disponujeme zna\u010dn\u00fdmi tv\u016fr\u010d\u00edmi schopnostmi a sna\u017e\u00edme se uspokojit rozmanit\u00e9 po\u017eadavky z\u00e1kazn\u00edk\u016f s principy vysok\u00e9 efektivity, p\u0159esnosti a kvality.<\/p>\n<p><img decoding=\"async\" src=\"https:\/\/www.hydraulic-cylinders.net\/wp-content\/uploads\/2025\/01\/songte-company-3.webp\" alt=\"V\u00e1lec l\u017e\u00edce pro st\u0159edn\u00ed bagr JCM 922D\"><\/p>\n<p>Jsme hrd\u00ed na na\u0161i profesionalitu, mezin\u00e1rodn\u00ed certifikace, slu\u017eby na m\u00edru, v\u00fdrobn\u00ed za\u0159\u00edzen\u00ed a poprodejn\u00ed servis.<\/p>\n<p><img decoding=\"async\" src=\"https:\/\/hzpt.com\/wp-content\/uploads\/2024\/11\/songte-company-1.webp\" alt=\"V\u00e1lec l\u017e\u00edce pro st\u0159edn\u00ed bagr JCM 922D\"><\/p>\n<p>Autor: lyl<\/p>","protected":false},"excerpt":{"rendered":"<p>Bucket Cylinder For JCM Middle Excavator 922D Introduction The Bucket Cylinder for JCM Middle Excavator 922D is a specially designed hydraulic cylinder used to control the movement of the bucket in heavy machinery such as excavators, backhoe loaders, and front-end loaders. Its main function is to enable the bucket to perform lifting, lowering, and tilting [&hellip;]<\/p>","protected":false},"featured_media":14789,"comment_status":"open","ping_status":"closed","template":"","meta":{"_et_pb_use_builder":"","_et_pb_old_content":"","_et_gb_content_width":""},"product_brand":[],"product_cat":[1494],"product_tag":[1495,1496],"class_list":{"0":"post-15672","1":"product","2":"type-product","3":"status-publish","4":"has-post-thumbnail","6":"product_cat-bucket-cylinders","7":"product_tag-bucket-cylinders","8":"product_tag-hydraulic-cylinders","10":"first","11":"instock","12":"shipping-taxable","13":"product-type-simple"},"amp_enabled":true,"_links":{"self":[{"href":"https:\/\/www.hydraulic-cylinders.net\/cs\/wp-json\/wp\/v2\/product\/15672","targetHints":{"allow":["GET"]}}],"collection":[{"href":"https:\/\/www.hydraulic-cylinders.net\/cs\/wp-json\/wp\/v2\/product"}],"about":[{"href":"https:\/\/www.hydraulic-cylinders.net\/cs\/wp-json\/wp\/v2\/types\/product"}],"replies":[{"embeddable":true,"href":"https:\/\/www.hydraulic-cylinders.net\/cs\/wp-json\/wp\/v2\/comments?post=15672"}],"wp:featuredmedia":[{"embeddable":true,"href":"https:\/\/www.hydraulic-cylinders.net\/cs\/wp-json\/wp\/v2\/media\/14789"}],"wp:attachment":[{"href":"https:\/\/www.hydraulic-cylinders.net\/cs\/wp-json\/wp\/v2\/media?parent=15672"}],"wp:term":[{"taxonomy":"product_brand","embeddable":true,"href":"https:\/\/www.hydraulic-cylinders.net\/cs\/wp-json\/wp\/v2\/product_brand?post=15672"},{"taxonomy":"product_cat","embeddable":true,"href":"https:\/\/www.hydraulic-cylinders.net\/cs\/wp-json\/wp\/v2\/product_cat?post=15672"},{"taxonomy":"product_tag","embeddable":true,"href":"https:\/\/www.hydraulic-cylinders.net\/cs\/wp-json\/wp\/v2\/product_tag?post=15672"}],"curies":[{"name":"wp","href":"https:\/\/api.w.org\/{rel}","templated":true}]}}