{"id":15689,"date":"2025-01-19T14:50:51","date_gmt":"2025-01-19T14:50:51","guid":{"rendered":"https:\/\/www.hydraulic-cylinders.net\/product\/bucket-cylinder-for-bobcat-small-excavator-e63\/"},"modified":"2025-01-19T14:50:53","modified_gmt":"2025-01-19T14:50:53","slug":"bucket-cylinder-for-bobcat-small-excavator-e63","status":"publish","type":"product","link":"https:\/\/www.hydraulic-cylinders.net\/cs\/produkt\/bucket-cylinder-for-bobcat-small-excavator-e63\/","title":{"rendered":"V\u00e1lec l\u017e\u00edce pro mal\u00e9 rypadlo Bobcat E63"},"content":{"rendered":"<h1>V\u00e1lec l\u017e\u00edce pro mal\u00e9 rypadlo Bobcat E63<\/h1>\n<h2>Zaveden\u00ed<\/h2>\n<p>Hydraulick\u00fd v\u00e1lec l\u017e\u00edce pro mal\u00fd bagr Bobcat E63 je specializovan\u00fd hydraulick\u00fd v\u00e1lec ur\u010den\u00fd k ovl\u00e1d\u00e1n\u00ed pohybu l\u017e\u00edce v t\u011b\u017ek\u00fdch stroj\u00edch, jako jsou rypadla, bagry a naklada\u010de. Jeho hlavn\u00ed funkc\u00ed je umo\u017enit zved\u00e1n\u00ed, spou\u0161t\u011bn\u00ed a nakl\u00e1p\u011bn\u00ed l\u017e\u00edce, co\u017e usnad\u0148uje manipulaci s r\u016fzn\u00fdmi materi\u00e1ly. V hydraulick\u00fdch syst\u00e9mech v\u00e1lec l\u017e\u00edce vyu\u017e\u00edv\u00e1 zm\u011bnu tlaku hydraulick\u00e9ho oleje k p\u0159esn\u00e9mu ovl\u00e1d\u00e1n\u00ed l\u017e\u00edce, co\u017e umo\u017e\u0148uje obsluze efektivn\u011b manipulovat s t\u011b\u017ek\u00fdmi b\u0159emeny a p\u0159izp\u016fsobovat se slo\u017eit\u00fdm pracovn\u00edm prost\u0159ed\u00edm a rozmanit\u00fdm po\u017eadavk\u016fm na pr\u00e1ci.<\/p>\n<p><img decoding=\"async\" src=\"https:\/\/www.hydraulic-cylinders.net\/wp-content\/uploads\/2025\/01\/songte-company-2.webp\" alt=\"Obr\u00e1zek v\u00e1lce kbel\u00edku\"><\/p>\n<h2>Funkce<\/h2>\n<ul>\n<li>\n<h3>Vysok\u00e1 pevnost a trvanlivost<\/h3>\n<p>Obvykle je vyroben z vysokopevnostn\u00ed oceli nebo hlin\u00edku, odol\u00e1 vysok\u00e9mu tlaku a t\u011b\u017ek\u00e9mu zat\u00ed\u017een\u00ed, p\u0159izp\u016fsob\u00ed se n\u00e1ro\u010dn\u00e9mu pracovn\u00edmu prost\u0159ed\u00ed a je navr\u017een s ohledem na odolnost proti opot\u0159eben\u00ed a korozi, aby se prodlou\u017eila \u017eivotnost kore\u010dkov\u00e9ho v\u00e1lce.<\/p>\n<\/li>\n<li>\n<h3>Efektivn\u00ed hydraulick\u00fd provoz<\/h3>\n<p>D\u00edky tlaku hydraulick\u00e9ho oleje k dosa\u017een\u00ed plynul\u00e9ho vysouv\u00e1n\u00ed a smr\u0161\u0165ov\u00e1n\u00ed dok\u00e1\u017ee rychle reagovat na \u0159\u00eddic\u00ed povely, poskytovat silnou tla\u010dnou a ta\u017enou s\u00edlu a je vhodn\u00fd pro manipulaci s t\u011b\u017ek\u00fdmi b\u0159emeny a slo\u017eit\u00e9 pracovn\u00ed \u00fakoly.<\/p>\n<\/li>\n<li>\n<h3>R\u016fznorod\u00e9 typy<\/h3>\n<p>Podle pot\u0159eby lze pro spln\u011bn\u00ed r\u016fzn\u00fdch provozn\u00edch po\u017eadavk\u016f zvolit jedno\u010dinn\u00e9 (hydraulicky ovl\u00e1dan\u00e9 v jednom sm\u011bru) nebo dvoj\u010dinn\u00e9 (hydraulicky ovl\u00e1dan\u00e9 ve dvou sm\u011brech) v\u00e1lce. N\u011bkter\u00e9 modely jsou teleskopick\u00e9, co\u017e umo\u017e\u0148uje v\u011bt\u0161\u00ed vysunut\u00ed bez zv\u011bt\u0161en\u00ed vn\u011bj\u0161\u00edch rozm\u011br\u016f, a proto jsou vhodn\u00e9 pro aplikace s omezen\u00fdm prostorem.<\/p>\n<\/li>\n<li>\n<h3>Lze vym\u011bnit<\/h3>\n<p>Na\u0161e produkty dok\u00e1\u017e\u00ed tyto hydraulick\u00e9 v\u00e1lce dokonale nahradit. <\/p>\n<\/li>\n<\/ul>\n<p><img decoding=\"async\" src=\"https:\/\/www.hydraulic-cylinders.net\/wp-content\/uploads\/2025\/01\/songte-cylinder-head-with-all-kinds-excavator-models.webp\" alt=\"Obr\u00e1zek v\u00fdm\u011bny v\u00e1lce lopaty\"><\/p>\n<h2>Aplikace<\/h2>\n<p>V\u00e1lec kore\u010dkov\u00e9ho v\u00e1lce pro mal\u00e9 rypadlo Bobcat E63 se \u0161iroce pou\u017e\u00edv\u00e1 v r\u016fzn\u00fdch pr\u016fmyslov\u00fdch odv\u011btv\u00edch, v\u010detn\u011b:<\/p>\n<ul>\n<li>\n<h3>Stavebn\u00ed stroje<\/h3>\n<p>U bagr\u016f jsou nezbytn\u00e9 pro v\u00fdkopov\u00e9 pr\u00e1ce, nakl\u00e1d\u00e1n\u00ed a p\u0159emis\u0165ov\u00e1n\u00ed zeminy nebo suti. U rypadlo-naklada\u010d\u016f pom\u00e1haj\u00ed kore\u010dkov\u00e9 v\u00e1lce p\u0159i v\u00fdkopov\u00fdch prac\u00edch a zved\u00e1n\u00ed.<\/p>\n<\/li>\n<li>\n<h3>Zem\u011bd\u011blsk\u00e9 stroje<\/h3>\n<p>Pou\u017e\u00edv\u00e1 se pro \u010deln\u00ed naklada\u010de, zved\u00e1n\u00ed a p\u0159epravu zeminy, sena a dal\u0161\u00edch materi\u00e1l\u016f. U bagr\u016f umo\u017e\u0148uje v\u00e1lec l\u017e\u00edce kop\u00e1n\u00ed t\u00edm, \u017ee umo\u017e\u0148uje l\u017e\u00edci proniknout do p\u016fdy.<\/p>\n<\/li>\n<li>\n<h3>Naklada\u010d<\/h3>\n<p>U \u010deln\u00edch naklada\u010d\u016f efektivn\u011b pom\u00e1haj\u00ed se zved\u00e1n\u00edm a vykl\u00e1dkou zbo\u017e\u00ed.<\/p>\n<\/li>\n<\/ul>\n<h2>\u00davahy o n\u00e1vrhu a standardy v\u00fdb\u011bru<\/h2>\n<p>P\u0159i navrhov\u00e1n\u00ed v\u00e1lce kore\u010dkov\u00e9ho r\u00fdpadla Bobcat E63 se zohled\u0148uj\u00ed r\u016fzn\u00e9 faktory, jako je nosnost, t\u011bsn\u011bn\u00ed, trvanlivost, bezpe\u010dnost a \u00fadr\u017eba. N\u00e1sleduje n\u011bkolik bod\u016f, kter\u00e9 je t\u0159eba prodiskutovat:<\/p>\n<ul>\n<li>\n<h3>Nosnost<\/h3>\n<p>Schopnost kore\u010dkov\u00e9ho v\u00e1lce odolat vysok\u00e9mu tlaku a velk\u00e9mu zat\u00ed\u017een\u00ed je z\u00e1sadn\u00ed pro v\u00fdkon a \u017eivotnost produktu.<\/p>\n<\/li>\n<li>\n<h3>T\u011bsn\u011bn\u00ed<\/h3>\n<p>T\u011bsnic\u00ed syst\u00e9m kore\u010dkov\u00e9ho v\u00e1lce je nezbytn\u00fd pro prevenci \u00fanik\u016f a zaji\u0161t\u011bn\u00ed plynul\u00e9ho provozu. Pou\u017eit\u00ed vysoce kvalitn\u00edch t\u011bsnic\u00edch materi\u00e1l\u016f a p\u0159esn\u00fdch obr\u00e1b\u011bc\u00edch proces\u016f m\u016f\u017ee zlep\u0161it t\u011bsnic\u00ed v\u00fdkon a prodlou\u017eit \u017eivotnost v\u00e1lce.<\/p>\n<\/li>\n<li>\n<h3>Trvanlivost<\/h3>\n<p>Kore\u010dkov\u00fd v\u00e1lec je vystaven drsn\u00e9mu pracovn\u00edmu prost\u0159ed\u00ed a b\u011bhem provozu m\u016f\u017ee doch\u00e1zet k siln\u00e9mu opot\u0159eben\u00ed. Proto je t\u0159eba zv\u00e1\u017eit v\u00fdb\u011br materi\u00e1lu v\u00e1lce, povrchovou \u00fapravu a dal\u0161\u00ed faktory, aby se zv\u00fd\u0161ila jeho trvanlivost a odolnost v\u016f\u010di korozi a opot\u0159eben\u00ed.<\/p>\n<\/li>\n<li>\n<h3>Bezpe\u010dnost<\/h3>\n<p>Bezpe\u010dnostn\u00ed prvky v\u00e1lce kore\u010dkov\u00e9ho v\u00e1lce, jako je ochrana proti p\u0159et\u00ed\u017een\u00ed a nouzov\u00e9 zastaven\u00ed, jsou kl\u00ed\u010dov\u00e9 pro zaji\u0161t\u011bn\u00ed bezpe\u010dnosti obsluhy a prevenci nehod.<\/p>\n<\/li>\n<li>\n<h3>Udr\u017eovatelnost<\/h3>\n<p>\u00dadr\u017eba v\u00e1lce kore\u010dkov\u00e9ho v\u00e1lce, nap\u0159\u00edklad snadn\u00fd p\u0159\u00edstup pro \u00fadr\u017ebu a v\u00fdm\u011bnu, m\u016f\u017ee zkr\u00e1tit prostoje a zv\u00fd\u0161it produktivitu.<\/p>\n<\/li>\n<\/ul>\n<p><img decoding=\"async\" src=\"https:\/\/www.hydraulic-cylinders.net\/wp-content\/uploads\/2025\/01\/songte-oil-pipes-and-spare-parts.webp\" alt=\"Obr\u00e1zek n\u00e1vrhu v\u00e1lce kbel\u00edku\"><\/p>\n<h2>T\u011bsn\u011bn\u00ed a maz\u00e1n\u00ed<\/h2>\n<p>Kore\u010dkov\u00fd v\u00e1lec pou\u017e\u00edv\u00e1 r\u016fzn\u00e1 t\u011bsn\u011bn\u00ed, jako jsou p\u00edstn\u00ed t\u011bsn\u011bn\u00ed, t\u011bsn\u011bn\u00ed p\u00edstnice atd., aby se zabr\u00e1nilo \u00faniku a zajistil hladk\u00fd chod. T\u011bsn\u011bn\u00ed jsou vyrobena z materi\u00e1l\u016f odoln\u00fdch proti opot\u0159eben\u00ed, jako je polyuretan a nitrilov\u00e1 pry\u017e, pro zv\u00fd\u0161en\u00ed t\u011bsnic\u00edho v\u00fdkonu a prodlou\u017een\u00ed \u017eivotnosti v\u00e1lce. Pravideln\u00e9 p\u0159id\u00e1v\u00e1n\u00ed vhodn\u00e9ho mno\u017estv\u00ed hydraulick\u00e9ho oleje m\u016f\u017ee promazat v\u00e1lec a sn\u00ed\u017eit opot\u0159eben\u00ed.<\/p>\n<h2>Inspekce a preventivn\u00ed \u00fadr\u017eba<\/h2>\n<p>Pravideln\u00e9 kontroly a preventivn\u00ed \u00fadr\u017eba jsou z\u00e1sadn\u00ed pro zaji\u0161t\u011bn\u00ed optim\u00e1ln\u00edho v\u00fdkonu kore\u010dkov\u00e9ho v\u00e1lce a prodlou\u017een\u00ed jeho \u017eivotnosti. N\u00e1sleduj\u00ed z\u00e1kladn\u00ed \u00fakony \u00fadr\u017eby:<\/p>\n<ul>\n<li>\n<h3>Pravideln\u00e1 kontrola<\/h3>\n<p>Pravideln\u00e9 kontroly stavu v\u00e1lce, nap\u0159\u00edklad zn\u00e1mek prasklin nebo opot\u0159eben\u00ed, jsou nezbytn\u00e9 k odhalen\u00ed potenci\u00e1ln\u00edch probl\u00e9m\u016f a jejich okam\u017eit\u00e9mu \u0159e\u0161en\u00ed.<\/p>\n<\/li>\n<li>\n<h3>Maz\u00e1n\u00ed<\/h3>\n<p>Pravideln\u00e9 maz\u00e1n\u00ed v\u00e1lce m\u016f\u017ee sn\u00ed\u017eit opot\u0159eben\u00ed a zajistit hladk\u00fd chod. <\/p>\n<\/li>\n<li>\n<h3>V\u00fdm\u011bna t\u011bsn\u011bn\u00ed a kontrola kalibrace<\/h3>\n<p>V\u00fdm\u011bna opot\u0159ebovan\u00fdch t\u011bsn\u011bn\u00ed a kontrola kalibrace v\u00e1lce m\u016f\u017ee pomoci udr\u017eet v\u00fdkon v\u00e1lce.<\/p>\n<\/li>\n<\/ul>\n<p><img decoding=\"async\" src=\"https:\/\/www.hydraulic-cylinders.net\/wp-content\/uploads\/2025\/01\/songte-chushion-collar.webp\" alt=\"Obr\u00e1zek \u00fadr\u017eby v\u00e1lce lopaty\"><\/p>\n<h2>Bezpe\u010dnostn\u00ed aspekty a faktory prost\u0159ed\u00ed<\/h2>\n<p>P\u0159i pou\u017e\u00edv\u00e1n\u00ed v\u00e1lce kope\u010dkov\u00e9 r\u00fdpadly Bobcat E63 je nezbytn\u00e9 dodr\u017eovat bezpe\u010dnostn\u00ed pokyny, jako je no\u0161en\u00ed vhodn\u00fdch ochrann\u00fdch pom\u016fcek a zaji\u0161t\u011bn\u00ed dobr\u00e9ho provozn\u00edho stavu za\u0159\u00edzen\u00ed. Pro ochranu \u017eivotn\u00edho prost\u0159ed\u00ed je z\u00e1sadn\u00ed tak\u00e9 spr\u00e1vn\u00e1 likvidace pou\u017eit\u00e9ho hydraulick\u00e9ho oleje a dal\u0161\u00edho nebezpe\u010dn\u00e9ho odpadu.<\/p>\n<h2>B\u011b\u017en\u00e9 probl\u00e9my a jejich \u0159e\u0161en\u00ed<\/h2>\n<p>Mezi b\u011b\u017en\u00e9 probl\u00e9my, kter\u00e9 se mohou vyskytnout u v\u00e1lce kore\u010dkov\u00e9ho r\u00fdpadla, pat\u0159\u00ed \u00fanik oleje, porucha hydraulick\u00e9ho syst\u00e9mu a opot\u0159ebovan\u00e1 t\u011bsn\u011bn\u00ed. \u0158e\u0161en\u00ed t\u011bchto probl\u00e9m\u016f vy\u017eaduje spr\u00e1vnou diagnostiku a opravu, kter\u00e1 m\u016f\u017ee zahrnovat v\u00fdm\u011bnu opot\u0159ebovan\u00fdch d\u00edl\u016f nebo rekalibraci v\u00e1lce.<\/p>\n<h2>Informace o spole\u010dnosti<\/h2>\n<p>Jsme v\u00fdrobcem hydraulick\u00fdch v\u00e1lc\u016f, kter\u00e9 mohou nahradit r\u016fzn\u00e9 typy hydraulick\u00fdch v\u00e1lc\u016f. Na\u0161e spole\u010dnost nab\u00edz\u00ed kompletn\u00ed sortiment produkt\u016f a stala se jedn\u00edm z p\u0159edn\u00edch v\u00fdrobc\u016f a velkoobchodn\u00edk\u016f s hydraulick\u00fdmi v\u00e1lci na dom\u00e1c\u00edm i mezin\u00e1rodn\u00edm trhu. \u0158\u00edd\u00edme se principem vynikaj\u00edc\u00ed kvality, spol\u00e9h\u00e1me se na strategii \u0159\u00edzen\u00ed pr\u016fmyslov\u00e9 v\u00fdroby v jemn\u00fdch v\u00fdrobn\u00edch d\u00edln\u00e1ch a neust\u00e1le vylep\u0161ujeme v\u00fdrobn\u00ed platformu na\u0161ich d\u00edlen pomoc\u00ed technologick\u00fdch talent\u016f, digit\u00e1ln\u00edho \u0161pi\u010dkov\u00e9ho v\u00fdrobn\u00edho za\u0159\u00edzen\u00ed a profesion\u00e1ln\u00edch testovac\u00edch syst\u00e9m\u016f. Disponujeme silnou kreativitou a dok\u00e1\u017eeme uspokojit rozmanit\u00e9 pot\u0159eby na\u0161ich z\u00e1kazn\u00edk\u016f s vysokou efektivitou, vysokou p\u0159esnost\u00ed a vysoce kvalitn\u00edmi produkty.<\/p>\n<p><img decoding=\"async\" src=\"https:\/\/hzpt.com\/wp-content\/uploads\/2024\/11\/songte-company-1.webp\" alt=\"Image spole\u010dnosti\"><\/p>\n<h3>Profesionalita<\/h3>\n<p>Na\u0161e spole\u010dnost m\u00e1 t\u00fdm zku\u0161en\u00fdch a profesion\u00e1ln\u00edch in\u017een\u00fdr\u016f, kte\u0159\u00ed vyv\u00edjej\u00ed, navrhuj\u00ed a vyr\u00e1b\u011bj\u00ed hydraulick\u00e9 v\u00e1lce na z\u00e1klad\u011b pot\u0159eb a specifikac\u00ed z\u00e1kazn\u00edk\u016f.<\/p>\n<h3>Mezin\u00e1rodn\u00ed certifikace<\/h3>\n<p>Na\u0161e v\u00fdrobky z\u00edskaly mezin\u00e1rodn\u00ed certifikace, jako jsou ISO9001, CE a SGS, co\u017e znamen\u00e1, \u017ee spl\u0148uj\u00ed pr\u016fmyslov\u00e9 standardy a po\u017eadavky.<\/p>\n<h3>Slu\u017eby p\u0159izp\u016fsoben\u00ed<\/h3>\n<p>Nab\u00edz\u00edme slu\u017eby p\u0159izp\u016fsoben\u00ed, abychom splnili specifick\u00e9 pot\u0159eby z\u00e1kazn\u00edk\u016f a zajistili jejich spokojenost.<\/p>\n<h3>V\u00fdrobn\u00ed za\u0159\u00edzen\u00ed<\/h3>\n<p>Na\u0161e spole\u010dnost pou\u017e\u00edv\u00e1 modern\u00ed v\u00fdrobn\u00ed za\u0159\u00edzen\u00ed, jako jsou CNC obr\u00e1b\u011bc\u00ed centra, k zaji\u0161t\u011bn\u00ed kvality a efektivity v\u00fdrobk\u016f.<\/p>\n<h3>Poprodejn\u00ed servis<\/h3>\n<p>Z\u00e1kazn\u00edk\u016fm poskytujeme vynikaj\u00edc\u00ed poprodejn\u00ed servis, jako je technick\u00e1 podpora, opravy a \u00fadr\u017eba, abychom zajistili bezprobl\u00e9mov\u00fd chod na\u0161ich produkt\u016f.<\/p>\n<p><img decoding=\"async\" src=\"https:\/\/www.hydraulic-cylinders.net\/wp-content\/uploads\/2025\/01\/songte-company-3.webp\" alt=\"Image spole\u010dnosti\"><\/p>\n<p>Autor: lyl<\/p>","protected":false},"excerpt":{"rendered":"<p>Bucket Cylinder For Bobcat Small Excavator E63 Introduction The Bucket Cylinder for Bobcat Small Excavator E63 is a specialized hydraulic cylinder designed to control the movement of the bucket in heavy machinery such as excavators, backhoes, and loaders. Its main function is to allow the bucket to lift, lower, and tilt, making it easier to [&hellip;]<\/p>","protected":false},"featured_media":14787,"comment_status":"open","ping_status":"closed","template":"","meta":{"_et_pb_use_builder":"","_et_pb_old_content":"","_et_gb_content_width":""},"product_brand":[],"product_cat":[1494],"product_tag":[1495,1496],"class_list":{"0":"post-15689","1":"product","2":"type-product","3":"status-publish","4":"has-post-thumbnail","6":"product_cat-bucket-cylinders","7":"product_tag-bucket-cylinders","8":"product_tag-hydraulic-cylinders","10":"first","11":"instock","12":"shipping-taxable","13":"product-type-simple"},"amp_enabled":true,"_links":{"self":[{"href":"https:\/\/www.hydraulic-cylinders.net\/cs\/wp-json\/wp\/v2\/product\/15689","targetHints":{"allow":["GET"]}}],"collection":[{"href":"https:\/\/www.hydraulic-cylinders.net\/cs\/wp-json\/wp\/v2\/product"}],"about":[{"href":"https:\/\/www.hydraulic-cylinders.net\/cs\/wp-json\/wp\/v2\/types\/product"}],"replies":[{"embeddable":true,"href":"https:\/\/www.hydraulic-cylinders.net\/cs\/wp-json\/wp\/v2\/comments?post=15689"}],"wp:featuredmedia":[{"embeddable":true,"href":"https:\/\/www.hydraulic-cylinders.net\/cs\/wp-json\/wp\/v2\/media\/14787"}],"wp:attachment":[{"href":"https:\/\/www.hydraulic-cylinders.net\/cs\/wp-json\/wp\/v2\/media?parent=15689"}],"wp:term":[{"taxonomy":"product_brand","embeddable":true,"href":"https:\/\/www.hydraulic-cylinders.net\/cs\/wp-json\/wp\/v2\/product_brand?post=15689"},{"taxonomy":"product_cat","embeddable":true,"href":"https:\/\/www.hydraulic-cylinders.net\/cs\/wp-json\/wp\/v2\/product_cat?post=15689"},{"taxonomy":"product_tag","embeddable":true,"href":"https:\/\/www.hydraulic-cylinders.net\/cs\/wp-json\/wp\/v2\/product_tag?post=15689"}],"curies":[{"name":"wp","href":"https:\/\/api.w.org\/{rel}","templated":true}]}}