{"id":15691,"date":"2025-01-19T14:50:59","date_gmt":"2025-01-19T14:50:59","guid":{"rendered":"https:\/\/www.hydraulic-cylinders.net\/product\/bucket-cylinder-for-bobcat-small-excavator-e32\/"},"modified":"2025-01-19T14:51:04","modified_gmt":"2025-01-19T14:51:04","slug":"bucket-cylinder-for-bobcat-small-excavator-e32","status":"publish","type":"product","link":"https:\/\/www.hydraulic-cylinders.net\/cs\/produkt\/bucket-cylinder-for-bobcat-small-excavator-e32\/","title":{"rendered":"V\u00e1lec l\u017e\u00edce pro mal\u00e9 rypadlo Bobcat E32"},"content":{"rendered":"<h1>V\u00e1lec l\u017e\u00edce pro mal\u00e9 rypadlo Bobcat E32<\/h1>\n<h2>Zaveden\u00ed<\/h2>\n<p>Hydraulick\u00fd v\u00e1lec l\u017e\u00edce pro mal\u00e9 rypadlo Bobcat E32 je speci\u00e1ln\u011b navr\u017een\u00fd hydraulick\u00fd v\u00e1lec pou\u017e\u00edvan\u00fd k ovl\u00e1d\u00e1n\u00ed pohybu l\u017e\u00edce v t\u011b\u017ek\u00fdch stroj\u00edch, jako jsou rypadla, bagry a \u010deln\u00ed naklada\u010de. Jeho hlavn\u00ed funkc\u00ed je umo\u017enit zved\u00e1n\u00ed, spou\u0161t\u011bn\u00ed a nakl\u00e1p\u011bn\u00ed l\u017e\u00edce, co\u017e usnad\u0148uje r\u016fzn\u00e9 \u00fakoly manipulace s materi\u00e1lem. V hydraulick\u00e9m syst\u00e9mu dosahuje v\u00e1lec l\u017e\u00edce p\u0159esn\u00e9ho ovl\u00e1d\u00e1n\u00ed l\u017e\u00edce zm\u011bnami tlaku hydraulick\u00e9ho oleje, co\u017e umo\u017e\u0148uje obsluze efektivn\u011b manipulovat s t\u011b\u017ek\u00fdmi b\u0159emeny a p\u0159izp\u016fsobovat se slo\u017eit\u00fdm pracovn\u00edm prost\u0159ed\u00edm a rozmanit\u00fdm po\u017eadavk\u016fm na pr\u00e1ci.<\/p>\n<p><img decoding=\"async\" src=\"https:\/\/www.hydraulic-cylinders.net\/wp-content\/uploads\/2025\/01\/songte-company-2.webp\" \/><\/p>\n<h2>Funkce<\/h2>\n<ul>\n<li>Vysok\u00e1 pevnost a trvanlivost: Obvykle je vyroben z vysokopevnostn\u00ed oceli nebo hlin\u00edku, odol\u00e1 vysok\u00e9mu tlaku a velk\u00e9mu zat\u00ed\u017een\u00ed, a p\u0159izp\u016fsob\u00ed se tak n\u00e1ro\u010dn\u00fdm pracovn\u00edm podm\u00ednk\u00e1m. Konstrukce zohled\u0148uje odolnost proti opot\u0159eben\u00ed a korozi, \u010d\u00edm\u017e prodlu\u017euje \u017eivotnost.<\/li>\n<li>Efektivn\u00ed hydraulick\u00fd provoz: D\u00edky vyu\u017eit\u00ed tlaku hydraulick\u00e9ho oleje k dosa\u017een\u00ed plynul\u00e9ho vysouv\u00e1n\u00ed a zasouv\u00e1n\u00ed dok\u00e1\u017ee rychle reagovat na \u0159\u00eddic\u00ed povely a poskytovat siln\u00e9 tla\u010dn\u00e9 a ta\u017en\u00e9 s\u00edly, vhodn\u00e9 pro manipulaci s t\u011b\u017ek\u00fdmi b\u0159emeny a slo\u017eit\u00e9 pracovn\u00ed \u00fakoly.<\/li>\n<li>R\u016fzn\u00e9 typy: Jedno\u010dinn\u00e9 (hydraulicky ovl\u00e1dan\u00e9 pouze v jednom sm\u011bru) nebo dvoj\u010dinn\u00e9 (hydraulicky ovl\u00e1dan\u00e9 v obou sm\u011brech) v\u00e1lce lze zvolit dle po\u017eadavk\u016f a splnit r\u016fzn\u00e9 provozn\u00ed pot\u0159eby. N\u011bkter\u00e9 modely jsou teleskopick\u00e9, co\u017e umo\u017e\u0148uje v\u011bt\u0161\u00ed vysunut\u00ed bez zv\u011bt\u0161en\u00ed vn\u011bj\u0161\u00edch rozm\u011br\u016f, a jsou vhodn\u00e9 pro aplikace s omezen\u00fdm prostorem.<\/li>\n<li>Dokonal\u00e1 n\u00e1hrada: N\u00e1\u0161 produkt dok\u00e1\u017ee tyto hydraulick\u00e9 v\u00e1lce dokonale nahradit.<\/li>\n<\/ul>\n<p><img decoding=\"async\" src=\"https:\/\/www.hydraulic-cylinders.net\/wp-content\/uploads\/2025\/01\/songte-cylinder-head-with-all-kinds-excavator-models.webp\" \/><\/p>\n<h2>Aplikace<\/h2>\n<p>Kore\u010dkov\u00e9 v\u00e1lce se b\u011b\u017en\u011b pou\u017e\u00edvaj\u00ed v n\u00e1sleduj\u00edc\u00edch za\u0159\u00edzen\u00edch:<\/p>\n<ol>\n<li>Stavebn\u00ed za\u0159\u00edzen\u00ed: Nach\u00e1zej\u00ed se v bagrech a jsou kl\u00ed\u010dov\u00e1 pro v\u00fdkopov\u00e9 pr\u00e1ce, nakl\u00e1d\u00e1n\u00ed a p\u0159emis\u0165ov\u00e1n\u00ed zeminy nebo suti. U r\u00fdpadel typu \u201ebagr\u201c pom\u00e1h\u00e1 v\u00e1lec kore\u010dkov\u00e9ho v\u00e1lce jak p\u0159i kop\u00e1n\u00ed, tak p\u0159i zved\u00e1n\u00ed.<\/li>\n<li>Zem\u011bd\u011blsk\u00e9 stroje: Pou\u017e\u00edvaj\u00ed se v \u010deln\u00edch naklada\u010d\u00edch pro nab\u00edr\u00e1n\u00ed, zved\u00e1n\u00ed a p\u0159epravu p\u016fdy, sena a dal\u0161\u00edch materi\u00e1l\u016f.<\/li>\n<li>Rypadla: V\u00e1lec l\u017e\u00edce usnad\u0148uje kop\u00e1n\u00ed t\u00edm, \u017ee umo\u017e\u0148uje l\u017e\u00edci proniknout do p\u016fdy.<\/li>\n<li>Naklada\u010de: U \u010deln\u00edch naklada\u010d\u016f pom\u00e1haj\u00ed efektivn\u011b zvedat a nakl\u00e1n\u011bt n\u00e1klad.<\/li>\n<\/ol>\n<h2>Konstruk\u010dn\u00ed aspekty a krit\u00e9ria v\u00fdb\u011bru<\/h2>\n<p>P\u0159i navrhov\u00e1n\u00ed kore\u010dkov\u00fdch v\u00e1lc\u016f se zohled\u0148uje n\u011bkolik faktor\u016f:<\/p>\n<ol>\n<li>\u00danosnost: V\u00e1lec mus\u00ed m\u00edt dostate\u010dnou pevnost, aby odolal zat\u00ed\u017een\u00ed, kter\u00e9mu bude vystaven b\u011bhem provozu.<\/li>\n<li>T\u011bsn\u011bn\u00ed: K zaji\u0161t\u011bn\u00ed spr\u00e1vn\u00e9ho ut\u011bsn\u011bn\u00ed a zabr\u00e1n\u011bn\u00ed \u00faniku se pou\u017e\u00edvaj\u00ed r\u016fzn\u00e1 t\u011bsn\u011bn\u00ed, jako jsou p\u00edstn\u00ed t\u011bsn\u011bn\u00ed a t\u011bsn\u011bn\u00ed p\u00edstnice vyroben\u00e1 z materi\u00e1l\u016f odoln\u00fdch proti opot\u0159eben\u00ed, jako je polyuretan a nitrilov\u00e1 pry\u017e.<\/li>\n<li>Trvanlivost: T\u011bleso v\u00e1lce a z\u00e1vitov\u00e9 koncov\u00e9 plochy proch\u00e1zej\u00ed pe\u010dliv\u00fdm o\u0161et\u0159en\u00edm pro zlep\u0161en\u00ed odolnosti proti opot\u0159eben\u00ed.<\/li>\n<li>Bezpe\u010dnost: Bezpe\u010dnostn\u00ed prvky jsou za\u010dlen\u011bny k prevenci nehod a zaji\u0161t\u011bn\u00ed ochrany obsluhy.<\/li>\n<li>\u00dadr\u017eba: Db\u00e1 se na snadnou \u00fadr\u017ebu, v\u010detn\u011b p\u0159\u00edstupu ke komponent\u016fm pro kontrolu, opravu a v\u00fdm\u011bnu.<\/li>\n<\/ol>\n<p><img decoding=\"async\" src=\"https:\/\/www.hydraulic-cylinders.net\/wp-content\/uploads\/2025\/01\/songte-oil-pipes-and-spare-parts.webp\" \/><\/p>\n<h2>T\u011bsn\u011bn\u00ed a maz\u00e1n\u00ed<\/h2>\n<p>Kore\u010dkov\u00fd v\u00e1lec pou\u017e\u00edv\u00e1 r\u016fzn\u00e1 t\u011bsn\u011bn\u00ed, jako jsou p\u00edstn\u00ed t\u011bsn\u011bn\u00ed a t\u011bsn\u011bn\u00ed p\u00edstnice, vyroben\u00e1 z materi\u00e1l\u016f odoln\u00fdch proti opot\u0159eben\u00ed, jako je polyuretan a nitrilov\u00e1 pry\u017e. T\u011bleso v\u00e1lce a z\u00e1vitov\u00e9 koncov\u00e9 plochy jsou precizn\u011b o\u0161et\u0159eny pro zv\u00fd\u0161en\u00ed odolnosti proti opot\u0159eben\u00ed. Pravideln\u00e9 maz\u00e1n\u00ed je nezbytn\u00e9 a pro zaji\u0161t\u011bn\u00ed plynul\u00e9ho provozu by se m\u011blo pravideln\u011b dopl\u0148ovat odpov\u00eddaj\u00edc\u00ed mno\u017estv\u00ed hydraulick\u00e9ho oleje.<\/p>\n<h2>Pravideln\u00e1 kontrola a preventivn\u00ed \u00fadr\u017eba<\/h2>\n<p>Pro zaji\u0161t\u011bn\u00ed optim\u00e1ln\u00edho v\u00fdkonu a dlouh\u00e9 \u017eivotnosti se doporu\u010duje pravideln\u00e1 kontrola a preventivn\u00ed \u00fadr\u017eba:<\/p>\n<ol>\n<li>Zkontrolujte v\u00e1lec, zda nevykazuje zn\u00e1mky opot\u0159eben\u00ed, po\u0161kozen\u00ed nebo net\u011bsnosti.<\/li>\n<li>V\u00e1lec \u0159\u00e1dn\u011b proma\u017ete a ujist\u011bte se, \u017ee v\u0161echny pohybliv\u00e9 \u010d\u00e1sti jsou dob\u0159e namazan\u00e9.<\/li>\n<li>Pravideln\u011b vym\u011b\u0148ujte t\u011bsn\u011bn\u00ed, aby se zachovala jejich t\u011bsnost.<\/li>\n<li>Pro zaji\u0161t\u011bn\u00ed p\u0159esn\u00e9ho provozu prove\u010fte kalibra\u010dn\u00ed kontroly.<\/li>\n<\/ol>\n<p><img decoding=\"async\" src=\"https:\/\/www.hydraulic-cylinders.net\/wp-content\/uploads\/2025\/01\/songte-chushion-collar.webp\" \/><\/p>\n<h2>Bezpe\u010dnostn\u00ed aspekty a faktory prost\u0159ed\u00ed<\/h2>\n<p>P\u0159i pou\u017e\u00edv\u00e1n\u00ed kore\u010dkov\u00fdch v\u00e1lc\u016f jsou bezpe\u010dnostn\u00ed opat\u0159en\u00ed nanejv\u00fd\u0161 d\u016fle\u017eit\u00e1. Obsluha by m\u011bla dodr\u017eovat \u0159\u00e1dn\u00e9 bezpe\u010dnostn\u00ed postupy a pokyny, aby se p\u0159ede\u0161lo nehod\u00e1m a zajistilo bezpe\u010dn\u00e9 pracovn\u00ed prost\u0159ed\u00ed. Je t\u0159eba zohlednit i faktory prost\u0159ed\u00ed, jako je teplota a vystaven\u00ed korozivn\u00edm l\u00e1tk\u00e1m.<\/p>\n<h2>Odstra\u0148ov\u00e1n\u00ed probl\u00e9m\u016f a b\u011b\u017en\u00e9 probl\u00e9my<\/h2>\n<p>Mezi b\u011b\u017en\u00e9 probl\u00e9my, kter\u00e9 se mohou vyskytnout s kore\u010dkov\u00fdmi v\u00e1lci, pat\u0159\u00ed:<\/p>\n<ol>\n<li>Net\u011bsnost: Zkontrolujte, zda nejsou po\u0161kozen\u00e1 t\u011bsn\u011bn\u00ed nebo uvoln\u011bn\u00e1 spojen\u00ed, a podle pot\u0159eby je vym\u011b\u0148te nebo dot\u00e1hn\u011bte.<\/li>\n<li>Pomal\u00fd provoz: Zkontrolujte, zda nen\u00ed nedostate\u010dn\u00fd hydraulick\u00fd tlak nebo omezen\u00fd pr\u016ftok, a odstra\u0148te z\u00e1kladn\u00ed p\u0159\u00ed\u010dinu.<\/li>\n<li>Abnorm\u00e1ln\u00ed hluk: Identifikujte v\u0161echny uvoln\u011bn\u00e9 nebo opot\u0159ebovan\u00e9 sou\u010d\u00e1sti a podnikn\u011bte p\u0159\u00edslu\u0161n\u00e9 kroky k vy\u0159e\u0161en\u00ed probl\u00e9mu.<\/li>\n<\/ol>\n<p>Pro \u0159e\u0161en\u00ed probl\u00e9m\u016f, tipy a \u0159e\u0161en\u00ed je nezbytn\u00e9 diagnostikovat a efektivn\u011b \u0159e\u0161it probl\u00e9my a tak\u00e9 zajistit preventivn\u00ed opat\u0159en\u00ed k minimalizaci potenci\u00e1ln\u00edch probl\u00e9m\u016f.<\/p>\n<p><img decoding=\"async\" src=\"https:\/\/www.hydraulic-cylinders.net\/wp-content\/uploads\/2025\/01\/songte-bushings-with-all-kinds-of-excavator-models.webp\" \/><\/p>\n<p>Nezapome\u0148te \u010dl\u00e1nek logicky uspo\u0159\u00e1dat, pou\u017e\u00edvat podnadpisy pro snadnou navigaci, za\u010dlenit relevantn\u00ed obr\u00e1zky nebo grafy pro lep\u0161\u00ed pochopen\u00ed a zajistit jasn\u00fd a stru\u010dn\u00fd obsah vhodn\u00fd pro \u010dten\u00e1\u0159e s r\u016fznou \u00farovn\u00ed technick\u00fdch znalost\u00ed.<\/p>\n<h2>O na\u0161\u00ed spole\u010dnosti<\/h2>\n<p>Jsme v\u00fdrobcem n\u00e1hradn\u00edch hydraulick\u00fdch v\u00e1lc\u016f a nab\u00edz\u00edme \u0161irokou \u0161k\u00e1lu produkt\u016f. Stali jsme se jedn\u00edm z p\u0159edn\u00edch v\u00fdrobc\u016f a velkoobchodn\u00edch distributor\u016f hydraulick\u00fdch v\u00e1lc\u016f na dom\u00e1c\u00edm i mezin\u00e1rodn\u00edm trhu. Na\u0161e spole\u010dnost se \u0159\u00edd\u00ed principy vynikaj\u00edc\u00ed kvality a spol\u00e9h\u00e1 na strategie \u0159\u00edzen\u00ed pr\u016fmyslov\u00e9 v\u00fdroby v precizn\u011b zpracovan\u00fdch d\u00edln\u00e1ch. Neust\u00e1le vylep\u0161ujeme na\u0161i v\u00fdrobn\u00ed platformu, zdokonalujeme v\u00fdrobn\u00ed postupy pro dosa\u017een\u00ed kvalitn\u00edch produkt\u016f a m\u00e1me siln\u00e9 inova\u010dn\u00ed schopnosti. D\u00edky princip\u016fm vysok\u00e9 efektivity, vysok\u00e9 p\u0159esnosti a vysok\u00e9 kvality uspokojujeme rozmanit\u00e9 pot\u0159eby z\u00e1kazn\u00edk\u016f.<\/p>\n<p><img decoding=\"async\" src=\"https:\/\/www.hydraulic-cylinders.net\/wp-content\/uploads\/2025\/01\/songte-company-3.webp\" \/><\/p>\n<h3>Profesionalita:<\/h3>\n<p>Disponujeme technick\u00fdmi znalostmi, vyu\u017e\u00edv\u00e1me modern\u00ed v\u00fdrobn\u00ed za\u0159\u00edzen\u00ed a profesion\u00e1ln\u00ed testovac\u00ed syst\u00e9my, abychom zajistili nejvy\u0161\u0161\u00ed standardy kvality.<\/p>\n<h3>Mezin\u00e1rodn\u00ed certifikace:<\/h3>\n<p>Z\u00edskali jsme \u0159adu mezin\u00e1rodn\u00edch certifikac\u00ed, kter\u00e9 potvrzuj\u00ed kvalitu a spolehlivost na\u0161ich produkt\u016f.<\/p>\n<h3>Slu\u017eby p\u0159izp\u016fsoben\u00ed:<\/h3>\n<p>Nab\u00edz\u00edme slu\u017eby p\u0159izp\u016fsoben\u00ed specifick\u00fdm po\u017eadavk\u016fm z\u00e1kazn\u00edk\u016f a \u0159e\u0161en\u00ed \u0161it\u00e1 na m\u00edru pro jedine\u010dn\u00e9 aplikace.<\/p>\n<h3>V\u00fdrobn\u00ed za\u0159\u00edzen\u00ed:<\/h3>\n<p>Disponujeme \u0159adou v\u00fdrobn\u00edch za\u0159\u00edzen\u00ed, kter\u00e1 n\u00e1m umo\u017e\u0148uj\u00ed efektivn\u011b a p\u0159esn\u011b vyr\u00e1b\u011bt hydraulick\u00e9 v\u00e1lce.<\/p>\n<h3>Poprodejn\u00ed servis:<\/h3>\n<p>Nab\u00edz\u00edme komplexn\u00ed poprodejn\u00ed servis, v\u010detn\u011b v\u00fdm\u011bny d\u00edl\u016f a repas\u00ed, abychom prodlou\u017eili \u017eivotnost na\u0161ich produkt\u016f.<\/p>\n<p>Autor: lyl<\/p>","protected":false},"excerpt":{"rendered":"<p>Bucket Cylinder For Bobcat Small Excavator E32 Introduction The bucket cylinder for Bobcat small excavator E32 is a specially designed hydraulic cylinder used to control the movement of the bucket in heavy machinery such as excavators, backhoe excavators, and front-end loaders. Its main function is to enable the bucket to lift, lower, and tilt, facilitating [&hellip;]<\/p>","protected":false},"featured_media":14784,"comment_status":"open","ping_status":"closed","template":"","meta":{"_et_pb_use_builder":"","_et_pb_old_content":"","_et_gb_content_width":""},"product_brand":[],"product_cat":[1494],"product_tag":[1495,1496],"class_list":{"0":"post-15691","1":"product","2":"type-product","3":"status-publish","4":"has-post-thumbnail","6":"product_cat-bucket-cylinders","7":"product_tag-bucket-cylinders","8":"product_tag-hydraulic-cylinders","10":"first","11":"instock","12":"shipping-taxable","13":"product-type-simple"},"amp_enabled":true,"_links":{"self":[{"href":"https:\/\/www.hydraulic-cylinders.net\/cs\/wp-json\/wp\/v2\/product\/15691","targetHints":{"allow":["GET"]}}],"collection":[{"href":"https:\/\/www.hydraulic-cylinders.net\/cs\/wp-json\/wp\/v2\/product"}],"about":[{"href":"https:\/\/www.hydraulic-cylinders.net\/cs\/wp-json\/wp\/v2\/types\/product"}],"replies":[{"embeddable":true,"href":"https:\/\/www.hydraulic-cylinders.net\/cs\/wp-json\/wp\/v2\/comments?post=15691"}],"wp:featuredmedia":[{"embeddable":true,"href":"https:\/\/www.hydraulic-cylinders.net\/cs\/wp-json\/wp\/v2\/media\/14784"}],"wp:attachment":[{"href":"https:\/\/www.hydraulic-cylinders.net\/cs\/wp-json\/wp\/v2\/media?parent=15691"}],"wp:term":[{"taxonomy":"product_brand","embeddable":true,"href":"https:\/\/www.hydraulic-cylinders.net\/cs\/wp-json\/wp\/v2\/product_brand?post=15691"},{"taxonomy":"product_cat","embeddable":true,"href":"https:\/\/www.hydraulic-cylinders.net\/cs\/wp-json\/wp\/v2\/product_cat?post=15691"},{"taxonomy":"product_tag","embeddable":true,"href":"https:\/\/www.hydraulic-cylinders.net\/cs\/wp-json\/wp\/v2\/product_tag?post=15691"}],"curies":[{"name":"wp","href":"https:\/\/api.w.org\/{rel}","templated":true}]}}