{"id":15693,"date":"2025-01-19T14:51:10","date_gmt":"2025-01-19T14:51:10","guid":{"rendered":"https:\/\/www.hydraulic-cylinders.net\/product\/bucket-cylinder-for-bobcat-small-excavator-e45\/"},"modified":"2025-01-19T14:51:14","modified_gmt":"2025-01-19T14:51:14","slug":"bucket-cylinder-for-bobcat-small-excavator-e45","status":"publish","type":"product","link":"https:\/\/www.hydraulic-cylinders.net\/cs\/produkt\/bucket-cylinder-for-bobcat-small-excavator-e45\/","title":{"rendered":"V\u00e1lec kore\u010dkov\u00e9ho v\u00e1lce pro mal\u00e9 rypadlo Bobcat E45"},"content":{"rendered":"<h2>Zaveden\u00ed<\/h2>\n<h3>V\u00e1lec kore\u010dkov\u00e9ho v\u00e1lce pro mal\u00e9 rypadlo Bobcat E45<\/h3>\n<p>Hydraulick\u00fd v\u00e1lec kope\u010dku je specializovan\u00fd hydraulick\u00fd v\u00e1lec, kter\u00fd se prim\u00e1rn\u011b pou\u017e\u00edv\u00e1 k ovl\u00e1d\u00e1n\u00ed pohybu kope\u010dk\u016f v t\u011b\u017ek\u00fdch stroj\u00edch, jako jsou bagry, r\u00fdpadla-naklada\u010de a \u010deln\u00ed naklada\u010de. Jeho hlavn\u00ed funkc\u00ed je umo\u017enit zved\u00e1n\u00ed, spou\u0161t\u011bn\u00ed a nakl\u00e1p\u011bn\u00ed kope\u010dku, co\u017e usnad\u0148uje manipulaci s materi\u00e1lem. V hydraulick\u00e9m syst\u00e9mu v\u00e1lec kope\u010dku vyu\u017e\u00edv\u00e1 zm\u011bnu tlaku hydraulick\u00e9ho oleje k p\u0159esn\u00e9mu ovl\u00e1d\u00e1n\u00ed kope\u010dku, co\u017e umo\u017e\u0148uje obsluze efektivn\u011b manipulovat s t\u011b\u017ek\u00fdmi p\u0159edm\u011bty a p\u0159izp\u016fsobovat se slo\u017eit\u00fdm pracovn\u00edm prost\u0159ed\u00edm a rozmanit\u00fdm provozn\u00edm pot\u0159eb\u00e1m.<\/p>\n<p><img decoding=\"async\" src=\"https:\/\/www.hydraulic-cylinders.net\/wp-content\/uploads\/2025\/01\/songte-company-2.webp\"\/><\/p>\n<h2>Funkce<\/h2>\n<ul>\n<li>Vysok\u00e1 pevnost a odolnost: Obvykle je vyroben z vysokopevnostn\u00ed oceli nebo hlin\u00edku, odol\u00e1 vysok\u00e9mu tlaku a t\u011b\u017ek\u00e9mu zat\u00ed\u017een\u00ed, p\u0159izp\u016fsob\u00ed se n\u00e1ro\u010dn\u00e9mu pracovn\u00edmu prost\u0159ed\u00ed a je navr\u017een s ohledem na odolnost proti opot\u0159eben\u00ed a korozi, aby se prodlou\u017eila jeho \u017eivotnost.<\/li>\n<li>Efektivn\u00ed hydraulick\u00fd provoz: Plynul\u00e9ho vysouv\u00e1n\u00ed a zasouv\u00e1n\u00ed je dosa\u017eeno vyu\u017eit\u00edm tlaku hydraulick\u00e9ho oleje, co\u017e umo\u017e\u0148uje rychlou reakci na ovl\u00e1dac\u00ed povely a poskytuje silnou tla\u010dnou\/ta\u017enou s\u00edlu, vhodnou pro manipulaci s t\u011b\u017ek\u00fdmi p\u0159edm\u011bty a slo\u017eit\u00e9 provozn\u00ed \u00fakoly.<\/li>\n<li>R\u016fzn\u00e9 typy: Jedno\u010dinn\u00e9 (hydraulicky ovl\u00e1dan\u00e9 pouze v jednom sm\u011bru) nebo dvoj\u010dinn\u00e9 (hydraulicky ovl\u00e1dan\u00e9 v obou sm\u011brech) v\u00e1lce lze volit podle pot\u0159eb a spl\u0148ovat r\u016fzn\u00e9 provozn\u00ed po\u017eadavky. N\u011bkter\u00e9 modely jsou teleskopick\u00e9, co\u017e umo\u017e\u0148uje v\u011bt\u0161\u00ed v\u00fdsuv bez zv\u011bt\u0161en\u00ed vn\u011bj\u0161\u00edch rozm\u011br\u016f, vhodn\u00e9 pro aplikace s omezen\u00fdm prostorem.<\/li>\n<li>P\u0159\u00edm\u00e1 n\u00e1hrada: N\u00e1\u0161 produkt dok\u00e1\u017ee tyto hydraulick\u00e9 v\u00e1lce dokonale nahradit.<\/li>\n<\/ul>\n<p><img decoding=\"async\" src=\"https:\/\/www.hydraulic-cylinders.net\/wp-content\/uploads\/2025\/01\/songte-cylinder-head-with-all-kinds-excavator-models.webp\"\/><\/p>\n<h2>Aplikace<\/h2>\n<p>Kore\u010dkov\u00fd v\u00e1lec se pou\u017e\u00edv\u00e1 hlavn\u011b v n\u00e1sleduj\u00edc\u00edch aplikac\u00edch:<\/p>\n<ul>\n<li>Stavebn\u00ed stroje: U bagr\u016f jsou nezbytn\u00e9 pro kop\u00e1n\u00ed, nakl\u00e1d\u00e1n\u00ed a p\u0159emis\u0165ov\u00e1n\u00ed zeminy nebo suti. U r\u00fdpadel s r\u00fdpadly pom\u00e1h\u00e1 v\u00e1lec kore\u010dkov\u00e9ho v\u00e1lce jak p\u0159i kop\u00e1n\u00ed, tak p\u0159i zved\u00e1n\u00ed. U \u010deln\u00edch naklada\u010d\u016f \u00fa\u010dinn\u011b pom\u00e1haj\u00ed p\u0159i zved\u00e1n\u00ed a nakl\u00e1p\u011bn\u00ed zbo\u017e\u00ed.<\/li>\n<li>Zem\u011bd\u011blsk\u00e9 stroje: Pou\u017e\u00edvaj\u00ed se v \u010deln\u00edch naklada\u010d\u00edch pro nab\u00edr\u00e1n\u00ed, zved\u00e1n\u00ed a p\u0159epravu zeminy, sena a dal\u0161\u00edch materi\u00e1l\u016f, bagry: V\u00e1lec l\u017e\u00edce dosahuje kop\u00e1n\u00ed t\u00edm, \u017ee umo\u017e\u0148uje l\u017e\u00edci proniknout do p\u016fdy. <\/li>\n<\/ul>\n<p>N\u00ed\u017ee uv\u00e1d\u00edme n\u011bkolik konkr\u00e9tn\u00edch p\u0159\u00edklad\u016f pou\u017eit\u00ed kore\u010dkov\u00fdch v\u00e1lc\u016f v t\u011bchto aplikac\u00edch:<\/p>\n<ul>\n<li>Stavebn\u00ed stroje: V\u00e1lec kore\u010dky se v bagrech pou\u017e\u00edv\u00e1 ke zved\u00e1n\u00ed a nakl\u00e1p\u011bn\u00ed kore\u010dky, co\u017e umo\u017e\u0148uje lep\u0161\u00ed p\u0159esnost a kontrolu p\u0159i manipulaci s materi\u00e1lem. U r\u00fdpadel s r\u00fdpadly pom\u00e1h\u00e1 v\u00e1lec kore\u010dky p\u0159i kop\u00e1n\u00ed i zved\u00e1n\u00ed. U \u010deln\u00edch naklada\u010d\u016f pom\u00e1h\u00e1 v\u00e1lec kore\u010dky efektivn\u011b zvedat a nakl\u00e1n\u011bt zbo\u017e\u00ed.<\/li>\n<li>Zem\u011bd\u011blsk\u00e9 stroje: U \u010deln\u00edch naklada\u010d\u016f pom\u00e1h\u00e1 v\u00e1lec l\u017e\u00edce s nab\u00edr\u00e1n\u00edm, zved\u00e1n\u00edm a p\u0159epravou p\u016fdy, sena a dal\u0161\u00edch materi\u00e1l\u016f. U bagr\u016f dosahuje v\u00e1lec l\u017e\u00edce ryc\u00edho \u00fa\u010dinku t\u00edm, \u017ee umo\u017e\u0148uje l\u017e\u00edci proniknout do p\u016fdy.<\/li>\n<\/ul>\n<h2>Konstruk\u010dn\u00ed aspekty a krit\u00e9ria v\u00fdb\u011bru<\/h2>\n<p>P\u0159i v\u00fdb\u011bru kore\u010dkov\u00fdch v\u00e1lc\u016f je nezbytn\u00e9 v\u011bnovat pozornost n\u00e1sleduj\u00edc\u00edm konstruk\u010dn\u00edm aspekt\u016fm a krit\u00e9ri\u00edm v\u00fdb\u011bru:<\/p>\n<ul>\n<li>\u00danosnost: V\u00e1lec mus\u00ed b\u00fdt schopen odolat specifikovan\u00e9mu zat\u00ed\u017een\u00ed a sil\u00e1m.<\/li>\n<li>T\u011bsnic\u00ed vlastnosti: Dobr\u00e9 ut\u011bsn\u011bn\u00ed je nezbytn\u00e9 pro zabr\u00e1n\u011bn\u00ed \u00faniku oleje a po\u0161kozen\u00ed v\u00e1lce.<\/li>\n<li>Trvanlivost: V\u00e1lec by m\u011bl b\u00fdt schopen odolat n\u00e1ro\u010dn\u00fdm podm\u00ednk\u00e1m n\u00e1ro\u010dn\u00e9ho pou\u017e\u00edv\u00e1n\u00ed a drsn\u00e9mu prost\u0159ed\u00ed.<\/li>\n<li>Bezpe\u010dnost: Mus\u00ed b\u00fdt instalov\u00e1ny bezpe\u010dnostn\u00ed prvky, aby se zabr\u00e1nilo nehod\u00e1m nebo zran\u011bn\u00edm b\u011bhem provozu.<\/li>\n<li>\u00dadr\u017eba: V\u00e1lec by m\u011bl b\u00fdt snadno udr\u017eovateln\u00fd a opravovateln\u00fd, aby se minimalizovaly prostoje a sn\u00ed\u017eily n\u00e1klady.<\/li>\n<\/ul>\n<p><img decoding=\"async\" src=\"https:\/\/www.hydraulic-cylinders.net\/wp-content\/uploads\/2025\/01\/songte-oil-pipes-and-spare-parts.webp\"\/><\/p>\n<h2>T\u011bsn\u011bn\u00ed a maz\u00e1n\u00ed<\/h2>\n<p>Kore\u010dkov\u00fd v\u00e1lec pou\u017e\u00edv\u00e1 r\u016fzn\u00e1 t\u011bsn\u011bn\u00ed, jako jsou p\u00edstn\u00ed t\u011bsn\u011bn\u00ed a t\u011bsn\u011bn\u00ed p\u00edstnice, vyroben\u00e1 z materi\u00e1l\u016f odoln\u00fdch proti opot\u0159eben\u00ed, jako je polyuretan a nitrilov\u00fd kau\u010duk, aby bylo zaji\u0161t\u011bno dobr\u00e9 ut\u011bsn\u011bn\u00ed. T\u011bleso v\u00e1lce a z\u00e1vitov\u00fd povrch jsou jemn\u011b opracov\u00e1ny pro zlep\u0161en\u00ed odolnosti proti opot\u0159eben\u00ed. Pravideln\u00e9 p\u0159id\u00e1v\u00e1n\u00ed vhodn\u00e9ho mno\u017estv\u00ed hydraulick\u00e9ho oleje k maz\u00e1n\u00ed v\u00e1lce m\u016f\u017ee pomoci prodlou\u017eit jeho \u017eivotnost.<\/p>\n<h2>\u00dadr\u017eba a odstra\u0148ov\u00e1n\u00ed probl\u00e9m\u016f<\/h2>\n<p>Regular maintenance is vital to ensure the proper functioning of bucket cylinders. Common maintenance tasks include regular inspections, lubrication, seal replacement, and calibration checks. Proper installation, lubrication, and adjustment are essential to ensure the bucket cylinder&#8217;s safe and effective operation. It is recommended to use appropriate installation brackets to fix the cylinder in place. Recommended procedures for inspection, repair, and replacement of components are also provided to improve the bucket cylinder&#8217;s service life. <\/p>\n<p><img decoding=\"async\" src=\"https:\/\/www.hydraulic-cylinders.net\/wp-content\/uploads\/2025\/01\/songte-chushion-collar.webp\"\/><\/p>\n<h2>Bezpe\u010dnostn\u00ed aspekty a faktory prost\u0159ed\u00ed<\/h2>\n<p>When using bucket cylinders, it is crucial to follow safety guidelines to prevent accidents and injury. Safety features such as pressure relief valves must be in place to prevent overloading and reduce the risk of cylinder failure. Environmental factors such as temperature and moisture must also be considered, and appropriate measures taken to ensure the cylinder&#8217;s safe operation in these conditions.<\/p>\n<p><img decoding=\"async\" src=\"https:\/\/hzpt.com\/wp-content\/uploads\/2024\/11\/songte-company-1.webp\"\/><\/p>\n<h2>O n\u00e1s<\/h2>\n<p>Jsme v\u00fdrobcem n\u00e1hradn\u00edch hydraulick\u00fdch v\u00e1lc\u016f s kompletn\u00ed nab\u00eddkou typ\u016f produkt\u016f. Stali jsme se jedn\u00edm z p\u0159edn\u00edch v\u00fdrobc\u016f a velkoobchodn\u00edch distributor\u016f hydraulick\u00fdch v\u00e1lc\u016f na dom\u00e1c\u00edm i mezin\u00e1rodn\u00edm trhu. Na\u0161e spole\u010dnost se \u0159\u00edd\u00ed principem excelence v kvalit\u011b a spol\u00e9h\u00e1 na strategii industrializovan\u00e9ho \u0159\u00edzen\u00ed v\u00fdroby v r\u00e1mci sofistikovan\u00e9 v\u00fdrobn\u00ed d\u00edlny. Neust\u00e1le vylep\u0161ujeme na\u0161i v\u00fdrobn\u00ed platformu v d\u00edln\u011b s vyu\u017eit\u00edm technick\u00fdch talent\u016f, \u0161pi\u010dkov\u00e9ho digit\u00e1ln\u00edho v\u00fdrobn\u00edho za\u0159\u00edzen\u00ed a profesion\u00e1ln\u00edch testovac\u00edch syst\u00e9m\u016f, abychom zlep\u0161ili kvalitu na\u0161ich v\u00fdrobk\u016f. M\u00e1me silnou v\u00fdrobn\u00ed kapacitu, abychom splnili rozmanit\u00e9 pot\u0159eby z\u00e1kazn\u00edk\u016f s vyu\u017eit\u00edm princip\u016f vysok\u00e9 efektivity, vysok\u00e9 p\u0159esnosti a vysok\u00e9 kvality.<\/p>\n<p>Na\u0161e spole\u010dnost nab\u00edz\u00ed profesion\u00e1ln\u00ed slu\u017eby, mezin\u00e1rodn\u00ed certifikace, zak\u00e1zkov\u00e9 v\u00fdrobn\u00ed slu\u017eby, modern\u00ed v\u00fdrobn\u00ed za\u0159\u00edzen\u00ed a poprodejn\u00ed servis. <\/p>\n<p><img decoding=\"async\" src=\"https:\/\/www.hydraulic-cylinders.net\/wp-content\/uploads\/2025\/01\/songte-company-3.webp\"\/><\/p>\n<p>Autor: lyl.<\/p>","protected":false},"excerpt":{"rendered":"<p>Introduction Bucket Cylinder For Bobcat Small Excavator E45 A bucket cylinder is a specialized hydraulic cylinder primarily used to control the movement of buckets in heavy machinery such as excavators, backhoe excavators, and front loaders. Its main function is to enable the bucket to be lifted, lowered, and tilted, making material handling tasks easier. In [&hellip;]<\/p>","protected":false},"featured_media":14780,"comment_status":"open","ping_status":"closed","template":"","meta":{"_et_pb_use_builder":"","_et_pb_old_content":"","_et_gb_content_width":""},"product_brand":[],"product_cat":[1494],"product_tag":[1495,1496],"class_list":{"0":"post-15693","1":"product","2":"type-product","3":"status-publish","4":"has-post-thumbnail","6":"product_cat-bucket-cylinders","7":"product_tag-bucket-cylinders","8":"product_tag-hydraulic-cylinders","10":"first","11":"instock","12":"shipping-taxable","13":"product-type-simple"},"amp_enabled":true,"_links":{"self":[{"href":"https:\/\/www.hydraulic-cylinders.net\/cs\/wp-json\/wp\/v2\/product\/15693","targetHints":{"allow":["GET"]}}],"collection":[{"href":"https:\/\/www.hydraulic-cylinders.net\/cs\/wp-json\/wp\/v2\/product"}],"about":[{"href":"https:\/\/www.hydraulic-cylinders.net\/cs\/wp-json\/wp\/v2\/types\/product"}],"replies":[{"embeddable":true,"href":"https:\/\/www.hydraulic-cylinders.net\/cs\/wp-json\/wp\/v2\/comments?post=15693"}],"wp:featuredmedia":[{"embeddable":true,"href":"https:\/\/www.hydraulic-cylinders.net\/cs\/wp-json\/wp\/v2\/media\/14780"}],"wp:attachment":[{"href":"https:\/\/www.hydraulic-cylinders.net\/cs\/wp-json\/wp\/v2\/media?parent=15693"}],"wp:term":[{"taxonomy":"product_brand","embeddable":true,"href":"https:\/\/www.hydraulic-cylinders.net\/cs\/wp-json\/wp\/v2\/product_brand?post=15693"},{"taxonomy":"product_cat","embeddable":true,"href":"https:\/\/www.hydraulic-cylinders.net\/cs\/wp-json\/wp\/v2\/product_cat?post=15693"},{"taxonomy":"product_tag","embeddable":true,"href":"https:\/\/www.hydraulic-cylinders.net\/cs\/wp-json\/wp\/v2\/product_tag?post=15693"}],"curies":[{"name":"wp","href":"https:\/\/api.w.org\/{rel}","templated":true}]}}