{"id":15696,"date":"2025-01-19T14:51:25","date_gmt":"2025-01-19T14:51:25","guid":{"rendered":"https:\/\/www.hydraulic-cylinders.net\/product\/bucket-cylinder-for-bobcat-small-excavator-e418\/"},"modified":"2025-01-19T14:51:27","modified_gmt":"2025-01-19T14:51:27","slug":"bucket-cylinder-for-bobcat-small-excavator-e418","status":"publish","type":"product","link":"https:\/\/www.hydraulic-cylinders.net\/cs\/produkt\/bucket-cylinder-for-bobcat-small-excavator-e418\/","title":{"rendered":"V\u00e1lec kore\u010dkov\u00e9ho v\u00e1lce pro mal\u00e9 rypadlo Bobcat E418"},"content":{"rendered":"<h1>V\u00e1lec kore\u010dkov\u00e9ho v\u00e1lce pro mal\u00e9 rypadlo Bobcat E418<\/h1>\n<h2>Zaveden\u00ed<\/h2>\n<p>The bucket cylinder for Bobcat small excavator E418 is a specially designed hydraulic cylinder primarily used to control the movement of the bucket in heavy machinery such as excavators, backhoe excavators, and front-end loaders. Its main function is to allow the bucket to lift, lower, and tilt, making it easier to handle a variety of material handling tasks. In the hydraulic system, the bucket cylinder controls the bucket&#8217;s precise movement by changing the pressure of the hydraulic oil, enabling operators to efficiently handle heavy loads and adapt to complex work environments and diverse job requirements.<\/p>\n<p><img decoding=\"async\" src=\"https:\/\/www.hydraulic-cylinders.net\/wp-content\/uploads\/2025\/01\/songte-company-2.webp\" alt=\"Kbel\u00edkov\u00fd v\u00e1lec\" \/><\/p>\n<h2>Funkce<\/h2>\n<ul>\n<li>Vysok\u00e1 pevnost a trvanlivost: Obvykle jsou vyrobeny z vysokopevnostn\u00ed oceli nebo hlin\u00edku, schopn\u00e9 odolat vysok\u00e9mu tlaku a t\u011b\u017ek\u00e9mu zat\u00ed\u017een\u00ed a navr\u017eeny s ohledem na odolnost proti opot\u0159eben\u00ed a korozi, \u010d\u00edm\u017e se prodlu\u017euje \u017eivotnost.<\/li>\n<li>Efektivn\u00ed hydraulick\u00fd provoz: Plynul\u00e9 roztahovac\u00ed a smr\u0161\u0165ovac\u00ed pohyby jsou dosa\u017eeny pomoc\u00ed tlaku hydraulick\u00e9ho oleje, co\u017e umo\u017e\u0148uje rychlou reakci na ovl\u00e1dac\u00ed povely, poskytuje siln\u00e9 tla\u010dn\u00e9 a ta\u017en\u00e9 s\u00edly a je ide\u00e1ln\u00ed pro manipulaci s t\u011b\u017ek\u00fdmi b\u0159emeny a slo\u017eit\u00fdmi pracovn\u00edmi \u00fakoly.<\/li>\n<li>R\u016fzn\u00e9 typy: Vyberte si mezi jedno\u010dinn\u00fdmi (hydraulick\u00fd pohon se pou\u017e\u00edv\u00e1 pouze v jednom sm\u011bru) nebo dvoj\u010dinn\u00fdmi (hydraulick\u00fd pohon se pou\u017e\u00edv\u00e1 v obou sm\u011brech) v\u00e1lci, dle provozn\u00edch po\u017eadavk\u016f. N\u011bkter\u00e9 modely jsou teleskopick\u00e9, co\u017e umo\u017e\u0148uje v\u011bt\u0161\u00ed v\u00fdsuv bez zv\u011bt\u0161en\u00ed vn\u011bj\u0161\u00edch rozm\u011br\u016f, vhodn\u00e9 pro aplikace s omezen\u00fdm prostorem.<\/li>\n<li>P\u0159izp\u016fsobiteln\u00e9: Na\u0161e produkty lze p\u0159izp\u016fsobit va\u0161im specifick\u00fdm pot\u0159eb\u00e1m a mohou nahradit podobn\u00e9 hydraulick\u00e9 v\u00e1lce od jin\u00fdch v\u00fdrobc\u016f.<\/li>\n<\/ul>\n<p><img decoding=\"async\" src=\"https:\/\/www.hydraulic-cylinders.net\/wp-content\/uploads\/2025\/01\/songte-cylinder-head-with-all-kinds-excavator-models.webp\" alt=\"P\u0159izp\u016fsobiteln\u00fd kbel\u00edkov\u00fd v\u00e1lec\" \/><\/p>\n<h2>Aplikace<\/h2>\n<p>Kore\u010dkov\u00fd v\u00e1lec nach\u00e1z\u00ed uplatn\u011bn\u00ed v r\u016fzn\u00fdch aplikac\u00edch:<\/p>\n<ul>\n<li>Stavebn\u00ed stroje: U bagr\u016f jsou nezbytn\u00e9 pro kop\u00e1n\u00ed, nakl\u00e1d\u00e1n\u00ed a p\u0159emis\u0165ov\u00e1n\u00ed zeminy nebo suti. U r\u00fdpadel s r\u00fdpadly pom\u00e1h\u00e1 v\u00e1lec kore\u010dkov\u00e9ho v\u00e1lce jak p\u0159i kop\u00e1n\u00ed, tak p\u0159i zved\u00e1n\u00ed. <\/li>\n<li>Zem\u011bd\u011blsk\u00e9 stroje: Pou\u017e\u00edvaj\u00ed se v \u010deln\u00edch naklada\u010d\u00edch a pom\u00e1haj\u00ed p\u0159i zved\u00e1n\u00ed a vysyp\u00e1v\u00e1n\u00ed zeminy, sena a dal\u0161\u00edch materi\u00e1l\u016f. U bagr\u016f umo\u017e\u0148uje v\u00e1lec l\u017e\u00edce kop\u00e1n\u00ed t\u00edm, \u017ee umo\u017e\u0148uje l\u017e\u00edci proniknout do p\u016fdy. <\/li>\n<li>Naklada\u010d: U \u010deln\u00edch naklada\u010d\u016f pom\u00e1haj\u00ed s efektivn\u00edm zved\u00e1n\u00edm a vykl\u00e1dkou zbo\u017e\u00ed.<\/li>\n<\/ul>\n<p>Ka\u017ed\u00e1 aplikace je podrobn\u011b pops\u00e1na n\u00ed\u017ee:<\/p>\n<h3>Stavebn\u00ed stroje<\/h3>\n<p>V\u00e1lec l\u017e\u00edce hraje kl\u00ed\u010dovou roli v hladk\u00e9m provozu rypadel. P\u0159i kop\u00e1n\u00ed v\u00e1lec l\u017e\u00edce pom\u00e1h\u00e1 s snadn\u00fdm pronik\u00e1n\u00edm do p\u016fdy, zved\u00e1n\u00edm a vysyp\u00e1v\u00e1n\u00edm zeminy a suti. U r\u00fdpadel typu \u201ebagr\u201c v\u00e1lec pom\u00e1h\u00e1 p\u0159i kop\u00e1n\u00ed a zved\u00e1n\u00ed a usnad\u0148uje nakl\u00e1d\u00e1n\u00ed a p\u0159epravu materi\u00e1lu.<\/p>\n<h3>Zem\u011bd\u011blsk\u00e9 stroje<\/h3>\n<p>V\u00e1lce kore\u010dk\u016f na \u010deln\u00edch naklada\u010d\u00edch zem\u011bd\u011blsk\u00fdch stroj\u016f pom\u00e1haj\u00ed efektivn\u011b zvedat a vykl\u00e1dat materi\u00e1ly, jako je zemina, seno, krmivo a dal\u0161\u00ed zem\u011bd\u011blsk\u00e9 produkty. U bagr\u016f pou\u017e\u00edvan\u00fdch v zem\u011bd\u011blstv\u00ed umo\u017e\u0148uje v\u00e1lec kore\u010dk\u016f kop\u00e1n\u00ed t\u00edm, \u017ee umo\u017e\u0148uje kore\u010dce snadno proniknout do p\u016fdy.<\/p>\n<h3>Naklada\u010d<\/h3>\n<p>V\u00e1lec kope\u010dku v \u010deln\u00edch naklada\u010d\u00edch pom\u00e1h\u00e1 s efektivn\u00edm zved\u00e1n\u00edm a vykl\u00e1p\u011bn\u00edm zbo\u017e\u00ed, co\u017e je ide\u00e1ln\u00ed pro nakl\u00e1d\u00e1n\u00ed a vykl\u00e1d\u00e1n\u00ed t\u011b\u017ek\u00fdch materi\u00e1l\u016f.<\/p>\n<p><img decoding=\"async\" src=\"https:\/\/www.hydraulic-cylinders.net\/wp-content\/uploads\/2025\/01\/songte-bushings-with-all-kinds-of-excavator-models.webp\" alt=\"V\u00e1lec kore\u010dkov\u00e9ho v\u00e1lce v provozu\" \/><\/p>\n<h2>Konstruk\u010dn\u00ed aspekty a krit\u00e9ria v\u00fdb\u011bru<\/h2>\n<p>When selecting a bucket cylinder, several factors should be taken into account, such as the cylinder&#8217;s load-carrying capacity, sealing, durability, safety, and maintainability. <\/p>\n<ul>\n<li>Nosnost: V\u00e1lec kore\u010dkov\u00e9ho v\u00e1lce mus\u00ed b\u00fdt schopen zvl\u00e1dnout o\u010dek\u00e1van\u00e9 zat\u00ed\u017een\u00ed bez ohnut\u00ed nebo zlomen\u00ed, v z\u00e1vislosti na aplikaci.<\/li>\n<li>T\u011bsn\u011bn\u00ed: V\u00e1lec l\u017e\u00edce mus\u00ed b\u00fdt dostate\u010dn\u011b ut\u011bsn\u011bn, aby se zabr\u00e1nilo \u00faniku hydraulick\u00e9 kapaliny a kontaminaci \u017eivotn\u00edho prost\u0159ed\u00ed.<\/li>\n<li>Trvanlivost: V\u00e1lec kore\u010dkov\u00e9ho v\u00e1lce mus\u00ed b\u00fdt vyroben z odoln\u00fdch materi\u00e1l\u016f, aby odolal n\u00e1ro\u010dn\u00e9mu provozn\u00edmu prost\u0159ed\u00ed a prodlou\u017eil tak jeho \u017eivotnost.<\/li>\n<li>Bezpe\u010dnost: V\u00e1lec kore\u010dkov\u00e9ho v\u00e1lce mus\u00ed b\u00fdt navr\u017een tak, aby byla zaji\u0161t\u011bna bezpe\u010dnost obsluhy a osob v bl\u00edzkosti za\u0159\u00edzen\u00ed.<\/li>\n<li>\u00dadr\u017eba: V\u00e1lec kore\u010dkov\u00e9ho v\u00e1lce mus\u00ed b\u00fdt navr\u017een tak, aby umo\u017e\u0148oval snadnou \u00fadr\u017ebu, v\u010detn\u011b v\u00fdm\u011bny t\u011bsn\u011bn\u00ed, \u010di\u0161t\u011bn\u00ed a maz\u00e1n\u00ed.<\/li>\n<\/ul>\n<p><img decoding=\"async\" src=\"https:\/\/www.hydraulic-cylinders.net\/wp-content\/uploads\/2025\/01\/songte-oil-pipes-and-spare-parts.webp\" alt=\"N\u00e1hradn\u00ed d\u00edly pro v\u00e1lec kore\u010dk\u016f\" \/><\/p>\n<h2>T\u011bsn\u011bn\u00ed a maz\u00e1n\u00ed<\/h2>\n<p>Kore\u010dkov\u00fd v\u00e1lec pou\u017e\u00edv\u00e1 r\u016fzn\u00e1 t\u011bsn\u011bn\u00ed, jako jsou p\u00edstn\u00ed t\u011bsn\u011bn\u00ed a t\u011bsn\u011bn\u00ed p\u00edstnice, vyroben\u00e1 z materi\u00e1l\u016f odoln\u00fdch proti opot\u0159eben\u00ed, jako je polyuretan a nitrilov\u00fd kau\u010duk, aby bylo zaji\u0161t\u011bno spr\u00e1vn\u00e9 ut\u011bsn\u011bn\u00ed a zabr\u00e1nilo se \u00faniku oleje. T\u011bleso v\u00e1lce a z\u00e1vitov\u00e9 koncov\u00e9 plochy jsou jemn\u011b opracov\u00e1ny pro zlep\u0161en\u00ed odolnosti proti opot\u0159eben\u00ed. Pravideln\u00e9 vst\u0159ikov\u00e1n\u00ed hydraulick\u00e9ho oleje je nutn\u00e9 pro maz\u00e1n\u00ed a prevenci opot\u0159eben\u00ed st\u011bny v\u00e1lce a p\u00edstu.<\/p>\n<h2>\u00dadr\u017eba a opravy<\/h2>\n<p>Regular inspection and preventive maintenance of the bucket cylinder are essential to ensure the cylinder&#8217;s optimal performance while preventing costly downtime and repairs. Regular inspection, appropriate lubrication, and calibration checks are among the most common maintenance tasks. Proper installation, lubrication, and adjustment are crucial, and proper alignment of the cylinder is essential. Proper installation brackets should be used to secure the cylinder in place. Recommended inspection, repair, and replacement procedures are provided to improve the bucket cylinder&#8217;s lifespan. <\/p>\n<p><img decoding=\"async\" src=\"https:\/\/www.hydraulic-cylinders.net\/wp-content\/uploads\/2025\/01\/songte-chushion-collar.webp\" alt=\"\u00dadr\u017eba a opravy v\u00e1lc\u016f kore\u010dk\u016f\" \/><\/p>\n<h2>Bezpe\u010dnostn\u00ed aspekty a faktory prost\u0159ed\u00ed<\/h2>\n<p>P\u0159i pou\u017e\u00edv\u00e1n\u00ed kore\u010dkov\u00fdch v\u00e1lc\u016f je z\u00e1sadn\u00ed dodr\u017eovat bezpe\u010dnostn\u00ed opat\u0159en\u00ed, nap\u0159\u00edklad zabr\u00e1nit tomu, aby byli pracovn\u00edci b\u011bhem provozu zasa\u017eeni kore\u010dkov\u00fdm v\u00e1lcem. Aby se zabr\u00e1nilo kontaminaci \u017eivotn\u00edho prost\u0159ed\u00ed, je nutn\u00e9 dodr\u017eovat \u0159\u00e1dnou likvidaci hydraulick\u00e9ho oleje a dal\u0161\u00edch nebezpe\u010dn\u00fdch materi\u00e1l\u016f.<\/p>\n<h2>Diagnostika a odstra\u0148ov\u00e1n\u00ed z\u00e1vad<\/h2>\n<p>Mezi b\u011b\u017en\u00e9 probl\u00e9my s v\u00e1lci kore\u010dk\u016f m\u016f\u017ee pat\u0159it \u00fanik oleje, pomal\u00fd provoz nebo sn\u00ed\u017een\u00fd v\u00fdkon. Pravideln\u00e1 kontrola, preventivn\u00ed \u00fadr\u017eba a rychl\u00e1 oprava jsou nezbytn\u00e9 k p\u0159edch\u00e1zen\u00ed t\u011bmto probl\u00e9m\u016fm. Pokud se vyskytnou probl\u00e9my, je mo\u017en\u00e9 je \u0159e\u0161it identifikac\u00ed hlavn\u00ed p\u0159\u00ed\u010diny probl\u00e9mu a n\u00e1slednou opravou nebo v\u00fdm\u011bnou vadn\u00fdch d\u00edl\u016f.<\/p>\n<p><img decoding=\"async\" src=\"https:\/\/hzpt.com\/wp-content\/uploads\/2024\/11\/songte-company-1.webp\" alt=\"Odstra\u0148ov\u00e1n\u00ed probl\u00e9m\u016f s v\u00e1lcem l\u017e\u00edce\" \/><\/p>\n<h2>O n\u00e1s<\/h2>\n<p>Jsme v\u00fdrobcem hydraulick\u00fdch v\u00e1lc\u016f, kter\u00fd vyr\u00e1b\u00ed kompletn\u00ed sortiment produkt\u016f a stali jsme se jedn\u00edm z p\u0159edn\u00edch v\u00fdrobc\u016f a velkoobchodn\u00edch distributor\u016f hydraulick\u00fdch v\u00e1lc\u016f na dom\u00e1c\u00edm i mezin\u00e1rodn\u00edm trhu. Sledujeme strategii vynikaj\u00edc\u00ed kvality a spol\u00e9h\u00e1me se na \u0159\u00edzen\u00ed pr\u016fmyslov\u00e9 v\u00fdroby v jemn\u00fdch v\u00fdrobn\u00edch d\u00edln\u00e1ch. Neust\u00e1le zlep\u0161ujeme platformu d\u00edlensk\u00e9 v\u00fdroby, zlep\u0161ujeme v\u00fdrobn\u00ed linky pro kvalitu produkt\u016f a m\u00e1me siln\u00e9 v\u00fdrobn\u00ed kapacity, abychom uspokojili rozmanit\u00e9 pot\u0159eby z\u00e1kazn\u00edk\u016f s vysokou efektivitou, vysokou p\u0159esnost\u00ed a principy vysok\u00e9 kvality. <\/p>\n<p>Na\u0161e spole\u010dnost nab\u00edz\u00ed odborn\u00e9 znalosti, mezin\u00e1rodn\u00ed certifikace, slu\u017eby na m\u00edru, v\u00fdrobn\u00ed za\u0159\u00edzen\u00ed a poprodejn\u00ed servis. <\/p>\n<p><img decoding=\"async\" src=\"https:\/\/www.hydraulic-cylinders.net\/wp-content\/uploads\/2025\/01\/songte-company-3.webp\" alt=\"O n\u00e1s\" \/><\/p>\n<p>Autor: lyl<\/p>","protected":false},"excerpt":{"rendered":"<p>Bucket Cylinder For Bobcat Small Excavator E418 Introduction The bucket cylinder for Bobcat small excavator E418 is a specially designed hydraulic cylinder primarily used to control the movement of the bucket in heavy machinery such as excavators, backhoe excavators, and front-end loaders. Its main function is to allow the bucket to lift, lower, and tilt, [&hellip;]<\/p>","protected":false},"featured_media":14773,"comment_status":"open","ping_status":"closed","template":"","meta":{"_et_pb_use_builder":"","_et_pb_old_content":"","_et_gb_content_width":""},"product_brand":[],"product_cat":[1494],"product_tag":[1495,1496],"class_list":{"0":"post-15696","1":"product","2":"type-product","3":"status-publish","4":"has-post-thumbnail","6":"product_cat-bucket-cylinders","7":"product_tag-bucket-cylinders","8":"product_tag-hydraulic-cylinders","10":"first","11":"instock","12":"shipping-taxable","13":"product-type-simple"},"amp_enabled":true,"_links":{"self":[{"href":"https:\/\/www.hydraulic-cylinders.net\/cs\/wp-json\/wp\/v2\/product\/15696","targetHints":{"allow":["GET"]}}],"collection":[{"href":"https:\/\/www.hydraulic-cylinders.net\/cs\/wp-json\/wp\/v2\/product"}],"about":[{"href":"https:\/\/www.hydraulic-cylinders.net\/cs\/wp-json\/wp\/v2\/types\/product"}],"replies":[{"embeddable":true,"href":"https:\/\/www.hydraulic-cylinders.net\/cs\/wp-json\/wp\/v2\/comments?post=15696"}],"wp:featuredmedia":[{"embeddable":true,"href":"https:\/\/www.hydraulic-cylinders.net\/cs\/wp-json\/wp\/v2\/media\/14773"}],"wp:attachment":[{"href":"https:\/\/www.hydraulic-cylinders.net\/cs\/wp-json\/wp\/v2\/media?parent=15696"}],"wp:term":[{"taxonomy":"product_brand","embeddable":true,"href":"https:\/\/www.hydraulic-cylinders.net\/cs\/wp-json\/wp\/v2\/product_brand?post=15696"},{"taxonomy":"product_cat","embeddable":true,"href":"https:\/\/www.hydraulic-cylinders.net\/cs\/wp-json\/wp\/v2\/product_cat?post=15696"},{"taxonomy":"product_tag","embeddable":true,"href":"https:\/\/www.hydraulic-cylinders.net\/cs\/wp-json\/wp\/v2\/product_tag?post=15696"}],"curies":[{"name":"wp","href":"https:\/\/api.w.org\/{rel}","templated":true}]}}